{"id":14126,"date":"2020-07-20T08:54:27","date_gmt":"2020-07-20T08:54:27","guid":{"rendered":"https:\/\/redfoxlotto.com\/?page_id=14126"},"modified":"2023-05-24T17:56:13","modified_gmt":"2023-05-24T17:56:13","slug":"mega-sena","status":"publish","type":"page","link":"https:\/\/redfoxlotto.com\/tr\/loto\/mega-sena\/","title":{"rendered":"Mega Sena hakk\u0131nda"},"content":{"rendered":"<h2 class=\"wp-block-heading\">Mega Sena Brezilya i\u00e7in \u00c7evrimi\u00e7i Bilet Sat\u0131n Al\u0131n<\/h2><p><img loading=\"lazy\" decoding=\"async\" class=\" wp-image alignright\" src=\"https:\/\/content.redfoxlotto.com\/uploads\/sites\/9\/1_winning_numbers_lottery.jpg\" alt=\"Mega Sena\" width=\"203\" height=\"173\" \/><\/p><p>Mega Sena Brezilya i\u00e7in online bilet almaya haz\u0131r m\u0131s\u0131n\u0131z? \u00d6yleyse do\u011fru yerdesiniz. RedFoxLotto.com&#8217;da bir hesap olu\u015fturman\u0131z gerekti\u011fi i\u00e7in bunu yapmak ger\u00e7ekten \u00e7ok kolay.<\/p><!--more--><h2 class=\"wp-block-heading\">Numaralar\u0131n\u0131z\u0131 Se\u00e7me<\/h2><p><img decoding=\"async\" class=\"size-full wp-image alignright\" src=\"https:\/\/content.redfoxlotto.com\/uploads\/sites\/9\/1_buy_lottery_ticket_online1.jpg\" alt=\"\u00e7evrimi\u00e7i bilet sat\u0131n al\u0131n\"><\/p><p>Say\u0131lar\u0131n\u0131z\u0131n t\u00fcm\u00fc 1&#8217;den 60&#8217;a kadar olmal\u0131d\u0131r. B\u00fcy\u00fck ikramiyeyi kazanmak i\u00e7in \u00e7ekilen 6 say\u0131n\u0131n t\u00fcm\u00fcn\u00fc e\u015fle\u015ftirmeniz gerekir, ancak 4 veya 5 say\u0131y\u0131 e\u015fle\u015ftirerek daha k\u00fc\u00e7\u00fck \u00f6d\u00fcller kazanabilirsiniz.<\/p><h2 class=\"wp-block-heading\">Biletlerinizi Sat\u0131n Alma<\/h2><p>\u00c7evrimi\u00e7i Mega Sena Brezilya i\u00e7in bilet almaya haz\u0131r oldu\u011funuzda, sadece istedi\u011finiz say\u0131lar\u0131n yan\u0131 s\u0131ra, istedi\u011finiz \u00e7izimlerin say\u0131s\u0131n\u0131 se\u00e7meniz yeterlidir. Sonra biletinizi \u00f6dersiniz.<\/p><p>Biletiniz i\u00e7in \u00f6deme yapmak basittir \u00e7\u00fcnk\u00fc sadece tercih etti\u011finiz y\u00f6ntemi se\u00e7ersiniz ve bilgileri girersiniz. Zaten bir hesab\u0131n\u0131z varsa, depolanan bir y\u00f6ntemi kullanabilir ve ard\u0131ndan arkan\u0131za yaslan\u0131p sonu\u00e7lar\u0131 bekleyebilirsiniz.<\/p><h2 class=\"wp-block-heading\">Sonu\u00e7lar\u0131 Kontrol Etme<\/h2><p>\u00c7ekili\u015f bitti\u011finde kalan tek \u015fey, kazan\u0131p kazanmad\u0131\u011f\u0131n\u0131z\u0131 g\u00f6rmek i\u00e7in numaralar\u0131n\u0131z\u0131 kontrol etmektir. RedFoxLotto.com&#8217;u ziyaret ederek ve hesab\u0131n\u0131z\u0131 kontrol ederek bunu yapabilirsiniz. Oynad\u0131\u011f\u0131n\u0131z herhangi bir oyun i\u00e7in kazanan numaralar orada olacak ve sizin numaralar\u0131n\u0131zla da kar\u015f\u0131la\u015ft\u0131r\u0131lacakt\u0131r.<\/p>","protected":false},"excerpt":{"rendered":"<p>Mega Sena Brezilya i\u00e7in \u00c7evrimi\u00e7i Bilet Sat\u0131n Al\u0131n Mega Sena Brezilya i\u00e7in online bilet almaya haz\u0131r m\u0131s\u0131n\u0131z? \u00d6yleyse do\u011fru yerdesiniz. RedFoxLotto.com&#8217;da bir hesap olu\u015fturman\u0131z gerekti\u011fi i\u00e7in bunu yapmak ger\u00e7ekten \u00e7ok kolay.<\/p>\n","protected":false},"author":1,"featured_media":0,"parent":2932,"menu_order":13,"comment_status":"closed","ping_status":"closed","template":"megasena-info.php","meta":{"_et_pb_use_builder":"","_et_pb_old_content":"","_et_gb_content_width":"","exclude_from_search":false,"footnotes":""},"class_list":["post-14126","page","type-page","status-publish","hentry"],"yoast_head":"<!-- This site is optimized with the Yoast SEO plugin v27.3 - https:\/\/yoast.com\/product\/yoast-seo-wordpress\/ -->\n<title>Mega Sena Loto i\u00e7in biletinizi online al\u0131n<\/title>\n<meta name=\"description\" content=\"Mega Sena Brezilya i\u00e7in biletlerinizi online ay\u0131rt\u0131n\" \/>\n<meta name=\"robots\" content=\"index, follow, max-snippet:-1, max-image-preview:large, max-video-preview:-1\" \/>\n<link rel=\"canonical\" href=\"https:\/\/redfoxlotto.com\/tr\/loto\/mega-sena\/\" \/>\n<meta property=\"og:locale\" content=\"tr_TR\" \/>\n<meta property=\"og:type\" content=\"article\" \/>\n<meta property=\"og:title\" content=\"Mega Sena Loto i\u00e7in biletinizi online al\u0131n\" \/>\n<meta property=\"og:description\" content=\"Mega Sena Brezilya i\u00e7in biletlerinizi online ay\u0131rt\u0131n\" \/>\n<meta property=\"og:url\" content=\"https:\/\/redfoxlotto.com\/tr\/loto\/mega-sena\/\" \/>\n<meta property=\"og:site_name\" content=\"Get Tickets for the World\u2019s largest jackpots\" \/>\n<meta property=\"article:modified_time\" content=\"2023-05-24T17:56:13+00:00\" \/>\n<meta property=\"og:image\" content=\"https:\/\/content.redfoxlotto.com\/uploads\/sites\/9\/1_winning_numbers_lottery.jpg\" \/>\n<meta name=\"twitter:card\" content=\"summary_large_image\" \/>\n<meta name=\"twitter:label1\" content=\"Tahmini okuma s\u00fcresi\" \/>\n\t<meta name=\"twitter:data1\" content=\"2 dakika\" \/>\n<script type=\"application\/ld+json\" class=\"yoast-schema-graph\">{\"@context\":\"https:\\\/\\\/schema.org\",\"@graph\":[{\"@type\":\"WebPage\",\"@id\":\"https:\\\/\\\/redfoxlotto.com\\\/tr\\\/loto\\\/mega-sena\\\/\",\"url\":\"https:\\\/\\\/redfoxlotto.com\\\/tr\\\/loto\\\/mega-sena\\\/\",\"name\":\"Mega Sena Loto i\u00e7in biletinizi online al\u0131n\",\"isPartOf\":{\"@id\":\"https:\\\/\\\/redfoxlotto.com\\\/tr\\\/#website\"},\"primaryImageOfPage\":{\"@id\":\"https:\\\/\\\/redfoxlotto.com\\\/tr\\\/loto\\\/mega-sena\\\/#primaryimage\"},\"image\":{\"@id\":\"https:\\\/\\\/redfoxlotto.com\\\/tr\\\/loto\\\/mega-sena\\\/#primaryimage\"},\"thumbnailUrl\":\"https:\\\/\\\/content.redfoxlotto.com\\\/uploads\\\/sites\\\/9\\\/1_winning_numbers_lottery.jpg\",\"datePublished\":\"2020-07-20T08:54:27+00:00\",\"dateModified\":\"2023-05-24T17:56:13+00:00\",\"description\":\"Mega Sena Brezilya i\u00e7in biletlerinizi online ay\u0131rt\u0131n\",\"breadcrumb\":{\"@id\":\"https:\\\/\\\/redfoxlotto.com\\\/tr\\\/loto\\\/mega-sena\\\/#breadcrumb\"},\"inLanguage\":\"tr\",\"potentialAction\":[{\"@type\":\"ReadAction\",\"target\":[\"https:\\\/\\\/redfoxlotto.com\\\/tr\\\/loto\\\/mega-sena\\\/\"]}]},{\"@type\":\"ImageObject\",\"inLanguage\":\"tr\",\"@id\":\"https:\\\/\\\/redfoxlotto.com\\\/tr\\\/loto\\\/mega-sena\\\/#primaryimage\",\"url\":\"https:\\\/\\\/content.redfoxlotto.com\\\/uploads\\\/sites\\\/9\\\/1_winning_numbers_lottery.jpg\",\"contentUrl\":\"https:\\\/\\\/content.redfoxlotto.com\\\/uploads\\\/sites\\\/9\\\/1_winning_numbers_lottery.jpg\"},{\"@type\":\"BreadcrumbList\",\"@id\":\"https:\\\/\\\/redfoxlotto.com\\\/tr\\\/loto\\\/mega-sena\\\/#breadcrumb\",\"itemListElement\":[{\"@type\":\"ListItem\",\"position\":1,\"name\":\"Home\",\"item\":\"https:\\\/\\\/redfoxlotto.com\\\/tr\\\/\"},{\"@type\":\"ListItem\",\"position\":2,\"name\":\"Online piyango bileti sat\u0131n alma i\u015flemi\",\"item\":\"https:\\\/\\\/redfoxlotto.com\\\/tr\\\/loto\\\/\"},{\"@type\":\"ListItem\",\"position\":3,\"name\":\"Mega Sena hakk\u0131nda\"}]},{\"@type\":\"WebSite\",\"@id\":\"https:\\\/\\\/redfoxlotto.com\\\/tr\\\/#website\",\"url\":\"https:\\\/\\\/redfoxlotto.com\\\/tr\\\/\",\"name\":\"Get Tickets for the World\u2019s largest jackpots\",\"description\":\"Participate in worldwide lottery jackpots from any country\",\"publisher\":{\"@id\":\"https:\\\/\\\/redfoxlotto.com\\\/tr\\\/#organization\"},\"potentialAction\":[{\"@type\":\"SearchAction\",\"target\":{\"@type\":\"EntryPoint\",\"urlTemplate\":\"https:\\\/\\\/redfoxlotto.com\\\/tr\\\/?s={search_term_string}\"},\"query-input\":{\"@type\":\"PropertyValueSpecification\",\"valueRequired\":true,\"valueName\":\"search_term_string\"}}],\"inLanguage\":\"tr\"},{\"@type\":\"Organization\",\"@id\":\"https:\\\/\\\/redfoxlotto.com\\\/tr\\\/#organization\",\"name\":\"Get Tickets for the World\u2019s largest jackpots\",\"url\":\"https:\\\/\\\/redfoxlotto.com\\\/tr\\\/\",\"logo\":{\"@type\":\"ImageObject\",\"inLanguage\":\"tr\",\"@id\":\"https:\\\/\\\/redfoxlotto.com\\\/tr\\\/#\\\/schema\\\/logo\\\/image\\\/\",\"url\":\"https:\\\/\\\/redfoxlotto.com\\\/wp-content\\\/uploads\\\/2023\\\/04\\\/logo.png\",\"contentUrl\":\"https:\\\/\\\/redfoxlotto.com\\\/wp-content\\\/uploads\\\/2023\\\/04\\\/logo.png\",\"width\":269,\"height\":53,\"caption\":\"Get Tickets for the World\u2019s largest jackpots\"},\"image\":{\"@id\":\"https:\\\/\\\/redfoxlotto.com\\\/tr\\\/#\\\/schema\\\/logo\\\/image\\\/\"}}]}<\/script>\n<!-- \/ Yoast SEO plugin. -->","yoast_head_json":{"title":"Mega Sena Loto i\u00e7in biletinizi online al\u0131n","description":"Mega Sena Brezilya i\u00e7in biletlerinizi online ay\u0131rt\u0131n","robots":{"index":"index","follow":"follow","max-snippet":"max-snippet:-1","max-image-preview":"max-image-preview:large","max-video-preview":"max-video-preview:-1"},"canonical":"https:\/\/redfoxlotto.com\/tr\/loto\/mega-sena\/","og_locale":"tr_TR","og_type":"article","og_title":"Mega Sena Loto i\u00e7in biletinizi online al\u0131n","og_description":"Mega Sena Brezilya i\u00e7in biletlerinizi online ay\u0131rt\u0131n","og_url":"https:\/\/redfoxlotto.com\/tr\/loto\/mega-sena\/","og_site_name":"Get Tickets for the World\u2019s largest jackpots","article_modified_time":"2023-05-24T17:56:13+00:00","og_image":[{"url":"https:\/\/content.redfoxlotto.com\/uploads\/sites\/9\/1_winning_numbers_lottery.jpg","type":"","width":"","height":""}],"twitter_card":"summary_large_image","twitter_misc":{"Tahmini okuma s\u00fcresi":"2 dakika"},"schema":{"@context":"https:\/\/schema.org","@graph":[{"@type":"WebPage","@id":"https:\/\/redfoxlotto.com\/tr\/loto\/mega-sena\/","url":"https:\/\/redfoxlotto.com\/tr\/loto\/mega-sena\/","name":"Mega Sena Loto i\u00e7in biletinizi online al\u0131n","isPartOf":{"@id":"https:\/\/redfoxlotto.com\/tr\/#website"},"primaryImageOfPage":{"@id":"https:\/\/redfoxlotto.com\/tr\/loto\/mega-sena\/#primaryimage"},"image":{"@id":"https:\/\/redfoxlotto.com\/tr\/loto\/mega-sena\/#primaryimage"},"thumbnailUrl":"https:\/\/content.redfoxlotto.com\/uploads\/sites\/9\/1_winning_numbers_lottery.jpg","datePublished":"2020-07-20T08:54:27+00:00","dateModified":"2023-05-24T17:56:13+00:00","description":"Mega Sena Brezilya i\u00e7in biletlerinizi online ay\u0131rt\u0131n","breadcrumb":{"@id":"https:\/\/redfoxlotto.com\/tr\/loto\/mega-sena\/#breadcrumb"},"inLanguage":"tr","potentialAction":[{"@type":"ReadAction","target":["https:\/\/redfoxlotto.com\/tr\/loto\/mega-sena\/"]}]},{"@type":"ImageObject","inLanguage":"tr","@id":"https:\/\/redfoxlotto.com\/tr\/loto\/mega-sena\/#primaryimage","url":"https:\/\/content.redfoxlotto.com\/uploads\/sites\/9\/1_winning_numbers_lottery.jpg","contentUrl":"https:\/\/content.redfoxlotto.com\/uploads\/sites\/9\/1_winning_numbers_lottery.jpg"},{"@type":"BreadcrumbList","@id":"https:\/\/redfoxlotto.com\/tr\/loto\/mega-sena\/#breadcrumb","itemListElement":[{"@type":"ListItem","position":1,"name":"Home","item":"https:\/\/redfoxlotto.com\/tr\/"},{"@type":"ListItem","position":2,"name":"Online piyango bileti sat\u0131n alma i\u015flemi","item":"https:\/\/redfoxlotto.com\/tr\/loto\/"},{"@type":"ListItem","position":3,"name":"Mega Sena hakk\u0131nda"}]},{"@type":"WebSite","@id":"https:\/\/redfoxlotto.com\/tr\/#website","url":"https:\/\/redfoxlotto.com\/tr\/","name":"Get Tickets for the World\u2019s largest jackpots","description":"Participate in worldwide lottery jackpots from any country","publisher":{"@id":"https:\/\/redfoxlotto.com\/tr\/#organization"},"potentialAction":[{"@type":"SearchAction","target":{"@type":"EntryPoint","urlTemplate":"https:\/\/redfoxlotto.com\/tr\/?s={search_term_string}"},"query-input":{"@type":"PropertyValueSpecification","valueRequired":true,"valueName":"search_term_string"}}],"inLanguage":"tr"},{"@type":"Organization","@id":"https:\/\/redfoxlotto.com\/tr\/#organization","name":"Get Tickets for the World\u2019s largest jackpots","url":"https:\/\/redfoxlotto.com\/tr\/","logo":{"@type":"ImageObject","inLanguage":"tr","@id":"https:\/\/redfoxlotto.com\/tr\/#\/schema\/logo\/image\/","url":"https:\/\/redfoxlotto.com\/wp-content\/uploads\/2023\/04\/logo.png","contentUrl":"https:\/\/redfoxlotto.com\/wp-content\/uploads\/2023\/04\/logo.png","width":269,"height":53,"caption":"Get Tickets for the World\u2019s largest jackpots"},"image":{"@id":"https:\/\/redfoxlotto.com\/tr\/#\/schema\/logo\/image\/"}}]}},"_links":{"self":[{"href":"https:\/\/redfoxlotto.com\/tr\/wp-json\/wp\/v2\/pages\/14126","targetHints":{"allow":["GET"]}}],"collection":[{"href":"https:\/\/redfoxlotto.com\/tr\/wp-json\/wp\/v2\/pages"}],"about":[{"href":"https:\/\/redfoxlotto.com\/tr\/wp-json\/wp\/v2\/types\/page"}],"author":[{"embeddable":true,"href":"https:\/\/redfoxlotto.com\/tr\/wp-json\/wp\/v2\/users\/1"}],"replies":[{"embeddable":true,"href":"https:\/\/redfoxlotto.com\/tr\/wp-json\/wp\/v2\/comments?post=14126"}],"version-history":[{"count":0,"href":"https:\/\/redfoxlotto.com\/tr\/wp-json\/wp\/v2\/pages\/14126\/revisions"}],"up":[{"embeddable":true,"href":"https:\/\/redfoxlotto.com\/tr\/wp-json\/wp\/v2\/pages\/2932"}],"wp:attachment":[{"href":"https:\/\/redfoxlotto.com\/tr\/wp-json\/wp\/v2\/media?parent=14126"}],"curies":[{"name":"wp","href":"https:\/\/api.w.org\/{rel}","templated":true}]}}