{"id":13643,"date":"2020-08-18T09:08:19","date_gmt":"2020-08-18T09:08:19","guid":{"rendered":"https:\/\/redfoxlotto.com\/?page_id=13643"},"modified":"2023-05-24T17:55:48","modified_gmt":"2023-05-24T17:55:48","slug":"thunderball","status":"publish","type":"page","link":"https:\/\/redfoxlotto.com\/tr\/sonuclar\/thunderball\/","title":{"rendered":"Thunderball Sonu\u00e7lar\u0131"},"content":{"rendered":"<h2 class=\"wp-block-heading\">Thunderball UK Loto Kazanan Numaralar<\/h2><p><img loading=\"lazy\" decoding=\"async\" class=\" wp-image alignright\" src=\"https:\/\/content.redfoxlotto.com\/uploads\/sites\/9\/1_online_lotto_results.jpg\" alt=\"y\u0131ld\u0131r\u0131m sonu\u00e7lar\u0131\" width=\"246\" height=\"246\" \/><\/p><p>\u00c7ekili\u015fi ka\u00e7\u0131rd\u0131ysan\u0131z ve son kazanan say\u0131lar\u0131 kontrol etmek istiyorsan\u0131z ne yapars\u0131n\u0131z? \u015eansl\u0131s\u0131n\u0131z \u00e7\u00fcnk\u00fc Thunderball UK Loto kazanan numaralar\u0131n\u0131 kontrol etmek \u00e7ok kolay. Hen\u00fcz ba\u015fka bir \u00e7izim yap\u0131lmad\u0131ysa web sitesine g\u00f6z atabilirsiniz. Varsa, sonu\u00e7 ar\u015fivine bakman\u0131z gerekebilir.<\/p><h2 class=\"wp-block-heading\">Mevcut Numaralar\u0131 Kontrol Etme<\/h2><p><img loading=\"lazy\" decoding=\"async\" class=\"tam boy wp-image alignright\" src=\"https:\/\/content.redfoxlotto.com\/uploads\/sites\/9\/1_winner_lottery_jackpot.jpg\" alt=\"kazanan piyango numaralar\u0131\" width=\"287\" height=\"172\" \/><\/p><p>Oyunu oynad\u0131ysan\u0131z ve en son kazanan say\u0131lar\u0131 kontrol etmek istiyorsan\u0131z, do\u011frudan hesab\u0131n\u0131za girebilir ve ard\u0131ndan &#8216;Biletlerim&#8217;e t\u0131klayabilirsiniz. Buradan, say\u0131lar\u0131n\u0131z\u0131n kazanana kar\u015f\u0131 nas\u0131l y\u0131\u011f\u0131ld\u0131\u011f\u0131n\u0131 g\u00f6rebilirsiniz. say\u0131lar. Ve bu, ne kadar kazand\u0131\u011f\u0131n\u0131z\u0131 g\u00f6rebilece\u011finiz anlam\u0131na gelir.<\/p><p>Kazanan say\u0131larla e\u015fle\u015fen t\u00fcm say\u0131lar vurgulan\u0131r, bu da \u00f6d\u00fcl\u00fcn\u00fcz\u00fc kontrol etmenizi \u00e7ok daha kolay hale getirir. Ve RedFoxLotto.com&#8217;da, daha k\u00fc\u00e7\u00fck \u00f6d\u00fcller i\u00e7in kazand\u0131\u011f\u0131n\u0131z miktar\u0131 zaten talep edece\u011fiz, bu y\u00fczden do\u011frudan hesab\u0131n\u0131za b\u0131rak\u0131lacakt\u0131r.<\/p><h2 class=\"wp-block-heading\">Eski Thunderball UK Lotto Kazanan Numaralar<\/h2><p>Baz\u0131lar\u0131 i\u00e7in, mevcut rakamlar bir karar vermek i\u00e7in yeterli de\u011fil. Nas\u0131l oynamak istedi\u011finize karar verebilmek i\u00e7in daha eski say\u0131lar isteyebilirsiniz. Veya \u00e7ekildikleri oyunlarla kar\u015f\u0131la\u015ft\u0131rmak istedi\u011finiz daha eski biletleriniz olabilir.<\/p><p>Thunderball UK Lotto&#8217;dan eski numaralara ihtiyac\u0131n\u0131z varsa, daha fazla bilgi edinmek i\u00e7in ar\u015five g\u00f6z atabilir ve ihtiyac\u0131n\u0131z olabilecek bilgileri kontrol edebilirsiniz. Hatta t\u00fcm say\u0131lar\u0131 almak i\u00e7in birka\u00e7 oyuna geri d\u00f6nebilirsiniz.<\/p>","protected":false},"excerpt":{"rendered":"<p>Thunderball UK Loto Kazanan Numaralar \u00c7ekili\u015fi ka\u00e7\u0131rd\u0131ysan\u0131z ve son kazanan say\u0131lar\u0131 kontrol etmek istiyorsan\u0131z ne yapars\u0131n\u0131z? \u015eansl\u0131s\u0131n\u0131z \u00e7\u00fcnk\u00fc Thunderball UK Loto kazanan numaralar\u0131n\u0131 kontrol etmek \u00e7ok kolay. Hen\u00fcz ba\u015fka bir \u00e7izim yap\u0131lmad\u0131ysa web sitesine g\u00f6z atabilirsiniz. Varsa, sonu\u00e7 ar\u015fivine bakman\u0131z gerekebilir. Mevcut Numaralar\u0131 Kontrol Etme Oyunu oynad\u0131ysan\u0131z ve en son kazanan say\u0131lar\u0131 kontrol etmek istiyorsan\u0131z, [&hellip;]<\/p>\n","protected":false},"author":1,"featured_media":0,"parent":2949,"menu_order":11,"comment_status":"closed","ping_status":"closed","template":"thunderball-results.php","meta":{"_et_pb_use_builder":"","_et_pb_old_content":"","_et_gb_content_width":"","exclude_from_search":false,"footnotes":""},"class_list":["post-13643","page","type-page","status-publish","hentry"],"yoast_head":"<!-- This site is optimized with the Yoast SEO plugin v23.8 - https:\/\/yoast.com\/wordpress\/plugins\/seo\/ -->\n<title>Thunderball UK&#039;in g\u00fcncel ve son kazan\u00e7 numaralar\u0131 ve sonu\u00e7lar\u0131<\/title>\n<meta name=\"description\" content=\"Piyango bileti numaralar\u0131n\u0131z\u0131 Thunderball \u00e7ekili\u015f sonu\u00e7lar\u0131yla burada kar\u015f\u0131la\u015ft\u0131r\u0131n\" \/>\n<meta name=\"robots\" content=\"index, follow, max-snippet:-1, max-image-preview:large, max-video-preview:-1\" \/>\n<link rel=\"canonical\" href=\"https:\/\/redfoxlotto.com\/tr\/sonuclar\/thunderball\/\" \/>\n<meta property=\"og:locale\" content=\"tr_TR\" \/>\n<meta property=\"og:type\" content=\"article\" \/>\n<meta property=\"og:title\" content=\"Thunderball UK&#039;in g\u00fcncel ve son kazan\u00e7 numaralar\u0131 ve sonu\u00e7lar\u0131\" \/>\n<meta property=\"og:description\" content=\"Piyango bileti numaralar\u0131n\u0131z\u0131 Thunderball \u00e7ekili\u015f sonu\u00e7lar\u0131yla burada kar\u015f\u0131la\u015ft\u0131r\u0131n\" \/>\n<meta property=\"og:url\" content=\"https:\/\/redfoxlotto.com\/tr\/sonuclar\/thunderball\/\" \/>\n<meta property=\"og:site_name\" content=\"Get Tickets for the World\u2019s largest jackpots\" \/>\n<meta property=\"article:modified_time\" content=\"2023-05-24T17:55:48+00:00\" \/>\n<meta property=\"og:image\" content=\"https:\/\/content.redfoxlotto.com\/uploads\/sites\/9\/1_online_lotto_results.jpg\" \/>\n<meta name=\"twitter:card\" content=\"summary_large_image\" \/>\n<meta name=\"twitter:label1\" content=\"Tahmini okuma s\u00fcresi\" \/>\n\t<meta name=\"twitter:data1\" content=\"2 dakika\" \/>\n<script type=\"application\/ld+json\" class=\"yoast-schema-graph\">{\"@context\":\"https:\/\/schema.org\",\"@graph\":[{\"@type\":\"WebPage\",\"@id\":\"https:\/\/redfoxlotto.com\/tr\/sonuclar\/thunderball\/\",\"url\":\"https:\/\/redfoxlotto.com\/tr\/sonuclar\/thunderball\/\",\"name\":\"Thunderball UK'in g\u00fcncel ve son kazan\u00e7 numaralar\u0131 ve sonu\u00e7lar\u0131\",\"isPartOf\":{\"@id\":\"https:\/\/redfoxlotto.com\/tr\/#website\"},\"primaryImageOfPage\":{\"@id\":\"https:\/\/redfoxlotto.com\/tr\/sonuclar\/thunderball\/#primaryimage\"},\"image\":{\"@id\":\"https:\/\/redfoxlotto.com\/tr\/sonuclar\/thunderball\/#primaryimage\"},\"thumbnailUrl\":\"https:\/\/content.redfoxlotto.com\/uploads\/sites\/9\/1_online_lotto_results.jpg\",\"datePublished\":\"2020-08-18T09:08:19+00:00\",\"dateModified\":\"2023-05-24T17:55:48+00:00\",\"description\":\"Piyango bileti numaralar\u0131n\u0131z\u0131 Thunderball \u00e7ekili\u015f sonu\u00e7lar\u0131yla burada kar\u015f\u0131la\u015ft\u0131r\u0131n\",\"breadcrumb\":{\"@id\":\"https:\/\/redfoxlotto.com\/tr\/sonuclar\/thunderball\/#breadcrumb\"},\"inLanguage\":\"tr\",\"potentialAction\":[{\"@type\":\"ReadAction\",\"target\":[\"https:\/\/redfoxlotto.com\/tr\/sonuclar\/thunderball\/\"]}]},{\"@type\":\"ImageObject\",\"inLanguage\":\"tr\",\"@id\":\"https:\/\/redfoxlotto.com\/tr\/sonuclar\/thunderball\/#primaryimage\",\"url\":\"https:\/\/content.redfoxlotto.com\/uploads\/sites\/9\/1_online_lotto_results.jpg\",\"contentUrl\":\"https:\/\/content.redfoxlotto.com\/uploads\/sites\/9\/1_online_lotto_results.jpg\"},{\"@type\":\"BreadcrumbList\",\"@id\":\"https:\/\/redfoxlotto.com\/tr\/sonuclar\/thunderball\/#breadcrumb\",\"itemListElement\":[{\"@type\":\"ListItem\",\"position\":1,\"name\":\"Home\",\"item\":\"https:\/\/redfoxlotto.com\/tr\/\"},{\"@type\":\"ListItem\",\"position\":2,\"name\":\"Uluslararas\u0131 loto sonu\u00e7lar\u0131\",\"item\":\"https:\/\/redfoxlotto.com\/tr\/sonuclar\/\"},{\"@type\":\"ListItem\",\"position\":3,\"name\":\"Thunderball Sonu\u00e7lar\u0131\"}]},{\"@type\":\"WebSite\",\"@id\":\"https:\/\/redfoxlotto.com\/tr\/#website\",\"url\":\"https:\/\/redfoxlotto.com\/tr\/\",\"name\":\"Get Tickets for the World\u2019s largest jackpots\",\"description\":\"Participate in worldwide lottery jackpots from any country\",\"publisher\":{\"@id\":\"https:\/\/redfoxlotto.com\/tr\/#organization\"},\"potentialAction\":[{\"@type\":\"SearchAction\",\"target\":{\"@type\":\"EntryPoint\",\"urlTemplate\":\"https:\/\/redfoxlotto.com\/tr\/?s={search_term_string}\"},\"query-input\":{\"@type\":\"PropertyValueSpecification\",\"valueRequired\":true,\"valueName\":\"search_term_string\"}}],\"inLanguage\":\"tr\"},{\"@type\":\"Organization\",\"@id\":\"https:\/\/redfoxlotto.com\/tr\/#organization\",\"name\":\"Get Tickets for the World\u2019s largest jackpots\",\"url\":\"https:\/\/redfoxlotto.com\/tr\/\",\"logo\":{\"@type\":\"ImageObject\",\"inLanguage\":\"tr\",\"@id\":\"https:\/\/redfoxlotto.com\/tr\/#\/schema\/logo\/image\/\",\"url\":\"https:\/\/redfoxlotto.com\/wp-content\/uploads\/2023\/04\/logo.png\",\"contentUrl\":\"https:\/\/redfoxlotto.com\/wp-content\/uploads\/2023\/04\/logo.png\",\"width\":269,\"height\":53,\"caption\":\"Get Tickets for the World\u2019s largest jackpots\"},\"image\":{\"@id\":\"https:\/\/redfoxlotto.com\/tr\/#\/schema\/logo\/image\/\"}}]}<\/script>\n<!-- \/ Yoast SEO plugin. -->","yoast_head_json":{"title":"Thunderball UK'in g\u00fcncel ve son kazan\u00e7 numaralar\u0131 ve sonu\u00e7lar\u0131","description":"Piyango bileti numaralar\u0131n\u0131z\u0131 Thunderball \u00e7ekili\u015f sonu\u00e7lar\u0131yla burada kar\u015f\u0131la\u015ft\u0131r\u0131n","robots":{"index":"index","follow":"follow","max-snippet":"max-snippet:-1","max-image-preview":"max-image-preview:large","max-video-preview":"max-video-preview:-1"},"canonical":"https:\/\/redfoxlotto.com\/tr\/sonuclar\/thunderball\/","og_locale":"tr_TR","og_type":"article","og_title":"Thunderball UK'in g\u00fcncel ve son kazan\u00e7 numaralar\u0131 ve sonu\u00e7lar\u0131","og_description":"Piyango bileti numaralar\u0131n\u0131z\u0131 Thunderball \u00e7ekili\u015f sonu\u00e7lar\u0131yla burada kar\u015f\u0131la\u015ft\u0131r\u0131n","og_url":"https:\/\/redfoxlotto.com\/tr\/sonuclar\/thunderball\/","og_site_name":"Get Tickets for the World\u2019s largest jackpots","article_modified_time":"2023-05-24T17:55:48+00:00","og_image":[{"url":"https:\/\/content.redfoxlotto.com\/uploads\/sites\/9\/1_online_lotto_results.jpg"}],"twitter_card":"summary_large_image","twitter_misc":{"Tahmini okuma s\u00fcresi":"2 dakika"},"schema":{"@context":"https:\/\/schema.org","@graph":[{"@type":"WebPage","@id":"https:\/\/redfoxlotto.com\/tr\/sonuclar\/thunderball\/","url":"https:\/\/redfoxlotto.com\/tr\/sonuclar\/thunderball\/","name":"Thunderball UK'in g\u00fcncel ve son kazan\u00e7 numaralar\u0131 ve sonu\u00e7lar\u0131","isPartOf":{"@id":"https:\/\/redfoxlotto.com\/tr\/#website"},"primaryImageOfPage":{"@id":"https:\/\/redfoxlotto.com\/tr\/sonuclar\/thunderball\/#primaryimage"},"image":{"@id":"https:\/\/redfoxlotto.com\/tr\/sonuclar\/thunderball\/#primaryimage"},"thumbnailUrl":"https:\/\/content.redfoxlotto.com\/uploads\/sites\/9\/1_online_lotto_results.jpg","datePublished":"2020-08-18T09:08:19+00:00","dateModified":"2023-05-24T17:55:48+00:00","description":"Piyango bileti numaralar\u0131n\u0131z\u0131 Thunderball \u00e7ekili\u015f sonu\u00e7lar\u0131yla burada kar\u015f\u0131la\u015ft\u0131r\u0131n","breadcrumb":{"@id":"https:\/\/redfoxlotto.com\/tr\/sonuclar\/thunderball\/#breadcrumb"},"inLanguage":"tr","potentialAction":[{"@type":"ReadAction","target":["https:\/\/redfoxlotto.com\/tr\/sonuclar\/thunderball\/"]}]},{"@type":"ImageObject","inLanguage":"tr","@id":"https:\/\/redfoxlotto.com\/tr\/sonuclar\/thunderball\/#primaryimage","url":"https:\/\/content.redfoxlotto.com\/uploads\/sites\/9\/1_online_lotto_results.jpg","contentUrl":"https:\/\/content.redfoxlotto.com\/uploads\/sites\/9\/1_online_lotto_results.jpg"},{"@type":"BreadcrumbList","@id":"https:\/\/redfoxlotto.com\/tr\/sonuclar\/thunderball\/#breadcrumb","itemListElement":[{"@type":"ListItem","position":1,"name":"Home","item":"https:\/\/redfoxlotto.com\/tr\/"},{"@type":"ListItem","position":2,"name":"Uluslararas\u0131 loto sonu\u00e7lar\u0131","item":"https:\/\/redfoxlotto.com\/tr\/sonuclar\/"},{"@type":"ListItem","position":3,"name":"Thunderball Sonu\u00e7lar\u0131"}]},{"@type":"WebSite","@id":"https:\/\/redfoxlotto.com\/tr\/#website","url":"https:\/\/redfoxlotto.com\/tr\/","name":"Get Tickets for the World\u2019s largest jackpots","description":"Participate in worldwide lottery jackpots from any country","publisher":{"@id":"https:\/\/redfoxlotto.com\/tr\/#organization"},"potentialAction":[{"@type":"SearchAction","target":{"@type":"EntryPoint","urlTemplate":"https:\/\/redfoxlotto.com\/tr\/?s={search_term_string}"},"query-input":{"@type":"PropertyValueSpecification","valueRequired":true,"valueName":"search_term_string"}}],"inLanguage":"tr"},{"@type":"Organization","@id":"https:\/\/redfoxlotto.com\/tr\/#organization","name":"Get Tickets for the World\u2019s largest jackpots","url":"https:\/\/redfoxlotto.com\/tr\/","logo":{"@type":"ImageObject","inLanguage":"tr","@id":"https:\/\/redfoxlotto.com\/tr\/#\/schema\/logo\/image\/","url":"https:\/\/redfoxlotto.com\/wp-content\/uploads\/2023\/04\/logo.png","contentUrl":"https:\/\/redfoxlotto.com\/wp-content\/uploads\/2023\/04\/logo.png","width":269,"height":53,"caption":"Get Tickets for the World\u2019s largest jackpots"},"image":{"@id":"https:\/\/redfoxlotto.com\/tr\/#\/schema\/logo\/image\/"}}]}},"_links":{"self":[{"href":"https:\/\/redfoxlotto.com\/tr\/wp-json\/wp\/v2\/pages\/13643","targetHints":{"allow":["GET"]}}],"collection":[{"href":"https:\/\/redfoxlotto.com\/tr\/wp-json\/wp\/v2\/pages"}],"about":[{"href":"https:\/\/redfoxlotto.com\/tr\/wp-json\/wp\/v2\/types\/page"}],"author":[{"embeddable":true,"href":"https:\/\/redfoxlotto.com\/tr\/wp-json\/wp\/v2\/users\/1"}],"replies":[{"embeddable":true,"href":"https:\/\/redfoxlotto.com\/tr\/wp-json\/wp\/v2\/comments?post=13643"}],"version-history":[{"count":0,"href":"https:\/\/redfoxlotto.com\/tr\/wp-json\/wp\/v2\/pages\/13643\/revisions"}],"up":[{"embeddable":true,"href":"https:\/\/redfoxlotto.com\/tr\/wp-json\/wp\/v2\/pages\/2949"}],"wp:attachment":[{"href":"https:\/\/redfoxlotto.com\/tr\/wp-json\/wp\/v2\/media?parent=13643"}],"curies":[{"name":"wp","href":"https:\/\/api.w.org\/{rel}","templated":true}]}}