{"id":13550,"date":"2020-08-18T10:31:21","date_gmt":"2020-08-18T10:31:21","guid":{"rendered":"https:\/\/redfoxlotto.com\/?page_id=13550"},"modified":"2023-05-24T17:55:34","modified_gmt":"2023-05-24T17:55:34","slug":"set-for-life-uk","status":"publish","type":"page","link":"https:\/\/redfoxlotto.com\/tr\/sonuclar\/set-for-life-uk\/","title":{"rendered":"Set for life loto sonu\u00e7lar\u0131"},"content":{"rendered":"<h2 class=\"wp-block-heading\">&#8220;Set for life&#8221; loto kazanan numaralar<\/h2><p><img loading=\"lazy\" decoding=\"async\" class=\" wp-image alignright\" src=\"https:\/\/content.redfoxlotto.com\/uploads\/sites\/9\/1_results_winning_numbers2.jpg\" alt=\"canl\u0131 sonu\u00e7lar i\u00e7in ayarla\" width=\"251\" height=\"188\" \/><\/p><p>&#8220;Set for life&#8221; \u00e7ekili\u015finin kazanan numaralar\u0131 her \u00e7ekili\u015ften sonra web sitemizde yay\u0131nlanacakt\u0131r. Sitemizde bu piyango i\u00e7in bir bilet rezerve etti\u011finizde, biletiniz bir \u015fey kazand\u0131ysa size bir e-posta g\u00f6nderece\u011fiz.<\/p><p>Ancak hesab\u0131n\u0131za giri\u015f yapabilir ve biletinizin sakland\u0131\u011f\u0131 b\u00f6l\u00fcm\u00fc de a\u00e7abilirsiniz. Se\u00e7ti\u011finiz \u00e7ekili\u015f sonucuyla e\u015fle\u015fen t\u00fcm numaralar i\u015faretlenecektir, b\u00f6ylece ne kazand\u0131\u011f\u0131n\u0131z\u0131 g\u00f6rmeniz olduk\u00e7a kolay olacakt\u0131r.<\/p><h2 class=\"wp-block-heading\">&#8220;Set for life&#8221;, kazanan numaralardan sonra<\/h2><p>Ge\u00e7mi\u015f \u00e7ekili\u015flerdeki say\u0131lar\u0131 g\u00f6rmek istiyorsan\u0131z, bunu da yapabilirsiniz. M\u00fc\u015fterilerimizin \u00e7o\u011fu, ge\u00e7mi\u015f g\u00fcnlerde veya haftalarda yeni \u00e7izilen say\u0131lar\u0131 se\u00e7mekten ka\u00e7\u0131nmak i\u00e7in bu i\u015flevi kullan\u0131r.<\/p>","protected":false},"excerpt":{"rendered":"<p>&#8220;Set for life&#8221; loto kazanan numaralar &#8220;Set for life&#8221; \u00e7ekili\u015finin kazanan numaralar\u0131 her \u00e7ekili\u015ften sonra web sitemizde yay\u0131nlanacakt\u0131r. Sitemizde bu piyango i\u00e7in bir bilet rezerve etti\u011finizde, biletiniz bir \u015fey kazand\u0131ysa size bir e-posta g\u00f6nderece\u011fiz. Ancak hesab\u0131n\u0131za giri\u015f yapabilir ve biletinizin sakland\u0131\u011f\u0131 b\u00f6l\u00fcm\u00fc de a\u00e7abilirsiniz. Se\u00e7ti\u011finiz \u00e7ekili\u015f sonucuyla e\u015fle\u015fen t\u00fcm numaralar i\u015faretlenecektir, b\u00f6ylece ne kazand\u0131\u011f\u0131n\u0131z\u0131 g\u00f6rmeniz [&hellip;]<\/p>\n","protected":false},"author":1,"featured_media":0,"parent":2949,"menu_order":10,"comment_status":"closed","ping_status":"closed","template":"set-for-life-results.php","meta":{"_et_pb_use_builder":"","_et_pb_old_content":"","_et_gb_content_width":"","exclude_from_search":false,"footnotes":""},"class_list":["post-13550","page","type-page","status-publish","hentry"],"yoast_head":"<!-- This site is optimized with the Yoast SEO plugin v23.8 - https:\/\/yoast.com\/wordpress\/plugins\/seo\/ -->\n<title>Set for life loto i\u00e7in \u00e7ekili\u015f sonu\u00e7lar\u0131n\u0131 ve kazanan numaralar\u0131 al\u0131n<\/title>\n<meta name=\"description\" content=\"Set for life \u00e7ekili\u015finin \u00e7ekili\u015f sonu\u00e7lar\u0131n\u0131 buradan kontrol edin\" \/>\n<meta name=\"robots\" content=\"index, follow, max-snippet:-1, max-image-preview:large, max-video-preview:-1\" \/>\n<link rel=\"canonical\" href=\"https:\/\/redfoxlotto.com\/tr\/sonuclar\/set-for-life-uk\/\" \/>\n<meta property=\"og:locale\" content=\"tr_TR\" \/>\n<meta property=\"og:type\" content=\"article\" \/>\n<meta property=\"og:title\" content=\"Set for life loto i\u00e7in \u00e7ekili\u015f sonu\u00e7lar\u0131n\u0131 ve kazanan numaralar\u0131 al\u0131n\" \/>\n<meta property=\"og:description\" content=\"Set for life \u00e7ekili\u015finin \u00e7ekili\u015f sonu\u00e7lar\u0131n\u0131 buradan kontrol edin\" \/>\n<meta property=\"og:url\" content=\"https:\/\/redfoxlotto.com\/tr\/sonuclar\/set-for-life-uk\/\" \/>\n<meta property=\"og:site_name\" content=\"Get Tickets for the World\u2019s largest jackpots\" \/>\n<meta property=\"article:modified_time\" content=\"2023-05-24T17:55:34+00:00\" \/>\n<meta property=\"og:image\" content=\"https:\/\/content.redfoxlotto.com\/uploads\/sites\/9\/1_results_winning_numbers2.jpg\" \/>\n<meta name=\"twitter:card\" content=\"summary_large_image\" \/>\n<meta name=\"twitter:label1\" content=\"Tahmini okuma s\u00fcresi\" \/>\n\t<meta name=\"twitter:data1\" content=\"1 dakika\" \/>\n<script type=\"application\/ld+json\" class=\"yoast-schema-graph\">{\"@context\":\"https:\/\/schema.org\",\"@graph\":[{\"@type\":\"WebPage\",\"@id\":\"https:\/\/redfoxlotto.com\/tr\/sonuclar\/set-for-life-uk\/\",\"url\":\"https:\/\/redfoxlotto.com\/tr\/sonuclar\/set-for-life-uk\/\",\"name\":\"Set for life loto i\u00e7in \u00e7ekili\u015f sonu\u00e7lar\u0131n\u0131 ve kazanan numaralar\u0131 al\u0131n\",\"isPartOf\":{\"@id\":\"https:\/\/redfoxlotto.com\/tr\/#website\"},\"primaryImageOfPage\":{\"@id\":\"https:\/\/redfoxlotto.com\/tr\/sonuclar\/set-for-life-uk\/#primaryimage\"},\"image\":{\"@id\":\"https:\/\/redfoxlotto.com\/tr\/sonuclar\/set-for-life-uk\/#primaryimage\"},\"thumbnailUrl\":\"https:\/\/content.redfoxlotto.com\/uploads\/sites\/9\/1_results_winning_numbers2.jpg\",\"datePublished\":\"2020-08-18T10:31:21+00:00\",\"dateModified\":\"2023-05-24T17:55:34+00:00\",\"description\":\"Set for life \u00e7ekili\u015finin \u00e7ekili\u015f sonu\u00e7lar\u0131n\u0131 buradan kontrol edin\",\"breadcrumb\":{\"@id\":\"https:\/\/redfoxlotto.com\/tr\/sonuclar\/set-for-life-uk\/#breadcrumb\"},\"inLanguage\":\"tr\",\"potentialAction\":[{\"@type\":\"ReadAction\",\"target\":[\"https:\/\/redfoxlotto.com\/tr\/sonuclar\/set-for-life-uk\/\"]}]},{\"@type\":\"ImageObject\",\"inLanguage\":\"tr\",\"@id\":\"https:\/\/redfoxlotto.com\/tr\/sonuclar\/set-for-life-uk\/#primaryimage\",\"url\":\"https:\/\/content.redfoxlotto.com\/uploads\/sites\/9\/1_results_winning_numbers2.jpg\",\"contentUrl\":\"https:\/\/content.redfoxlotto.com\/uploads\/sites\/9\/1_results_winning_numbers2.jpg\"},{\"@type\":\"BreadcrumbList\",\"@id\":\"https:\/\/redfoxlotto.com\/tr\/sonuclar\/set-for-life-uk\/#breadcrumb\",\"itemListElement\":[{\"@type\":\"ListItem\",\"position\":1,\"name\":\"Home\",\"item\":\"https:\/\/redfoxlotto.com\/tr\/\"},{\"@type\":\"ListItem\",\"position\":2,\"name\":\"Uluslararas\u0131 loto sonu\u00e7lar\u0131\",\"item\":\"https:\/\/redfoxlotto.com\/tr\/sonuclar\/\"},{\"@type\":\"ListItem\",\"position\":3,\"name\":\"Set for life loto sonu\u00e7lar\u0131\"}]},{\"@type\":\"WebSite\",\"@id\":\"https:\/\/redfoxlotto.com\/tr\/#website\",\"url\":\"https:\/\/redfoxlotto.com\/tr\/\",\"name\":\"Get Tickets for the World\u2019s largest jackpots\",\"description\":\"Participate in worldwide lottery jackpots from any country\",\"publisher\":{\"@id\":\"https:\/\/redfoxlotto.com\/tr\/#organization\"},\"potentialAction\":[{\"@type\":\"SearchAction\",\"target\":{\"@type\":\"EntryPoint\",\"urlTemplate\":\"https:\/\/redfoxlotto.com\/tr\/?s={search_term_string}\"},\"query-input\":{\"@type\":\"PropertyValueSpecification\",\"valueRequired\":true,\"valueName\":\"search_term_string\"}}],\"inLanguage\":\"tr\"},{\"@type\":\"Organization\",\"@id\":\"https:\/\/redfoxlotto.com\/tr\/#organization\",\"name\":\"Get Tickets for the World\u2019s largest jackpots\",\"url\":\"https:\/\/redfoxlotto.com\/tr\/\",\"logo\":{\"@type\":\"ImageObject\",\"inLanguage\":\"tr\",\"@id\":\"https:\/\/redfoxlotto.com\/tr\/#\/schema\/logo\/image\/\",\"url\":\"https:\/\/redfoxlotto.com\/wp-content\/uploads\/2023\/04\/logo.png\",\"contentUrl\":\"https:\/\/redfoxlotto.com\/wp-content\/uploads\/2023\/04\/logo.png\",\"width\":269,\"height\":53,\"caption\":\"Get Tickets for the World\u2019s largest jackpots\"},\"image\":{\"@id\":\"https:\/\/redfoxlotto.com\/tr\/#\/schema\/logo\/image\/\"}}]}<\/script>\n<!-- \/ Yoast SEO plugin. -->","yoast_head_json":{"title":"Set for life loto i\u00e7in \u00e7ekili\u015f sonu\u00e7lar\u0131n\u0131 ve kazanan numaralar\u0131 al\u0131n","description":"Set for life \u00e7ekili\u015finin \u00e7ekili\u015f sonu\u00e7lar\u0131n\u0131 buradan kontrol edin","robots":{"index":"index","follow":"follow","max-snippet":"max-snippet:-1","max-image-preview":"max-image-preview:large","max-video-preview":"max-video-preview:-1"},"canonical":"https:\/\/redfoxlotto.com\/tr\/sonuclar\/set-for-life-uk\/","og_locale":"tr_TR","og_type":"article","og_title":"Set for life loto i\u00e7in \u00e7ekili\u015f sonu\u00e7lar\u0131n\u0131 ve kazanan numaralar\u0131 al\u0131n","og_description":"Set for life \u00e7ekili\u015finin \u00e7ekili\u015f sonu\u00e7lar\u0131n\u0131 buradan kontrol edin","og_url":"https:\/\/redfoxlotto.com\/tr\/sonuclar\/set-for-life-uk\/","og_site_name":"Get Tickets for the World\u2019s largest jackpots","article_modified_time":"2023-05-24T17:55:34+00:00","og_image":[{"url":"https:\/\/content.redfoxlotto.com\/uploads\/sites\/9\/1_results_winning_numbers2.jpg"}],"twitter_card":"summary_large_image","twitter_misc":{"Tahmini okuma s\u00fcresi":"1 dakika"},"schema":{"@context":"https:\/\/schema.org","@graph":[{"@type":"WebPage","@id":"https:\/\/redfoxlotto.com\/tr\/sonuclar\/set-for-life-uk\/","url":"https:\/\/redfoxlotto.com\/tr\/sonuclar\/set-for-life-uk\/","name":"Set for life loto i\u00e7in \u00e7ekili\u015f sonu\u00e7lar\u0131n\u0131 ve kazanan numaralar\u0131 al\u0131n","isPartOf":{"@id":"https:\/\/redfoxlotto.com\/tr\/#website"},"primaryImageOfPage":{"@id":"https:\/\/redfoxlotto.com\/tr\/sonuclar\/set-for-life-uk\/#primaryimage"},"image":{"@id":"https:\/\/redfoxlotto.com\/tr\/sonuclar\/set-for-life-uk\/#primaryimage"},"thumbnailUrl":"https:\/\/content.redfoxlotto.com\/uploads\/sites\/9\/1_results_winning_numbers2.jpg","datePublished":"2020-08-18T10:31:21+00:00","dateModified":"2023-05-24T17:55:34+00:00","description":"Set for life \u00e7ekili\u015finin \u00e7ekili\u015f sonu\u00e7lar\u0131n\u0131 buradan kontrol edin","breadcrumb":{"@id":"https:\/\/redfoxlotto.com\/tr\/sonuclar\/set-for-life-uk\/#breadcrumb"},"inLanguage":"tr","potentialAction":[{"@type":"ReadAction","target":["https:\/\/redfoxlotto.com\/tr\/sonuclar\/set-for-life-uk\/"]}]},{"@type":"ImageObject","inLanguage":"tr","@id":"https:\/\/redfoxlotto.com\/tr\/sonuclar\/set-for-life-uk\/#primaryimage","url":"https:\/\/content.redfoxlotto.com\/uploads\/sites\/9\/1_results_winning_numbers2.jpg","contentUrl":"https:\/\/content.redfoxlotto.com\/uploads\/sites\/9\/1_results_winning_numbers2.jpg"},{"@type":"BreadcrumbList","@id":"https:\/\/redfoxlotto.com\/tr\/sonuclar\/set-for-life-uk\/#breadcrumb","itemListElement":[{"@type":"ListItem","position":1,"name":"Home","item":"https:\/\/redfoxlotto.com\/tr\/"},{"@type":"ListItem","position":2,"name":"Uluslararas\u0131 loto sonu\u00e7lar\u0131","item":"https:\/\/redfoxlotto.com\/tr\/sonuclar\/"},{"@type":"ListItem","position":3,"name":"Set for life loto sonu\u00e7lar\u0131"}]},{"@type":"WebSite","@id":"https:\/\/redfoxlotto.com\/tr\/#website","url":"https:\/\/redfoxlotto.com\/tr\/","name":"Get Tickets for the World\u2019s largest jackpots","description":"Participate in worldwide lottery jackpots from any country","publisher":{"@id":"https:\/\/redfoxlotto.com\/tr\/#organization"},"potentialAction":[{"@type":"SearchAction","target":{"@type":"EntryPoint","urlTemplate":"https:\/\/redfoxlotto.com\/tr\/?s={search_term_string}"},"query-input":{"@type":"PropertyValueSpecification","valueRequired":true,"valueName":"search_term_string"}}],"inLanguage":"tr"},{"@type":"Organization","@id":"https:\/\/redfoxlotto.com\/tr\/#organization","name":"Get Tickets for the World\u2019s largest jackpots","url":"https:\/\/redfoxlotto.com\/tr\/","logo":{"@type":"ImageObject","inLanguage":"tr","@id":"https:\/\/redfoxlotto.com\/tr\/#\/schema\/logo\/image\/","url":"https:\/\/redfoxlotto.com\/wp-content\/uploads\/2023\/04\/logo.png","contentUrl":"https:\/\/redfoxlotto.com\/wp-content\/uploads\/2023\/04\/logo.png","width":269,"height":53,"caption":"Get Tickets for the World\u2019s largest jackpots"},"image":{"@id":"https:\/\/redfoxlotto.com\/tr\/#\/schema\/logo\/image\/"}}]}},"_links":{"self":[{"href":"https:\/\/redfoxlotto.com\/tr\/wp-json\/wp\/v2\/pages\/13550","targetHints":{"allow":["GET"]}}],"collection":[{"href":"https:\/\/redfoxlotto.com\/tr\/wp-json\/wp\/v2\/pages"}],"about":[{"href":"https:\/\/redfoxlotto.com\/tr\/wp-json\/wp\/v2\/types\/page"}],"author":[{"embeddable":true,"href":"https:\/\/redfoxlotto.com\/tr\/wp-json\/wp\/v2\/users\/1"}],"replies":[{"embeddable":true,"href":"https:\/\/redfoxlotto.com\/tr\/wp-json\/wp\/v2\/comments?post=13550"}],"version-history":[{"count":0,"href":"https:\/\/redfoxlotto.com\/tr\/wp-json\/wp\/v2\/pages\/13550\/revisions"}],"up":[{"embeddable":true,"href":"https:\/\/redfoxlotto.com\/tr\/wp-json\/wp\/v2\/pages\/2949"}],"wp:attachment":[{"href":"https:\/\/redfoxlotto.com\/tr\/wp-json\/wp\/v2\/media?parent=13550"}],"curies":[{"name":"wp","href":"https:\/\/api.w.org\/{rel}","templated":true}]}}