{"id":13515,"date":"2020-07-20T08:57:09","date_gmt":"2020-07-20T08:57:09","guid":{"rendered":"https:\/\/redfoxlotto.com\/?page_id=13515"},"modified":"2023-05-24T17:55:20","modified_gmt":"2023-05-24T17:55:20","slug":"mega-sena","status":"publish","type":"page","link":"https:\/\/redfoxlotto.com\/tr\/sonuclar\/mega-sena\/","title":{"rendered":"Mega Sena Sonu\u00e7lar\u0131"},"content":{"rendered":"<h2 class=\"wp-block-heading\">Mega Sena Brezilya Kazanan Numaralar<\/h2><p>Zaten Mega Sena&#8217;y\u0131 oynad\u0131ysan\u0131z, kazan\u0131p kazanmad\u0131\u011f\u0131n\u0131z\u0131 bilmeniz gerekir, de\u011fil mi? Peki, Mega Sena Brezilya kazanan numaralar\u0131n\u0131 nas\u0131l kontrol edeceksiniz? RedFoxLotto.com&#8217;da hesab\u0131n\u0131z\u0131 ziyaret edin. Oyunla ilgili en son sonu\u00e7lar\u0131 bulabilecek ve oynad\u0131ysan\u0131z onlar\u0131 daha da kolay bulabileceksiniz.<\/p><h2 class=\"wp-block-heading\">Numaralar\u0131n\u0131z\u0131 Kontrol Etme<\/h2><p><img loading=\"lazy\" decoding=\"async\" class=\" wp-image alignright\" src=\"https:\/\/content.redfoxlotto.com\/uploads\/sites\/9\/1_you_win_jackpot.jpg\" alt=\"piyango ikramiyesi kazan\" width=\"257\" height=\"257\" \/><\/p><p>Mega Sena Brezilya&#8217;da kazan\u0131p kazanmad\u0131\u011f\u0131n\u0131z\u0131 \u00f6\u011frenmek istiyorsan\u0131z, sadece hesab\u0131n\u0131zdaki biletler sayfan\u0131za gidin. Buradan, kazanan numaralara k\u0131yasla numaralar\u0131n\u0131z\u0131 g\u00f6rebilirsiniz. Bu, neyi kazand\u0131\u011f\u0131n\u0131z\u0131 ve hangi say\u0131lar\u0131n iyi olup olmad\u0131\u011f\u0131n\u0131 bilmenizi daha da kolayla\u015ft\u0131r\u0131r.<\/p><p>Ancak hi\u00e7bir \u015fey i\u00e7in endi\u015felenmenize gerek yok \u00e7\u00fcnk\u00fc kazand\u0131\u011f\u0131n\u0131z her \u015fey sizin ad\u0131n\u0131za otomatik olarak talep edilecek ve ard\u0131ndan hesab\u0131n\u0131za yat\u0131r\u0131lacakt\u0131r. Bu \u015fekilde, biletinizi ald\u0131ktan sonra arkan\u0131za yaslan\u0131p rahatlayabilirsiniz. En az\u0131ndan bir sonrakini alma zaman\u0131 gelene kadar.<\/p><h2 class=\"wp-block-heading\">Eski Kazanan Numaralar\u0131 Kontrol Etme<\/h2><p>Kontrol etmek istedi\u011finiz daha eski bir biletiniz varsa ar\u015five bakarak yapabilirsiniz. Eski Mega Sena Brezilya kazanan say\u0131lar\u0131n\u0131 incelemek, bu say\u0131lardan baz\u0131lar\u0131na bahis oynamay\u0131 planl\u0131yorsan\u0131z da iyidir. Tek yapman\u0131z gereken bir g\u00f6z atmak ve hangi say\u0131lar\u0131n daha s\u0131k (veya daha az) geldi\u011fini g\u00f6rebilirsiniz.<\/p>","protected":false},"excerpt":{"rendered":"<p>Mega Sena Brezilya Kazanan Numaralar Zaten Mega Sena&#8217;y\u0131 oynad\u0131ysan\u0131z, kazan\u0131p kazanmad\u0131\u011f\u0131n\u0131z\u0131 bilmeniz gerekir, de\u011fil mi? Peki, Mega Sena Brezilya kazanan numaralar\u0131n\u0131 nas\u0131l kontrol edeceksiniz? RedFoxLotto.com&#8217;da hesab\u0131n\u0131z\u0131 ziyaret edin. Oyunla ilgili en son sonu\u00e7lar\u0131 bulabilecek ve oynad\u0131ysan\u0131z onlar\u0131 daha da kolay bulabileceksiniz. Numaralar\u0131n\u0131z\u0131 Kontrol Etme Mega Sena Brezilya&#8217;da kazan\u0131p kazanmad\u0131\u011f\u0131n\u0131z\u0131 \u00f6\u011frenmek istiyorsan\u0131z, sadece hesab\u0131n\u0131zdaki biletler sayfan\u0131za [&hellip;]<\/p>\n","protected":false},"author":1,"featured_media":0,"parent":2949,"menu_order":13,"comment_status":"closed","ping_status":"closed","template":"megasena-results.php","meta":{"_et_pb_use_builder":"","_et_pb_old_content":"","_et_gb_content_width":"","exclude_from_search":false,"footnotes":""},"class_list":["post-13515","page","type-page","status-publish","hentry"],"yoast_head":"<!-- This site is optimized with the Yoast SEO plugin v23.8 - https:\/\/yoast.com\/wordpress\/plugins\/seo\/ -->\n<title>Kazanan numaralar Mega Sena | Brezilya&#039;dan Mega Sena i\u00e7in \u00e7ekili\u015f sonu\u00e7lar\u0131<\/title>\n<meta name=\"description\" content=\"Mega Sena i\u00e7in en yeni ve ge\u00e7mi\u015f kazanan numaralar\u0131 kontrol edin\" \/>\n<meta name=\"robots\" content=\"index, follow, max-snippet:-1, max-image-preview:large, max-video-preview:-1\" \/>\n<link rel=\"canonical\" href=\"https:\/\/redfoxlotto.com\/tr\/sonuclar\/mega-sena\/\" \/>\n<meta property=\"og:locale\" content=\"tr_TR\" \/>\n<meta property=\"og:type\" content=\"article\" \/>\n<meta property=\"og:title\" content=\"Kazanan numaralar Mega Sena | Brezilya&#039;dan Mega Sena i\u00e7in \u00e7ekili\u015f sonu\u00e7lar\u0131\" \/>\n<meta property=\"og:description\" content=\"Mega Sena i\u00e7in en yeni ve ge\u00e7mi\u015f kazanan numaralar\u0131 kontrol edin\" \/>\n<meta property=\"og:url\" content=\"https:\/\/redfoxlotto.com\/tr\/sonuclar\/mega-sena\/\" \/>\n<meta property=\"og:site_name\" content=\"Get Tickets for the World\u2019s largest jackpots\" \/>\n<meta property=\"article:modified_time\" content=\"2023-05-24T17:55:20+00:00\" \/>\n<meta property=\"og:image\" content=\"https:\/\/content.redfoxlotto.com\/uploads\/sites\/9\/1_you_win_jackpot.jpg\" \/>\n<meta name=\"twitter:card\" content=\"summary_large_image\" \/>\n<meta name=\"twitter:label1\" content=\"Tahmini okuma s\u00fcresi\" \/>\n\t<meta name=\"twitter:data1\" content=\"1 dakika\" \/>\n<script type=\"application\/ld+json\" class=\"yoast-schema-graph\">{\"@context\":\"https:\/\/schema.org\",\"@graph\":[{\"@type\":\"WebPage\",\"@id\":\"https:\/\/redfoxlotto.com\/tr\/sonuclar\/mega-sena\/\",\"url\":\"https:\/\/redfoxlotto.com\/tr\/sonuclar\/mega-sena\/\",\"name\":\"Kazanan numaralar Mega Sena | Brezilya'dan Mega Sena i\u00e7in \u00e7ekili\u015f sonu\u00e7lar\u0131\",\"isPartOf\":{\"@id\":\"https:\/\/redfoxlotto.com\/tr\/#website\"},\"primaryImageOfPage\":{\"@id\":\"https:\/\/redfoxlotto.com\/tr\/sonuclar\/mega-sena\/#primaryimage\"},\"image\":{\"@id\":\"https:\/\/redfoxlotto.com\/tr\/sonuclar\/mega-sena\/#primaryimage\"},\"thumbnailUrl\":\"https:\/\/content.redfoxlotto.com\/uploads\/sites\/9\/1_you_win_jackpot.jpg\",\"datePublished\":\"2020-07-20T08:57:09+00:00\",\"dateModified\":\"2023-05-24T17:55:20+00:00\",\"description\":\"Mega Sena i\u00e7in en yeni ve ge\u00e7mi\u015f kazanan numaralar\u0131 kontrol edin\",\"breadcrumb\":{\"@id\":\"https:\/\/redfoxlotto.com\/tr\/sonuclar\/mega-sena\/#breadcrumb\"},\"inLanguage\":\"tr\",\"potentialAction\":[{\"@type\":\"ReadAction\",\"target\":[\"https:\/\/redfoxlotto.com\/tr\/sonuclar\/mega-sena\/\"]}]},{\"@type\":\"ImageObject\",\"inLanguage\":\"tr\",\"@id\":\"https:\/\/redfoxlotto.com\/tr\/sonuclar\/mega-sena\/#primaryimage\",\"url\":\"https:\/\/content.redfoxlotto.com\/uploads\/sites\/9\/1_you_win_jackpot.jpg\",\"contentUrl\":\"https:\/\/content.redfoxlotto.com\/uploads\/sites\/9\/1_you_win_jackpot.jpg\"},{\"@type\":\"BreadcrumbList\",\"@id\":\"https:\/\/redfoxlotto.com\/tr\/sonuclar\/mega-sena\/#breadcrumb\",\"itemListElement\":[{\"@type\":\"ListItem\",\"position\":1,\"name\":\"Home\",\"item\":\"https:\/\/redfoxlotto.com\/tr\/\"},{\"@type\":\"ListItem\",\"position\":2,\"name\":\"Uluslararas\u0131 loto sonu\u00e7lar\u0131\",\"item\":\"https:\/\/redfoxlotto.com\/tr\/sonuclar\/\"},{\"@type\":\"ListItem\",\"position\":3,\"name\":\"Mega Sena Sonu\u00e7lar\u0131\"}]},{\"@type\":\"WebSite\",\"@id\":\"https:\/\/redfoxlotto.com\/tr\/#website\",\"url\":\"https:\/\/redfoxlotto.com\/tr\/\",\"name\":\"Get Tickets for the World\u2019s largest jackpots\",\"description\":\"Participate in worldwide lottery jackpots from any country\",\"publisher\":{\"@id\":\"https:\/\/redfoxlotto.com\/tr\/#organization\"},\"potentialAction\":[{\"@type\":\"SearchAction\",\"target\":{\"@type\":\"EntryPoint\",\"urlTemplate\":\"https:\/\/redfoxlotto.com\/tr\/?s={search_term_string}\"},\"query-input\":{\"@type\":\"PropertyValueSpecification\",\"valueRequired\":true,\"valueName\":\"search_term_string\"}}],\"inLanguage\":\"tr\"},{\"@type\":\"Organization\",\"@id\":\"https:\/\/redfoxlotto.com\/tr\/#organization\",\"name\":\"Get Tickets for the World\u2019s largest jackpots\",\"url\":\"https:\/\/redfoxlotto.com\/tr\/\",\"logo\":{\"@type\":\"ImageObject\",\"inLanguage\":\"tr\",\"@id\":\"https:\/\/redfoxlotto.com\/tr\/#\/schema\/logo\/image\/\",\"url\":\"https:\/\/redfoxlotto.com\/wp-content\/uploads\/2023\/04\/logo.png\",\"contentUrl\":\"https:\/\/redfoxlotto.com\/wp-content\/uploads\/2023\/04\/logo.png\",\"width\":269,\"height\":53,\"caption\":\"Get Tickets for the World\u2019s largest jackpots\"},\"image\":{\"@id\":\"https:\/\/redfoxlotto.com\/tr\/#\/schema\/logo\/image\/\"}}]}<\/script>\n<!-- \/ Yoast SEO plugin. -->","yoast_head_json":{"title":"Kazanan numaralar Mega Sena | Brezilya'dan Mega Sena i\u00e7in \u00e7ekili\u015f sonu\u00e7lar\u0131","description":"Mega Sena i\u00e7in en yeni ve ge\u00e7mi\u015f kazanan numaralar\u0131 kontrol edin","robots":{"index":"index","follow":"follow","max-snippet":"max-snippet:-1","max-image-preview":"max-image-preview:large","max-video-preview":"max-video-preview:-1"},"canonical":"https:\/\/redfoxlotto.com\/tr\/sonuclar\/mega-sena\/","og_locale":"tr_TR","og_type":"article","og_title":"Kazanan numaralar Mega Sena | Brezilya'dan Mega Sena i\u00e7in \u00e7ekili\u015f sonu\u00e7lar\u0131","og_description":"Mega Sena i\u00e7in en yeni ve ge\u00e7mi\u015f kazanan numaralar\u0131 kontrol edin","og_url":"https:\/\/redfoxlotto.com\/tr\/sonuclar\/mega-sena\/","og_site_name":"Get Tickets for the World\u2019s largest jackpots","article_modified_time":"2023-05-24T17:55:20+00:00","og_image":[{"url":"https:\/\/content.redfoxlotto.com\/uploads\/sites\/9\/1_you_win_jackpot.jpg"}],"twitter_card":"summary_large_image","twitter_misc":{"Tahmini okuma s\u00fcresi":"1 dakika"},"schema":{"@context":"https:\/\/schema.org","@graph":[{"@type":"WebPage","@id":"https:\/\/redfoxlotto.com\/tr\/sonuclar\/mega-sena\/","url":"https:\/\/redfoxlotto.com\/tr\/sonuclar\/mega-sena\/","name":"Kazanan numaralar Mega Sena | Brezilya'dan Mega Sena i\u00e7in \u00e7ekili\u015f sonu\u00e7lar\u0131","isPartOf":{"@id":"https:\/\/redfoxlotto.com\/tr\/#website"},"primaryImageOfPage":{"@id":"https:\/\/redfoxlotto.com\/tr\/sonuclar\/mega-sena\/#primaryimage"},"image":{"@id":"https:\/\/redfoxlotto.com\/tr\/sonuclar\/mega-sena\/#primaryimage"},"thumbnailUrl":"https:\/\/content.redfoxlotto.com\/uploads\/sites\/9\/1_you_win_jackpot.jpg","datePublished":"2020-07-20T08:57:09+00:00","dateModified":"2023-05-24T17:55:20+00:00","description":"Mega Sena i\u00e7in en yeni ve ge\u00e7mi\u015f kazanan numaralar\u0131 kontrol edin","breadcrumb":{"@id":"https:\/\/redfoxlotto.com\/tr\/sonuclar\/mega-sena\/#breadcrumb"},"inLanguage":"tr","potentialAction":[{"@type":"ReadAction","target":["https:\/\/redfoxlotto.com\/tr\/sonuclar\/mega-sena\/"]}]},{"@type":"ImageObject","inLanguage":"tr","@id":"https:\/\/redfoxlotto.com\/tr\/sonuclar\/mega-sena\/#primaryimage","url":"https:\/\/content.redfoxlotto.com\/uploads\/sites\/9\/1_you_win_jackpot.jpg","contentUrl":"https:\/\/content.redfoxlotto.com\/uploads\/sites\/9\/1_you_win_jackpot.jpg"},{"@type":"BreadcrumbList","@id":"https:\/\/redfoxlotto.com\/tr\/sonuclar\/mega-sena\/#breadcrumb","itemListElement":[{"@type":"ListItem","position":1,"name":"Home","item":"https:\/\/redfoxlotto.com\/tr\/"},{"@type":"ListItem","position":2,"name":"Uluslararas\u0131 loto sonu\u00e7lar\u0131","item":"https:\/\/redfoxlotto.com\/tr\/sonuclar\/"},{"@type":"ListItem","position":3,"name":"Mega Sena Sonu\u00e7lar\u0131"}]},{"@type":"WebSite","@id":"https:\/\/redfoxlotto.com\/tr\/#website","url":"https:\/\/redfoxlotto.com\/tr\/","name":"Get Tickets for the World\u2019s largest jackpots","description":"Participate in worldwide lottery jackpots from any country","publisher":{"@id":"https:\/\/redfoxlotto.com\/tr\/#organization"},"potentialAction":[{"@type":"SearchAction","target":{"@type":"EntryPoint","urlTemplate":"https:\/\/redfoxlotto.com\/tr\/?s={search_term_string}"},"query-input":{"@type":"PropertyValueSpecification","valueRequired":true,"valueName":"search_term_string"}}],"inLanguage":"tr"},{"@type":"Organization","@id":"https:\/\/redfoxlotto.com\/tr\/#organization","name":"Get Tickets for the World\u2019s largest jackpots","url":"https:\/\/redfoxlotto.com\/tr\/","logo":{"@type":"ImageObject","inLanguage":"tr","@id":"https:\/\/redfoxlotto.com\/tr\/#\/schema\/logo\/image\/","url":"https:\/\/redfoxlotto.com\/wp-content\/uploads\/2023\/04\/logo.png","contentUrl":"https:\/\/redfoxlotto.com\/wp-content\/uploads\/2023\/04\/logo.png","width":269,"height":53,"caption":"Get Tickets for the World\u2019s largest jackpots"},"image":{"@id":"https:\/\/redfoxlotto.com\/tr\/#\/schema\/logo\/image\/"}}]}},"_links":{"self":[{"href":"https:\/\/redfoxlotto.com\/tr\/wp-json\/wp\/v2\/pages\/13515","targetHints":{"allow":["GET"]}}],"collection":[{"href":"https:\/\/redfoxlotto.com\/tr\/wp-json\/wp\/v2\/pages"}],"about":[{"href":"https:\/\/redfoxlotto.com\/tr\/wp-json\/wp\/v2\/types\/page"}],"author":[{"embeddable":true,"href":"https:\/\/redfoxlotto.com\/tr\/wp-json\/wp\/v2\/users\/1"}],"replies":[{"embeddable":true,"href":"https:\/\/redfoxlotto.com\/tr\/wp-json\/wp\/v2\/comments?post=13515"}],"version-history":[{"count":0,"href":"https:\/\/redfoxlotto.com\/tr\/wp-json\/wp\/v2\/pages\/13515\/revisions"}],"up":[{"embeddable":true,"href":"https:\/\/redfoxlotto.com\/tr\/wp-json\/wp\/v2\/pages\/2949"}],"wp:attachment":[{"href":"https:\/\/redfoxlotto.com\/tr\/wp-json\/wp\/v2\/media?parent=13515"}],"curies":[{"name":"wp","href":"https:\/\/api.w.org\/{rel}","templated":true}]}}