{"id":13479,"date":"2020-08-18T09:14:14","date_gmt":"2020-08-18T09:14:14","guid":{"rendered":"https:\/\/redfoxlotto.com\/?page_id=13479"},"modified":"2023-05-10T18:53:54","modified_gmt":"2023-05-10T18:53:54","slug":"lotto-at","status":"publish","type":"page","link":"https:\/\/redfoxlotto.com\/tr\/sonuclar\/lotto-at\/","title":{"rendered":"Lotto Austria Sonu\u00e7lar\u0131"},"content":{"rendered":"<h2 class=\"wp-block-heading\">Avusturya Loto Kazanan Say\u0131lar<\/h2><p>\u00c7ekili\u015f bittikten sonra Avusturya Loto&#8217;sunu kazanan numaralar\u0131 nerede bulacaks\u0131n\u0131z? Tek yapman\u0131z gereken, biletlerinizi sat\u0131n ald\u0131\u011f\u0131n\u0131z web sitemize giri\u015f yapmak ve numaralar sizin i\u00e7in orada olacak.<\/p><h2 class=\"wp-block-heading\">En Son Sonu\u00e7lar\u0131 Kontrol Etme<\/h2><p>RedFoxLotto.com ile t\u00fcm favori oyunlar\u0131n\u0131z i\u00e7in en son sonu\u00e7lar\u0131 do\u011frudan web sitemizde bulabilirsiniz. Hi\u00e7bir \u015fey i\u00e7in endi\u015felenmenize gerek yok \u00e7\u00fcnk\u00fc her \u015fey tam orada olacak. Ancak kendi biletlerinizi sat\u0131n ald\u0131ysan\u0131z, do\u011fru sonu\u00e7lar\u0131 bulmak asl\u0131nda daha da kolay olacak<\/p><h2 class=\"wp-block-heading\">Sonu\u00e7lar\u0131n\u0131z\u0131 Kontrol Etme<\/h2><p>Biletlerinizde Avusturya Loto kazanan numaralar\u0131 varsa, bunu hemen \u00f6\u011freneceksiniz. Bunun nedeni, ki\u015fisel hesab\u0131n\u0131za giri\u015f yapman\u0131z, &#8220;biletlerime&#8221; g\u00f6z atman\u0131z ve en son \u00e7izimlerden hangi numaralar\u0131n kazanan numaralarla e\u015fle\u015fti\u011fini g\u00f6rmenizdir.<\/p><p>Herhangi bir oyun i\u00e7in sat\u0131n ald\u0131\u011f\u0131n\u0131z t\u00fcm biletler burada mevcut olacak ve kazanan biletle hangi numaralar\u0131n ortak oldu\u011funu ve ne kazanm\u0131\u015f olabilece\u011finizi g\u00f6rebileceksiniz. 2500,00 \u20ac \u00fczerindeki bir miktar ise, sizin i\u00e7in hemen hesab\u0131n\u0131za yat\u0131r\u0131lacakt\u0131r.<\/p><h2 class=\"wp-block-heading\">Avusturya loto sonu\u00e7lar\u0131 ar\u015fivi<\/h2><p>Mevcut Avusturya Loto kazanan numaralar\u0131n\u0131 \u00f6\u011frendikten sonra, eski say\u0131lardan baz\u0131lar\u0131n\u0131 bilmek isteyebilirsiniz. Tek yapman\u0131z gereken sonu\u00e7 ar\u015fivine bakmakt\u0131r ve ge\u00e7mi\u015fte hangi say\u0131lar\u0131n kazand\u0131\u011f\u0131n\u0131 ve hangilerinin daha \u00e7ok kazanma e\u011filiminde oldu\u011funu g\u00f6rebilirsiniz.<\/p>","protected":false},"excerpt":{"rendered":"<p>Avusturya Loto Kazanan Say\u0131lar \u00c7ekili\u015f bittikten sonra Avusturya Loto&#8217;sunu kazanan numaralar\u0131 nerede bulacaks\u0131n\u0131z? Tek yapman\u0131z gereken, biletlerinizi sat\u0131n ald\u0131\u011f\u0131n\u0131z web sitemize giri\u015f yapmak ve numaralar sizin i\u00e7in orada olacak. En Son Sonu\u00e7lar\u0131 Kontrol Etme RedFoxLotto.com ile t\u00fcm favori oyunlar\u0131n\u0131z i\u00e7in en son sonu\u00e7lar\u0131 do\u011frudan web sitemizde bulabilirsiniz. Hi\u00e7bir \u015fey i\u00e7in endi\u015felenmenize gerek yok \u00e7\u00fcnk\u00fc her [&hellip;]<\/p>\n","protected":false},"author":1,"featured_media":0,"parent":2949,"menu_order":16,"comment_status":"closed","ping_status":"closed","template":"","meta":{"_et_pb_use_builder":"","_et_pb_old_content":"","_et_gb_content_width":"","exclude_from_search":false,"footnotes":""},"class_list":["post-13479","page","type-page","status-publish","hentry"],"yoast_head":"<!-- This site is optimized with the Yoast SEO plugin v23.8 - https:\/\/yoast.com\/wordpress\/plugins\/seo\/ -->\n<title>Avusturya piyangosu i\u00e7in kazanan numaralar ve sonu\u00e7lar<\/title>\n<meta name=\"description\" content=\"Avusturya piyangosu i\u00e7in haftal\u0131k yeni ve ge\u00e7mi\u015f \u00e7ekili\u015f sonu\u00e7lar\u0131\" \/>\n<meta name=\"robots\" content=\"index, follow, max-snippet:-1, max-image-preview:large, max-video-preview:-1\" \/>\n<link rel=\"canonical\" href=\"https:\/\/redfoxlotto.com\/tr\/sonuclar\/lotto-at\/\" \/>\n<meta property=\"og:locale\" content=\"tr_TR\" \/>\n<meta property=\"og:type\" content=\"article\" \/>\n<meta property=\"og:title\" content=\"Avusturya piyangosu i\u00e7in kazanan numaralar ve sonu\u00e7lar\" \/>\n<meta property=\"og:description\" content=\"Avusturya piyangosu i\u00e7in haftal\u0131k yeni ve ge\u00e7mi\u015f \u00e7ekili\u015f sonu\u00e7lar\u0131\" \/>\n<meta property=\"og:url\" content=\"https:\/\/redfoxlotto.com\/tr\/sonuclar\/lotto-at\/\" \/>\n<meta property=\"og:site_name\" content=\"Get Tickets for the World\u2019s largest jackpots\" \/>\n<meta property=\"article:modified_time\" content=\"2023-05-10T18:53:54+00:00\" \/>\n<meta name=\"twitter:card\" content=\"summary_large_image\" \/>\n<meta name=\"twitter:label1\" content=\"Tahmini okuma s\u00fcresi\" \/>\n\t<meta name=\"twitter:data1\" content=\"1 dakika\" \/>\n<script type=\"application\/ld+json\" class=\"yoast-schema-graph\">{\"@context\":\"https:\/\/schema.org\",\"@graph\":[{\"@type\":\"WebPage\",\"@id\":\"https:\/\/redfoxlotto.com\/tr\/sonuclar\/lotto-at\/\",\"url\":\"https:\/\/redfoxlotto.com\/tr\/sonuclar\/lotto-at\/\",\"name\":\"Avusturya piyangosu i\u00e7in kazanan numaralar ve sonu\u00e7lar\",\"isPartOf\":{\"@id\":\"https:\/\/redfoxlotto.com\/tr\/#website\"},\"datePublished\":\"2020-08-18T09:14:14+00:00\",\"dateModified\":\"2023-05-10T18:53:54+00:00\",\"description\":\"Avusturya piyangosu i\u00e7in haftal\u0131k yeni ve ge\u00e7mi\u015f \u00e7ekili\u015f sonu\u00e7lar\u0131\",\"breadcrumb\":{\"@id\":\"https:\/\/redfoxlotto.com\/tr\/sonuclar\/lotto-at\/#breadcrumb\"},\"inLanguage\":\"tr\",\"potentialAction\":[{\"@type\":\"ReadAction\",\"target\":[\"https:\/\/redfoxlotto.com\/tr\/sonuclar\/lotto-at\/\"]}]},{\"@type\":\"BreadcrumbList\",\"@id\":\"https:\/\/redfoxlotto.com\/tr\/sonuclar\/lotto-at\/#breadcrumb\",\"itemListElement\":[{\"@type\":\"ListItem\",\"position\":1,\"name\":\"Home\",\"item\":\"https:\/\/redfoxlotto.com\/tr\/\"},{\"@type\":\"ListItem\",\"position\":2,\"name\":\"Uluslararas\u0131 loto sonu\u00e7lar\u0131\",\"item\":\"https:\/\/redfoxlotto.com\/tr\/sonuclar\/\"},{\"@type\":\"ListItem\",\"position\":3,\"name\":\"Lotto Austria Sonu\u00e7lar\u0131\"}]},{\"@type\":\"WebSite\",\"@id\":\"https:\/\/redfoxlotto.com\/tr\/#website\",\"url\":\"https:\/\/redfoxlotto.com\/tr\/\",\"name\":\"Get Tickets for the World\u2019s largest jackpots\",\"description\":\"Participate in worldwide lottery jackpots from any country\",\"publisher\":{\"@id\":\"https:\/\/redfoxlotto.com\/tr\/#organization\"},\"potentialAction\":[{\"@type\":\"SearchAction\",\"target\":{\"@type\":\"EntryPoint\",\"urlTemplate\":\"https:\/\/redfoxlotto.com\/tr\/?s={search_term_string}\"},\"query-input\":{\"@type\":\"PropertyValueSpecification\",\"valueRequired\":true,\"valueName\":\"search_term_string\"}}],\"inLanguage\":\"tr\"},{\"@type\":\"Organization\",\"@id\":\"https:\/\/redfoxlotto.com\/tr\/#organization\",\"name\":\"Get Tickets for the World\u2019s largest jackpots\",\"url\":\"https:\/\/redfoxlotto.com\/tr\/\",\"logo\":{\"@type\":\"ImageObject\",\"inLanguage\":\"tr\",\"@id\":\"https:\/\/redfoxlotto.com\/tr\/#\/schema\/logo\/image\/\",\"url\":\"https:\/\/redfoxlotto.com\/wp-content\/uploads\/2023\/04\/logo.png\",\"contentUrl\":\"https:\/\/redfoxlotto.com\/wp-content\/uploads\/2023\/04\/logo.png\",\"width\":269,\"height\":53,\"caption\":\"Get Tickets for the World\u2019s largest jackpots\"},\"image\":{\"@id\":\"https:\/\/redfoxlotto.com\/tr\/#\/schema\/logo\/image\/\"}}]}<\/script>\n<!-- \/ Yoast SEO plugin. -->","yoast_head_json":{"title":"Avusturya piyangosu i\u00e7in kazanan numaralar ve sonu\u00e7lar","description":"Avusturya piyangosu i\u00e7in haftal\u0131k yeni ve ge\u00e7mi\u015f \u00e7ekili\u015f sonu\u00e7lar\u0131","robots":{"index":"index","follow":"follow","max-snippet":"max-snippet:-1","max-image-preview":"max-image-preview:large","max-video-preview":"max-video-preview:-1"},"canonical":"https:\/\/redfoxlotto.com\/tr\/sonuclar\/lotto-at\/","og_locale":"tr_TR","og_type":"article","og_title":"Avusturya piyangosu i\u00e7in kazanan numaralar ve sonu\u00e7lar","og_description":"Avusturya piyangosu i\u00e7in haftal\u0131k yeni ve ge\u00e7mi\u015f \u00e7ekili\u015f sonu\u00e7lar\u0131","og_url":"https:\/\/redfoxlotto.com\/tr\/sonuclar\/lotto-at\/","og_site_name":"Get Tickets for the World\u2019s largest jackpots","article_modified_time":"2023-05-10T18:53:54+00:00","twitter_card":"summary_large_image","twitter_misc":{"Tahmini okuma s\u00fcresi":"1 dakika"},"schema":{"@context":"https:\/\/schema.org","@graph":[{"@type":"WebPage","@id":"https:\/\/redfoxlotto.com\/tr\/sonuclar\/lotto-at\/","url":"https:\/\/redfoxlotto.com\/tr\/sonuclar\/lotto-at\/","name":"Avusturya piyangosu i\u00e7in kazanan numaralar ve sonu\u00e7lar","isPartOf":{"@id":"https:\/\/redfoxlotto.com\/tr\/#website"},"datePublished":"2020-08-18T09:14:14+00:00","dateModified":"2023-05-10T18:53:54+00:00","description":"Avusturya piyangosu i\u00e7in haftal\u0131k yeni ve ge\u00e7mi\u015f \u00e7ekili\u015f sonu\u00e7lar\u0131","breadcrumb":{"@id":"https:\/\/redfoxlotto.com\/tr\/sonuclar\/lotto-at\/#breadcrumb"},"inLanguage":"tr","potentialAction":[{"@type":"ReadAction","target":["https:\/\/redfoxlotto.com\/tr\/sonuclar\/lotto-at\/"]}]},{"@type":"BreadcrumbList","@id":"https:\/\/redfoxlotto.com\/tr\/sonuclar\/lotto-at\/#breadcrumb","itemListElement":[{"@type":"ListItem","position":1,"name":"Home","item":"https:\/\/redfoxlotto.com\/tr\/"},{"@type":"ListItem","position":2,"name":"Uluslararas\u0131 loto sonu\u00e7lar\u0131","item":"https:\/\/redfoxlotto.com\/tr\/sonuclar\/"},{"@type":"ListItem","position":3,"name":"Lotto Austria Sonu\u00e7lar\u0131"}]},{"@type":"WebSite","@id":"https:\/\/redfoxlotto.com\/tr\/#website","url":"https:\/\/redfoxlotto.com\/tr\/","name":"Get Tickets for the World\u2019s largest jackpots","description":"Participate in worldwide lottery jackpots from any country","publisher":{"@id":"https:\/\/redfoxlotto.com\/tr\/#organization"},"potentialAction":[{"@type":"SearchAction","target":{"@type":"EntryPoint","urlTemplate":"https:\/\/redfoxlotto.com\/tr\/?s={search_term_string}"},"query-input":{"@type":"PropertyValueSpecification","valueRequired":true,"valueName":"search_term_string"}}],"inLanguage":"tr"},{"@type":"Organization","@id":"https:\/\/redfoxlotto.com\/tr\/#organization","name":"Get Tickets for the World\u2019s largest jackpots","url":"https:\/\/redfoxlotto.com\/tr\/","logo":{"@type":"ImageObject","inLanguage":"tr","@id":"https:\/\/redfoxlotto.com\/tr\/#\/schema\/logo\/image\/","url":"https:\/\/redfoxlotto.com\/wp-content\/uploads\/2023\/04\/logo.png","contentUrl":"https:\/\/redfoxlotto.com\/wp-content\/uploads\/2023\/04\/logo.png","width":269,"height":53,"caption":"Get Tickets for the World\u2019s largest jackpots"},"image":{"@id":"https:\/\/redfoxlotto.com\/tr\/#\/schema\/logo\/image\/"}}]}},"_links":{"self":[{"href":"https:\/\/redfoxlotto.com\/tr\/wp-json\/wp\/v2\/pages\/13479","targetHints":{"allow":["GET"]}}],"collection":[{"href":"https:\/\/redfoxlotto.com\/tr\/wp-json\/wp\/v2\/pages"}],"about":[{"href":"https:\/\/redfoxlotto.com\/tr\/wp-json\/wp\/v2\/types\/page"}],"author":[{"embeddable":true,"href":"https:\/\/redfoxlotto.com\/tr\/wp-json\/wp\/v2\/users\/1"}],"replies":[{"embeddable":true,"href":"https:\/\/redfoxlotto.com\/tr\/wp-json\/wp\/v2\/comments?post=13479"}],"version-history":[{"count":0,"href":"https:\/\/redfoxlotto.com\/tr\/wp-json\/wp\/v2\/pages\/13479\/revisions"}],"up":[{"embeddable":true,"href":"https:\/\/redfoxlotto.com\/tr\/wp-json\/wp\/v2\/pages\/2949"}],"wp:attachment":[{"href":"https:\/\/redfoxlotto.com\/tr\/wp-json\/wp\/v2\/media?parent=13479"}],"curies":[{"name":"wp","href":"https:\/\/api.w.org\/{rel}","templated":true}]}}