{"id":13443,"date":"2020-08-18T09:11:18","date_gmt":"2020-08-18T09:11:18","guid":{"rendered":"https:\/\/redfoxlotto.com\/?page_id=13443"},"modified":"2023-05-24T17:55:14","modified_gmt":"2023-05-24T17:55:14","slug":"lotto-america","status":"publish","type":"page","link":"https:\/\/redfoxlotto.com\/tr\/sonuclar\/lotto-america\/","title":{"rendered":"Lotto America Sonu\u00e7lar\u0131"},"content":{"rendered":"<p>Rakamlar\u0131n\u0131z\u0131 se\u00e7tikten ve biletinizi ald\u0131ktan sonra, ger\u00e7ekten kazan\u0131p kazanmad\u0131\u011f\u0131n\u0131z\u0131 nas\u0131l anlayacaks\u0131n\u0131z? Olduk\u00e7a basit. Tek yapman\u0131z gereken RedFoxLotto&#8217;yu kontrol etmek. Bilet sat\u0131n almad\u0131ysan\u0131z, en son oyunlar\u0131n t\u00fcm\u00fc i\u00e7in kazanan say\u0131lar\u0131 yine de g\u00f6rebilirsiniz, bu da sizin i\u00e7in en iyi olas\u0131l\u0131klar\u0131 bulabilece\u011finiz anlam\u0131na gelir. E\u011fer oynad\u0131ysan\u0131z, kazanan numaralar\u0131 ve biletlerinizin nas\u0131l kar\u015f\u0131la\u015ft\u0131r\u0131ld\u0131\u011f\u0131n\u0131 g\u00f6rmek i\u00e7in do\u011frudan hesab\u0131n\u0131za giri\u015f yapabilirsiniz. Hangi kazan\u00e7lara hak kazand\u0131\u011f\u0131n\u0131z\u0131 g\u00f6rebilmeniz i\u00e7in sahip olabilece\u011finiz e\u015fle\u015fen numaralar\u0131 g\u00f6rebileceksiniz. Bunun i\u00e7in endi\u015felenmenize gerek yok \u00e7\u00fcnk\u00fc RedFoxLotto bu b\u00f6l\u00fcm\u00fc sizin i\u00e7in de hallediyor.<\/p><h2 class=\"wp-block-heading\">Lotto America&#8217;y\u0131 Kazanma<\/h2><p><img loading=\"lazy\" decoding=\"async\" class=\" wp-image alignright\" src=\"https:\/\/content.redfoxlotto.com\/uploads\/sites\/9\/1_draw_results_lotto.jpg\" alt=\"\u00e7ekili\u015f sonu\u00e7lar\u0131 loto amerika\" width=\"266\" height=\"188\" \/><\/p><p>Lotto America veya ba\u015fka bir \u00e7evrimi\u00e7i piyango oyunu kazan\u0131rsan\u0131z, sizin yerinize halledilir. Sonu\u00e7lar gelir gelmez k\u00fc\u00e7\u00fck \u00f6d\u00fcller hemen \u00f6denecektir. Bu \u00f6d\u00fclleri talep etmek i\u00e7in hi\u00e7bir \u015fey yapman\u0131z gerekmiyor. Paray\u0131 \u00e7ekebilmeniz veya ba\u015fka bir bilet sat\u0131n alabilmeniz i\u00e7in do\u011frudan hesab\u0131n\u0131za eklenirler.<\/p><p>Daha b\u00fcy\u00fck \u00f6d\u00fcller kazan\u0131rsan\u0131z, oynad\u0131\u011f\u0131n\u0131z piyangoya ba\u011fl\u0131 olarak gereksinimler olacakt\u0131r. Durum buysa, kazanc\u0131n\u0131z\u0131 daha az g\u00fc\u00e7l\u00fckle alabilmeniz i\u00e7in her \u015fey sizin i\u00e7in olabildi\u011fince basitle\u015ftirilmi\u015ftir. T\u00fcm s\u00fcreci biz hallederiz. Bu \u015fekilde, paran\u0131z\u0131 olabildi\u011fince \u00e7abuk alabilirsiniz.<\/p><p>B\u00fcy\u00fck ikramiye \u00f6d\u00fclleri i\u00e7in baz\u0131 evraklar doldurman\u0131z veya bir do\u011frulama \u015fekli g\u00f6ndermeniz gerekecek. Durum b\u00f6yleyse, RedFoxLotto ne yapman\u0131z gerekti\u011fini bilmenizi olabildi\u011fince kolayla\u015ft\u0131r\u0131r. Ve bu, Lotto America&#8217;dan web sitesinde bulunan di\u011ferlerinden herhangi birine kazanabilece\u011finiz herhangi bir piyango oyununda i\u015fe yarar.<\/p><h2 class=\"wp-block-heading\">Tekrar oynuyor<\/h2><p><img loading=\"lazy\" decoding=\"async\" class=\"tam boy wp-image alignright\" src=\"https:\/\/content.redfoxlotto.com\/uploads\/sites\/9\/1_winner_lottery1.jpg\" alt=\"kazanan piyango amerika\" width=\"203\" height=\"135\" \/><\/p><p>Haz\u0131r oldu\u011funuzda, kazanc\u0131n\u0131z\u0131 alabilir (veya daha fazla para yat\u0131rabilir) ve oynamak istedi\u011finiz sonraki oyun turu i\u00e7in bilet sat\u0131n almaya ba\u015flayabilirsiniz. Hatta ka\u00e7 tane farkl\u0131 oyun oldu\u011funa ve potansiyel olarak ne kadar kazanabilece\u011finize \u015fa\u015f\u0131rm\u0131\u015f olabilirsiniz. Ancak t\u00fcm bu farkl\u0131 oyunlar\u0131 kendiniz i\u00e7in oynaman\u0131n sizin i\u00e7in ne kadar e\u011flenceli oldu\u011funa \u015fa\u015f\u0131rmayacaks\u0131n\u0131z.<\/p>","protected":false},"excerpt":{"rendered":"<p>Rakamlar\u0131n\u0131z\u0131 se\u00e7tikten ve biletinizi ald\u0131ktan sonra, ger\u00e7ekten kazan\u0131p kazanmad\u0131\u011f\u0131n\u0131z\u0131 nas\u0131l anlayacaks\u0131n\u0131z? Olduk\u00e7a basit. Tek yapman\u0131z gereken RedFoxLotto&#8217;yu kontrol etmek. Bilet sat\u0131n almad\u0131ysan\u0131z, en son oyunlar\u0131n t\u00fcm\u00fc i\u00e7in kazanan say\u0131lar\u0131 yine de g\u00f6rebilirsiniz, bu da sizin i\u00e7in en iyi olas\u0131l\u0131klar\u0131 bulabilece\u011finiz anlam\u0131na gelir. E\u011fer oynad\u0131ysan\u0131z, kazanan numaralar\u0131 ve biletlerinizin nas\u0131l kar\u015f\u0131la\u015ft\u0131r\u0131ld\u0131\u011f\u0131n\u0131 g\u00f6rmek i\u00e7in do\u011frudan hesab\u0131n\u0131za giri\u015f [&hellip;]<\/p>\n","protected":false},"author":1,"featured_media":0,"parent":2949,"menu_order":12,"comment_status":"closed","ping_status":"closed","template":"lotto-america-results.php","meta":{"_et_pb_use_builder":"","_et_pb_old_content":"","_et_gb_content_width":"","exclude_from_search":false,"footnotes":""},"class_list":["post-13443","page","type-page","status-publish","hentry"],"yoast_head":"<!-- This site is optimized with the Yoast SEO plugin v23.8 - https:\/\/yoast.com\/wordpress\/plugins\/seo\/ -->\n<title>Lotto America \u00e7ekili\u015f sonu\u00e7lar\u0131, kazanan numaralar<\/title>\n<meta name=\"description\" content=\"Bu haftan\u0131n Lotto America kazanan numaralar\u0131 ve bir sonu\u00e7 ar\u015fivi\" \/>\n<meta name=\"robots\" content=\"index, follow, max-snippet:-1, max-image-preview:large, max-video-preview:-1\" \/>\n<link rel=\"canonical\" href=\"https:\/\/redfoxlotto.com\/tr\/sonuclar\/lotto-america\/\" \/>\n<meta property=\"og:locale\" content=\"tr_TR\" \/>\n<meta property=\"og:type\" content=\"article\" \/>\n<meta property=\"og:title\" content=\"Lotto America \u00e7ekili\u015f sonu\u00e7lar\u0131, kazanan numaralar\" \/>\n<meta property=\"og:description\" content=\"Bu haftan\u0131n Lotto America kazanan numaralar\u0131 ve bir sonu\u00e7 ar\u015fivi\" \/>\n<meta property=\"og:url\" content=\"https:\/\/redfoxlotto.com\/tr\/sonuclar\/lotto-america\/\" \/>\n<meta property=\"og:site_name\" content=\"Get Tickets for the World\u2019s largest jackpots\" \/>\n<meta property=\"article:modified_time\" content=\"2023-05-24T17:55:14+00:00\" \/>\n<meta property=\"og:image\" content=\"https:\/\/content.redfoxlotto.com\/uploads\/sites\/9\/1_draw_results_lotto.jpg\" \/>\n<meta name=\"twitter:card\" content=\"summary_large_image\" \/>\n<meta name=\"twitter:label1\" content=\"Tahmini okuma s\u00fcresi\" \/>\n\t<meta name=\"twitter:data1\" content=\"2 dakika\" \/>\n<script type=\"application\/ld+json\" class=\"yoast-schema-graph\">{\"@context\":\"https:\/\/schema.org\",\"@graph\":[{\"@type\":\"WebPage\",\"@id\":\"https:\/\/redfoxlotto.com\/tr\/sonuclar\/lotto-america\/\",\"url\":\"https:\/\/redfoxlotto.com\/tr\/sonuclar\/lotto-america\/\",\"name\":\"Lotto America \u00e7ekili\u015f sonu\u00e7lar\u0131, kazanan numaralar\",\"isPartOf\":{\"@id\":\"https:\/\/redfoxlotto.com\/tr\/#website\"},\"primaryImageOfPage\":{\"@id\":\"https:\/\/redfoxlotto.com\/tr\/sonuclar\/lotto-america\/#primaryimage\"},\"image\":{\"@id\":\"https:\/\/redfoxlotto.com\/tr\/sonuclar\/lotto-america\/#primaryimage\"},\"thumbnailUrl\":\"https:\/\/content.redfoxlotto.com\/uploads\/sites\/9\/1_draw_results_lotto.jpg\",\"datePublished\":\"2020-08-18T09:11:18+00:00\",\"dateModified\":\"2023-05-24T17:55:14+00:00\",\"description\":\"Bu haftan\u0131n Lotto America kazanan numaralar\u0131 ve bir sonu\u00e7 ar\u015fivi\",\"breadcrumb\":{\"@id\":\"https:\/\/redfoxlotto.com\/tr\/sonuclar\/lotto-america\/#breadcrumb\"},\"inLanguage\":\"tr\",\"potentialAction\":[{\"@type\":\"ReadAction\",\"target\":[\"https:\/\/redfoxlotto.com\/tr\/sonuclar\/lotto-america\/\"]}]},{\"@type\":\"ImageObject\",\"inLanguage\":\"tr\",\"@id\":\"https:\/\/redfoxlotto.com\/tr\/sonuclar\/lotto-america\/#primaryimage\",\"url\":\"https:\/\/content.redfoxlotto.com\/uploads\/sites\/9\/1_draw_results_lotto.jpg\",\"contentUrl\":\"https:\/\/content.redfoxlotto.com\/uploads\/sites\/9\/1_draw_results_lotto.jpg\"},{\"@type\":\"BreadcrumbList\",\"@id\":\"https:\/\/redfoxlotto.com\/tr\/sonuclar\/lotto-america\/#breadcrumb\",\"itemListElement\":[{\"@type\":\"ListItem\",\"position\":1,\"name\":\"Home\",\"item\":\"https:\/\/redfoxlotto.com\/tr\/\"},{\"@type\":\"ListItem\",\"position\":2,\"name\":\"Uluslararas\u0131 loto sonu\u00e7lar\u0131\",\"item\":\"https:\/\/redfoxlotto.com\/tr\/sonuclar\/\"},{\"@type\":\"ListItem\",\"position\":3,\"name\":\"Lotto America Sonu\u00e7lar\u0131\"}]},{\"@type\":\"WebSite\",\"@id\":\"https:\/\/redfoxlotto.com\/tr\/#website\",\"url\":\"https:\/\/redfoxlotto.com\/tr\/\",\"name\":\"Get Tickets for the World\u2019s largest jackpots\",\"description\":\"Participate in worldwide lottery jackpots from any country\",\"publisher\":{\"@id\":\"https:\/\/redfoxlotto.com\/tr\/#organization\"},\"potentialAction\":[{\"@type\":\"SearchAction\",\"target\":{\"@type\":\"EntryPoint\",\"urlTemplate\":\"https:\/\/redfoxlotto.com\/tr\/?s={search_term_string}\"},\"query-input\":{\"@type\":\"PropertyValueSpecification\",\"valueRequired\":true,\"valueName\":\"search_term_string\"}}],\"inLanguage\":\"tr\"},{\"@type\":\"Organization\",\"@id\":\"https:\/\/redfoxlotto.com\/tr\/#organization\",\"name\":\"Get Tickets for the World\u2019s largest jackpots\",\"url\":\"https:\/\/redfoxlotto.com\/tr\/\",\"logo\":{\"@type\":\"ImageObject\",\"inLanguage\":\"tr\",\"@id\":\"https:\/\/redfoxlotto.com\/tr\/#\/schema\/logo\/image\/\",\"url\":\"https:\/\/redfoxlotto.com\/wp-content\/uploads\/2023\/04\/logo.png\",\"contentUrl\":\"https:\/\/redfoxlotto.com\/wp-content\/uploads\/2023\/04\/logo.png\",\"width\":269,\"height\":53,\"caption\":\"Get Tickets for the World\u2019s largest jackpots\"},\"image\":{\"@id\":\"https:\/\/redfoxlotto.com\/tr\/#\/schema\/logo\/image\/\"}}]}<\/script>\n<!-- \/ Yoast SEO plugin. -->","yoast_head_json":{"title":"Lotto America \u00e7ekili\u015f sonu\u00e7lar\u0131, kazanan numaralar","description":"Bu haftan\u0131n Lotto America kazanan numaralar\u0131 ve bir sonu\u00e7 ar\u015fivi","robots":{"index":"index","follow":"follow","max-snippet":"max-snippet:-1","max-image-preview":"max-image-preview:large","max-video-preview":"max-video-preview:-1"},"canonical":"https:\/\/redfoxlotto.com\/tr\/sonuclar\/lotto-america\/","og_locale":"tr_TR","og_type":"article","og_title":"Lotto America \u00e7ekili\u015f sonu\u00e7lar\u0131, kazanan numaralar","og_description":"Bu haftan\u0131n Lotto America kazanan numaralar\u0131 ve bir sonu\u00e7 ar\u015fivi","og_url":"https:\/\/redfoxlotto.com\/tr\/sonuclar\/lotto-america\/","og_site_name":"Get Tickets for the World\u2019s largest jackpots","article_modified_time":"2023-05-24T17:55:14+00:00","og_image":[{"url":"https:\/\/content.redfoxlotto.com\/uploads\/sites\/9\/1_draw_results_lotto.jpg"}],"twitter_card":"summary_large_image","twitter_misc":{"Tahmini okuma s\u00fcresi":"2 dakika"},"schema":{"@context":"https:\/\/schema.org","@graph":[{"@type":"WebPage","@id":"https:\/\/redfoxlotto.com\/tr\/sonuclar\/lotto-america\/","url":"https:\/\/redfoxlotto.com\/tr\/sonuclar\/lotto-america\/","name":"Lotto America \u00e7ekili\u015f sonu\u00e7lar\u0131, kazanan numaralar","isPartOf":{"@id":"https:\/\/redfoxlotto.com\/tr\/#website"},"primaryImageOfPage":{"@id":"https:\/\/redfoxlotto.com\/tr\/sonuclar\/lotto-america\/#primaryimage"},"image":{"@id":"https:\/\/redfoxlotto.com\/tr\/sonuclar\/lotto-america\/#primaryimage"},"thumbnailUrl":"https:\/\/content.redfoxlotto.com\/uploads\/sites\/9\/1_draw_results_lotto.jpg","datePublished":"2020-08-18T09:11:18+00:00","dateModified":"2023-05-24T17:55:14+00:00","description":"Bu haftan\u0131n Lotto America kazanan numaralar\u0131 ve bir sonu\u00e7 ar\u015fivi","breadcrumb":{"@id":"https:\/\/redfoxlotto.com\/tr\/sonuclar\/lotto-america\/#breadcrumb"},"inLanguage":"tr","potentialAction":[{"@type":"ReadAction","target":["https:\/\/redfoxlotto.com\/tr\/sonuclar\/lotto-america\/"]}]},{"@type":"ImageObject","inLanguage":"tr","@id":"https:\/\/redfoxlotto.com\/tr\/sonuclar\/lotto-america\/#primaryimage","url":"https:\/\/content.redfoxlotto.com\/uploads\/sites\/9\/1_draw_results_lotto.jpg","contentUrl":"https:\/\/content.redfoxlotto.com\/uploads\/sites\/9\/1_draw_results_lotto.jpg"},{"@type":"BreadcrumbList","@id":"https:\/\/redfoxlotto.com\/tr\/sonuclar\/lotto-america\/#breadcrumb","itemListElement":[{"@type":"ListItem","position":1,"name":"Home","item":"https:\/\/redfoxlotto.com\/tr\/"},{"@type":"ListItem","position":2,"name":"Uluslararas\u0131 loto sonu\u00e7lar\u0131","item":"https:\/\/redfoxlotto.com\/tr\/sonuclar\/"},{"@type":"ListItem","position":3,"name":"Lotto America Sonu\u00e7lar\u0131"}]},{"@type":"WebSite","@id":"https:\/\/redfoxlotto.com\/tr\/#website","url":"https:\/\/redfoxlotto.com\/tr\/","name":"Get Tickets for the World\u2019s largest jackpots","description":"Participate in worldwide lottery jackpots from any country","publisher":{"@id":"https:\/\/redfoxlotto.com\/tr\/#organization"},"potentialAction":[{"@type":"SearchAction","target":{"@type":"EntryPoint","urlTemplate":"https:\/\/redfoxlotto.com\/tr\/?s={search_term_string}"},"query-input":{"@type":"PropertyValueSpecification","valueRequired":true,"valueName":"search_term_string"}}],"inLanguage":"tr"},{"@type":"Organization","@id":"https:\/\/redfoxlotto.com\/tr\/#organization","name":"Get Tickets for the World\u2019s largest jackpots","url":"https:\/\/redfoxlotto.com\/tr\/","logo":{"@type":"ImageObject","inLanguage":"tr","@id":"https:\/\/redfoxlotto.com\/tr\/#\/schema\/logo\/image\/","url":"https:\/\/redfoxlotto.com\/wp-content\/uploads\/2023\/04\/logo.png","contentUrl":"https:\/\/redfoxlotto.com\/wp-content\/uploads\/2023\/04\/logo.png","width":269,"height":53,"caption":"Get Tickets for the World\u2019s largest jackpots"},"image":{"@id":"https:\/\/redfoxlotto.com\/tr\/#\/schema\/logo\/image\/"}}]}},"_links":{"self":[{"href":"https:\/\/redfoxlotto.com\/tr\/wp-json\/wp\/v2\/pages\/13443","targetHints":{"allow":["GET"]}}],"collection":[{"href":"https:\/\/redfoxlotto.com\/tr\/wp-json\/wp\/v2\/pages"}],"about":[{"href":"https:\/\/redfoxlotto.com\/tr\/wp-json\/wp\/v2\/types\/page"}],"author":[{"embeddable":true,"href":"https:\/\/redfoxlotto.com\/tr\/wp-json\/wp\/v2\/users\/1"}],"replies":[{"embeddable":true,"href":"https:\/\/redfoxlotto.com\/tr\/wp-json\/wp\/v2\/comments?post=13443"}],"version-history":[{"count":0,"href":"https:\/\/redfoxlotto.com\/tr\/wp-json\/wp\/v2\/pages\/13443\/revisions"}],"up":[{"embeddable":true,"href":"https:\/\/redfoxlotto.com\/tr\/wp-json\/wp\/v2\/pages\/2949"}],"wp:attachment":[{"href":"https:\/\/redfoxlotto.com\/tr\/wp-json\/wp\/v2\/media?parent=13443"}],"curies":[{"name":"wp","href":"https:\/\/api.w.org\/{rel}","templated":true}]}}