{"id":13375,"date":"2020-08-18T09:23:56","date_gmt":"2020-08-18T09:23:56","guid":{"rendered":"https:\/\/redfoxlotto.com\/?page_id=13375"},"modified":"2023-05-24T17:55:06","modified_gmt":"2023-05-24T17:55:06","slug":"lotto-6aus49","status":"publish","type":"page","link":"https:\/\/redfoxlotto.com\/tr\/sonuclar\/lotto-6aus49\/","title":{"rendered":"Alman Loto sonu\u00e7lar\u0131"},"content":{"rendered":"<h2 class=\"wp-block-heading\">Alman Loto 6aus49 Kazanan Say\u0131lar<\/h2><p><img loading=\"lazy\" decoding=\"async\" class=\" wp-image alignright\" src=\"https:\/\/content.redfoxlotto.com\/uploads\/sites\/9\/1_draw_results_lotto2.jpg\" alt=\"lottoresultat Tyskland\" width=\"263\" height=\"125\" \/><\/p><p>Alman Loto&#8217;sunu oynad\u0131ysan\u0131z, herhangi bir \u015fey kazan\u0131p kazanmad\u0131\u011f\u0131n\u0131z\u0131 bilmek istersiniz ve bu, kazanan numaralar\u0131 bilmeniz gerekti\u011fi anlam\u0131na gelir. Ya da son zamanlarda veya en s\u0131k kazanan say\u0131lardan baz\u0131lar\u0131n\u0131 oynamak istiyorsan\u0131z, bu say\u0131lar\u0131n ne oldu\u011funu bilmeniz gerekir, ancak Alman Loto 6aus49 kazanan say\u0131lar\u0131 nas\u0131l kontrol edersiniz?<\/p><h2 class=\"wp-block-heading\">En Son Sonu\u00e7lar\u0131 Kontrol Etme<\/h2><p>Bu loto oyunu i\u00e7in en son sonu\u00e7lar\u0131 do\u011frudan \u00e7evrimi\u00e7i olarak kontrol edebilir ve bunu RedFoxLotto.com&#8217;dan da yapabilirsiniz. Yapman\u0131z gereken tek \u015fey web sitesini ziyaret etmek ve t\u00fcm favori oyunlar\u0131n\u0131z i\u00e7in kazanan numaralar\u0131 g\u00f6rebileceksiniz.<\/p><p>Bu oyunu (veya ba\u015fka herhangi birini) ger\u00e7ekten oynad\u0131ysan\u0131z, hesab\u0131n\u0131zda oturum a\u00e7\u0131p kazanan say\u0131lar\u0131 kontrol edebilirsiniz ve bir \u015fey kazan\u0131p kazanmad\u0131\u011f\u0131n\u0131z\u0131 bu \u015fekilde \u00f6\u011freneceksiniz.<\/p><h2 class=\"wp-block-heading\">Kazand\u0131n\u0131z m\u0131<\/h2><p><img loading=\"lazy\" decoding=\"async\" class=\" wp-image alignright\" src=\"https:\/\/content.redfoxlotto.com\/uploads\/sites\/9\/1_win_lottery_prizes.jpg\" alt=\"win lotteri\" width=\"249\" height=\"166\" \/><\/p><p>Sitemizdeki loto oyunlar\u0131ndan herhangi birini oynad\u0131ysan\u0131z ve kazand\u0131ysan\u0131z, hemen bileceksiniz \u00e7\u00fcnk\u00fc hesab\u0131n\u0131za giri\u015f yap\u0131p kazanan numaralar\u0131 kendinize k\u0131yasla g\u00f6rebilirsiniz. E\u015fle\u015fen numaralar\u0131n\u0131z, g\u00f6rebilmeniz i\u00e7in vurgulanacakt\u0131r. Kazan\u00e7lar\u0131n\u0131z da otomatik olarak hesab\u0131n\u0131za yat\u0131r\u0131lacakt\u0131r.<\/p><h2 class=\"wp-block-heading\">Eski Numaralar\u0131 Kontrol Etme<\/h2><p>Alman Loto 6aus49 kazanan numaralar\u0131ndan baz\u0131lar\u0131n\u0131 \u00f6\u011frenmek istiyorsan\u0131z, \u00f6nceden sonu\u00e7 ar\u015fivine g\u00f6z atabilirsiniz. \u0130stedi\u011finiz her \u015fey i\u00e7in kullanabilece\u011finiz eski numaralar\u0131 bulacaks\u0131n\u0131z.<\/p>","protected":false},"excerpt":{"rendered":"<p>Alman Loto 6aus49 Kazanan Say\u0131lar Alman Loto&#8217;sunu oynad\u0131ysan\u0131z, herhangi bir \u015fey kazan\u0131p kazanmad\u0131\u011f\u0131n\u0131z\u0131 bilmek istersiniz ve bu, kazanan numaralar\u0131 bilmeniz gerekti\u011fi anlam\u0131na gelir. Ya da son zamanlarda veya en s\u0131k kazanan say\u0131lardan baz\u0131lar\u0131n\u0131 oynamak istiyorsan\u0131z, bu say\u0131lar\u0131n ne oldu\u011funu bilmeniz gerekir, ancak Alman Loto 6aus49 kazanan say\u0131lar\u0131 nas\u0131l kontrol edersiniz? En Son Sonu\u00e7lar\u0131 Kontrol Etme [&hellip;]<\/p>\n","protected":false},"author":1,"featured_media":0,"parent":2949,"menu_order":15,"comment_status":"closed","ping_status":"closed","template":"lotto-german-results.php","meta":{"_et_pb_use_builder":"","_et_pb_old_content":"","_et_gb_content_width":"","exclude_from_search":false,"footnotes":""},"class_list":["post-13375","page","type-page","status-publish","hentry"],"yoast_head":"<!-- This site is optimized with the Yoast SEO plugin v27.4 - https:\/\/yoast.com\/product\/yoast-seo-wordpress\/ -->\n<title>Alman loto \u00e7ekili\u015f sonu\u00e7lar\u0131 ve kazanan numara kombinasyonlar\u0131<\/title>\n<meta name=\"description\" content=\"Alman Loto i\u00e7in kazanan say\u0131lar\u0131 se\u00e7tiniz mi? Web sitemizdeki \u00e7ekili\u015f sonu\u00e7lar\u0131n\u0131 kontrol edin\" \/>\n<meta name=\"robots\" content=\"index, follow, max-snippet:-1, max-image-preview:large, max-video-preview:-1\" \/>\n<link rel=\"canonical\" href=\"https:\/\/redfoxlotto.com\/tr\/sonuclar\/lotto-6aus49\/\" \/>\n<meta property=\"og:locale\" content=\"tr_TR\" \/>\n<meta property=\"og:type\" content=\"article\" \/>\n<meta property=\"og:title\" content=\"Alman loto \u00e7ekili\u015f sonu\u00e7lar\u0131 ve kazanan numara kombinasyonlar\u0131\" \/>\n<meta property=\"og:description\" content=\"Alman Loto i\u00e7in kazanan say\u0131lar\u0131 se\u00e7tiniz mi? Web sitemizdeki \u00e7ekili\u015f sonu\u00e7lar\u0131n\u0131 kontrol edin\" \/>\n<meta property=\"og:url\" content=\"https:\/\/redfoxlotto.com\/tr\/sonuclar\/lotto-6aus49\/\" \/>\n<meta property=\"og:site_name\" content=\"Get Tickets for the World\u2019s largest jackpots\" \/>\n<meta property=\"article:modified_time\" content=\"2023-05-24T17:55:06+00:00\" \/>\n<meta property=\"og:image\" content=\"https:\/\/content.redfoxlotto.com\/uploads\/sites\/9\/1_draw_results_lotto2.jpg\" \/>\n<meta name=\"twitter:card\" content=\"summary_large_image\" \/>\n<meta name=\"twitter:label1\" content=\"Tahmini okuma s\u00fcresi\" \/>\n\t<meta name=\"twitter:data1\" content=\"2 dakika\" \/>\n<script type=\"application\/ld+json\" class=\"yoast-schema-graph\">{\"@context\":\"https:\\\/\\\/schema.org\",\"@graph\":[{\"@type\":\"WebPage\",\"@id\":\"https:\\\/\\\/redfoxlotto.com\\\/tr\\\/sonuclar\\\/lotto-6aus49\\\/\",\"url\":\"https:\\\/\\\/redfoxlotto.com\\\/tr\\\/sonuclar\\\/lotto-6aus49\\\/\",\"name\":\"Alman loto \u00e7ekili\u015f sonu\u00e7lar\u0131 ve kazanan numara kombinasyonlar\u0131\",\"isPartOf\":{\"@id\":\"https:\\\/\\\/redfoxlotto.com\\\/tr\\\/#website\"},\"primaryImageOfPage\":{\"@id\":\"https:\\\/\\\/redfoxlotto.com\\\/tr\\\/sonuclar\\\/lotto-6aus49\\\/#primaryimage\"},\"image\":{\"@id\":\"https:\\\/\\\/redfoxlotto.com\\\/tr\\\/sonuclar\\\/lotto-6aus49\\\/#primaryimage\"},\"thumbnailUrl\":\"https:\\\/\\\/content.redfoxlotto.com\\\/uploads\\\/sites\\\/9\\\/1_draw_results_lotto2.jpg\",\"datePublished\":\"2020-08-18T09:23:56+00:00\",\"dateModified\":\"2023-05-24T17:55:06+00:00\",\"description\":\"Alman Loto i\u00e7in kazanan say\u0131lar\u0131 se\u00e7tiniz mi? Web sitemizdeki \u00e7ekili\u015f sonu\u00e7lar\u0131n\u0131 kontrol edin\",\"breadcrumb\":{\"@id\":\"https:\\\/\\\/redfoxlotto.com\\\/tr\\\/sonuclar\\\/lotto-6aus49\\\/#breadcrumb\"},\"inLanguage\":\"tr\",\"potentialAction\":[{\"@type\":\"ReadAction\",\"target\":[\"https:\\\/\\\/redfoxlotto.com\\\/tr\\\/sonuclar\\\/lotto-6aus49\\\/\"]}]},{\"@type\":\"ImageObject\",\"inLanguage\":\"tr\",\"@id\":\"https:\\\/\\\/redfoxlotto.com\\\/tr\\\/sonuclar\\\/lotto-6aus49\\\/#primaryimage\",\"url\":\"https:\\\/\\\/content.redfoxlotto.com\\\/uploads\\\/sites\\\/9\\\/1_draw_results_lotto2.jpg\",\"contentUrl\":\"https:\\\/\\\/content.redfoxlotto.com\\\/uploads\\\/sites\\\/9\\\/1_draw_results_lotto2.jpg\"},{\"@type\":\"BreadcrumbList\",\"@id\":\"https:\\\/\\\/redfoxlotto.com\\\/tr\\\/sonuclar\\\/lotto-6aus49\\\/#breadcrumb\",\"itemListElement\":[{\"@type\":\"ListItem\",\"position\":1,\"name\":\"Home\",\"item\":\"https:\\\/\\\/redfoxlotto.com\\\/tr\\\/\"},{\"@type\":\"ListItem\",\"position\":2,\"name\":\"Uluslararas\u0131 loto sonu\u00e7lar\u0131\",\"item\":\"https:\\\/\\\/redfoxlotto.com\\\/tr\\\/sonuclar\\\/\"},{\"@type\":\"ListItem\",\"position\":3,\"name\":\"Alman Loto sonu\u00e7lar\u0131\"}]},{\"@type\":\"WebSite\",\"@id\":\"https:\\\/\\\/redfoxlotto.com\\\/tr\\\/#website\",\"url\":\"https:\\\/\\\/redfoxlotto.com\\\/tr\\\/\",\"name\":\"Get Tickets for the World\u2019s largest jackpots\",\"description\":\"Participate in worldwide lottery jackpots from any country\",\"publisher\":{\"@id\":\"https:\\\/\\\/redfoxlotto.com\\\/tr\\\/#organization\"},\"potentialAction\":[{\"@type\":\"SearchAction\",\"target\":{\"@type\":\"EntryPoint\",\"urlTemplate\":\"https:\\\/\\\/redfoxlotto.com\\\/tr\\\/?s={search_term_string}\"},\"query-input\":{\"@type\":\"PropertyValueSpecification\",\"valueRequired\":true,\"valueName\":\"search_term_string\"}}],\"inLanguage\":\"tr\"},{\"@type\":\"Organization\",\"@id\":\"https:\\\/\\\/redfoxlotto.com\\\/tr\\\/#organization\",\"name\":\"Get Tickets for the World\u2019s largest jackpots\",\"url\":\"https:\\\/\\\/redfoxlotto.com\\\/tr\\\/\",\"logo\":{\"@type\":\"ImageObject\",\"inLanguage\":\"tr\",\"@id\":\"https:\\\/\\\/redfoxlotto.com\\\/tr\\\/#\\\/schema\\\/logo\\\/image\\\/\",\"url\":\"https:\\\/\\\/redfoxlotto.com\\\/wp-content\\\/uploads\\\/2023\\\/04\\\/logo.png\",\"contentUrl\":\"https:\\\/\\\/redfoxlotto.com\\\/wp-content\\\/uploads\\\/2023\\\/04\\\/logo.png\",\"width\":269,\"height\":53,\"caption\":\"Get Tickets for the World\u2019s largest jackpots\"},\"image\":{\"@id\":\"https:\\\/\\\/redfoxlotto.com\\\/tr\\\/#\\\/schema\\\/logo\\\/image\\\/\"}}]}<\/script>\n<!-- \/ Yoast SEO plugin. -->","yoast_head_json":{"title":"Alman loto \u00e7ekili\u015f sonu\u00e7lar\u0131 ve kazanan numara kombinasyonlar\u0131","description":"Alman Loto i\u00e7in kazanan say\u0131lar\u0131 se\u00e7tiniz mi? Web sitemizdeki \u00e7ekili\u015f sonu\u00e7lar\u0131n\u0131 kontrol edin","robots":{"index":"index","follow":"follow","max-snippet":"max-snippet:-1","max-image-preview":"max-image-preview:large","max-video-preview":"max-video-preview:-1"},"canonical":"https:\/\/redfoxlotto.com\/tr\/sonuclar\/lotto-6aus49\/","og_locale":"tr_TR","og_type":"article","og_title":"Alman loto \u00e7ekili\u015f sonu\u00e7lar\u0131 ve kazanan numara kombinasyonlar\u0131","og_description":"Alman Loto i\u00e7in kazanan say\u0131lar\u0131 se\u00e7tiniz mi? Web sitemizdeki \u00e7ekili\u015f sonu\u00e7lar\u0131n\u0131 kontrol edin","og_url":"https:\/\/redfoxlotto.com\/tr\/sonuclar\/lotto-6aus49\/","og_site_name":"Get Tickets for the World\u2019s largest jackpots","article_modified_time":"2023-05-24T17:55:06+00:00","og_image":[{"url":"https:\/\/content.redfoxlotto.com\/uploads\/sites\/9\/1_draw_results_lotto2.jpg","type":"","width":"","height":""}],"twitter_card":"summary_large_image","twitter_misc":{"Tahmini okuma s\u00fcresi":"2 dakika"},"schema":{"@context":"https:\/\/schema.org","@graph":[{"@type":"WebPage","@id":"https:\/\/redfoxlotto.com\/tr\/sonuclar\/lotto-6aus49\/","url":"https:\/\/redfoxlotto.com\/tr\/sonuclar\/lotto-6aus49\/","name":"Alman loto \u00e7ekili\u015f sonu\u00e7lar\u0131 ve kazanan numara kombinasyonlar\u0131","isPartOf":{"@id":"https:\/\/redfoxlotto.com\/tr\/#website"},"primaryImageOfPage":{"@id":"https:\/\/redfoxlotto.com\/tr\/sonuclar\/lotto-6aus49\/#primaryimage"},"image":{"@id":"https:\/\/redfoxlotto.com\/tr\/sonuclar\/lotto-6aus49\/#primaryimage"},"thumbnailUrl":"https:\/\/content.redfoxlotto.com\/uploads\/sites\/9\/1_draw_results_lotto2.jpg","datePublished":"2020-08-18T09:23:56+00:00","dateModified":"2023-05-24T17:55:06+00:00","description":"Alman Loto i\u00e7in kazanan say\u0131lar\u0131 se\u00e7tiniz mi? Web sitemizdeki \u00e7ekili\u015f sonu\u00e7lar\u0131n\u0131 kontrol edin","breadcrumb":{"@id":"https:\/\/redfoxlotto.com\/tr\/sonuclar\/lotto-6aus49\/#breadcrumb"},"inLanguage":"tr","potentialAction":[{"@type":"ReadAction","target":["https:\/\/redfoxlotto.com\/tr\/sonuclar\/lotto-6aus49\/"]}]},{"@type":"ImageObject","inLanguage":"tr","@id":"https:\/\/redfoxlotto.com\/tr\/sonuclar\/lotto-6aus49\/#primaryimage","url":"https:\/\/content.redfoxlotto.com\/uploads\/sites\/9\/1_draw_results_lotto2.jpg","contentUrl":"https:\/\/content.redfoxlotto.com\/uploads\/sites\/9\/1_draw_results_lotto2.jpg"},{"@type":"BreadcrumbList","@id":"https:\/\/redfoxlotto.com\/tr\/sonuclar\/lotto-6aus49\/#breadcrumb","itemListElement":[{"@type":"ListItem","position":1,"name":"Home","item":"https:\/\/redfoxlotto.com\/tr\/"},{"@type":"ListItem","position":2,"name":"Uluslararas\u0131 loto sonu\u00e7lar\u0131","item":"https:\/\/redfoxlotto.com\/tr\/sonuclar\/"},{"@type":"ListItem","position":3,"name":"Alman Loto sonu\u00e7lar\u0131"}]},{"@type":"WebSite","@id":"https:\/\/redfoxlotto.com\/tr\/#website","url":"https:\/\/redfoxlotto.com\/tr\/","name":"Get Tickets for the World\u2019s largest jackpots","description":"Participate in worldwide lottery jackpots from any country","publisher":{"@id":"https:\/\/redfoxlotto.com\/tr\/#organization"},"potentialAction":[{"@type":"SearchAction","target":{"@type":"EntryPoint","urlTemplate":"https:\/\/redfoxlotto.com\/tr\/?s={search_term_string}"},"query-input":{"@type":"PropertyValueSpecification","valueRequired":true,"valueName":"search_term_string"}}],"inLanguage":"tr"},{"@type":"Organization","@id":"https:\/\/redfoxlotto.com\/tr\/#organization","name":"Get Tickets for the World\u2019s largest jackpots","url":"https:\/\/redfoxlotto.com\/tr\/","logo":{"@type":"ImageObject","inLanguage":"tr","@id":"https:\/\/redfoxlotto.com\/tr\/#\/schema\/logo\/image\/","url":"https:\/\/redfoxlotto.com\/wp-content\/uploads\/2023\/04\/logo.png","contentUrl":"https:\/\/redfoxlotto.com\/wp-content\/uploads\/2023\/04\/logo.png","width":269,"height":53,"caption":"Get Tickets for the World\u2019s largest jackpots"},"image":{"@id":"https:\/\/redfoxlotto.com\/tr\/#\/schema\/logo\/image\/"}}]}},"_links":{"self":[{"href":"https:\/\/redfoxlotto.com\/tr\/wp-json\/wp\/v2\/pages\/13375","targetHints":{"allow":["GET"]}}],"collection":[{"href":"https:\/\/redfoxlotto.com\/tr\/wp-json\/wp\/v2\/pages"}],"about":[{"href":"https:\/\/redfoxlotto.com\/tr\/wp-json\/wp\/v2\/types\/page"}],"author":[{"embeddable":true,"href":"https:\/\/redfoxlotto.com\/tr\/wp-json\/wp\/v2\/users\/1"}],"replies":[{"embeddable":true,"href":"https:\/\/redfoxlotto.com\/tr\/wp-json\/wp\/v2\/comments?post=13375"}],"version-history":[{"count":0,"href":"https:\/\/redfoxlotto.com\/tr\/wp-json\/wp\/v2\/pages\/13375\/revisions"}],"up":[{"embeddable":true,"href":"https:\/\/redfoxlotto.com\/tr\/wp-json\/wp\/v2\/pages\/2949"}],"wp:attachment":[{"href":"https:\/\/redfoxlotto.com\/tr\/wp-json\/wp\/v2\/media?parent=13375"}],"curies":[{"name":"wp","href":"https:\/\/api.w.org\/{rel}","templated":true}]}}