{"id":13302,"date":"2023-04-24T18:19:55","date_gmt":"2023-04-24T18:19:55","guid":{"rendered":"https:\/\/redfoxlotto.com\/?page_id=13302"},"modified":"2023-04-29T08:08:36","modified_gmt":"2023-04-29T08:08:36","slug":"powerball-au","status":"publish","type":"page","link":"https:\/\/redfoxlotto.com\/tr\/oyna\/powerball-au\/","title":{"rendered":"Down Under&#8217;dan Powerball &#8211; nas\u0131l oynan\u0131r"},"content":{"rendered":"<p><img decoding=\"async\" class=\"size-full wp-image alignright\" src=\"https:\/\/content.redfoxlotto.com\/uploads\/sites\/9\/2_ticket_powerball_au.jpg\" alt=\"Powerball Avustralya \u00e7evrimi\u00e7i\" \/><\/p>\r\n<p>Her hafta, bir Per\u015fembe gecesi, Powerball Avustralya milleti heyecanland\u0131r\u0131yor. Birka\u00e7 varil i\u00e7inde bulunan iki dizi numaray\u0131 ortaya \u00e7\u0131kar\u0131r. \u0130lk namluda 1 ile 35 aras\u0131nda de\u011fi\u015fen 35 farkl\u0131 numara vard\u0131r. Daha sonra ikinci namlu 1 ile 20 aras\u0131nda say\u0131lar \u00e7\u0131kar\u0131r.<\/p><p>\u00c7ekili\u015fin 20:30 Avustralya Do\u011fu Saati&#8217;nde ger\u00e7ekle\u015fti\u011fini unutmay\u0131n. RedFoxLotto arac\u0131l\u0131\u011f\u0131yla d\u00fcnyan\u0131n herhangi bir yerinden Avustralya Powerball Piyangosu oynamak i\u00e7in, burada say\u0131lar\u0131n\u0131z\u0131 se\u00e7meniz yeterlidir.<br \/>Sydney&#8217;de yeni bir galip, k\u0131sa s\u00fcre \u00f6nce bu Powerball oyununda 107 milyon AU $ kazand\u0131. Ancak kazananlar bir\u00e7ok farkl\u0131 kombinasyondan gelebilir. Yedi numaran\u0131n t\u00fcm\u00fc birinci varilden e\u015fle\u015fmi\u015fse &#8211; ancak Powerball&#8217;da de\u011filse, yine de \u00f6d\u00fcl\u00fcn b\u00fcy\u00fck bir b\u00f6l\u00fcm\u00fcn\u00fc al\u0131rs\u0131n\u0131z. Bu rakam de\u011fi\u015febilir, ancak kolayca alt\u0131 rakam olabilir.<\/p>","protected":false},"excerpt":{"rendered":"<p>Her hafta, bir Per\u015fembe gecesi, Powerball Avustralya milleti heyecanland\u0131r\u0131yor. Birka\u00e7 varil i\u00e7inde bulunan iki dizi numaray\u0131 ortaya \u00e7\u0131kar\u0131r. \u0130lk namluda 1 ile 35 aras\u0131nda de\u011fi\u015fen 35 farkl\u0131 numara vard\u0131r. Daha sonra ikinci namlu 1 ile 20 aras\u0131nda say\u0131lar \u00e7\u0131kar\u0131r. \u00c7ekili\u015fin 20:30 Avustralya Do\u011fu Saati&#8217;nde ger\u00e7ekle\u015fti\u011fini unutmay\u0131n. RedFoxLotto arac\u0131l\u0131\u011f\u0131yla d\u00fcnyan\u0131n herhangi bir yerinden Avustralya Powerball Piyangosu [&hellip;]<\/p>\n","protected":false},"author":1,"featured_media":0,"parent":2913,"menu_order":17,"comment_status":"closed","ping_status":"closed","template":"powerball-au.php","meta":{"_et_pb_use_builder":"","_et_pb_old_content":"","_et_gb_content_width":"","exclude_from_search":false,"footnotes":""},"class_list":["post-13302","page","type-page","status-publish","hentry"],"yoast_head":"<!-- This site is optimized with the Yoast SEO plugin v27.3 - https:\/\/yoast.com\/product\/yoast-seo-wordpress\/ -->\n<title>Powerball Australia Lottery Online Oynay\u0131n<\/title>\n<meta name=\"description\" content=\"Avustralya\u2019n\u0131n En Sevdi\u011fi Piyango Art\u0131k D\u00fcnya \u00c7ap\u0131nda \u00c7evrimi\u00e7i Olarak Eri\u015filebilir\" \/>\n<meta name=\"robots\" content=\"index, follow, max-snippet:-1, max-image-preview:large, max-video-preview:-1\" \/>\n<link rel=\"canonical\" href=\"https:\/\/redfoxlotto.com\/tr\/oyna\/powerball-au\/\" \/>\n<meta property=\"og:locale\" content=\"tr_TR\" \/>\n<meta property=\"og:type\" content=\"article\" \/>\n<meta property=\"og:title\" content=\"Powerball Australia Lottery Online Oynay\u0131n\" \/>\n<meta property=\"og:description\" content=\"Avustralya\u2019n\u0131n En Sevdi\u011fi Piyango Art\u0131k D\u00fcnya \u00c7ap\u0131nda \u00c7evrimi\u00e7i Olarak Eri\u015filebilir\" \/>\n<meta property=\"og:url\" content=\"https:\/\/redfoxlotto.com\/tr\/oyna\/powerball-au\/\" \/>\n<meta property=\"og:site_name\" content=\"Get Tickets for the World\u2019s largest jackpots\" \/>\n<meta property=\"article:modified_time\" content=\"2023-04-29T08:08:36+00:00\" \/>\n<meta property=\"og:image\" content=\"https:\/\/content.redfoxlotto.com\/uploads\/sites\/9\/2_ticket_powerball_au.jpg\" \/>\n<meta name=\"twitter:card\" content=\"summary_large_image\" \/>\n<meta name=\"twitter:label1\" content=\"Tahmini okuma s\u00fcresi\" \/>\n\t<meta name=\"twitter:data1\" content=\"1 dakika\" \/>\n<script type=\"application\/ld+json\" class=\"yoast-schema-graph\">{\"@context\":\"https:\\\/\\\/schema.org\",\"@graph\":[{\"@type\":\"WebPage\",\"@id\":\"https:\\\/\\\/redfoxlotto.com\\\/tr\\\/oyna\\\/powerball-au\\\/\",\"url\":\"https:\\\/\\\/redfoxlotto.com\\\/tr\\\/oyna\\\/powerball-au\\\/\",\"name\":\"Powerball Australia Lottery Online Oynay\u0131n\",\"isPartOf\":{\"@id\":\"https:\\\/\\\/redfoxlotto.com\\\/tr\\\/#website\"},\"primaryImageOfPage\":{\"@id\":\"https:\\\/\\\/redfoxlotto.com\\\/tr\\\/oyna\\\/powerball-au\\\/#primaryimage\"},\"image\":{\"@id\":\"https:\\\/\\\/redfoxlotto.com\\\/tr\\\/oyna\\\/powerball-au\\\/#primaryimage\"},\"thumbnailUrl\":\"https:\\\/\\\/content.redfoxlotto.com\\\/uploads\\\/sites\\\/9\\\/2_ticket_powerball_au.jpg\",\"datePublished\":\"2023-04-24T18:19:55+00:00\",\"dateModified\":\"2023-04-29T08:08:36+00:00\",\"description\":\"Avustralya\u2019n\u0131n En Sevdi\u011fi Piyango Art\u0131k D\u00fcnya \u00c7ap\u0131nda \u00c7evrimi\u00e7i Olarak Eri\u015filebilir\",\"breadcrumb\":{\"@id\":\"https:\\\/\\\/redfoxlotto.com\\\/tr\\\/oyna\\\/powerball-au\\\/#breadcrumb\"},\"inLanguage\":\"tr\",\"potentialAction\":[{\"@type\":\"ReadAction\",\"target\":[\"https:\\\/\\\/redfoxlotto.com\\\/tr\\\/oyna\\\/powerball-au\\\/\"]}]},{\"@type\":\"ImageObject\",\"inLanguage\":\"tr\",\"@id\":\"https:\\\/\\\/redfoxlotto.com\\\/tr\\\/oyna\\\/powerball-au\\\/#primaryimage\",\"url\":\"https:\\\/\\\/content.redfoxlotto.com\\\/uploads\\\/sites\\\/9\\\/2_ticket_powerball_au.jpg\",\"contentUrl\":\"https:\\\/\\\/content.redfoxlotto.com\\\/uploads\\\/sites\\\/9\\\/2_ticket_powerball_au.jpg\"},{\"@type\":\"BreadcrumbList\",\"@id\":\"https:\\\/\\\/redfoxlotto.com\\\/tr\\\/oyna\\\/powerball-au\\\/#breadcrumb\",\"itemListElement\":[{\"@type\":\"ListItem\",\"position\":1,\"name\":\"Home\",\"item\":\"https:\\\/\\\/redfoxlotto.com\\\/tr\\\/\"},{\"@type\":\"ListItem\",\"position\":2,\"name\":\"Uluslararas\u0131 piyangolara nas\u0131l kat\u0131l\u0131r\u0131m?\",\"item\":\"https:\\\/\\\/redfoxlotto.com\\\/tr\\\/oyna\\\/\"},{\"@type\":\"ListItem\",\"position\":3,\"name\":\"Down Under&#8217;dan Powerball &#8211; nas\u0131l oynan\u0131r\"}]},{\"@type\":\"WebSite\",\"@id\":\"https:\\\/\\\/redfoxlotto.com\\\/tr\\\/#website\",\"url\":\"https:\\\/\\\/redfoxlotto.com\\\/tr\\\/\",\"name\":\"Get Tickets for the World\u2019s largest jackpots\",\"description\":\"Participate in worldwide lottery jackpots from any country\",\"publisher\":{\"@id\":\"https:\\\/\\\/redfoxlotto.com\\\/tr\\\/#organization\"},\"potentialAction\":[{\"@type\":\"SearchAction\",\"target\":{\"@type\":\"EntryPoint\",\"urlTemplate\":\"https:\\\/\\\/redfoxlotto.com\\\/tr\\\/?s={search_term_string}\"},\"query-input\":{\"@type\":\"PropertyValueSpecification\",\"valueRequired\":true,\"valueName\":\"search_term_string\"}}],\"inLanguage\":\"tr\"},{\"@type\":\"Organization\",\"@id\":\"https:\\\/\\\/redfoxlotto.com\\\/tr\\\/#organization\",\"name\":\"Get Tickets for the World\u2019s largest jackpots\",\"url\":\"https:\\\/\\\/redfoxlotto.com\\\/tr\\\/\",\"logo\":{\"@type\":\"ImageObject\",\"inLanguage\":\"tr\",\"@id\":\"https:\\\/\\\/redfoxlotto.com\\\/tr\\\/#\\\/schema\\\/logo\\\/image\\\/\",\"url\":\"https:\\\/\\\/redfoxlotto.com\\\/wp-content\\\/uploads\\\/2023\\\/04\\\/logo.png\",\"contentUrl\":\"https:\\\/\\\/redfoxlotto.com\\\/wp-content\\\/uploads\\\/2023\\\/04\\\/logo.png\",\"width\":269,\"height\":53,\"caption\":\"Get Tickets for the World\u2019s largest jackpots\"},\"image\":{\"@id\":\"https:\\\/\\\/redfoxlotto.com\\\/tr\\\/#\\\/schema\\\/logo\\\/image\\\/\"}}]}<\/script>\n<!-- \/ Yoast SEO plugin. -->","yoast_head_json":{"title":"Powerball Australia Lottery Online Oynay\u0131n","description":"Avustralya\u2019n\u0131n En Sevdi\u011fi Piyango Art\u0131k D\u00fcnya \u00c7ap\u0131nda \u00c7evrimi\u00e7i Olarak Eri\u015filebilir","robots":{"index":"index","follow":"follow","max-snippet":"max-snippet:-1","max-image-preview":"max-image-preview:large","max-video-preview":"max-video-preview:-1"},"canonical":"https:\/\/redfoxlotto.com\/tr\/oyna\/powerball-au\/","og_locale":"tr_TR","og_type":"article","og_title":"Powerball Australia Lottery Online Oynay\u0131n","og_description":"Avustralya\u2019n\u0131n En Sevdi\u011fi Piyango Art\u0131k D\u00fcnya \u00c7ap\u0131nda \u00c7evrimi\u00e7i Olarak Eri\u015filebilir","og_url":"https:\/\/redfoxlotto.com\/tr\/oyna\/powerball-au\/","og_site_name":"Get Tickets for the World\u2019s largest jackpots","article_modified_time":"2023-04-29T08:08:36+00:00","og_image":[{"url":"https:\/\/content.redfoxlotto.com\/uploads\/sites\/9\/2_ticket_powerball_au.jpg","type":"","width":"","height":""}],"twitter_card":"summary_large_image","twitter_misc":{"Tahmini okuma s\u00fcresi":"1 dakika"},"schema":{"@context":"https:\/\/schema.org","@graph":[{"@type":"WebPage","@id":"https:\/\/redfoxlotto.com\/tr\/oyna\/powerball-au\/","url":"https:\/\/redfoxlotto.com\/tr\/oyna\/powerball-au\/","name":"Powerball Australia Lottery Online Oynay\u0131n","isPartOf":{"@id":"https:\/\/redfoxlotto.com\/tr\/#website"},"primaryImageOfPage":{"@id":"https:\/\/redfoxlotto.com\/tr\/oyna\/powerball-au\/#primaryimage"},"image":{"@id":"https:\/\/redfoxlotto.com\/tr\/oyna\/powerball-au\/#primaryimage"},"thumbnailUrl":"https:\/\/content.redfoxlotto.com\/uploads\/sites\/9\/2_ticket_powerball_au.jpg","datePublished":"2023-04-24T18:19:55+00:00","dateModified":"2023-04-29T08:08:36+00:00","description":"Avustralya\u2019n\u0131n En Sevdi\u011fi Piyango Art\u0131k D\u00fcnya \u00c7ap\u0131nda \u00c7evrimi\u00e7i Olarak Eri\u015filebilir","breadcrumb":{"@id":"https:\/\/redfoxlotto.com\/tr\/oyna\/powerball-au\/#breadcrumb"},"inLanguage":"tr","potentialAction":[{"@type":"ReadAction","target":["https:\/\/redfoxlotto.com\/tr\/oyna\/powerball-au\/"]}]},{"@type":"ImageObject","inLanguage":"tr","@id":"https:\/\/redfoxlotto.com\/tr\/oyna\/powerball-au\/#primaryimage","url":"https:\/\/content.redfoxlotto.com\/uploads\/sites\/9\/2_ticket_powerball_au.jpg","contentUrl":"https:\/\/content.redfoxlotto.com\/uploads\/sites\/9\/2_ticket_powerball_au.jpg"},{"@type":"BreadcrumbList","@id":"https:\/\/redfoxlotto.com\/tr\/oyna\/powerball-au\/#breadcrumb","itemListElement":[{"@type":"ListItem","position":1,"name":"Home","item":"https:\/\/redfoxlotto.com\/tr\/"},{"@type":"ListItem","position":2,"name":"Uluslararas\u0131 piyangolara nas\u0131l kat\u0131l\u0131r\u0131m?","item":"https:\/\/redfoxlotto.com\/tr\/oyna\/"},{"@type":"ListItem","position":3,"name":"Down Under&#8217;dan Powerball &#8211; nas\u0131l oynan\u0131r"}]},{"@type":"WebSite","@id":"https:\/\/redfoxlotto.com\/tr\/#website","url":"https:\/\/redfoxlotto.com\/tr\/","name":"Get Tickets for the World\u2019s largest jackpots","description":"Participate in worldwide lottery jackpots from any country","publisher":{"@id":"https:\/\/redfoxlotto.com\/tr\/#organization"},"potentialAction":[{"@type":"SearchAction","target":{"@type":"EntryPoint","urlTemplate":"https:\/\/redfoxlotto.com\/tr\/?s={search_term_string}"},"query-input":{"@type":"PropertyValueSpecification","valueRequired":true,"valueName":"search_term_string"}}],"inLanguage":"tr"},{"@type":"Organization","@id":"https:\/\/redfoxlotto.com\/tr\/#organization","name":"Get Tickets for the World\u2019s largest jackpots","url":"https:\/\/redfoxlotto.com\/tr\/","logo":{"@type":"ImageObject","inLanguage":"tr","@id":"https:\/\/redfoxlotto.com\/tr\/#\/schema\/logo\/image\/","url":"https:\/\/redfoxlotto.com\/wp-content\/uploads\/2023\/04\/logo.png","contentUrl":"https:\/\/redfoxlotto.com\/wp-content\/uploads\/2023\/04\/logo.png","width":269,"height":53,"caption":"Get Tickets for the World\u2019s largest jackpots"},"image":{"@id":"https:\/\/redfoxlotto.com\/tr\/#\/schema\/logo\/image\/"}}]}},"_links":{"self":[{"href":"https:\/\/redfoxlotto.com\/tr\/wp-json\/wp\/v2\/pages\/13302","targetHints":{"allow":["GET"]}}],"collection":[{"href":"https:\/\/redfoxlotto.com\/tr\/wp-json\/wp\/v2\/pages"}],"about":[{"href":"https:\/\/redfoxlotto.com\/tr\/wp-json\/wp\/v2\/types\/page"}],"author":[{"embeddable":true,"href":"https:\/\/redfoxlotto.com\/tr\/wp-json\/wp\/v2\/users\/1"}],"replies":[{"embeddable":true,"href":"https:\/\/redfoxlotto.com\/tr\/wp-json\/wp\/v2\/comments?post=13302"}],"version-history":[{"count":0,"href":"https:\/\/redfoxlotto.com\/tr\/wp-json\/wp\/v2\/pages\/13302\/revisions"}],"up":[{"embeddable":true,"href":"https:\/\/redfoxlotto.com\/tr\/wp-json\/wp\/v2\/pages\/2913"}],"wp:attachment":[{"href":"https:\/\/redfoxlotto.com\/tr\/wp-json\/wp\/v2\/media?parent=13302"}],"curies":[{"name":"wp","href":"https:\/\/api.w.org\/{rel}","templated":true}]}}