{"id":13280,"date":"2023-04-24T18:07:24","date_gmt":"2023-04-24T18:07:24","guid":{"rendered":"https:\/\/redfoxlotto.com\/?page_id=13280"},"modified":"2025-12-11T09:47:17","modified_gmt":"2025-12-11T09:47:17","slug":"thunderball","status":"publish","type":"page","link":"https:\/\/redfoxlotto.com\/tr\/oyna\/thunderball\/","title":{"rendered":"\u00c7evrimi\u00e7i Thunderball Loto oynay\u0131n"},"content":{"rendered":"<script type=\"application\/ld+json\">\r\n{\r\n  \"@context\": \"https:\/\/schema.org\",\r\n  \"@type\": \"Service\",\r\n  \"name\": \"Thunderball Lotto online\",\r\n  \"url\": \"https:\/\/redfoxlotto.com\/tr\/oyna\/thunderball\/\",\r\n  \"description\": \"Resmi Thunderball Lotto biletlerini RedFoxLotto \u00fczerinden \u00e7evrimi\u00e7i sat\u0131n al\u0131n. Numaran\u0131z\u0131 se\u00e7in ve bir sonraki \u00e7ekili\u015fe kat\u0131l\u0131n.\",\r\n  \"serviceType\": \"Online lottery ticket purchase\",\r\n\r\n  \"provider\": {\r\n    \"@type\": \"Organization\",\r\n    \"name\": \"RedFoxLotto\",\r\n    \"url\": \"https:\/\/redfoxlotto.com\",\r\n    \"logo\": \"https:\/\/redfoxlotto.com\/wp-content\/uploads\/logo.png\"\r\n  },\r\n\r\n  \"areaServed\": \"Worldwide\",\r\n  \"termsOfService\": \"https:\/\/redfoxlotto.com\/terms-and-conditions\",\r\n\r\n  \"hasOfferCatalog\": {\r\n    \"@type\": \"OfferCatalog\",\r\n    \"name\": \"Thunderball Lotto Offers\",\r\n    \"itemListElement\": [\r\n      {\r\n        \"@type\": \"Offer\",\r\n        \"name\": \"Lotto Thunderball Lotto Ticket\",\r\n        \"url\": \"https:\/\/redfoxlotto.com\/tr\/oyna\/thunderball\/\",\r\n        \"description\": \"Bir sonraki Thunderball Lotto \u00e7ekili\u015fi i\u00e7in bir kat\u0131l\u0131m.\",\r\n        \"price\": \"4.00\",\r\n        \"priceCurrency\": \"EUR\",\r\n        \"availability\": \"https:\/\/schema.org\/InStock\",\r\n\r\n        \"itemOffered\": {\r\n          \"@type\": \"Service\",\r\n          \"name\": \"Thunderball Lotto Lottery Entry\",\r\n          \"description\": \"RedFoxLotto \u00fczerinden bir sonraki Thunderball Lotto \u00e7ekili\u015fine kat\u0131l\u0131m.\"\r\n        }\r\n      }\r\n    ]\r\n  },\r\n\r\n  \"mainEntityOfPage\": {\r\n    \"@type\": \"WebPage\",\r\n    \"@id\": \"https:\/\/redfoxlotto.com\/tr\/oyna\/thunderball\/\"\r\n  }\r\n}\r\n<\/script><p>Yepyeni bir oyun oynamaya ba\u015flamak istiyorsan\u0131z Thunderball&#8217;a kesinlikle daha yak\u0131ndan bakmal\u0131s\u0131n\u0131z. Bununla ne kadar e\u011flendi\u011finize ve se\u00e7ebilece\u011finiz t\u00fcm se\u00e7eneklere bile \u015fa\u015f\u0131rabilirsiniz. Bunun nedeni, \u00e7evrimi\u00e7i Thunderball UK Lotto oynad\u0131\u011f\u0131n\u0131zda oynayaca\u011f\u0131n\u0131z g\u00fcnleri bile se\u00e7ebilmenizdir.<\/p><h2 class=\"wp-block-heading\">Thunderball UK Loto \u00c7evrimi\u00e7i Nas\u0131l Oynan\u0131r<\/h2><p><img loading=\"lazy\" decoding=\"async\" class=\" wp-image alignright\" src=\"https:\/\/content.redfoxlotto.com\/uploads\/sites\/9\/1_play_online_lotto.jpg\" alt=\"Thunderball \u00e7evrimi\u00e7i oyna\" width=\"268\" height=\"268\"><\/p><p>Bu oyunda be\u015f normal say\u0131 ve bir bonus numara se\u00e7ersiniz. Normal numaralar\u0131n her biri 1 ile 39 aras\u0131nda olmal\u0131d\u0131r. Thunderball numaralar\u0131n\u0131n her biri 1 ile 14 aras\u0131nda olmal\u0131d\u0131r. Veya sizin i\u00e7in otomatik olarak olu\u015fturulan bir Lucky Dip bileti se\u00e7ebilirsiniz.<\/p><p>Numaralar\u0131n\u0131z\u0131 ald\u0131ktan sonra, biletinizin hangi g\u00fcnler i\u00e7in ve ne kadar s\u00fcreyle ge\u00e7erli olaca\u011f\u0131n\u0131 se\u00e7ebilirsiniz. Bu \u015fekilde istedi\u011finiz kadar \u00e7izim elde edersiniz.<\/p><h2 class=\"wp-block-heading\">Kazanan Numaralara Bakma<\/h2><p>Bilet sat\u0131n ald\u0131ktan sonra, bir \u015fey kazan\u0131p kazanmad\u0131\u011f\u0131n\u0131z\u0131 bilmek isteyeceksiniz, de\u011fil mi? Bulmak sand\u0131\u011f\u0131n\u0131zdan daha kolay. Tek yapman\u0131z gereken en sevdi\u011finiz noktada \u00e7evrimi\u00e7i olarak kazanan numaralar\u0131 kontrol etmek. RedFoxLotto.com gibi.<\/p><p>Oyunu zaten oynad\u0131ysan\u0131z ve herhangi bir \u015fey kazan\u0131p kazanmad\u0131\u011f\u0131n\u0131z\u0131 \u00f6\u011frenmeniz gerekiyorsa, bu daha da iyi bir noktad\u0131r \u00e7\u00fcnk\u00fc hesab\u0131n\u0131za giri\u015f yaparak kendi say\u0131lar\u0131n\u0131z\u0131 kar\u015f\u0131la\u015ft\u0131rabilirsiniz. Ve asl\u0131nda, rahatlaman\u0131z i\u00e7in t\u00fcm kar\u015f\u0131la\u015ft\u0131rmalar\u0131 sizin i\u00e7in yapaca\u011f\u0131z.<\/p>","protected":false},"excerpt":{"rendered":"<p>Yepyeni bir oyun oynamaya ba\u015flamak istiyorsan\u0131z Thunderball&#8217;a kesinlikle daha yak\u0131ndan bakmal\u0131s\u0131n\u0131z. Bununla ne kadar e\u011flendi\u011finize ve se\u00e7ebilece\u011finiz t\u00fcm se\u00e7eneklere bile \u015fa\u015f\u0131rabilirsiniz. Bunun nedeni, \u00e7evrimi\u00e7i Thunderball UK Lotto oynad\u0131\u011f\u0131n\u0131zda oynayaca\u011f\u0131n\u0131z g\u00fcnleri bile se\u00e7ebilmenizdir. Thunderball UK Loto \u00c7evrimi\u00e7i Nas\u0131l Oynan\u0131r Bu oyunda be\u015f normal say\u0131 ve bir bonus numara se\u00e7ersiniz. Normal numaralar\u0131n her biri 1 ile 39 [&hellip;]<\/p>\n","protected":false},"author":1,"featured_media":0,"parent":2913,"menu_order":11,"comment_status":"closed","ping_status":"closed","template":"thunderball.php","meta":{"_et_pb_use_builder":"","_et_pb_old_content":"","_et_gb_content_width":"","exclude_from_search":false,"footnotes":""},"class_list":["post-13280","page","type-page","status-publish","hentry"],"yoast_head":"<!-- This site is optimized with the Yoast SEO plugin v27.4 - https:\/\/yoast.com\/product\/yoast-seo-wordpress\/ -->\n<title>Thunderball Lotto&#039;ya \u00e7evrimi\u00e7i kat\u0131l\u0131n<\/title>\n<meta name=\"description\" content=\"\u0130ngiltere Thunderball piyangosu art\u0131k herhangi bir \u00fclkeden \u00e7evrimi\u00e7i olarak oynanabilir\" \/>\n<meta name=\"robots\" content=\"index, follow, max-snippet:-1, max-image-preview:large, max-video-preview:-1\" \/>\n<link rel=\"canonical\" href=\"https:\/\/redfoxlotto.com\/tr\/oyna\/thunderball\/\" \/>\n<meta property=\"og:locale\" content=\"tr_TR\" \/>\n<meta property=\"og:type\" content=\"article\" \/>\n<meta property=\"og:title\" content=\"Thunderball Lotto&#039;ya \u00e7evrimi\u00e7i kat\u0131l\u0131n\" \/>\n<meta property=\"og:description\" content=\"\u0130ngiltere Thunderball piyangosu art\u0131k herhangi bir \u00fclkeden \u00e7evrimi\u00e7i olarak oynanabilir\" \/>\n<meta property=\"og:url\" content=\"https:\/\/redfoxlotto.com\/tr\/oyna\/thunderball\/\" \/>\n<meta property=\"og:site_name\" content=\"Get Tickets for the World\u2019s largest jackpots\" \/>\n<meta property=\"article:modified_time\" content=\"2025-12-11T09:47:17+00:00\" \/>\n<meta property=\"og:image\" content=\"https:\/\/content.redfoxlotto.com\/uploads\/sites\/9\/1_play_online_lotto.jpg\" \/>\n<meta name=\"twitter:card\" content=\"summary_large_image\" \/>\n<meta name=\"twitter:label1\" content=\"Tahmini okuma s\u00fcresi\" \/>\n\t<meta name=\"twitter:data1\" content=\"1 dakika\" \/>\n<script type=\"application\/ld+json\" class=\"yoast-schema-graph\">{\"@context\":\"https:\\\/\\\/schema.org\",\"@graph\":[{\"@type\":\"WebPage\",\"@id\":\"https:\\\/\\\/redfoxlotto.com\\\/tr\\\/oyna\\\/thunderball\\\/\",\"url\":\"https:\\\/\\\/redfoxlotto.com\\\/tr\\\/oyna\\\/thunderball\\\/\",\"name\":\"Thunderball Lotto'ya \u00e7evrimi\u00e7i kat\u0131l\u0131n\",\"isPartOf\":{\"@id\":\"https:\\\/\\\/redfoxlotto.com\\\/tr\\\/#website\"},\"primaryImageOfPage\":{\"@id\":\"https:\\\/\\\/redfoxlotto.com\\\/tr\\\/oyna\\\/thunderball\\\/#primaryimage\"},\"image\":{\"@id\":\"https:\\\/\\\/redfoxlotto.com\\\/tr\\\/oyna\\\/thunderball\\\/#primaryimage\"},\"thumbnailUrl\":\"https:\\\/\\\/content.redfoxlotto.com\\\/uploads\\\/sites\\\/9\\\/1_play_online_lotto.jpg\",\"datePublished\":\"2023-04-24T18:07:24+00:00\",\"dateModified\":\"2025-12-11T09:47:17+00:00\",\"description\":\"\u0130ngiltere Thunderball piyangosu art\u0131k herhangi bir \u00fclkeden \u00e7evrimi\u00e7i olarak oynanabilir\",\"breadcrumb\":{\"@id\":\"https:\\\/\\\/redfoxlotto.com\\\/tr\\\/oyna\\\/thunderball\\\/#breadcrumb\"},\"inLanguage\":\"tr\",\"potentialAction\":[{\"@type\":\"ReadAction\",\"target\":[\"https:\\\/\\\/redfoxlotto.com\\\/tr\\\/oyna\\\/thunderball\\\/\"]}]},{\"@type\":\"ImageObject\",\"inLanguage\":\"tr\",\"@id\":\"https:\\\/\\\/redfoxlotto.com\\\/tr\\\/oyna\\\/thunderball\\\/#primaryimage\",\"url\":\"https:\\\/\\\/content.redfoxlotto.com\\\/uploads\\\/sites\\\/9\\\/1_play_online_lotto.jpg\",\"contentUrl\":\"https:\\\/\\\/content.redfoxlotto.com\\\/uploads\\\/sites\\\/9\\\/1_play_online_lotto.jpg\"},{\"@type\":\"BreadcrumbList\",\"@id\":\"https:\\\/\\\/redfoxlotto.com\\\/tr\\\/oyna\\\/thunderball\\\/#breadcrumb\",\"itemListElement\":[{\"@type\":\"ListItem\",\"position\":1,\"name\":\"Home\",\"item\":\"https:\\\/\\\/redfoxlotto.com\\\/tr\\\/\"},{\"@type\":\"ListItem\",\"position\":2,\"name\":\"Uluslararas\u0131 piyangolara nas\u0131l kat\u0131l\u0131r\u0131m?\",\"item\":\"https:\\\/\\\/redfoxlotto.com\\\/tr\\\/oyna\\\/\"},{\"@type\":\"ListItem\",\"position\":3,\"name\":\"\u00c7evrimi\u00e7i Thunderball Loto oynay\u0131n\"}]},{\"@type\":\"WebSite\",\"@id\":\"https:\\\/\\\/redfoxlotto.com\\\/tr\\\/#website\",\"url\":\"https:\\\/\\\/redfoxlotto.com\\\/tr\\\/\",\"name\":\"Get Tickets for the World\u2019s largest jackpots\",\"description\":\"Participate in worldwide lottery jackpots from any country\",\"publisher\":{\"@id\":\"https:\\\/\\\/redfoxlotto.com\\\/tr\\\/#organization\"},\"potentialAction\":[{\"@type\":\"SearchAction\",\"target\":{\"@type\":\"EntryPoint\",\"urlTemplate\":\"https:\\\/\\\/redfoxlotto.com\\\/tr\\\/?s={search_term_string}\"},\"query-input\":{\"@type\":\"PropertyValueSpecification\",\"valueRequired\":true,\"valueName\":\"search_term_string\"}}],\"inLanguage\":\"tr\"},{\"@type\":\"Organization\",\"@id\":\"https:\\\/\\\/redfoxlotto.com\\\/tr\\\/#organization\",\"name\":\"Get Tickets for the World\u2019s largest jackpots\",\"url\":\"https:\\\/\\\/redfoxlotto.com\\\/tr\\\/\",\"logo\":{\"@type\":\"ImageObject\",\"inLanguage\":\"tr\",\"@id\":\"https:\\\/\\\/redfoxlotto.com\\\/tr\\\/#\\\/schema\\\/logo\\\/image\\\/\",\"url\":\"https:\\\/\\\/redfoxlotto.com\\\/wp-content\\\/uploads\\\/2023\\\/04\\\/logo.png\",\"contentUrl\":\"https:\\\/\\\/redfoxlotto.com\\\/wp-content\\\/uploads\\\/2023\\\/04\\\/logo.png\",\"width\":269,\"height\":53,\"caption\":\"Get Tickets for the World\u2019s largest jackpots\"},\"image\":{\"@id\":\"https:\\\/\\\/redfoxlotto.com\\\/tr\\\/#\\\/schema\\\/logo\\\/image\\\/\"}}]}<\/script>\n<!-- \/ Yoast SEO plugin. -->","yoast_head_json":{"title":"Thunderball Lotto'ya \u00e7evrimi\u00e7i kat\u0131l\u0131n","description":"\u0130ngiltere Thunderball piyangosu art\u0131k herhangi bir \u00fclkeden \u00e7evrimi\u00e7i olarak oynanabilir","robots":{"index":"index","follow":"follow","max-snippet":"max-snippet:-1","max-image-preview":"max-image-preview:large","max-video-preview":"max-video-preview:-1"},"canonical":"https:\/\/redfoxlotto.com\/tr\/oyna\/thunderball\/","og_locale":"tr_TR","og_type":"article","og_title":"Thunderball Lotto'ya \u00e7evrimi\u00e7i kat\u0131l\u0131n","og_description":"\u0130ngiltere Thunderball piyangosu art\u0131k herhangi bir \u00fclkeden \u00e7evrimi\u00e7i olarak oynanabilir","og_url":"https:\/\/redfoxlotto.com\/tr\/oyna\/thunderball\/","og_site_name":"Get Tickets for the World\u2019s largest jackpots","article_modified_time":"2025-12-11T09:47:17+00:00","og_image":[{"url":"https:\/\/content.redfoxlotto.com\/uploads\/sites\/9\/1_play_online_lotto.jpg","type":"","width":"","height":""}],"twitter_card":"summary_large_image","twitter_misc":{"Tahmini okuma s\u00fcresi":"1 dakika"},"schema":{"@context":"https:\/\/schema.org","@graph":[{"@type":"WebPage","@id":"https:\/\/redfoxlotto.com\/tr\/oyna\/thunderball\/","url":"https:\/\/redfoxlotto.com\/tr\/oyna\/thunderball\/","name":"Thunderball Lotto'ya \u00e7evrimi\u00e7i kat\u0131l\u0131n","isPartOf":{"@id":"https:\/\/redfoxlotto.com\/tr\/#website"},"primaryImageOfPage":{"@id":"https:\/\/redfoxlotto.com\/tr\/oyna\/thunderball\/#primaryimage"},"image":{"@id":"https:\/\/redfoxlotto.com\/tr\/oyna\/thunderball\/#primaryimage"},"thumbnailUrl":"https:\/\/content.redfoxlotto.com\/uploads\/sites\/9\/1_play_online_lotto.jpg","datePublished":"2023-04-24T18:07:24+00:00","dateModified":"2025-12-11T09:47:17+00:00","description":"\u0130ngiltere Thunderball piyangosu art\u0131k herhangi bir \u00fclkeden \u00e7evrimi\u00e7i olarak oynanabilir","breadcrumb":{"@id":"https:\/\/redfoxlotto.com\/tr\/oyna\/thunderball\/#breadcrumb"},"inLanguage":"tr","potentialAction":[{"@type":"ReadAction","target":["https:\/\/redfoxlotto.com\/tr\/oyna\/thunderball\/"]}]},{"@type":"ImageObject","inLanguage":"tr","@id":"https:\/\/redfoxlotto.com\/tr\/oyna\/thunderball\/#primaryimage","url":"https:\/\/content.redfoxlotto.com\/uploads\/sites\/9\/1_play_online_lotto.jpg","contentUrl":"https:\/\/content.redfoxlotto.com\/uploads\/sites\/9\/1_play_online_lotto.jpg"},{"@type":"BreadcrumbList","@id":"https:\/\/redfoxlotto.com\/tr\/oyna\/thunderball\/#breadcrumb","itemListElement":[{"@type":"ListItem","position":1,"name":"Home","item":"https:\/\/redfoxlotto.com\/tr\/"},{"@type":"ListItem","position":2,"name":"Uluslararas\u0131 piyangolara nas\u0131l kat\u0131l\u0131r\u0131m?","item":"https:\/\/redfoxlotto.com\/tr\/oyna\/"},{"@type":"ListItem","position":3,"name":"\u00c7evrimi\u00e7i Thunderball Loto oynay\u0131n"}]},{"@type":"WebSite","@id":"https:\/\/redfoxlotto.com\/tr\/#website","url":"https:\/\/redfoxlotto.com\/tr\/","name":"Get Tickets for the World\u2019s largest jackpots","description":"Participate in worldwide lottery jackpots from any country","publisher":{"@id":"https:\/\/redfoxlotto.com\/tr\/#organization"},"potentialAction":[{"@type":"SearchAction","target":{"@type":"EntryPoint","urlTemplate":"https:\/\/redfoxlotto.com\/tr\/?s={search_term_string}"},"query-input":{"@type":"PropertyValueSpecification","valueRequired":true,"valueName":"search_term_string"}}],"inLanguage":"tr"},{"@type":"Organization","@id":"https:\/\/redfoxlotto.com\/tr\/#organization","name":"Get Tickets for the World\u2019s largest jackpots","url":"https:\/\/redfoxlotto.com\/tr\/","logo":{"@type":"ImageObject","inLanguage":"tr","@id":"https:\/\/redfoxlotto.com\/tr\/#\/schema\/logo\/image\/","url":"https:\/\/redfoxlotto.com\/wp-content\/uploads\/2023\/04\/logo.png","contentUrl":"https:\/\/redfoxlotto.com\/wp-content\/uploads\/2023\/04\/logo.png","width":269,"height":53,"caption":"Get Tickets for the World\u2019s largest jackpots"},"image":{"@id":"https:\/\/redfoxlotto.com\/tr\/#\/schema\/logo\/image\/"}}]}},"_links":{"self":[{"href":"https:\/\/redfoxlotto.com\/tr\/wp-json\/wp\/v2\/pages\/13280","targetHints":{"allow":["GET"]}}],"collection":[{"href":"https:\/\/redfoxlotto.com\/tr\/wp-json\/wp\/v2\/pages"}],"about":[{"href":"https:\/\/redfoxlotto.com\/tr\/wp-json\/wp\/v2\/types\/page"}],"author":[{"embeddable":true,"href":"https:\/\/redfoxlotto.com\/tr\/wp-json\/wp\/v2\/users\/1"}],"replies":[{"embeddable":true,"href":"https:\/\/redfoxlotto.com\/tr\/wp-json\/wp\/v2\/comments?post=13280"}],"version-history":[{"count":0,"href":"https:\/\/redfoxlotto.com\/tr\/wp-json\/wp\/v2\/pages\/13280\/revisions"}],"up":[{"embeddable":true,"href":"https:\/\/redfoxlotto.com\/tr\/wp-json\/wp\/v2\/pages\/2913"}],"wp:attachment":[{"href":"https:\/\/redfoxlotto.com\/tr\/wp-json\/wp\/v2\/media?parent=13280"}],"curies":[{"name":"wp","href":"https:\/\/api.w.org\/{rel}","templated":true}]}}