{"id":13260,"date":"2023-04-24T18:24:48","date_gmt":"2023-04-24T18:24:48","guid":{"rendered":"https:\/\/redfoxlotto.com\/?page_id=13260"},"modified":"2025-12-11T08:58:10","modified_gmt":"2025-12-11T08:58:10","slug":"saturday-lotto-au","status":"publish","type":"page","link":"https:\/\/redfoxlotto.com\/tr\/oyna\/saturday-lotto-au\/","title":{"rendered":"Saturday Lotto Australia&#8217;y\u0131 deneyin"},"content":{"rendered":"<script type=\"application\/ld+json\">\r\n{\r\n  \"@context\": \"https:\/\/schema.org\",\r\n  \"@type\": \"Service\",\r\n  \"name\": \"Saturday Lotto Australia online\",\r\n  \"url\": \"https:\/\/redfoxlotto.com\/tr\/oyna\/saturday-lotto-au\/\",\r\n  \"description\": \"RedFoxLotto arac\u0131l\u0131\u011f\u0131yla resmi Saturday Lotto Australia biletlerini \u00e7evrimi\u00e7i sat\u0131n al\u0131n. Numaran\u0131z\u0131 se\u00e7in ve bir sonraki \u00e7ekili\u015fe kat\u0131l\u0131n.\",\r\n  \"serviceType\": \"Online lottery ticket purchase\",\r\n\r\n  \"provider\": {\r\n    \"@type\": \"Organization\",\r\n    \"name\": \"RedFoxLotto\",\r\n    \"url\": \"https:\/\/redfoxlotto.com\",\r\n    \"logo\": \"https:\/\/redfoxlotto.com\/wp-content\/uploads\/logo.png\"\r\n  },\r\n\r\n  \"areaServed\": \"Worldwide\",\r\n  \"termsOfService\": \"https:\/\/redfoxlotto.com\/terms-and-conditions\",\r\n\r\n  \"hasOfferCatalog\": {\r\n    \"@type\": \"OfferCatalog\",\r\n    \"name\": \"Saturday Lotto Australia Offers\",\r\n    \"itemListElement\": [\r\n      {\r\n        \"@type\": \"Offer\",\r\n        \"name\": \"Lotto Saturday Lotto Australia Ticket\",\r\n        \"url\": \"https:\/\/redfoxlotto.com\/tr\/oyna\/saturday-lotto-au\/\",\r\n        \"description\": \"Bir sonraki Saturday Lotto Australia \u00e7ekili\u015fi i\u00e7in bir kat\u0131l\u0131m hakk\u0131.\",\r\n        \"price\": \"1.50\",\r\n        \"priceCurrency\": \"EUR\",\r\n        \"availability\": \"https:\/\/schema.org\/InStock\",\r\n\r\n        \"itemOffered\": {\r\n          \"@type\": \"Service\",\r\n          \"name\": \"Saturday Lotto Australia Entry\",\r\n          \"description\": \"RedFoxLotto arac\u0131l\u0131\u011f\u0131yla bir sonraki Saturday Lotto Australia \u00e7ekili\u015fine kat\u0131l\u0131m.\"\r\n        }\r\n      }\r\n    ]\r\n  },\r\n\r\n  \"mainEntityOfPage\": {\r\n    \"@type\": \"WebPage\",\r\n    \"@id\": \"https:\/\/redfoxlotto.com\/tr\/oyna\/saturday-lotto-au\/\"\r\n  }\r\n}\r\n<\/script>\r\n\r\n<p><img loading=\"lazy\" decoding=\"async\" class=\" wp-image alignright\" src=\"https:\/\/content.redfoxlotto.com\/uploads\/sites\/9\/2_ticket_saturday_lotto_au.jpg\" alt=\"Saturday Lotto Avustralya'y\u0131 \u00e7evrimi\u00e7i oynay\u0131n\" width=\"218\" height=\"397\" \/><\/p><p>Mesafe art\u0131k sadece Avustralya&#8217;da bulunanlar de\u011fil, ayn\u0131 zamanda herhangi bir yerdeki herhangi biri piyangonun bir par\u00e7as\u0131 olabilece\u011fi i\u00e7in Cumartesi lotounda oynaman\u0131n \u00f6n\u00fcnde bir engel de\u011fil. \u0130htiyac\u0131n\u0131z olan tek \u015fey, internete eri\u015febilen herhangi bir cihazd\u0131r ve Avustralya&#8217;n\u0131n Cumartesi piyangosunun bir sonraki b\u00fcy\u00fck ikramiyesini kazanabilirsiniz. Bu y\u00fczden, ne zaman kendinizi \u015fansl\u0131 hissediyorsan\u0131z, \u00e7evrimi\u00e7i olarak bir Cumartesi piyango bileti ay\u0131rtmaktan \u00e7ekinmeyin ve hayat\u0131n\u0131z\u0131n daha iyiye do\u011fru b\u00fcy\u00fck bir d\u00f6n\u00fc\u015f\u00fc olabilir.<\/p><p>Cumartesi loto biletini rezerve etmek \u00e7ok kolayd\u0131r, \u00e7\u00fcnk\u00fc tek yapman\u0131z gereken RedFoxLotto&#8217;da bir hesap a\u00e7mak, 45&#8217;ten en sevdi\u011finiz 6 numaray\u0131 se\u00e7mek veya numaralar\u0131n sizin i\u00e7in rastgele se\u00e7ildi\u011fi h\u0131zl\u0131 se\u00e7im se\u00e7ene\u011fini kullanabilirsiniz ve ard\u0131ndan biletiniz rezerve edildi ve kaydedildi ve ayr\u0131ca rezervasyonu yap\u0131lan biletinizi onaylayan bir e-posta bildirimi al\u0131rs\u0131n\u0131z.<\/p><p><img loading=\"lazy\" decoding=\"async\" class=\" wp-image alignright\" src=\"https:\/\/content.redfoxlotto.com\/uploads\/sites\/9\/1_lotto_jackpot_online.jpg\" alt=\"Avustralya piyango Cumartesi\" width=\"260\" height=\"304\" \/><\/p><p>Kullan\u0131c\u0131lar\u0131n \u00f6deme yapabilece\u011fi \u00e7e\u015fitli \u00f6deme se\u00e7enekleri oldu\u011fundan ve RedFoxLotto g\u00fcvenli ve \u00f6zel bir \u00f6deme portal\u0131 sa\u011flad\u0131\u011f\u0131ndan, biletler i\u00e7in \u00f6deme yapmak, numaralar\u0131n\u0131z\u0131 se\u00e7mek kadar kolayd\u0131r, b\u00f6ylece bankac\u0131l\u0131k ayr\u0131nt\u0131lar\u0131n\u0131z\u0131n tehlikeye girmesinden korkman\u0131za gerek kalmaz.<\/p><p>Cumartesi piyangosu \u00e7ekili\u015fi her Cumartesi ak\u015fam\u0131 yap\u0131l\u0131r ve 8 numara \u00e7ekilir. \u0130lk 6 say\u0131 ana say\u0131lard\u0131r ve ana \u00f6d\u00fcl\u00fc kazananlar\u0131n belirlenmesinde kullan\u0131l\u0131r. Kalan 2 numara tamamlay\u0131c\u0131 numaralard\u0131r ve di\u011fer daha d\u00fc\u015f\u00fck kazan\u00e7 kategorilerini belirlemek i\u00e7in kullan\u0131l\u0131r. Biletinizi al\u0131rken se\u00e7ti\u011finiz 6 numara, \u00e7ekilen 6 ana numara ile e\u015fle\u015fiyorsa, nihai \u00f6d\u00fcl\u00fc kazand\u0131n\u0131z demektir. Maksimum 4 kazanan aras\u0131nda payla\u015f\u0131labilecek olan yakla\u015f\u0131k 4 milyon Avustralya Dolar\u0131d\u0131r. \u00c7izilen 6 numarayla e\u015fle\u015fen 6 numaradan az olan biletler i\u00e7in \u00f6d\u00fcller mevcuttur.<\/p>","protected":false},"excerpt":{"rendered":"<p>Mesafe art\u0131k sadece Avustralya&#8217;da bulunanlar de\u011fil, ayn\u0131 zamanda herhangi bir yerdeki herhangi biri piyangonun bir par\u00e7as\u0131 olabilece\u011fi i\u00e7in Cumartesi lotounda oynaman\u0131n \u00f6n\u00fcnde bir engel de\u011fil. \u0130htiyac\u0131n\u0131z olan tek \u015fey, internete eri\u015febilen herhangi bir cihazd\u0131r ve Avustralya&#8217;n\u0131n Cumartesi piyangosunun bir sonraki b\u00fcy\u00fck ikramiyesini kazanabilirsiniz. Bu y\u00fczden, ne zaman kendinizi \u015fansl\u0131 hissediyorsan\u0131z, \u00e7evrimi\u00e7i olarak bir Cumartesi piyango [&hellip;]<\/p>\n","protected":false},"author":1,"featured_media":0,"parent":2913,"menu_order":20,"comment_status":"closed","ping_status":"closed","template":"saturday-lotto.php","meta":{"_et_pb_use_builder":"","_et_pb_old_content":"","_et_gb_content_width":"","exclude_from_search":false,"footnotes":""},"class_list":["post-13260","page","type-page","status-publish","hentry"],"yoast_head":"<!-- This site is optimized with the Yoast SEO plugin v23.8 - https:\/\/yoast.com\/wordpress\/plugins\/seo\/ -->\n<title>Saturday Lotto \u00e7evrim i\u00e7i oynay\u0131n | Avustralya&#039;n\u0131n en b\u00fcy\u00fck piyangolar\u0131ndan biri<\/title>\n<meta name=\"description\" content=\"Biletlerinizi \u00e7evrimi\u00e7i olarak ay\u0131rt\u0131n ve Avustralya&#039;da Cumartesi piyangosunda oynay\u0131n\" \/>\n<meta name=\"robots\" content=\"index, follow, max-snippet:-1, max-image-preview:large, max-video-preview:-1\" \/>\n<link rel=\"canonical\" href=\"https:\/\/redfoxlotto.com\/tr\/oyna\/saturday-lotto-au\/\" \/>\n<meta property=\"og:locale\" content=\"tr_TR\" \/>\n<meta property=\"og:type\" content=\"article\" \/>\n<meta property=\"og:title\" content=\"Saturday Lotto \u00e7evrim i\u00e7i oynay\u0131n | Avustralya&#039;n\u0131n en b\u00fcy\u00fck piyangolar\u0131ndan biri\" \/>\n<meta property=\"og:description\" content=\"Biletlerinizi \u00e7evrimi\u00e7i olarak ay\u0131rt\u0131n ve Avustralya&#039;da Cumartesi piyangosunda oynay\u0131n\" \/>\n<meta property=\"og:url\" content=\"https:\/\/redfoxlotto.com\/tr\/oyna\/saturday-lotto-au\/\" \/>\n<meta property=\"og:site_name\" content=\"Get Tickets for the World\u2019s largest jackpots\" \/>\n<meta property=\"article:modified_time\" content=\"2025-12-11T08:58:10+00:00\" \/>\n<meta property=\"og:image\" content=\"https:\/\/content.redfoxlotto.com\/uploads\/sites\/9\/2_ticket_saturday_lotto_au.jpg\" \/>\n<meta name=\"twitter:card\" content=\"summary_large_image\" \/>\n<meta name=\"twitter:label1\" content=\"Tahmini okuma s\u00fcresi\" \/>\n\t<meta name=\"twitter:data1\" content=\"2 dakika\" \/>\n<script type=\"application\/ld+json\" class=\"yoast-schema-graph\">{\"@context\":\"https:\/\/schema.org\",\"@graph\":[{\"@type\":\"WebPage\",\"@id\":\"https:\/\/redfoxlotto.com\/tr\/oyna\/saturday-lotto-au\/\",\"url\":\"https:\/\/redfoxlotto.com\/tr\/oyna\/saturday-lotto-au\/\",\"name\":\"Saturday Lotto \u00e7evrim i\u00e7i oynay\u0131n | Avustralya'n\u0131n en b\u00fcy\u00fck piyangolar\u0131ndan biri\",\"isPartOf\":{\"@id\":\"https:\/\/redfoxlotto.com\/tr\/#website\"},\"primaryImageOfPage\":{\"@id\":\"https:\/\/redfoxlotto.com\/tr\/oyna\/saturday-lotto-au\/#primaryimage\"},\"image\":{\"@id\":\"https:\/\/redfoxlotto.com\/tr\/oyna\/saturday-lotto-au\/#primaryimage\"},\"thumbnailUrl\":\"https:\/\/content.redfoxlotto.com\/uploads\/sites\/9\/2_ticket_saturday_lotto_au.jpg\",\"datePublished\":\"2023-04-24T18:24:48+00:00\",\"dateModified\":\"2025-12-11T08:58:10+00:00\",\"description\":\"Biletlerinizi \u00e7evrimi\u00e7i olarak ay\u0131rt\u0131n ve Avustralya'da Cumartesi piyangosunda oynay\u0131n\",\"breadcrumb\":{\"@id\":\"https:\/\/redfoxlotto.com\/tr\/oyna\/saturday-lotto-au\/#breadcrumb\"},\"inLanguage\":\"tr\",\"potentialAction\":[{\"@type\":\"ReadAction\",\"target\":[\"https:\/\/redfoxlotto.com\/tr\/oyna\/saturday-lotto-au\/\"]}]},{\"@type\":\"ImageObject\",\"inLanguage\":\"tr\",\"@id\":\"https:\/\/redfoxlotto.com\/tr\/oyna\/saturday-lotto-au\/#primaryimage\",\"url\":\"https:\/\/content.redfoxlotto.com\/uploads\/sites\/9\/2_ticket_saturday_lotto_au.jpg\",\"contentUrl\":\"https:\/\/content.redfoxlotto.com\/uploads\/sites\/9\/2_ticket_saturday_lotto_au.jpg\"},{\"@type\":\"BreadcrumbList\",\"@id\":\"https:\/\/redfoxlotto.com\/tr\/oyna\/saturday-lotto-au\/#breadcrumb\",\"itemListElement\":[{\"@type\":\"ListItem\",\"position\":1,\"name\":\"Home\",\"item\":\"https:\/\/redfoxlotto.com\/tr\/\"},{\"@type\":\"ListItem\",\"position\":2,\"name\":\"Uluslararas\u0131 piyangolara nas\u0131l kat\u0131l\u0131r\u0131m?\",\"item\":\"https:\/\/redfoxlotto.com\/tr\/oyna\/\"},{\"@type\":\"ListItem\",\"position\":3,\"name\":\"Saturday Lotto Australia&#8217;y\u0131 deneyin\"}]},{\"@type\":\"WebSite\",\"@id\":\"https:\/\/redfoxlotto.com\/tr\/#website\",\"url\":\"https:\/\/redfoxlotto.com\/tr\/\",\"name\":\"Get Tickets for the World\u2019s largest jackpots\",\"description\":\"Participate in worldwide lottery jackpots from any country\",\"publisher\":{\"@id\":\"https:\/\/redfoxlotto.com\/tr\/#organization\"},\"potentialAction\":[{\"@type\":\"SearchAction\",\"target\":{\"@type\":\"EntryPoint\",\"urlTemplate\":\"https:\/\/redfoxlotto.com\/tr\/?s={search_term_string}\"},\"query-input\":{\"@type\":\"PropertyValueSpecification\",\"valueRequired\":true,\"valueName\":\"search_term_string\"}}],\"inLanguage\":\"tr\"},{\"@type\":\"Organization\",\"@id\":\"https:\/\/redfoxlotto.com\/tr\/#organization\",\"name\":\"Get Tickets for the World\u2019s largest jackpots\",\"url\":\"https:\/\/redfoxlotto.com\/tr\/\",\"logo\":{\"@type\":\"ImageObject\",\"inLanguage\":\"tr\",\"@id\":\"https:\/\/redfoxlotto.com\/tr\/#\/schema\/logo\/image\/\",\"url\":\"https:\/\/redfoxlotto.com\/wp-content\/uploads\/2023\/04\/logo.png\",\"contentUrl\":\"https:\/\/redfoxlotto.com\/wp-content\/uploads\/2023\/04\/logo.png\",\"width\":269,\"height\":53,\"caption\":\"Get Tickets for the World\u2019s largest jackpots\"},\"image\":{\"@id\":\"https:\/\/redfoxlotto.com\/tr\/#\/schema\/logo\/image\/\"}}]}<\/script>\n<!-- \/ Yoast SEO plugin. -->","yoast_head_json":{"title":"Saturday Lotto \u00e7evrim i\u00e7i oynay\u0131n | Avustralya'n\u0131n en b\u00fcy\u00fck piyangolar\u0131ndan biri","description":"Biletlerinizi \u00e7evrimi\u00e7i olarak ay\u0131rt\u0131n ve Avustralya'da Cumartesi piyangosunda oynay\u0131n","robots":{"index":"index","follow":"follow","max-snippet":"max-snippet:-1","max-image-preview":"max-image-preview:large","max-video-preview":"max-video-preview:-1"},"canonical":"https:\/\/redfoxlotto.com\/tr\/oyna\/saturday-lotto-au\/","og_locale":"tr_TR","og_type":"article","og_title":"Saturday Lotto \u00e7evrim i\u00e7i oynay\u0131n | Avustralya'n\u0131n en b\u00fcy\u00fck piyangolar\u0131ndan biri","og_description":"Biletlerinizi \u00e7evrimi\u00e7i olarak ay\u0131rt\u0131n ve Avustralya'da Cumartesi piyangosunda oynay\u0131n","og_url":"https:\/\/redfoxlotto.com\/tr\/oyna\/saturday-lotto-au\/","og_site_name":"Get Tickets for the World\u2019s largest jackpots","article_modified_time":"2025-12-11T08:58:10+00:00","og_image":[{"url":"https:\/\/content.redfoxlotto.com\/uploads\/sites\/9\/2_ticket_saturday_lotto_au.jpg"}],"twitter_card":"summary_large_image","twitter_misc":{"Tahmini okuma s\u00fcresi":"2 dakika"},"schema":{"@context":"https:\/\/schema.org","@graph":[{"@type":"WebPage","@id":"https:\/\/redfoxlotto.com\/tr\/oyna\/saturday-lotto-au\/","url":"https:\/\/redfoxlotto.com\/tr\/oyna\/saturday-lotto-au\/","name":"Saturday Lotto \u00e7evrim i\u00e7i oynay\u0131n | Avustralya'n\u0131n en b\u00fcy\u00fck piyangolar\u0131ndan biri","isPartOf":{"@id":"https:\/\/redfoxlotto.com\/tr\/#website"},"primaryImageOfPage":{"@id":"https:\/\/redfoxlotto.com\/tr\/oyna\/saturday-lotto-au\/#primaryimage"},"image":{"@id":"https:\/\/redfoxlotto.com\/tr\/oyna\/saturday-lotto-au\/#primaryimage"},"thumbnailUrl":"https:\/\/content.redfoxlotto.com\/uploads\/sites\/9\/2_ticket_saturday_lotto_au.jpg","datePublished":"2023-04-24T18:24:48+00:00","dateModified":"2025-12-11T08:58:10+00:00","description":"Biletlerinizi \u00e7evrimi\u00e7i olarak ay\u0131rt\u0131n ve Avustralya'da Cumartesi piyangosunda oynay\u0131n","breadcrumb":{"@id":"https:\/\/redfoxlotto.com\/tr\/oyna\/saturday-lotto-au\/#breadcrumb"},"inLanguage":"tr","potentialAction":[{"@type":"ReadAction","target":["https:\/\/redfoxlotto.com\/tr\/oyna\/saturday-lotto-au\/"]}]},{"@type":"ImageObject","inLanguage":"tr","@id":"https:\/\/redfoxlotto.com\/tr\/oyna\/saturday-lotto-au\/#primaryimage","url":"https:\/\/content.redfoxlotto.com\/uploads\/sites\/9\/2_ticket_saturday_lotto_au.jpg","contentUrl":"https:\/\/content.redfoxlotto.com\/uploads\/sites\/9\/2_ticket_saturday_lotto_au.jpg"},{"@type":"BreadcrumbList","@id":"https:\/\/redfoxlotto.com\/tr\/oyna\/saturday-lotto-au\/#breadcrumb","itemListElement":[{"@type":"ListItem","position":1,"name":"Home","item":"https:\/\/redfoxlotto.com\/tr\/"},{"@type":"ListItem","position":2,"name":"Uluslararas\u0131 piyangolara nas\u0131l kat\u0131l\u0131r\u0131m?","item":"https:\/\/redfoxlotto.com\/tr\/oyna\/"},{"@type":"ListItem","position":3,"name":"Saturday Lotto Australia&#8217;y\u0131 deneyin"}]},{"@type":"WebSite","@id":"https:\/\/redfoxlotto.com\/tr\/#website","url":"https:\/\/redfoxlotto.com\/tr\/","name":"Get Tickets for the World\u2019s largest jackpots","description":"Participate in worldwide lottery jackpots from any country","publisher":{"@id":"https:\/\/redfoxlotto.com\/tr\/#organization"},"potentialAction":[{"@type":"SearchAction","target":{"@type":"EntryPoint","urlTemplate":"https:\/\/redfoxlotto.com\/tr\/?s={search_term_string}"},"query-input":{"@type":"PropertyValueSpecification","valueRequired":true,"valueName":"search_term_string"}}],"inLanguage":"tr"},{"@type":"Organization","@id":"https:\/\/redfoxlotto.com\/tr\/#organization","name":"Get Tickets for the World\u2019s largest jackpots","url":"https:\/\/redfoxlotto.com\/tr\/","logo":{"@type":"ImageObject","inLanguage":"tr","@id":"https:\/\/redfoxlotto.com\/tr\/#\/schema\/logo\/image\/","url":"https:\/\/redfoxlotto.com\/wp-content\/uploads\/2023\/04\/logo.png","contentUrl":"https:\/\/redfoxlotto.com\/wp-content\/uploads\/2023\/04\/logo.png","width":269,"height":53,"caption":"Get Tickets for the World\u2019s largest jackpots"},"image":{"@id":"https:\/\/redfoxlotto.com\/tr\/#\/schema\/logo\/image\/"}}]}},"_links":{"self":[{"href":"https:\/\/redfoxlotto.com\/tr\/wp-json\/wp\/v2\/pages\/13260","targetHints":{"allow":["GET"]}}],"collection":[{"href":"https:\/\/redfoxlotto.com\/tr\/wp-json\/wp\/v2\/pages"}],"about":[{"href":"https:\/\/redfoxlotto.com\/tr\/wp-json\/wp\/v2\/types\/page"}],"author":[{"embeddable":true,"href":"https:\/\/redfoxlotto.com\/tr\/wp-json\/wp\/v2\/users\/1"}],"replies":[{"embeddable":true,"href":"https:\/\/redfoxlotto.com\/tr\/wp-json\/wp\/v2\/comments?post=13260"}],"version-history":[{"count":0,"href":"https:\/\/redfoxlotto.com\/tr\/wp-json\/wp\/v2\/pages\/13260\/revisions"}],"up":[{"embeddable":true,"href":"https:\/\/redfoxlotto.com\/tr\/wp-json\/wp\/v2\/pages\/2913"}],"wp:attachment":[{"href":"https:\/\/redfoxlotto.com\/tr\/wp-json\/wp\/v2\/media?parent=13260"}],"curies":[{"name":"wp","href":"https:\/\/api.w.org\/{rel}","templated":true}]}}