{"id":13113,"date":"2023-04-24T18:15:05","date_gmt":"2023-04-24T18:15:05","guid":{"rendered":"https:\/\/redfoxlotto.com\/?page_id=13113"},"modified":"2025-12-11T07:55:06","modified_gmt":"2025-12-11T07:55:06","slug":"lotto-6aus49","status":"publish","type":"page","link":"https:\/\/redfoxlotto.com\/tr\/oyna\/lotto-6aus49\/","title":{"rendered":"\u00c7evrimi\u00e7i Alman Loto oynay\u0131n"},"content":{"rendered":"<script type=\"application\/ld+json\">\r\n{\r\n  \"@context\": \"https:\/\/schema.org\",\r\n  \"@type\": \"Service\",\r\n  \"name\": \"Lotto Germany online\",\r\n  \"url\": \"https:\/\/redfoxlotto.com\/tr\/oyna\/lotto-6aus49\/\",\r\n  \"description\": \"RedFoxLotto \u00fczerinden resmi Lotto Germany biletlerini \u00e7evrimi\u00e7i sat\u0131n al\u0131n. Numaran\u0131z\u0131 se\u00e7in ve bir sonraki \u00e7ekili\u015fe kat\u0131l\u0131n.\",\r\n  \"serviceType\": \"Online lottery ticket purchase\",\r\n\r\n  \"provider\": {\r\n    \"@type\": \"Organization\",\r\n    \"name\": \"RedFoxLotto\",\r\n    \"url\": \"https:\/\/redfoxlotto.com\",\r\n    \"logo\": \"https:\/\/redfoxlotto.com\/wp-content\/uploads\/logo.png\"\r\n  },\r\n\r\n  \"areaServed\": \"Worldwide\",\r\n  \"termsOfService\": \"https:\/\/redfoxlotto.com\/terms-and-conditions\",\r\n\r\n  \"hasOfferCatalog\": {\r\n    \"@type\": \"OfferCatalog\",\r\n    \"name\": \"Lotto Germany Offers\",\r\n    \"itemListElement\": [\r\n      {\r\n        \"@type\": \"Offer\",\r\n        \"name\": \"Lotto Lotto Germany Ticket\",\r\n        \"url\": \"https:\/\/redfoxlotto.com\/tr\/oyna\/lotto-6aus49\/\",\r\n        \"description\": \"Bir sonraki Lotto Germany \u00e7ekili\u015fi i\u00e7in bir kat\u0131l\u0131m hakk\u0131.\",\r\n        \"price\": \"3.80\",\r\n        \"priceCurrency\": \"EUR\",\r\n        \"availability\": \"https:\/\/schema.org\/InStock\",\r\n\r\n        \"itemOffered\": {\r\n          \"@type\": \"Service\",\r\n          \"name\": \"Lotto Germany Lottery Entry\",\r\n          \"description\": \"RedFoxLotto \u00fczerinden bir sonraki Lotto Germany \u00e7ekili\u015fine kat\u0131l\u0131m.\"\r\n        }\r\n      }\r\n    ]\r\n  },\r\n\r\n  \"mainEntityOfPage\": {\r\n    \"@type\": \"WebPage\",\r\n    \"@id\": \"https:\/\/redfoxlotto.com\/tr\/oyna\/lotto-6aus49\/\"\r\n  }\r\n}\r\n<\/script><p>Oynamak i\u00e7in yeni bir oyun ar\u0131yorsan\u0131z, Alman loto 6aus49&#8217;u \u00e7evrimi\u00e7i olarak nas\u0131l oynayaca\u011f\u0131n\u0131za daha yak\u0131ndan bakmal\u0131s\u0131n\u0131z. Oyunu ve ne kadar basit oldu\u011funu seveceksiniz ve kesinlikle o b\u00fcy\u00fck ikramiyeyi kazanma olas\u0131l\u0131\u011f\u0131n\u0131 seveceksiniz. Bu oyunda 6 normal top ve 1 s\u00fcper top se\u00e7ersiniz.<\/p><p>Normal toplar 1-49 aras\u0131nda numaraland\u0131r\u0131l\u0131rken ek say\u0131 0-9 aras\u0131ndad\u0131r. Kazanmak i\u00e7in tek yapman\u0131z gereken toplardan en az \u00fc\u00e7\u00fcn\u00fc e\u015fle\u015ftirmek. E\u011fer yaparsan\u0131z, b\u00fcy\u00fck ikramiyeyi almak i\u00e7in t\u00fcm say\u0131lar\u0131 e\u015fle\u015ftirmeniz gerekse de bir t\u00fcr \u00f6d\u00fcl alacaks\u0131n\u0131z.<\/p><h2 class=\"wp-block-heading\">\u00c7evrimi\u00e7i Alman Loto 6aus49 Nas\u0131l Oynan\u0131r<\/h2><p><img loading=\"lazy\" decoding=\"async\" class=\" wp-image alignright\" src=\"https:\/\/content.redfoxlotto.com\/uploads\/sites\/9\/1_big_win_lotto.jpg\" alt=\"Lotto Almanya \u00e7evrimi\u00e7i\" width=\"324\" height=\"162\" \/><\/p><p>Kendi biletlerinizi almaya haz\u0131r m\u0131s\u0131n\u0131z? O halde, nas\u0131l oynanaca\u011f\u0131n\u0131 bilmen gerekecek. Numaralar\u0131n sizin i\u00e7in otomatik olarak olu\u015fturulmas\u0131n\u0131 istemiyorsan\u0131z, numaralar\u0131n\u0131z\u0131 se\u00e7mek ilk ad\u0131md\u0131r. Bu kolay se\u00e7im biletleri, \u00e7ekili\u015fe haz\u0131rlanman\u0131z\u0131 daha da kolayla\u015ft\u0131r\u0131r.<\/p><p>Numaralar\u0131n\u0131z\u0131 se\u00e7mek isteseniz de istemeseniz de biletlerinizi kolayca sat\u0131n almak i\u00e7in RedFoxLotto.com&#8217;u kullanabilirsiniz. Ve sonra sadece tercih etti\u011finiz \u00f6deme y\u00f6ntemini girmeniz ve kazan\u0131p kazanmad\u0131\u011f\u0131n\u0131z\u0131 g\u00f6rmek i\u00e7in beklemeniz gerekir.<\/p><h2 class=\"wp-block-heading\">Sonu\u00e7lar\u0131 Kontrol Edin<\/h2><p>\u00c7ekili\u015f bitti\u011finde oyunun sonu\u00e7lar\u0131na g\u00f6z atabilir ve kazan\u0131p kazanmad\u0131\u011f\u0131n\u0131z\u0131 veya bir sonraki ma\u00e7 i\u00e7in daha fazla bilet sat\u0131n almak isteyip istemedi\u011finizi g\u00f6rebilirsiniz. Kazanan t\u00fcm numaralar RedFoxLotto.com&#8217;da tam orada olacak.<\/p>","protected":false},"excerpt":{"rendered":"<p>Oynamak i\u00e7in yeni bir oyun ar\u0131yorsan\u0131z, Alman loto 6aus49&#8217;u \u00e7evrimi\u00e7i olarak nas\u0131l oynayaca\u011f\u0131n\u0131za daha yak\u0131ndan bakmal\u0131s\u0131n\u0131z. Oyunu ve ne kadar basit oldu\u011funu seveceksiniz ve kesinlikle o b\u00fcy\u00fck ikramiyeyi kazanma olas\u0131l\u0131\u011f\u0131n\u0131 seveceksiniz. Bu oyunda 6 normal top ve 1 s\u00fcper top se\u00e7ersiniz. Normal toplar 1-49 aras\u0131nda numaraland\u0131r\u0131l\u0131rken ek say\u0131 0-9 aras\u0131ndad\u0131r. Kazanmak i\u00e7in tek yapman\u0131z gereken [&hellip;]<\/p>\n","protected":false},"author":1,"featured_media":0,"parent":2913,"menu_order":15,"comment_status":"closed","ping_status":"closed","template":"lotto-german.php","meta":{"_et_pb_use_builder":"","_et_pb_old_content":"","_et_gb_content_width":"","exclude_from_search":false,"footnotes":""},"class_list":["post-13113","page","type-page","status-publish","hentry"],"yoast_head":"<!-- This site is optimized with the Yoast SEO plugin v23.8 - https:\/\/yoast.com\/wordpress\/plugins\/seo\/ -->\n<title>\u00c7evrimi\u00e7i Alman Loto oynay\u0131n<\/title>\n<meta name=\"description\" content=\"Alman Loto &quot;6 aus 49&quot; art\u0131k her yerden temin edilebilir - \u00e7evrimi\u00e7i oynay\u0131n!\" \/>\n<meta name=\"robots\" content=\"index, follow, max-snippet:-1, max-image-preview:large, max-video-preview:-1\" \/>\n<link rel=\"canonical\" href=\"https:\/\/redfoxlotto.com\/tr\/oyna\/lotto-6aus49\/\" \/>\n<meta property=\"og:locale\" content=\"tr_TR\" \/>\n<meta property=\"og:type\" content=\"article\" \/>\n<meta property=\"og:title\" content=\"\u00c7evrimi\u00e7i Alman Loto oynay\u0131n\" \/>\n<meta property=\"og:description\" content=\"Alman Loto &quot;6 aus 49&quot; art\u0131k her yerden temin edilebilir - \u00e7evrimi\u00e7i oynay\u0131n!\" \/>\n<meta property=\"og:url\" content=\"https:\/\/redfoxlotto.com\/tr\/oyna\/lotto-6aus49\/\" \/>\n<meta property=\"og:site_name\" content=\"Get Tickets for the World\u2019s largest jackpots\" \/>\n<meta property=\"article:modified_time\" content=\"2025-12-11T07:55:06+00:00\" \/>\n<meta property=\"og:image\" content=\"https:\/\/content.redfoxlotto.com\/uploads\/sites\/9\/1_big_win_lotto.jpg\" \/>\n<meta name=\"twitter:card\" content=\"summary_large_image\" \/>\n<meta name=\"twitter:label1\" content=\"Tahmini okuma s\u00fcresi\" \/>\n\t<meta name=\"twitter:data1\" content=\"1 dakika\" \/>\n<script type=\"application\/ld+json\" class=\"yoast-schema-graph\">{\"@context\":\"https:\/\/schema.org\",\"@graph\":[{\"@type\":\"WebPage\",\"@id\":\"https:\/\/redfoxlotto.com\/tr\/oyna\/lotto-6aus49\/\",\"url\":\"https:\/\/redfoxlotto.com\/tr\/oyna\/lotto-6aus49\/\",\"name\":\"\u00c7evrimi\u00e7i Alman Loto oynay\u0131n\",\"isPartOf\":{\"@id\":\"https:\/\/redfoxlotto.com\/tr\/#website\"},\"primaryImageOfPage\":{\"@id\":\"https:\/\/redfoxlotto.com\/tr\/oyna\/lotto-6aus49\/#primaryimage\"},\"image\":{\"@id\":\"https:\/\/redfoxlotto.com\/tr\/oyna\/lotto-6aus49\/#primaryimage\"},\"thumbnailUrl\":\"https:\/\/content.redfoxlotto.com\/uploads\/sites\/9\/1_big_win_lotto.jpg\",\"datePublished\":\"2023-04-24T18:15:05+00:00\",\"dateModified\":\"2025-12-11T07:55:06+00:00\",\"description\":\"Alman Loto \\\"6 aus 49\\\" art\u0131k her yerden temin edilebilir - \u00e7evrimi\u00e7i oynay\u0131n!\",\"breadcrumb\":{\"@id\":\"https:\/\/redfoxlotto.com\/tr\/oyna\/lotto-6aus49\/#breadcrumb\"},\"inLanguage\":\"tr\",\"potentialAction\":[{\"@type\":\"ReadAction\",\"target\":[\"https:\/\/redfoxlotto.com\/tr\/oyna\/lotto-6aus49\/\"]}]},{\"@type\":\"ImageObject\",\"inLanguage\":\"tr\",\"@id\":\"https:\/\/redfoxlotto.com\/tr\/oyna\/lotto-6aus49\/#primaryimage\",\"url\":\"https:\/\/content.redfoxlotto.com\/uploads\/sites\/9\/1_big_win_lotto.jpg\",\"contentUrl\":\"https:\/\/content.redfoxlotto.com\/uploads\/sites\/9\/1_big_win_lotto.jpg\"},{\"@type\":\"BreadcrumbList\",\"@id\":\"https:\/\/redfoxlotto.com\/tr\/oyna\/lotto-6aus49\/#breadcrumb\",\"itemListElement\":[{\"@type\":\"ListItem\",\"position\":1,\"name\":\"Home\",\"item\":\"https:\/\/redfoxlotto.com\/tr\/\"},{\"@type\":\"ListItem\",\"position\":2,\"name\":\"Uluslararas\u0131 piyangolara nas\u0131l kat\u0131l\u0131r\u0131m?\",\"item\":\"https:\/\/redfoxlotto.com\/tr\/oyna\/\"},{\"@type\":\"ListItem\",\"position\":3,\"name\":\"\u00c7evrimi\u00e7i Alman Loto oynay\u0131n\"}]},{\"@type\":\"WebSite\",\"@id\":\"https:\/\/redfoxlotto.com\/tr\/#website\",\"url\":\"https:\/\/redfoxlotto.com\/tr\/\",\"name\":\"Get Tickets for the World\u2019s largest jackpots\",\"description\":\"Participate in worldwide lottery jackpots from any country\",\"publisher\":{\"@id\":\"https:\/\/redfoxlotto.com\/tr\/#organization\"},\"potentialAction\":[{\"@type\":\"SearchAction\",\"target\":{\"@type\":\"EntryPoint\",\"urlTemplate\":\"https:\/\/redfoxlotto.com\/tr\/?s={search_term_string}\"},\"query-input\":{\"@type\":\"PropertyValueSpecification\",\"valueRequired\":true,\"valueName\":\"search_term_string\"}}],\"inLanguage\":\"tr\"},{\"@type\":\"Organization\",\"@id\":\"https:\/\/redfoxlotto.com\/tr\/#organization\",\"name\":\"Get Tickets for the World\u2019s largest jackpots\",\"url\":\"https:\/\/redfoxlotto.com\/tr\/\",\"logo\":{\"@type\":\"ImageObject\",\"inLanguage\":\"tr\",\"@id\":\"https:\/\/redfoxlotto.com\/tr\/#\/schema\/logo\/image\/\",\"url\":\"https:\/\/redfoxlotto.com\/wp-content\/uploads\/2023\/04\/logo.png\",\"contentUrl\":\"https:\/\/redfoxlotto.com\/wp-content\/uploads\/2023\/04\/logo.png\",\"width\":269,\"height\":53,\"caption\":\"Get Tickets for the World\u2019s largest jackpots\"},\"image\":{\"@id\":\"https:\/\/redfoxlotto.com\/tr\/#\/schema\/logo\/image\/\"}}]}<\/script>\n<!-- \/ Yoast SEO plugin. -->","yoast_head_json":{"title":"\u00c7evrimi\u00e7i Alman Loto oynay\u0131n","description":"Alman Loto \"6 aus 49\" art\u0131k her yerden temin edilebilir - \u00e7evrimi\u00e7i oynay\u0131n!","robots":{"index":"index","follow":"follow","max-snippet":"max-snippet:-1","max-image-preview":"max-image-preview:large","max-video-preview":"max-video-preview:-1"},"canonical":"https:\/\/redfoxlotto.com\/tr\/oyna\/lotto-6aus49\/","og_locale":"tr_TR","og_type":"article","og_title":"\u00c7evrimi\u00e7i Alman Loto oynay\u0131n","og_description":"Alman Loto \"6 aus 49\" art\u0131k her yerden temin edilebilir - \u00e7evrimi\u00e7i oynay\u0131n!","og_url":"https:\/\/redfoxlotto.com\/tr\/oyna\/lotto-6aus49\/","og_site_name":"Get Tickets for the World\u2019s largest jackpots","article_modified_time":"2025-12-11T07:55:06+00:00","og_image":[{"url":"https:\/\/content.redfoxlotto.com\/uploads\/sites\/9\/1_big_win_lotto.jpg"}],"twitter_card":"summary_large_image","twitter_misc":{"Tahmini okuma s\u00fcresi":"1 dakika"},"schema":{"@context":"https:\/\/schema.org","@graph":[{"@type":"WebPage","@id":"https:\/\/redfoxlotto.com\/tr\/oyna\/lotto-6aus49\/","url":"https:\/\/redfoxlotto.com\/tr\/oyna\/lotto-6aus49\/","name":"\u00c7evrimi\u00e7i Alman Loto oynay\u0131n","isPartOf":{"@id":"https:\/\/redfoxlotto.com\/tr\/#website"},"primaryImageOfPage":{"@id":"https:\/\/redfoxlotto.com\/tr\/oyna\/lotto-6aus49\/#primaryimage"},"image":{"@id":"https:\/\/redfoxlotto.com\/tr\/oyna\/lotto-6aus49\/#primaryimage"},"thumbnailUrl":"https:\/\/content.redfoxlotto.com\/uploads\/sites\/9\/1_big_win_lotto.jpg","datePublished":"2023-04-24T18:15:05+00:00","dateModified":"2025-12-11T07:55:06+00:00","description":"Alman Loto \"6 aus 49\" art\u0131k her yerden temin edilebilir - \u00e7evrimi\u00e7i oynay\u0131n!","breadcrumb":{"@id":"https:\/\/redfoxlotto.com\/tr\/oyna\/lotto-6aus49\/#breadcrumb"},"inLanguage":"tr","potentialAction":[{"@type":"ReadAction","target":["https:\/\/redfoxlotto.com\/tr\/oyna\/lotto-6aus49\/"]}]},{"@type":"ImageObject","inLanguage":"tr","@id":"https:\/\/redfoxlotto.com\/tr\/oyna\/lotto-6aus49\/#primaryimage","url":"https:\/\/content.redfoxlotto.com\/uploads\/sites\/9\/1_big_win_lotto.jpg","contentUrl":"https:\/\/content.redfoxlotto.com\/uploads\/sites\/9\/1_big_win_lotto.jpg"},{"@type":"BreadcrumbList","@id":"https:\/\/redfoxlotto.com\/tr\/oyna\/lotto-6aus49\/#breadcrumb","itemListElement":[{"@type":"ListItem","position":1,"name":"Home","item":"https:\/\/redfoxlotto.com\/tr\/"},{"@type":"ListItem","position":2,"name":"Uluslararas\u0131 piyangolara nas\u0131l kat\u0131l\u0131r\u0131m?","item":"https:\/\/redfoxlotto.com\/tr\/oyna\/"},{"@type":"ListItem","position":3,"name":"\u00c7evrimi\u00e7i Alman Loto oynay\u0131n"}]},{"@type":"WebSite","@id":"https:\/\/redfoxlotto.com\/tr\/#website","url":"https:\/\/redfoxlotto.com\/tr\/","name":"Get Tickets for the World\u2019s largest jackpots","description":"Participate in worldwide lottery jackpots from any country","publisher":{"@id":"https:\/\/redfoxlotto.com\/tr\/#organization"},"potentialAction":[{"@type":"SearchAction","target":{"@type":"EntryPoint","urlTemplate":"https:\/\/redfoxlotto.com\/tr\/?s={search_term_string}"},"query-input":{"@type":"PropertyValueSpecification","valueRequired":true,"valueName":"search_term_string"}}],"inLanguage":"tr"},{"@type":"Organization","@id":"https:\/\/redfoxlotto.com\/tr\/#organization","name":"Get Tickets for the World\u2019s largest jackpots","url":"https:\/\/redfoxlotto.com\/tr\/","logo":{"@type":"ImageObject","inLanguage":"tr","@id":"https:\/\/redfoxlotto.com\/tr\/#\/schema\/logo\/image\/","url":"https:\/\/redfoxlotto.com\/wp-content\/uploads\/2023\/04\/logo.png","contentUrl":"https:\/\/redfoxlotto.com\/wp-content\/uploads\/2023\/04\/logo.png","width":269,"height":53,"caption":"Get Tickets for the World\u2019s largest jackpots"},"image":{"@id":"https:\/\/redfoxlotto.com\/tr\/#\/schema\/logo\/image\/"}}]}},"_links":{"self":[{"href":"https:\/\/redfoxlotto.com\/tr\/wp-json\/wp\/v2\/pages\/13113","targetHints":{"allow":["GET"]}}],"collection":[{"href":"https:\/\/redfoxlotto.com\/tr\/wp-json\/wp\/v2\/pages"}],"about":[{"href":"https:\/\/redfoxlotto.com\/tr\/wp-json\/wp\/v2\/types\/page"}],"author":[{"embeddable":true,"href":"https:\/\/redfoxlotto.com\/tr\/wp-json\/wp\/v2\/users\/1"}],"replies":[{"embeddable":true,"href":"https:\/\/redfoxlotto.com\/tr\/wp-json\/wp\/v2\/comments?post=13113"}],"version-history":[{"count":0,"href":"https:\/\/redfoxlotto.com\/tr\/wp-json\/wp\/v2\/pages\/13113\/revisions"}],"up":[{"embeddable":true,"href":"https:\/\/redfoxlotto.com\/tr\/wp-json\/wp\/v2\/pages\/2913"}],"wp:attachment":[{"href":"https:\/\/redfoxlotto.com\/tr\/wp-json\/wp\/v2\/media?parent=13113"}],"curies":[{"name":"wp","href":"https:\/\/api.w.org\/{rel}","templated":true}]}}