{"id":13022,"date":"2023-04-24T18:11:14","date_gmt":"2023-04-24T18:11:14","guid":{"rendered":"https:\/\/redfoxlotto.com\/?page_id=13022"},"modified":"2023-05-10T18:53:44","modified_gmt":"2023-05-10T18:53:44","slug":"mega-sena","status":"publish","type":"page","link":"https:\/\/redfoxlotto.com\/tr\/oyna\/mega-sena\/","title":{"rendered":"Online Mega Sena Loto oynay\u0131n"},"content":{"rendered":"<p>\u00c7evrimi\u00e7i loto oyunlar\u0131na bakt\u0131ysan\u0131z, Mega Sena&#8217;y\u0131 zaten g\u00f6rm\u00fc\u015f olabilirsiniz. Bu oyun asl\u0131nda \u015fu anda Brezilya&#8217;da devam eden en b\u00fcy\u00fck piyango oyunudur ve bu, kesinlikle kendiniz i\u00e7in denemeniz gereken bir oyun oldu\u011fu anlam\u0131na gelir.<br>Caixa Economica Federal Bankas\u0131 taraf\u0131ndan y\u00f6netilen bu asl\u0131nda epeydir ortal\u0131kta dola\u015f\u0131yor ve yeni favori oyununuz ne olabilece\u011fine gelince size bir\u00e7ok se\u00e7enek sunuyor. \u00c7evrimi\u00e7i Mega Sena Brezilya oynamak istiyorsan\u0131z, sadece kurallar\u0131 bilmeniz gerekir.<\/p><h2 class=\"wp-block-heading\">Nas\u0131l Oynan\u0131r<\/h2><p><img decoding=\"async\" class=\"size-full wp-image alignright\" src=\"https:\/\/content.redfoxlotto.com\/uploads\/sites\/9\/1_win_online.jpg\" alt=\"Mega Sena Brezilya\"><\/p><p>Mega Sena Brezilya oynad\u0131\u011f\u0131n\u0131zda 6 numara se\u00e7ersiniz ve ek numara yoktur. Kendi numaralar\u0131n\u0131z\u0131 se\u00e7mek istiyorsan\u0131z, bunu yapabilir veya &#8220;H\u0131zl\u0131 Se\u00e7im&#8221; denen \u015feyi se\u00e7ebilirsiniz. Bu size rastgele se\u00e7ilmi\u015f say\u0131lar verecektir.<\/p><h2 class=\"wp-block-heading\">Sonu\u00e7lar\u0131 Kontrol Edin<\/h2><p>Mega Sena Brezilya&#8217;y\u0131 \u00e7evrimi\u00e7i oynamak i\u00e7in numaralar\u0131n\u0131z\u0131 ald\u0131ktan sonra, sonu\u00e7lara bakma zaman\u0131. RedFoxLotto.com ile bu kolay olacak \u00e7\u00fcnk\u00fc sadece hesab\u0131n\u0131za giri\u015f yapars\u0131n\u0131z ve numaralar orada sizin i\u00e7in mevcut olacakt\u0131r. Ve hatta say\u0131lar\u0131n\u0131zla kar\u015f\u0131la\u015ft\u0131r\u0131lacaklar, b\u00f6ylece kazan\u0131p kazanamayaca\u011f\u0131n\u0131z\u0131 bilirsiniz.<\/p>","protected":false},"excerpt":{"rendered":"<p>\u00c7evrimi\u00e7i loto oyunlar\u0131na bakt\u0131ysan\u0131z, Mega Sena&#8217;y\u0131 zaten g\u00f6rm\u00fc\u015f olabilirsiniz. Bu oyun asl\u0131nda \u015fu anda Brezilya&#8217;da devam eden en b\u00fcy\u00fck piyango oyunudur ve bu, kesinlikle kendiniz i\u00e7in denemeniz gereken bir oyun oldu\u011fu anlam\u0131na gelir.Caixa Economica Federal Bankas\u0131 taraf\u0131ndan y\u00f6netilen bu asl\u0131nda epeydir ortal\u0131kta dola\u015f\u0131yor ve yeni favori oyununuz ne olabilece\u011fine gelince size bir\u00e7ok se\u00e7enek sunuyor. \u00c7evrimi\u00e7i [&hellip;]<\/p>\n","protected":false},"author":1,"featured_media":0,"parent":2913,"menu_order":13,"comment_status":"closed","ping_status":"closed","template":"megasena.php","meta":{"_et_pb_use_builder":"","_et_pb_old_content":"","_et_gb_content_width":"","exclude_from_search":false,"footnotes":""},"class_list":["post-13022","page","type-page","status-publish","hentry"],"yoast_head":"<!-- This site is optimized with the Yoast SEO plugin v23.8 - https:\/\/yoast.com\/wordpress\/plugins\/seo\/ -->\n<title>Mega Sena Lotto&#039;ya \u00e7evrimi\u00e7i kat\u0131l\u0131n<\/title>\n<meta name=\"description\" content=\"Brezilya&#039;dan en b\u00fcy\u00fck piyango burada \u00e7evrimi\u00e7i olarak oynanabilir\" \/>\n<meta name=\"robots\" content=\"index, follow, max-snippet:-1, max-image-preview:large, max-video-preview:-1\" \/>\n<link rel=\"canonical\" href=\"https:\/\/redfoxlotto.com\/tr\/oyna\/mega-sena\/\" \/>\n<meta property=\"og:locale\" content=\"tr_TR\" \/>\n<meta property=\"og:type\" content=\"article\" \/>\n<meta property=\"og:title\" content=\"Mega Sena Lotto&#039;ya \u00e7evrimi\u00e7i kat\u0131l\u0131n\" \/>\n<meta property=\"og:description\" content=\"Brezilya&#039;dan en b\u00fcy\u00fck piyango burada \u00e7evrimi\u00e7i olarak oynanabilir\" \/>\n<meta property=\"og:url\" content=\"https:\/\/redfoxlotto.com\/tr\/oyna\/mega-sena\/\" \/>\n<meta property=\"og:site_name\" content=\"Get Tickets for the World\u2019s largest jackpots\" \/>\n<meta property=\"article:modified_time\" content=\"2023-05-10T18:53:44+00:00\" \/>\n<meta property=\"og:image\" content=\"https:\/\/content.redfoxlotto.com\/uploads\/sites\/9\/1_win_online.jpg\" \/>\n<meta name=\"twitter:card\" content=\"summary_large_image\" \/>\n<meta name=\"twitter:label1\" content=\"Tahmini okuma s\u00fcresi\" \/>\n\t<meta name=\"twitter:data1\" content=\"1 dakika\" \/>\n<script type=\"application\/ld+json\" class=\"yoast-schema-graph\">{\"@context\":\"https:\/\/schema.org\",\"@graph\":[{\"@type\":\"WebPage\",\"@id\":\"https:\/\/redfoxlotto.com\/tr\/oyna\/mega-sena\/\",\"url\":\"https:\/\/redfoxlotto.com\/tr\/oyna\/mega-sena\/\",\"name\":\"Mega Sena Lotto'ya \u00e7evrimi\u00e7i kat\u0131l\u0131n\",\"isPartOf\":{\"@id\":\"https:\/\/redfoxlotto.com\/tr\/#website\"},\"primaryImageOfPage\":{\"@id\":\"https:\/\/redfoxlotto.com\/tr\/oyna\/mega-sena\/#primaryimage\"},\"image\":{\"@id\":\"https:\/\/redfoxlotto.com\/tr\/oyna\/mega-sena\/#primaryimage\"},\"thumbnailUrl\":\"https:\/\/content.redfoxlotto.com\/uploads\/sites\/9\/1_win_online.jpg\",\"datePublished\":\"2023-04-24T18:11:14+00:00\",\"dateModified\":\"2023-05-10T18:53:44+00:00\",\"description\":\"Brezilya'dan en b\u00fcy\u00fck piyango burada \u00e7evrimi\u00e7i olarak oynanabilir\",\"breadcrumb\":{\"@id\":\"https:\/\/redfoxlotto.com\/tr\/oyna\/mega-sena\/#breadcrumb\"},\"inLanguage\":\"tr\",\"potentialAction\":[{\"@type\":\"ReadAction\",\"target\":[\"https:\/\/redfoxlotto.com\/tr\/oyna\/mega-sena\/\"]}]},{\"@type\":\"ImageObject\",\"inLanguage\":\"tr\",\"@id\":\"https:\/\/redfoxlotto.com\/tr\/oyna\/mega-sena\/#primaryimage\",\"url\":\"https:\/\/content.redfoxlotto.com\/uploads\/sites\/9\/1_win_online.jpg\",\"contentUrl\":\"https:\/\/content.redfoxlotto.com\/uploads\/sites\/9\/1_win_online.jpg\"},{\"@type\":\"BreadcrumbList\",\"@id\":\"https:\/\/redfoxlotto.com\/tr\/oyna\/mega-sena\/#breadcrumb\",\"itemListElement\":[{\"@type\":\"ListItem\",\"position\":1,\"name\":\"Home\",\"item\":\"https:\/\/redfoxlotto.com\/tr\/\"},{\"@type\":\"ListItem\",\"position\":2,\"name\":\"Uluslararas\u0131 piyangolara nas\u0131l kat\u0131l\u0131r\u0131m?\",\"item\":\"https:\/\/redfoxlotto.com\/tr\/oyna\/\"},{\"@type\":\"ListItem\",\"position\":3,\"name\":\"Online Mega Sena Loto oynay\u0131n\"}]},{\"@type\":\"WebSite\",\"@id\":\"https:\/\/redfoxlotto.com\/tr\/#website\",\"url\":\"https:\/\/redfoxlotto.com\/tr\/\",\"name\":\"Get Tickets for the World\u2019s largest jackpots\",\"description\":\"Participate in worldwide lottery jackpots from any country\",\"publisher\":{\"@id\":\"https:\/\/redfoxlotto.com\/tr\/#organization\"},\"potentialAction\":[{\"@type\":\"SearchAction\",\"target\":{\"@type\":\"EntryPoint\",\"urlTemplate\":\"https:\/\/redfoxlotto.com\/tr\/?s={search_term_string}\"},\"query-input\":{\"@type\":\"PropertyValueSpecification\",\"valueRequired\":true,\"valueName\":\"search_term_string\"}}],\"inLanguage\":\"tr\"},{\"@type\":\"Organization\",\"@id\":\"https:\/\/redfoxlotto.com\/tr\/#organization\",\"name\":\"Get Tickets for the World\u2019s largest jackpots\",\"url\":\"https:\/\/redfoxlotto.com\/tr\/\",\"logo\":{\"@type\":\"ImageObject\",\"inLanguage\":\"tr\",\"@id\":\"https:\/\/redfoxlotto.com\/tr\/#\/schema\/logo\/image\/\",\"url\":\"https:\/\/redfoxlotto.com\/wp-content\/uploads\/2023\/04\/logo.png\",\"contentUrl\":\"https:\/\/redfoxlotto.com\/wp-content\/uploads\/2023\/04\/logo.png\",\"width\":269,\"height\":53,\"caption\":\"Get Tickets for the World\u2019s largest jackpots\"},\"image\":{\"@id\":\"https:\/\/redfoxlotto.com\/tr\/#\/schema\/logo\/image\/\"}}]}<\/script>\n<!-- \/ Yoast SEO plugin. -->","yoast_head_json":{"title":"Mega Sena Lotto'ya \u00e7evrimi\u00e7i kat\u0131l\u0131n","description":"Brezilya'dan en b\u00fcy\u00fck piyango burada \u00e7evrimi\u00e7i olarak oynanabilir","robots":{"index":"index","follow":"follow","max-snippet":"max-snippet:-1","max-image-preview":"max-image-preview:large","max-video-preview":"max-video-preview:-1"},"canonical":"https:\/\/redfoxlotto.com\/tr\/oyna\/mega-sena\/","og_locale":"tr_TR","og_type":"article","og_title":"Mega Sena Lotto'ya \u00e7evrimi\u00e7i kat\u0131l\u0131n","og_description":"Brezilya'dan en b\u00fcy\u00fck piyango burada \u00e7evrimi\u00e7i olarak oynanabilir","og_url":"https:\/\/redfoxlotto.com\/tr\/oyna\/mega-sena\/","og_site_name":"Get Tickets for the World\u2019s largest jackpots","article_modified_time":"2023-05-10T18:53:44+00:00","og_image":[{"url":"https:\/\/content.redfoxlotto.com\/uploads\/sites\/9\/1_win_online.jpg"}],"twitter_card":"summary_large_image","twitter_misc":{"Tahmini okuma s\u00fcresi":"1 dakika"},"schema":{"@context":"https:\/\/schema.org","@graph":[{"@type":"WebPage","@id":"https:\/\/redfoxlotto.com\/tr\/oyna\/mega-sena\/","url":"https:\/\/redfoxlotto.com\/tr\/oyna\/mega-sena\/","name":"Mega Sena Lotto'ya \u00e7evrimi\u00e7i kat\u0131l\u0131n","isPartOf":{"@id":"https:\/\/redfoxlotto.com\/tr\/#website"},"primaryImageOfPage":{"@id":"https:\/\/redfoxlotto.com\/tr\/oyna\/mega-sena\/#primaryimage"},"image":{"@id":"https:\/\/redfoxlotto.com\/tr\/oyna\/mega-sena\/#primaryimage"},"thumbnailUrl":"https:\/\/content.redfoxlotto.com\/uploads\/sites\/9\/1_win_online.jpg","datePublished":"2023-04-24T18:11:14+00:00","dateModified":"2023-05-10T18:53:44+00:00","description":"Brezilya'dan en b\u00fcy\u00fck piyango burada \u00e7evrimi\u00e7i olarak oynanabilir","breadcrumb":{"@id":"https:\/\/redfoxlotto.com\/tr\/oyna\/mega-sena\/#breadcrumb"},"inLanguage":"tr","potentialAction":[{"@type":"ReadAction","target":["https:\/\/redfoxlotto.com\/tr\/oyna\/mega-sena\/"]}]},{"@type":"ImageObject","inLanguage":"tr","@id":"https:\/\/redfoxlotto.com\/tr\/oyna\/mega-sena\/#primaryimage","url":"https:\/\/content.redfoxlotto.com\/uploads\/sites\/9\/1_win_online.jpg","contentUrl":"https:\/\/content.redfoxlotto.com\/uploads\/sites\/9\/1_win_online.jpg"},{"@type":"BreadcrumbList","@id":"https:\/\/redfoxlotto.com\/tr\/oyna\/mega-sena\/#breadcrumb","itemListElement":[{"@type":"ListItem","position":1,"name":"Home","item":"https:\/\/redfoxlotto.com\/tr\/"},{"@type":"ListItem","position":2,"name":"Uluslararas\u0131 piyangolara nas\u0131l kat\u0131l\u0131r\u0131m?","item":"https:\/\/redfoxlotto.com\/tr\/oyna\/"},{"@type":"ListItem","position":3,"name":"Online Mega Sena Loto oynay\u0131n"}]},{"@type":"WebSite","@id":"https:\/\/redfoxlotto.com\/tr\/#website","url":"https:\/\/redfoxlotto.com\/tr\/","name":"Get Tickets for the World\u2019s largest jackpots","description":"Participate in worldwide lottery jackpots from any country","publisher":{"@id":"https:\/\/redfoxlotto.com\/tr\/#organization"},"potentialAction":[{"@type":"SearchAction","target":{"@type":"EntryPoint","urlTemplate":"https:\/\/redfoxlotto.com\/tr\/?s={search_term_string}"},"query-input":{"@type":"PropertyValueSpecification","valueRequired":true,"valueName":"search_term_string"}}],"inLanguage":"tr"},{"@type":"Organization","@id":"https:\/\/redfoxlotto.com\/tr\/#organization","name":"Get Tickets for the World\u2019s largest jackpots","url":"https:\/\/redfoxlotto.com\/tr\/","logo":{"@type":"ImageObject","inLanguage":"tr","@id":"https:\/\/redfoxlotto.com\/tr\/#\/schema\/logo\/image\/","url":"https:\/\/redfoxlotto.com\/wp-content\/uploads\/2023\/04\/logo.png","contentUrl":"https:\/\/redfoxlotto.com\/wp-content\/uploads\/2023\/04\/logo.png","width":269,"height":53,"caption":"Get Tickets for the World\u2019s largest jackpots"},"image":{"@id":"https:\/\/redfoxlotto.com\/tr\/#\/schema\/logo\/image\/"}}]}},"_links":{"self":[{"href":"https:\/\/redfoxlotto.com\/tr\/wp-json\/wp\/v2\/pages\/13022","targetHints":{"allow":["GET"]}}],"collection":[{"href":"https:\/\/redfoxlotto.com\/tr\/wp-json\/wp\/v2\/pages"}],"about":[{"href":"https:\/\/redfoxlotto.com\/tr\/wp-json\/wp\/v2\/types\/page"}],"author":[{"embeddable":true,"href":"https:\/\/redfoxlotto.com\/tr\/wp-json\/wp\/v2\/users\/1"}],"replies":[{"embeddable":true,"href":"https:\/\/redfoxlotto.com\/tr\/wp-json\/wp\/v2\/comments?post=13022"}],"version-history":[{"count":0,"href":"https:\/\/redfoxlotto.com\/tr\/wp-json\/wp\/v2\/pages\/13022\/revisions"}],"up":[{"embeddable":true,"href":"https:\/\/redfoxlotto.com\/tr\/wp-json\/wp\/v2\/pages\/2913"}],"wp:attachment":[{"href":"https:\/\/redfoxlotto.com\/tr\/wp-json\/wp\/v2\/media?parent=13022"}],"curies":[{"name":"wp","href":"https:\/\/api.w.org\/{rel}","templated":true}]}}