{"id":12987,"date":"2023-04-24T18:09:15","date_gmt":"2023-04-24T18:09:15","guid":{"rendered":"https:\/\/redfoxlotto.com\/?page_id=12987"},"modified":"2025-12-10T13:56:01","modified_gmt":"2025-12-10T13:56:01","slug":"lotto-america","status":"publish","type":"page","link":"https:\/\/redfoxlotto.com\/tr\/oyna\/lotto-america\/","title":{"rendered":"Online Lotto America nas\u0131l oynan\u0131r"},"content":{"rendered":"<script type=\"application\/ld+json\">\r\n{\r\n\"@context\": \"https:\/\/schema.org\",\r\n\"@type\": \"Service\",\r\n\"name\": \" Lotto America online\",\r\n\"url\": \"https:\/\/redfoxlotto.com\/tr\/oyna\/lotto-america\/\",\r\n\"description\": \"RedFoxLotto \u00fczerinden resmi Lotto America online biletlerini sat\u0131n al\u0131n. Numaralar\u0131n\u0131z\u0131 se\u00e7in ve bir sonraki \u00e7ekili\u015fe kat\u0131l\u0131n.\",\r\n\"serviceType\": \"Online lottery ticket purchase\",\r\n\r\n\"provider\": {\r\n\"@type\": \"Organization\",\r\n\"name\": \"RedFoxLotto\",\r\n\"url\": \"https:\/\/redfoxlotto.com\",\r\n\"logo\": \"https:\/\/redfoxlotto.com\/wp-content\/uploads\/logo.png\"\r\n},\r\n\r\n\"areaServed\": \"Worldwide\",\r\n\"termsOfService\": \"https:\/\/redfoxlotto.com\/terms-and-conditions\",\r\n\r\n\"hasOfferCatalog\": {\r\n\"@type\": \"OfferCatalog\",\r\n\"name\": \"Lotto America Offers\",\r\n\"itemListElement\": [\r\n{\r\n\"@type\": \"Offer\",\r\n\"name\": \"Lotto America Lottery Ticket\",\r\n\"url\": \"https:\/\/redfoxlotto.com\/tr\/oyna\/lotto-america\/\",\r\n\"description\": \"Bir sonraki Lotto America \u00e7ekili\u015fine bir kat\u0131l\u0131m hakk\u0131.\",\r\n\"price\": \"2.75\",\r\n\"priceCurrency\": \"EUR\",\r\n\"availability\": \"https:\/\/schema.org\/InStock\",\r\n\r\n\"itemOffered\": {\r\n\"@type\": \"Service\",\r\n\"name\": \"Lotto America Lottery Entry\",\r\n\"description\": \"RedFoxLotto \u00fczerinden bir sonraki Lotto America \u00e7ekili\u015fine kat\u0131l\u0131m.\"\r\n}\r\n}\r\n]\r\n},\r\n\r\n\"mainEntityOfPage\": {\r\n\"@type\": \"WebPage\",\r\n\"@id\": \"https:\/\/redfoxlotto.com\/tr\/oyna\/lotto-america\/\"\r\n}\r\n}\r\n<\/script><p>Konu \u00e7evrimi\u00e7i loto oynamak oldu\u011funda yeni bir \u015feyler ar\u0131yor olabilirsiniz. Muhtemelen ilk etapta \u00e7evrimi\u00e7i oyun oynamaya ge\u00e7menizin nedeni budur. Pekala, Lotto America&#8217;y\u0131 hen\u00fcz g\u00f6rmedi\u011finiz i\u00e7in \u00e7ok daha e\u011flenceli hale gelmek \u00fczere.<\/p><h2 class=\"wp-block-heading\">Lotto America nedir?<\/h2><p><img decoding=\"async\" class=\"size-full wp-image alignright\" src=\"https:\/\/content.redfoxlotto.com\/uploads\/sites\/9\/1_play_lottery_online5.jpg\" alt=\"\u062a\u0634\u063a\u064a\u0644 \u0644\u0648\u062a\u0648 \u0623\u0645\u0631\u064a\u0643\u0627 \u0639\u0644\u0649 \u0627\u0644\u0625\u0646\u062a\u0631\u0646\u062a\"><\/p><p>Lotto America, size b\u00fcy\u00fck bir ikramiye \u015fans\u0131 veren ve onunla birlikte gitmeniz i\u00e7in baz\u0131 iyi oranlar veren \u00e7ok devletli bir piyango oyunudur. Sadece bu da de\u011fil, biletler de ucuz ve bu oyun, oyundayken daha k\u00fc\u00e7\u00fck \u00f6d\u00fcller kazanman\u0131z i\u00e7in size bir\u00e7ok yol sunuyor. Bu, ikramiyeyi kazanmasan\u0131z bile onunla biraz e\u011flenece\u011finiz anlam\u0131na gelir.<\/p><h2 class=\"wp-block-heading\">Oyun hakk\u0131nda bilmeniz gerekenler<\/h2><p>Bu ma\u00e7 \u00c7ar\u015famba ve Cumartesi olmak \u00fczere haftada iki kez \u00e7ekili\u015f yap\u0131yor. Ayn\u0131 zamanda toplam alt\u0131 farkl\u0131 top \u00e7ekiyor. Bunlardan be\u015fi normal, beyaz toplard\u0131r ve bunlar sizin standart numaralar\u0131n\u0131zd\u0131r. Birincisi, bonus say\u0131 olan k\u0131rm\u0131z\u0131 bir top.<\/p><p>Lotto America oynamaya ba\u015flamaya haz\u0131r oldu\u011funuzda tek yapman\u0131z gereken RedFoxLotto ile \u00e7evrimi\u00e7i bir hesap olu\u015fturmakt\u0131r. Oradan, d\u00fcnyan\u0131n her yerinden se\u00e7enekler i\u00e7eren farkl\u0131 oyunlar\u0131m\u0131z\u0131n t\u00fcm\u00fcne g\u00f6z atabilirsiniz. Lotto America, aralar\u0131ndan se\u00e7im yapabilece\u011finiz pek \u00e7ok oyundan yaln\u0131zca biri, ancak e\u011flenceli olacak.<\/p><p>Oyunu se\u00e7tikten sonra, b\u00fcy\u00fck ikramiyenin ne oldu\u011funu ve bir bilet almadan \u00f6nce \u00e7ekili\u015fin ne zaman yap\u0131laca\u011f\u0131n\u0131 g\u00f6r\u00fcrs\u00fcn\u00fcz. Bir bilet almaya karar verdi\u011finizde, sadece istedi\u011finiz numaralar\u0131 se\u00e7ersiniz. Bir tercihiniz varsa t\u00fcm say\u0131lar\u0131 kendiniz se\u00e7ebilir veya yaln\u0131zca birka\u00e7 say\u0131 se\u00e7ip geri kalan\u0131n rastgele olu\u015fturulmas\u0131n\u0131 sa\u011flayabilirsiniz. Ya da t\u00fcm say\u0131lar\u0131 rastgele olu\u015fturmu\u015f olabilirsiniz. Tamamen size kalm\u0131\u015f.<\/p><h2 class=\"wp-block-heading\">Kazand\u0131n\u0131z m\u0131?<\/h2><p>Kazan\u00e7lar\u0131n\u0131z\u0131 kontrol etmek i\u00e7in tek yapman\u0131z gereken \u00e7evrimi\u00e7i bakmak. RedFoxLotto t\u00fcm kazanan numaralar\u0131 sunar ve hesab\u0131n\u0131za gitti\u011finizde biletlerinizi kazanan numaralarla kar\u015f\u0131la\u015ft\u0131rabilirsiniz<\/p><p>K\u00fc\u00e7\u00fck bir \u00f6d\u00fcl kazan\u0131rsan\u0131z, bu \u00f6d\u00fcl otomatik olarak hesab\u0131n\u0131za yat\u0131r\u0131lacakt\u0131r. B\u00fcy\u00fck bir \u00f6d\u00fcl kazan\u0131rsan\u0131z, size yard\u0131mc\u0131 olaca\u011f\u0131z ve \u00f6d\u00fcl\u00fc talep etme s\u00fcrecinden ge\u00e7ece\u011fiz. Ancak ne kazan\u0131rsan\u0131z kazan\u0131n hemen hesab\u0131n\u0131zdan \u00f6\u011freneceksiniz \u00e7\u00fcnk\u00fc size numaralar\u0131n\u0131z\u0131 ve kazanan numaralar\u0131 g\u00f6sterece\u011fiz.<\/p><p>\u00d6yleyse, neden Lotto America&#8217;y\u0131 denemeyesiniz? Hen\u00fcz neyi ka\u00e7\u0131rd\u0131\u011f\u0131n\u0131n fark\u0131na bile varmayabilirsin.<\/p>","protected":false},"excerpt":{"rendered":"<p>Konu \u00e7evrimi\u00e7i loto oynamak oldu\u011funda yeni bir \u015feyler ar\u0131yor olabilirsiniz. Muhtemelen ilk etapta \u00e7evrimi\u00e7i oyun oynamaya ge\u00e7menizin nedeni budur. Pekala, Lotto America&#8217;y\u0131 hen\u00fcz g\u00f6rmedi\u011finiz i\u00e7in \u00e7ok daha e\u011flenceli hale gelmek \u00fczere. Lotto America nedir? Lotto America, size b\u00fcy\u00fck bir ikramiye \u015fans\u0131 veren ve onunla birlikte gitmeniz i\u00e7in baz\u0131 iyi oranlar veren \u00e7ok devletli bir piyango [&hellip;]<\/p>\n","protected":false},"author":1,"featured_media":0,"parent":2913,"menu_order":12,"comment_status":"closed","ping_status":"closed","template":"lotto-america.php","meta":{"_et_pb_use_builder":"","_et_pb_old_content":"","_et_gb_content_width":"","exclude_from_search":false,"footnotes":""},"class_list":["post-12987","page","type-page","status-publish","hentry"],"yoast_head":"<!-- This site is optimized with the Yoast SEO plugin v27.4 - https:\/\/yoast.com\/product\/yoast-seo-wordpress\/ -->\n<title>Online Lotto America oynay\u0131n<\/title>\n<meta name=\"description\" content=\"Herhangi bir \u00fclkeden oyuncular art\u0131k bu \u00e7ok devletli piyangoya \u00e7evrimi\u00e7i olarak ABD&#039;den kat\u0131labilir ve oynayabilir\" \/>\n<meta name=\"robots\" content=\"index, follow, max-snippet:-1, max-image-preview:large, max-video-preview:-1\" \/>\n<link rel=\"canonical\" href=\"https:\/\/redfoxlotto.com\/tr\/oyna\/lotto-america\/\" \/>\n<meta property=\"og:locale\" content=\"tr_TR\" \/>\n<meta property=\"og:type\" content=\"article\" \/>\n<meta property=\"og:title\" content=\"Online Lotto America oynay\u0131n\" \/>\n<meta property=\"og:description\" content=\"Herhangi bir \u00fclkeden oyuncular art\u0131k bu \u00e7ok devletli piyangoya \u00e7evrimi\u00e7i olarak ABD&#039;den kat\u0131labilir ve oynayabilir\" \/>\n<meta property=\"og:url\" content=\"https:\/\/redfoxlotto.com\/tr\/oyna\/lotto-america\/\" \/>\n<meta property=\"og:site_name\" content=\"Get Tickets for the World\u2019s largest jackpots\" \/>\n<meta property=\"article:modified_time\" content=\"2025-12-10T13:56:01+00:00\" \/>\n<meta property=\"og:image\" content=\"https:\/\/content.redfoxlotto.com\/uploads\/sites\/9\/1_play_lottery_online5.jpg\" \/>\n<meta name=\"twitter:card\" content=\"summary_large_image\" \/>\n<meta name=\"twitter:label1\" content=\"Tahmini okuma s\u00fcresi\" \/>\n\t<meta name=\"twitter:data1\" content=\"2 dakika\" \/>\n<script type=\"application\/ld+json\" class=\"yoast-schema-graph\">{\"@context\":\"https:\\\/\\\/schema.org\",\"@graph\":[{\"@type\":\"WebPage\",\"@id\":\"https:\\\/\\\/redfoxlotto.com\\\/tr\\\/oyna\\\/lotto-america\\\/\",\"url\":\"https:\\\/\\\/redfoxlotto.com\\\/tr\\\/oyna\\\/lotto-america\\\/\",\"name\":\"Online Lotto America oynay\u0131n\",\"isPartOf\":{\"@id\":\"https:\\\/\\\/redfoxlotto.com\\\/tr\\\/#website\"},\"primaryImageOfPage\":{\"@id\":\"https:\\\/\\\/redfoxlotto.com\\\/tr\\\/oyna\\\/lotto-america\\\/#primaryimage\"},\"image\":{\"@id\":\"https:\\\/\\\/redfoxlotto.com\\\/tr\\\/oyna\\\/lotto-america\\\/#primaryimage\"},\"thumbnailUrl\":\"https:\\\/\\\/content.redfoxlotto.com\\\/uploads\\\/sites\\\/9\\\/1_play_lottery_online5.jpg\",\"datePublished\":\"2023-04-24T18:09:15+00:00\",\"dateModified\":\"2025-12-10T13:56:01+00:00\",\"description\":\"Herhangi bir \u00fclkeden oyuncular art\u0131k bu \u00e7ok devletli piyangoya \u00e7evrimi\u00e7i olarak ABD'den kat\u0131labilir ve oynayabilir\",\"breadcrumb\":{\"@id\":\"https:\\\/\\\/redfoxlotto.com\\\/tr\\\/oyna\\\/lotto-america\\\/#breadcrumb\"},\"inLanguage\":\"tr\",\"potentialAction\":[{\"@type\":\"ReadAction\",\"target\":[\"https:\\\/\\\/redfoxlotto.com\\\/tr\\\/oyna\\\/lotto-america\\\/\"]}]},{\"@type\":\"ImageObject\",\"inLanguage\":\"tr\",\"@id\":\"https:\\\/\\\/redfoxlotto.com\\\/tr\\\/oyna\\\/lotto-america\\\/#primaryimage\",\"url\":\"https:\\\/\\\/content.redfoxlotto.com\\\/uploads\\\/sites\\\/9\\\/1_play_lottery_online5.jpg\",\"contentUrl\":\"https:\\\/\\\/content.redfoxlotto.com\\\/uploads\\\/sites\\\/9\\\/1_play_lottery_online5.jpg\"},{\"@type\":\"BreadcrumbList\",\"@id\":\"https:\\\/\\\/redfoxlotto.com\\\/tr\\\/oyna\\\/lotto-america\\\/#breadcrumb\",\"itemListElement\":[{\"@type\":\"ListItem\",\"position\":1,\"name\":\"Home\",\"item\":\"https:\\\/\\\/redfoxlotto.com\\\/tr\\\/\"},{\"@type\":\"ListItem\",\"position\":2,\"name\":\"Uluslararas\u0131 piyangolara nas\u0131l kat\u0131l\u0131r\u0131m?\",\"item\":\"https:\\\/\\\/redfoxlotto.com\\\/tr\\\/oyna\\\/\"},{\"@type\":\"ListItem\",\"position\":3,\"name\":\"Online Lotto America nas\u0131l oynan\u0131r\"}]},{\"@type\":\"WebSite\",\"@id\":\"https:\\\/\\\/redfoxlotto.com\\\/tr\\\/#website\",\"url\":\"https:\\\/\\\/redfoxlotto.com\\\/tr\\\/\",\"name\":\"Get Tickets for the World\u2019s largest jackpots\",\"description\":\"Participate in worldwide lottery jackpots from any country\",\"publisher\":{\"@id\":\"https:\\\/\\\/redfoxlotto.com\\\/tr\\\/#organization\"},\"potentialAction\":[{\"@type\":\"SearchAction\",\"target\":{\"@type\":\"EntryPoint\",\"urlTemplate\":\"https:\\\/\\\/redfoxlotto.com\\\/tr\\\/?s={search_term_string}\"},\"query-input\":{\"@type\":\"PropertyValueSpecification\",\"valueRequired\":true,\"valueName\":\"search_term_string\"}}],\"inLanguage\":\"tr\"},{\"@type\":\"Organization\",\"@id\":\"https:\\\/\\\/redfoxlotto.com\\\/tr\\\/#organization\",\"name\":\"Get Tickets for the World\u2019s largest jackpots\",\"url\":\"https:\\\/\\\/redfoxlotto.com\\\/tr\\\/\",\"logo\":{\"@type\":\"ImageObject\",\"inLanguage\":\"tr\",\"@id\":\"https:\\\/\\\/redfoxlotto.com\\\/tr\\\/#\\\/schema\\\/logo\\\/image\\\/\",\"url\":\"https:\\\/\\\/redfoxlotto.com\\\/wp-content\\\/uploads\\\/2023\\\/04\\\/logo.png\",\"contentUrl\":\"https:\\\/\\\/redfoxlotto.com\\\/wp-content\\\/uploads\\\/2023\\\/04\\\/logo.png\",\"width\":269,\"height\":53,\"caption\":\"Get Tickets for the World\u2019s largest jackpots\"},\"image\":{\"@id\":\"https:\\\/\\\/redfoxlotto.com\\\/tr\\\/#\\\/schema\\\/logo\\\/image\\\/\"}}]}<\/script>\n<!-- \/ Yoast SEO plugin. -->","yoast_head_json":{"title":"Online Lotto America oynay\u0131n","description":"Herhangi bir \u00fclkeden oyuncular art\u0131k bu \u00e7ok devletli piyangoya \u00e7evrimi\u00e7i olarak ABD'den kat\u0131labilir ve oynayabilir","robots":{"index":"index","follow":"follow","max-snippet":"max-snippet:-1","max-image-preview":"max-image-preview:large","max-video-preview":"max-video-preview:-1"},"canonical":"https:\/\/redfoxlotto.com\/tr\/oyna\/lotto-america\/","og_locale":"tr_TR","og_type":"article","og_title":"Online Lotto America oynay\u0131n","og_description":"Herhangi bir \u00fclkeden oyuncular art\u0131k bu \u00e7ok devletli piyangoya \u00e7evrimi\u00e7i olarak ABD'den kat\u0131labilir ve oynayabilir","og_url":"https:\/\/redfoxlotto.com\/tr\/oyna\/lotto-america\/","og_site_name":"Get Tickets for the World\u2019s largest jackpots","article_modified_time":"2025-12-10T13:56:01+00:00","og_image":[{"url":"https:\/\/content.redfoxlotto.com\/uploads\/sites\/9\/1_play_lottery_online5.jpg","type":"","width":"","height":""}],"twitter_card":"summary_large_image","twitter_misc":{"Tahmini okuma s\u00fcresi":"2 dakika"},"schema":{"@context":"https:\/\/schema.org","@graph":[{"@type":"WebPage","@id":"https:\/\/redfoxlotto.com\/tr\/oyna\/lotto-america\/","url":"https:\/\/redfoxlotto.com\/tr\/oyna\/lotto-america\/","name":"Online Lotto America oynay\u0131n","isPartOf":{"@id":"https:\/\/redfoxlotto.com\/tr\/#website"},"primaryImageOfPage":{"@id":"https:\/\/redfoxlotto.com\/tr\/oyna\/lotto-america\/#primaryimage"},"image":{"@id":"https:\/\/redfoxlotto.com\/tr\/oyna\/lotto-america\/#primaryimage"},"thumbnailUrl":"https:\/\/content.redfoxlotto.com\/uploads\/sites\/9\/1_play_lottery_online5.jpg","datePublished":"2023-04-24T18:09:15+00:00","dateModified":"2025-12-10T13:56:01+00:00","description":"Herhangi bir \u00fclkeden oyuncular art\u0131k bu \u00e7ok devletli piyangoya \u00e7evrimi\u00e7i olarak ABD'den kat\u0131labilir ve oynayabilir","breadcrumb":{"@id":"https:\/\/redfoxlotto.com\/tr\/oyna\/lotto-america\/#breadcrumb"},"inLanguage":"tr","potentialAction":[{"@type":"ReadAction","target":["https:\/\/redfoxlotto.com\/tr\/oyna\/lotto-america\/"]}]},{"@type":"ImageObject","inLanguage":"tr","@id":"https:\/\/redfoxlotto.com\/tr\/oyna\/lotto-america\/#primaryimage","url":"https:\/\/content.redfoxlotto.com\/uploads\/sites\/9\/1_play_lottery_online5.jpg","contentUrl":"https:\/\/content.redfoxlotto.com\/uploads\/sites\/9\/1_play_lottery_online5.jpg"},{"@type":"BreadcrumbList","@id":"https:\/\/redfoxlotto.com\/tr\/oyna\/lotto-america\/#breadcrumb","itemListElement":[{"@type":"ListItem","position":1,"name":"Home","item":"https:\/\/redfoxlotto.com\/tr\/"},{"@type":"ListItem","position":2,"name":"Uluslararas\u0131 piyangolara nas\u0131l kat\u0131l\u0131r\u0131m?","item":"https:\/\/redfoxlotto.com\/tr\/oyna\/"},{"@type":"ListItem","position":3,"name":"Online Lotto America nas\u0131l oynan\u0131r"}]},{"@type":"WebSite","@id":"https:\/\/redfoxlotto.com\/tr\/#website","url":"https:\/\/redfoxlotto.com\/tr\/","name":"Get Tickets for the World\u2019s largest jackpots","description":"Participate in worldwide lottery jackpots from any country","publisher":{"@id":"https:\/\/redfoxlotto.com\/tr\/#organization"},"potentialAction":[{"@type":"SearchAction","target":{"@type":"EntryPoint","urlTemplate":"https:\/\/redfoxlotto.com\/tr\/?s={search_term_string}"},"query-input":{"@type":"PropertyValueSpecification","valueRequired":true,"valueName":"search_term_string"}}],"inLanguage":"tr"},{"@type":"Organization","@id":"https:\/\/redfoxlotto.com\/tr\/#organization","name":"Get Tickets for the World\u2019s largest jackpots","url":"https:\/\/redfoxlotto.com\/tr\/","logo":{"@type":"ImageObject","inLanguage":"tr","@id":"https:\/\/redfoxlotto.com\/tr\/#\/schema\/logo\/image\/","url":"https:\/\/redfoxlotto.com\/wp-content\/uploads\/2023\/04\/logo.png","contentUrl":"https:\/\/redfoxlotto.com\/wp-content\/uploads\/2023\/04\/logo.png","width":269,"height":53,"caption":"Get Tickets for the World\u2019s largest jackpots"},"image":{"@id":"https:\/\/redfoxlotto.com\/tr\/#\/schema\/logo\/image\/"}}]}},"_links":{"self":[{"href":"https:\/\/redfoxlotto.com\/tr\/wp-json\/wp\/v2\/pages\/12987","targetHints":{"allow":["GET"]}}],"collection":[{"href":"https:\/\/redfoxlotto.com\/tr\/wp-json\/wp\/v2\/pages"}],"about":[{"href":"https:\/\/redfoxlotto.com\/tr\/wp-json\/wp\/v2\/types\/page"}],"author":[{"embeddable":true,"href":"https:\/\/redfoxlotto.com\/tr\/wp-json\/wp\/v2\/users\/1"}],"replies":[{"embeddable":true,"href":"https:\/\/redfoxlotto.com\/tr\/wp-json\/wp\/v2\/comments?post=12987"}],"version-history":[{"count":0,"href":"https:\/\/redfoxlotto.com\/tr\/wp-json\/wp\/v2\/pages\/12987\/revisions"}],"up":[{"embeddable":true,"href":"https:\/\/redfoxlotto.com\/tr\/wp-json\/wp\/v2\/pages\/2913"}],"wp:attachment":[{"href":"https:\/\/redfoxlotto.com\/tr\/wp-json\/wp\/v2\/media?parent=12987"}],"curies":[{"name":"wp","href":"https:\/\/api.w.org\/{rel}","templated":true}]}}