{"id":102302,"date":"2025-02-12T11:20:21","date_gmt":"2025-02-12T11:20:21","guid":{"rendered":"https:\/\/redfoxlotto.com\/?page_id=102302"},"modified":"2026-01-12T09:40:49","modified_gmt":"2026-01-12T09:40:49","slug":"kenoda-kazanma-sansi","status":"publish","type":"page","link":"https:\/\/redfoxlotto.com\/tr\/keno\/kenoda-kazanma-sansi\/","title":{"rendered":"Gold Keno kazanan numaralar\u0131"},"content":{"rendered":"<h2>Gold Keno&#8217;da 2 milyon avroluk b\u00fcy\u00fck ikramiye sizi bekliyor.<\/h2>\n<p><img loading=\"lazy\" decoding=\"async\" class=\"size-medium wp-image-93652 alignright\" src=\"https:\/\/redfoxlotto.com\/wp-content\/uploads\/2025\/09\/gold-keno-win-2-300x300.jpg\" alt=\"gold keno\" width=\"300\" height=\"300\" \/><br \/>\nGold Keno, oynamas\u0131 ger\u00e7ekten e\u011flenceli bir \u00e7evrimi\u00e7i piyango oyunudur. Oyunu oynayan herkes 2 milyon avroluk muhte\u015fem b\u00fcy\u00fck ikramiyeyi kazanabilir. Gold Keno&#8217;nun neden bu kadar pop\u00fcler oldu\u011funu anlamak kolayd\u0131r: her \u00e7ekili\u015f size hayat\u0131n\u0131z\u0131 daha iyi hale getirebilecek \u00e7ok para kazanma \u015fans\u0131 verir. Bu oyunun e\u011flencesi, h\u0131zl\u0131 \u00e7ekili\u015fler, adil oyun ve iki milyon avroluk ikramiyeyi kazanma \u015fans\u0131ndan kaynaklanmaktad\u0131r. Bu, ister e\u011flence i\u00e7in oynay\u0131n ister \u00e7ok para kazanmak isteyin, ge\u00e7erlidir.<\/p>\n<h2>Gold Keno oynama oranlar\u0131 rehberi<\/h2>\n<p>Gold Keno&#8217;da, seksen say\u0131dan rastgele 20 say\u0131 se\u00e7ilir. Oyuncular kendi say\u0131lar\u0131n\u0131 se\u00e7erler ve \u00f6d\u00fcl miktar\u0131, se\u00e7imlerinin \u00e7ekili\u015fle ka\u00e7 kez e\u015fle\u015fti\u011fine ba\u011fl\u0131d\u0131r. \u00c7arpan eklemek, olas\u0131 \u00f6demeyi art\u0131r\u0131r. Bu, daha pahal\u0131 biletlerin daha b\u00fcy\u00fck \u00f6d\u00fcller kazanaca\u011f\u0131 anlam\u0131na gelir.<\/p>\n<p>Daha fazla se\u00e7ene\u011finiz oldu\u011funda, daha b\u00fcy\u00fck bir \u00f6deme alma \u015fans\u0131n\u0131z artar, ancak daha az se\u00e7ene\u011finiz oldu\u011funda, daha az \u00f6deme alma \u015fans\u0131n\u0131z artar. Keno&#8217;da kazanma olas\u0131l\u0131\u011f\u0131 bu dengeye dayan\u0131r: daha fazla se\u00e7im, daha b\u00fcy\u00fck \u00f6d\u00fcller ama daha zor olas\u0131l\u0131klar anlam\u0131na gelirken, daha az se\u00e7im kazanmay\u0131 daha kolay hale getirir. \u00c7arpan\u0131 kullan\u0131rsan\u0131z, iki milyon euroluk b\u00fcy\u00fck \u00f6d\u00fcl\u00fc kazanabilirsiniz.<\/p>\n<h2>Daha fazla kazanman\u0131n anahtar\u0131 \u00e7arpanlar\u0131 kullanmakt\u0131r.<\/h2>\n<p>\u00c7arpan i\u015flevi sayesinde Gold Keno&#8217;da 2 milyon avroluk en b\u00fcy\u00fck \u00f6d\u00fcl\u00fc kazanabilirsiniz. \u00d6rne\u011fin:<\/p>\n<p>En y\u00fcksek \u00e7arpan 5x olarak ayarlanm\u0131\u015fsa, 1x \u00e7arpanl\u0131 bir bilet size en b\u00fcy\u00fck \u00f6d\u00fcl\u00fcn %20&#8217;sini verir. Oyuncular en y\u00fcksek \u00e7arpanla bahis yaparlarsa, 2 milyon avrodan fazla de\u011feri olan \u00f6d\u00fcl havuzuna tam eri\u015fim elde edebilirler.<\/p>\n<p>Bu teknik, oyunculara keno&#8217;da kazanma \u015fans\u0131n\u0131 de\u011fi\u015ftirebilecekleri ba\u015fka bir yol sunar. Hem temkinli oyunculara hem de risk alan oyunculara adil bir oyun imkan\u0131 sa\u011flar.<\/p>\n<h2>\u0130\u015flemler i\u00e7in nakit ve mevduat kullan\u0131l\u0131r.<\/h2>\n<p>Gold Keno oynamak i\u00e7in hesab\u0131n\u0131za para yat\u0131rman\u0131z ve \u00e7evrimi\u00e7i bilet sat\u0131n alman\u0131z gerekir. \u0130\u015flemler h\u0131zl\u0131, g\u00fcvenli ve anla\u015f\u0131lmas\u0131 kolayd\u0131r, bu nedenle hemen herhangi bir \u00e7ekili\u015fe kat\u0131labilirsiniz.<\/p>\n<h2>\u00c7ok Say\u0131da Gold Keno \u00c7ekili\u015fi Yap\u0131l\u0131yor<\/h2>\n<p>Di\u011fer piyangolarda oldu\u011fu gibi Gold Keno oynamak i\u00e7in beklemek zorunda de\u011filsiniz. Birka\u00e7 dakikada bir yeni \u00e7ekili\u015fler yap\u0131l\u0131yor, bu da 2 milyon avroluk b\u00fcy\u00fck \u00f6d\u00fcl i\u00e7in yap\u0131lan yar\u0131\u015f\u0131 e\u011flenceli ve hi\u00e7 bitmeyen bir macera haline getiriyor. \u00c7ok say\u0131da \u00e7ekili\u015f oldu\u011fu i\u00e7in, keno&#8217;da kazanma \u015fans\u0131 defalarca test ediliyor ve bu da oyunu e\u011flenceli k\u0131l\u0131yor.<\/p>\n<h2>Adil oyun i\u00e7in rastgele say\u0131 \u00fcreteci (RNG)<\/h2>\n<p>Her Gold Keno \u00e7ekili\u015finin adil olmas\u0131n\u0131 sa\u011flamak i\u00e7in, onaylanm\u0131\u015f bir rastgele say\u0131 \u00fcreteci (RNG) kullan\u0131yoruz. Her sonu\u00e7 tamamen rastgele oldu\u011fundan, 2 milyon \u20ac \u00f6d\u00fcl\u00fc kazanma \u015fans\u0131 tahminlere de\u011fil, \u015fansa dayan\u0131r. Bu, herkesin keno&#8217;da ayn\u0131 kazanma \u015fans\u0131na sahip olmas\u0131n\u0131 sa\u011flar.<\/p>\n<h2>Kazan\u00e7lar\u0131n\u0131z\u0131 Kontrol Etme ve Yan\u0131n\u0131zda G\u00f6t\u00fcrme<\/h2>\n<p>Oyuncular sonu\u00e7lar\u0131 \u201cBiletlerim\u201d b\u00f6l\u00fcm\u00fcnde hemen g\u00f6rebilirler. K\u00fc\u00e7\u00fck kazan\u00e7lar an\u0131nda hesab\u0131n\u0131za aktar\u0131l\u0131r, 2.500 \u20ac&#8217;ya kadar olan b\u00fcy\u00fck kazan\u00e7lar da hemen transfer edilir. Sigorta, 2 milyon \u20ac&#8217;luk b\u00fcy\u00fck ikramiyeyi ve di\u011fer b\u00fcy\u00fck ikramiyeleri garanti eder ve h\u00fck\u00fcmet bunlar\u0131n da\u011f\u0131t\u0131ld\u0131\u011f\u0131n\u0131 kontrol eder.<\/p>\n<h2>T\u00fcm Kazananlar Paralar\u0131n\u0131 Geri Alma Hakk\u0131na Sahiptir<\/h2>\n<p>\u00c7o\u011fu piyangodan farkl\u0131 olarak, Gold Keno ka\u00e7 bilet sat\u0131l\u0131rsa sat\u0131ls\u0131n \u00f6deme yapar. Oyun sadece g\u00fcvenli de\u011fil, ayn\u0131 zamanda karl\u0131d\u0131r \u00e7\u00fcnk\u00fc 2 milyon \u20ac&#8217;luk piyango ikramiyesi dahil t\u00fcm ikramiyeler tamamen g\u00fcvenlidir.<\/p>\n<h2>Her \u015fey \u00e7evrimi\u00e7i yap\u0131ld\u0131\u011f\u0131 i\u00e7in ka\u011f\u0131t bilet yoktur.<\/h2>\n<p>Gold Keno tamamen dijital oldu\u011fu i\u00e7in ka\u011f\u0131t bilete ihtiyac\u0131n\u0131z olmayacak. Bu sistem, hi\u00e7bir \u015feyin kaybolmamas\u0131 veya \u00e7al\u0131nmamas\u0131 i\u00e7in t\u00fcm ba\u015fvurular\u0131 takip eder.<\/p>\n<h2>Son D\u00fc\u015f\u00fcnceler: Gold Keno&#8217;yu Di\u011fer Keno Oyunlar\u0131ndan Ay\u0131ran \u00d6zellikler<\/h2>\n<p>Gold Keno, birka\u00e7 dakikada bir \u00e7ekili\u015f yap\u0131lmas\u0131, adil rastgele say\u0131 \u00fcreteci \u00e7\u0131kt\u0131lar\u0131, garantili \u00f6d\u00fcller ve 2 milyon \u20ac&#8217;luk ikramiyeyi kazanma \u015fans\u0131 nedeniyle hala en heyecan verici \u00e7evrimi\u00e7i piyango oyunlar\u0131ndan biridir. Keno&#8217;da kazanma olas\u0131l\u0131\u011f\u0131n\u0131 d\u00fc\u015f\u00fcnenler i\u00e7in bu oyun hem heyecan verici hem de g\u00fcven vericidir, \u00e7\u00fcnk\u00fc her bilet b\u00fcy\u00fck hedefleri olan oyuncular i\u00e7in oyunun gidi\u015fat\u0131n\u0131 de\u011fi\u015ftirebilir.<\/p>\n","protected":false},"excerpt":{"rendered":"<p>Gold Keno&#8217;da 2 milyon avroluk b\u00fcy\u00fck ikramiye sizi bekliyor. Gold Keno, oynamas\u0131 ger\u00e7ekten e\u011flenceli bir \u00e7evrimi\u00e7i piyango oyunudur. Oyunu oynayan herkes 2 milyon avroluk muhte\u015fem b\u00fcy\u00fck ikramiyeyi kazanabilir. Gold Keno&#8217;nun neden bu kadar pop\u00fcler oldu\u011funu anlamak kolayd\u0131r: her \u00e7ekili\u015f size hayat\u0131n\u0131z\u0131 daha iyi hale getirebilecek \u00e7ok para kazanma \u015fans\u0131 verir. Bu oyunun e\u011flencesi, h\u0131zl\u0131 \u00e7ekili\u015fler, [&hellip;]<\/p>\n","protected":false},"author":8,"featured_media":0,"parent":84449,"menu_order":42,"comment_status":"closed","ping_status":"closed","template":"","meta":{"_et_pb_use_builder":"","_et_pb_old_content":"","_et_gb_content_width":"","exclude_from_search":false,"footnotes":""},"class_list":["post-102302","page","type-page","status-publish","hentry"],"yoast_head":"<!-- This site is optimized with the Yoast SEO plugin v23.8 - https:\/\/yoast.com\/wordpress\/plugins\/seo\/ -->\n<title>Keno&#039;da kazanma \u015fans\u0131 | Keno oyunlar\u0131m\u0131zda harika oranlar ve \u00f6d\u00fcller var<\/title>\n<meta name=\"description\" content=\"\u00c7evrimi\u00e7i Keno oynarken, buldu\u011funuz oyunlar\u0131n oranlar\u0131na bak\u0131n. Gold Keno&#039;muzda 2 milyon \u20ac&#039;luk en y\u00fcksek \u00f6deme ve \u00e7evrimi\u00e7i bulabilece\u011finiz en iyi oranlar bir arada.\" \/>\n<meta name=\"robots\" content=\"index, follow, max-snippet:-1, max-image-preview:large, max-video-preview:-1\" \/>\n<link rel=\"canonical\" href=\"https:\/\/redfoxlotto.com\/tr\/keno\/kenoda-kazanma-sansi\/\" \/>\n<meta property=\"og:locale\" content=\"tr_TR\" \/>\n<meta property=\"og:type\" content=\"article\" \/>\n<meta property=\"og:title\" content=\"Keno&#039;da kazanma \u015fans\u0131 | Keno oyunlar\u0131m\u0131zda harika oranlar ve \u00f6d\u00fcller var\" \/>\n<meta property=\"og:description\" content=\"\u00c7evrimi\u00e7i Keno oynarken, buldu\u011funuz oyunlar\u0131n oranlar\u0131na bak\u0131n. Gold Keno&#039;muzda 2 milyon \u20ac&#039;luk en y\u00fcksek \u00f6deme ve \u00e7evrimi\u00e7i bulabilece\u011finiz en iyi oranlar bir arada.\" \/>\n<meta property=\"og:url\" content=\"https:\/\/redfoxlotto.com\/tr\/keno\/kenoda-kazanma-sansi\/\" \/>\n<meta property=\"og:site_name\" content=\"Get Tickets for the World\u2019s largest jackpots\" \/>\n<meta property=\"article:modified_time\" content=\"2026-01-12T09:40:49+00:00\" \/>\n<meta property=\"og:image\" content=\"https:\/\/redfoxlotto.com\/wp-content\/uploads\/2025\/09\/gold-keno-win-2-300x300.jpg\" \/>\n<meta name=\"twitter:card\" content=\"summary_large_image\" \/>\n<meta name=\"twitter:label1\" content=\"Tahmini okuma s\u00fcresi\" \/>\n\t<meta name=\"twitter:data1\" content=\"3 dakika\" \/>\n<script type=\"application\/ld+json\" class=\"yoast-schema-graph\">{\"@context\":\"https:\/\/schema.org\",\"@graph\":[{\"@type\":\"WebPage\",\"@id\":\"https:\/\/redfoxlotto.com\/tr\/keno\/kenoda-kazanma-sansi\/\",\"url\":\"https:\/\/redfoxlotto.com\/tr\/keno\/kenoda-kazanma-sansi\/\",\"name\":\"Keno'da kazanma \u015fans\u0131 | Keno oyunlar\u0131m\u0131zda harika oranlar ve \u00f6d\u00fcller var\",\"isPartOf\":{\"@id\":\"https:\/\/redfoxlotto.com\/tr\/#website\"},\"primaryImageOfPage\":{\"@id\":\"https:\/\/redfoxlotto.com\/tr\/keno\/kenoda-kazanma-sansi\/#primaryimage\"},\"image\":{\"@id\":\"https:\/\/redfoxlotto.com\/tr\/keno\/kenoda-kazanma-sansi\/#primaryimage\"},\"thumbnailUrl\":\"https:\/\/redfoxlotto.com\/wp-content\/uploads\/2025\/09\/gold-keno-win-2-300x300.jpg\",\"datePublished\":\"2025-02-12T11:20:21+00:00\",\"dateModified\":\"2026-01-12T09:40:49+00:00\",\"description\":\"\u00c7evrimi\u00e7i Keno oynarken, buldu\u011funuz oyunlar\u0131n oranlar\u0131na bak\u0131n. Gold Keno'muzda 2 milyon \u20ac'luk en y\u00fcksek \u00f6deme ve \u00e7evrimi\u00e7i bulabilece\u011finiz en iyi oranlar bir arada.\",\"breadcrumb\":{\"@id\":\"https:\/\/redfoxlotto.com\/tr\/keno\/kenoda-kazanma-sansi\/#breadcrumb\"},\"inLanguage\":\"tr\",\"potentialAction\":[{\"@type\":\"ReadAction\",\"target\":[\"https:\/\/redfoxlotto.com\/tr\/keno\/kenoda-kazanma-sansi\/\"]}]},{\"@type\":\"ImageObject\",\"inLanguage\":\"tr\",\"@id\":\"https:\/\/redfoxlotto.com\/tr\/keno\/kenoda-kazanma-sansi\/#primaryimage\",\"url\":\"https:\/\/redfoxlotto.com\/wp-content\/uploads\/2025\/09\/gold-keno-win-2-300x300.jpg\",\"contentUrl\":\"https:\/\/redfoxlotto.com\/wp-content\/uploads\/2025\/09\/gold-keno-win-2-300x300.jpg\"},{\"@type\":\"BreadcrumbList\",\"@id\":\"https:\/\/redfoxlotto.com\/tr\/keno\/kenoda-kazanma-sansi\/#breadcrumb\",\"itemListElement\":[{\"@type\":\"ListItem\",\"position\":1,\"name\":\"Home\",\"item\":\"https:\/\/redfoxlotto.com\/tr\/\"},{\"@type\":\"ListItem\",\"position\":2,\"name\":\"Keno\",\"item\":\"https:\/\/redfoxlotto.com\/tr\/keno\/\"},{\"@type\":\"ListItem\",\"position\":3,\"name\":\"Gold Keno kazanan numaralar\u0131\"}]},{\"@type\":\"WebSite\",\"@id\":\"https:\/\/redfoxlotto.com\/tr\/#website\",\"url\":\"https:\/\/redfoxlotto.com\/tr\/\",\"name\":\"Get Tickets for the World\u2019s largest jackpots\",\"description\":\"Participate in worldwide lottery jackpots from any country\",\"publisher\":{\"@id\":\"https:\/\/redfoxlotto.com\/tr\/#organization\"},\"potentialAction\":[{\"@type\":\"SearchAction\",\"target\":{\"@type\":\"EntryPoint\",\"urlTemplate\":\"https:\/\/redfoxlotto.com\/tr\/?s={search_term_string}\"},\"query-input\":{\"@type\":\"PropertyValueSpecification\",\"valueRequired\":true,\"valueName\":\"search_term_string\"}}],\"inLanguage\":\"tr\"},{\"@type\":\"Organization\",\"@id\":\"https:\/\/redfoxlotto.com\/tr\/#organization\",\"name\":\"Get Tickets for the World\u2019s largest jackpots\",\"url\":\"https:\/\/redfoxlotto.com\/tr\/\",\"logo\":{\"@type\":\"ImageObject\",\"inLanguage\":\"tr\",\"@id\":\"https:\/\/redfoxlotto.com\/tr\/#\/schema\/logo\/image\/\",\"url\":\"https:\/\/redfoxlotto.com\/wp-content\/uploads\/2023\/04\/logo.png\",\"contentUrl\":\"https:\/\/redfoxlotto.com\/wp-content\/uploads\/2023\/04\/logo.png\",\"width\":269,\"height\":53,\"caption\":\"Get Tickets for the World\u2019s largest jackpots\"},\"image\":{\"@id\":\"https:\/\/redfoxlotto.com\/tr\/#\/schema\/logo\/image\/\"}}]}<\/script>\n<!-- \/ Yoast SEO plugin. -->","yoast_head_json":{"title":"Keno'da kazanma \u015fans\u0131 | Keno oyunlar\u0131m\u0131zda harika oranlar ve \u00f6d\u00fcller var","description":"\u00c7evrimi\u00e7i Keno oynarken, buldu\u011funuz oyunlar\u0131n oranlar\u0131na bak\u0131n. Gold Keno'muzda 2 milyon \u20ac'luk en y\u00fcksek \u00f6deme ve \u00e7evrimi\u00e7i bulabilece\u011finiz en iyi oranlar bir arada.","robots":{"index":"index","follow":"follow","max-snippet":"max-snippet:-1","max-image-preview":"max-image-preview:large","max-video-preview":"max-video-preview:-1"},"canonical":"https:\/\/redfoxlotto.com\/tr\/keno\/kenoda-kazanma-sansi\/","og_locale":"tr_TR","og_type":"article","og_title":"Keno'da kazanma \u015fans\u0131 | Keno oyunlar\u0131m\u0131zda harika oranlar ve \u00f6d\u00fcller var","og_description":"\u00c7evrimi\u00e7i Keno oynarken, buldu\u011funuz oyunlar\u0131n oranlar\u0131na bak\u0131n. Gold Keno'muzda 2 milyon \u20ac'luk en y\u00fcksek \u00f6deme ve \u00e7evrimi\u00e7i bulabilece\u011finiz en iyi oranlar bir arada.","og_url":"https:\/\/redfoxlotto.com\/tr\/keno\/kenoda-kazanma-sansi\/","og_site_name":"Get Tickets for the World\u2019s largest jackpots","article_modified_time":"2026-01-12T09:40:49+00:00","og_image":[{"url":"https:\/\/redfoxlotto.com\/wp-content\/uploads\/2025\/09\/gold-keno-win-2-300x300.jpg"}],"twitter_card":"summary_large_image","twitter_misc":{"Tahmini okuma s\u00fcresi":"3 dakika"},"schema":{"@context":"https:\/\/schema.org","@graph":[{"@type":"WebPage","@id":"https:\/\/redfoxlotto.com\/tr\/keno\/kenoda-kazanma-sansi\/","url":"https:\/\/redfoxlotto.com\/tr\/keno\/kenoda-kazanma-sansi\/","name":"Keno'da kazanma \u015fans\u0131 | Keno oyunlar\u0131m\u0131zda harika oranlar ve \u00f6d\u00fcller var","isPartOf":{"@id":"https:\/\/redfoxlotto.com\/tr\/#website"},"primaryImageOfPage":{"@id":"https:\/\/redfoxlotto.com\/tr\/keno\/kenoda-kazanma-sansi\/#primaryimage"},"image":{"@id":"https:\/\/redfoxlotto.com\/tr\/keno\/kenoda-kazanma-sansi\/#primaryimage"},"thumbnailUrl":"https:\/\/redfoxlotto.com\/wp-content\/uploads\/2025\/09\/gold-keno-win-2-300x300.jpg","datePublished":"2025-02-12T11:20:21+00:00","dateModified":"2026-01-12T09:40:49+00:00","description":"\u00c7evrimi\u00e7i Keno oynarken, buldu\u011funuz oyunlar\u0131n oranlar\u0131na bak\u0131n. Gold Keno'muzda 2 milyon \u20ac'luk en y\u00fcksek \u00f6deme ve \u00e7evrimi\u00e7i bulabilece\u011finiz en iyi oranlar bir arada.","breadcrumb":{"@id":"https:\/\/redfoxlotto.com\/tr\/keno\/kenoda-kazanma-sansi\/#breadcrumb"},"inLanguage":"tr","potentialAction":[{"@type":"ReadAction","target":["https:\/\/redfoxlotto.com\/tr\/keno\/kenoda-kazanma-sansi\/"]}]},{"@type":"ImageObject","inLanguage":"tr","@id":"https:\/\/redfoxlotto.com\/tr\/keno\/kenoda-kazanma-sansi\/#primaryimage","url":"https:\/\/redfoxlotto.com\/wp-content\/uploads\/2025\/09\/gold-keno-win-2-300x300.jpg","contentUrl":"https:\/\/redfoxlotto.com\/wp-content\/uploads\/2025\/09\/gold-keno-win-2-300x300.jpg"},{"@type":"BreadcrumbList","@id":"https:\/\/redfoxlotto.com\/tr\/keno\/kenoda-kazanma-sansi\/#breadcrumb","itemListElement":[{"@type":"ListItem","position":1,"name":"Home","item":"https:\/\/redfoxlotto.com\/tr\/"},{"@type":"ListItem","position":2,"name":"Keno","item":"https:\/\/redfoxlotto.com\/tr\/keno\/"},{"@type":"ListItem","position":3,"name":"Gold Keno kazanan numaralar\u0131"}]},{"@type":"WebSite","@id":"https:\/\/redfoxlotto.com\/tr\/#website","url":"https:\/\/redfoxlotto.com\/tr\/","name":"Get Tickets for the World\u2019s largest jackpots","description":"Participate in worldwide lottery jackpots from any country","publisher":{"@id":"https:\/\/redfoxlotto.com\/tr\/#organization"},"potentialAction":[{"@type":"SearchAction","target":{"@type":"EntryPoint","urlTemplate":"https:\/\/redfoxlotto.com\/tr\/?s={search_term_string}"},"query-input":{"@type":"PropertyValueSpecification","valueRequired":true,"valueName":"search_term_string"}}],"inLanguage":"tr"},{"@type":"Organization","@id":"https:\/\/redfoxlotto.com\/tr\/#organization","name":"Get Tickets for the World\u2019s largest jackpots","url":"https:\/\/redfoxlotto.com\/tr\/","logo":{"@type":"ImageObject","inLanguage":"tr","@id":"https:\/\/redfoxlotto.com\/tr\/#\/schema\/logo\/image\/","url":"https:\/\/redfoxlotto.com\/wp-content\/uploads\/2023\/04\/logo.png","contentUrl":"https:\/\/redfoxlotto.com\/wp-content\/uploads\/2023\/04\/logo.png","width":269,"height":53,"caption":"Get Tickets for the World\u2019s largest jackpots"},"image":{"@id":"https:\/\/redfoxlotto.com\/tr\/#\/schema\/logo\/image\/"}}]}},"_links":{"self":[{"href":"https:\/\/redfoxlotto.com\/tr\/wp-json\/wp\/v2\/pages\/102302","targetHints":{"allow":["GET"]}}],"collection":[{"href":"https:\/\/redfoxlotto.com\/tr\/wp-json\/wp\/v2\/pages"}],"about":[{"href":"https:\/\/redfoxlotto.com\/tr\/wp-json\/wp\/v2\/types\/page"}],"author":[{"embeddable":true,"href":"https:\/\/redfoxlotto.com\/tr\/wp-json\/wp\/v2\/users\/8"}],"replies":[{"embeddable":true,"href":"https:\/\/redfoxlotto.com\/tr\/wp-json\/wp\/v2\/comments?post=102302"}],"version-history":[{"count":0,"href":"https:\/\/redfoxlotto.com\/tr\/wp-json\/wp\/v2\/pages\/102302\/revisions"}],"up":[{"embeddable":true,"href":"https:\/\/redfoxlotto.com\/tr\/wp-json\/wp\/v2\/pages\/84449"}],"wp:attachment":[{"href":"https:\/\/redfoxlotto.com\/tr\/wp-json\/wp\/v2\/media?parent=102302"}],"curies":[{"name":"wp","href":"https:\/\/api.w.org\/{rel}","templated":true}]}}