{"id":102093,"date":"2025-05-22T08:53:38","date_gmt":"2025-05-22T08:53:38","guid":{"rendered":"https:\/\/redfoxlotto.com\/?page_id=102093"},"modified":"2026-01-10T07:40:30","modified_gmt":"2026-01-10T07:40:30","slug":"keno-piyango-sonuclari","status":"publish","type":"page","link":"https:\/\/redfoxlotto.com\/tr\/keno\/keno-piyango-sonuclari\/","title":{"rendered":"Platinum Keno kazanan numaralar\u0131"},"content":{"rendered":"<h2>Platinum Keno&#8217;da Oranlar Nas\u0131l Belirlenir ve Sonu\u00e7lar Nerede Bulunur?<\/h2>\n<p><img loading=\"lazy\" decoding=\"async\" class=\"size-medium wp-image-83635 alignright\" src=\"https:\/\/redfoxlotto.com\/wp-content\/uploads\/2025\/03\/keno_card-300x300.jpg\" alt=\"platnum keno\" width=\"300\" height=\"300\" srcset=\"https:\/\/redfoxlotto.com\/wp-content\/uploads\/2025\/03\/keno_card-300x300.jpg 300w, https:\/\/redfoxlotto.com\/wp-content\/uploads\/2025\/03\/keno_card-150x150.jpg 150w, https:\/\/redfoxlotto.com\/wp-content\/uploads\/2025\/03\/keno_card-100x100.jpg 100w, https:\/\/redfoxlotto.com\/wp-content\/uploads\/2025\/03\/keno_card.jpg 307w\" sizes=\"auto, (max-width: 300px) 100vw, 300px\" \/><br \/>\nPlatinum Keno, en pop\u00fcler piyango tarz\u0131 oyunlardan biri olmak \u00fczere. Yak\u0131nda, oyuncular h\u0131zl\u0131 \u00e7ekili\u015fler, net kurallar ve \u00e7evrimi\u00e7i oynaman\u0131n kolayl\u0131\u011f\u0131 sayesinde, kendi ekranlar\u0131n\u0131n rahatl\u0131\u011f\u0131nda geleneksel Keno&#8217;nun t\u00fcm e\u011flencesini ya\u015fayabilecekler. Hen\u00fcz canl\u0131 sonu\u00e7lar yok, ancak say\u0131lar\u0131n nas\u0131l se\u00e7ildi\u011fini, nerede bulabilece\u011finizi ve oyun ba\u015flad\u0131\u011f\u0131nda kazan\u0131p kazanmad\u0131\u011f\u0131n\u0131z\u0131 nas\u0131l g\u00f6rebilece\u011finizi bilmeniz gerekenler \u015funlard\u0131r.<\/p>\n<h2>Platinum Keno say\u0131lar\u0131n\u0131 se\u00e7mek i\u00e7in kullan\u0131lan ad\u0131mlar<\/h2>\n<p>Platinum Keno, her \u015feyin adil olmas\u0131 gerekti\u011fi fikrine dayan\u0131r. Kontrol edilmi\u015f bir Rastgele Say\u0131 \u00dcreticisi (RNG) say\u0131lar\u0131 se\u00e7er. Bu, her \u00e7ekili\u015fin tamamen rastgele olmas\u0131n\u0131 sa\u011flar. RNG, bir makineden numaral\u0131 toplar\u0131 \u00e7ekti\u011finizde oldu\u011fu gibi, havuzdaki her say\u0131n\u0131n se\u00e7ilme \u015fans\u0131n\u0131n e\u015fit olmas\u0131n\u0131 sa\u011flar.<\/p>\n<ul>\n<li>Oyuncular 1&#8217;den 80&#8217;e kadar olan say\u0131lardan olu\u015fan bir havuzdan se\u00e7im yapar.<\/li>\n<li>\u00c7ekili\u015f Boyutu: Her turda 20 say\u0131 rastgele se\u00e7ilir.<\/li>\n<li>E\u015fit \u015eanslar: Favori say\u0131 yoktur; her \u015fey \u015fansa ba\u011fl\u0131d\u0131r.<\/li>\n<li>Bu y\u00f6ntemle, her \u00e7ekili\u015f \u015feffaft\u0131r, kontrol edilebilir ve g\u00fcvene dayal\u0131d\u0131r.<\/li>\n<\/ul>\n<h2>Oyun nas\u0131l oynan\u0131r?<\/h2>\n<p>Platinum Keno, hem d\u00fczenli oyuncular hem de b\u00fcy\u00fck ikramiyeler kazanmak isteyenler i\u00e7in tasarlanm\u0131\u015ft\u0131r. 80 say\u0131 havuzundan, rastgele se\u00e7ilen 20 say\u0131y\u0131 se\u00e7in. Oyun bu \u015fekilde oynan\u0131r. Se\u00e7imlerinizin m\u00fcmk\u00fcn oldu\u011funca \u00e7o\u011funun e\u015fle\u015fmesini istersiniz.<\/p>\n<h2>Say\u0131lar\u0131 se\u00e7me.<\/h2>\n<p>Oynamak i\u00e7in \u201cnokta\u201d (say\u0131) say\u0131s\u0131n\u0131 se\u00e7ersiniz. Farkl\u0131 ki\u015filer farkl\u0131 say\u0131da kart se\u00e7er. Se\u00e7ti\u011finiz nokta say\u0131s\u0131, \u015fans\u0131n\u0131z\u0131 ve kazanabilece\u011finiz para miktar\u0131n\u0131 do\u011frudan etkiler.<\/p>\n<h2>Bir fakt\u00f6r se\u00e7me.<\/h2>\n<p>Platinum Keno&#8217;da \u00f6d\u00fclleri de\u011fi\u015ftiren bir \u00e7arpan vard\u0131r. Bu durumda, en y\u00fcksek \u00e7arpan 5 ise, 1x \u00e7arpanla oynad\u0131\u011f\u0131n\u0131zda 5x \u00f6d\u00fcl\u00fcn %20&#8217;sini al\u0131rs\u0131n\u0131z. En y\u00fcksek \u00e7arpan 10 ise, 1x bilet 10x \u00f6demenin %10&#8217;unu \u00f6der. Daha b\u00fcy\u00fck bir \u00e7arpan, hem biletinizin fiyat\u0131n\u0131 hem de kazanma \u015fans\u0131n\u0131z\u0131 art\u0131r\u0131r.<\/p>\n<h2>\u00d6deme Listesi&#8217;ni Kullanma<\/h2>\n<p>Se\u00e7ti\u011finiz say\u0131lara ve bonusa g\u00f6re tam olarak ne kadar kazanabilece\u011finizi g\u00f6sterir. Bunu bir \u00f6d\u00fcl haritas\u0131 olarak d\u00fc\u015f\u00fcn\u00fcn; \u00e7ekili\u015f ger\u00e7ekle\u015fmeden \u00f6nce neyin s\u00f6z konusu oldu\u011funu size s\u00f6yler.<\/p>\n<h2>Se\u00e7imler olanlar\u0131 nas\u0131l etkiler?<\/h2>\n<p>Daha fazla say\u0131 se\u00e7erseniz, kazanabilece\u011finiz en b\u00fcy\u00fck \u00f6d\u00fcl artar, ancak hepsini tutturma \u015fans\u0131n\u0131z azal\u0131r. Buna kar\u015f\u0131l\u0131k, daha y\u00fcksek bir \u00e7arpan, kazan\u0131rsan\u0131z \u00f6demeyi art\u0131r\u0131r, ancak ba\u015flang\u0131\u00e7ta daha fazla para yat\u0131rman\u0131z gerekir. Platinum Keno, risk ve k\u00e2r aras\u0131nda denge kurman\u0131z gerekti\u011fi i\u00e7in hem heyecan verici hem de risklidir.<\/p>\n<h2>Platinum Keno sonu\u00e7lar\u0131n\u0131 bulabilece\u011finiz en iyi yerler<\/h2>\n<p>Platinum Keno ba\u015flar ba\u015flamaz, en g\u00fcncel sonu\u00e7lar RedFoxLotto&#8217;nun sonu\u00e7 sayfas\u0131nda yay\u0131nlanacakt\u0131r. Bu \u015fekilde, ge\u00e7mi\u015f ve \u015fimdiki \u00e7ekili\u015fleri takip etmek i\u00e7in uygulamadan \u00e7\u0131kman\u0131za gerek kalmaz.<\/p>\n<p>A\u015fa\u011f\u0131dakileri yapabilirsiniz:<\/p>\n<ul>\n<li>Her oyun i\u00e7in se\u00e7ilen numaralar\u0131n tam listesini kontrol edin.<\/li>\n<li>Ge\u00e7mi\u015f \u00e7ekili\u015flere bakarak temalar\u0131 ve e\u011filimleri g\u00f6r\u00fcn.<\/li>\n<li>Ba\u015fka bir yere bakman\u0131za gerek kalmadan haberleri takip edin.<\/li>\n<\/ul>\n<h2>Kazand\u0131\u011f\u0131n\u0131z\u0131 Nas\u0131l Anlars\u0131n\u0131z<\/h2>\n<p>Art\u0131k ka\u011f\u0131t kuponlar yok \u2014 Platinum Keno sadece bir bilgisayar oyunudur. Numaralar\u0131n\u0131z her oyundan hemen sonra RedFoxLotto hesab\u0131n\u0131za kaydedilir. Her \u00e7ekili\u015ften sonra sonu\u00e7lar\u0131 hemen kontrol edebilirsiniz:<\/p>\n<p>\u201cBiletlerim\u201de t\u0131klay\u0131n \u2013 Bu b\u00f6l\u00fcmde sat\u0131n ald\u0131\u011f\u0131n\u0131z t\u00fcm biletler listelenir.<\/p>\n<p>Numaralar\u0131n\u0131z\u0131 Sonu\u00e7larla Kar\u015f\u0131la\u015ft\u0131r\u0131n: Numaralar\u0131n\u0131z kazanan \u00e7ekili\u015fte \u00e7ekilen numaralarla ayn\u0131ysa, sistem bu e\u015fle\u015fmeleri size hemen g\u00f6sterir.<\/p>\n<p>Kazand\u0131\u011f\u0131n\u0131z anda, alaca\u011f\u0131n\u0131z \u00f6d\u00fcl miktar\u0131 size g\u00f6sterilir. Daha d\u00fc\u015f\u00fck de\u011ferli \u00f6d\u00fcller do\u011frudan hesab\u0131n\u0131za yat\u0131r\u0131l\u0131rken, daha y\u00fcksek de\u011ferli \u00f6d\u00fcller transfer edilmeden \u00f6nce do\u011frulamaya tabi tutulabilir.<\/p>\n<h2>Para yat\u0131rma ve oynama<\/h2>\n<p>Platinum Keno oynamak i\u00e7in RedFoxLotto hesab\u0131n\u0131zda para olmas\u0131 gerekir. Para yat\u0131rmak kolay ve g\u00fcvenlidir ve tutar hesab\u0131n\u0131za eklendi\u011finde, hemen bilet sat\u0131n almak i\u00e7in kullanabilirsiniz.<\/p>\n<h2>Sonu\u00e7lara Neden G\u00fcvenebilirsiniz?<\/h2>\n<p>Platinum Keno&#8217;daki her \u00f6d\u00fcl sigortal\u0131d\u0131r, bu nedenle 5 \u20ac veya 500.000 \u20ac kazansan\u0131z da paran\u0131z\u0131 geri al\u0131rs\u0131n\u0131z. RedFoxLotto \u00f6demenizi alman\u0131z\u0131 sa\u011flar ve RNG her \u015feyin adil olmas\u0131n\u0131 garanti eder.<\/p>\n<h2>Sonu\u00e7 olarak<\/h2>\n<p>Bu, eski usul say\u0131 \u00e7ekme y\u00f6ntemi ile bilgisayar oyunlar\u0131n\u0131n kolayl\u0131\u011f\u0131 aras\u0131nda bir kar\u0131\u015f\u0131m gibidir. Nihai sonu\u00e7lar hen\u00fcz a\u00e7\u0131klanmam\u0131\u015f olsa da, oyuncular \u015funlar\u0131 bekleyebilir:<\/p>\n<ul>\n<li>RNG taraf\u0131ndan do\u011frulanm\u0131\u015f adil \u00e7ekili\u015fler.<\/li>\n<li>Oyun h\u0131zl\u0131 ilerler ve birka\u00e7 dakikada bir sonu\u00e7lar\u0131 g\u00f6rebilirsiniz.<\/li>\n<li>RedFoxLotto, sonu\u00e7lara do\u011frudan ula\u015fman\u0131z\u0131 kolayla\u015ft\u0131r\u0131r.<\/li>\n<li>Hesab\u0131n\u0131z kazan\u00e7lar\u0131n\u0131z\u0131 otomatik olarak takip eder.<\/li>\n<li>Oyun ba\u015flad\u0131ktan sonra, tek yapman\u0131z gereken \u00e7ekili\u015ften sonra geri gelip kazan\u0131p kazanmad\u0131\u011f\u0131n\u0131z\u0131 g\u00f6rmek.<\/li>\n<\/ul>\n","protected":false},"excerpt":{"rendered":"<p>Platinum Keno&#8217;da Oranlar Nas\u0131l Belirlenir ve Sonu\u00e7lar Nerede Bulunur? Platinum Keno, en pop\u00fcler piyango tarz\u0131 oyunlardan biri olmak \u00fczere. Yak\u0131nda, oyuncular h\u0131zl\u0131 \u00e7ekili\u015fler, net kurallar ve \u00e7evrimi\u00e7i oynaman\u0131n kolayl\u0131\u011f\u0131 sayesinde, kendi ekranlar\u0131n\u0131n rahatl\u0131\u011f\u0131nda geleneksel Keno&#8217;nun t\u00fcm e\u011flencesini ya\u015fayabilecekler. Hen\u00fcz canl\u0131 sonu\u00e7lar yok, ancak say\u0131lar\u0131n nas\u0131l se\u00e7ildi\u011fini, nerede bulabilece\u011finizi ve oyun ba\u015flad\u0131\u011f\u0131nda kazan\u0131p kazanmad\u0131\u011f\u0131n\u0131z\u0131 nas\u0131l g\u00f6rebilece\u011finizi [&hellip;]<\/p>\n","protected":false},"author":8,"featured_media":0,"parent":84449,"menu_order":41,"comment_status":"closed","ping_status":"closed","template":"","meta":{"_et_pb_use_builder":"","_et_pb_old_content":"","_et_gb_content_width":"","exclude_from_search":false,"footnotes":""},"class_list":["post-102093","page","type-page","status-publish","hentry"],"yoast_head":"<!-- This site is optimized with the Yoast SEO plugin v23.8 - https:\/\/yoast.com\/wordpress\/plugins\/seo\/ -->\n<title>Bu g\u00fcnl\u00fck 5 milyon avroluk \u00e7evrimi\u00e7i Keno \u00e7ekili\u015finin Keno Piyango sonu\u00e7lar\u0131<\/title>\n<meta name=\"description\" content=\"Bu Keno piyangosu, 5 milyon avroluk b\u00fcy\u00fck \u00f6d\u00fcl i\u00e7in her g\u00fcn \u00e7ekili\u015f yapar - Keno \u00e7ekili\u015flerimizin sonu\u00e7lar\u0131n\u0131 buradan \u00f6\u011frenebilirsiniz. 5 milyon avroluk ve 10 milyon avroluk Keno oyunlar\u0131m\u0131z var.\" \/>\n<meta name=\"robots\" content=\"index, follow, max-snippet:-1, max-image-preview:large, max-video-preview:-1\" \/>\n<link rel=\"canonical\" href=\"https:\/\/redfoxlotto.com\/tr\/keno\/keno-piyango-sonuclari\/\" \/>\n<meta property=\"og:locale\" content=\"tr_TR\" \/>\n<meta property=\"og:type\" content=\"article\" \/>\n<meta property=\"og:title\" content=\"Bu g\u00fcnl\u00fck 5 milyon avroluk \u00e7evrimi\u00e7i Keno \u00e7ekili\u015finin Keno Piyango sonu\u00e7lar\u0131\" \/>\n<meta property=\"og:description\" content=\"Bu Keno piyangosu, 5 milyon avroluk b\u00fcy\u00fck \u00f6d\u00fcl i\u00e7in her g\u00fcn \u00e7ekili\u015f yapar - Keno \u00e7ekili\u015flerimizin sonu\u00e7lar\u0131n\u0131 buradan \u00f6\u011frenebilirsiniz. 5 milyon avroluk ve 10 milyon avroluk Keno oyunlar\u0131m\u0131z var.\" \/>\n<meta property=\"og:url\" content=\"https:\/\/redfoxlotto.com\/tr\/keno\/keno-piyango-sonuclari\/\" \/>\n<meta property=\"og:site_name\" content=\"Get Tickets for the World\u2019s largest jackpots\" \/>\n<meta property=\"article:modified_time\" content=\"2026-01-10T07:40:30+00:00\" \/>\n<meta property=\"og:image\" content=\"https:\/\/redfoxlotto.com\/wp-content\/uploads\/2025\/03\/keno_card-300x300.jpg\" \/>\n<meta name=\"twitter:card\" content=\"summary_large_image\" \/>\n<meta name=\"twitter:label1\" content=\"Tahmini okuma s\u00fcresi\" \/>\n\t<meta name=\"twitter:data1\" content=\"3 dakika\" \/>\n<script type=\"application\/ld+json\" class=\"yoast-schema-graph\">{\"@context\":\"https:\/\/schema.org\",\"@graph\":[{\"@type\":\"WebPage\",\"@id\":\"https:\/\/redfoxlotto.com\/tr\/keno\/keno-piyango-sonuclari\/\",\"url\":\"https:\/\/redfoxlotto.com\/tr\/keno\/keno-piyango-sonuclari\/\",\"name\":\"Bu g\u00fcnl\u00fck 5 milyon avroluk \u00e7evrimi\u00e7i Keno \u00e7ekili\u015finin Keno Piyango sonu\u00e7lar\u0131\",\"isPartOf\":{\"@id\":\"https:\/\/redfoxlotto.com\/tr\/#website\"},\"primaryImageOfPage\":{\"@id\":\"https:\/\/redfoxlotto.com\/tr\/keno\/keno-piyango-sonuclari\/#primaryimage\"},\"image\":{\"@id\":\"https:\/\/redfoxlotto.com\/tr\/keno\/keno-piyango-sonuclari\/#primaryimage\"},\"thumbnailUrl\":\"https:\/\/redfoxlotto.com\/wp-content\/uploads\/2025\/03\/keno_card-300x300.jpg\",\"datePublished\":\"2025-05-22T08:53:38+00:00\",\"dateModified\":\"2026-01-10T07:40:30+00:00\",\"description\":\"Bu Keno piyangosu, 5 milyon avroluk b\u00fcy\u00fck \u00f6d\u00fcl i\u00e7in her g\u00fcn \u00e7ekili\u015f yapar - Keno \u00e7ekili\u015flerimizin sonu\u00e7lar\u0131n\u0131 buradan \u00f6\u011frenebilirsiniz. 5 milyon avroluk ve 10 milyon avroluk Keno oyunlar\u0131m\u0131z var.\",\"breadcrumb\":{\"@id\":\"https:\/\/redfoxlotto.com\/tr\/keno\/keno-piyango-sonuclari\/#breadcrumb\"},\"inLanguage\":\"tr\",\"potentialAction\":[{\"@type\":\"ReadAction\",\"target\":[\"https:\/\/redfoxlotto.com\/tr\/keno\/keno-piyango-sonuclari\/\"]}]},{\"@type\":\"ImageObject\",\"inLanguage\":\"tr\",\"@id\":\"https:\/\/redfoxlotto.com\/tr\/keno\/keno-piyango-sonuclari\/#primaryimage\",\"url\":\"https:\/\/redfoxlotto.com\/wp-content\/uploads\/2025\/03\/keno_card-300x300.jpg\",\"contentUrl\":\"https:\/\/redfoxlotto.com\/wp-content\/uploads\/2025\/03\/keno_card-300x300.jpg\"},{\"@type\":\"BreadcrumbList\",\"@id\":\"https:\/\/redfoxlotto.com\/tr\/keno\/keno-piyango-sonuclari\/#breadcrumb\",\"itemListElement\":[{\"@type\":\"ListItem\",\"position\":1,\"name\":\"Home\",\"item\":\"https:\/\/redfoxlotto.com\/tr\/\"},{\"@type\":\"ListItem\",\"position\":2,\"name\":\"Keno\",\"item\":\"https:\/\/redfoxlotto.com\/tr\/keno\/\"},{\"@type\":\"ListItem\",\"position\":3,\"name\":\"Platinum Keno kazanan numaralar\u0131\"}]},{\"@type\":\"WebSite\",\"@id\":\"https:\/\/redfoxlotto.com\/tr\/#website\",\"url\":\"https:\/\/redfoxlotto.com\/tr\/\",\"name\":\"Get Tickets for the World\u2019s largest jackpots\",\"description\":\"Participate in worldwide lottery jackpots from any country\",\"publisher\":{\"@id\":\"https:\/\/redfoxlotto.com\/tr\/#organization\"},\"potentialAction\":[{\"@type\":\"SearchAction\",\"target\":{\"@type\":\"EntryPoint\",\"urlTemplate\":\"https:\/\/redfoxlotto.com\/tr\/?s={search_term_string}\"},\"query-input\":{\"@type\":\"PropertyValueSpecification\",\"valueRequired\":true,\"valueName\":\"search_term_string\"}}],\"inLanguage\":\"tr\"},{\"@type\":\"Organization\",\"@id\":\"https:\/\/redfoxlotto.com\/tr\/#organization\",\"name\":\"Get Tickets for the World\u2019s largest jackpots\",\"url\":\"https:\/\/redfoxlotto.com\/tr\/\",\"logo\":{\"@type\":\"ImageObject\",\"inLanguage\":\"tr\",\"@id\":\"https:\/\/redfoxlotto.com\/tr\/#\/schema\/logo\/image\/\",\"url\":\"https:\/\/redfoxlotto.com\/wp-content\/uploads\/2023\/04\/logo.png\",\"contentUrl\":\"https:\/\/redfoxlotto.com\/wp-content\/uploads\/2023\/04\/logo.png\",\"width\":269,\"height\":53,\"caption\":\"Get Tickets for the World\u2019s largest jackpots\"},\"image\":{\"@id\":\"https:\/\/redfoxlotto.com\/tr\/#\/schema\/logo\/image\/\"}}]}<\/script>\n<!-- \/ Yoast SEO plugin. -->","yoast_head_json":{"title":"Bu g\u00fcnl\u00fck 5 milyon avroluk \u00e7evrimi\u00e7i Keno \u00e7ekili\u015finin Keno Piyango sonu\u00e7lar\u0131","description":"Bu Keno piyangosu, 5 milyon avroluk b\u00fcy\u00fck \u00f6d\u00fcl i\u00e7in her g\u00fcn \u00e7ekili\u015f yapar - Keno \u00e7ekili\u015flerimizin sonu\u00e7lar\u0131n\u0131 buradan \u00f6\u011frenebilirsiniz. 5 milyon avroluk ve 10 milyon avroluk Keno oyunlar\u0131m\u0131z var.","robots":{"index":"index","follow":"follow","max-snippet":"max-snippet:-1","max-image-preview":"max-image-preview:large","max-video-preview":"max-video-preview:-1"},"canonical":"https:\/\/redfoxlotto.com\/tr\/keno\/keno-piyango-sonuclari\/","og_locale":"tr_TR","og_type":"article","og_title":"Bu g\u00fcnl\u00fck 5 milyon avroluk \u00e7evrimi\u00e7i Keno \u00e7ekili\u015finin Keno Piyango sonu\u00e7lar\u0131","og_description":"Bu Keno piyangosu, 5 milyon avroluk b\u00fcy\u00fck \u00f6d\u00fcl i\u00e7in her g\u00fcn \u00e7ekili\u015f yapar - Keno \u00e7ekili\u015flerimizin sonu\u00e7lar\u0131n\u0131 buradan \u00f6\u011frenebilirsiniz. 5 milyon avroluk ve 10 milyon avroluk Keno oyunlar\u0131m\u0131z var.","og_url":"https:\/\/redfoxlotto.com\/tr\/keno\/keno-piyango-sonuclari\/","og_site_name":"Get Tickets for the World\u2019s largest jackpots","article_modified_time":"2026-01-10T07:40:30+00:00","og_image":[{"url":"https:\/\/redfoxlotto.com\/wp-content\/uploads\/2025\/03\/keno_card-300x300.jpg"}],"twitter_card":"summary_large_image","twitter_misc":{"Tahmini okuma s\u00fcresi":"3 dakika"},"schema":{"@context":"https:\/\/schema.org","@graph":[{"@type":"WebPage","@id":"https:\/\/redfoxlotto.com\/tr\/keno\/keno-piyango-sonuclari\/","url":"https:\/\/redfoxlotto.com\/tr\/keno\/keno-piyango-sonuclari\/","name":"Bu g\u00fcnl\u00fck 5 milyon avroluk \u00e7evrimi\u00e7i Keno \u00e7ekili\u015finin Keno Piyango sonu\u00e7lar\u0131","isPartOf":{"@id":"https:\/\/redfoxlotto.com\/tr\/#website"},"primaryImageOfPage":{"@id":"https:\/\/redfoxlotto.com\/tr\/keno\/keno-piyango-sonuclari\/#primaryimage"},"image":{"@id":"https:\/\/redfoxlotto.com\/tr\/keno\/keno-piyango-sonuclari\/#primaryimage"},"thumbnailUrl":"https:\/\/redfoxlotto.com\/wp-content\/uploads\/2025\/03\/keno_card-300x300.jpg","datePublished":"2025-05-22T08:53:38+00:00","dateModified":"2026-01-10T07:40:30+00:00","description":"Bu Keno piyangosu, 5 milyon avroluk b\u00fcy\u00fck \u00f6d\u00fcl i\u00e7in her g\u00fcn \u00e7ekili\u015f yapar - Keno \u00e7ekili\u015flerimizin sonu\u00e7lar\u0131n\u0131 buradan \u00f6\u011frenebilirsiniz. 5 milyon avroluk ve 10 milyon avroluk Keno oyunlar\u0131m\u0131z var.","breadcrumb":{"@id":"https:\/\/redfoxlotto.com\/tr\/keno\/keno-piyango-sonuclari\/#breadcrumb"},"inLanguage":"tr","potentialAction":[{"@type":"ReadAction","target":["https:\/\/redfoxlotto.com\/tr\/keno\/keno-piyango-sonuclari\/"]}]},{"@type":"ImageObject","inLanguage":"tr","@id":"https:\/\/redfoxlotto.com\/tr\/keno\/keno-piyango-sonuclari\/#primaryimage","url":"https:\/\/redfoxlotto.com\/wp-content\/uploads\/2025\/03\/keno_card-300x300.jpg","contentUrl":"https:\/\/redfoxlotto.com\/wp-content\/uploads\/2025\/03\/keno_card-300x300.jpg"},{"@type":"BreadcrumbList","@id":"https:\/\/redfoxlotto.com\/tr\/keno\/keno-piyango-sonuclari\/#breadcrumb","itemListElement":[{"@type":"ListItem","position":1,"name":"Home","item":"https:\/\/redfoxlotto.com\/tr\/"},{"@type":"ListItem","position":2,"name":"Keno","item":"https:\/\/redfoxlotto.com\/tr\/keno\/"},{"@type":"ListItem","position":3,"name":"Platinum Keno kazanan numaralar\u0131"}]},{"@type":"WebSite","@id":"https:\/\/redfoxlotto.com\/tr\/#website","url":"https:\/\/redfoxlotto.com\/tr\/","name":"Get Tickets for the World\u2019s largest jackpots","description":"Participate in worldwide lottery jackpots from any country","publisher":{"@id":"https:\/\/redfoxlotto.com\/tr\/#organization"},"potentialAction":[{"@type":"SearchAction","target":{"@type":"EntryPoint","urlTemplate":"https:\/\/redfoxlotto.com\/tr\/?s={search_term_string}"},"query-input":{"@type":"PropertyValueSpecification","valueRequired":true,"valueName":"search_term_string"}}],"inLanguage":"tr"},{"@type":"Organization","@id":"https:\/\/redfoxlotto.com\/tr\/#organization","name":"Get Tickets for the World\u2019s largest jackpots","url":"https:\/\/redfoxlotto.com\/tr\/","logo":{"@type":"ImageObject","inLanguage":"tr","@id":"https:\/\/redfoxlotto.com\/tr\/#\/schema\/logo\/image\/","url":"https:\/\/redfoxlotto.com\/wp-content\/uploads\/2023\/04\/logo.png","contentUrl":"https:\/\/redfoxlotto.com\/wp-content\/uploads\/2023\/04\/logo.png","width":269,"height":53,"caption":"Get Tickets for the World\u2019s largest jackpots"},"image":{"@id":"https:\/\/redfoxlotto.com\/tr\/#\/schema\/logo\/image\/"}}]}},"_links":{"self":[{"href":"https:\/\/redfoxlotto.com\/tr\/wp-json\/wp\/v2\/pages\/102093","targetHints":{"allow":["GET"]}}],"collection":[{"href":"https:\/\/redfoxlotto.com\/tr\/wp-json\/wp\/v2\/pages"}],"about":[{"href":"https:\/\/redfoxlotto.com\/tr\/wp-json\/wp\/v2\/types\/page"}],"author":[{"embeddable":true,"href":"https:\/\/redfoxlotto.com\/tr\/wp-json\/wp\/v2\/users\/8"}],"replies":[{"embeddable":true,"href":"https:\/\/redfoxlotto.com\/tr\/wp-json\/wp\/v2\/comments?post=102093"}],"version-history":[{"count":0,"href":"https:\/\/redfoxlotto.com\/tr\/wp-json\/wp\/v2\/pages\/102093\/revisions"}],"up":[{"embeddable":true,"href":"https:\/\/redfoxlotto.com\/tr\/wp-json\/wp\/v2\/pages\/84449"}],"wp:attachment":[{"href":"https:\/\/redfoxlotto.com\/tr\/wp-json\/wp\/v2\/media?parent=102093"}],"curies":[{"name":"wp","href":"https:\/\/api.w.org\/{rel}","templated":true}]}}