{"id":87750,"date":"2025-05-19T09:09:27","date_gmt":"2025-05-19T09:09:27","guid":{"rendered":"https:\/\/redfoxlotto.com\/?page_id=87750"},"modified":"2025-05-23T13:30:26","modified_gmt":"2025-05-23T13:30:26","slug":"euromillions-eu","status":"publish","type":"page","link":"https:\/\/redfoxlotto.com\/sv\/resultaten\/euromillions-eu\/","title":{"rendered":"Euromillions EU-resultat"},"content":{"rendered":"","protected":false},"excerpt":{"rendered":"","protected":false},"author":8,"featured_media":0,"parent":5102,"menu_order":4,"comment_status":"closed","ping_status":"closed","template":"euromillions-results.php","meta":{"_et_pb_use_builder":"","_et_pb_old_content":"","_et_gb_content_width":"","exclude_from_search":false,"footnotes":""},"class_list":["post-87750","page","type-page","status-publish","hentry"],"yoast_head":"<!-- This site is optimized with the Yoast SEO plugin v27.3 - https:\/\/yoast.com\/product\/yoast-seo-wordpress\/ -->\n<title>Euromillions EU vinnande nummer och resultat<\/title>\n<meta name=\"description\" content=\"Hitta de vinnande siffrorna, resultat f\u00f6r EU-versionen av Euromillion h\u00e4r p\u00e5 v\u00e5r webbplats. Anv\u00e4nd v\u00e5r tj\u00e4nst f\u00f6r att delta i Euromillions online\" \/>\n<meta name=\"robots\" content=\"index, follow, max-snippet:-1, max-image-preview:large, max-video-preview:-1\" \/>\n<link rel=\"canonical\" href=\"https:\/\/redfoxlotto.com\/sv\/resultaten\/euromillions-eu\/\" \/>\n<meta property=\"og:locale\" content=\"sv_SE\" \/>\n<meta property=\"og:type\" content=\"article\" \/>\n<meta property=\"og:title\" content=\"Euromillions EU vinnande nummer och resultat\" \/>\n<meta property=\"og:description\" content=\"Hitta de vinnande siffrorna, resultat f\u00f6r EU-versionen av Euromillion h\u00e4r p\u00e5 v\u00e5r webbplats. Anv\u00e4nd v\u00e5r tj\u00e4nst f\u00f6r att delta i Euromillions online\" \/>\n<meta property=\"og:url\" content=\"https:\/\/redfoxlotto.com\/sv\/resultaten\/euromillions-eu\/\" \/>\n<meta property=\"og:site_name\" content=\"Get Tickets for the World\u2019s largest jackpots\" \/>\n<meta property=\"article:modified_time\" content=\"2025-05-23T13:30:26+00:00\" \/>\n<meta name=\"twitter:card\" content=\"summary_large_image\" \/>\n<script type=\"application\/ld+json\" class=\"yoast-schema-graph\">{\"@context\":\"https:\\\/\\\/schema.org\",\"@graph\":[{\"@type\":\"WebPage\",\"@id\":\"https:\\\/\\\/redfoxlotto.com\\\/sv\\\/resultaten\\\/euromillions-eu\\\/\",\"url\":\"https:\\\/\\\/redfoxlotto.com\\\/sv\\\/resultaten\\\/euromillions-eu\\\/\",\"name\":\"Euromillions EU vinnande nummer och resultat\",\"isPartOf\":{\"@id\":\"https:\\\/\\\/redfoxlotto.com\\\/sv\\\/#website\"},\"datePublished\":\"2025-05-19T09:09:27+00:00\",\"dateModified\":\"2025-05-23T13:30:26+00:00\",\"description\":\"Hitta de vinnande siffrorna, resultat f\u00f6r EU-versionen av Euromillion h\u00e4r p\u00e5 v\u00e5r webbplats. Anv\u00e4nd v\u00e5r tj\u00e4nst f\u00f6r att delta i Euromillions online\",\"breadcrumb\":{\"@id\":\"https:\\\/\\\/redfoxlotto.com\\\/sv\\\/resultaten\\\/euromillions-eu\\\/#breadcrumb\"},\"inLanguage\":\"sv-SE\",\"potentialAction\":[{\"@type\":\"ReadAction\",\"target\":[\"https:\\\/\\\/redfoxlotto.com\\\/sv\\\/resultaten\\\/euromillions-eu\\\/\"]}]},{\"@type\":\"BreadcrumbList\",\"@id\":\"https:\\\/\\\/redfoxlotto.com\\\/sv\\\/resultaten\\\/euromillions-eu\\\/#breadcrumb\",\"itemListElement\":[{\"@type\":\"ListItem\",\"position\":1,\"name\":\"Home\",\"item\":\"https:\\\/\\\/redfoxlotto.com\\\/sv\\\/\"},{\"@type\":\"ListItem\",\"position\":2,\"name\":\"Internationellt lotteri Resultat\",\"item\":\"https:\\\/\\\/redfoxlotto.com\\\/sv\\\/resultaten\\\/\"},{\"@type\":\"ListItem\",\"position\":3,\"name\":\"Euromillions EU-resultat\"}]},{\"@type\":\"WebSite\",\"@id\":\"https:\\\/\\\/redfoxlotto.com\\\/sv\\\/#website\",\"url\":\"https:\\\/\\\/redfoxlotto.com\\\/sv\\\/\",\"name\":\"Get Tickets for the World\u2019s largest jackpots\",\"description\":\"Participate in worldwide lottery jackpots from any country\",\"publisher\":{\"@id\":\"https:\\\/\\\/redfoxlotto.com\\\/sv\\\/#organization\"},\"potentialAction\":[{\"@type\":\"SearchAction\",\"target\":{\"@type\":\"EntryPoint\",\"urlTemplate\":\"https:\\\/\\\/redfoxlotto.com\\\/sv\\\/?s={search_term_string}\"},\"query-input\":{\"@type\":\"PropertyValueSpecification\",\"valueRequired\":true,\"valueName\":\"search_term_string\"}}],\"inLanguage\":\"sv-SE\"},{\"@type\":\"Organization\",\"@id\":\"https:\\\/\\\/redfoxlotto.com\\\/sv\\\/#organization\",\"name\":\"Get Tickets for the World\u2019s largest jackpots\",\"url\":\"https:\\\/\\\/redfoxlotto.com\\\/sv\\\/\",\"logo\":{\"@type\":\"ImageObject\",\"inLanguage\":\"sv-SE\",\"@id\":\"https:\\\/\\\/redfoxlotto.com\\\/sv\\\/#\\\/schema\\\/logo\\\/image\\\/\",\"url\":\"https:\\\/\\\/redfoxlotto.com\\\/wp-content\\\/uploads\\\/2023\\\/04\\\/logo.png\",\"contentUrl\":\"https:\\\/\\\/redfoxlotto.com\\\/wp-content\\\/uploads\\\/2023\\\/04\\\/logo.png\",\"width\":269,\"height\":53,\"caption\":\"Get Tickets for the World\u2019s largest jackpots\"},\"image\":{\"@id\":\"https:\\\/\\\/redfoxlotto.com\\\/sv\\\/#\\\/schema\\\/logo\\\/image\\\/\"}}]}<\/script>\n<!-- \/ Yoast SEO plugin. -->","yoast_head_json":{"title":"Euromillions EU vinnande nummer och resultat","description":"Hitta de vinnande siffrorna, resultat f\u00f6r EU-versionen av Euromillion h\u00e4r p\u00e5 v\u00e5r webbplats. Anv\u00e4nd v\u00e5r tj\u00e4nst f\u00f6r att delta i Euromillions online","robots":{"index":"index","follow":"follow","max-snippet":"max-snippet:-1","max-image-preview":"max-image-preview:large","max-video-preview":"max-video-preview:-1"},"canonical":"https:\/\/redfoxlotto.com\/sv\/resultaten\/euromillions-eu\/","og_locale":"sv_SE","og_type":"article","og_title":"Euromillions EU vinnande nummer och resultat","og_description":"Hitta de vinnande siffrorna, resultat f\u00f6r EU-versionen av Euromillion h\u00e4r p\u00e5 v\u00e5r webbplats. Anv\u00e4nd v\u00e5r tj\u00e4nst f\u00f6r att delta i Euromillions online","og_url":"https:\/\/redfoxlotto.com\/sv\/resultaten\/euromillions-eu\/","og_site_name":"Get Tickets for the World\u2019s largest jackpots","article_modified_time":"2025-05-23T13:30:26+00:00","twitter_card":"summary_large_image","schema":{"@context":"https:\/\/schema.org","@graph":[{"@type":"WebPage","@id":"https:\/\/redfoxlotto.com\/sv\/resultaten\/euromillions-eu\/","url":"https:\/\/redfoxlotto.com\/sv\/resultaten\/euromillions-eu\/","name":"Euromillions EU vinnande nummer och resultat","isPartOf":{"@id":"https:\/\/redfoxlotto.com\/sv\/#website"},"datePublished":"2025-05-19T09:09:27+00:00","dateModified":"2025-05-23T13:30:26+00:00","description":"Hitta de vinnande siffrorna, resultat f\u00f6r EU-versionen av Euromillion h\u00e4r p\u00e5 v\u00e5r webbplats. Anv\u00e4nd v\u00e5r tj\u00e4nst f\u00f6r att delta i Euromillions online","breadcrumb":{"@id":"https:\/\/redfoxlotto.com\/sv\/resultaten\/euromillions-eu\/#breadcrumb"},"inLanguage":"sv-SE","potentialAction":[{"@type":"ReadAction","target":["https:\/\/redfoxlotto.com\/sv\/resultaten\/euromillions-eu\/"]}]},{"@type":"BreadcrumbList","@id":"https:\/\/redfoxlotto.com\/sv\/resultaten\/euromillions-eu\/#breadcrumb","itemListElement":[{"@type":"ListItem","position":1,"name":"Home","item":"https:\/\/redfoxlotto.com\/sv\/"},{"@type":"ListItem","position":2,"name":"Internationellt lotteri Resultat","item":"https:\/\/redfoxlotto.com\/sv\/resultaten\/"},{"@type":"ListItem","position":3,"name":"Euromillions EU-resultat"}]},{"@type":"WebSite","@id":"https:\/\/redfoxlotto.com\/sv\/#website","url":"https:\/\/redfoxlotto.com\/sv\/","name":"Get Tickets for the World\u2019s largest jackpots","description":"Participate in worldwide lottery jackpots from any country","publisher":{"@id":"https:\/\/redfoxlotto.com\/sv\/#organization"},"potentialAction":[{"@type":"SearchAction","target":{"@type":"EntryPoint","urlTemplate":"https:\/\/redfoxlotto.com\/sv\/?s={search_term_string}"},"query-input":{"@type":"PropertyValueSpecification","valueRequired":true,"valueName":"search_term_string"}}],"inLanguage":"sv-SE"},{"@type":"Organization","@id":"https:\/\/redfoxlotto.com\/sv\/#organization","name":"Get Tickets for the World\u2019s largest jackpots","url":"https:\/\/redfoxlotto.com\/sv\/","logo":{"@type":"ImageObject","inLanguage":"sv-SE","@id":"https:\/\/redfoxlotto.com\/sv\/#\/schema\/logo\/image\/","url":"https:\/\/redfoxlotto.com\/wp-content\/uploads\/2023\/04\/logo.png","contentUrl":"https:\/\/redfoxlotto.com\/wp-content\/uploads\/2023\/04\/logo.png","width":269,"height":53,"caption":"Get Tickets for the World\u2019s largest jackpots"},"image":{"@id":"https:\/\/redfoxlotto.com\/sv\/#\/schema\/logo\/image\/"}}]}},"_links":{"self":[{"href":"https:\/\/redfoxlotto.com\/sv\/wp-json\/wp\/v2\/pages\/87750","targetHints":{"allow":["GET"]}}],"collection":[{"href":"https:\/\/redfoxlotto.com\/sv\/wp-json\/wp\/v2\/pages"}],"about":[{"href":"https:\/\/redfoxlotto.com\/sv\/wp-json\/wp\/v2\/types\/page"}],"author":[{"embeddable":true,"href":"https:\/\/redfoxlotto.com\/sv\/wp-json\/wp\/v2\/users\/8"}],"replies":[{"embeddable":true,"href":"https:\/\/redfoxlotto.com\/sv\/wp-json\/wp\/v2\/comments?post=87750"}],"version-history":[{"count":0,"href":"https:\/\/redfoxlotto.com\/sv\/wp-json\/wp\/v2\/pages\/87750\/revisions"}],"up":[{"embeddable":true,"href":"https:\/\/redfoxlotto.com\/sv\/wp-json\/wp\/v2\/pages\/5102"}],"wp:attachment":[{"href":"https:\/\/redfoxlotto.com\/sv\/wp-json\/wp\/v2\/media?parent=87750"}],"curies":[{"name":"wp","href":"https:\/\/api.w.org\/{rel}","templated":true}]}}