{"id":87681,"date":"2025-05-19T09:08:38","date_gmt":"2025-05-19T09:08:38","guid":{"rendered":"https:\/\/redfoxlotto.com\/?page_id=87681"},"modified":"2025-05-28T07:16:09","modified_gmt":"2025-05-28T07:16:09","slug":"euromillions-eu","status":"publish","type":"page","link":"https:\/\/redfoxlotto.com\/sv\/lotteri\/euromillions-eu\/","title":{"rendered":"Om Euromillions EU"},"content":{"rendered":"<p data-start=\"94\" data-end=\"659\">EuroMillions EU \u00e4r ett av Europas st\u00f6rsta och mest popul\u00e4ra lotterier, som varje vecka lockar miljontals deltagare med m\u00f6jligheten att vinna livsf\u00f6r\u00e4ndrande jackpottar. Lotteriet, som officiellt kallas EU-versionen av EuroMillions, \u00e4r mycket popul\u00e4rt i flera europeiska l\u00e4nder, d\u00e4ribland Frankrike, Spanien, \u00d6sterrike, Belgien, Irland, Luxemburg, Portugal och Schweiz. Det f\u00f6rsta dragningen h\u00f6lls den 13 februari 2004, d\u00e5 spelet lanserades enbart i Frankrike, Spanien och Storbritannien, innan det snabbt expanderade till fler europeiska l\u00e4nder senare samma \u00e5r.<\/p>\n<p><img loading=\"lazy\" decoding=\"async\" class=\"size-full wp-image-48546 alignright\" src=\"https:\/\/redfoxlotto.com\/wp-content\/uploads\/2023\/04\/powerball-draw-youtube1-300x300-1.jpg\" alt=\"euromillions\" width=\"300\" height=\"300\" srcset=\"https:\/\/redfoxlotto.com\/wp-content\/uploads\/2023\/04\/powerball-draw-youtube1-300x300-1.jpg 300w, https:\/\/redfoxlotto.com\/wp-content\/uploads\/2023\/04\/powerball-draw-youtube1-300x300-1-100x100.jpg 100w, https:\/\/redfoxlotto.com\/wp-content\/uploads\/2023\/04\/powerball-draw-youtube1-300x300-1-150x150.jpg 150w\" sizes=\"auto, (max-width: 300px) 100vw, 300px\" \/><\/p>\n<p data-start=\"661\" data-end=\"972\">Varje deltagande nation har sin egen nationella lotterimyndighet som ansvarar f\u00f6r f\u00f6rs\u00e4ljning av lotter, utbetalning av vinster och kundservice. Trots denna decentralisering f\u00f6ljer alla deltagande l\u00e4nder en enhetlig upps\u00e4ttning regler, vinstniv\u00e5er och dragningstider f\u00f6r att s\u00e4kerst\u00e4lla r\u00e4ttvisa och konsekvens.<\/p>\n<p data-start=\"974\" data-end=\"1382\">Dragningarna i EuroMillions EU sker tv\u00e5 g\u00e5nger i veckan \u2013 p\u00e5 tisdagar och fredagar p\u00e5 kv\u00e4llen. Lotteriet anv\u00e4nder ett dubbelt matrisformat d\u00e4r spelaren v\u00e4ljer fem nummer fr\u00e5n 1 till 50 samt tv\u00e5 s\u00e5 kallade Lyckostj\u00e4rnor fr\u00e5n 1 till 12. F\u00f6r att vinna jackpotten m\u00e5ste alla sju nummer matchas. Det finns dock flera sekund\u00e4ra vinstniv\u00e5er som ger spelare chansen att vinna mindre men fortfarande betydande priser.<\/p>\n<p data-start=\"1384\" data-end=\"1810\">En viktig skillnad mellan EU- och UK-versionerna av EuroMillions \u00e4r ett unikt extraspel som \u00e4r exklusivt f\u00f6r Storbritannien \u2013 <strong data-start=\"1510\" data-end=\"1531\">Millionaire Maker<\/strong>. Denna funktion garanterar att minst en brittisk spelare blir miljon\u00e4r vid varje dragning. P\u00e5 grund av denna garanterade vinnare \u00e4r brittiska EuroMillions-lotter betydligt dyrare \u00e4n de som s\u00e4ljs i \u00f6vriga Europa. Mer information om denna version finns tillg\u00e4nglig p\u00e5 RedFoxLotto.<\/p>\n<p data-start=\"1812\" data-end=\"2150\">F\u00f6r spelare som bor utanf\u00f6r de deltagande l\u00e4nderna eller utanf\u00f6r EU kan det verka om\u00f6jligt att delta i EuroMillions EU. Internationella lotteritj\u00e4nster har dock gjort det enkelt. Biljetter som k\u00f6ps av utl\u00e4ndska spelare k\u00f6ps oftast i \u00d6sterrike, vars v\u00e4lorganiserade lotterisystem m\u00f6jligg\u00f6r lagligt deltagande f\u00f6r spelare fr\u00e5n hela v\u00e4rlden.<\/p>\n<p data-start=\"2152\" data-end=\"2504\">N\u00e4r det g\u00e4ller jackpottar erbjuder EuroMillions EU b\u00e5de h\u00f6ga minimi- och maxbelopp f\u00f6r att bibeh\u00e5lla spelarnas intresse och \u00f6ka sp\u00e4nningen. <strong data-start=\"2292\" data-end=\"2339\">Minimijackpotten ligger p\u00e5 17 miljoner euro<\/strong>, vilket redan fr\u00e5n b\u00f6rjan \u00e4r en livsf\u00f6r\u00e4ndrande summa. Det finns ocks\u00e5 ett h\u00f6gsta tak f\u00f6r jackpottar, som \u00f6ver tid har h\u00f6jts och nu ligger p\u00e5 <strong data-start=\"2482\" data-end=\"2503\">250 miljoner euro<\/strong>.<\/p>\n<p data-start=\"2506\" data-end=\"2742\">N\u00e4r jackpotten n\u00e5r <strong data-start=\"2525\" data-end=\"2546\">200 miljoner euro<\/strong>, aktiveras s\u00e4rskilda regler. Jackpotten f\u00e5r d\u00e5 ligga kvar p\u00e5 den niv\u00e5n i h\u00f6gst fyra dragningar. Om ingen vinner efter dessa fyra dragningar rullas hela prisfonden ner till n\u00e4sta h\u00f6gsta vinstniv\u00e5.<\/p>\n<p data-start=\"2744\" data-end=\"2946\">N\u00e4r jackpotten n\u00e5r <strong data-start=\"2763\" data-end=\"2784\">250 miljoner euro<\/strong>, till\u00e4mpas samma regler igen. Om ingen vinner efter fyra dragningar, rullas hela jackpotten ner igen, vilket ofta skapar flera nya miljon\u00e4rer vid samma dragning.<\/p>\n<p data-start=\"2948\" data-end=\"3209\">Denna typ av jackpottomf\u00f6rdelning ger spelet ytterligare strategisk sp\u00e4nning och dramatik. N\u00e4r jackpotten n\u00e4rmar sig sitt tak \u00f6kar f\u00f6rs\u00e4ljningen av lotter markant, drivet av spelarnas f\u00f6rv\u00e4ntan. De stora beloppen genererar dessutom betydande medieuppm\u00e4rksamhet.<\/p>\n<p data-start=\"3211\" data-end=\"3431\">Historiskt sett har EuroMillions skapat ett stort antal h\u00f6gprofilerade vinnare runtom i Europa, d\u00e4r m\u00e5nga blivit multimiljon\u00e4rer \u00f6ver en natt. \u00d6sterrike utm\u00e4rker sig som en s\u00e4rskilt aktiv marknad med m\u00e5nga stora vinster.<\/p>\n<p data-start=\"3433\" data-end=\"3758\">Tack vare m\u00f6jligheten att spela globalt, den tydliga spelstrukturen och potentialen f\u00f6r enorma vinster, \u00e4r EuroMillions EU mycket attraktivt f\u00f6r lotterispelare v\u00e4rlden \u00f6ver. Dess n\u00e4rvaro i nyckell\u00e4nder i Europa inneb\u00e4r en kulturellt varierad spelarbas, samtidigt som de stora jackpottarna lockar internationell uppm\u00e4rksamhet.<\/p>\n<p data-start=\"3760\" data-end=\"4030\">Spelare utanf\u00f6r Europa kan delta via etablerade lotteribudtj\u00e4nster, som k\u00f6per fysiska biljetter i \u00d6sterrike, skannar dem, laddar upp informationen till anv\u00e4ndarkonton och betalar ut vinster direkt \u2013 vilket g\u00f6r det enkelt att delta oavsett var i v\u00e4rlden man befinner sig.<\/p>\n<p data-start=\"4032\" data-end=\"4427\"><strong data-start=\"4032\" data-end=\"4054\">Sammanfattningsvis<\/strong> \u00e4r EuroMillions EU med sin v\u00e4lstrukturerade spelmodell, tydliga regler och gener\u00f6sa vinstniv\u00e5er ett vinnande koncept f\u00f6r lotterifans \u00f6ver hela v\u00e4rlden. Med en garanterad jackpot p\u00e5 <strong data-start=\"4236\" data-end=\"4256\">17 miljoner euro<\/strong>, ett tak p\u00e5 <strong data-start=\"4269\" data-end=\"4290\">250 miljoner euro<\/strong>, och dynamiska utdelningsregler, erbjuder det sp\u00e4nning, dramatik och m\u00f6jligheten till livsf\u00f6r\u00e4ndrande vinster b\u00e5de i Europa och globalt.<\/p>\n","protected":false},"excerpt":{"rendered":"<p>EuroMillions EU \u00e4r ett av Europas st\u00f6rsta och mest popul\u00e4ra lotterier, som varje vecka lockar miljontals deltagare med m\u00f6jligheten att vinna livsf\u00f6r\u00e4ndrande jackpottar. Lotteriet, som officiellt kallas EU-versionen av EuroMillions, \u00e4r mycket popul\u00e4rt i flera europeiska l\u00e4nder, d\u00e4ribland Frankrike, Spanien, \u00d6sterrike, Belgien, Irland, Luxemburg, Portugal och Schweiz. Det f\u00f6rsta dragningen h\u00f6lls den 13 februari 2004, [&hellip;]<\/p>\n","protected":false},"author":8,"featured_media":0,"parent":5094,"menu_order":4,"comment_status":"closed","ping_status":"closed","template":"euromillions-at-info.php","meta":{"_et_pb_use_builder":"","_et_pb_old_content":"","_et_gb_content_width":"","exclude_from_search":false,"footnotes":""},"class_list":["post-87681","page","type-page","status-publish","hentry"],"yoast_head":"<!-- This site is optimized with the Yoast SEO plugin v23.8 - https:\/\/yoast.com\/wordpress\/plugins\/seo\/ -->\n<title>K\u00f6p Euromillions-biljetter online fr\u00e5n l\u00e4nder utanf\u00f6r EU<\/title>\n<meta name=\"description\" content=\"S\u00e5 h\u00e4r k\u00f6per du Euromillions-biljetter online, f\u00f6r Storbritannien och EU-versionen av Euromillions. K\u00f6p lotter varifr\u00e5n som helst, \u00e4ven fr\u00e5n l\u00e4nder utanf\u00f6r EU.\" \/>\n<meta name=\"robots\" content=\"index, follow, max-snippet:-1, max-image-preview:large, max-video-preview:-1\" \/>\n<link rel=\"canonical\" href=\"https:\/\/redfoxlotto.com\/sv\/lotteri\/euromillions-eu\/\" \/>\n<meta property=\"og:locale\" content=\"sv_SE\" \/>\n<meta property=\"og:type\" content=\"article\" \/>\n<meta property=\"og:title\" content=\"K\u00f6p Euromillions-biljetter online fr\u00e5n l\u00e4nder utanf\u00f6r EU\" \/>\n<meta property=\"og:description\" content=\"S\u00e5 h\u00e4r k\u00f6per du Euromillions-biljetter online, f\u00f6r Storbritannien och EU-versionen av Euromillions. K\u00f6p lotter varifr\u00e5n som helst, \u00e4ven fr\u00e5n l\u00e4nder utanf\u00f6r EU.\" \/>\n<meta property=\"og:url\" content=\"https:\/\/redfoxlotto.com\/sv\/lotteri\/euromillions-eu\/\" \/>\n<meta property=\"og:site_name\" content=\"Get Tickets for the World\u2019s largest jackpots\" \/>\n<meta property=\"article:modified_time\" content=\"2025-05-28T07:16:09+00:00\" \/>\n<meta property=\"og:image\" content=\"https:\/\/redfoxlotto.com\/wp-content\/uploads\/2023\/04\/powerball-draw-youtube1-300x300-1.jpg\" \/>\n<meta name=\"twitter:card\" content=\"summary_large_image\" \/>\n<meta name=\"twitter:label1\" content=\"Ber\u00e4knad l\u00e4stid\" \/>\n\t<meta name=\"twitter:data1\" content=\"3 minuter\" \/>\n<script type=\"application\/ld+json\" class=\"yoast-schema-graph\">{\"@context\":\"https:\/\/schema.org\",\"@graph\":[{\"@type\":\"WebPage\",\"@id\":\"https:\/\/redfoxlotto.com\/sv\/lotteri\/euromillions-eu\/\",\"url\":\"https:\/\/redfoxlotto.com\/sv\/lotteri\/euromillions-eu\/\",\"name\":\"K\u00f6p Euromillions-biljetter online fr\u00e5n l\u00e4nder utanf\u00f6r EU\",\"isPartOf\":{\"@id\":\"https:\/\/redfoxlotto.com\/sv\/#website\"},\"primaryImageOfPage\":{\"@id\":\"https:\/\/redfoxlotto.com\/sv\/lotteri\/euromillions-eu\/#primaryimage\"},\"image\":{\"@id\":\"https:\/\/redfoxlotto.com\/sv\/lotteri\/euromillions-eu\/#primaryimage\"},\"thumbnailUrl\":\"https:\/\/redfoxlotto.com\/wp-content\/uploads\/2023\/04\/powerball-draw-youtube1-300x300-1.jpg\",\"datePublished\":\"2025-05-19T09:08:38+00:00\",\"dateModified\":\"2025-05-28T07:16:09+00:00\",\"description\":\"S\u00e5 h\u00e4r k\u00f6per du Euromillions-biljetter online, f\u00f6r Storbritannien och EU-versionen av Euromillions. K\u00f6p lotter varifr\u00e5n som helst, \u00e4ven fr\u00e5n l\u00e4nder utanf\u00f6r EU.\",\"breadcrumb\":{\"@id\":\"https:\/\/redfoxlotto.com\/sv\/lotteri\/euromillions-eu\/#breadcrumb\"},\"inLanguage\":\"sv-SE\",\"potentialAction\":[{\"@type\":\"ReadAction\",\"target\":[\"https:\/\/redfoxlotto.com\/sv\/lotteri\/euromillions-eu\/\"]}]},{\"@type\":\"ImageObject\",\"inLanguage\":\"sv-SE\",\"@id\":\"https:\/\/redfoxlotto.com\/sv\/lotteri\/euromillions-eu\/#primaryimage\",\"url\":\"https:\/\/redfoxlotto.com\/wp-content\/uploads\/2023\/04\/powerball-draw-youtube1-300x300-1.jpg\",\"contentUrl\":\"https:\/\/redfoxlotto.com\/wp-content\/uploads\/2023\/04\/powerball-draw-youtube1-300x300-1.jpg\"},{\"@type\":\"BreadcrumbList\",\"@id\":\"https:\/\/redfoxlotto.com\/sv\/lotteri\/euromillions-eu\/#breadcrumb\",\"itemListElement\":[{\"@type\":\"ListItem\",\"position\":1,\"name\":\"Home\",\"item\":\"https:\/\/redfoxlotto.com\/sv\/\"},{\"@type\":\"ListItem\",\"position\":2,\"name\":\"Hur man k\u00f6per lotter online &#8211; k\u00f6pprocessen\",\"item\":\"https:\/\/redfoxlotto.com\/sv\/lotteri\/\"},{\"@type\":\"ListItem\",\"position\":3,\"name\":\"Om Euromillions EU\"}]},{\"@type\":\"WebSite\",\"@id\":\"https:\/\/redfoxlotto.com\/sv\/#website\",\"url\":\"https:\/\/redfoxlotto.com\/sv\/\",\"name\":\"Get Tickets for the World\u2019s largest jackpots\",\"description\":\"Participate in worldwide lottery jackpots from any country\",\"publisher\":{\"@id\":\"https:\/\/redfoxlotto.com\/sv\/#organization\"},\"potentialAction\":[{\"@type\":\"SearchAction\",\"target\":{\"@type\":\"EntryPoint\",\"urlTemplate\":\"https:\/\/redfoxlotto.com\/sv\/?s={search_term_string}\"},\"query-input\":{\"@type\":\"PropertyValueSpecification\",\"valueRequired\":true,\"valueName\":\"search_term_string\"}}],\"inLanguage\":\"sv-SE\"},{\"@type\":\"Organization\",\"@id\":\"https:\/\/redfoxlotto.com\/sv\/#organization\",\"name\":\"Get Tickets for the World\u2019s largest jackpots\",\"url\":\"https:\/\/redfoxlotto.com\/sv\/\",\"logo\":{\"@type\":\"ImageObject\",\"inLanguage\":\"sv-SE\",\"@id\":\"https:\/\/redfoxlotto.com\/sv\/#\/schema\/logo\/image\/\",\"url\":\"https:\/\/redfoxlotto.com\/wp-content\/uploads\/2023\/04\/logo.png\",\"contentUrl\":\"https:\/\/redfoxlotto.com\/wp-content\/uploads\/2023\/04\/logo.png\",\"width\":269,\"height\":53,\"caption\":\"Get Tickets for the World\u2019s largest jackpots\"},\"image\":{\"@id\":\"https:\/\/redfoxlotto.com\/sv\/#\/schema\/logo\/image\/\"}}]}<\/script>\n<!-- \/ Yoast SEO plugin. -->","yoast_head_json":{"title":"K\u00f6p Euromillions-biljetter online fr\u00e5n l\u00e4nder utanf\u00f6r EU","description":"S\u00e5 h\u00e4r k\u00f6per du Euromillions-biljetter online, f\u00f6r Storbritannien och EU-versionen av Euromillions. K\u00f6p lotter varifr\u00e5n som helst, \u00e4ven fr\u00e5n l\u00e4nder utanf\u00f6r EU.","robots":{"index":"index","follow":"follow","max-snippet":"max-snippet:-1","max-image-preview":"max-image-preview:large","max-video-preview":"max-video-preview:-1"},"canonical":"https:\/\/redfoxlotto.com\/sv\/lotteri\/euromillions-eu\/","og_locale":"sv_SE","og_type":"article","og_title":"K\u00f6p Euromillions-biljetter online fr\u00e5n l\u00e4nder utanf\u00f6r EU","og_description":"S\u00e5 h\u00e4r k\u00f6per du Euromillions-biljetter online, f\u00f6r Storbritannien och EU-versionen av Euromillions. K\u00f6p lotter varifr\u00e5n som helst, \u00e4ven fr\u00e5n l\u00e4nder utanf\u00f6r EU.","og_url":"https:\/\/redfoxlotto.com\/sv\/lotteri\/euromillions-eu\/","og_site_name":"Get Tickets for the World\u2019s largest jackpots","article_modified_time":"2025-05-28T07:16:09+00:00","og_image":[{"url":"https:\/\/redfoxlotto.com\/wp-content\/uploads\/2023\/04\/powerball-draw-youtube1-300x300-1.jpg"}],"twitter_card":"summary_large_image","twitter_misc":{"Ber\u00e4knad l\u00e4stid":"3 minuter"},"schema":{"@context":"https:\/\/schema.org","@graph":[{"@type":"WebPage","@id":"https:\/\/redfoxlotto.com\/sv\/lotteri\/euromillions-eu\/","url":"https:\/\/redfoxlotto.com\/sv\/lotteri\/euromillions-eu\/","name":"K\u00f6p Euromillions-biljetter online fr\u00e5n l\u00e4nder utanf\u00f6r EU","isPartOf":{"@id":"https:\/\/redfoxlotto.com\/sv\/#website"},"primaryImageOfPage":{"@id":"https:\/\/redfoxlotto.com\/sv\/lotteri\/euromillions-eu\/#primaryimage"},"image":{"@id":"https:\/\/redfoxlotto.com\/sv\/lotteri\/euromillions-eu\/#primaryimage"},"thumbnailUrl":"https:\/\/redfoxlotto.com\/wp-content\/uploads\/2023\/04\/powerball-draw-youtube1-300x300-1.jpg","datePublished":"2025-05-19T09:08:38+00:00","dateModified":"2025-05-28T07:16:09+00:00","description":"S\u00e5 h\u00e4r k\u00f6per du Euromillions-biljetter online, f\u00f6r Storbritannien och EU-versionen av Euromillions. K\u00f6p lotter varifr\u00e5n som helst, \u00e4ven fr\u00e5n l\u00e4nder utanf\u00f6r EU.","breadcrumb":{"@id":"https:\/\/redfoxlotto.com\/sv\/lotteri\/euromillions-eu\/#breadcrumb"},"inLanguage":"sv-SE","potentialAction":[{"@type":"ReadAction","target":["https:\/\/redfoxlotto.com\/sv\/lotteri\/euromillions-eu\/"]}]},{"@type":"ImageObject","inLanguage":"sv-SE","@id":"https:\/\/redfoxlotto.com\/sv\/lotteri\/euromillions-eu\/#primaryimage","url":"https:\/\/redfoxlotto.com\/wp-content\/uploads\/2023\/04\/powerball-draw-youtube1-300x300-1.jpg","contentUrl":"https:\/\/redfoxlotto.com\/wp-content\/uploads\/2023\/04\/powerball-draw-youtube1-300x300-1.jpg"},{"@type":"BreadcrumbList","@id":"https:\/\/redfoxlotto.com\/sv\/lotteri\/euromillions-eu\/#breadcrumb","itemListElement":[{"@type":"ListItem","position":1,"name":"Home","item":"https:\/\/redfoxlotto.com\/sv\/"},{"@type":"ListItem","position":2,"name":"Hur man k\u00f6per lotter online &#8211; k\u00f6pprocessen","item":"https:\/\/redfoxlotto.com\/sv\/lotteri\/"},{"@type":"ListItem","position":3,"name":"Om Euromillions EU"}]},{"@type":"WebSite","@id":"https:\/\/redfoxlotto.com\/sv\/#website","url":"https:\/\/redfoxlotto.com\/sv\/","name":"Get Tickets for the World\u2019s largest jackpots","description":"Participate in worldwide lottery jackpots from any country","publisher":{"@id":"https:\/\/redfoxlotto.com\/sv\/#organization"},"potentialAction":[{"@type":"SearchAction","target":{"@type":"EntryPoint","urlTemplate":"https:\/\/redfoxlotto.com\/sv\/?s={search_term_string}"},"query-input":{"@type":"PropertyValueSpecification","valueRequired":true,"valueName":"search_term_string"}}],"inLanguage":"sv-SE"},{"@type":"Organization","@id":"https:\/\/redfoxlotto.com\/sv\/#organization","name":"Get Tickets for the World\u2019s largest jackpots","url":"https:\/\/redfoxlotto.com\/sv\/","logo":{"@type":"ImageObject","inLanguage":"sv-SE","@id":"https:\/\/redfoxlotto.com\/sv\/#\/schema\/logo\/image\/","url":"https:\/\/redfoxlotto.com\/wp-content\/uploads\/2023\/04\/logo.png","contentUrl":"https:\/\/redfoxlotto.com\/wp-content\/uploads\/2023\/04\/logo.png","width":269,"height":53,"caption":"Get Tickets for the World\u2019s largest jackpots"},"image":{"@id":"https:\/\/redfoxlotto.com\/sv\/#\/schema\/logo\/image\/"}}]}},"_links":{"self":[{"href":"https:\/\/redfoxlotto.com\/sv\/wp-json\/wp\/v2\/pages\/87681","targetHints":{"allow":["GET"]}}],"collection":[{"href":"https:\/\/redfoxlotto.com\/sv\/wp-json\/wp\/v2\/pages"}],"about":[{"href":"https:\/\/redfoxlotto.com\/sv\/wp-json\/wp\/v2\/types\/page"}],"author":[{"embeddable":true,"href":"https:\/\/redfoxlotto.com\/sv\/wp-json\/wp\/v2\/users\/8"}],"replies":[{"embeddable":true,"href":"https:\/\/redfoxlotto.com\/sv\/wp-json\/wp\/v2\/comments?post=87681"}],"version-history":[{"count":0,"href":"https:\/\/redfoxlotto.com\/sv\/wp-json\/wp\/v2\/pages\/87681\/revisions"}],"up":[{"embeddable":true,"href":"https:\/\/redfoxlotto.com\/sv\/wp-json\/wp\/v2\/pages\/5094"}],"wp:attachment":[{"href":"https:\/\/redfoxlotto.com\/sv\/wp-json\/wp\/v2\/media?parent=87681"}],"curies":[{"name":"wp","href":"https:\/\/api.w.org\/{rel}","templated":true}]}}