{"id":87618,"date":"2025-05-19T09:07:38","date_gmt":"2025-05-19T09:07:38","guid":{"rendered":"https:\/\/redfoxlotto.com\/?page_id=87618"},"modified":"2025-12-17T07:08:08","modified_gmt":"2025-12-17T07:08:08","slug":"euromillions-eu","status":"publish","type":"page","link":"https:\/\/redfoxlotto.com\/sv\/spela\/euromillions-eu\/","title":{"rendered":"Spela Euromillions EU"},"content":{"rendered":"<p><script type=\"application\/ld+json\">\n{\n  \"@context\": \"https:\/\/schema.org\",\n  \"@type\": \"Service\",\n  \"name\": \"Spela Euromillions Online\",\n  \"url\": \"https:\/\/redfoxlotto.com\/sv\/spela\/euromillions\/\",\n  \"description\": \"Spela Euromillions-lotteriet online fr\u00e5n vilket land som helst. Bes\u00f6k RedFoxLotto, v\u00e4lj dina nummer och skaffa dina biljetter.\",\n  \"serviceType\": \"Online lottery ticket messenger service\",\n  \"provider\": {\n    \"@type\": \"Organization\",\n    \"name\": \"RedFoxLotto\",\n    \"url\": \"https:\/\/redfoxlotto.com\/sv\/\",\n    \"image\": \"https:\/\/redfoxlotto.com\/wp-content\/uploads\/2025\/12\/ticket_scans.jpg\",\n    \"sameAs\": []\n  },\n  \"areaServed\": \"Worldwide\",\n  \"termsOfService\": \"https:\/\/redfoxlotto.com\/terms-and-conditions\",\n  \"additionalProperty\": {\n    \"@type\": \"PropertyValue\",\n    \"name\": \"FAQ\",\n    \"value\": \"https:\/\/redfoxlotto.com\/sv\/faq\/\"\n  },\n  \"hasOfferCatalog\": {\n    \"@type\": \"OfferCatalog\",\n    \"name\": \"Euromillions Lottobiljetter\",\n    \"itemListElement\": [\n      {\n        \"@type\": \"Offer\",\n        \"name\": \"Euromillions Biljetter\",\n        \"url\": \"https:\/\/redfoxlotto.com\/sv\/spela\/euromillions\/\",\n        \"description\": \"Klicka h\u00e4r f\u00f6r att v\u00e4lja dina nummer till n\u00e4sta Euromillions-lottodragning \u2013 best\u00e4ll dina biljetter online.\",\n        \"price\": \"7.00\",\n        \"priceCurrency\": \"EUR\",\n        \"availability\": \"https:\/\/schema.org\/InStock\",\n        \"itemOffered\": {\n          \"@type\": \"Service\",\n          \"name\": \"Euromillions Lottobiljetter\",\n          \"description\": \"Spela i n\u00e4sta Euromillions-dragning via RedFoxLotto.\"\n        }\n      }\n    ]\n  },\n  \"mainEntityOfPage\": {\n    \"@type\": \"WebPage\",\n    \"@id\": \"https:\/\/redfoxlotto.com\/sv\/spela\/euromillions\/\"\n  }\n}\n<\/script><\/p>\n<p><img loading=\"lazy\" decoding=\"async\" class=\" wp-image-67116 alignleft\" src=\"https:\/\/redfoxlotto.com\/wp-content\/uploads\/2024\/03\/Balls-300x300.png\" alt=\"euromillions \u00d6sterrike\" width=\"244\" height=\"244\" \/><\/p>\n<h2 data-start=\"42\" data-end=\"95\">Introduktion: Vad \u00e4r EuroMillions EU (\u00d6sterrike)?<\/h2>\n<p data-start=\"97\" data-end=\"336\">EuroMillions EU (\u00d6sterrike) \u00e4r ett av Europas mest popul\u00e4ra och rikaste lotterier. Det lanserades 2004 och spelas officiellt i nio europeiska l\u00e4nder: Frankrike, Spanien, \u00d6sterrike, Belgien, Irland, Luxemburg, Portugal, Schweiz och Andorra.<\/p>\n<p data-start=\"338\" data-end=\"621\">Men vad h\u00e4nder om du inte bor i Europa eller i ett EuroMillions-land? Kan du fortfarande delta och ha chans att vinna en livsf\u00f6r\u00e4ndrande jackpott? Svaret \u00e4r ja \u2013 du kan k\u00f6pa giltiga EuroMillions EU (\u00d6sterrike)-lotter online via RedFoxLotto.com, oavsett var i v\u00e4rlden du befinner dig.<\/p>\n<h2 data-start=\"623\" data-end=\"672\">Hur man spelar EuroMillions online utanf\u00f6r EU<\/h2>\n<p data-start=\"674\" data-end=\"853\">Om ditt land inte \u00e4r deltagare kan du inte k\u00f6pa en lott lokalt. Som tur \u00e4r g\u00f6r en betrodd f\u00f6rmedlingstj\u00e4nst som RedFoxLotto det m\u00f6jligt att k\u00f6pa en lott \u00e4nd\u00e5. S\u00e5 h\u00e4r fungerar det:<\/p>\n<ol data-start=\"855\" data-end=\"1139\">\n<li data-start=\"855\" data-end=\"885\">\n<p data-start=\"858\" data-end=\"885\">Bes\u00f6k <a class=\"\" href=\"http:\/\/www.RedFoxLotto.com\" target=\"_new\" rel=\"noopener\" data-start=\"864\" data-end=\"883\">www.RedFoxLotto.com<\/a><\/p>\n<\/li>\n<li data-start=\"886\" data-end=\"938\">\n<p data-start=\"889\" data-end=\"938\">V\u00e4lj dragningen f\u00f6r EuroMillions EU (\u00d6sterrike)<\/p>\n<\/li>\n<li data-start=\"939\" data-end=\"986\">\n<p data-start=\"942\" data-end=\"986\">V\u00e4lj dina nummer eller anv\u00e4nd \u201cQuick Pick\u201d<\/p>\n<\/li>\n<li data-start=\"987\" data-end=\"1072\">\n<p data-start=\"990\" data-end=\"1072\">Slutf\u00f6r din best\u00e4llning \u2013 en lokal agent i \u00d6sterrike k\u00f6per en fysisk lott \u00e5t dig<\/p>\n<\/li>\n<li data-start=\"1073\" data-end=\"1139\">\n<p data-start=\"1076\" data-end=\"1139\">En skannad kopia av lotten laddas upp till ditt konto som bevis<\/p>\n<\/li>\n<\/ol>\n<p data-start=\"1141\" data-end=\"1311\">Det \u00e4r 100 % lagligt och ett s\u00e4kert s\u00e4tt att delta i den officiella EU-versionen av EuroMillions (\u00d6sterrike), oavsett om du bor i Asien, Afrika, Amerika eller Australien.<\/p>\n<h2 data-start=\"1313\" data-end=\"1386\">Skillnader mellan EuroMillions EU (\u00d6sterrike) och brittiska versionen<\/h2>\n<p data-start=\"1388\" data-end=\"1521\">Det finns tv\u00e5 distinkta versioner: EuroMillions EU och EuroMillions UK. B\u00e5da \u00e4r del av samma familj men skiljer sig p\u00e5 flera punkter.<\/p>\n<p data-start=\"1523\" data-end=\"1683\">Brittiska lotter \u00e4r dyrare, fr\u00e4mst p\u00e5 grund av det extra spelet &#8221;Millionaire Maker&#8221;, som garanterar att en brittisk spelare vinner \u00a31 miljon vid varje dragning.<\/p>\n<p data-start=\"1685\" data-end=\"1803\">Den brittiska versionen har \u00e4ven en annan utbetalningsstruktur och p\u00e5verkas av regleringskostnader och v\u00e4xlingskurser.<\/p>\n<p data-start=\"1805\" data-end=\"2005\">N\u00e4r du spelar via RedFoxLotto deltar du i EU-versionen (\u00d6sterrike), inte i brittiska dragningen. Denna version inkluderar inte Millionaire Maker, vilket g\u00f6r biljetterna billigare och reglerna enklare.<\/p>\n<h2 data-start=\"2007\" data-end=\"2029\">Var k\u00f6ps lotterna?<\/h2>\n<p data-start=\"2031\" data-end=\"2167\">Alla EuroMillions EU-lotter som bokas via RedFoxLotto k\u00f6ps fysiskt i \u00d6sterrike \u2013 ett officiellt deltagarland med central plats i Europa.<\/p>\n<h2 data-start=\"2169\" data-end=\"2190\">Varf\u00f6r \u00d6sterrike?<\/h2>\n<p data-start=\"2192\" data-end=\"2330\">\u00d6sterrike \u00e4r medlem i EU och ger tillg\u00e5ng till det ursprungliga EuroMillions EU-draget. Lotterna regleras strikt och med full transparens.<\/p>\n<p data-start=\"2332\" data-end=\"2524\">Dessutom \u00e4r vinster fr\u00e5n lotteri f\u00f6r n\u00e4rvarande skattefria i \u00d6sterrike \u2013 en stor f\u00f6rdel f\u00f6r internationella spelare. N\u00e4r din lott \u00e4r k\u00f6pt laddas en skannad kopia upp till ditt konto som bevis.<\/p>\n<h2 data-start=\"2526\" data-end=\"2572\">Jackpottinformation: minimi- och maxbelopp<\/h2>\n<p data-start=\"2574\" data-end=\"2697\">En av de st\u00f6rsta anledningarna till att spelare fr\u00e5n hela v\u00e4rlden vill spela EuroMillions online \u00e4r de enorma jackpottarna.<\/p>\n<p data-start=\"2699\" data-end=\"2719\">S\u00e5 h\u00e4r fungerar det:<\/p>\n<ul data-start=\"2721\" data-end=\"2795\">\n<li data-start=\"2721\" data-end=\"2754\">\n<p data-start=\"2723\" data-end=\"2754\">Minsta jackpott: \u20ac17 miljoner<\/p>\n<\/li>\n<li data-start=\"2755\" data-end=\"2795\">\n<p data-start=\"2757\" data-end=\"2795\">H\u00f6gsta jackpott (tak): \u20ac250 miljoner<\/p>\n<\/li>\n<\/ul>\n<p data-start=\"2797\" data-end=\"2871\">Om ingen vinner, rullar vinsten \u00f6ver till n\u00e4sta dragning och v\u00e4xer snabbt.<\/p>\n<h2 data-start=\"2873\" data-end=\"2921\">Vad h\u00e4nder n\u00e4r jackpotten n\u00e5r \u20ac200 miljoner?<\/h2>\n<p data-start=\"2923\" data-end=\"2957\">N\u00e4r vinstpotten n\u00e5r \u20ac200 miljoner:<\/p>\n<ul data-start=\"2959\" data-end=\"3041\">\n<li data-start=\"2959\" data-end=\"3003\">\n<p data-start=\"2961\" data-end=\"3003\">Jackpotten \u00f6kar med \u20ac10 miljoner i taget<\/p>\n<\/li>\n<li data-start=\"3004\" data-end=\"3041\">\n<p data-start=\"3006\" data-end=\"3041\">Tills taket \u20ac250 miljoner \u00e4r n\u00e5tt<\/p>\n<\/li>\n<\/ul>\n<h2 data-start=\"3043\" data-end=\"3076\">Vad h\u00e4nder vid \u20ac250 miljoner?<\/h2>\n<p data-start=\"3078\" data-end=\"3222\">N\u00e4r taket n\u00e5s kan jackpotten ligga kvar p\u00e5 den niv\u00e5n i upp till fyra dragningar. Om ingen vinner d\u00e5, delas hela vinsten ut till n\u00e4sta vinstniv\u00e5.<\/p>\n<p data-start=\"3224\" data-end=\"3331\">Dessa regler g\u00f6r EuroMillions EU (\u00d6sterrike) till ett av v\u00e4rldens mest sp\u00e4nnande och spelv\u00e4nliga lotterier.<\/p>\n<h2 data-start=\"3333\" data-end=\"3384\">Varf\u00f6r spela EuroMillions EU (\u00d6sterrike) online<\/h2>\n<p data-start=\"3386\" data-end=\"3447\">Speciellt f\u00f6r spelare utanf\u00f6r EU finns det m\u00e5nga starka sk\u00e4l:<\/p>\n<ul data-start=\"3449\" data-end=\"3701\">\n<li data-start=\"3449\" data-end=\"3518\">\n<p data-start=\"3451\" data-end=\"3518\">Global tillg\u00e4nglighet: vem som helst kan spela fr\u00e5n var som helst<\/p>\n<\/li>\n<li data-start=\"3519\" data-end=\"3576\">\n<p data-start=\"3521\" data-end=\"3576\">Bekv\u00e4mlighet: k\u00f6p lotter n\u00e4r som helst, var som helst<\/p>\n<\/li>\n<li data-start=\"3577\" data-end=\"3602\">\n<p data-start=\"3579\" data-end=\"3602\">Digitalt bevis p\u00e5 k\u00f6p<\/p>\n<\/li>\n<li data-start=\"3603\" data-end=\"3656\">\n<p data-start=\"3605\" data-end=\"3656\">Skattef\u00f6rdelar: i \u00d6sterrike \u00e4r vinster skattefria<\/p>\n<\/li>\n<li data-start=\"3657\" data-end=\"3701\">\n<p data-start=\"3659\" data-end=\"3701\">Stora jackpottar: upp till \u20ac250 miljoner<\/p>\n<\/li>\n<\/ul>\n<h2 data-start=\"3703\" data-end=\"3724\">Avslutande tankar<\/h2>\n<p data-start=\"3726\" data-end=\"3919\">Du beh\u00f6ver inte bo i Frankrike, Spanien eller Portugal f\u00f6r att spela EuroMillions EU (\u00d6sterrike). I dagens digitala v\u00e4rld kan du delta \u00e4ven fr\u00e5n l\u00e4nder utanf\u00f6r EU och ha chans p\u00e5 rekordvinster.<\/p>\n<p data-start=\"3921\" data-end=\"4136\">Oavsett om du vill bli Europas n\u00e4sta miljon\u00e4r eller bara tycker att spelet \u00e4r kul \u2013 att spela via RedFoxLotto.com \u00e4r enkelt. V\u00e4lj dina lyckonummer och spela online redan idag \u2013 kanske blir just du n\u00e4sta storvinnare!<\/p>\n","protected":false},"excerpt":{"rendered":"<p>Introduktion: Vad \u00e4r EuroMillions EU (\u00d6sterrike)? EuroMillions EU (\u00d6sterrike) \u00e4r ett av Europas mest popul\u00e4ra och rikaste lotterier. Det lanserades 2004 och spelas officiellt i nio europeiska l\u00e4nder: Frankrike, Spanien, \u00d6sterrike, Belgien, Irland, Luxemburg, Portugal, Schweiz och Andorra. Men vad h\u00e4nder om du inte bor i Europa eller i ett EuroMillions-land? Kan du fortfarande delta [&hellip;]<\/p>\n","protected":false},"author":8,"featured_media":0,"parent":5112,"menu_order":4,"comment_status":"closed","ping_status":"closed","template":"euromillions-at.php","meta":{"_et_pb_use_builder":"","_et_pb_old_content":"","_et_gb_content_width":"","exclude_from_search":false,"footnotes":""},"class_list":["post-87618","page","type-page","status-publish","hentry"],"yoast_head":"<!-- This site is optimized with the Yoast SEO plugin v23.8 - https:\/\/yoast.com\/wordpress\/plugins\/seo\/ -->\n<title>Spela Euromillions online fr\u00e5n l\u00e4nder utanf\u00f6r EU<\/title>\n<meta name=\"description\" content=\"Hur man spelar Euromillions online fr\u00e5n l\u00e4nder utanf\u00f6r EU, eller om ditt land inte deltar i Euromillions\" \/>\n<meta name=\"robots\" content=\"index, follow, max-snippet:-1, max-image-preview:large, max-video-preview:-1\" \/>\n<link rel=\"canonical\" href=\"https:\/\/redfoxlotto.com\/sv\/spela\/euromillions-eu\/\" \/>\n<meta property=\"og:locale\" content=\"sv_SE\" \/>\n<meta property=\"og:type\" content=\"article\" \/>\n<meta property=\"og:title\" content=\"Spela Euromillions online fr\u00e5n l\u00e4nder utanf\u00f6r EU\" \/>\n<meta property=\"og:description\" content=\"Hur man spelar Euromillions online fr\u00e5n l\u00e4nder utanf\u00f6r EU, eller om ditt land inte deltar i Euromillions\" \/>\n<meta property=\"og:url\" content=\"https:\/\/redfoxlotto.com\/sv\/spela\/euromillions-eu\/\" \/>\n<meta property=\"og:site_name\" content=\"Get Tickets for the World\u2019s largest jackpots\" \/>\n<meta property=\"article:modified_time\" content=\"2025-12-17T07:08:08+00:00\" \/>\n<meta property=\"og:image\" content=\"https:\/\/redfoxlotto.com\/wp-content\/uploads\/2024\/03\/Balls-300x300.png\" \/>\n<meta name=\"twitter:card\" content=\"summary_large_image\" \/>\n<meta name=\"twitter:label1\" content=\"Ber\u00e4knad l\u00e4stid\" \/>\n\t<meta name=\"twitter:data1\" content=\"3 minuter\" \/>\n<script type=\"application\/ld+json\" class=\"yoast-schema-graph\">{\"@context\":\"https:\/\/schema.org\",\"@graph\":[{\"@type\":\"WebPage\",\"@id\":\"https:\/\/redfoxlotto.com\/sv\/spela\/euromillions-eu\/\",\"url\":\"https:\/\/redfoxlotto.com\/sv\/spela\/euromillions-eu\/\",\"name\":\"Spela Euromillions online fr\u00e5n l\u00e4nder utanf\u00f6r EU\",\"isPartOf\":{\"@id\":\"https:\/\/redfoxlotto.com\/sv\/#website\"},\"primaryImageOfPage\":{\"@id\":\"https:\/\/redfoxlotto.com\/sv\/spela\/euromillions-eu\/#primaryimage\"},\"image\":{\"@id\":\"https:\/\/redfoxlotto.com\/sv\/spela\/euromillions-eu\/#primaryimage\"},\"thumbnailUrl\":\"https:\/\/redfoxlotto.com\/wp-content\/uploads\/2024\/03\/Balls-300x300.png\",\"datePublished\":\"2025-05-19T09:07:38+00:00\",\"dateModified\":\"2025-12-17T07:08:08+00:00\",\"description\":\"Hur man spelar Euromillions online fr\u00e5n l\u00e4nder utanf\u00f6r EU, eller om ditt land inte deltar i Euromillions\",\"breadcrumb\":{\"@id\":\"https:\/\/redfoxlotto.com\/sv\/spela\/euromillions-eu\/#breadcrumb\"},\"inLanguage\":\"sv-SE\",\"potentialAction\":[{\"@type\":\"ReadAction\",\"target\":[\"https:\/\/redfoxlotto.com\/sv\/spela\/euromillions-eu\/\"]}]},{\"@type\":\"ImageObject\",\"inLanguage\":\"sv-SE\",\"@id\":\"https:\/\/redfoxlotto.com\/sv\/spela\/euromillions-eu\/#primaryimage\",\"url\":\"https:\/\/redfoxlotto.com\/wp-content\/uploads\/2024\/03\/Balls-300x300.png\",\"contentUrl\":\"https:\/\/redfoxlotto.com\/wp-content\/uploads\/2024\/03\/Balls-300x300.png\"},{\"@type\":\"BreadcrumbList\",\"@id\":\"https:\/\/redfoxlotto.com\/sv\/spela\/euromillions-eu\/#breadcrumb\",\"itemListElement\":[{\"@type\":\"ListItem\",\"position\":1,\"name\":\"Home\",\"item\":\"https:\/\/redfoxlotto.com\/sv\/\"},{\"@type\":\"ListItem\",\"position\":2,\"name\":\"Hur man spelar lotterier i andra l\u00e4nder\",\"item\":\"https:\/\/redfoxlotto.com\/sv\/spela\/\"},{\"@type\":\"ListItem\",\"position\":3,\"name\":\"Spela Euromillions EU\"}]},{\"@type\":\"WebSite\",\"@id\":\"https:\/\/redfoxlotto.com\/sv\/#website\",\"url\":\"https:\/\/redfoxlotto.com\/sv\/\",\"name\":\"Get Tickets for the World\u2019s largest jackpots\",\"description\":\"Participate in worldwide lottery jackpots from any country\",\"publisher\":{\"@id\":\"https:\/\/redfoxlotto.com\/sv\/#organization\"},\"potentialAction\":[{\"@type\":\"SearchAction\",\"target\":{\"@type\":\"EntryPoint\",\"urlTemplate\":\"https:\/\/redfoxlotto.com\/sv\/?s={search_term_string}\"},\"query-input\":{\"@type\":\"PropertyValueSpecification\",\"valueRequired\":true,\"valueName\":\"search_term_string\"}}],\"inLanguage\":\"sv-SE\"},{\"@type\":\"Organization\",\"@id\":\"https:\/\/redfoxlotto.com\/sv\/#organization\",\"name\":\"Get Tickets for the World\u2019s largest jackpots\",\"url\":\"https:\/\/redfoxlotto.com\/sv\/\",\"logo\":{\"@type\":\"ImageObject\",\"inLanguage\":\"sv-SE\",\"@id\":\"https:\/\/redfoxlotto.com\/sv\/#\/schema\/logo\/image\/\",\"url\":\"https:\/\/redfoxlotto.com\/wp-content\/uploads\/2023\/04\/logo.png\",\"contentUrl\":\"https:\/\/redfoxlotto.com\/wp-content\/uploads\/2023\/04\/logo.png\",\"width\":269,\"height\":53,\"caption\":\"Get Tickets for the World\u2019s largest jackpots\"},\"image\":{\"@id\":\"https:\/\/redfoxlotto.com\/sv\/#\/schema\/logo\/image\/\"}}]}<\/script>\n<!-- \/ Yoast SEO plugin. -->","yoast_head_json":{"title":"Spela Euromillions online fr\u00e5n l\u00e4nder utanf\u00f6r EU","description":"Hur man spelar Euromillions online fr\u00e5n l\u00e4nder utanf\u00f6r EU, eller om ditt land inte deltar i Euromillions","robots":{"index":"index","follow":"follow","max-snippet":"max-snippet:-1","max-image-preview":"max-image-preview:large","max-video-preview":"max-video-preview:-1"},"canonical":"https:\/\/redfoxlotto.com\/sv\/spela\/euromillions-eu\/","og_locale":"sv_SE","og_type":"article","og_title":"Spela Euromillions online fr\u00e5n l\u00e4nder utanf\u00f6r EU","og_description":"Hur man spelar Euromillions online fr\u00e5n l\u00e4nder utanf\u00f6r EU, eller om ditt land inte deltar i Euromillions","og_url":"https:\/\/redfoxlotto.com\/sv\/spela\/euromillions-eu\/","og_site_name":"Get Tickets for the World\u2019s largest jackpots","article_modified_time":"2025-12-17T07:08:08+00:00","og_image":[{"url":"https:\/\/redfoxlotto.com\/wp-content\/uploads\/2024\/03\/Balls-300x300.png"}],"twitter_card":"summary_large_image","twitter_misc":{"Ber\u00e4knad l\u00e4stid":"3 minuter"},"schema":{"@context":"https:\/\/schema.org","@graph":[{"@type":"WebPage","@id":"https:\/\/redfoxlotto.com\/sv\/spela\/euromillions-eu\/","url":"https:\/\/redfoxlotto.com\/sv\/spela\/euromillions-eu\/","name":"Spela Euromillions online fr\u00e5n l\u00e4nder utanf\u00f6r EU","isPartOf":{"@id":"https:\/\/redfoxlotto.com\/sv\/#website"},"primaryImageOfPage":{"@id":"https:\/\/redfoxlotto.com\/sv\/spela\/euromillions-eu\/#primaryimage"},"image":{"@id":"https:\/\/redfoxlotto.com\/sv\/spela\/euromillions-eu\/#primaryimage"},"thumbnailUrl":"https:\/\/redfoxlotto.com\/wp-content\/uploads\/2024\/03\/Balls-300x300.png","datePublished":"2025-05-19T09:07:38+00:00","dateModified":"2025-12-17T07:08:08+00:00","description":"Hur man spelar Euromillions online fr\u00e5n l\u00e4nder utanf\u00f6r EU, eller om ditt land inte deltar i Euromillions","breadcrumb":{"@id":"https:\/\/redfoxlotto.com\/sv\/spela\/euromillions-eu\/#breadcrumb"},"inLanguage":"sv-SE","potentialAction":[{"@type":"ReadAction","target":["https:\/\/redfoxlotto.com\/sv\/spela\/euromillions-eu\/"]}]},{"@type":"ImageObject","inLanguage":"sv-SE","@id":"https:\/\/redfoxlotto.com\/sv\/spela\/euromillions-eu\/#primaryimage","url":"https:\/\/redfoxlotto.com\/wp-content\/uploads\/2024\/03\/Balls-300x300.png","contentUrl":"https:\/\/redfoxlotto.com\/wp-content\/uploads\/2024\/03\/Balls-300x300.png"},{"@type":"BreadcrumbList","@id":"https:\/\/redfoxlotto.com\/sv\/spela\/euromillions-eu\/#breadcrumb","itemListElement":[{"@type":"ListItem","position":1,"name":"Home","item":"https:\/\/redfoxlotto.com\/sv\/"},{"@type":"ListItem","position":2,"name":"Hur man spelar lotterier i andra l\u00e4nder","item":"https:\/\/redfoxlotto.com\/sv\/spela\/"},{"@type":"ListItem","position":3,"name":"Spela Euromillions EU"}]},{"@type":"WebSite","@id":"https:\/\/redfoxlotto.com\/sv\/#website","url":"https:\/\/redfoxlotto.com\/sv\/","name":"Get Tickets for the World\u2019s largest jackpots","description":"Participate in worldwide lottery jackpots from any country","publisher":{"@id":"https:\/\/redfoxlotto.com\/sv\/#organization"},"potentialAction":[{"@type":"SearchAction","target":{"@type":"EntryPoint","urlTemplate":"https:\/\/redfoxlotto.com\/sv\/?s={search_term_string}"},"query-input":{"@type":"PropertyValueSpecification","valueRequired":true,"valueName":"search_term_string"}}],"inLanguage":"sv-SE"},{"@type":"Organization","@id":"https:\/\/redfoxlotto.com\/sv\/#organization","name":"Get Tickets for the World\u2019s largest jackpots","url":"https:\/\/redfoxlotto.com\/sv\/","logo":{"@type":"ImageObject","inLanguage":"sv-SE","@id":"https:\/\/redfoxlotto.com\/sv\/#\/schema\/logo\/image\/","url":"https:\/\/redfoxlotto.com\/wp-content\/uploads\/2023\/04\/logo.png","contentUrl":"https:\/\/redfoxlotto.com\/wp-content\/uploads\/2023\/04\/logo.png","width":269,"height":53,"caption":"Get Tickets for the World\u2019s largest jackpots"},"image":{"@id":"https:\/\/redfoxlotto.com\/sv\/#\/schema\/logo\/image\/"}}]}},"_links":{"self":[{"href":"https:\/\/redfoxlotto.com\/sv\/wp-json\/wp\/v2\/pages\/87618","targetHints":{"allow":["GET"]}}],"collection":[{"href":"https:\/\/redfoxlotto.com\/sv\/wp-json\/wp\/v2\/pages"}],"about":[{"href":"https:\/\/redfoxlotto.com\/sv\/wp-json\/wp\/v2\/types\/page"}],"author":[{"embeddable":true,"href":"https:\/\/redfoxlotto.com\/sv\/wp-json\/wp\/v2\/users\/8"}],"replies":[{"embeddable":true,"href":"https:\/\/redfoxlotto.com\/sv\/wp-json\/wp\/v2\/comments?post=87618"}],"version-history":[{"count":0,"href":"https:\/\/redfoxlotto.com\/sv\/wp-json\/wp\/v2\/pages\/87618\/revisions"}],"up":[{"embeddable":true,"href":"https:\/\/redfoxlotto.com\/sv\/wp-json\/wp\/v2\/pages\/5112"}],"wp:attachment":[{"href":"https:\/\/redfoxlotto.com\/sv\/wp-json\/wp\/v2\/media?parent=87618"}],"curies":[{"name":"wp","href":"https:\/\/api.w.org\/{rel}","templated":true}]}}