{"id":87505,"date":"2025-05-21T09:02:00","date_gmt":"2025-05-21T09:02:00","guid":{"rendered":"https:\/\/redfoxlotto.com\/?page_id=87505"},"modified":"2025-10-07T12:59:52","modified_gmt":"2025-10-07T12:59:52","slug":"platinum-keno-e-5-miljoner-hogsta-pris","status":"publish","type":"page","link":"https:\/\/redfoxlotto.com\/sv\/keno\/platinum-keno-e-5-miljoner-hogsta-pris\/","title":{"rendered":"Platinum Keno \u20ac 5 miljoner h\u00f6gsta pris"},"content":{"rendered":"<p>Detta Keno-spel p\u00e5 5 miljoner euro dras dagligen &#8211; v\u00e4lj din nummerkombination nu!<\/p>\n<div class=\"keno-banner-wrapper\">\n  <img decoding=\"async\" src=\"https:\/\/redfoxlotto.com\/wp-content\/uploads\/2025\/10\/1-scaled.png\" alt=\"Keno Banner\" class=\"keno-banner-image\"><br \/>\n  <div class=\"keno-banner-overlay\"><div class=\"keno-banner-text\">H\u00f6gsta pris: \u20ac5,000,000<br>Dragningar var 8:e minut<\/div><a href=\"https:\/\/keno.redfoxlotto.com\/play\/platinum-keno\" class=\"keno-banner-button\">Spela Platinum Keno nu<\/a><\/div>\n<\/div>\n","protected":false},"excerpt":{"rendered":"<p>Detta Keno-spel p\u00e5 5 miljoner euro dras dagligen &#8211; v\u00e4lj din nummerkombination nu!<\/p>\n","protected":false},"author":8,"featured_media":0,"parent":84446,"menu_order":41,"comment_status":"closed","ping_status":"closed","template":"","meta":{"_et_pb_use_builder":"","_et_pb_old_content":"","_et_gb_content_width":"","exclude_from_search":false,"footnotes":""},"class_list":["post-87505","page","type-page","status-publish","hentry"],"yoast_head":"<!-- This site is optimized with the Yoast SEO plugin v23.8 - https:\/\/yoast.com\/wordpress\/plugins\/seo\/ -->\n<title>B\u00e4sta Keno-nummerkombinationer | B\u00e4sta nummer att spela p\u00e5 Keno<\/title>\n<meta name=\"description\" content=\"V\u00e4lj de b\u00e4sta Keno-nummerkombinationerna h\u00e4r p\u00e5 v\u00e5r webbplats och spela de b\u00e4sta Keno-spelen p\u00e5 5 miljoner euro och 10 miljoner euro\" \/>\n<meta name=\"robots\" content=\"index, follow, max-snippet:-1, max-image-preview:large, max-video-preview:-1\" \/>\n<link rel=\"canonical\" href=\"https:\/\/redfoxlotto.com\/sv\/keno\/platinum-keno-e-5-miljoner-hogsta-pris\/\" \/>\n<meta property=\"og:locale\" content=\"sv_SE\" \/>\n<meta property=\"og:type\" content=\"article\" \/>\n<meta property=\"og:title\" content=\"B\u00e4sta Keno-nummerkombinationer | B\u00e4sta nummer att spela p\u00e5 Keno\" \/>\n<meta property=\"og:description\" content=\"V\u00e4lj de b\u00e4sta Keno-nummerkombinationerna h\u00e4r p\u00e5 v\u00e5r webbplats och spela de b\u00e4sta Keno-spelen p\u00e5 5 miljoner euro och 10 miljoner euro\" \/>\n<meta property=\"og:url\" content=\"https:\/\/redfoxlotto.com\/sv\/keno\/platinum-keno-e-5-miljoner-hogsta-pris\/\" \/>\n<meta property=\"og:site_name\" content=\"Get Tickets for the World\u2019s largest jackpots\" \/>\n<meta property=\"article:modified_time\" content=\"2025-10-07T12:59:52+00:00\" \/>\n<meta property=\"og:image\" content=\"https:\/\/redfoxlotto.com\/wp-content\/uploads\/2025\/10\/1-scaled.png\" \/>\n<meta name=\"twitter:card\" content=\"summary_large_image\" \/>\n<meta name=\"twitter:label1\" content=\"Ber\u00e4knad l\u00e4stid\" \/>\n\t<meta name=\"twitter:data1\" content=\"1 minut\" \/>\n<script type=\"application\/ld+json\" class=\"yoast-schema-graph\">{\"@context\":\"https:\/\/schema.org\",\"@graph\":[{\"@type\":\"WebPage\",\"@id\":\"https:\/\/redfoxlotto.com\/sv\/keno\/platinum-keno-e-5-miljoner-hogsta-pris\/\",\"url\":\"https:\/\/redfoxlotto.com\/sv\/keno\/platinum-keno-e-5-miljoner-hogsta-pris\/\",\"name\":\"B\u00e4sta Keno-nummerkombinationer | B\u00e4sta nummer att spela p\u00e5 Keno\",\"isPartOf\":{\"@id\":\"https:\/\/redfoxlotto.com\/sv\/#website\"},\"primaryImageOfPage\":{\"@id\":\"https:\/\/redfoxlotto.com\/sv\/keno\/platinum-keno-e-5-miljoner-hogsta-pris\/#primaryimage\"},\"image\":{\"@id\":\"https:\/\/redfoxlotto.com\/sv\/keno\/platinum-keno-e-5-miljoner-hogsta-pris\/#primaryimage\"},\"thumbnailUrl\":\"https:\/\/redfoxlotto.com\/wp-content\/uploads\/2025\/10\/1-scaled.png\",\"datePublished\":\"2025-05-21T09:02:00+00:00\",\"dateModified\":\"2025-10-07T12:59:52+00:00\",\"description\":\"V\u00e4lj de b\u00e4sta Keno-nummerkombinationerna h\u00e4r p\u00e5 v\u00e5r webbplats och spela de b\u00e4sta Keno-spelen p\u00e5 5 miljoner euro och 10 miljoner euro\",\"breadcrumb\":{\"@id\":\"https:\/\/redfoxlotto.com\/sv\/keno\/platinum-keno-e-5-miljoner-hogsta-pris\/#breadcrumb\"},\"inLanguage\":\"sv-SE\",\"potentialAction\":[{\"@type\":\"ReadAction\",\"target\":[\"https:\/\/redfoxlotto.com\/sv\/keno\/platinum-keno-e-5-miljoner-hogsta-pris\/\"]}]},{\"@type\":\"ImageObject\",\"inLanguage\":\"sv-SE\",\"@id\":\"https:\/\/redfoxlotto.com\/sv\/keno\/platinum-keno-e-5-miljoner-hogsta-pris\/#primaryimage\",\"url\":\"https:\/\/redfoxlotto.com\/wp-content\/uploads\/2025\/10\/1-scaled.png\",\"contentUrl\":\"https:\/\/redfoxlotto.com\/wp-content\/uploads\/2025\/10\/1-scaled.png\"},{\"@type\":\"BreadcrumbList\",\"@id\":\"https:\/\/redfoxlotto.com\/sv\/keno\/platinum-keno-e-5-miljoner-hogsta-pris\/#breadcrumb\",\"itemListElement\":[{\"@type\":\"ListItem\",\"position\":1,\"name\":\"Home\",\"item\":\"https:\/\/redfoxlotto.com\/sv\/\"},{\"@type\":\"ListItem\",\"position\":2,\"name\":\"Keno\",\"item\":\"https:\/\/redfoxlotto.com\/sv\/keno\/\"},{\"@type\":\"ListItem\",\"position\":3,\"name\":\"Platinum Keno \u20ac 5 miljoner h\u00f6gsta pris\"}]},{\"@type\":\"WebSite\",\"@id\":\"https:\/\/redfoxlotto.com\/sv\/#website\",\"url\":\"https:\/\/redfoxlotto.com\/sv\/\",\"name\":\"Get Tickets for the World\u2019s largest jackpots\",\"description\":\"Participate in worldwide lottery jackpots from any country\",\"publisher\":{\"@id\":\"https:\/\/redfoxlotto.com\/sv\/#organization\"},\"potentialAction\":[{\"@type\":\"SearchAction\",\"target\":{\"@type\":\"EntryPoint\",\"urlTemplate\":\"https:\/\/redfoxlotto.com\/sv\/?s={search_term_string}\"},\"query-input\":{\"@type\":\"PropertyValueSpecification\",\"valueRequired\":true,\"valueName\":\"search_term_string\"}}],\"inLanguage\":\"sv-SE\"},{\"@type\":\"Organization\",\"@id\":\"https:\/\/redfoxlotto.com\/sv\/#organization\",\"name\":\"Get Tickets for the World\u2019s largest jackpots\",\"url\":\"https:\/\/redfoxlotto.com\/sv\/\",\"logo\":{\"@type\":\"ImageObject\",\"inLanguage\":\"sv-SE\",\"@id\":\"https:\/\/redfoxlotto.com\/sv\/#\/schema\/logo\/image\/\",\"url\":\"https:\/\/redfoxlotto.com\/wp-content\/uploads\/2023\/04\/logo.png\",\"contentUrl\":\"https:\/\/redfoxlotto.com\/wp-content\/uploads\/2023\/04\/logo.png\",\"width\":269,\"height\":53,\"caption\":\"Get Tickets for the World\u2019s largest jackpots\"},\"image\":{\"@id\":\"https:\/\/redfoxlotto.com\/sv\/#\/schema\/logo\/image\/\"}}]}<\/script>\n<!-- \/ Yoast SEO plugin. -->","yoast_head_json":{"title":"B\u00e4sta Keno-nummerkombinationer | B\u00e4sta nummer att spela p\u00e5 Keno","description":"V\u00e4lj de b\u00e4sta Keno-nummerkombinationerna h\u00e4r p\u00e5 v\u00e5r webbplats och spela de b\u00e4sta Keno-spelen p\u00e5 5 miljoner euro och 10 miljoner euro","robots":{"index":"index","follow":"follow","max-snippet":"max-snippet:-1","max-image-preview":"max-image-preview:large","max-video-preview":"max-video-preview:-1"},"canonical":"https:\/\/redfoxlotto.com\/sv\/keno\/platinum-keno-e-5-miljoner-hogsta-pris\/","og_locale":"sv_SE","og_type":"article","og_title":"B\u00e4sta Keno-nummerkombinationer | B\u00e4sta nummer att spela p\u00e5 Keno","og_description":"V\u00e4lj de b\u00e4sta Keno-nummerkombinationerna h\u00e4r p\u00e5 v\u00e5r webbplats och spela de b\u00e4sta Keno-spelen p\u00e5 5 miljoner euro och 10 miljoner euro","og_url":"https:\/\/redfoxlotto.com\/sv\/keno\/platinum-keno-e-5-miljoner-hogsta-pris\/","og_site_name":"Get Tickets for the World\u2019s largest jackpots","article_modified_time":"2025-10-07T12:59:52+00:00","og_image":[{"url":"https:\/\/redfoxlotto.com\/wp-content\/uploads\/2025\/10\/1-scaled.png"}],"twitter_card":"summary_large_image","twitter_misc":{"Ber\u00e4knad l\u00e4stid":"1 minut"},"schema":{"@context":"https:\/\/schema.org","@graph":[{"@type":"WebPage","@id":"https:\/\/redfoxlotto.com\/sv\/keno\/platinum-keno-e-5-miljoner-hogsta-pris\/","url":"https:\/\/redfoxlotto.com\/sv\/keno\/platinum-keno-e-5-miljoner-hogsta-pris\/","name":"B\u00e4sta Keno-nummerkombinationer | B\u00e4sta nummer att spela p\u00e5 Keno","isPartOf":{"@id":"https:\/\/redfoxlotto.com\/sv\/#website"},"primaryImageOfPage":{"@id":"https:\/\/redfoxlotto.com\/sv\/keno\/platinum-keno-e-5-miljoner-hogsta-pris\/#primaryimage"},"image":{"@id":"https:\/\/redfoxlotto.com\/sv\/keno\/platinum-keno-e-5-miljoner-hogsta-pris\/#primaryimage"},"thumbnailUrl":"https:\/\/redfoxlotto.com\/wp-content\/uploads\/2025\/10\/1-scaled.png","datePublished":"2025-05-21T09:02:00+00:00","dateModified":"2025-10-07T12:59:52+00:00","description":"V\u00e4lj de b\u00e4sta Keno-nummerkombinationerna h\u00e4r p\u00e5 v\u00e5r webbplats och spela de b\u00e4sta Keno-spelen p\u00e5 5 miljoner euro och 10 miljoner euro","breadcrumb":{"@id":"https:\/\/redfoxlotto.com\/sv\/keno\/platinum-keno-e-5-miljoner-hogsta-pris\/#breadcrumb"},"inLanguage":"sv-SE","potentialAction":[{"@type":"ReadAction","target":["https:\/\/redfoxlotto.com\/sv\/keno\/platinum-keno-e-5-miljoner-hogsta-pris\/"]}]},{"@type":"ImageObject","inLanguage":"sv-SE","@id":"https:\/\/redfoxlotto.com\/sv\/keno\/platinum-keno-e-5-miljoner-hogsta-pris\/#primaryimage","url":"https:\/\/redfoxlotto.com\/wp-content\/uploads\/2025\/10\/1-scaled.png","contentUrl":"https:\/\/redfoxlotto.com\/wp-content\/uploads\/2025\/10\/1-scaled.png"},{"@type":"BreadcrumbList","@id":"https:\/\/redfoxlotto.com\/sv\/keno\/platinum-keno-e-5-miljoner-hogsta-pris\/#breadcrumb","itemListElement":[{"@type":"ListItem","position":1,"name":"Home","item":"https:\/\/redfoxlotto.com\/sv\/"},{"@type":"ListItem","position":2,"name":"Keno","item":"https:\/\/redfoxlotto.com\/sv\/keno\/"},{"@type":"ListItem","position":3,"name":"Platinum Keno \u20ac 5 miljoner h\u00f6gsta pris"}]},{"@type":"WebSite","@id":"https:\/\/redfoxlotto.com\/sv\/#website","url":"https:\/\/redfoxlotto.com\/sv\/","name":"Get Tickets for the World\u2019s largest jackpots","description":"Participate in worldwide lottery jackpots from any country","publisher":{"@id":"https:\/\/redfoxlotto.com\/sv\/#organization"},"potentialAction":[{"@type":"SearchAction","target":{"@type":"EntryPoint","urlTemplate":"https:\/\/redfoxlotto.com\/sv\/?s={search_term_string}"},"query-input":{"@type":"PropertyValueSpecification","valueRequired":true,"valueName":"search_term_string"}}],"inLanguage":"sv-SE"},{"@type":"Organization","@id":"https:\/\/redfoxlotto.com\/sv\/#organization","name":"Get Tickets for the World\u2019s largest jackpots","url":"https:\/\/redfoxlotto.com\/sv\/","logo":{"@type":"ImageObject","inLanguage":"sv-SE","@id":"https:\/\/redfoxlotto.com\/sv\/#\/schema\/logo\/image\/","url":"https:\/\/redfoxlotto.com\/wp-content\/uploads\/2023\/04\/logo.png","contentUrl":"https:\/\/redfoxlotto.com\/wp-content\/uploads\/2023\/04\/logo.png","width":269,"height":53,"caption":"Get Tickets for the World\u2019s largest jackpots"},"image":{"@id":"https:\/\/redfoxlotto.com\/sv\/#\/schema\/logo\/image\/"}}]}},"_links":{"self":[{"href":"https:\/\/redfoxlotto.com\/sv\/wp-json\/wp\/v2\/pages\/87505","targetHints":{"allow":["GET"]}}],"collection":[{"href":"https:\/\/redfoxlotto.com\/sv\/wp-json\/wp\/v2\/pages"}],"about":[{"href":"https:\/\/redfoxlotto.com\/sv\/wp-json\/wp\/v2\/types\/page"}],"author":[{"embeddable":true,"href":"https:\/\/redfoxlotto.com\/sv\/wp-json\/wp\/v2\/users\/8"}],"replies":[{"embeddable":true,"href":"https:\/\/redfoxlotto.com\/sv\/wp-json\/wp\/v2\/comments?post=87505"}],"version-history":[{"count":0,"href":"https:\/\/redfoxlotto.com\/sv\/wp-json\/wp\/v2\/pages\/87505\/revisions"}],"up":[{"embeddable":true,"href":"https:\/\/redfoxlotto.com\/sv\/wp-json\/wp\/v2\/pages\/84446"}],"wp:attachment":[{"href":"https:\/\/redfoxlotto.com\/sv\/wp-json\/wp\/v2\/media?parent=87505"}],"curies":[{"name":"wp","href":"https:\/\/api.w.org\/{rel}","templated":true}]}}