{"id":87401,"date":"2025-04-18T12:27:50","date_gmt":"2025-04-18T12:27:50","guid":{"rendered":"https:\/\/redfoxlotto.com\/?page_id=87401"},"modified":"2025-05-21T08:52:31","modified_gmt":"2025-05-21T08:52:31","slug":"platinum-keno-5-miljoner-euro","status":"publish","type":"page","link":"https:\/\/redfoxlotto.com\/sv\/keno\/platinum-keno-5-miljoner-euro\/","title":{"rendered":"Platinum Keno 5 miljoner euro"},"content":{"rendered":"<p>Vi har de b\u00e4sta Keno-priserna online p\u00e5 v\u00e5r webbplats<\/p>\n","protected":false},"excerpt":{"rendered":"<p>Vi har de b\u00e4sta Keno-priserna online p\u00e5 v\u00e5r webbplats<\/p>\n","protected":false},"author":8,"featured_media":0,"parent":84446,"menu_order":41,"comment_status":"closed","ping_status":"closed","template":"","meta":{"_et_pb_use_builder":"","_et_pb_old_content":"","_et_gb_content_width":"","exclude_from_search":false,"footnotes":""},"class_list":["post-87401","page","type-page","status-publish","hentry"],"yoast_head":"<!-- This site is optimized with the Yoast SEO plugin v23.8 - https:\/\/yoast.com\/wordpress\/plugins\/seo\/ -->\n<title>B\u00e4st av de b\u00e4sta online Keno-webbplatserna | Keno topppris p\u00e5 5 miljoner euro<\/title>\n<meta name=\"description\" content=\"Letar du efter den b\u00e4sta Keno-webbplatsen online? Vi har Keno-spel f\u00f6r 5 miljoner euro och till och med 10 miljoner euro p\u00e5 v\u00e5r webbplats\" \/>\n<meta name=\"robots\" content=\"index, follow, max-snippet:-1, max-image-preview:large, max-video-preview:-1\" \/>\n<link rel=\"canonical\" href=\"https:\/\/redfoxlotto.com\/sv\/keno\/platinum-keno-5-miljoner-euro\/\" \/>\n<meta property=\"og:locale\" content=\"sv_SE\" \/>\n<meta property=\"og:type\" content=\"article\" \/>\n<meta property=\"og:title\" content=\"B\u00e4st av de b\u00e4sta online Keno-webbplatserna | Keno topppris p\u00e5 5 miljoner euro\" \/>\n<meta property=\"og:description\" content=\"Letar du efter den b\u00e4sta Keno-webbplatsen online? Vi har Keno-spel f\u00f6r 5 miljoner euro och till och med 10 miljoner euro p\u00e5 v\u00e5r webbplats\" \/>\n<meta property=\"og:url\" content=\"https:\/\/redfoxlotto.com\/sv\/keno\/platinum-keno-5-miljoner-euro\/\" \/>\n<meta property=\"og:site_name\" content=\"Get Tickets for the World\u2019s largest jackpots\" \/>\n<meta property=\"article:modified_time\" content=\"2025-05-21T08:52:31+00:00\" \/>\n<meta name=\"twitter:card\" content=\"summary_large_image\" \/>\n<meta name=\"twitter:label1\" content=\"Ber\u00e4knad l\u00e4stid\" \/>\n\t<meta name=\"twitter:data1\" content=\"1 minut\" \/>\n<script type=\"application\/ld+json\" class=\"yoast-schema-graph\">{\"@context\":\"https:\/\/schema.org\",\"@graph\":[{\"@type\":\"WebPage\",\"@id\":\"https:\/\/redfoxlotto.com\/sv\/keno\/platinum-keno-5-miljoner-euro\/\",\"url\":\"https:\/\/redfoxlotto.com\/sv\/keno\/platinum-keno-5-miljoner-euro\/\",\"name\":\"B\u00e4st av de b\u00e4sta online Keno-webbplatserna | Keno topppris p\u00e5 5 miljoner euro\",\"isPartOf\":{\"@id\":\"https:\/\/redfoxlotto.com\/sv\/#website\"},\"datePublished\":\"2025-04-18T12:27:50+00:00\",\"dateModified\":\"2025-05-21T08:52:31+00:00\",\"description\":\"Letar du efter den b\u00e4sta Keno-webbplatsen online? Vi har Keno-spel f\u00f6r 5 miljoner euro och till och med 10 miljoner euro p\u00e5 v\u00e5r webbplats\",\"breadcrumb\":{\"@id\":\"https:\/\/redfoxlotto.com\/sv\/keno\/platinum-keno-5-miljoner-euro\/#breadcrumb\"},\"inLanguage\":\"sv-SE\",\"potentialAction\":[{\"@type\":\"ReadAction\",\"target\":[\"https:\/\/redfoxlotto.com\/sv\/keno\/platinum-keno-5-miljoner-euro\/\"]}]},{\"@type\":\"BreadcrumbList\",\"@id\":\"https:\/\/redfoxlotto.com\/sv\/keno\/platinum-keno-5-miljoner-euro\/#breadcrumb\",\"itemListElement\":[{\"@type\":\"ListItem\",\"position\":1,\"name\":\"Home\",\"item\":\"https:\/\/redfoxlotto.com\/sv\/\"},{\"@type\":\"ListItem\",\"position\":2,\"name\":\"Keno\",\"item\":\"https:\/\/redfoxlotto.com\/sv\/keno\/\"},{\"@type\":\"ListItem\",\"position\":3,\"name\":\"Platinum Keno 5 miljoner euro\"}]},{\"@type\":\"WebSite\",\"@id\":\"https:\/\/redfoxlotto.com\/sv\/#website\",\"url\":\"https:\/\/redfoxlotto.com\/sv\/\",\"name\":\"Get Tickets for the World\u2019s largest jackpots\",\"description\":\"Participate in worldwide lottery jackpots from any country\",\"publisher\":{\"@id\":\"https:\/\/redfoxlotto.com\/sv\/#organization\"},\"potentialAction\":[{\"@type\":\"SearchAction\",\"target\":{\"@type\":\"EntryPoint\",\"urlTemplate\":\"https:\/\/redfoxlotto.com\/sv\/?s={search_term_string}\"},\"query-input\":{\"@type\":\"PropertyValueSpecification\",\"valueRequired\":true,\"valueName\":\"search_term_string\"}}],\"inLanguage\":\"sv-SE\"},{\"@type\":\"Organization\",\"@id\":\"https:\/\/redfoxlotto.com\/sv\/#organization\",\"name\":\"Get Tickets for the World\u2019s largest jackpots\",\"url\":\"https:\/\/redfoxlotto.com\/sv\/\",\"logo\":{\"@type\":\"ImageObject\",\"inLanguage\":\"sv-SE\",\"@id\":\"https:\/\/redfoxlotto.com\/sv\/#\/schema\/logo\/image\/\",\"url\":\"https:\/\/redfoxlotto.com\/wp-content\/uploads\/2023\/04\/logo.png\",\"contentUrl\":\"https:\/\/redfoxlotto.com\/wp-content\/uploads\/2023\/04\/logo.png\",\"width\":269,\"height\":53,\"caption\":\"Get Tickets for the World\u2019s largest jackpots\"},\"image\":{\"@id\":\"https:\/\/redfoxlotto.com\/sv\/#\/schema\/logo\/image\/\"}}]}<\/script>\n<!-- \/ Yoast SEO plugin. -->","yoast_head_json":{"title":"B\u00e4st av de b\u00e4sta online Keno-webbplatserna | Keno topppris p\u00e5 5 miljoner euro","description":"Letar du efter den b\u00e4sta Keno-webbplatsen online? Vi har Keno-spel f\u00f6r 5 miljoner euro och till och med 10 miljoner euro p\u00e5 v\u00e5r webbplats","robots":{"index":"index","follow":"follow","max-snippet":"max-snippet:-1","max-image-preview":"max-image-preview:large","max-video-preview":"max-video-preview:-1"},"canonical":"https:\/\/redfoxlotto.com\/sv\/keno\/platinum-keno-5-miljoner-euro\/","og_locale":"sv_SE","og_type":"article","og_title":"B\u00e4st av de b\u00e4sta online Keno-webbplatserna | Keno topppris p\u00e5 5 miljoner euro","og_description":"Letar du efter den b\u00e4sta Keno-webbplatsen online? Vi har Keno-spel f\u00f6r 5 miljoner euro och till och med 10 miljoner euro p\u00e5 v\u00e5r webbplats","og_url":"https:\/\/redfoxlotto.com\/sv\/keno\/platinum-keno-5-miljoner-euro\/","og_site_name":"Get Tickets for the World\u2019s largest jackpots","article_modified_time":"2025-05-21T08:52:31+00:00","twitter_card":"summary_large_image","twitter_misc":{"Ber\u00e4knad l\u00e4stid":"1 minut"},"schema":{"@context":"https:\/\/schema.org","@graph":[{"@type":"WebPage","@id":"https:\/\/redfoxlotto.com\/sv\/keno\/platinum-keno-5-miljoner-euro\/","url":"https:\/\/redfoxlotto.com\/sv\/keno\/platinum-keno-5-miljoner-euro\/","name":"B\u00e4st av de b\u00e4sta online Keno-webbplatserna | Keno topppris p\u00e5 5 miljoner euro","isPartOf":{"@id":"https:\/\/redfoxlotto.com\/sv\/#website"},"datePublished":"2025-04-18T12:27:50+00:00","dateModified":"2025-05-21T08:52:31+00:00","description":"Letar du efter den b\u00e4sta Keno-webbplatsen online? Vi har Keno-spel f\u00f6r 5 miljoner euro och till och med 10 miljoner euro p\u00e5 v\u00e5r webbplats","breadcrumb":{"@id":"https:\/\/redfoxlotto.com\/sv\/keno\/platinum-keno-5-miljoner-euro\/#breadcrumb"},"inLanguage":"sv-SE","potentialAction":[{"@type":"ReadAction","target":["https:\/\/redfoxlotto.com\/sv\/keno\/platinum-keno-5-miljoner-euro\/"]}]},{"@type":"BreadcrumbList","@id":"https:\/\/redfoxlotto.com\/sv\/keno\/platinum-keno-5-miljoner-euro\/#breadcrumb","itemListElement":[{"@type":"ListItem","position":1,"name":"Home","item":"https:\/\/redfoxlotto.com\/sv\/"},{"@type":"ListItem","position":2,"name":"Keno","item":"https:\/\/redfoxlotto.com\/sv\/keno\/"},{"@type":"ListItem","position":3,"name":"Platinum Keno 5 miljoner euro"}]},{"@type":"WebSite","@id":"https:\/\/redfoxlotto.com\/sv\/#website","url":"https:\/\/redfoxlotto.com\/sv\/","name":"Get Tickets for the World\u2019s largest jackpots","description":"Participate in worldwide lottery jackpots from any country","publisher":{"@id":"https:\/\/redfoxlotto.com\/sv\/#organization"},"potentialAction":[{"@type":"SearchAction","target":{"@type":"EntryPoint","urlTemplate":"https:\/\/redfoxlotto.com\/sv\/?s={search_term_string}"},"query-input":{"@type":"PropertyValueSpecification","valueRequired":true,"valueName":"search_term_string"}}],"inLanguage":"sv-SE"},{"@type":"Organization","@id":"https:\/\/redfoxlotto.com\/sv\/#organization","name":"Get Tickets for the World\u2019s largest jackpots","url":"https:\/\/redfoxlotto.com\/sv\/","logo":{"@type":"ImageObject","inLanguage":"sv-SE","@id":"https:\/\/redfoxlotto.com\/sv\/#\/schema\/logo\/image\/","url":"https:\/\/redfoxlotto.com\/wp-content\/uploads\/2023\/04\/logo.png","contentUrl":"https:\/\/redfoxlotto.com\/wp-content\/uploads\/2023\/04\/logo.png","width":269,"height":53,"caption":"Get Tickets for the World\u2019s largest jackpots"},"image":{"@id":"https:\/\/redfoxlotto.com\/sv\/#\/schema\/logo\/image\/"}}]}},"_links":{"self":[{"href":"https:\/\/redfoxlotto.com\/sv\/wp-json\/wp\/v2\/pages\/87401","targetHints":{"allow":["GET"]}}],"collection":[{"href":"https:\/\/redfoxlotto.com\/sv\/wp-json\/wp\/v2\/pages"}],"about":[{"href":"https:\/\/redfoxlotto.com\/sv\/wp-json\/wp\/v2\/types\/page"}],"author":[{"embeddable":true,"href":"https:\/\/redfoxlotto.com\/sv\/wp-json\/wp\/v2\/users\/8"}],"replies":[{"embeddable":true,"href":"https:\/\/redfoxlotto.com\/sv\/wp-json\/wp\/v2\/comments?post=87401"}],"version-history":[{"count":0,"href":"https:\/\/redfoxlotto.com\/sv\/wp-json\/wp\/v2\/pages\/87401\/revisions"}],"up":[{"embeddable":true,"href":"https:\/\/redfoxlotto.com\/sv\/wp-json\/wp\/v2\/pages\/84446"}],"wp:attachment":[{"href":"https:\/\/redfoxlotto.com\/sv\/wp-json\/wp\/v2\/media?parent=87401"}],"curies":[{"name":"wp","href":"https:\/\/api.w.org\/{rel}","templated":true}]}}