{"id":86886,"date":"2025-02-12T11:18:17","date_gmt":"2025-02-12T11:18:17","guid":{"rendered":"https:\/\/redfoxlotto.com\/?page_id=86886"},"modified":"2025-05-15T07:15:02","modified_gmt":"2025-05-15T07:15:02","slug":"diamant-keno-10m","status":"publish","type":"page","link":"https:\/\/redfoxlotto.com\/sv\/keno\/diamant-keno-10m\/","title":{"rendered":"Diamant Keno 10m"},"content":{"rendered":"<h2>Online Keno blir inte st\u00f6rre och b\u00e4ttre \u00e4n s\u00e5 h\u00e4r &#8211; spela Keno f\u00f6r en utbetalning p\u00e5 10 miljoner euro!<\/h2>\n<p>Detta \u00e4r v\u00e5rt st\u00f6rsta och mest popul\u00e4ra Keno-lotterispel. Om du letar efter det b\u00e4sta Keno-spelet som kan spelas online har du kommit till r\u00e4tt st\u00e4lle. Detta Keno-spel har en dragning var 20: e minut, s\u00e5 du beh\u00f6ver inte v\u00e4nta l\u00e4nge f\u00f6r att ta reda p\u00e5 om din lott har vunnit.<\/p>\n","protected":false},"excerpt":{"rendered":"<p>Online Keno blir inte st\u00f6rre och b\u00e4ttre \u00e4n s\u00e5 h\u00e4r &#8211; spela Keno f\u00f6r en utbetalning p\u00e5 10 miljoner euro! Detta \u00e4r v\u00e5rt st\u00f6rsta och mest popul\u00e4ra Keno-lotterispel. Om du letar efter det b\u00e4sta Keno-spelet som kan spelas online har du kommit till r\u00e4tt st\u00e4lle. Detta Keno-spel har en dragning var 20: e minut, s\u00e5 [&hellip;]<\/p>\n","protected":false},"author":8,"featured_media":0,"parent":84446,"menu_order":1,"comment_status":"closed","ping_status":"closed","template":"","meta":{"_et_pb_use_builder":"","_et_pb_old_content":"","_et_gb_content_width":"","exclude_from_search":false,"footnotes":""},"class_list":["post-86886","page","type-page","status-publish","hentry"],"yoast_head":"<!-- This site is optimized with the Yoast SEO plugin v23.8 - https:\/\/yoast.com\/wordpress\/plugins\/seo\/ -->\n<title>De b\u00e4sta Keno-spelen online - \u20ac 10 miljoner Keno<\/title>\n<meta name=\"description\" content=\"Hitta de b\u00e4sta Keno-spelen online h\u00e4r, med toppvinster p\u00e5 upp till 10 miljoner euro. Beh\u00f6ver aldrig v\u00e4nta f\u00f6r l\u00e4nge p\u00e5 n\u00e4sta online Keno-dragning!\" \/>\n<meta name=\"robots\" content=\"index, follow, max-snippet:-1, max-image-preview:large, max-video-preview:-1\" \/>\n<link rel=\"canonical\" href=\"https:\/\/redfoxlotto.com\/sv\/keno\/diamant-keno-10m\/\" \/>\n<meta property=\"og:locale\" content=\"sv_SE\" \/>\n<meta property=\"og:type\" content=\"article\" \/>\n<meta property=\"og:title\" content=\"De b\u00e4sta Keno-spelen online - \u20ac 10 miljoner Keno\" \/>\n<meta property=\"og:description\" content=\"Hitta de b\u00e4sta Keno-spelen online h\u00e4r, med toppvinster p\u00e5 upp till 10 miljoner euro. Beh\u00f6ver aldrig v\u00e4nta f\u00f6r l\u00e4nge p\u00e5 n\u00e4sta online Keno-dragning!\" \/>\n<meta property=\"og:url\" content=\"https:\/\/redfoxlotto.com\/sv\/keno\/diamant-keno-10m\/\" \/>\n<meta property=\"og:site_name\" content=\"Get Tickets for the World\u2019s largest jackpots\" \/>\n<meta property=\"article:modified_time\" content=\"2025-05-15T07:15:02+00:00\" \/>\n<meta name=\"twitter:card\" content=\"summary_large_image\" \/>\n<meta name=\"twitter:label1\" content=\"Ber\u00e4knad l\u00e4stid\" \/>\n\t<meta name=\"twitter:data1\" content=\"1 minut\" \/>\n<script type=\"application\/ld+json\" class=\"yoast-schema-graph\">{\"@context\":\"https:\/\/schema.org\",\"@graph\":[{\"@type\":\"WebPage\",\"@id\":\"https:\/\/redfoxlotto.com\/sv\/keno\/diamant-keno-10m\/\",\"url\":\"https:\/\/redfoxlotto.com\/sv\/keno\/diamant-keno-10m\/\",\"name\":\"De b\u00e4sta Keno-spelen online - \u20ac 10 miljoner Keno\",\"isPartOf\":{\"@id\":\"https:\/\/redfoxlotto.com\/sv\/#website\"},\"datePublished\":\"2025-02-12T11:18:17+00:00\",\"dateModified\":\"2025-05-15T07:15:02+00:00\",\"description\":\"Hitta de b\u00e4sta Keno-spelen online h\u00e4r, med toppvinster p\u00e5 upp till 10 miljoner euro. Beh\u00f6ver aldrig v\u00e4nta f\u00f6r l\u00e4nge p\u00e5 n\u00e4sta online Keno-dragning!\",\"breadcrumb\":{\"@id\":\"https:\/\/redfoxlotto.com\/sv\/keno\/diamant-keno-10m\/#breadcrumb\"},\"inLanguage\":\"sv-SE\",\"potentialAction\":[{\"@type\":\"ReadAction\",\"target\":[\"https:\/\/redfoxlotto.com\/sv\/keno\/diamant-keno-10m\/\"]}]},{\"@type\":\"BreadcrumbList\",\"@id\":\"https:\/\/redfoxlotto.com\/sv\/keno\/diamant-keno-10m\/#breadcrumb\",\"itemListElement\":[{\"@type\":\"ListItem\",\"position\":1,\"name\":\"Home\",\"item\":\"https:\/\/redfoxlotto.com\/sv\/\"},{\"@type\":\"ListItem\",\"position\":2,\"name\":\"Keno\",\"item\":\"https:\/\/redfoxlotto.com\/sv\/keno\/\"},{\"@type\":\"ListItem\",\"position\":3,\"name\":\"Diamant Keno 10m\"}]},{\"@type\":\"WebSite\",\"@id\":\"https:\/\/redfoxlotto.com\/sv\/#website\",\"url\":\"https:\/\/redfoxlotto.com\/sv\/\",\"name\":\"Get Tickets for the World\u2019s largest jackpots\",\"description\":\"Participate in worldwide lottery jackpots from any country\",\"publisher\":{\"@id\":\"https:\/\/redfoxlotto.com\/sv\/#organization\"},\"potentialAction\":[{\"@type\":\"SearchAction\",\"target\":{\"@type\":\"EntryPoint\",\"urlTemplate\":\"https:\/\/redfoxlotto.com\/sv\/?s={search_term_string}\"},\"query-input\":{\"@type\":\"PropertyValueSpecification\",\"valueRequired\":true,\"valueName\":\"search_term_string\"}}],\"inLanguage\":\"sv-SE\"},{\"@type\":\"Organization\",\"@id\":\"https:\/\/redfoxlotto.com\/sv\/#organization\",\"name\":\"Get Tickets for the World\u2019s largest jackpots\",\"url\":\"https:\/\/redfoxlotto.com\/sv\/\",\"logo\":{\"@type\":\"ImageObject\",\"inLanguage\":\"sv-SE\",\"@id\":\"https:\/\/redfoxlotto.com\/sv\/#\/schema\/logo\/image\/\",\"url\":\"https:\/\/redfoxlotto.com\/wp-content\/uploads\/2023\/04\/logo.png\",\"contentUrl\":\"https:\/\/redfoxlotto.com\/wp-content\/uploads\/2023\/04\/logo.png\",\"width\":269,\"height\":53,\"caption\":\"Get Tickets for the World\u2019s largest jackpots\"},\"image\":{\"@id\":\"https:\/\/redfoxlotto.com\/sv\/#\/schema\/logo\/image\/\"}}]}<\/script>\n<!-- \/ Yoast SEO plugin. -->","yoast_head_json":{"title":"De b\u00e4sta Keno-spelen online - \u20ac 10 miljoner Keno","description":"Hitta de b\u00e4sta Keno-spelen online h\u00e4r, med toppvinster p\u00e5 upp till 10 miljoner euro. Beh\u00f6ver aldrig v\u00e4nta f\u00f6r l\u00e4nge p\u00e5 n\u00e4sta online Keno-dragning!","robots":{"index":"index","follow":"follow","max-snippet":"max-snippet:-1","max-image-preview":"max-image-preview:large","max-video-preview":"max-video-preview:-1"},"canonical":"https:\/\/redfoxlotto.com\/sv\/keno\/diamant-keno-10m\/","og_locale":"sv_SE","og_type":"article","og_title":"De b\u00e4sta Keno-spelen online - \u20ac 10 miljoner Keno","og_description":"Hitta de b\u00e4sta Keno-spelen online h\u00e4r, med toppvinster p\u00e5 upp till 10 miljoner euro. Beh\u00f6ver aldrig v\u00e4nta f\u00f6r l\u00e4nge p\u00e5 n\u00e4sta online Keno-dragning!","og_url":"https:\/\/redfoxlotto.com\/sv\/keno\/diamant-keno-10m\/","og_site_name":"Get Tickets for the World\u2019s largest jackpots","article_modified_time":"2025-05-15T07:15:02+00:00","twitter_card":"summary_large_image","twitter_misc":{"Ber\u00e4knad l\u00e4stid":"1 minut"},"schema":{"@context":"https:\/\/schema.org","@graph":[{"@type":"WebPage","@id":"https:\/\/redfoxlotto.com\/sv\/keno\/diamant-keno-10m\/","url":"https:\/\/redfoxlotto.com\/sv\/keno\/diamant-keno-10m\/","name":"De b\u00e4sta Keno-spelen online - \u20ac 10 miljoner Keno","isPartOf":{"@id":"https:\/\/redfoxlotto.com\/sv\/#website"},"datePublished":"2025-02-12T11:18:17+00:00","dateModified":"2025-05-15T07:15:02+00:00","description":"Hitta de b\u00e4sta Keno-spelen online h\u00e4r, med toppvinster p\u00e5 upp till 10 miljoner euro. Beh\u00f6ver aldrig v\u00e4nta f\u00f6r l\u00e4nge p\u00e5 n\u00e4sta online Keno-dragning!","breadcrumb":{"@id":"https:\/\/redfoxlotto.com\/sv\/keno\/diamant-keno-10m\/#breadcrumb"},"inLanguage":"sv-SE","potentialAction":[{"@type":"ReadAction","target":["https:\/\/redfoxlotto.com\/sv\/keno\/diamant-keno-10m\/"]}]},{"@type":"BreadcrumbList","@id":"https:\/\/redfoxlotto.com\/sv\/keno\/diamant-keno-10m\/#breadcrumb","itemListElement":[{"@type":"ListItem","position":1,"name":"Home","item":"https:\/\/redfoxlotto.com\/sv\/"},{"@type":"ListItem","position":2,"name":"Keno","item":"https:\/\/redfoxlotto.com\/sv\/keno\/"},{"@type":"ListItem","position":3,"name":"Diamant Keno 10m"}]},{"@type":"WebSite","@id":"https:\/\/redfoxlotto.com\/sv\/#website","url":"https:\/\/redfoxlotto.com\/sv\/","name":"Get Tickets for the World\u2019s largest jackpots","description":"Participate in worldwide lottery jackpots from any country","publisher":{"@id":"https:\/\/redfoxlotto.com\/sv\/#organization"},"potentialAction":[{"@type":"SearchAction","target":{"@type":"EntryPoint","urlTemplate":"https:\/\/redfoxlotto.com\/sv\/?s={search_term_string}"},"query-input":{"@type":"PropertyValueSpecification","valueRequired":true,"valueName":"search_term_string"}}],"inLanguage":"sv-SE"},{"@type":"Organization","@id":"https:\/\/redfoxlotto.com\/sv\/#organization","name":"Get Tickets for the World\u2019s largest jackpots","url":"https:\/\/redfoxlotto.com\/sv\/","logo":{"@type":"ImageObject","inLanguage":"sv-SE","@id":"https:\/\/redfoxlotto.com\/sv\/#\/schema\/logo\/image\/","url":"https:\/\/redfoxlotto.com\/wp-content\/uploads\/2023\/04\/logo.png","contentUrl":"https:\/\/redfoxlotto.com\/wp-content\/uploads\/2023\/04\/logo.png","width":269,"height":53,"caption":"Get Tickets for the World\u2019s largest jackpots"},"image":{"@id":"https:\/\/redfoxlotto.com\/sv\/#\/schema\/logo\/image\/"}}]}},"_links":{"self":[{"href":"https:\/\/redfoxlotto.com\/sv\/wp-json\/wp\/v2\/pages\/86886","targetHints":{"allow":["GET"]}}],"collection":[{"href":"https:\/\/redfoxlotto.com\/sv\/wp-json\/wp\/v2\/pages"}],"about":[{"href":"https:\/\/redfoxlotto.com\/sv\/wp-json\/wp\/v2\/types\/page"}],"author":[{"embeddable":true,"href":"https:\/\/redfoxlotto.com\/sv\/wp-json\/wp\/v2\/users\/8"}],"replies":[{"embeddable":true,"href":"https:\/\/redfoxlotto.com\/sv\/wp-json\/wp\/v2\/comments?post=86886"}],"version-history":[{"count":0,"href":"https:\/\/redfoxlotto.com\/sv\/wp-json\/wp\/v2\/pages\/86886\/revisions"}],"up":[{"embeddable":true,"href":"https:\/\/redfoxlotto.com\/sv\/wp-json\/wp\/v2\/pages\/84446"}],"wp:attachment":[{"href":"https:\/\/redfoxlotto.com\/sv\/wp-json\/wp\/v2\/media?parent=86886"}],"curies":[{"name":"wp","href":"https:\/\/api.w.org\/{rel}","templated":true}]}}