{"id":85513,"date":"2025-02-25T17:25:31","date_gmt":"2025-02-25T17:25:31","guid":{"rendered":"https:\/\/redfoxlotto.com\/?page_id=85513"},"modified":"2025-04-21T07:00:07","modified_gmt":"2025-04-21T07:00:07","slug":"om-new-york-lottery","status":"publish","type":"page","link":"https:\/\/redfoxlotto.com\/sv\/lotteri\/om-new-york-lottery\/","title":{"rendered":"Om New York Lottery"},"content":{"rendered":"<h2>Hur man k\u00f6per New York Lottery Tickets<\/h2>\n<p>En guide f\u00f6r att k\u00f6pa biljetter till New York Lottery p\u00e5 RedFoxLotto:<\/p>\n<p>N\u00e4r du spelar New York Lottery, har du n\u00e5gonsin fantiserat om att vinna en jackpot som helt kan f\u00f6r\u00e4ndra ditt liv? Att delta i internationella lotterier, som New York Lotto, har aldrig varit enklare \u00e4n det \u00e4r med RedFoxLotto, \u00e4ven om du befinner dig utanf\u00f6r USA.<\/p>\n<p>Under loppet av detta inl\u00e4gg, vi guidar dig genom processen att k\u00f6pa New York Lottery-biljetter fr\u00e5n RedFoxLotto i n\u00e5gra enkla steg.<\/p>\n<h2>RedFoxLotto: Vad \u00e4r det?<\/h2>\n<p>Du kan delta i stora internationella lotterier med RedFoxLotto, vilket \u00e4r en ansedd lotteritj\u00e4nst online. Dessa lotterier inkluderar Powerball, Mega Millions, EuroMillions, och naturligtvis, New York Lotto. De utf\u00f6r funktionen som en biljettbudstj\u00e4nst, vilket inneb\u00e4r att de k\u00f6per en \u00e4kta biljett f\u00f6r dina r\u00e4kning och sedan skannar den till ditt angivna onlinekonto.<\/p>\n<h3>RedFoxLotto: En steg-f\u00f6r-steg-guide f\u00f6r att k\u00f6pa biljetter till New York Lottery Program<\/h3>\n<p>1. Registrera dig. G\u00e5 till RedFoxLotto.com f\u00f6r att komma ig\u00e5ng med registreringsprocessen. Ange din grundl\u00e4ggande information, till exempel ditt namn, e-postadress och det land d\u00e4r du f\u00f6r n\u00e4rvarande bor, genom att klicka p\u00e5 knappen \u201dRegistrera dig\u201d.<\/p>\n<p>2. Bekr\u00e4fta att ditt konto \u00e4r legitimt.<\/p>\n<p>Du hittar en verifieringsl\u00e4nk i din inkorg n\u00e4r du har slutf\u00f6rt registreringsprocessen. Du kan verifiera ditt konto genom att klicka p\u00e5 den. Trots att det h\u00e4r \u00e4r ett enkelt steg \u00e4r det viktigt f\u00f6r b\u00e5de s\u00e4kerheten och potentiella framtida vinster.<\/p>\n<p>3. Unders\u00f6k lotterierna<\/p>\n<p>N\u00e4r du har g\u00e5tt med, navigera till hemsidan och s\u00f6k efter New York Lotto bland listan \u00f6ver lotterier som \u00e4r tillg\u00e4ngliga. Du kan ta reda p\u00e5 mer om n\u00e4sta dragning, storleken p\u00e5 jackpotten, och kostnaden f\u00f6r biljetter genom att klicka p\u00e5 den.<\/p>\n<p>4. G\u00f6r dina nummerval<\/p>\n<p>Din uppgift \u00e4r att v\u00e4lja sex nummer som str\u00e4cker sig fr\u00e5n ett till sextionio. Du har m\u00f6jlighet att v\u00e4lja dem manuellt, eller s\u00e5 kan du anv\u00e4nda Quick Pick-alternativet f\u00f6r att f\u00e5 RedFoxLotto att generera slumpm\u00e4ssiga nummer fr\u00e5n b\u00f6rjan \u00e5t dig.<\/p>\n<h2>L\u00e4gg till i kundvagnen och forts\u00e4tt att betala<\/h2>\n<p>S\u00e5 snart du har valt dina nummer l\u00e4gger du till din biljett i kundvagnen. Efter det, g\u00e5 in i kassaomr\u00e5det. Flera betalningsalternativ st\u00f6ds av RedFoxLotto, inklusive f\u00f6ljande:<\/p>\n<ul>\n<li>Kort f\u00f6r kredit och debitering<\/li>\n<li>Bank\u00f6verf\u00f6ring<\/li>\n<li>Elektroniska pl\u00e5nb\u00f6cker som Skrill<\/li>\n<li>I vissa omr\u00e5den anv\u00e4nds kryptovaluta i stor utstr\u00e4ckning.<\/li>\n<\/ul>\n<h2>Bekr\u00e4ftelse och biljettskanner<\/h2>\n<p>Omedelbart efter att dina pengar har behandlats kommer RedFoxLotto att skicka ett av sina lokala ombud i USA f\u00f6r att k\u00f6pa en \u00e4kta New York Lotto-biljett med de nummer som du har valt. F\u00f6r att tillhandah\u00e5lla bevis p\u00e5 k\u00f6pet kommer en skanning av din biljett att l\u00e4ggas upp p\u00e5 ditt konto.<\/p>\n<h2>Vad h\u00e4nder om du \u00e4r framg\u00e5ngsrik?<\/h2>\n<h3>Om de nummer du angav vinner ett pris:<\/h3>\n<p>Ditt RedFoxLotto-konto kommer omedelbart att krediteras alla vinnare som \u00e4r mindre till m\u00e5ttliga i storlek. N\u00e4r du har vunnit en stor jackpot, RedFoxLotto-teamet kommer att leda dig genom de steg som kr\u00e4vs f\u00f6r att g\u00f6ra anspr\u00e5k p\u00e5 ditt pris. Din resa till USA kan kr\u00e4vas, beroende p\u00e5 beloppet och statens regler.<\/p>\n<h2>Vad \u00e4r lagen?<\/h2>\n<p>Ja, det \u00e4r sant. RedFoxLotto \u00e4r inte en lotterileverant\u00f6r; snarare hanterar den distributionen av lotter. Du k\u00f6per en riktig fysisk lott genom ett auktoriserat ombud, vilket s\u00e4kerst\u00e4ller att allt \u00e4r lagligt och transparent, \u00e4ven om du spelar fr\u00e5n en annan nation.<\/p>\n<h2>Kommentarer f\u00f6r att sammanfatta<\/h2>\n<p>Det \u00e4r inte l\u00e4ngre en \u00f6nskedr\u00f6m att kunna k\u00f6pa lotter till New York Lottery fr\u00e5n vilken plats som helst i v\u00e4rlden. Det g\u00f6rs enkelt, s\u00e4kert och tillg\u00e4ngligt genom anv\u00e4ndning av RedFoxLotto. Du kan vara med och t\u00e4vla om miljontals dollar med bara n\u00e5gra f\u00e5 klick, och du skulle inte ens beh\u00f6va g\u00e5 ut ur din bil f\u00f6r att \u00e5ka till New York.<\/p>\n<p>Varf\u00f6r ska vi d\u00e5 v\u00e4nta? Registrera dig direkt, v\u00e4lj dina lyckliga nummer och g\u00f6r dig redo att g\u00e5 efter den jackpotten!<\/p>\n","protected":false},"excerpt":{"rendered":"<p>Hur man k\u00f6per New York Lottery Tickets En guide f\u00f6r att k\u00f6pa biljetter till New York Lottery p\u00e5 RedFoxLotto: N\u00e4r du spelar New York Lottery, har du n\u00e5gonsin fantiserat om att vinna en jackpot som helt kan f\u00f6r\u00e4ndra ditt liv? Att delta i internationella lotterier, som New York Lotto, har aldrig varit enklare \u00e4n det [&hellip;]<\/p>\n","protected":false},"author":8,"featured_media":0,"parent":5094,"menu_order":18,"comment_status":"closed","ping_status":"closed","template":"newyork-info.php","meta":{"_et_pb_use_builder":"","_et_pb_old_content":"","_et_gb_content_width":"","exclude_from_search":false,"footnotes":""},"class_list":["post-85513","page","type-page","status-publish","hentry"],"yoast_head":"<!-- This site is optimized with the Yoast SEO plugin v23.8 - https:\/\/yoast.com\/wordpress\/plugins\/seo\/ -->\n<title>Hur man k\u00f6per New York Lottery-biljetter online fr\u00e5n Storbritannien<\/title>\n<meta name=\"description\" content=\"K\u00f6p biljetter till New York Lottery h\u00e4r - \u00e4ven fr\u00e5n Storbritannien kan du delta i New York Lotto online och f\u00e5 en skannad biljett inom n\u00e5gra minuter.\" \/>\n<meta name=\"robots\" content=\"index, follow, max-snippet:-1, max-image-preview:large, max-video-preview:-1\" \/>\n<link rel=\"canonical\" href=\"https:\/\/redfoxlotto.com\/sv\/lotteri\/om-new-york-lottery\/\" \/>\n<meta property=\"og:locale\" content=\"sv_SE\" \/>\n<meta property=\"og:type\" content=\"article\" \/>\n<meta property=\"og:title\" content=\"Hur man k\u00f6per New York Lottery-biljetter online fr\u00e5n Storbritannien\" \/>\n<meta property=\"og:description\" content=\"K\u00f6p biljetter till New York Lottery h\u00e4r - \u00e4ven fr\u00e5n Storbritannien kan du delta i New York Lotto online och f\u00e5 en skannad biljett inom n\u00e5gra minuter.\" \/>\n<meta property=\"og:url\" content=\"https:\/\/redfoxlotto.com\/sv\/lotteri\/om-new-york-lottery\/\" \/>\n<meta property=\"og:site_name\" content=\"Get Tickets for the World\u2019s largest jackpots\" \/>\n<meta property=\"article:modified_time\" content=\"2025-04-21T07:00:07+00:00\" \/>\n<meta name=\"twitter:card\" content=\"summary_large_image\" \/>\n<meta name=\"twitter:label1\" content=\"Ber\u00e4knad l\u00e4stid\" \/>\n\t<meta name=\"twitter:data1\" content=\"3 minuter\" \/>\n<script type=\"application\/ld+json\" class=\"yoast-schema-graph\">{\"@context\":\"https:\/\/schema.org\",\"@graph\":[{\"@type\":\"WebPage\",\"@id\":\"https:\/\/redfoxlotto.com\/sv\/lotteri\/om-new-york-lottery\/\",\"url\":\"https:\/\/redfoxlotto.com\/sv\/lotteri\/om-new-york-lottery\/\",\"name\":\"Hur man k\u00f6per New York Lottery-biljetter online fr\u00e5n Storbritannien\",\"isPartOf\":{\"@id\":\"https:\/\/redfoxlotto.com\/sv\/#website\"},\"datePublished\":\"2025-02-25T17:25:31+00:00\",\"dateModified\":\"2025-04-21T07:00:07+00:00\",\"description\":\"K\u00f6p biljetter till New York Lottery h\u00e4r - \u00e4ven fr\u00e5n Storbritannien kan du delta i New York Lotto online och f\u00e5 en skannad biljett inom n\u00e5gra minuter.\",\"breadcrumb\":{\"@id\":\"https:\/\/redfoxlotto.com\/sv\/lotteri\/om-new-york-lottery\/#breadcrumb\"},\"inLanguage\":\"sv-SE\",\"potentialAction\":[{\"@type\":\"ReadAction\",\"target\":[\"https:\/\/redfoxlotto.com\/sv\/lotteri\/om-new-york-lottery\/\"]}]},{\"@type\":\"BreadcrumbList\",\"@id\":\"https:\/\/redfoxlotto.com\/sv\/lotteri\/om-new-york-lottery\/#breadcrumb\",\"itemListElement\":[{\"@type\":\"ListItem\",\"position\":1,\"name\":\"Home\",\"item\":\"https:\/\/redfoxlotto.com\/sv\/\"},{\"@type\":\"ListItem\",\"position\":2,\"name\":\"Hur man k\u00f6per lotter online &#8211; k\u00f6pprocessen\",\"item\":\"https:\/\/redfoxlotto.com\/sv\/lotteri\/\"},{\"@type\":\"ListItem\",\"position\":3,\"name\":\"Om New York Lottery\"}]},{\"@type\":\"WebSite\",\"@id\":\"https:\/\/redfoxlotto.com\/sv\/#website\",\"url\":\"https:\/\/redfoxlotto.com\/sv\/\",\"name\":\"Get Tickets for the World\u2019s largest jackpots\",\"description\":\"Participate in worldwide lottery jackpots from any country\",\"publisher\":{\"@id\":\"https:\/\/redfoxlotto.com\/sv\/#organization\"},\"potentialAction\":[{\"@type\":\"SearchAction\",\"target\":{\"@type\":\"EntryPoint\",\"urlTemplate\":\"https:\/\/redfoxlotto.com\/sv\/?s={search_term_string}\"},\"query-input\":{\"@type\":\"PropertyValueSpecification\",\"valueRequired\":true,\"valueName\":\"search_term_string\"}}],\"inLanguage\":\"sv-SE\"},{\"@type\":\"Organization\",\"@id\":\"https:\/\/redfoxlotto.com\/sv\/#organization\",\"name\":\"Get Tickets for the World\u2019s largest jackpots\",\"url\":\"https:\/\/redfoxlotto.com\/sv\/\",\"logo\":{\"@type\":\"ImageObject\",\"inLanguage\":\"sv-SE\",\"@id\":\"https:\/\/redfoxlotto.com\/sv\/#\/schema\/logo\/image\/\",\"url\":\"https:\/\/redfoxlotto.com\/wp-content\/uploads\/2023\/04\/logo.png\",\"contentUrl\":\"https:\/\/redfoxlotto.com\/wp-content\/uploads\/2023\/04\/logo.png\",\"width\":269,\"height\":53,\"caption\":\"Get Tickets for the World\u2019s largest jackpots\"},\"image\":{\"@id\":\"https:\/\/redfoxlotto.com\/sv\/#\/schema\/logo\/image\/\"}}]}<\/script>\n<!-- \/ Yoast SEO plugin. -->","yoast_head_json":{"title":"Hur man k\u00f6per New York Lottery-biljetter online fr\u00e5n Storbritannien","description":"K\u00f6p biljetter till New York Lottery h\u00e4r - \u00e4ven fr\u00e5n Storbritannien kan du delta i New York Lotto online och f\u00e5 en skannad biljett inom n\u00e5gra minuter.","robots":{"index":"index","follow":"follow","max-snippet":"max-snippet:-1","max-image-preview":"max-image-preview:large","max-video-preview":"max-video-preview:-1"},"canonical":"https:\/\/redfoxlotto.com\/sv\/lotteri\/om-new-york-lottery\/","og_locale":"sv_SE","og_type":"article","og_title":"Hur man k\u00f6per New York Lottery-biljetter online fr\u00e5n Storbritannien","og_description":"K\u00f6p biljetter till New York Lottery h\u00e4r - \u00e4ven fr\u00e5n Storbritannien kan du delta i New York Lotto online och f\u00e5 en skannad biljett inom n\u00e5gra minuter.","og_url":"https:\/\/redfoxlotto.com\/sv\/lotteri\/om-new-york-lottery\/","og_site_name":"Get Tickets for the World\u2019s largest jackpots","article_modified_time":"2025-04-21T07:00:07+00:00","twitter_card":"summary_large_image","twitter_misc":{"Ber\u00e4knad l\u00e4stid":"3 minuter"},"schema":{"@context":"https:\/\/schema.org","@graph":[{"@type":"WebPage","@id":"https:\/\/redfoxlotto.com\/sv\/lotteri\/om-new-york-lottery\/","url":"https:\/\/redfoxlotto.com\/sv\/lotteri\/om-new-york-lottery\/","name":"Hur man k\u00f6per New York Lottery-biljetter online fr\u00e5n Storbritannien","isPartOf":{"@id":"https:\/\/redfoxlotto.com\/sv\/#website"},"datePublished":"2025-02-25T17:25:31+00:00","dateModified":"2025-04-21T07:00:07+00:00","description":"K\u00f6p biljetter till New York Lottery h\u00e4r - \u00e4ven fr\u00e5n Storbritannien kan du delta i New York Lotto online och f\u00e5 en skannad biljett inom n\u00e5gra minuter.","breadcrumb":{"@id":"https:\/\/redfoxlotto.com\/sv\/lotteri\/om-new-york-lottery\/#breadcrumb"},"inLanguage":"sv-SE","potentialAction":[{"@type":"ReadAction","target":["https:\/\/redfoxlotto.com\/sv\/lotteri\/om-new-york-lottery\/"]}]},{"@type":"BreadcrumbList","@id":"https:\/\/redfoxlotto.com\/sv\/lotteri\/om-new-york-lottery\/#breadcrumb","itemListElement":[{"@type":"ListItem","position":1,"name":"Home","item":"https:\/\/redfoxlotto.com\/sv\/"},{"@type":"ListItem","position":2,"name":"Hur man k\u00f6per lotter online &#8211; k\u00f6pprocessen","item":"https:\/\/redfoxlotto.com\/sv\/lotteri\/"},{"@type":"ListItem","position":3,"name":"Om New York Lottery"}]},{"@type":"WebSite","@id":"https:\/\/redfoxlotto.com\/sv\/#website","url":"https:\/\/redfoxlotto.com\/sv\/","name":"Get Tickets for the World\u2019s largest jackpots","description":"Participate in worldwide lottery jackpots from any country","publisher":{"@id":"https:\/\/redfoxlotto.com\/sv\/#organization"},"potentialAction":[{"@type":"SearchAction","target":{"@type":"EntryPoint","urlTemplate":"https:\/\/redfoxlotto.com\/sv\/?s={search_term_string}"},"query-input":{"@type":"PropertyValueSpecification","valueRequired":true,"valueName":"search_term_string"}}],"inLanguage":"sv-SE"},{"@type":"Organization","@id":"https:\/\/redfoxlotto.com\/sv\/#organization","name":"Get Tickets for the World\u2019s largest jackpots","url":"https:\/\/redfoxlotto.com\/sv\/","logo":{"@type":"ImageObject","inLanguage":"sv-SE","@id":"https:\/\/redfoxlotto.com\/sv\/#\/schema\/logo\/image\/","url":"https:\/\/redfoxlotto.com\/wp-content\/uploads\/2023\/04\/logo.png","contentUrl":"https:\/\/redfoxlotto.com\/wp-content\/uploads\/2023\/04\/logo.png","width":269,"height":53,"caption":"Get Tickets for the World\u2019s largest jackpots"},"image":{"@id":"https:\/\/redfoxlotto.com\/sv\/#\/schema\/logo\/image\/"}}]}},"_links":{"self":[{"href":"https:\/\/redfoxlotto.com\/sv\/wp-json\/wp\/v2\/pages\/85513","targetHints":{"allow":["GET"]}}],"collection":[{"href":"https:\/\/redfoxlotto.com\/sv\/wp-json\/wp\/v2\/pages"}],"about":[{"href":"https:\/\/redfoxlotto.com\/sv\/wp-json\/wp\/v2\/types\/page"}],"author":[{"embeddable":true,"href":"https:\/\/redfoxlotto.com\/sv\/wp-json\/wp\/v2\/users\/8"}],"replies":[{"embeddable":true,"href":"https:\/\/redfoxlotto.com\/sv\/wp-json\/wp\/v2\/comments?post=85513"}],"version-history":[{"count":0,"href":"https:\/\/redfoxlotto.com\/sv\/wp-json\/wp\/v2\/pages\/85513\/revisions"}],"up":[{"embeddable":true,"href":"https:\/\/redfoxlotto.com\/sv\/wp-json\/wp\/v2\/pages\/5094"}],"wp:attachment":[{"href":"https:\/\/redfoxlotto.com\/sv\/wp-json\/wp\/v2\/media?parent=85513"}],"curies":[{"name":"wp","href":"https:\/\/api.w.org\/{rel}","templated":true}]}}