{"id":85319,"date":"2025-03-30T12:21:27","date_gmt":"2025-03-30T12:21:27","guid":{"rendered":"https:\/\/redfoxlotto.com\/?page_id=85319"},"modified":"2025-12-10T16:47:35","modified_gmt":"2025-12-10T16:47:35","slug":"hur-man-spelar-new-york-lottery-i-storbritannien","status":"publish","type":"page","link":"https:\/\/redfoxlotto.com\/sv\/spela\/hur-man-spelar-new-york-lottery-i-storbritannien\/","title":{"rendered":"Hur man spelar New York Lottery i Storbritannien."},"content":{"rendered":"<p><script type=\"application\/ld+json\">\n{\n\"@context\": \"https:\/\/schema.org\",\n\"@type\": \"Service\",\n\"name\": \"Play New York Lottery\",\n\"url\": \"https:\/\/redfoxlotto.com\/sv\/spela\/hur-man-spelar-new-york-lottery-i-storbritannien\/\",\n\"description\": \"K\u00f6p officiella New York Lottery-biljetter online via RedFoxLotto. V\u00e4lj dina nummer och delta i n\u00e4sta dragning.\",\n\"serviceType\": \"Online lottery ticket purchase\",<\/p>\n<p>\"provider\": {\n\"@type\": \"Organization\",\n\"name\": \"RedFoxLotto\",\n\"url\": \"https:\/\/redfoxlotto.com\",\n\"logo\": \"https:\/\/redfoxlotto.com\/wp-content\/uploads\/logo.png\"\n},<\/p>\n<p>\"areaServed\": \"Worldwide\",\n\"termsOfService\": \"https:\/\/redfoxlotto.com\/terms-and-conditions\",<\/p>\n<p>\"hasOfferCatalog\": {\n\"@type\": \"OfferCatalog\",\n\"name\": \"New York Lottery Offers\",\n\"itemListElement\": [\n{\n\"@type\": \"Offer\",\n\"name\": \"New York Lottery Ticket\",\n\"url\": \"https:\/\/redfoxlotto.com\/sv\/spela\/hur-man-spelar-new-york-lottery-i-storbritannien\/\",\n\"description\": \"En lott till n\u00e4sta dragning i New York-lotteriet.\",\n\"price\": \"1.40\",\n\"priceCurrency\": \"EUR\",\n\"availability\": \"https:\/\/schema.org\/InStock\",<\/p>\n<p>\"itemOffered\": {\n\"@type\": \"Service\",\n\"name\": \"New York Lottery Entry\",\n\"description\": \"Anm\u00e4lan till n\u00e4sta dragning i New York-lotteriet via RedFoxLotto.\"\n}\n}\n]\n},<\/p>\n<p>\"mainEntityOfPage\": {\n\"@type\": \"WebPage\",\n\"@id\": \"https:\/\/redfoxlotto.com\/sv\/spela\/hur-man-spelar-new-york-lottery-i-storbritannien\/\"\n}\n}\n<\/script><\/p>\n<h2>Hur man deltar i New York Lottery med RedFoxLotto.com i Storbritannien<\/h2>\n<p><img loading=\"lazy\" decoding=\"async\" class=\" wp-image-48802 alignright\" src=\"https:\/\/redfoxlotto.com\/wp-content\/uploads\/2023\/04\/raffle-tickets-online-495x330-1-300x200.jpg\" alt=\"New York Lottery\" width=\"321\" height=\"214\" srcset=\"https:\/\/redfoxlotto.com\/wp-content\/uploads\/2023\/04\/raffle-tickets-online-495x330-1-300x200.jpg 300w, https:\/\/redfoxlotto.com\/wp-content\/uploads\/2023\/04\/raffle-tickets-online-495x330-1.jpg 495w\" sizes=\"auto, (max-width: 321px) 100vw, 321px\" \/><br \/>\nTa till exempel scenariot d\u00e4r du vaknar upp i Storbritannien, g\u00f6r ditt morgonte och sedan kolla din telefon f\u00f6r att uppt\u00e4cka att du just har vunnit New York Lottery. Tycker du att det l\u00e5ter l\u00e5ngs\u00f6kt? \u00c4ndra din uppfattning! Att spela ett av de mest sp\u00e4nnande lotterierna i Amerikas f\u00f6renta stater fr\u00e5n bekv\u00e4mligheten av ditt eget hem i Storbritannien \u00e4r m\u00f6jligt med RedFoxLotto.com.<\/p>\n<h2>New York Lottery: Varf\u00f6r ska du spela?<\/h2>\n<p>New York Lottery \u00e4r v\u00e4lk\u00e4nt f\u00f6r sina enorma jackpottar, sp\u00e4nnande spel och vinster som helt kan f\u00f6r\u00e4ndra en persons liv. Det faktum att det h\u00e5lls m\u00e5nga dragningar varje vecka inneb\u00e4r att det finns otaliga m\u00f6jligheter f\u00f6r dig att f\u00e5 dina dr\u00f6mmar att g\u00e5 i uppfyllelse. Det finns en m\u00f6jlighet att du kan vinna en livsf\u00f6r\u00e4ndrande summa pengar om du spelar antingen Mega Millions eller Powerball-lotteriet.<\/p>\n<h2>Instruktioner om hur man spelar p\u00e5 RedFoxLotto.com i steg-f\u00f6r-steg-format<\/h2>\n<p>1. G\u00e5 till webbplatsen RedFoxLotto.com. Du b\u00f6r starta webbl\u00e4saren efter eget val och navigera till den officiella RedFoxLotto-webbplatsen.<\/p>\n<p>2. Skapa ett konto &#8211; F\u00f6r att kunna registrera dig m\u00e5ste du ange ett konto. F\u00f6rutom att det \u00e4r snabbt och s\u00e4kert \u00e4r det n\u00f6dv\u00e4ndigt att spela.<\/p>\n<p>3. V\u00e4lj New York Lottery &#8211; Efter att ha tittat igenom de olika lotterierna som erbjuds, v\u00e4lj New York Lottery eller n\u00e5got annat amerikanskt pris som f\u00e5ngar ditt intresse under hela din s\u00f6kning.<\/p>\n<p>4. V\u00e4lj dina nummer Du har valet att v\u00e4lja dina lyckosiffror manuellt eller anv\u00e4nda snabbvalsalternativet, vilket g\u00f6r att systemet kan hitta dem \u00e5t dig automatiskt.<\/p>\n<p>5. K\u00f6p din biljett &#8211; Forts\u00e4tt till kassasidan och betala f\u00f6r din biljett p\u00e5 ett s\u00e4kert s\u00e4tt med hj\u00e4lp av ett av de m\u00e5nga tillg\u00e4ngliga betalningsalternativen.<\/p>\n<p>6. Medan du v\u00e4ntar p\u00e5 dragningen, ta en plats och slappna av. I h\u00e4ndelse av att du \u00e4r vinnaren kommer du att meddelas!<\/p>\n<h2>F\u00f6rdelar med att delta i spel p\u00e5 RedFoxLotto.com<\/h2>\n<p>Detta eliminerar kravet p\u00e5 att resa till USA f\u00f6r att k\u00f6pa en biljett.<\/p>\n<p>&#8211; Trygga och s\u00e4kra transaktioner &#8211; Spela med fullst\u00e4ndig sinnesfrid, med vetskap om att dina pengar och ink\u00f6psinformation skyddas.<\/p>\n<p>&#8211; Meddelanden som skickas automatiskt &#8211; Missa aldrig en vinst! Om du \u00e4r den lyckliga vinnaren av jackpotten kommer du att meddelas direkt.<\/p>\n<p>Du kan komma \u00e5t globala lotterier ut\u00f6ver New York Lottery, vilket ger dig \u00e4nnu fler m\u00f6jligheter att vinna en betydande summa pengar.<\/p>\n<h2>Anm\u00e4rkningar f\u00f6r att avsluta<\/h2>\n<p>Genom att anv\u00e4nda RedFoxLotto.com, du kommer att ha tillg\u00e5ng till hela v\u00e4rlden av lotteriunderh\u00e5llning. Det spelar ingen roll var du befinner dig i Storbritannien; du har m\u00f6jlighet att str\u00e4va efter den amerikanska dr\u00f6mmen och eventuellt bli n\u00e4sta miljon\u00e4r i New York Lottery. D\u00e4rf\u00f6r, varf\u00f6r ska vi v\u00e4nta? Bes\u00f6k webbplatsen RedFoxLotto.com just nu f\u00f6r att f\u00e5 din biljett; du vet aldrig n\u00e4r lycka kommer att komma din v\u00e4g.<\/p>\n","protected":false},"excerpt":{"rendered":"<p>Hur man deltar i New York Lottery med RedFoxLotto.com i Storbritannien Ta till exempel scenariot d\u00e4r du vaknar upp i Storbritannien, g\u00f6r ditt morgonte och sedan kolla din telefon f\u00f6r att uppt\u00e4cka att du just har vunnit New York Lottery. Tycker du att det l\u00e5ter l\u00e5ngs\u00f6kt? \u00c4ndra din uppfattning! Att spela ett av de mest [&hellip;]<\/p>\n","protected":false},"author":8,"featured_media":0,"parent":5112,"menu_order":18,"comment_status":"closed","ping_status":"closed","template":"newyork.php","meta":{"_et_pb_use_builder":"","_et_pb_old_content":"","_et_gb_content_width":"","exclude_from_search":false,"footnotes":""},"class_list":["post-85319","page","type-page","status-publish","hentry"],"yoast_head":"<!-- This site is optimized with the Yoast SEO plugin v23.8 - https:\/\/yoast.com\/wordpress\/plugins\/seo\/ -->\n<title>Hur man deltar i New York Lottery i Storbritannien<\/title>\n<meta name=\"description\" content=\"Uppt\u00e4ck hur du spelar New York Lottery fr\u00e5n Storbritannien p\u00e5 RedFoxLotto.com och f\u00e5 tips f\u00f6r att maximera dina chanser att vinna.\" \/>\n<meta name=\"robots\" content=\"index, follow, max-snippet:-1, max-image-preview:large, max-video-preview:-1\" \/>\n<link rel=\"canonical\" href=\"https:\/\/redfoxlotto.com\/sv\/spela\/hur-man-spelar-new-york-lottery-i-storbritannien\/\" \/>\n<meta property=\"og:locale\" content=\"sv_SE\" \/>\n<meta property=\"og:type\" content=\"article\" \/>\n<meta property=\"og:title\" content=\"Hur man deltar i New York Lottery i Storbritannien\" \/>\n<meta property=\"og:description\" content=\"Uppt\u00e4ck hur du spelar New York Lottery fr\u00e5n Storbritannien p\u00e5 RedFoxLotto.com och f\u00e5 tips f\u00f6r att maximera dina chanser att vinna.\" \/>\n<meta property=\"og:url\" content=\"https:\/\/redfoxlotto.com\/sv\/spela\/hur-man-spelar-new-york-lottery-i-storbritannien\/\" \/>\n<meta property=\"og:site_name\" content=\"Get Tickets for the World\u2019s largest jackpots\" \/>\n<meta property=\"article:modified_time\" content=\"2025-12-10T16:47:35+00:00\" \/>\n<meta property=\"og:image\" content=\"https:\/\/redfoxlotto.com\/wp-content\/uploads\/2023\/04\/raffle-tickets-online-495x330-1-300x200.jpg\" \/>\n<meta name=\"twitter:card\" content=\"summary_large_image\" \/>\n<meta name=\"twitter:label1\" content=\"Ber\u00e4knad l\u00e4stid\" \/>\n\t<meta name=\"twitter:data1\" content=\"3 minuter\" \/>\n<script type=\"application\/ld+json\" class=\"yoast-schema-graph\">{\"@context\":\"https:\/\/schema.org\",\"@graph\":[{\"@type\":\"WebPage\",\"@id\":\"https:\/\/redfoxlotto.com\/sv\/spela\/hur-man-spelar-new-york-lottery-i-storbritannien\/\",\"url\":\"https:\/\/redfoxlotto.com\/sv\/spela\/hur-man-spelar-new-york-lottery-i-storbritannien\/\",\"name\":\"Hur man deltar i New York Lottery i Storbritannien\",\"isPartOf\":{\"@id\":\"https:\/\/redfoxlotto.com\/sv\/#website\"},\"primaryImageOfPage\":{\"@id\":\"https:\/\/redfoxlotto.com\/sv\/spela\/hur-man-spelar-new-york-lottery-i-storbritannien\/#primaryimage\"},\"image\":{\"@id\":\"https:\/\/redfoxlotto.com\/sv\/spela\/hur-man-spelar-new-york-lottery-i-storbritannien\/#primaryimage\"},\"thumbnailUrl\":\"https:\/\/redfoxlotto.com\/wp-content\/uploads\/2023\/04\/raffle-tickets-online-495x330-1-300x200.jpg\",\"datePublished\":\"2025-03-30T12:21:27+00:00\",\"dateModified\":\"2025-12-10T16:47:35+00:00\",\"description\":\"Uppt\u00e4ck hur du spelar New York Lottery fr\u00e5n Storbritannien p\u00e5 RedFoxLotto.com och f\u00e5 tips f\u00f6r att maximera dina chanser att vinna.\",\"breadcrumb\":{\"@id\":\"https:\/\/redfoxlotto.com\/sv\/spela\/hur-man-spelar-new-york-lottery-i-storbritannien\/#breadcrumb\"},\"inLanguage\":\"sv-SE\",\"potentialAction\":[{\"@type\":\"ReadAction\",\"target\":[\"https:\/\/redfoxlotto.com\/sv\/spela\/hur-man-spelar-new-york-lottery-i-storbritannien\/\"]}]},{\"@type\":\"ImageObject\",\"inLanguage\":\"sv-SE\",\"@id\":\"https:\/\/redfoxlotto.com\/sv\/spela\/hur-man-spelar-new-york-lottery-i-storbritannien\/#primaryimage\",\"url\":\"https:\/\/redfoxlotto.com\/wp-content\/uploads\/2023\/04\/raffle-tickets-online-495x330-1-300x200.jpg\",\"contentUrl\":\"https:\/\/redfoxlotto.com\/wp-content\/uploads\/2023\/04\/raffle-tickets-online-495x330-1-300x200.jpg\"},{\"@type\":\"BreadcrumbList\",\"@id\":\"https:\/\/redfoxlotto.com\/sv\/spela\/hur-man-spelar-new-york-lottery-i-storbritannien\/#breadcrumb\",\"itemListElement\":[{\"@type\":\"ListItem\",\"position\":1,\"name\":\"Home\",\"item\":\"https:\/\/redfoxlotto.com\/sv\/\"},{\"@type\":\"ListItem\",\"position\":2,\"name\":\"Hur man spelar lotterier i andra l\u00e4nder\",\"item\":\"https:\/\/redfoxlotto.com\/sv\/spela\/\"},{\"@type\":\"ListItem\",\"position\":3,\"name\":\"Hur man spelar New York Lottery i Storbritannien.\"}]},{\"@type\":\"WebSite\",\"@id\":\"https:\/\/redfoxlotto.com\/sv\/#website\",\"url\":\"https:\/\/redfoxlotto.com\/sv\/\",\"name\":\"Get Tickets for the World\u2019s largest jackpots\",\"description\":\"Participate in worldwide lottery jackpots from any country\",\"publisher\":{\"@id\":\"https:\/\/redfoxlotto.com\/sv\/#organization\"},\"potentialAction\":[{\"@type\":\"SearchAction\",\"target\":{\"@type\":\"EntryPoint\",\"urlTemplate\":\"https:\/\/redfoxlotto.com\/sv\/?s={search_term_string}\"},\"query-input\":{\"@type\":\"PropertyValueSpecification\",\"valueRequired\":true,\"valueName\":\"search_term_string\"}}],\"inLanguage\":\"sv-SE\"},{\"@type\":\"Organization\",\"@id\":\"https:\/\/redfoxlotto.com\/sv\/#organization\",\"name\":\"Get Tickets for the World\u2019s largest jackpots\",\"url\":\"https:\/\/redfoxlotto.com\/sv\/\",\"logo\":{\"@type\":\"ImageObject\",\"inLanguage\":\"sv-SE\",\"@id\":\"https:\/\/redfoxlotto.com\/sv\/#\/schema\/logo\/image\/\",\"url\":\"https:\/\/redfoxlotto.com\/wp-content\/uploads\/2023\/04\/logo.png\",\"contentUrl\":\"https:\/\/redfoxlotto.com\/wp-content\/uploads\/2023\/04\/logo.png\",\"width\":269,\"height\":53,\"caption\":\"Get Tickets for the World\u2019s largest jackpots\"},\"image\":{\"@id\":\"https:\/\/redfoxlotto.com\/sv\/#\/schema\/logo\/image\/\"}}]}<\/script>\n<!-- \/ Yoast SEO plugin. -->","yoast_head_json":{"title":"Hur man deltar i New York Lottery i Storbritannien","description":"Uppt\u00e4ck hur du spelar New York Lottery fr\u00e5n Storbritannien p\u00e5 RedFoxLotto.com och f\u00e5 tips f\u00f6r att maximera dina chanser att vinna.","robots":{"index":"index","follow":"follow","max-snippet":"max-snippet:-1","max-image-preview":"max-image-preview:large","max-video-preview":"max-video-preview:-1"},"canonical":"https:\/\/redfoxlotto.com\/sv\/spela\/hur-man-spelar-new-york-lottery-i-storbritannien\/","og_locale":"sv_SE","og_type":"article","og_title":"Hur man deltar i New York Lottery i Storbritannien","og_description":"Uppt\u00e4ck hur du spelar New York Lottery fr\u00e5n Storbritannien p\u00e5 RedFoxLotto.com och f\u00e5 tips f\u00f6r att maximera dina chanser att vinna.","og_url":"https:\/\/redfoxlotto.com\/sv\/spela\/hur-man-spelar-new-york-lottery-i-storbritannien\/","og_site_name":"Get Tickets for the World\u2019s largest jackpots","article_modified_time":"2025-12-10T16:47:35+00:00","og_image":[{"url":"https:\/\/redfoxlotto.com\/wp-content\/uploads\/2023\/04\/raffle-tickets-online-495x330-1-300x200.jpg"}],"twitter_card":"summary_large_image","twitter_misc":{"Ber\u00e4knad l\u00e4stid":"3 minuter"},"schema":{"@context":"https:\/\/schema.org","@graph":[{"@type":"WebPage","@id":"https:\/\/redfoxlotto.com\/sv\/spela\/hur-man-spelar-new-york-lottery-i-storbritannien\/","url":"https:\/\/redfoxlotto.com\/sv\/spela\/hur-man-spelar-new-york-lottery-i-storbritannien\/","name":"Hur man deltar i New York Lottery i Storbritannien","isPartOf":{"@id":"https:\/\/redfoxlotto.com\/sv\/#website"},"primaryImageOfPage":{"@id":"https:\/\/redfoxlotto.com\/sv\/spela\/hur-man-spelar-new-york-lottery-i-storbritannien\/#primaryimage"},"image":{"@id":"https:\/\/redfoxlotto.com\/sv\/spela\/hur-man-spelar-new-york-lottery-i-storbritannien\/#primaryimage"},"thumbnailUrl":"https:\/\/redfoxlotto.com\/wp-content\/uploads\/2023\/04\/raffle-tickets-online-495x330-1-300x200.jpg","datePublished":"2025-03-30T12:21:27+00:00","dateModified":"2025-12-10T16:47:35+00:00","description":"Uppt\u00e4ck hur du spelar New York Lottery fr\u00e5n Storbritannien p\u00e5 RedFoxLotto.com och f\u00e5 tips f\u00f6r att maximera dina chanser att vinna.","breadcrumb":{"@id":"https:\/\/redfoxlotto.com\/sv\/spela\/hur-man-spelar-new-york-lottery-i-storbritannien\/#breadcrumb"},"inLanguage":"sv-SE","potentialAction":[{"@type":"ReadAction","target":["https:\/\/redfoxlotto.com\/sv\/spela\/hur-man-spelar-new-york-lottery-i-storbritannien\/"]}]},{"@type":"ImageObject","inLanguage":"sv-SE","@id":"https:\/\/redfoxlotto.com\/sv\/spela\/hur-man-spelar-new-york-lottery-i-storbritannien\/#primaryimage","url":"https:\/\/redfoxlotto.com\/wp-content\/uploads\/2023\/04\/raffle-tickets-online-495x330-1-300x200.jpg","contentUrl":"https:\/\/redfoxlotto.com\/wp-content\/uploads\/2023\/04\/raffle-tickets-online-495x330-1-300x200.jpg"},{"@type":"BreadcrumbList","@id":"https:\/\/redfoxlotto.com\/sv\/spela\/hur-man-spelar-new-york-lottery-i-storbritannien\/#breadcrumb","itemListElement":[{"@type":"ListItem","position":1,"name":"Home","item":"https:\/\/redfoxlotto.com\/sv\/"},{"@type":"ListItem","position":2,"name":"Hur man spelar lotterier i andra l\u00e4nder","item":"https:\/\/redfoxlotto.com\/sv\/spela\/"},{"@type":"ListItem","position":3,"name":"Hur man spelar New York Lottery i Storbritannien."}]},{"@type":"WebSite","@id":"https:\/\/redfoxlotto.com\/sv\/#website","url":"https:\/\/redfoxlotto.com\/sv\/","name":"Get Tickets for the World\u2019s largest jackpots","description":"Participate in worldwide lottery jackpots from any country","publisher":{"@id":"https:\/\/redfoxlotto.com\/sv\/#organization"},"potentialAction":[{"@type":"SearchAction","target":{"@type":"EntryPoint","urlTemplate":"https:\/\/redfoxlotto.com\/sv\/?s={search_term_string}"},"query-input":{"@type":"PropertyValueSpecification","valueRequired":true,"valueName":"search_term_string"}}],"inLanguage":"sv-SE"},{"@type":"Organization","@id":"https:\/\/redfoxlotto.com\/sv\/#organization","name":"Get Tickets for the World\u2019s largest jackpots","url":"https:\/\/redfoxlotto.com\/sv\/","logo":{"@type":"ImageObject","inLanguage":"sv-SE","@id":"https:\/\/redfoxlotto.com\/sv\/#\/schema\/logo\/image\/","url":"https:\/\/redfoxlotto.com\/wp-content\/uploads\/2023\/04\/logo.png","contentUrl":"https:\/\/redfoxlotto.com\/wp-content\/uploads\/2023\/04\/logo.png","width":269,"height":53,"caption":"Get Tickets for the World\u2019s largest jackpots"},"image":{"@id":"https:\/\/redfoxlotto.com\/sv\/#\/schema\/logo\/image\/"}}]}},"_links":{"self":[{"href":"https:\/\/redfoxlotto.com\/sv\/wp-json\/wp\/v2\/pages\/85319","targetHints":{"allow":["GET"]}}],"collection":[{"href":"https:\/\/redfoxlotto.com\/sv\/wp-json\/wp\/v2\/pages"}],"about":[{"href":"https:\/\/redfoxlotto.com\/sv\/wp-json\/wp\/v2\/types\/page"}],"author":[{"embeddable":true,"href":"https:\/\/redfoxlotto.com\/sv\/wp-json\/wp\/v2\/users\/8"}],"replies":[{"embeddable":true,"href":"https:\/\/redfoxlotto.com\/sv\/wp-json\/wp\/v2\/comments?post=85319"}],"version-history":[{"count":0,"href":"https:\/\/redfoxlotto.com\/sv\/wp-json\/wp\/v2\/pages\/85319\/revisions"}],"up":[{"embeddable":true,"href":"https:\/\/redfoxlotto.com\/sv\/wp-json\/wp\/v2\/pages\/5112"}],"wp:attachment":[{"href":"https:\/\/redfoxlotto.com\/sv\/wp-json\/wp\/v2\/media?parent=85319"}],"curies":[{"name":"wp","href":"https:\/\/api.w.org\/{rel}","templated":true}]}}