{"id":84536,"date":"2025-03-17T09:46:32","date_gmt":"2025-03-17T09:46:32","guid":{"rendered":"https:\/\/redfoxlotto.com\/?page_id=84536"},"modified":"2025-06-17T09:06:41","modified_gmt":"2025-06-17T09:06:41","slug":"scratchcards","status":"publish","type":"page","link":"https:\/\/redfoxlotto.com\/sv\/scratchcards\/","title":{"rendered":"Skraplotter"},"content":{"rendered":"<p>Om du gillar lotterier \u00e4r vi s\u00e4kra p\u00e5 att du ocks\u00e5 kommer att<strong>\u00e4lska att spela v\u00e5ra skraplotter online!<\/strong><\/p>\n<p>Skraplotter har alltid varit ett popul\u00e4rt till\u00e4gg till ett lotterik\u00f6p. N\u00e4stan alla lotteributiker p\u00e5 planeten s\u00e4ljer dem, och det finns en bra anledning till det. Medan man n\u00e4stan alltid f\u00e5r v\u00e4nta lite p\u00e5 resultatet n\u00e4r man spelar p\u00e5 lotteri, ger skraplotter dig ett omedelbart resultat.<\/p>\n<p>Och med v\u00e5ra skraplotter online beh\u00f6ver du inte ens hitta en lotteributik f\u00f6r att k\u00f6pa dem &#8211; du kan bara spela v\u00e5ra skraplotter online och ha mycket kul och sp\u00e4nning med att skrapa.<\/p>\n<h2><strong>Online skraplotter kommer snart upp p\u00e5 RedFoxLotto<\/strong><\/h2>\n<p><img loading=\"lazy\" decoding=\"async\" class=\" wp-image-83601 alignright\" src=\"https:\/\/redfoxlotto.com\/wp-content\/uploads\/2025\/03\/scratch_card_player-300x300.jpg\" alt=\"play scratch cards\" width=\"183\" height=\"183\" srcset=\"https:\/\/redfoxlotto.com\/wp-content\/uploads\/2025\/03\/scratch_card_player-300x300.jpg 300w, https:\/\/redfoxlotto.com\/wp-content\/uploads\/2025\/03\/scratch_card_player-150x150.jpg 150w, https:\/\/redfoxlotto.com\/wp-content\/uploads\/2025\/03\/scratch_card_player-100x100.jpg 100w, https:\/\/redfoxlotto.com\/wp-content\/uploads\/2025\/03\/scratch_card_player.jpg 307w\" sizes=\"auto, (max-width: 183px) 100vw, 183px\" \/><\/p>\n<ul>\n<li>Skraplottsspelen kommer att lanseras i b\u00f6rjan av april 2025.<\/li>\n<li>Missa inte lanseringen!<\/li>\n<li>Se till att du f\u00e5r v\u00e5ra kampanjmeddelanden &#8211; kontrollera din skr\u00e4ppostmapp och markera RedFoxLotto som en p\u00e5litlig e-postavs\u00e4ndare.<\/li>\n<\/ul>\n<p>Betalning \u00e4r ocks\u00e5 mycket bekv\u00e4mt &#8211; s\u00e4rskilt om du redan har ett kontosaldo p\u00e5 v\u00e5r webbplats. Det betyder att om du planerar att k\u00f6pa flera skraplotter b\u00f6r du g\u00f6ra en ins\u00e4ttning i din pl\u00e5nbok innan du b\u00f6rjar spela skraplotter.<\/p>\n<p>V\u00e4lj bara det kort du gillar b\u00e4st och klicka f\u00f6r att k\u00f6pa. Vi har flera coola layouter, och det finns skraplotter med olika priser och prisintervall.<\/p>\n<h2>Att spela v\u00e5ra skraplotter \u00e4r ganska enkelt<\/h2>\n<p>Sedan kan du antingen skrapa bort det \u00f6versta lagret manuellt med musen eller klicka p\u00e5 knappen \u201dsnabbskrapa\u201d f\u00f6r att avsl\u00f6ja all information som finns g\u00f6md p\u00e5 lotten.<\/p>\n<p>Dina vinster beror p\u00e5 de belopp som visas efter att du har skrapat bort det \u00f6versta lagret fr\u00e5n ditt kort. Om du har tre matchande belopp p\u00e5 din skraplott \u00e4r det det beloppet du vinner.<\/p>\n<h2>Vad h\u00e4nder efter en skraplottvinst?<\/h2>\n<p>Alla vinster kommer att l\u00e4ggas till p\u00e5 ditt konto omedelbart. Om ett kort vinner har du tv\u00e5 alternativ:<\/p>\n<ol>\n<li>Du kan stanna kvar p\u00e5 skraplottssidan och forts\u00e4tta anv\u00e4nda dina vinster f\u00f6r att k\u00f6pa fler skraplotter online<\/li>\n<li>St\u00e4ng skraplottssidan och dina vinster kommer att \u00f6verf\u00f6ras till ditt RedFoxLotto-spelarsaldo.<\/li>\n<\/ol>\n<p>N\u00e4r du har lagt till skraplottvinster till ditt spelarsaldo kan du anv\u00e4nda dem hur du vill &#8211; k\u00f6pa vanliga lotter, spela Keno, k\u00f6pa fler skraplotter online senare eller ta ut dina vinster.<\/p>\n<p>Till\u00e4gget av skraplotter online \u00e4r n\u00e5got som m\u00e5nga av v\u00e5ra kunder har efterfr\u00e5gat, och vi \u00e4r s\u00e4kra p\u00e5 att du ocks\u00e5 kommer att uppskatta denna upplevelse!<\/p>\n","protected":false},"excerpt":{"rendered":"<p>Om du gillar lotterier \u00e4r vi s\u00e4kra p\u00e5 att du ocks\u00e5 kommer att\u00e4lska att spela v\u00e5ra skraplotter online! Skraplotter har alltid varit ett popul\u00e4rt till\u00e4gg till ett lotterik\u00f6p. N\u00e4stan alla lotteributiker p\u00e5 planeten s\u00e4ljer dem, och det finns en bra anledning till det. Medan man n\u00e4stan alltid f\u00e5r v\u00e4nta lite p\u00e5 resultatet n\u00e4r man spelar [&hellip;]<\/p>\n","protected":false},"author":8,"featured_media":0,"parent":0,"menu_order":7,"comment_status":"closed","ping_status":"closed","template":"","meta":{"_et_pb_use_builder":"","_et_pb_old_content":"","_et_gb_content_width":"","exclude_from_search":false,"footnotes":""},"class_list":["post-84536","page","type-page","status-publish","hentry"],"yoast_head":"<!-- This site is optimized with the Yoast SEO plugin v23.8 - https:\/\/yoast.com\/wordpress\/plugins\/seo\/ -->\n<title>Spela skraplotter online | B\u00e4sta skraplotter med omedelbar vinst<\/title>\n<meta name=\"description\" content=\"Spela de b\u00e4sta skraplotterna online h\u00e4r - attraktiva skraplotter och fantastiska priser som kan vinnas direkt\" \/>\n<meta name=\"robots\" content=\"index, follow, max-snippet:-1, max-image-preview:large, max-video-preview:-1\" \/>\n<link rel=\"canonical\" href=\"https:\/\/redfoxlotto.com\/sv\/scratchcards\/\" \/>\n<meta property=\"og:locale\" content=\"sv_SE\" \/>\n<meta property=\"og:type\" content=\"article\" \/>\n<meta property=\"og:title\" content=\"Spela skraplotter online | B\u00e4sta skraplotter med omedelbar vinst\" \/>\n<meta property=\"og:description\" content=\"Spela de b\u00e4sta skraplotterna online h\u00e4r - attraktiva skraplotter och fantastiska priser som kan vinnas direkt\" \/>\n<meta property=\"og:url\" content=\"https:\/\/redfoxlotto.com\/sv\/scratchcards\/\" \/>\n<meta property=\"og:site_name\" content=\"Get Tickets for the World\u2019s largest jackpots\" \/>\n<meta property=\"article:modified_time\" content=\"2025-06-17T09:06:41+00:00\" \/>\n<meta property=\"og:image\" content=\"https:\/\/redfoxlotto.com\/wp-content\/uploads\/2025\/03\/scratch_card_player-300x300.jpg\" \/>\n<meta name=\"twitter:card\" content=\"summary_large_image\" \/>\n<meta name=\"twitter:label1\" content=\"Ber\u00e4knad l\u00e4stid\" \/>\n\t<meta name=\"twitter:data1\" content=\"2 minuter\" \/>\n<script type=\"application\/ld+json\" class=\"yoast-schema-graph\">{\"@context\":\"https:\/\/schema.org\",\"@graph\":[{\"@type\":\"WebPage\",\"@id\":\"https:\/\/redfoxlotto.com\/sv\/scratchcards\/\",\"url\":\"https:\/\/redfoxlotto.com\/sv\/scratchcards\/\",\"name\":\"Spela skraplotter online | B\u00e4sta skraplotter med omedelbar vinst\",\"isPartOf\":{\"@id\":\"https:\/\/redfoxlotto.com\/sv\/#website\"},\"primaryImageOfPage\":{\"@id\":\"https:\/\/redfoxlotto.com\/sv\/scratchcards\/#primaryimage\"},\"image\":{\"@id\":\"https:\/\/redfoxlotto.com\/sv\/scratchcards\/#primaryimage\"},\"thumbnailUrl\":\"https:\/\/redfoxlotto.com\/wp-content\/uploads\/2025\/03\/scratch_card_player-300x300.jpg\",\"datePublished\":\"2025-03-17T09:46:32+00:00\",\"dateModified\":\"2025-06-17T09:06:41+00:00\",\"description\":\"Spela de b\u00e4sta skraplotterna online h\u00e4r - attraktiva skraplotter och fantastiska priser som kan vinnas direkt\",\"breadcrumb\":{\"@id\":\"https:\/\/redfoxlotto.com\/sv\/scratchcards\/#breadcrumb\"},\"inLanguage\":\"sv-SE\",\"potentialAction\":[{\"@type\":\"ReadAction\",\"target\":[\"https:\/\/redfoxlotto.com\/sv\/scratchcards\/\"]}]},{\"@type\":\"ImageObject\",\"inLanguage\":\"sv-SE\",\"@id\":\"https:\/\/redfoxlotto.com\/sv\/scratchcards\/#primaryimage\",\"url\":\"https:\/\/redfoxlotto.com\/wp-content\/uploads\/2025\/03\/scratch_card_player-300x300.jpg\",\"contentUrl\":\"https:\/\/redfoxlotto.com\/wp-content\/uploads\/2025\/03\/scratch_card_player-300x300.jpg\"},{\"@type\":\"BreadcrumbList\",\"@id\":\"https:\/\/redfoxlotto.com\/sv\/scratchcards\/#breadcrumb\",\"itemListElement\":[{\"@type\":\"ListItem\",\"position\":1,\"name\":\"Home\",\"item\":\"https:\/\/redfoxlotto.com\/sv\/\"},{\"@type\":\"ListItem\",\"position\":2,\"name\":\"Skraplotter\"}]},{\"@type\":\"WebSite\",\"@id\":\"https:\/\/redfoxlotto.com\/sv\/#website\",\"url\":\"https:\/\/redfoxlotto.com\/sv\/\",\"name\":\"Get Tickets for the World\u2019s largest jackpots\",\"description\":\"Participate in worldwide lottery jackpots from any country\",\"publisher\":{\"@id\":\"https:\/\/redfoxlotto.com\/sv\/#organization\"},\"potentialAction\":[{\"@type\":\"SearchAction\",\"target\":{\"@type\":\"EntryPoint\",\"urlTemplate\":\"https:\/\/redfoxlotto.com\/sv\/?s={search_term_string}\"},\"query-input\":{\"@type\":\"PropertyValueSpecification\",\"valueRequired\":true,\"valueName\":\"search_term_string\"}}],\"inLanguage\":\"sv-SE\"},{\"@type\":\"Organization\",\"@id\":\"https:\/\/redfoxlotto.com\/sv\/#organization\",\"name\":\"Get Tickets for the World\u2019s largest jackpots\",\"url\":\"https:\/\/redfoxlotto.com\/sv\/\",\"logo\":{\"@type\":\"ImageObject\",\"inLanguage\":\"sv-SE\",\"@id\":\"https:\/\/redfoxlotto.com\/sv\/#\/schema\/logo\/image\/\",\"url\":\"https:\/\/redfoxlotto.com\/wp-content\/uploads\/2023\/04\/logo.png\",\"contentUrl\":\"https:\/\/redfoxlotto.com\/wp-content\/uploads\/2023\/04\/logo.png\",\"width\":269,\"height\":53,\"caption\":\"Get Tickets for the World\u2019s largest jackpots\"},\"image\":{\"@id\":\"https:\/\/redfoxlotto.com\/sv\/#\/schema\/logo\/image\/\"}}]}<\/script>\n<!-- \/ Yoast SEO plugin. -->","yoast_head_json":{"title":"Spela skraplotter online | B\u00e4sta skraplotter med omedelbar vinst","description":"Spela de b\u00e4sta skraplotterna online h\u00e4r - attraktiva skraplotter och fantastiska priser som kan vinnas direkt","robots":{"index":"index","follow":"follow","max-snippet":"max-snippet:-1","max-image-preview":"max-image-preview:large","max-video-preview":"max-video-preview:-1"},"canonical":"https:\/\/redfoxlotto.com\/sv\/scratchcards\/","og_locale":"sv_SE","og_type":"article","og_title":"Spela skraplotter online | B\u00e4sta skraplotter med omedelbar vinst","og_description":"Spela de b\u00e4sta skraplotterna online h\u00e4r - attraktiva skraplotter och fantastiska priser som kan vinnas direkt","og_url":"https:\/\/redfoxlotto.com\/sv\/scratchcards\/","og_site_name":"Get Tickets for the World\u2019s largest jackpots","article_modified_time":"2025-06-17T09:06:41+00:00","og_image":[{"url":"https:\/\/redfoxlotto.com\/wp-content\/uploads\/2025\/03\/scratch_card_player-300x300.jpg"}],"twitter_card":"summary_large_image","twitter_misc":{"Ber\u00e4knad l\u00e4stid":"2 minuter"},"schema":{"@context":"https:\/\/schema.org","@graph":[{"@type":"WebPage","@id":"https:\/\/redfoxlotto.com\/sv\/scratchcards\/","url":"https:\/\/redfoxlotto.com\/sv\/scratchcards\/","name":"Spela skraplotter online | B\u00e4sta skraplotter med omedelbar vinst","isPartOf":{"@id":"https:\/\/redfoxlotto.com\/sv\/#website"},"primaryImageOfPage":{"@id":"https:\/\/redfoxlotto.com\/sv\/scratchcards\/#primaryimage"},"image":{"@id":"https:\/\/redfoxlotto.com\/sv\/scratchcards\/#primaryimage"},"thumbnailUrl":"https:\/\/redfoxlotto.com\/wp-content\/uploads\/2025\/03\/scratch_card_player-300x300.jpg","datePublished":"2025-03-17T09:46:32+00:00","dateModified":"2025-06-17T09:06:41+00:00","description":"Spela de b\u00e4sta skraplotterna online h\u00e4r - attraktiva skraplotter och fantastiska priser som kan vinnas direkt","breadcrumb":{"@id":"https:\/\/redfoxlotto.com\/sv\/scratchcards\/#breadcrumb"},"inLanguage":"sv-SE","potentialAction":[{"@type":"ReadAction","target":["https:\/\/redfoxlotto.com\/sv\/scratchcards\/"]}]},{"@type":"ImageObject","inLanguage":"sv-SE","@id":"https:\/\/redfoxlotto.com\/sv\/scratchcards\/#primaryimage","url":"https:\/\/redfoxlotto.com\/wp-content\/uploads\/2025\/03\/scratch_card_player-300x300.jpg","contentUrl":"https:\/\/redfoxlotto.com\/wp-content\/uploads\/2025\/03\/scratch_card_player-300x300.jpg"},{"@type":"BreadcrumbList","@id":"https:\/\/redfoxlotto.com\/sv\/scratchcards\/#breadcrumb","itemListElement":[{"@type":"ListItem","position":1,"name":"Home","item":"https:\/\/redfoxlotto.com\/sv\/"},{"@type":"ListItem","position":2,"name":"Skraplotter"}]},{"@type":"WebSite","@id":"https:\/\/redfoxlotto.com\/sv\/#website","url":"https:\/\/redfoxlotto.com\/sv\/","name":"Get Tickets for the World\u2019s largest jackpots","description":"Participate in worldwide lottery jackpots from any country","publisher":{"@id":"https:\/\/redfoxlotto.com\/sv\/#organization"},"potentialAction":[{"@type":"SearchAction","target":{"@type":"EntryPoint","urlTemplate":"https:\/\/redfoxlotto.com\/sv\/?s={search_term_string}"},"query-input":{"@type":"PropertyValueSpecification","valueRequired":true,"valueName":"search_term_string"}}],"inLanguage":"sv-SE"},{"@type":"Organization","@id":"https:\/\/redfoxlotto.com\/sv\/#organization","name":"Get Tickets for the World\u2019s largest jackpots","url":"https:\/\/redfoxlotto.com\/sv\/","logo":{"@type":"ImageObject","inLanguage":"sv-SE","@id":"https:\/\/redfoxlotto.com\/sv\/#\/schema\/logo\/image\/","url":"https:\/\/redfoxlotto.com\/wp-content\/uploads\/2023\/04\/logo.png","contentUrl":"https:\/\/redfoxlotto.com\/wp-content\/uploads\/2023\/04\/logo.png","width":269,"height":53,"caption":"Get Tickets for the World\u2019s largest jackpots"},"image":{"@id":"https:\/\/redfoxlotto.com\/sv\/#\/schema\/logo\/image\/"}}]}},"_links":{"self":[{"href":"https:\/\/redfoxlotto.com\/sv\/wp-json\/wp\/v2\/pages\/84536","targetHints":{"allow":["GET"]}}],"collection":[{"href":"https:\/\/redfoxlotto.com\/sv\/wp-json\/wp\/v2\/pages"}],"about":[{"href":"https:\/\/redfoxlotto.com\/sv\/wp-json\/wp\/v2\/types\/page"}],"author":[{"embeddable":true,"href":"https:\/\/redfoxlotto.com\/sv\/wp-json\/wp\/v2\/users\/8"}],"replies":[{"embeddable":true,"href":"https:\/\/redfoxlotto.com\/sv\/wp-json\/wp\/v2\/comments?post=84536"}],"version-history":[{"count":0,"href":"https:\/\/redfoxlotto.com\/sv\/wp-json\/wp\/v2\/pages\/84536\/revisions"}],"wp:attachment":[{"href":"https:\/\/redfoxlotto.com\/sv\/wp-json\/wp\/v2\/media?parent=84536"}],"curies":[{"name":"wp","href":"https:\/\/api.w.org\/{rel}","templated":true}]}}