{"id":84446,"date":"2025-02-12T11:12:52","date_gmt":"2025-02-12T11:12:52","guid":{"rendered":"https:\/\/redfoxlotto.com\/?page_id=84446"},"modified":"2025-10-09T14:30:40","modified_gmt":"2025-10-09T14:30:40","slug":"keno","status":"publish","type":"page","link":"https:\/\/redfoxlotto.com\/sv\/keno\/","title":{"rendered":"Keno"},"content":{"rendered":"<h2>Vet du inte hur man spelar Keno online?<\/h2>\n<p>S\u00e5 du vet hur ett lotteri fungerar men har aldrig spelat Keno? L\u00e5t mig f\u00f6rklara hur man spelar Keno online. Det \u00e4r inte lika sv\u00e5rt att f\u00f6rst\u00e5, och v\u00e5r plattform g\u00f6r det enkelt att skapa en Keno-biljett.<\/p>\n<div class=\"keno-banner-wrapper\"><img decoding=\"async\" class=\"keno-banner-image\" src=\"https:\/\/redfoxlotto.com\/wp-content\/uploads\/2025\/10\/3-scaled.png\" alt=\"Keno Banner\" \/><br \/>\n<div class=\"keno-banner-overlay\"><div class=\"keno-banner-text\">H\u00f6gsta pris: \u20ac10,000,000<br>Dragningar var 30:e minut<\/div><a href=\"https:\/\/keno.redfoxlotto.com\/play\/diamond-keno\" class=\"keno-banner-button\">Spela Diamant Keno Nu<\/a><\/div><\/div>\n<div class=\"keno-banner-wrapper\"><img decoding=\"async\" class=\"keno-banner-image\" src=\"https:\/\/redfoxlotto.com\/wp-content\/uploads\/2025\/10\/1-scaled.png\" alt=\"Keno Banner\" \/><br \/>\n<div class=\"keno-banner-overlay\"><div class=\"keno-banner-text\">H\u00f6gsta pris: \u20ac5,000,000<br>Dragningar var 8:e minut<\/div><a href=\"https:\/\/keno.redfoxlotto.com\/play\/platinum-keno\" class=\"keno-banner-button\">Spela Platinum Keno nu<\/a><\/div><\/div>\n<div class=\"keno-banner-wrapper\"><img decoding=\"async\" class=\"keno-banner-image\" src=\"https:\/\/redfoxlotto.com\/wp-content\/uploads\/2025\/10\/2-scaled.png\" alt=\"Keno Banner\" \/><br \/>\n<div class=\"keno-banner-overlay\"><div class=\"keno-banner-text\">H\u00f6gsta pris: \u20ac2,000,000<br>Dragningar var 6:e minut<\/div><a href=\"https:\/\/keno.redfoxlotto.com\/play\/gold-keno\" class=\"keno-banner-button\">Spela  Gold Keno nu<\/a><\/div><\/div>\n<p><img loading=\"lazy\" decoding=\"async\" class=\"alignright size-medium wp-image-83635\" src=\"https:\/\/redfoxlotto.com\/wp-content\/uploads\/2025\/03\/keno_card-300x300.jpg\" alt=\"play keno online\" width=\"300\" height=\"300\" srcset=\"https:\/\/redfoxlotto.com\/wp-content\/uploads\/2025\/03\/keno_card-300x300.jpg 300w, https:\/\/redfoxlotto.com\/wp-content\/uploads\/2025\/03\/keno_card-150x150.jpg 150w, https:\/\/redfoxlotto.com\/wp-content\/uploads\/2025\/03\/keno_card-100x100.jpg 100w, https:\/\/redfoxlotto.com\/wp-content\/uploads\/2025\/03\/keno_card.jpg 307w\" sizes=\"auto, (max-width: 300px) 100vw, 300px\" \/><\/p>\n<h2>Skillnader mellan ett vanligt lotteri och Keno<\/h2>\n<p>N\u00e4r du spelar Keno har du mer kontroll \u00f6ver hur mycket du vill spendera p\u00e5 en lott, och du best\u00e4mmer ocks\u00e5 hur m\u00e5nga nummer du v\u00e4ljer.<\/p>\n<ul>\n<li><strong>Multiplikatorn<\/strong> &#8211; varje Keno-biljett har ett baspris (det l\u00e4gsta du m\u00e5ste betala f\u00f6r en biljett), men det finns ocks\u00e5 en multiplikatorfunktion. L\u00e5t oss s\u00e4ga att baspriset \u00e4r \u20ac1,00. Genom att v\u00e4lja en multiplikator p\u00e5 5 kommer din lott nu att kosta dig \u20ac5,00. Men samtidigt kommer det belopp du kan vinna att \u00f6ka med minst en faktor 5. F\u00f6r att vinna det h\u00f6gsta priset i varje utbetalningsniv\u00e5 m\u00e5ste du v\u00e4lja den h\u00f6gsta multiplikatorn. Multiplikatorn kan variera mellan 1 och 5, eller mellan 1 och 10. Om du vill se den faktiska utbetalningen klickar du p\u00e5 fliken \u201dInfo\u201d ovan s\u00e5 ser du en utbetalningstabell.<\/li>\n<li>Klicka p\u00e5 den multiplikator du vill v\u00e4lja, s\u00e5 visas utbetalningarna f\u00f6r den multiplikatorn.<\/li>\n<li><strong>Spela fler eller<\/strong> f\u00e4rre nummer &#8211; Du kan best\u00e4mma om du vill v\u00e4lja fler eller f\u00e4rre nummer f\u00f6r din biljett. \u00c5terigen, om du vill vinna toppriset, skulle du alltid beh\u00f6va v\u00e4lja det maximala, n\u00e4mligen 10 nummer. Men om du best\u00e4mmer dig f\u00f6r att bara spela 8 nummer kommer du att vinna mer pengar om alla eller n\u00e5gra av dem matchar de dragna numren. \u00c5terigen kommer tabellen p\u00e5 sidan \u201dInfo\u201d att visa dig utbetalningarna.<\/li>\n<li><strong>Fler nummer dras fr\u00e5n nummerserien<\/strong> &#8211; medan ett vanligt lotteri drar 5 eller 6 nummer fr\u00e5n en nummerpool p\u00e5 49 eller 60, \u00e4r detta annorlunda n\u00e4r du spelar Keno. F\u00f6r det f\u00f6rsta drar de flesta Keno-spel 20 nummer, men poolen med m\u00f6jliga nummer \u00e4r ocks\u00e5 st\u00f6rre (vanligtvis n\u00e5gonstans mellan 70 och 90 nummer). Men med 20 vinnande nummer beh\u00f6ver du bara matcha 10 av dem f\u00f6r att vinna ett stort pris. Det betyder att de totala oddsen n\u00e4r du spelar Keno online \u00e4r b\u00e4ttre j\u00e4mf\u00f6rt med de flesta vanliga lotterier.<\/li>\n<\/ul>\n<h2>S\u00e5 hur spelar jag Keno online?<\/h2>\n<p><strong>Allt du beh\u00f6ver g\u00f6ra f\u00f6r att spela Keno online \u00e4r att f\u00f6lja stegen nedan:<\/strong><\/p>\n<ul>\n<li>Klicka p\u00e5 en av Keno-banners p\u00e5 den h\u00e4r sidan<\/li>\n<li>V\u00e4lj hur m\u00e5nga nummer du vill spela<\/li>\n<li>V\u00e4lj multiplikator och kontrollera priset f\u00f6r biljetten (justera multiplikatorn om det beh\u00f6vs)<\/li>\n<li>V\u00e4lj dina nummer (eller anv\u00e4nd Quick Pick-funktionen f\u00f6r att generera slumpm\u00e4ssiga nummer)<\/li>\n<li>L\u00e4gg till fler lotter f\u00f6r samma Keno-dragning om du vill<\/li>\n<li>Best\u00e4m om du vill att din lott eller dina lotter ska delta i en dragning eller flera dragningar<\/li>\n<li>Betala f\u00f6r dina lotter (du m\u00e5ste skapa ett nytt konto p\u00e5 v\u00e5r webbplats om du inte redan har ett, eller logga in p\u00e5 ditt befintliga konto)<\/li>\n<\/ul>\n<h2>Bara n\u00e5gra minuter innan n\u00e4sta dragning kommer upp<\/h2>\n<p>De flesta Keno-lotterier drar varannan minut, s\u00e5 du beh\u00f6ver inte v\u00e4nta l\u00e4nge f\u00f6r att f\u00e5 reda p\u00e5 om du har vunnit. Varje g\u00e5ng en Keno-lotteridragning kommer upp medan du \u00e4r p\u00e5 v\u00e5r webbplats, ett popup-f\u00f6nster visas och strax efter det, du kommer att se en dragningsanimationsvideo. N\u00e4r popup-f\u00f6nstret visas b\u00f6r du fortfarande kunna k\u00f6pa en lott f\u00f6r att spela i den kommande dragningen. Men \u00e4ven om du missar n\u00e4sta dragning kan du alltid skapa en biljett till n\u00e4sta kommande dragning, som bara \u00e4r n\u00e5gra minuter bort!<\/p>\n<p>Keno-dragningarna \u00e4r virtuella dragningar, d\u00e4r numren genereras av en certifierad slumptalsgenerator. P\u00e5 s\u00e5 s\u00e4tt kan du vara s\u00e4ker p\u00e5 att n\u00e4r du spelar Keno online p\u00e5 v\u00e5r webbplats \u00e4r spelet alltid r\u00e4ttvist.<\/p>\n<p>F\u00f6rresten, det h\u00e4r \u00e4r inte ett offentligt lotteri, d\u00e4r du kan k\u00f6pa biljetter n\u00e5gonstans p\u00e5 en<\/p>\n<p>lotterif\u00f6rs\u00e4ljningsst\u00e4lle. Det \u00e4r d\u00e4rf\u00f6r du inte f\u00e5r n\u00e5gon skannad lott f\u00f6r Keno-spelen, ist\u00e4llet f\u00e5r du bara en bekr\u00e4ftelse p\u00e5 ditt spelarkonto.<\/p>\n","protected":false},"excerpt":{"rendered":"<p>Vet du inte hur man spelar Keno online? S\u00e5 du vet hur ett lotteri fungerar men har aldrig spelat Keno? L\u00e5t mig f\u00f6rklara hur man spelar Keno online. Det \u00e4r inte lika sv\u00e5rt att f\u00f6rst\u00e5, och v\u00e5r plattform g\u00f6r det enkelt att skapa en Keno-biljett. Skillnader mellan ett vanligt lotteri och Keno N\u00e4r du spelar [&hellip;]<\/p>\n","protected":false},"author":8,"featured_media":0,"parent":0,"menu_order":5,"comment_status":"closed","ping_status":"closed","template":"","meta":{"_et_pb_use_builder":"","_et_pb_old_content":"","_et_gb_content_width":"","exclude_from_search":false,"footnotes":""},"class_list":["post-84446","page","type-page","status-publish","hentry"],"yoast_head":"<!-- This site is optimized with the Yoast SEO plugin v23.8 - https:\/\/yoast.com\/wordpress\/plugins\/seo\/ -->\n<title>Hur man spelar Keno online | Regler och strategi f\u00f6r Keno online<\/title>\n<meta name=\"description\" content=\"Vill du vinna stort p\u00e5 Keno? Hur man spelar Keno online f\u00f6r toppriser p\u00e5 upp till 10 miljoner euro, med dragningar som aldrig \u00e4r mer \u00e4n n\u00e5gra minuter bort\" \/>\n<meta name=\"robots\" content=\"index, follow, max-snippet:-1, max-image-preview:large, max-video-preview:-1\" \/>\n<link rel=\"canonical\" href=\"https:\/\/redfoxlotto.com\/sv\/keno\/\" \/>\n<meta property=\"og:locale\" content=\"sv_SE\" \/>\n<meta property=\"og:type\" content=\"article\" \/>\n<meta property=\"og:title\" content=\"Hur man spelar Keno online | Regler och strategi f\u00f6r Keno online\" \/>\n<meta property=\"og:description\" content=\"Vill du vinna stort p\u00e5 Keno? Hur man spelar Keno online f\u00f6r toppriser p\u00e5 upp till 10 miljoner euro, med dragningar som aldrig \u00e4r mer \u00e4n n\u00e5gra minuter bort\" \/>\n<meta property=\"og:url\" content=\"https:\/\/redfoxlotto.com\/sv\/keno\/\" \/>\n<meta property=\"og:site_name\" content=\"Get Tickets for the World\u2019s largest jackpots\" \/>\n<meta property=\"article:modified_time\" content=\"2025-10-09T14:30:40+00:00\" \/>\n<meta property=\"og:image\" content=\"https:\/\/redfoxlotto.com\/wp-content\/uploads\/2025\/10\/3-scaled.png\" \/>\n<meta name=\"twitter:card\" content=\"summary_large_image\" \/>\n<meta name=\"twitter:label1\" content=\"Ber\u00e4knad l\u00e4stid\" \/>\n\t<meta name=\"twitter:data1\" content=\"4 minuter\" \/>\n<script type=\"application\/ld+json\" class=\"yoast-schema-graph\">{\"@context\":\"https:\/\/schema.org\",\"@graph\":[{\"@type\":\"WebPage\",\"@id\":\"https:\/\/redfoxlotto.com\/sv\/keno\/\",\"url\":\"https:\/\/redfoxlotto.com\/sv\/keno\/\",\"name\":\"Hur man spelar Keno online | Regler och strategi f\u00f6r Keno online\",\"isPartOf\":{\"@id\":\"https:\/\/redfoxlotto.com\/sv\/#website\"},\"primaryImageOfPage\":{\"@id\":\"https:\/\/redfoxlotto.com\/sv\/keno\/#primaryimage\"},\"image\":{\"@id\":\"https:\/\/redfoxlotto.com\/sv\/keno\/#primaryimage\"},\"thumbnailUrl\":\"https:\/\/redfoxlotto.com\/wp-content\/uploads\/2025\/10\/3-scaled.png\",\"datePublished\":\"2025-02-12T11:12:52+00:00\",\"dateModified\":\"2025-10-09T14:30:40+00:00\",\"description\":\"Vill du vinna stort p\u00e5 Keno? Hur man spelar Keno online f\u00f6r toppriser p\u00e5 upp till 10 miljoner euro, med dragningar som aldrig \u00e4r mer \u00e4n n\u00e5gra minuter bort\",\"breadcrumb\":{\"@id\":\"https:\/\/redfoxlotto.com\/sv\/keno\/#breadcrumb\"},\"inLanguage\":\"sv-SE\",\"potentialAction\":[{\"@type\":\"ReadAction\",\"target\":[\"https:\/\/redfoxlotto.com\/sv\/keno\/\"]}]},{\"@type\":\"ImageObject\",\"inLanguage\":\"sv-SE\",\"@id\":\"https:\/\/redfoxlotto.com\/sv\/keno\/#primaryimage\",\"url\":\"https:\/\/redfoxlotto.com\/wp-content\/uploads\/2025\/10\/3-scaled.png\",\"contentUrl\":\"https:\/\/redfoxlotto.com\/wp-content\/uploads\/2025\/10\/3-scaled.png\"},{\"@type\":\"BreadcrumbList\",\"@id\":\"https:\/\/redfoxlotto.com\/sv\/keno\/#breadcrumb\",\"itemListElement\":[{\"@type\":\"ListItem\",\"position\":1,\"name\":\"Home\",\"item\":\"https:\/\/redfoxlotto.com\/sv\/\"},{\"@type\":\"ListItem\",\"position\":2,\"name\":\"Keno\"}]},{\"@type\":\"WebSite\",\"@id\":\"https:\/\/redfoxlotto.com\/sv\/#website\",\"url\":\"https:\/\/redfoxlotto.com\/sv\/\",\"name\":\"Get Tickets for the World\u2019s largest jackpots\",\"description\":\"Participate in worldwide lottery jackpots from any country\",\"publisher\":{\"@id\":\"https:\/\/redfoxlotto.com\/sv\/#organization\"},\"potentialAction\":[{\"@type\":\"SearchAction\",\"target\":{\"@type\":\"EntryPoint\",\"urlTemplate\":\"https:\/\/redfoxlotto.com\/sv\/?s={search_term_string}\"},\"query-input\":{\"@type\":\"PropertyValueSpecification\",\"valueRequired\":true,\"valueName\":\"search_term_string\"}}],\"inLanguage\":\"sv-SE\"},{\"@type\":\"Organization\",\"@id\":\"https:\/\/redfoxlotto.com\/sv\/#organization\",\"name\":\"Get Tickets for the World\u2019s largest jackpots\",\"url\":\"https:\/\/redfoxlotto.com\/sv\/\",\"logo\":{\"@type\":\"ImageObject\",\"inLanguage\":\"sv-SE\",\"@id\":\"https:\/\/redfoxlotto.com\/sv\/#\/schema\/logo\/image\/\",\"url\":\"https:\/\/redfoxlotto.com\/wp-content\/uploads\/2023\/04\/logo.png\",\"contentUrl\":\"https:\/\/redfoxlotto.com\/wp-content\/uploads\/2023\/04\/logo.png\",\"width\":269,\"height\":53,\"caption\":\"Get Tickets for the World\u2019s largest jackpots\"},\"image\":{\"@id\":\"https:\/\/redfoxlotto.com\/sv\/#\/schema\/logo\/image\/\"}}]}<\/script>\n<!-- \/ Yoast SEO plugin. -->","yoast_head_json":{"title":"Hur man spelar Keno online | Regler och strategi f\u00f6r Keno online","description":"Vill du vinna stort p\u00e5 Keno? Hur man spelar Keno online f\u00f6r toppriser p\u00e5 upp till 10 miljoner euro, med dragningar som aldrig \u00e4r mer \u00e4n n\u00e5gra minuter bort","robots":{"index":"index","follow":"follow","max-snippet":"max-snippet:-1","max-image-preview":"max-image-preview:large","max-video-preview":"max-video-preview:-1"},"canonical":"https:\/\/redfoxlotto.com\/sv\/keno\/","og_locale":"sv_SE","og_type":"article","og_title":"Hur man spelar Keno online | Regler och strategi f\u00f6r Keno online","og_description":"Vill du vinna stort p\u00e5 Keno? Hur man spelar Keno online f\u00f6r toppriser p\u00e5 upp till 10 miljoner euro, med dragningar som aldrig \u00e4r mer \u00e4n n\u00e5gra minuter bort","og_url":"https:\/\/redfoxlotto.com\/sv\/keno\/","og_site_name":"Get Tickets for the World\u2019s largest jackpots","article_modified_time":"2025-10-09T14:30:40+00:00","og_image":[{"url":"https:\/\/redfoxlotto.com\/wp-content\/uploads\/2025\/10\/3-scaled.png"}],"twitter_card":"summary_large_image","twitter_misc":{"Ber\u00e4knad l\u00e4stid":"4 minuter"},"schema":{"@context":"https:\/\/schema.org","@graph":[{"@type":"WebPage","@id":"https:\/\/redfoxlotto.com\/sv\/keno\/","url":"https:\/\/redfoxlotto.com\/sv\/keno\/","name":"Hur man spelar Keno online | Regler och strategi f\u00f6r Keno online","isPartOf":{"@id":"https:\/\/redfoxlotto.com\/sv\/#website"},"primaryImageOfPage":{"@id":"https:\/\/redfoxlotto.com\/sv\/keno\/#primaryimage"},"image":{"@id":"https:\/\/redfoxlotto.com\/sv\/keno\/#primaryimage"},"thumbnailUrl":"https:\/\/redfoxlotto.com\/wp-content\/uploads\/2025\/10\/3-scaled.png","datePublished":"2025-02-12T11:12:52+00:00","dateModified":"2025-10-09T14:30:40+00:00","description":"Vill du vinna stort p\u00e5 Keno? Hur man spelar Keno online f\u00f6r toppriser p\u00e5 upp till 10 miljoner euro, med dragningar som aldrig \u00e4r mer \u00e4n n\u00e5gra minuter bort","breadcrumb":{"@id":"https:\/\/redfoxlotto.com\/sv\/keno\/#breadcrumb"},"inLanguage":"sv-SE","potentialAction":[{"@type":"ReadAction","target":["https:\/\/redfoxlotto.com\/sv\/keno\/"]}]},{"@type":"ImageObject","inLanguage":"sv-SE","@id":"https:\/\/redfoxlotto.com\/sv\/keno\/#primaryimage","url":"https:\/\/redfoxlotto.com\/wp-content\/uploads\/2025\/10\/3-scaled.png","contentUrl":"https:\/\/redfoxlotto.com\/wp-content\/uploads\/2025\/10\/3-scaled.png"},{"@type":"BreadcrumbList","@id":"https:\/\/redfoxlotto.com\/sv\/keno\/#breadcrumb","itemListElement":[{"@type":"ListItem","position":1,"name":"Home","item":"https:\/\/redfoxlotto.com\/sv\/"},{"@type":"ListItem","position":2,"name":"Keno"}]},{"@type":"WebSite","@id":"https:\/\/redfoxlotto.com\/sv\/#website","url":"https:\/\/redfoxlotto.com\/sv\/","name":"Get Tickets for the World\u2019s largest jackpots","description":"Participate in worldwide lottery jackpots from any country","publisher":{"@id":"https:\/\/redfoxlotto.com\/sv\/#organization"},"potentialAction":[{"@type":"SearchAction","target":{"@type":"EntryPoint","urlTemplate":"https:\/\/redfoxlotto.com\/sv\/?s={search_term_string}"},"query-input":{"@type":"PropertyValueSpecification","valueRequired":true,"valueName":"search_term_string"}}],"inLanguage":"sv-SE"},{"@type":"Organization","@id":"https:\/\/redfoxlotto.com\/sv\/#organization","name":"Get Tickets for the World\u2019s largest jackpots","url":"https:\/\/redfoxlotto.com\/sv\/","logo":{"@type":"ImageObject","inLanguage":"sv-SE","@id":"https:\/\/redfoxlotto.com\/sv\/#\/schema\/logo\/image\/","url":"https:\/\/redfoxlotto.com\/wp-content\/uploads\/2023\/04\/logo.png","contentUrl":"https:\/\/redfoxlotto.com\/wp-content\/uploads\/2023\/04\/logo.png","width":269,"height":53,"caption":"Get Tickets for the World\u2019s largest jackpots"},"image":{"@id":"https:\/\/redfoxlotto.com\/sv\/#\/schema\/logo\/image\/"}}]}},"_links":{"self":[{"href":"https:\/\/redfoxlotto.com\/sv\/wp-json\/wp\/v2\/pages\/84446","targetHints":{"allow":["GET"]}}],"collection":[{"href":"https:\/\/redfoxlotto.com\/sv\/wp-json\/wp\/v2\/pages"}],"about":[{"href":"https:\/\/redfoxlotto.com\/sv\/wp-json\/wp\/v2\/types\/page"}],"author":[{"embeddable":true,"href":"https:\/\/redfoxlotto.com\/sv\/wp-json\/wp\/v2\/users\/8"}],"replies":[{"embeddable":true,"href":"https:\/\/redfoxlotto.com\/sv\/wp-json\/wp\/v2\/comments?post=84446"}],"version-history":[{"count":0,"href":"https:\/\/redfoxlotto.com\/sv\/wp-json\/wp\/v2\/pages\/84446\/revisions"}],"wp:attachment":[{"href":"https:\/\/redfoxlotto.com\/sv\/wp-json\/wp\/v2\/media?parent=84446"}],"curies":[{"name":"wp","href":"https:\/\/api.w.org\/{rel}","templated":true}]}}