{"id":5595,"date":"2018-11-18T08:54:25","date_gmt":"2018-11-18T08:54:25","guid":{"rendered":"https:\/\/redfoxlotto.com\/?page_id=5595"},"modified":"2019-11-19T16:20:33","modified_gmt":"2019-11-19T16:20:33","slug":"saturday-lotto-au","status":"publish","type":"page","link":"https:\/\/redfoxlotto.com\/sv\/resultaten\/saturday-lotto-au\/","title":{"rendered":"Vinnande nummer f\u00f6r Australiens l\u00f6rdagslotto"},"content":{"rendered":"<p><img loading=\"lazy\" decoding=\"async\" class=\" wp-image alignright\" src=\"https:\/\/content.redfoxlotto.com\/uploads\/sites\/9\/1_draw_lottery_results.jpg\" alt=\"Saturday Lotto\" width=\"254\" height=\"254\" \/><\/p><p>S\u00e5 snart dragningen \u00e4r klar kommer resultaten f\u00f6r L\u00f6rdags Loterriet att visas h\u00e4r. Informationen inkluderar vinnande nummer, den uppskattade n\u00e4sta jackpotten och prisbeloppet f\u00f6r de olika prisniv\u00e5erna.<\/p><p>Om du vill se information om tidigare L\u00f6rdags Lotteri dragningar kan du anv\u00e4nda arkivet genom att klicka p\u00e5 rullgardinsmenyn. Arkivet visar informationen under de senaste tre \u00e5ren.<\/p><h2 class=\"wp-block-heading\">Siffror och utbetalningsuppgifter f\u00f6r alla andra lotterier<\/h2><p><img decoding=\"async\" class=\"size-full wp-image alignright\" src=\"https:\/\/content.redfoxlotto.com\/uploads\/sites\/9\/1_draw_lottery_numbers.jpg\" alt=\"vinnande nummer\"><\/p><p>Klicka p\u00e5 huvudmenyn &#8221;Resultat&#8221; \u00f6verst f\u00f6r en \u00f6versikt \u00f6ver sidan av alla de senaste lotteri dragningar. Det tar dig till en sida med alla lotterier. P\u00e5 den sidan kan du se de sista dragna siffrorna samt det totala beloppet som betalats ut f\u00f6r varje lotteri.<\/p><p>Du kan ocks\u00e5 anv\u00e4nda den h\u00e4r \u00f6versikten \u00f6ver vinnande nummer f\u00f6r att f\u00e5 n\u00e5gra id\u00e9er om vilka nummer du ska v\u00e4lja f\u00f6r din n\u00e4sta lotteri lott (f\u00f6r L\u00f6rdags Loteriet eller n\u00e5got annat lotteri). Anv\u00e4nd &#8221;kalla&#8221; nummer (nummer som inte visas i n\u00e5got av de senaste resultaten), eller heta nummer (nummer som har vunnit i flera lotterier). Eller s\u00e5 kan du blanda kalla och heta nummer och l\u00e4gga till n\u00e5gra av dina egna lyckosiffror!<\/p><h2 class=\"wp-block-heading\">Det enklaste och snabbaste s\u00e4ttet att kontrollera om din lott har vunnit<\/h2><p>F\u00f6r att j\u00e4mf\u00f6ra de vinnande siffrorna mot de nummer du valde f\u00f6r din lott, kan du ocks\u00e5 klicka p\u00e5 menyn uppe till h\u00f6ger &#8221;Mitt konto \/ Mina lotter&#8221;. I det h\u00e4r omr\u00e5det kan du se alla tidigare och aktiva lotter. I en kolumn kan du omedelbart se om en av dina lotter har vunnit, samt prisbeloppet.<\/p><p>Klicka p\u00e5 f\u00f6rstoringsglasets symbol (p\u00e5 h\u00f6ger sida) f\u00f6r vilken lott som helst, s\u00e5 ser du dragresultaten och dina nummer bredvid varandra. Alla nummer p\u00e5 din lott som matchar dragningen kommer ocks\u00e5 att markeras passande.<\/p>","protected":false},"excerpt":{"rendered":"<p>S\u00e5 snart dragningen \u00e4r klar kommer resultaten f\u00f6r L\u00f6rdags Loterriet att visas h\u00e4r. Informationen inkluderar vinnande nummer, den uppskattade n\u00e4sta jackpotten och prisbeloppet f\u00f6r de olika prisniv\u00e5erna. Om du vill se information om tidigare L\u00f6rdags Lotteri dragningar kan du anv\u00e4nda arkivet genom att klicka p\u00e5 rullgardinsmenyn. Arkivet visar informationen under de senaste tre \u00e5ren. Siffror [&hellip;]<\/p>\n","protected":false},"author":1,"featured_media":0,"parent":5102,"menu_order":22,"comment_status":"closed","ping_status":"closed","template":"saturday-lotto-results.php","meta":{"_et_pb_use_builder":"","_et_pb_old_content":"","_et_gb_content_width":"","exclude_from_search":false,"footnotes":""},"class_list":["post-5595","page","type-page","status-publish","hentry"],"yoast_head":"<!-- This site is optimized with the Yoast SEO plugin v23.8 - https:\/\/yoast.com\/wordpress\/plugins\/seo\/ -->\n<title>L\u00f6rdags Lotteriets resultat<\/title>\n<meta name=\"description\" content=\"L\u00f6rdags Lotteriets resultat p\u00e5 RedFoxLotto\" \/>\n<meta name=\"robots\" content=\"index, follow, max-snippet:-1, max-image-preview:large, max-video-preview:-1\" \/>\n<link rel=\"canonical\" href=\"https:\/\/redfoxlotto.com\/sv\/resultaten\/saturday-lotto-au\/\" \/>\n<meta property=\"og:locale\" content=\"sv_SE\" \/>\n<meta property=\"og:type\" content=\"article\" \/>\n<meta property=\"og:title\" content=\"L\u00f6rdags Lotteriets resultat\" \/>\n<meta property=\"og:description\" content=\"L\u00f6rdags Lotteriets resultat p\u00e5 RedFoxLotto\" \/>\n<meta property=\"og:url\" content=\"https:\/\/redfoxlotto.com\/sv\/resultaten\/saturday-lotto-au\/\" \/>\n<meta property=\"og:site_name\" content=\"Get Tickets for the World\u2019s largest jackpots\" \/>\n<meta property=\"article:modified_time\" content=\"2019-11-19T16:20:33+00:00\" \/>\n<meta property=\"og:image\" content=\"https:\/\/content.redfoxlotto.com\/uploads\/sites\/9\/1_draw_lottery_results.jpg\" \/>\n<meta name=\"twitter:card\" content=\"summary_large_image\" \/>\n<meta name=\"twitter:label1\" content=\"Ber\u00e4knad l\u00e4stid\" \/>\n\t<meta name=\"twitter:data1\" content=\"2 minuter\" \/>\n<script type=\"application\/ld+json\" class=\"yoast-schema-graph\">{\"@context\":\"https:\/\/schema.org\",\"@graph\":[{\"@type\":\"WebPage\",\"@id\":\"https:\/\/redfoxlotto.com\/sv\/resultaten\/saturday-lotto-au\/\",\"url\":\"https:\/\/redfoxlotto.com\/sv\/resultaten\/saturday-lotto-au\/\",\"name\":\"L\u00f6rdags Lotteriets resultat\",\"isPartOf\":{\"@id\":\"https:\/\/redfoxlotto.com\/sv\/#website\"},\"primaryImageOfPage\":{\"@id\":\"https:\/\/redfoxlotto.com\/sv\/resultaten\/saturday-lotto-au\/#primaryimage\"},\"image\":{\"@id\":\"https:\/\/redfoxlotto.com\/sv\/resultaten\/saturday-lotto-au\/#primaryimage\"},\"thumbnailUrl\":\"https:\/\/content.redfoxlotto.com\/uploads\/sites\/9\/1_draw_lottery_results.jpg\",\"datePublished\":\"2018-11-18T08:54:25+00:00\",\"dateModified\":\"2019-11-19T16:20:33+00:00\",\"description\":\"L\u00f6rdags Lotteriets resultat p\u00e5 RedFoxLotto\",\"breadcrumb\":{\"@id\":\"https:\/\/redfoxlotto.com\/sv\/resultaten\/saturday-lotto-au\/#breadcrumb\"},\"inLanguage\":\"sv-SE\",\"potentialAction\":[{\"@type\":\"ReadAction\",\"target\":[\"https:\/\/redfoxlotto.com\/sv\/resultaten\/saturday-lotto-au\/\"]}]},{\"@type\":\"ImageObject\",\"inLanguage\":\"sv-SE\",\"@id\":\"https:\/\/redfoxlotto.com\/sv\/resultaten\/saturday-lotto-au\/#primaryimage\",\"url\":\"https:\/\/content.redfoxlotto.com\/uploads\/sites\/9\/1_draw_lottery_results.jpg\",\"contentUrl\":\"https:\/\/content.redfoxlotto.com\/uploads\/sites\/9\/1_draw_lottery_results.jpg\"},{\"@type\":\"BreadcrumbList\",\"@id\":\"https:\/\/redfoxlotto.com\/sv\/resultaten\/saturday-lotto-au\/#breadcrumb\",\"itemListElement\":[{\"@type\":\"ListItem\",\"position\":1,\"name\":\"Home\",\"item\":\"https:\/\/redfoxlotto.com\/sv\/\"},{\"@type\":\"ListItem\",\"position\":2,\"name\":\"Internationellt lotteri Resultat\",\"item\":\"https:\/\/redfoxlotto.com\/sv\/resultaten\/\"},{\"@type\":\"ListItem\",\"position\":3,\"name\":\"Vinnande nummer f\u00f6r Australiens l\u00f6rdagslotto\"}]},{\"@type\":\"WebSite\",\"@id\":\"https:\/\/redfoxlotto.com\/sv\/#website\",\"url\":\"https:\/\/redfoxlotto.com\/sv\/\",\"name\":\"Get Tickets for the World\u2019s largest jackpots\",\"description\":\"Participate in worldwide lottery jackpots from any country\",\"publisher\":{\"@id\":\"https:\/\/redfoxlotto.com\/sv\/#organization\"},\"potentialAction\":[{\"@type\":\"SearchAction\",\"target\":{\"@type\":\"EntryPoint\",\"urlTemplate\":\"https:\/\/redfoxlotto.com\/sv\/?s={search_term_string}\"},\"query-input\":{\"@type\":\"PropertyValueSpecification\",\"valueRequired\":true,\"valueName\":\"search_term_string\"}}],\"inLanguage\":\"sv-SE\"},{\"@type\":\"Organization\",\"@id\":\"https:\/\/redfoxlotto.com\/sv\/#organization\",\"name\":\"Get Tickets for the World\u2019s largest jackpots\",\"url\":\"https:\/\/redfoxlotto.com\/sv\/\",\"logo\":{\"@type\":\"ImageObject\",\"inLanguage\":\"sv-SE\",\"@id\":\"https:\/\/redfoxlotto.com\/sv\/#\/schema\/logo\/image\/\",\"url\":\"https:\/\/redfoxlotto.com\/wp-content\/uploads\/2023\/04\/logo.png\",\"contentUrl\":\"https:\/\/redfoxlotto.com\/wp-content\/uploads\/2023\/04\/logo.png\",\"width\":269,\"height\":53,\"caption\":\"Get Tickets for the World\u2019s largest jackpots\"},\"image\":{\"@id\":\"https:\/\/redfoxlotto.com\/sv\/#\/schema\/logo\/image\/\"}}]}<\/script>\n<!-- \/ Yoast SEO plugin. -->","yoast_head_json":{"title":"L\u00f6rdags Lotteriets resultat","description":"L\u00f6rdags Lotteriets resultat p\u00e5 RedFoxLotto","robots":{"index":"index","follow":"follow","max-snippet":"max-snippet:-1","max-image-preview":"max-image-preview:large","max-video-preview":"max-video-preview:-1"},"canonical":"https:\/\/redfoxlotto.com\/sv\/resultaten\/saturday-lotto-au\/","og_locale":"sv_SE","og_type":"article","og_title":"L\u00f6rdags Lotteriets resultat","og_description":"L\u00f6rdags Lotteriets resultat p\u00e5 RedFoxLotto","og_url":"https:\/\/redfoxlotto.com\/sv\/resultaten\/saturday-lotto-au\/","og_site_name":"Get Tickets for the World\u2019s largest jackpots","article_modified_time":"2019-11-19T16:20:33+00:00","og_image":[{"url":"https:\/\/content.redfoxlotto.com\/uploads\/sites\/9\/1_draw_lottery_results.jpg"}],"twitter_card":"summary_large_image","twitter_misc":{"Ber\u00e4knad l\u00e4stid":"2 minuter"},"schema":{"@context":"https:\/\/schema.org","@graph":[{"@type":"WebPage","@id":"https:\/\/redfoxlotto.com\/sv\/resultaten\/saturday-lotto-au\/","url":"https:\/\/redfoxlotto.com\/sv\/resultaten\/saturday-lotto-au\/","name":"L\u00f6rdags Lotteriets resultat","isPartOf":{"@id":"https:\/\/redfoxlotto.com\/sv\/#website"},"primaryImageOfPage":{"@id":"https:\/\/redfoxlotto.com\/sv\/resultaten\/saturday-lotto-au\/#primaryimage"},"image":{"@id":"https:\/\/redfoxlotto.com\/sv\/resultaten\/saturday-lotto-au\/#primaryimage"},"thumbnailUrl":"https:\/\/content.redfoxlotto.com\/uploads\/sites\/9\/1_draw_lottery_results.jpg","datePublished":"2018-11-18T08:54:25+00:00","dateModified":"2019-11-19T16:20:33+00:00","description":"L\u00f6rdags Lotteriets resultat p\u00e5 RedFoxLotto","breadcrumb":{"@id":"https:\/\/redfoxlotto.com\/sv\/resultaten\/saturday-lotto-au\/#breadcrumb"},"inLanguage":"sv-SE","potentialAction":[{"@type":"ReadAction","target":["https:\/\/redfoxlotto.com\/sv\/resultaten\/saturday-lotto-au\/"]}]},{"@type":"ImageObject","inLanguage":"sv-SE","@id":"https:\/\/redfoxlotto.com\/sv\/resultaten\/saturday-lotto-au\/#primaryimage","url":"https:\/\/content.redfoxlotto.com\/uploads\/sites\/9\/1_draw_lottery_results.jpg","contentUrl":"https:\/\/content.redfoxlotto.com\/uploads\/sites\/9\/1_draw_lottery_results.jpg"},{"@type":"BreadcrumbList","@id":"https:\/\/redfoxlotto.com\/sv\/resultaten\/saturday-lotto-au\/#breadcrumb","itemListElement":[{"@type":"ListItem","position":1,"name":"Home","item":"https:\/\/redfoxlotto.com\/sv\/"},{"@type":"ListItem","position":2,"name":"Internationellt lotteri Resultat","item":"https:\/\/redfoxlotto.com\/sv\/resultaten\/"},{"@type":"ListItem","position":3,"name":"Vinnande nummer f\u00f6r Australiens l\u00f6rdagslotto"}]},{"@type":"WebSite","@id":"https:\/\/redfoxlotto.com\/sv\/#website","url":"https:\/\/redfoxlotto.com\/sv\/","name":"Get Tickets for the World\u2019s largest jackpots","description":"Participate in worldwide lottery jackpots from any country","publisher":{"@id":"https:\/\/redfoxlotto.com\/sv\/#organization"},"potentialAction":[{"@type":"SearchAction","target":{"@type":"EntryPoint","urlTemplate":"https:\/\/redfoxlotto.com\/sv\/?s={search_term_string}"},"query-input":{"@type":"PropertyValueSpecification","valueRequired":true,"valueName":"search_term_string"}}],"inLanguage":"sv-SE"},{"@type":"Organization","@id":"https:\/\/redfoxlotto.com\/sv\/#organization","name":"Get Tickets for the World\u2019s largest jackpots","url":"https:\/\/redfoxlotto.com\/sv\/","logo":{"@type":"ImageObject","inLanguage":"sv-SE","@id":"https:\/\/redfoxlotto.com\/sv\/#\/schema\/logo\/image\/","url":"https:\/\/redfoxlotto.com\/wp-content\/uploads\/2023\/04\/logo.png","contentUrl":"https:\/\/redfoxlotto.com\/wp-content\/uploads\/2023\/04\/logo.png","width":269,"height":53,"caption":"Get Tickets for the World\u2019s largest jackpots"},"image":{"@id":"https:\/\/redfoxlotto.com\/sv\/#\/schema\/logo\/image\/"}}]}},"_links":{"self":[{"href":"https:\/\/redfoxlotto.com\/sv\/wp-json\/wp\/v2\/pages\/5595","targetHints":{"allow":["GET"]}}],"collection":[{"href":"https:\/\/redfoxlotto.com\/sv\/wp-json\/wp\/v2\/pages"}],"about":[{"href":"https:\/\/redfoxlotto.com\/sv\/wp-json\/wp\/v2\/types\/page"}],"author":[{"embeddable":true,"href":"https:\/\/redfoxlotto.com\/sv\/wp-json\/wp\/v2\/users\/1"}],"replies":[{"embeddable":true,"href":"https:\/\/redfoxlotto.com\/sv\/wp-json\/wp\/v2\/comments?post=5595"}],"version-history":[{"count":0,"href":"https:\/\/redfoxlotto.com\/sv\/wp-json\/wp\/v2\/pages\/5595\/revisions"}],"up":[{"embeddable":true,"href":"https:\/\/redfoxlotto.com\/sv\/wp-json\/wp\/v2\/pages\/5102"}],"wp:attachment":[{"href":"https:\/\/redfoxlotto.com\/sv\/wp-json\/wp\/v2\/media?parent=5595"}],"curies":[{"name":"wp","href":"https:\/\/api.w.org\/{rel}","templated":true}]}}