{"id":5577,"date":"2023-04-24T18:19:55","date_gmt":"2023-04-24T18:19:55","guid":{"rendered":"https:\/\/redfoxlotto.com\/?page_id=5577"},"modified":"2026-01-11T08:52:54","modified_gmt":"2026-01-11T08:52:54","slug":"powerball-au","status":"publish","type":"page","link":"https:\/\/redfoxlotto.com\/sv\/spela\/powerball-au\/","title":{"rendered":"Powerball fr\u00e5n underifr\u00e5n &#8211; hur man spelar"},"content":{"rendered":"<p><img loading=\"lazy\" decoding=\"async\" class=\" wp-image alignright\" src=\"https:\/\/content.redfoxlotto.com\/uploads\/sites\/9\/2_ticket_powerball_au.jpg\" alt=\"Powerball Australien online\" width=\"155\" height=\"296\" \/><\/p>\n<p>Varje vecka, p\u00e5 torsdagskv\u00e4llen, engagerar Powerball Australia hela nationen. Tv\u00e5 upps\u00e4ttningar nummer dras fr\u00e5n tv\u00e5 trummor. I den f\u00f6rsta trumman finns 35 nummer fr\u00e5n 1 till 35, och i den andra finns nummer fr\u00e5n 1 till 20.<\/p>\n<p>Den f\u00f6rsta trumman drar sju nummer, medan den andra endast drar ett nummer. Detta nummer (mellan 1 och 20) \u00e4r Powerball. H\u00f6gsta vinsten tilldelas den spelare som matchar alla sju nummer samt Powerball.<\/p>\n<h2 id=\"h-how-do-i-get-started\">Hur kommer jag ig\u00e5ng?<\/h2>\n<p>Australier spelar vanligtvis genom att betala AU$ 2,20 hos en lotteri\u00e5terf\u00f6rs\u00e4ljare. Att registrera sig hos RedFoxLotto och spela online \u00e4r d\u00e4remot enkelt, snabbt och smidigt, och kan g\u00f6ras fr\u00e5n hela v\u00e4rlden.<\/p>\n<p><img loading=\"lazy\" decoding=\"async\" class=\" wp-image alignright\" src=\"https:\/\/content.redfoxlotto.com\/uploads\/sites\/9\/1_lottery_win_luxury_house.jpg\" alt=\"Spela Australian Powerball\" width=\"184\" height=\"138\" \/> Kom ih\u00e5g att dragningen sker kl. 20:30 australiensisk \u00f6stlig tid. F\u00f6r att spela Powerball Australia var du \u00e4n befinner dig via RedFoxLotto, v\u00e4lj bara dina nummer h\u00e4r. En nylig vinnare i Sydney tog hem AU$107 miljoner i detta Powerball-spel. \u00c4ven utan <a href=\"https:\/\/redfoxlotto.com\/sv\/spela\/powerball\/\">Powerball<\/a> kan du vinna en stor del av potten genom att matcha alla sju nummer fr\u00e5n den f\u00f6rsta trumman \u2013 ofta ett sexsiffrigt belopp.<\/p>\n<h2 id=\"h-play-the-online-powerball-australia-lottery\">Spela Powerball Australia online<\/h2>\n<p>Till skillnad fr\u00e5n m\u00e5nga lotterier som anv\u00e4nder nummer mellan 1 och 49 eller 1 och 59, har <a href=\"https:\/\/redfoxlotto.com\/sv\/lotteri\/powerball\/\">Powerball<\/a> Australia en betydligt mindre nummerpool med endast 35 nummer, vilket kraftigt \u00f6kar vinstchanserna.<\/p>\n<p>Att matcha sex nummer utan Powerball har en chans p\u00e5 cirka 1 p\u00e5 36 000. Vinsten varierar men \u00f6verstiger ofta AU$500. Tusentals spelare ser fram emot torsdag kv\u00e4ll varje vecka.<\/p>\n<h2 id=\"h-how-do-i-finance-my-online-account\">Hur finansierar jag mitt onlinekonto?<\/h2>\n<p>RedFoxLotto erbjuder flera <a href=\"https:\/\/redfoxlotto.com\/sv\/hur-betalar-man-for-inkop-pa-natet\/\">betalningsmetoder<\/a> f\u00f6r att s\u00e4tta in pengar p\u00e5 ditt konto och spela Powerball Australia online. Efter en enkel verifiering att du \u00e4r \u00f6ver 18 \u00e5r och n\u00e5gra personuppgifter kan kontot fyllas p\u00e5 p\u00e5 flera s\u00e4tt.<\/p>\n<p>RedFoxLotto accepterar MasterCard, Visa, bank\u00f6verf\u00f6ringar och till och med <a href=\"https:\/\/redfoxlotto.com\/use-bitcoin-to-pay-when-you-play-the-lottery-online\/\">Bitcoin<\/a>.<\/p>\n","protected":false},"excerpt":{"rendered":"<p>Varje vecka, p\u00e5 torsdagskv\u00e4llen, engagerar Powerball Australia hela nationen. Tv\u00e5 upps\u00e4ttningar nummer dras fr\u00e5n tv\u00e5 trummor. I den f\u00f6rsta trumman finns 35 nummer fr\u00e5n 1 till 35, och i den andra finns nummer fr\u00e5n 1 till 20. Den f\u00f6rsta trumman drar sju nummer, medan den andra endast drar ett nummer. Detta nummer (mellan 1 och [&hellip;]<\/p>\n","protected":false},"author":1,"featured_media":0,"parent":5112,"menu_order":17,"comment_status":"closed","ping_status":"closed","template":"powerball-au.php","meta":{"_et_pb_use_builder":"","_et_pb_old_content":"","_et_gb_content_width":"","exclude_from_search":false,"footnotes":""},"class_list":["post-5577","page","type-page","status-publish","hentry"],"yoast_head":"<!-- This site is optimized with the Yoast SEO plugin v27.3 - https:\/\/yoast.com\/product\/yoast-seo-wordpress\/ -->\n<title>Spela Powerball Australiska Lotteriet Online<\/title>\n<meta name=\"description\" content=\"Australiens favoritlotteri \u00e4r nu tillg\u00e4ngligt online \u00f6ver hela v\u00e4rlden\" \/>\n<meta name=\"robots\" content=\"index, follow, max-snippet:-1, max-image-preview:large, max-video-preview:-1\" \/>\n<link rel=\"canonical\" href=\"https:\/\/redfoxlotto.com\/sv\/spela\/powerball-au\/\" \/>\n<meta property=\"og:locale\" content=\"sv_SE\" \/>\n<meta property=\"og:type\" content=\"article\" \/>\n<meta property=\"og:title\" content=\"Spela Powerball Australiska Lotteriet Online\" \/>\n<meta property=\"og:description\" content=\"Australiens favoritlotteri \u00e4r nu tillg\u00e4ngligt online \u00f6ver hela v\u00e4rlden\" \/>\n<meta property=\"og:url\" content=\"https:\/\/redfoxlotto.com\/sv\/spela\/powerball-au\/\" \/>\n<meta property=\"og:site_name\" content=\"Get Tickets for the World\u2019s largest jackpots\" \/>\n<meta property=\"article:modified_time\" content=\"2026-01-11T08:52:54+00:00\" \/>\n<meta property=\"og:image\" content=\"https:\/\/content.redfoxlotto.com\/uploads\/sites\/9\/2_ticket_powerball_au.jpg\" \/>\n<meta name=\"twitter:card\" content=\"summary_large_image\" \/>\n<meta name=\"twitter:label1\" content=\"Ber\u00e4knad l\u00e4stid\" \/>\n\t<meta name=\"twitter:data1\" content=\"2 minuter\" \/>\n<script type=\"application\/ld+json\" class=\"yoast-schema-graph\">{\"@context\":\"https:\\\/\\\/schema.org\",\"@graph\":[{\"@type\":\"WebPage\",\"@id\":\"https:\\\/\\\/redfoxlotto.com\\\/sv\\\/spela\\\/powerball-au\\\/\",\"url\":\"https:\\\/\\\/redfoxlotto.com\\\/sv\\\/spela\\\/powerball-au\\\/\",\"name\":\"Spela Powerball Australiska Lotteriet Online\",\"isPartOf\":{\"@id\":\"https:\\\/\\\/redfoxlotto.com\\\/sv\\\/#website\"},\"primaryImageOfPage\":{\"@id\":\"https:\\\/\\\/redfoxlotto.com\\\/sv\\\/spela\\\/powerball-au\\\/#primaryimage\"},\"image\":{\"@id\":\"https:\\\/\\\/redfoxlotto.com\\\/sv\\\/spela\\\/powerball-au\\\/#primaryimage\"},\"thumbnailUrl\":\"https:\\\/\\\/content.redfoxlotto.com\\\/uploads\\\/sites\\\/9\\\/2_ticket_powerball_au.jpg\",\"datePublished\":\"2023-04-24T18:19:55+00:00\",\"dateModified\":\"2026-01-11T08:52:54+00:00\",\"description\":\"Australiens favoritlotteri \u00e4r nu tillg\u00e4ngligt online \u00f6ver hela v\u00e4rlden\",\"breadcrumb\":{\"@id\":\"https:\\\/\\\/redfoxlotto.com\\\/sv\\\/spela\\\/powerball-au\\\/#breadcrumb\"},\"inLanguage\":\"sv-SE\",\"potentialAction\":[{\"@type\":\"ReadAction\",\"target\":[\"https:\\\/\\\/redfoxlotto.com\\\/sv\\\/spela\\\/powerball-au\\\/\"]}]},{\"@type\":\"ImageObject\",\"inLanguage\":\"sv-SE\",\"@id\":\"https:\\\/\\\/redfoxlotto.com\\\/sv\\\/spela\\\/powerball-au\\\/#primaryimage\",\"url\":\"https:\\\/\\\/content.redfoxlotto.com\\\/uploads\\\/sites\\\/9\\\/2_ticket_powerball_au.jpg\",\"contentUrl\":\"https:\\\/\\\/content.redfoxlotto.com\\\/uploads\\\/sites\\\/9\\\/2_ticket_powerball_au.jpg\"},{\"@type\":\"BreadcrumbList\",\"@id\":\"https:\\\/\\\/redfoxlotto.com\\\/sv\\\/spela\\\/powerball-au\\\/#breadcrumb\",\"itemListElement\":[{\"@type\":\"ListItem\",\"position\":1,\"name\":\"Home\",\"item\":\"https:\\\/\\\/redfoxlotto.com\\\/sv\\\/\"},{\"@type\":\"ListItem\",\"position\":2,\"name\":\"Hur man spelar lotterier i andra l\u00e4nder\",\"item\":\"https:\\\/\\\/redfoxlotto.com\\\/sv\\\/spela\\\/\"},{\"@type\":\"ListItem\",\"position\":3,\"name\":\"Powerball fr\u00e5n underifr\u00e5n &#8211; hur man spelar\"}]},{\"@type\":\"WebSite\",\"@id\":\"https:\\\/\\\/redfoxlotto.com\\\/sv\\\/#website\",\"url\":\"https:\\\/\\\/redfoxlotto.com\\\/sv\\\/\",\"name\":\"Get Tickets for the World\u2019s largest jackpots\",\"description\":\"Participate in worldwide lottery jackpots from any country\",\"publisher\":{\"@id\":\"https:\\\/\\\/redfoxlotto.com\\\/sv\\\/#organization\"},\"potentialAction\":[{\"@type\":\"SearchAction\",\"target\":{\"@type\":\"EntryPoint\",\"urlTemplate\":\"https:\\\/\\\/redfoxlotto.com\\\/sv\\\/?s={search_term_string}\"},\"query-input\":{\"@type\":\"PropertyValueSpecification\",\"valueRequired\":true,\"valueName\":\"search_term_string\"}}],\"inLanguage\":\"sv-SE\"},{\"@type\":\"Organization\",\"@id\":\"https:\\\/\\\/redfoxlotto.com\\\/sv\\\/#organization\",\"name\":\"Get Tickets for the World\u2019s largest jackpots\",\"url\":\"https:\\\/\\\/redfoxlotto.com\\\/sv\\\/\",\"logo\":{\"@type\":\"ImageObject\",\"inLanguage\":\"sv-SE\",\"@id\":\"https:\\\/\\\/redfoxlotto.com\\\/sv\\\/#\\\/schema\\\/logo\\\/image\\\/\",\"url\":\"https:\\\/\\\/redfoxlotto.com\\\/wp-content\\\/uploads\\\/2023\\\/04\\\/logo.png\",\"contentUrl\":\"https:\\\/\\\/redfoxlotto.com\\\/wp-content\\\/uploads\\\/2023\\\/04\\\/logo.png\",\"width\":269,\"height\":53,\"caption\":\"Get Tickets for the World\u2019s largest jackpots\"},\"image\":{\"@id\":\"https:\\\/\\\/redfoxlotto.com\\\/sv\\\/#\\\/schema\\\/logo\\\/image\\\/\"}}]}<\/script>\n<!-- \/ Yoast SEO plugin. -->","yoast_head_json":{"title":"Spela Powerball Australiska Lotteriet Online","description":"Australiens favoritlotteri \u00e4r nu tillg\u00e4ngligt online \u00f6ver hela v\u00e4rlden","robots":{"index":"index","follow":"follow","max-snippet":"max-snippet:-1","max-image-preview":"max-image-preview:large","max-video-preview":"max-video-preview:-1"},"canonical":"https:\/\/redfoxlotto.com\/sv\/spela\/powerball-au\/","og_locale":"sv_SE","og_type":"article","og_title":"Spela Powerball Australiska Lotteriet Online","og_description":"Australiens favoritlotteri \u00e4r nu tillg\u00e4ngligt online \u00f6ver hela v\u00e4rlden","og_url":"https:\/\/redfoxlotto.com\/sv\/spela\/powerball-au\/","og_site_name":"Get Tickets for the World\u2019s largest jackpots","article_modified_time":"2026-01-11T08:52:54+00:00","og_image":[{"url":"https:\/\/content.redfoxlotto.com\/uploads\/sites\/9\/2_ticket_powerball_au.jpg","type":"","width":"","height":""}],"twitter_card":"summary_large_image","twitter_misc":{"Ber\u00e4knad l\u00e4stid":"2 minuter"},"schema":{"@context":"https:\/\/schema.org","@graph":[{"@type":"WebPage","@id":"https:\/\/redfoxlotto.com\/sv\/spela\/powerball-au\/","url":"https:\/\/redfoxlotto.com\/sv\/spela\/powerball-au\/","name":"Spela Powerball Australiska Lotteriet Online","isPartOf":{"@id":"https:\/\/redfoxlotto.com\/sv\/#website"},"primaryImageOfPage":{"@id":"https:\/\/redfoxlotto.com\/sv\/spela\/powerball-au\/#primaryimage"},"image":{"@id":"https:\/\/redfoxlotto.com\/sv\/spela\/powerball-au\/#primaryimage"},"thumbnailUrl":"https:\/\/content.redfoxlotto.com\/uploads\/sites\/9\/2_ticket_powerball_au.jpg","datePublished":"2023-04-24T18:19:55+00:00","dateModified":"2026-01-11T08:52:54+00:00","description":"Australiens favoritlotteri \u00e4r nu tillg\u00e4ngligt online \u00f6ver hela v\u00e4rlden","breadcrumb":{"@id":"https:\/\/redfoxlotto.com\/sv\/spela\/powerball-au\/#breadcrumb"},"inLanguage":"sv-SE","potentialAction":[{"@type":"ReadAction","target":["https:\/\/redfoxlotto.com\/sv\/spela\/powerball-au\/"]}]},{"@type":"ImageObject","inLanguage":"sv-SE","@id":"https:\/\/redfoxlotto.com\/sv\/spela\/powerball-au\/#primaryimage","url":"https:\/\/content.redfoxlotto.com\/uploads\/sites\/9\/2_ticket_powerball_au.jpg","contentUrl":"https:\/\/content.redfoxlotto.com\/uploads\/sites\/9\/2_ticket_powerball_au.jpg"},{"@type":"BreadcrumbList","@id":"https:\/\/redfoxlotto.com\/sv\/spela\/powerball-au\/#breadcrumb","itemListElement":[{"@type":"ListItem","position":1,"name":"Home","item":"https:\/\/redfoxlotto.com\/sv\/"},{"@type":"ListItem","position":2,"name":"Hur man spelar lotterier i andra l\u00e4nder","item":"https:\/\/redfoxlotto.com\/sv\/spela\/"},{"@type":"ListItem","position":3,"name":"Powerball fr\u00e5n underifr\u00e5n &#8211; hur man spelar"}]},{"@type":"WebSite","@id":"https:\/\/redfoxlotto.com\/sv\/#website","url":"https:\/\/redfoxlotto.com\/sv\/","name":"Get Tickets for the World\u2019s largest jackpots","description":"Participate in worldwide lottery jackpots from any country","publisher":{"@id":"https:\/\/redfoxlotto.com\/sv\/#organization"},"potentialAction":[{"@type":"SearchAction","target":{"@type":"EntryPoint","urlTemplate":"https:\/\/redfoxlotto.com\/sv\/?s={search_term_string}"},"query-input":{"@type":"PropertyValueSpecification","valueRequired":true,"valueName":"search_term_string"}}],"inLanguage":"sv-SE"},{"@type":"Organization","@id":"https:\/\/redfoxlotto.com\/sv\/#organization","name":"Get Tickets for the World\u2019s largest jackpots","url":"https:\/\/redfoxlotto.com\/sv\/","logo":{"@type":"ImageObject","inLanguage":"sv-SE","@id":"https:\/\/redfoxlotto.com\/sv\/#\/schema\/logo\/image\/","url":"https:\/\/redfoxlotto.com\/wp-content\/uploads\/2023\/04\/logo.png","contentUrl":"https:\/\/redfoxlotto.com\/wp-content\/uploads\/2023\/04\/logo.png","width":269,"height":53,"caption":"Get Tickets for the World\u2019s largest jackpots"},"image":{"@id":"https:\/\/redfoxlotto.com\/sv\/#\/schema\/logo\/image\/"}}]}},"_links":{"self":[{"href":"https:\/\/redfoxlotto.com\/sv\/wp-json\/wp\/v2\/pages\/5577","targetHints":{"allow":["GET"]}}],"collection":[{"href":"https:\/\/redfoxlotto.com\/sv\/wp-json\/wp\/v2\/pages"}],"about":[{"href":"https:\/\/redfoxlotto.com\/sv\/wp-json\/wp\/v2\/types\/page"}],"author":[{"embeddable":true,"href":"https:\/\/redfoxlotto.com\/sv\/wp-json\/wp\/v2\/users\/1"}],"replies":[{"embeddable":true,"href":"https:\/\/redfoxlotto.com\/sv\/wp-json\/wp\/v2\/comments?post=5577"}],"version-history":[{"count":0,"href":"https:\/\/redfoxlotto.com\/sv\/wp-json\/wp\/v2\/pages\/5577\/revisions"}],"up":[{"embeddable":true,"href":"https:\/\/redfoxlotto.com\/sv\/wp-json\/wp\/v2\/pages\/5112"}],"wp:attachment":[{"href":"https:\/\/redfoxlotto.com\/sv\/wp-json\/wp\/v2\/media?parent=5577"}],"curies":[{"name":"wp","href":"https:\/\/api.w.org\/{rel}","templated":true}]}}