{"id":5558,"date":"2020-04-16T13:14:59","date_gmt":"2020-04-16T13:14:59","guid":{"rendered":"https:\/\/redfoxlotto.com\/?page_id=5558"},"modified":"2019-11-19T13:39:37","modified_gmt":"2019-11-19T13:39:37","slug":"lotto-fr","status":"publish","type":"page","link":"https:\/\/redfoxlotto.com\/sv\/resultaten\/lotto-fr\/","title":{"rendered":"Franska lotteriresultat"},"content":{"rendered":"<p>ill du se till att du kan f\u00e5 vinnande nummer s\u00e5 enkelt som m\u00f6jligt? Vi ska titta p\u00e5 de franska lotteriresultaten och precis vad de kan betyda f\u00f6r dig.<\/p><!--more read more--><h2 class=\"wp-block-heading\">Hitta det Franska Lotteriresultatet<\/h2><p>Det enklaste s\u00e4ttet \u00e4r att kolla dem h\u00e4r p\u00e5 v\u00e5r webbplats. Om du har k\u00f6pt en lott hos oss kommer de matchande vinnande numren att markeras i din lott. Du f\u00e5r ocks\u00e5 ett e-postmeddelande n\u00e4r du vinner.<\/p><h2 class=\"wp-block-heading\">F\u00f6rst\u00e5 prisniv\u00e5erna<\/h2><p>N\u00e4r du hittar de vinnande resultaten vill du titta n\u00e4rmare p\u00e5 saker som listan \u00f6ver prisniv\u00e5er och vilka nummer du faktiskt har r\u00e4tt.<\/p><p>Om du bara har n\u00e5gra f\u00e5 nummer r\u00e4tt, kommer du faktiskt att vinna ett pris. Men om du f\u00e5r fyra av dem f\u00e5r du ett ganska bra belopp och om du f\u00e5r minst fyra med bonusbollen kommer det verkligen att g\u00e5 bra. Att f\u00e5 bara fyra av bollarna r\u00e4tt med bonusen kommer faktiskt att ge dig mer av en utbetalning \u00e4n att f\u00e5 fem r\u00e4tt utan bonusen.<\/p>","protected":false},"excerpt":{"rendered":"<p>ill du se till att du kan f\u00e5 vinnande nummer s\u00e5 enkelt som m\u00f6jligt? Vi ska titta p\u00e5 de franska lotteriresultaten och precis vad de kan betyda f\u00f6r dig.<\/p>\n","protected":false},"author":1,"featured_media":0,"parent":5102,"menu_order":32,"comment_status":"closed","ping_status":"closed","template":"lotto-fr-results.php","meta":{"_et_pb_use_builder":"","_et_pb_old_content":"","_et_gb_content_width":"","exclude_from_search":false,"footnotes":""},"class_list":["post-5558","page","type-page","status-publish","hentry"],"yoast_head":"<!-- This site is optimized with the Yoast SEO plugin v23.8 - https:\/\/yoast.com\/wordpress\/plugins\/seo\/ -->\n<title>Hitta dina franska lotteriresultat<\/title>\n<meta name=\"description\" content=\"Att hitta de franska lotteriresultaten \u00e4r enkelt och l\u00e4tt eftersom allt du beh\u00f6ver g\u00f6ra \u00e4r att kolla in dem h\u00e4r\" \/>\n<meta name=\"robots\" content=\"index, follow, max-snippet:-1, max-image-preview:large, max-video-preview:-1\" \/>\n<link rel=\"canonical\" href=\"https:\/\/redfoxlotto.com\/sv\/resultaten\/lotto-fr\/\" \/>\n<meta property=\"og:locale\" content=\"sv_SE\" \/>\n<meta property=\"og:type\" content=\"article\" \/>\n<meta property=\"og:title\" content=\"Hitta dina franska lotteriresultat\" \/>\n<meta property=\"og:description\" content=\"Att hitta de franska lotteriresultaten \u00e4r enkelt och l\u00e4tt eftersom allt du beh\u00f6ver g\u00f6ra \u00e4r att kolla in dem h\u00e4r\" \/>\n<meta property=\"og:url\" content=\"https:\/\/redfoxlotto.com\/sv\/resultaten\/lotto-fr\/\" \/>\n<meta property=\"og:site_name\" content=\"Get Tickets for the World\u2019s largest jackpots\" \/>\n<meta property=\"article:modified_time\" content=\"2019-11-19T13:39:37+00:00\" \/>\n<meta name=\"twitter:card\" content=\"summary_large_image\" \/>\n<meta name=\"twitter:label1\" content=\"Ber\u00e4knad l\u00e4stid\" \/>\n\t<meta name=\"twitter:data1\" content=\"1 minut\" \/>\n<script type=\"application\/ld+json\" class=\"yoast-schema-graph\">{\"@context\":\"https:\/\/schema.org\",\"@graph\":[{\"@type\":\"WebPage\",\"@id\":\"https:\/\/redfoxlotto.com\/sv\/resultaten\/lotto-fr\/\",\"url\":\"https:\/\/redfoxlotto.com\/sv\/resultaten\/lotto-fr\/\",\"name\":\"Hitta dina franska lotteriresultat\",\"isPartOf\":{\"@id\":\"https:\/\/redfoxlotto.com\/sv\/#website\"},\"datePublished\":\"2020-04-16T13:14:59+00:00\",\"dateModified\":\"2019-11-19T13:39:37+00:00\",\"description\":\"Att hitta de franska lotteriresultaten \u00e4r enkelt och l\u00e4tt eftersom allt du beh\u00f6ver g\u00f6ra \u00e4r att kolla in dem h\u00e4r\",\"breadcrumb\":{\"@id\":\"https:\/\/redfoxlotto.com\/sv\/resultaten\/lotto-fr\/#breadcrumb\"},\"inLanguage\":\"sv-SE\",\"potentialAction\":[{\"@type\":\"ReadAction\",\"target\":[\"https:\/\/redfoxlotto.com\/sv\/resultaten\/lotto-fr\/\"]}]},{\"@type\":\"BreadcrumbList\",\"@id\":\"https:\/\/redfoxlotto.com\/sv\/resultaten\/lotto-fr\/#breadcrumb\",\"itemListElement\":[{\"@type\":\"ListItem\",\"position\":1,\"name\":\"Home\",\"item\":\"https:\/\/redfoxlotto.com\/sv\/\"},{\"@type\":\"ListItem\",\"position\":2,\"name\":\"Internationellt lotteri Resultat\",\"item\":\"https:\/\/redfoxlotto.com\/sv\/resultaten\/\"},{\"@type\":\"ListItem\",\"position\":3,\"name\":\"Franska lotteriresultat\"}]},{\"@type\":\"WebSite\",\"@id\":\"https:\/\/redfoxlotto.com\/sv\/#website\",\"url\":\"https:\/\/redfoxlotto.com\/sv\/\",\"name\":\"Get Tickets for the World\u2019s largest jackpots\",\"description\":\"Participate in worldwide lottery jackpots from any country\",\"publisher\":{\"@id\":\"https:\/\/redfoxlotto.com\/sv\/#organization\"},\"potentialAction\":[{\"@type\":\"SearchAction\",\"target\":{\"@type\":\"EntryPoint\",\"urlTemplate\":\"https:\/\/redfoxlotto.com\/sv\/?s={search_term_string}\"},\"query-input\":{\"@type\":\"PropertyValueSpecification\",\"valueRequired\":true,\"valueName\":\"search_term_string\"}}],\"inLanguage\":\"sv-SE\"},{\"@type\":\"Organization\",\"@id\":\"https:\/\/redfoxlotto.com\/sv\/#organization\",\"name\":\"Get Tickets for the World\u2019s largest jackpots\",\"url\":\"https:\/\/redfoxlotto.com\/sv\/\",\"logo\":{\"@type\":\"ImageObject\",\"inLanguage\":\"sv-SE\",\"@id\":\"https:\/\/redfoxlotto.com\/sv\/#\/schema\/logo\/image\/\",\"url\":\"https:\/\/redfoxlotto.com\/wp-content\/uploads\/2023\/04\/logo.png\",\"contentUrl\":\"https:\/\/redfoxlotto.com\/wp-content\/uploads\/2023\/04\/logo.png\",\"width\":269,\"height\":53,\"caption\":\"Get Tickets for the World\u2019s largest jackpots\"},\"image\":{\"@id\":\"https:\/\/redfoxlotto.com\/sv\/#\/schema\/logo\/image\/\"}}]}<\/script>\n<!-- \/ Yoast SEO plugin. -->","yoast_head_json":{"title":"Hitta dina franska lotteriresultat","description":"Att hitta de franska lotteriresultaten \u00e4r enkelt och l\u00e4tt eftersom allt du beh\u00f6ver g\u00f6ra \u00e4r att kolla in dem h\u00e4r","robots":{"index":"index","follow":"follow","max-snippet":"max-snippet:-1","max-image-preview":"max-image-preview:large","max-video-preview":"max-video-preview:-1"},"canonical":"https:\/\/redfoxlotto.com\/sv\/resultaten\/lotto-fr\/","og_locale":"sv_SE","og_type":"article","og_title":"Hitta dina franska lotteriresultat","og_description":"Att hitta de franska lotteriresultaten \u00e4r enkelt och l\u00e4tt eftersom allt du beh\u00f6ver g\u00f6ra \u00e4r att kolla in dem h\u00e4r","og_url":"https:\/\/redfoxlotto.com\/sv\/resultaten\/lotto-fr\/","og_site_name":"Get Tickets for the World\u2019s largest jackpots","article_modified_time":"2019-11-19T13:39:37+00:00","twitter_card":"summary_large_image","twitter_misc":{"Ber\u00e4knad l\u00e4stid":"1 minut"},"schema":{"@context":"https:\/\/schema.org","@graph":[{"@type":"WebPage","@id":"https:\/\/redfoxlotto.com\/sv\/resultaten\/lotto-fr\/","url":"https:\/\/redfoxlotto.com\/sv\/resultaten\/lotto-fr\/","name":"Hitta dina franska lotteriresultat","isPartOf":{"@id":"https:\/\/redfoxlotto.com\/sv\/#website"},"datePublished":"2020-04-16T13:14:59+00:00","dateModified":"2019-11-19T13:39:37+00:00","description":"Att hitta de franska lotteriresultaten \u00e4r enkelt och l\u00e4tt eftersom allt du beh\u00f6ver g\u00f6ra \u00e4r att kolla in dem h\u00e4r","breadcrumb":{"@id":"https:\/\/redfoxlotto.com\/sv\/resultaten\/lotto-fr\/#breadcrumb"},"inLanguage":"sv-SE","potentialAction":[{"@type":"ReadAction","target":["https:\/\/redfoxlotto.com\/sv\/resultaten\/lotto-fr\/"]}]},{"@type":"BreadcrumbList","@id":"https:\/\/redfoxlotto.com\/sv\/resultaten\/lotto-fr\/#breadcrumb","itemListElement":[{"@type":"ListItem","position":1,"name":"Home","item":"https:\/\/redfoxlotto.com\/sv\/"},{"@type":"ListItem","position":2,"name":"Internationellt lotteri Resultat","item":"https:\/\/redfoxlotto.com\/sv\/resultaten\/"},{"@type":"ListItem","position":3,"name":"Franska lotteriresultat"}]},{"@type":"WebSite","@id":"https:\/\/redfoxlotto.com\/sv\/#website","url":"https:\/\/redfoxlotto.com\/sv\/","name":"Get Tickets for the World\u2019s largest jackpots","description":"Participate in worldwide lottery jackpots from any country","publisher":{"@id":"https:\/\/redfoxlotto.com\/sv\/#organization"},"potentialAction":[{"@type":"SearchAction","target":{"@type":"EntryPoint","urlTemplate":"https:\/\/redfoxlotto.com\/sv\/?s={search_term_string}"},"query-input":{"@type":"PropertyValueSpecification","valueRequired":true,"valueName":"search_term_string"}}],"inLanguage":"sv-SE"},{"@type":"Organization","@id":"https:\/\/redfoxlotto.com\/sv\/#organization","name":"Get Tickets for the World\u2019s largest jackpots","url":"https:\/\/redfoxlotto.com\/sv\/","logo":{"@type":"ImageObject","inLanguage":"sv-SE","@id":"https:\/\/redfoxlotto.com\/sv\/#\/schema\/logo\/image\/","url":"https:\/\/redfoxlotto.com\/wp-content\/uploads\/2023\/04\/logo.png","contentUrl":"https:\/\/redfoxlotto.com\/wp-content\/uploads\/2023\/04\/logo.png","width":269,"height":53,"caption":"Get Tickets for the World\u2019s largest jackpots"},"image":{"@id":"https:\/\/redfoxlotto.com\/sv\/#\/schema\/logo\/image\/"}}]}},"_links":{"self":[{"href":"https:\/\/redfoxlotto.com\/sv\/wp-json\/wp\/v2\/pages\/5558","targetHints":{"allow":["GET"]}}],"collection":[{"href":"https:\/\/redfoxlotto.com\/sv\/wp-json\/wp\/v2\/pages"}],"about":[{"href":"https:\/\/redfoxlotto.com\/sv\/wp-json\/wp\/v2\/types\/page"}],"author":[{"embeddable":true,"href":"https:\/\/redfoxlotto.com\/sv\/wp-json\/wp\/v2\/users\/1"}],"replies":[{"embeddable":true,"href":"https:\/\/redfoxlotto.com\/sv\/wp-json\/wp\/v2\/comments?post=5558"}],"version-history":[{"count":0,"href":"https:\/\/redfoxlotto.com\/sv\/wp-json\/wp\/v2\/pages\/5558\/revisions"}],"up":[{"embeddable":true,"href":"https:\/\/redfoxlotto.com\/sv\/wp-json\/wp\/v2\/pages\/5102"}],"wp:attachment":[{"href":"https:\/\/redfoxlotto.com\/sv\/wp-json\/wp\/v2\/media?parent=5558"}],"curies":[{"name":"wp","href":"https:\/\/api.w.org\/{rel}","templated":true}]}}