{"id":5557,"date":"2019-08-09T14:33:52","date_gmt":"2019-08-09T14:33:52","guid":{"rendered":"https:\/\/redfoxlotto.com\/?page_id=5557"},"modified":"2019-11-19T13:37:53","modified_gmt":"2019-11-19T13:37:53","slug":"lotto-fr","status":"publish","type":"page","link":"https:\/\/redfoxlotto.com\/sv\/lotteri\/lotto-fr\/","title":{"rendered":"Om det franska lotteriet"},"content":{"rendered":"<p>Du kanske faktiskt blir f\u00f6rv\u00e5nad \u00f6ver att veta att lotteriet i Frankrike g\u00e5r tillbaka till 1505. Kung Francis den 1: e startade det med sina medborgare, men spelet har fortsatt att f\u00f6r\u00e4ndras ganska l\u00e4nge. <\/p><!--more read more--><p>Fortfarande kommer den allm\u00e4nna processen att bli ganska lik den du antagligen har sett i n\u00e5got annat lotterispel som du har spelat.<\/p><h2 class=\"wp-block-heading\">Hur det fungerar<\/h2><p>Med det franska lotteriet finns det faktiskt teckningar tre dagar i veckan &#8211; varje m\u00e5ndag, onsdag och l\u00f6rdag g\u00f6r de en ny teckning. P\u00e5 toppen av frekvensen p\u00e5 Dragningarna \u00e4r spelet superenkelt. Hur du kommer att vinna \u00e4r om du har alla fem siffrorna korrekta och du f\u00e5r r\u00e4tt bonusboll. Den stora jackpotten kommer minst vara 2 000 000 \u20ac.<\/p><h2 class=\"wp-block-heading\">Att v\u00e4lja dina nummer<\/h2><p>Det finns ett antal olika s\u00e4tt att du kan v\u00e4lja vilka nummer du vill spela. Du kan fylla i en &#8221;remsa&#8221; med de siffror du vill eller s\u00e5 kan du v\u00e4lja bara f\u00f6r att f\u00e5 ett &#8221;enkelt val&#8221;.<\/p><h2 class=\"wp-block-heading\">Hur man vinner<\/h2><p>S\u00e5 l\u00e4nge du f\u00e5r bonusnumret kommer du att vinna n\u00e5got. Om du f\u00e5r tv\u00e5 av de vanliga siffrorna men inte bonusen kommer du ocks\u00e5 att vinna n\u00e5got. Och f\u00f6r varje ytterligare nummer du har \u00f6ver kommer du att vinna lite mer och lite mer. De b\u00e4sta s\u00e4tten att vinna \u00e4r med fyra av siffrorna plus bonusen eller med alla fem siffrorna plus bonusen.<\/p><h2 class=\"wp-block-heading\">Hur man k\u00f6per lotter till det franska lotteriet online<\/h2><p><strong>N\u00e4r du k\u00f6per online kan<\/strong> du f\u00e5 samma f\u00f6rdelar som du skulle h\u00e4nda om du bodde i Frankrike och kunde <a href=\"https:\/\/redfoxlotto.com\/sv\/lotteri\/\">k\u00f6pa lotter<\/a> lokalt.<\/p>","protected":false},"excerpt":{"rendered":"<p>Du kanske faktiskt blir f\u00f6rv\u00e5nad \u00f6ver att veta att lotteriet i Frankrike g\u00e5r tillbaka till 1505. Kung Francis den 1: e startade det med sina medborgare, men spelet har fortsatt att f\u00f6r\u00e4ndras ganska l\u00e4nge.<\/p>\n","protected":false},"author":1,"featured_media":0,"parent":5094,"menu_order":31,"comment_status":"closed","ping_status":"closed","template":"lotto-fr-info.php","meta":{"_et_pb_use_builder":"","_et_pb_old_content":"","_et_gb_content_width":"","exclude_from_search":false,"footnotes":""},"class_list":["post-5557","page","type-page","status-publish","hentry"],"yoast_head":"<!-- This site is optimized with the Yoast SEO plugin v23.8 - https:\/\/yoast.com\/wordpress\/plugins\/seo\/ -->\n<title>Hur man k\u00f6per lotter f\u00f6r det franska lotteriet online<\/title>\n<meta name=\"description\" content=\"\u00c4r du redo att k\u00f6pa lotter till det franska lotteriet online? Bes\u00f6k h\u00e4r!\" \/>\n<meta name=\"robots\" content=\"index, follow, max-snippet:-1, max-image-preview:large, max-video-preview:-1\" \/>\n<link rel=\"canonical\" href=\"https:\/\/redfoxlotto.com\/sv\/lotteri\/lotto-fr\/\" \/>\n<meta property=\"og:locale\" content=\"sv_SE\" \/>\n<meta property=\"og:type\" content=\"article\" \/>\n<meta property=\"og:title\" content=\"Hur man k\u00f6per lotter f\u00f6r det franska lotteriet online\" \/>\n<meta property=\"og:description\" content=\"\u00c4r du redo att k\u00f6pa lotter till det franska lotteriet online? Bes\u00f6k h\u00e4r!\" \/>\n<meta property=\"og:url\" content=\"https:\/\/redfoxlotto.com\/sv\/lotteri\/lotto-fr\/\" \/>\n<meta property=\"og:site_name\" content=\"Get Tickets for the World\u2019s largest jackpots\" \/>\n<meta property=\"article:modified_time\" content=\"2019-11-19T13:37:53+00:00\" \/>\n<meta name=\"twitter:card\" content=\"summary_large_image\" \/>\n<meta name=\"twitter:label1\" content=\"Ber\u00e4knad l\u00e4stid\" \/>\n\t<meta name=\"twitter:data1\" content=\"1 minut\" \/>\n<script type=\"application\/ld+json\" class=\"yoast-schema-graph\">{\"@context\":\"https:\/\/schema.org\",\"@graph\":[{\"@type\":\"WebPage\",\"@id\":\"https:\/\/redfoxlotto.com\/sv\/lotteri\/lotto-fr\/\",\"url\":\"https:\/\/redfoxlotto.com\/sv\/lotteri\/lotto-fr\/\",\"name\":\"Hur man k\u00f6per lotter f\u00f6r det franska lotteriet online\",\"isPartOf\":{\"@id\":\"https:\/\/redfoxlotto.com\/sv\/#website\"},\"datePublished\":\"2019-08-09T14:33:52+00:00\",\"dateModified\":\"2019-11-19T13:37:53+00:00\",\"description\":\"\u00c4r du redo att k\u00f6pa lotter till det franska lotteriet online? Bes\u00f6k h\u00e4r!\",\"breadcrumb\":{\"@id\":\"https:\/\/redfoxlotto.com\/sv\/lotteri\/lotto-fr\/#breadcrumb\"},\"inLanguage\":\"sv-SE\",\"potentialAction\":[{\"@type\":\"ReadAction\",\"target\":[\"https:\/\/redfoxlotto.com\/sv\/lotteri\/lotto-fr\/\"]}]},{\"@type\":\"BreadcrumbList\",\"@id\":\"https:\/\/redfoxlotto.com\/sv\/lotteri\/lotto-fr\/#breadcrumb\",\"itemListElement\":[{\"@type\":\"ListItem\",\"position\":1,\"name\":\"Home\",\"item\":\"https:\/\/redfoxlotto.com\/sv\/\"},{\"@type\":\"ListItem\",\"position\":2,\"name\":\"Hur man k\u00f6per lotter online &#8211; k\u00f6pprocessen\",\"item\":\"https:\/\/redfoxlotto.com\/sv\/lotteri\/\"},{\"@type\":\"ListItem\",\"position\":3,\"name\":\"Om det franska lotteriet\"}]},{\"@type\":\"WebSite\",\"@id\":\"https:\/\/redfoxlotto.com\/sv\/#website\",\"url\":\"https:\/\/redfoxlotto.com\/sv\/\",\"name\":\"Get Tickets for the World\u2019s largest jackpots\",\"description\":\"Participate in worldwide lottery jackpots from any country\",\"publisher\":{\"@id\":\"https:\/\/redfoxlotto.com\/sv\/#organization\"},\"potentialAction\":[{\"@type\":\"SearchAction\",\"target\":{\"@type\":\"EntryPoint\",\"urlTemplate\":\"https:\/\/redfoxlotto.com\/sv\/?s={search_term_string}\"},\"query-input\":{\"@type\":\"PropertyValueSpecification\",\"valueRequired\":true,\"valueName\":\"search_term_string\"}}],\"inLanguage\":\"sv-SE\"},{\"@type\":\"Organization\",\"@id\":\"https:\/\/redfoxlotto.com\/sv\/#organization\",\"name\":\"Get Tickets for the World\u2019s largest jackpots\",\"url\":\"https:\/\/redfoxlotto.com\/sv\/\",\"logo\":{\"@type\":\"ImageObject\",\"inLanguage\":\"sv-SE\",\"@id\":\"https:\/\/redfoxlotto.com\/sv\/#\/schema\/logo\/image\/\",\"url\":\"https:\/\/redfoxlotto.com\/wp-content\/uploads\/2023\/04\/logo.png\",\"contentUrl\":\"https:\/\/redfoxlotto.com\/wp-content\/uploads\/2023\/04\/logo.png\",\"width\":269,\"height\":53,\"caption\":\"Get Tickets for the World\u2019s largest jackpots\"},\"image\":{\"@id\":\"https:\/\/redfoxlotto.com\/sv\/#\/schema\/logo\/image\/\"}}]}<\/script>\n<!-- \/ Yoast SEO plugin. -->","yoast_head_json":{"title":"Hur man k\u00f6per lotter f\u00f6r det franska lotteriet online","description":"\u00c4r du redo att k\u00f6pa lotter till det franska lotteriet online? Bes\u00f6k h\u00e4r!","robots":{"index":"index","follow":"follow","max-snippet":"max-snippet:-1","max-image-preview":"max-image-preview:large","max-video-preview":"max-video-preview:-1"},"canonical":"https:\/\/redfoxlotto.com\/sv\/lotteri\/lotto-fr\/","og_locale":"sv_SE","og_type":"article","og_title":"Hur man k\u00f6per lotter f\u00f6r det franska lotteriet online","og_description":"\u00c4r du redo att k\u00f6pa lotter till det franska lotteriet online? Bes\u00f6k h\u00e4r!","og_url":"https:\/\/redfoxlotto.com\/sv\/lotteri\/lotto-fr\/","og_site_name":"Get Tickets for the World\u2019s largest jackpots","article_modified_time":"2019-11-19T13:37:53+00:00","twitter_card":"summary_large_image","twitter_misc":{"Ber\u00e4knad l\u00e4stid":"1 minut"},"schema":{"@context":"https:\/\/schema.org","@graph":[{"@type":"WebPage","@id":"https:\/\/redfoxlotto.com\/sv\/lotteri\/lotto-fr\/","url":"https:\/\/redfoxlotto.com\/sv\/lotteri\/lotto-fr\/","name":"Hur man k\u00f6per lotter f\u00f6r det franska lotteriet online","isPartOf":{"@id":"https:\/\/redfoxlotto.com\/sv\/#website"},"datePublished":"2019-08-09T14:33:52+00:00","dateModified":"2019-11-19T13:37:53+00:00","description":"\u00c4r du redo att k\u00f6pa lotter till det franska lotteriet online? Bes\u00f6k h\u00e4r!","breadcrumb":{"@id":"https:\/\/redfoxlotto.com\/sv\/lotteri\/lotto-fr\/#breadcrumb"},"inLanguage":"sv-SE","potentialAction":[{"@type":"ReadAction","target":["https:\/\/redfoxlotto.com\/sv\/lotteri\/lotto-fr\/"]}]},{"@type":"BreadcrumbList","@id":"https:\/\/redfoxlotto.com\/sv\/lotteri\/lotto-fr\/#breadcrumb","itemListElement":[{"@type":"ListItem","position":1,"name":"Home","item":"https:\/\/redfoxlotto.com\/sv\/"},{"@type":"ListItem","position":2,"name":"Hur man k\u00f6per lotter online &#8211; k\u00f6pprocessen","item":"https:\/\/redfoxlotto.com\/sv\/lotteri\/"},{"@type":"ListItem","position":3,"name":"Om det franska lotteriet"}]},{"@type":"WebSite","@id":"https:\/\/redfoxlotto.com\/sv\/#website","url":"https:\/\/redfoxlotto.com\/sv\/","name":"Get Tickets for the World\u2019s largest jackpots","description":"Participate in worldwide lottery jackpots from any country","publisher":{"@id":"https:\/\/redfoxlotto.com\/sv\/#organization"},"potentialAction":[{"@type":"SearchAction","target":{"@type":"EntryPoint","urlTemplate":"https:\/\/redfoxlotto.com\/sv\/?s={search_term_string}"},"query-input":{"@type":"PropertyValueSpecification","valueRequired":true,"valueName":"search_term_string"}}],"inLanguage":"sv-SE"},{"@type":"Organization","@id":"https:\/\/redfoxlotto.com\/sv\/#organization","name":"Get Tickets for the World\u2019s largest jackpots","url":"https:\/\/redfoxlotto.com\/sv\/","logo":{"@type":"ImageObject","inLanguage":"sv-SE","@id":"https:\/\/redfoxlotto.com\/sv\/#\/schema\/logo\/image\/","url":"https:\/\/redfoxlotto.com\/wp-content\/uploads\/2023\/04\/logo.png","contentUrl":"https:\/\/redfoxlotto.com\/wp-content\/uploads\/2023\/04\/logo.png","width":269,"height":53,"caption":"Get Tickets for the World\u2019s largest jackpots"},"image":{"@id":"https:\/\/redfoxlotto.com\/sv\/#\/schema\/logo\/image\/"}}]}},"_links":{"self":[{"href":"https:\/\/redfoxlotto.com\/sv\/wp-json\/wp\/v2\/pages\/5557","targetHints":{"allow":["GET"]}}],"collection":[{"href":"https:\/\/redfoxlotto.com\/sv\/wp-json\/wp\/v2\/pages"}],"about":[{"href":"https:\/\/redfoxlotto.com\/sv\/wp-json\/wp\/v2\/types\/page"}],"author":[{"embeddable":true,"href":"https:\/\/redfoxlotto.com\/sv\/wp-json\/wp\/v2\/users\/1"}],"replies":[{"embeddable":true,"href":"https:\/\/redfoxlotto.com\/sv\/wp-json\/wp\/v2\/comments?post=5557"}],"version-history":[{"count":0,"href":"https:\/\/redfoxlotto.com\/sv\/wp-json\/wp\/v2\/pages\/5557\/revisions"}],"up":[{"embeddable":true,"href":"https:\/\/redfoxlotto.com\/sv\/wp-json\/wp\/v2\/pages\/5094"}],"wp:attachment":[{"href":"https:\/\/redfoxlotto.com\/sv\/wp-json\/wp\/v2\/media?parent=5557"}],"curies":[{"name":"wp","href":"https:\/\/api.w.org\/{rel}","templated":true}]}}