{"id":5556,"date":"2019-08-09T14:24:22","date_gmt":"2019-08-09T14:24:22","guid":{"rendered":"https:\/\/redfoxlotto.com\/?page_id=5556"},"modified":"2025-12-10T23:59:38","modified_gmt":"2025-12-10T23:59:38","slug":"lotto-fr","status":"publish","type":"page","link":"https:\/\/redfoxlotto.com\/sv\/spela\/lotto-fr\/","title":{"rendered":"Spela Franska Lottot"},"content":{"rendered":"<script type=\"application\/ld+json\">\r\n{\r\n\"@context\": \"https:\/\/schema.org\",\r\n\"@type\": \"Service\",\r\n\"name\": \"French Lotto online\",\r\n\"url\": \"https:\/\/redfoxlotto.com\/sv\/spela\/lotto-fr\/\",\r\n\"description\": \"K\u00f6p officiella franska lottobiljetter online via RedFoxLotto. V\u00e4lj dina nummer och delta i n\u00e4sta dragning.\",\r\n\"serviceType\": \"Online lottery ticket purchase\",\r\n\r\n\"provider\": {\r\n\"@type\": \"Organization\",\r\n\"name\": \"RedFoxLotto\",\r\n\"url\": \"https:\/\/redfoxlotto.com\",\r\n\"logo\": \"https:\/\/redfoxlotto.com\/wp-content\/uploads\/logo.png\"\r\n},\r\n\r\n\"areaServed\": \"Worldwide\",\r\n\"termsOfService\": \"https:\/\/redfoxlotto.com\/terms-and-conditions\",\r\n\r\n\"hasOfferCatalog\": {\r\n\"@type\": \"OfferCatalog\",\r\n\"name\": \"French Lotto Offers\",\r\n\"itemListElement\": [\r\n{\r\n\"@type\": \"Offer\",\r\n\"name\": \"Lotto French Lotto Ticket\",\r\n\"url\": \"https:\/\/redfoxlotto.com\/sv\/spela\/lotto-fr\/\",\r\n\"description\": \"En post till n\u00e4sta dragning av det franska lotteriet.\",\r\n\"price\": \"6.00\",\r\n\"priceCurrency\": \"EUR\",\r\n\"availability\": \"https:\/\/schema.org\/InStock\",\r\n\r\n\"itemOffered\": {\r\n\"@type\": \"Service\",\r\n\"name\": \"French Lotto Lottery Entry\",\r\n\"description\": \"Deltagande i n\u00e4sta dragning av det franska lotteriet via RedFoxLotto.\"\r\n}\r\n}\r\n]\r\n},\r\n\r\n\"mainEntityOfPage\": {\r\n\"@type\": \"WebPage\",\r\n\"@id\": \"https:\/\/redfoxlotto.com\/sv\/spela\/lotto-fr\/\"\r\n}\r\n}\r\n<\/script><p>\u00c4r du redo att spela ett helt nytt spel? Om du \u00e4r det, b\u00f6r du absolut titta n\u00e4rmare p\u00e5 det franska <a href=\"https:\/\/redfoxlotto.com\/sv\/\">lotteriet<\/a>. Om du inte har spelat det innan du kanske faktiskt blir f\u00f6rv\u00e5nad \u00f6ver hur lika det \u00e4r som de spel du har spelat.<\/p><!--more read more--><h2 class=\"wp-block-heading\">Hur man spelar Det Franska Lotteriet Online<\/h2><p>Har du n\u00e5gonsin spelat en annan typ av lotteri online? Eller kanske har du bes\u00f6kt din lokala n\u00e4rbutik f\u00f6r att h\u00e4mta lotter innan. Det h\u00e4r \u00e4r spelen som kommer att bli \u00e4nnu roligare och ger dig \u00e4nnu mer chans att faktiskt vinna ett enormt pris.<\/p><p>Med det franska lotteriet m\u00e5ste du bara k\u00f6pa <strong>en lott online f\u00f6r att kunna b\u00f6rja spela <\/strong>och att k\u00f6pa den lotten \u00e4r v\u00e4ldigt enkelt. F\u00f6r det h\u00e4r spelet kommer du att ha m\u00f6jlighet till fem nummer plus ett bonusnummer.<\/p><h2 class=\"wp-block-heading\">Hur man vinner fransk lotteri online<\/h2><p>Spelet ritar varje par dagar, med Dragningar p\u00e5 m\u00e5ndag, onsdag och l\u00f6rdag, s\u00e5 du beh\u00f6ver inte v\u00e4nta l\u00e4nge. N\u00e4r siffrorna har dragits \u00e4r det dags att kolla in dem. Du kan komma tillbaka hit d\u00e4r du k\u00f6pte din lott f\u00f6r att hitta vinnande nummer och se om du har vunnit jackpotten eller \u00e5tminstone ett av de sm\u00e5 priserna.<\/p>","protected":false},"excerpt":{"rendered":"<p>\u00c4r du redo att spela ett helt nytt spel? Om du \u00e4r det, b\u00f6r du absolut titta n\u00e4rmare p\u00e5 det franska lotteriet. Om du inte har spelat det innan du kanske faktiskt blir f\u00f6rv\u00e5nad \u00f6ver hur lika det \u00e4r som de spel du har spelat.<\/p>\n","protected":false},"author":1,"featured_media":0,"parent":5112,"menu_order":33,"comment_status":"closed","ping_status":"closed","template":"lotto-fr.php","meta":{"_et_pb_use_builder":"","_et_pb_old_content":"","_et_gb_content_width":"","exclude_from_search":false,"footnotes":""},"class_list":["post-5556","page","type-page","status-publish","hentry"],"yoast_head":"<!-- This site is optimized with the Yoast SEO plugin v23.8 - https:\/\/yoast.com\/wordpress\/plugins\/seo\/ -->\n<title>Hur man spelar det Franska Lotteriet Online<\/title>\n<meta name=\"description\" content=\"N\u00e4r du \u00e4r redo att spela det franska lotteriet, det h\u00e4r \u00e4r r\u00e4tt st\u00e4lle att komma ig\u00e5ng.\" \/>\n<meta name=\"robots\" content=\"index, follow, max-snippet:-1, max-image-preview:large, max-video-preview:-1\" \/>\n<link rel=\"canonical\" href=\"https:\/\/redfoxlotto.com\/sv\/spela\/lotto-fr\/\" \/>\n<meta property=\"og:locale\" content=\"sv_SE\" \/>\n<meta property=\"og:type\" content=\"article\" \/>\n<meta property=\"og:title\" content=\"Hur man spelar det Franska Lotteriet Online\" \/>\n<meta property=\"og:description\" content=\"N\u00e4r du \u00e4r redo att spela det franska lotteriet, det h\u00e4r \u00e4r r\u00e4tt st\u00e4lle att komma ig\u00e5ng.\" \/>\n<meta property=\"og:url\" content=\"https:\/\/redfoxlotto.com\/sv\/spela\/lotto-fr\/\" \/>\n<meta property=\"og:site_name\" content=\"Get Tickets for the World\u2019s largest jackpots\" \/>\n<meta property=\"article:modified_time\" content=\"2025-12-10T23:59:38+00:00\" \/>\n<meta name=\"twitter:card\" content=\"summary_large_image\" \/>\n<meta name=\"twitter:label1\" content=\"Ber\u00e4knad l\u00e4stid\" \/>\n\t<meta name=\"twitter:data1\" content=\"1 minut\" \/>\n<script type=\"application\/ld+json\" class=\"yoast-schema-graph\">{\"@context\":\"https:\/\/schema.org\",\"@graph\":[{\"@type\":\"WebPage\",\"@id\":\"https:\/\/redfoxlotto.com\/sv\/spela\/lotto-fr\/\",\"url\":\"https:\/\/redfoxlotto.com\/sv\/spela\/lotto-fr\/\",\"name\":\"Hur man spelar det Franska Lotteriet Online\",\"isPartOf\":{\"@id\":\"https:\/\/redfoxlotto.com\/sv\/#website\"},\"datePublished\":\"2019-08-09T14:24:22+00:00\",\"dateModified\":\"2025-12-10T23:59:38+00:00\",\"description\":\"N\u00e4r du \u00e4r redo att spela det franska lotteriet, det h\u00e4r \u00e4r r\u00e4tt st\u00e4lle att komma ig\u00e5ng.\",\"breadcrumb\":{\"@id\":\"https:\/\/redfoxlotto.com\/sv\/spela\/lotto-fr\/#breadcrumb\"},\"inLanguage\":\"sv-SE\",\"potentialAction\":[{\"@type\":\"ReadAction\",\"target\":[\"https:\/\/redfoxlotto.com\/sv\/spela\/lotto-fr\/\"]}]},{\"@type\":\"BreadcrumbList\",\"@id\":\"https:\/\/redfoxlotto.com\/sv\/spela\/lotto-fr\/#breadcrumb\",\"itemListElement\":[{\"@type\":\"ListItem\",\"position\":1,\"name\":\"Home\",\"item\":\"https:\/\/redfoxlotto.com\/sv\/\"},{\"@type\":\"ListItem\",\"position\":2,\"name\":\"Hur man spelar lotterier i andra l\u00e4nder\",\"item\":\"https:\/\/redfoxlotto.com\/sv\/spela\/\"},{\"@type\":\"ListItem\",\"position\":3,\"name\":\"Spela Franska Lottot\"}]},{\"@type\":\"WebSite\",\"@id\":\"https:\/\/redfoxlotto.com\/sv\/#website\",\"url\":\"https:\/\/redfoxlotto.com\/sv\/\",\"name\":\"Get Tickets for the World\u2019s largest jackpots\",\"description\":\"Participate in worldwide lottery jackpots from any country\",\"publisher\":{\"@id\":\"https:\/\/redfoxlotto.com\/sv\/#organization\"},\"potentialAction\":[{\"@type\":\"SearchAction\",\"target\":{\"@type\":\"EntryPoint\",\"urlTemplate\":\"https:\/\/redfoxlotto.com\/sv\/?s={search_term_string}\"},\"query-input\":{\"@type\":\"PropertyValueSpecification\",\"valueRequired\":true,\"valueName\":\"search_term_string\"}}],\"inLanguage\":\"sv-SE\"},{\"@type\":\"Organization\",\"@id\":\"https:\/\/redfoxlotto.com\/sv\/#organization\",\"name\":\"Get Tickets for the World\u2019s largest jackpots\",\"url\":\"https:\/\/redfoxlotto.com\/sv\/\",\"logo\":{\"@type\":\"ImageObject\",\"inLanguage\":\"sv-SE\",\"@id\":\"https:\/\/redfoxlotto.com\/sv\/#\/schema\/logo\/image\/\",\"url\":\"https:\/\/redfoxlotto.com\/wp-content\/uploads\/2023\/04\/logo.png\",\"contentUrl\":\"https:\/\/redfoxlotto.com\/wp-content\/uploads\/2023\/04\/logo.png\",\"width\":269,\"height\":53,\"caption\":\"Get Tickets for the World\u2019s largest jackpots\"},\"image\":{\"@id\":\"https:\/\/redfoxlotto.com\/sv\/#\/schema\/logo\/image\/\"}}]}<\/script>\n<!-- \/ Yoast SEO plugin. -->","yoast_head_json":{"title":"Hur man spelar det Franska Lotteriet Online","description":"N\u00e4r du \u00e4r redo att spela det franska lotteriet, det h\u00e4r \u00e4r r\u00e4tt st\u00e4lle att komma ig\u00e5ng.","robots":{"index":"index","follow":"follow","max-snippet":"max-snippet:-1","max-image-preview":"max-image-preview:large","max-video-preview":"max-video-preview:-1"},"canonical":"https:\/\/redfoxlotto.com\/sv\/spela\/lotto-fr\/","og_locale":"sv_SE","og_type":"article","og_title":"Hur man spelar det Franska Lotteriet Online","og_description":"N\u00e4r du \u00e4r redo att spela det franska lotteriet, det h\u00e4r \u00e4r r\u00e4tt st\u00e4lle att komma ig\u00e5ng.","og_url":"https:\/\/redfoxlotto.com\/sv\/spela\/lotto-fr\/","og_site_name":"Get Tickets for the World\u2019s largest jackpots","article_modified_time":"2025-12-10T23:59:38+00:00","twitter_card":"summary_large_image","twitter_misc":{"Ber\u00e4knad l\u00e4stid":"1 minut"},"schema":{"@context":"https:\/\/schema.org","@graph":[{"@type":"WebPage","@id":"https:\/\/redfoxlotto.com\/sv\/spela\/lotto-fr\/","url":"https:\/\/redfoxlotto.com\/sv\/spela\/lotto-fr\/","name":"Hur man spelar det Franska Lotteriet Online","isPartOf":{"@id":"https:\/\/redfoxlotto.com\/sv\/#website"},"datePublished":"2019-08-09T14:24:22+00:00","dateModified":"2025-12-10T23:59:38+00:00","description":"N\u00e4r du \u00e4r redo att spela det franska lotteriet, det h\u00e4r \u00e4r r\u00e4tt st\u00e4lle att komma ig\u00e5ng.","breadcrumb":{"@id":"https:\/\/redfoxlotto.com\/sv\/spela\/lotto-fr\/#breadcrumb"},"inLanguage":"sv-SE","potentialAction":[{"@type":"ReadAction","target":["https:\/\/redfoxlotto.com\/sv\/spela\/lotto-fr\/"]}]},{"@type":"BreadcrumbList","@id":"https:\/\/redfoxlotto.com\/sv\/spela\/lotto-fr\/#breadcrumb","itemListElement":[{"@type":"ListItem","position":1,"name":"Home","item":"https:\/\/redfoxlotto.com\/sv\/"},{"@type":"ListItem","position":2,"name":"Hur man spelar lotterier i andra l\u00e4nder","item":"https:\/\/redfoxlotto.com\/sv\/spela\/"},{"@type":"ListItem","position":3,"name":"Spela Franska Lottot"}]},{"@type":"WebSite","@id":"https:\/\/redfoxlotto.com\/sv\/#website","url":"https:\/\/redfoxlotto.com\/sv\/","name":"Get Tickets for the World\u2019s largest jackpots","description":"Participate in worldwide lottery jackpots from any country","publisher":{"@id":"https:\/\/redfoxlotto.com\/sv\/#organization"},"potentialAction":[{"@type":"SearchAction","target":{"@type":"EntryPoint","urlTemplate":"https:\/\/redfoxlotto.com\/sv\/?s={search_term_string}"},"query-input":{"@type":"PropertyValueSpecification","valueRequired":true,"valueName":"search_term_string"}}],"inLanguage":"sv-SE"},{"@type":"Organization","@id":"https:\/\/redfoxlotto.com\/sv\/#organization","name":"Get Tickets for the World\u2019s largest jackpots","url":"https:\/\/redfoxlotto.com\/sv\/","logo":{"@type":"ImageObject","inLanguage":"sv-SE","@id":"https:\/\/redfoxlotto.com\/sv\/#\/schema\/logo\/image\/","url":"https:\/\/redfoxlotto.com\/wp-content\/uploads\/2023\/04\/logo.png","contentUrl":"https:\/\/redfoxlotto.com\/wp-content\/uploads\/2023\/04\/logo.png","width":269,"height":53,"caption":"Get Tickets for the World\u2019s largest jackpots"},"image":{"@id":"https:\/\/redfoxlotto.com\/sv\/#\/schema\/logo\/image\/"}}]}},"_links":{"self":[{"href":"https:\/\/redfoxlotto.com\/sv\/wp-json\/wp\/v2\/pages\/5556","targetHints":{"allow":["GET"]}}],"collection":[{"href":"https:\/\/redfoxlotto.com\/sv\/wp-json\/wp\/v2\/pages"}],"about":[{"href":"https:\/\/redfoxlotto.com\/sv\/wp-json\/wp\/v2\/types\/page"}],"author":[{"embeddable":true,"href":"https:\/\/redfoxlotto.com\/sv\/wp-json\/wp\/v2\/users\/1"}],"replies":[{"embeddable":true,"href":"https:\/\/redfoxlotto.com\/sv\/wp-json\/wp\/v2\/comments?post=5556"}],"version-history":[{"count":0,"href":"https:\/\/redfoxlotto.com\/sv\/wp-json\/wp\/v2\/pages\/5556\/revisions"}],"up":[{"embeddable":true,"href":"https:\/\/redfoxlotto.com\/sv\/wp-json\/wp\/v2\/pages\/5112"}],"wp:attachment":[{"href":"https:\/\/redfoxlotto.com\/sv\/wp-json\/wp\/v2\/media?parent=5556"}],"curies":[{"name":"wp","href":"https:\/\/api.w.org\/{rel}","templated":true}]}}