{"id":5540,"date":"2018-11-18T08:54:25","date_gmt":"2018-11-18T08:54:25","guid":{"rendered":"https:\/\/redfoxlotto.com\/?page_id=5540"},"modified":"2019-11-19T12:16:29","modified_gmt":"2019-11-19T12:16:29","slug":"la-primitiva","status":"publish","type":"page","link":"https:\/\/redfoxlotto.com\/sv\/lotteri\/la-primitiva\/","title":{"rendered":"Om att k\u00f6pa lotter till La Primitiva online"},"content":{"rendered":"<p>Detta \u00e4r Spaniens st\u00f6rsta lotteri. Du kanske ocks\u00e5 har h\u00f6rt att det h\u00e4r lotteriet kallas El Gordo, men tekniskt \u00e4r det inte korrekt. El Gordo \u00e4r julutg\u00e5van av det spanska La Primitiva-lotteriet, och det fungerar p\u00e5 ett helt annat s\u00e4tt. Kolla in v\u00e5r artikel om El Gordo.<\/p><p><img decoding=\"async\" class=\"size-full wp-image alignright\" src=\"https:\/\/content.redfoxlotto.com\/uploads\/sites\/9\/2_ticket_la_primitiva2.jpg\" alt=\"La Primitiva online-biljett\"><\/p><!--more read more--><p>La Primitiva \u00e4r det veckovisa spanska lotteriet. Jackpoten har ett minimumbelopp p\u00e5 5 miljoner euro. Men den h\u00e4r jackpotten har n\u00e5tt belopp p\u00e5 n\u00e4ra 100 miljoner euro tidigare. Ritningen sker varje s\u00f6ndag.<\/p><p>\u00c4ven om det var t\u00e4nkt att vara ett nationellt lotteri, kan du ocks\u00e5 nu k\u00f6pa lotter till La Primitiva online. Du beh\u00f6ver inte vara bosatt i Spanien. V\u00e4lj bara dina nummer p\u00e5 v\u00e5r webbplats och skapa ett konto hos oss och betala online. Vi best\u00e4ller en helt laglig La Primitiva-lott till dig.<\/p><p>F\u00f6r att delta i lotteriet beh\u00f6ver du bara k\u00f6pa en lott med de nummer du har valt. La Primitiva-lotteriet inneh\u00e5ller nummer fr\u00e5n 0-49. Spelare f\u00e5r v\u00e4lja valfritt 6 nummer och efter k\u00f6p tilldelas automatiskt ett nummer fr\u00e5n 0-9 till den aktuella lotten. P\u00e5 dragningsdagen v\u00e4ljs slumpm\u00e4ssigt 6 nummer fr\u00e5n 0-49 och 1 nummer fr\u00e5n 0-9 s\u00e5 att varje lott vars nummer matchar exakt med de dragna siffrorna vinner Jackpotten.<\/p><p><img decoding=\"async\" class=\"size-full wp-image alignright\" src=\"https:\/\/content.redfoxlotto.com\/uploads\/sites\/9\/1_buy_ticket_lotto_online2.jpg\" alt=\"K\u00f6p La Primitiva-biljetter\"><\/p><p>Den st\u00f6rsta jackpott som hittills vunnit i La Primitiva-lotteriet \u00e4r den 17 oktober 2015 som vann en j\u00e4ttespel med 101,7 miljoner euro. Innan dess var jackpotten p\u00e5 73 miljoner euro i februari 2014 den st\u00f6rsta. Lyckan \u00e4r definitivt den avg\u00f6rande faktorn f\u00f6r att vinna den ultimata jackpotten eftersom sannolikheten f\u00f6r att sl\u00e5 jackpotten \u00e4r 1:14 miljoner, men med tanke p\u00e5 det lilla stipendiet kostar det att f\u00e5 en lott och den enorma summan du har en chans att vinna, d\u00e5 borde alla k\u00e4nna tur.<\/p>","protected":false},"excerpt":{"rendered":"<p>Detta \u00e4r Spaniens st\u00f6rsta lotteri. Du kanske ocks\u00e5 har h\u00f6rt att det h\u00e4r lotteriet kallas El Gordo, men tekniskt \u00e4r det inte korrekt. El Gordo \u00e4r julutg\u00e5van av det spanska La Primitiva-lotteriet, och det fungerar p\u00e5 ett helt annat s\u00e4tt. Kolla in v\u00e5r artikel om El Gordo.<\/p>\n","protected":false},"author":1,"featured_media":0,"parent":5094,"menu_order":7,"comment_status":"closed","ping_status":"closed","template":"la-primitiva-info.php","meta":{"_et_pb_use_builder":"","_et_pb_old_content":"","_et_gb_content_width":"","exclude_from_search":false,"footnotes":""},"class_list":["post-5540","page","type-page","status-publish","hentry"],"yoast_head":"<!-- This site is optimized with the Yoast SEO plugin v23.8 - https:\/\/yoast.com\/wordpress\/plugins\/seo\/ -->\n<title>K\u00f6p La Primitiva lotter \u00f6verallt<\/title>\n<meta name=\"description\" content=\"Oavsett var du bor - kan du k\u00f6pa lotter till La Primitiva Lotto\" \/>\n<meta name=\"robots\" content=\"index, follow, max-snippet:-1, max-image-preview:large, max-video-preview:-1\" \/>\n<link rel=\"canonical\" href=\"https:\/\/redfoxlotto.com\/sv\/lotteri\/la-primitiva\/\" \/>\n<meta property=\"og:locale\" content=\"sv_SE\" \/>\n<meta property=\"og:type\" content=\"article\" \/>\n<meta property=\"og:title\" content=\"K\u00f6p La Primitiva lotter \u00f6verallt\" \/>\n<meta property=\"og:description\" content=\"Oavsett var du bor - kan du k\u00f6pa lotter till La Primitiva Lotto\" \/>\n<meta property=\"og:url\" content=\"https:\/\/redfoxlotto.com\/sv\/lotteri\/la-primitiva\/\" \/>\n<meta property=\"og:site_name\" content=\"Get Tickets for the World\u2019s largest jackpots\" \/>\n<meta property=\"article:modified_time\" content=\"2019-11-19T12:16:29+00:00\" \/>\n<meta property=\"og:image\" content=\"https:\/\/content.redfoxlotto.com\/uploads\/sites\/9\/2_ticket_la_primitiva2.jpg\" \/>\n<meta name=\"twitter:card\" content=\"summary_large_image\" \/>\n<meta name=\"twitter:label1\" content=\"Ber\u00e4knad l\u00e4stid\" \/>\n\t<meta name=\"twitter:data1\" content=\"2 minuter\" \/>\n<script type=\"application\/ld+json\" class=\"yoast-schema-graph\">{\"@context\":\"https:\/\/schema.org\",\"@graph\":[{\"@type\":\"WebPage\",\"@id\":\"https:\/\/redfoxlotto.com\/sv\/lotteri\/la-primitiva\/\",\"url\":\"https:\/\/redfoxlotto.com\/sv\/lotteri\/la-primitiva\/\",\"name\":\"K\u00f6p La Primitiva lotter \u00f6verallt\",\"isPartOf\":{\"@id\":\"https:\/\/redfoxlotto.com\/sv\/#website\"},\"primaryImageOfPage\":{\"@id\":\"https:\/\/redfoxlotto.com\/sv\/lotteri\/la-primitiva\/#primaryimage\"},\"image\":{\"@id\":\"https:\/\/redfoxlotto.com\/sv\/lotteri\/la-primitiva\/#primaryimage\"},\"thumbnailUrl\":\"https:\/\/content.redfoxlotto.com\/uploads\/sites\/9\/2_ticket_la_primitiva2.jpg\",\"datePublished\":\"2018-11-18T08:54:25+00:00\",\"dateModified\":\"2019-11-19T12:16:29+00:00\",\"description\":\"Oavsett var du bor - kan du k\u00f6pa lotter till La Primitiva Lotto\",\"breadcrumb\":{\"@id\":\"https:\/\/redfoxlotto.com\/sv\/lotteri\/la-primitiva\/#breadcrumb\"},\"inLanguage\":\"sv-SE\",\"potentialAction\":[{\"@type\":\"ReadAction\",\"target\":[\"https:\/\/redfoxlotto.com\/sv\/lotteri\/la-primitiva\/\"]}]},{\"@type\":\"ImageObject\",\"inLanguage\":\"sv-SE\",\"@id\":\"https:\/\/redfoxlotto.com\/sv\/lotteri\/la-primitiva\/#primaryimage\",\"url\":\"https:\/\/content.redfoxlotto.com\/uploads\/sites\/9\/2_ticket_la_primitiva2.jpg\",\"contentUrl\":\"https:\/\/content.redfoxlotto.com\/uploads\/sites\/9\/2_ticket_la_primitiva2.jpg\"},{\"@type\":\"BreadcrumbList\",\"@id\":\"https:\/\/redfoxlotto.com\/sv\/lotteri\/la-primitiva\/#breadcrumb\",\"itemListElement\":[{\"@type\":\"ListItem\",\"position\":1,\"name\":\"Home\",\"item\":\"https:\/\/redfoxlotto.com\/sv\/\"},{\"@type\":\"ListItem\",\"position\":2,\"name\":\"Hur man k\u00f6per lotter online &#8211; k\u00f6pprocessen\",\"item\":\"https:\/\/redfoxlotto.com\/sv\/lotteri\/\"},{\"@type\":\"ListItem\",\"position\":3,\"name\":\"Om att k\u00f6pa lotter till La Primitiva online\"}]},{\"@type\":\"WebSite\",\"@id\":\"https:\/\/redfoxlotto.com\/sv\/#website\",\"url\":\"https:\/\/redfoxlotto.com\/sv\/\",\"name\":\"Get Tickets for the World\u2019s largest jackpots\",\"description\":\"Participate in worldwide lottery jackpots from any country\",\"publisher\":{\"@id\":\"https:\/\/redfoxlotto.com\/sv\/#organization\"},\"potentialAction\":[{\"@type\":\"SearchAction\",\"target\":{\"@type\":\"EntryPoint\",\"urlTemplate\":\"https:\/\/redfoxlotto.com\/sv\/?s={search_term_string}\"},\"query-input\":{\"@type\":\"PropertyValueSpecification\",\"valueRequired\":true,\"valueName\":\"search_term_string\"}}],\"inLanguage\":\"sv-SE\"},{\"@type\":\"Organization\",\"@id\":\"https:\/\/redfoxlotto.com\/sv\/#organization\",\"name\":\"Get Tickets for the World\u2019s largest jackpots\",\"url\":\"https:\/\/redfoxlotto.com\/sv\/\",\"logo\":{\"@type\":\"ImageObject\",\"inLanguage\":\"sv-SE\",\"@id\":\"https:\/\/redfoxlotto.com\/sv\/#\/schema\/logo\/image\/\",\"url\":\"https:\/\/redfoxlotto.com\/wp-content\/uploads\/2023\/04\/logo.png\",\"contentUrl\":\"https:\/\/redfoxlotto.com\/wp-content\/uploads\/2023\/04\/logo.png\",\"width\":269,\"height\":53,\"caption\":\"Get Tickets for the World\u2019s largest jackpots\"},\"image\":{\"@id\":\"https:\/\/redfoxlotto.com\/sv\/#\/schema\/logo\/image\/\"}}]}<\/script>\n<!-- \/ Yoast SEO plugin. -->","yoast_head_json":{"title":"K\u00f6p La Primitiva lotter \u00f6verallt","description":"Oavsett var du bor - kan du k\u00f6pa lotter till La Primitiva Lotto","robots":{"index":"index","follow":"follow","max-snippet":"max-snippet:-1","max-image-preview":"max-image-preview:large","max-video-preview":"max-video-preview:-1"},"canonical":"https:\/\/redfoxlotto.com\/sv\/lotteri\/la-primitiva\/","og_locale":"sv_SE","og_type":"article","og_title":"K\u00f6p La Primitiva lotter \u00f6verallt","og_description":"Oavsett var du bor - kan du k\u00f6pa lotter till La Primitiva Lotto","og_url":"https:\/\/redfoxlotto.com\/sv\/lotteri\/la-primitiva\/","og_site_name":"Get Tickets for the World\u2019s largest jackpots","article_modified_time":"2019-11-19T12:16:29+00:00","og_image":[{"url":"https:\/\/content.redfoxlotto.com\/uploads\/sites\/9\/2_ticket_la_primitiva2.jpg"}],"twitter_card":"summary_large_image","twitter_misc":{"Ber\u00e4knad l\u00e4stid":"2 minuter"},"schema":{"@context":"https:\/\/schema.org","@graph":[{"@type":"WebPage","@id":"https:\/\/redfoxlotto.com\/sv\/lotteri\/la-primitiva\/","url":"https:\/\/redfoxlotto.com\/sv\/lotteri\/la-primitiva\/","name":"K\u00f6p La Primitiva lotter \u00f6verallt","isPartOf":{"@id":"https:\/\/redfoxlotto.com\/sv\/#website"},"primaryImageOfPage":{"@id":"https:\/\/redfoxlotto.com\/sv\/lotteri\/la-primitiva\/#primaryimage"},"image":{"@id":"https:\/\/redfoxlotto.com\/sv\/lotteri\/la-primitiva\/#primaryimage"},"thumbnailUrl":"https:\/\/content.redfoxlotto.com\/uploads\/sites\/9\/2_ticket_la_primitiva2.jpg","datePublished":"2018-11-18T08:54:25+00:00","dateModified":"2019-11-19T12:16:29+00:00","description":"Oavsett var du bor - kan du k\u00f6pa lotter till La Primitiva Lotto","breadcrumb":{"@id":"https:\/\/redfoxlotto.com\/sv\/lotteri\/la-primitiva\/#breadcrumb"},"inLanguage":"sv-SE","potentialAction":[{"@type":"ReadAction","target":["https:\/\/redfoxlotto.com\/sv\/lotteri\/la-primitiva\/"]}]},{"@type":"ImageObject","inLanguage":"sv-SE","@id":"https:\/\/redfoxlotto.com\/sv\/lotteri\/la-primitiva\/#primaryimage","url":"https:\/\/content.redfoxlotto.com\/uploads\/sites\/9\/2_ticket_la_primitiva2.jpg","contentUrl":"https:\/\/content.redfoxlotto.com\/uploads\/sites\/9\/2_ticket_la_primitiva2.jpg"},{"@type":"BreadcrumbList","@id":"https:\/\/redfoxlotto.com\/sv\/lotteri\/la-primitiva\/#breadcrumb","itemListElement":[{"@type":"ListItem","position":1,"name":"Home","item":"https:\/\/redfoxlotto.com\/sv\/"},{"@type":"ListItem","position":2,"name":"Hur man k\u00f6per lotter online &#8211; k\u00f6pprocessen","item":"https:\/\/redfoxlotto.com\/sv\/lotteri\/"},{"@type":"ListItem","position":3,"name":"Om att k\u00f6pa lotter till La Primitiva online"}]},{"@type":"WebSite","@id":"https:\/\/redfoxlotto.com\/sv\/#website","url":"https:\/\/redfoxlotto.com\/sv\/","name":"Get Tickets for the World\u2019s largest jackpots","description":"Participate in worldwide lottery jackpots from any country","publisher":{"@id":"https:\/\/redfoxlotto.com\/sv\/#organization"},"potentialAction":[{"@type":"SearchAction","target":{"@type":"EntryPoint","urlTemplate":"https:\/\/redfoxlotto.com\/sv\/?s={search_term_string}"},"query-input":{"@type":"PropertyValueSpecification","valueRequired":true,"valueName":"search_term_string"}}],"inLanguage":"sv-SE"},{"@type":"Organization","@id":"https:\/\/redfoxlotto.com\/sv\/#organization","name":"Get Tickets for the World\u2019s largest jackpots","url":"https:\/\/redfoxlotto.com\/sv\/","logo":{"@type":"ImageObject","inLanguage":"sv-SE","@id":"https:\/\/redfoxlotto.com\/sv\/#\/schema\/logo\/image\/","url":"https:\/\/redfoxlotto.com\/wp-content\/uploads\/2023\/04\/logo.png","contentUrl":"https:\/\/redfoxlotto.com\/wp-content\/uploads\/2023\/04\/logo.png","width":269,"height":53,"caption":"Get Tickets for the World\u2019s largest jackpots"},"image":{"@id":"https:\/\/redfoxlotto.com\/sv\/#\/schema\/logo\/image\/"}}]}},"_links":{"self":[{"href":"https:\/\/redfoxlotto.com\/sv\/wp-json\/wp\/v2\/pages\/5540","targetHints":{"allow":["GET"]}}],"collection":[{"href":"https:\/\/redfoxlotto.com\/sv\/wp-json\/wp\/v2\/pages"}],"about":[{"href":"https:\/\/redfoxlotto.com\/sv\/wp-json\/wp\/v2\/types\/page"}],"author":[{"embeddable":true,"href":"https:\/\/redfoxlotto.com\/sv\/wp-json\/wp\/v2\/users\/1"}],"replies":[{"embeddable":true,"href":"https:\/\/redfoxlotto.com\/sv\/wp-json\/wp\/v2\/comments?post=5540"}],"version-history":[{"count":0,"href":"https:\/\/redfoxlotto.com\/sv\/wp-json\/wp\/v2\/pages\/5540\/revisions"}],"up":[{"embeddable":true,"href":"https:\/\/redfoxlotto.com\/sv\/wp-json\/wp\/v2\/pages\/5094"}],"wp:attachment":[{"href":"https:\/\/redfoxlotto.com\/sv\/wp-json\/wp\/v2\/media?parent=5540"}],"curies":[{"name":"wp","href":"https:\/\/api.w.org\/{rel}","templated":true}]}}