{"id":5533,"date":"2018-11-18T08:54:25","date_gmt":"2018-11-18T08:54:25","guid":{"rendered":"https:\/\/redfoxlotto.com\/?page_id=5533"},"modified":"2019-11-19T12:07:42","modified_gmt":"2019-11-19T12:07:42","slug":"el-gordo-primitiva","status":"publish","type":"page","link":"https:\/\/redfoxlotto.com\/sv\/lotteri\/el-gordo-primitiva\/","title":{"rendered":"Information om El Gordo"},"content":{"rendered":"<p>Det spanska jullotteriet, eller Loteria de Navidad, som det v\u00e4l kallas, \u00e4r ett av de \u00e4ldsta lotterierna i v\u00e4rlden eftersom det har funnits sedan 1812 och har organiserats varje \u00e5r fram till datum. Loteria de Navidad \u00e4r det n\u00e4st l\u00e4ngsta l\u00f6pande lotteriet i v\u00e4rlden eftersom det har utst\u00e5tt \u00e4ven under inb\u00f6rdeskrigets tid i Spanien. <\/p><p><img loading=\"lazy\" decoding=\"async\" class=\" wp-image alignright\" src=\"https:\/\/content.redfoxlotto.com\/uploads\/sites\/9\/1_buy_ticket_lotto_online.jpg\" alt=\"k\u00f6p online El Gordo\" width=\"234\" height=\"155\" \/><\/p><!--more--><p>I icke-spansktalande l\u00e4nder antar man ofta att El Gordo \u00e4r lotteriets namn, faktum \u00e4r att El Gordo bara h\u00e4nvisar till jackpotpriset eller bokstavligen det stora.<\/p><p>Det spanska jullotteriet erbjuder ett av de st\u00f6rsta lotteripriserna i ordet eftersom spelare har en chans att vinna upp till 2,5 miljarder euro i priser medan jackpotpriset eller El Gordo uppg\u00e5r till 4 miljoner euro. Dragningen \u00e4ger rum en g\u00e5ng varje \u00e5r n\u00e4ra juldagen, eftersom den h\u00e5lls varje 22 december.<\/p><p><img loading=\"lazy\" decoding=\"async\" class=\" wp-image alignright\" src=\"https:\/\/content.redfoxlotto.com\/uploads\/sites\/9\/2_ticket_el_gordo.jpg\" alt=\"El Gordo tickets\" width=\"162\" height=\"228\" \/><\/p><p>F\u00f6r att spela i det spanska jullotteriet m\u00e5ste du vara 18 \u00e5r och \u00e4ldre och lotterna har redan en serie med 5 nummer inskrivna p\u00e5 dem s\u00e5 att n\u00e4r lotten \u00e4r klar kan de lotterna som inneh\u00e5ller de vinnande numren dras in i lotteriet. &#8221;El Mayor premio es compartilo&#8221; \u00e4r en slogan f\u00f6rknippad med det spanska jullotteriet och den engelska \u00f6vers\u00e4ttningen \u00e4r &#8221;det st\u00f6rsta priset \u00e4r att dela&#8221; och det \u00e4r det som g\u00f6r lotteriet speciellt. Serier av lotter inneh\u00e5ller ofta samma nummer s\u00e5 att om det numret vinner s\u00e5 delas prispengarna mellan alla dem som har det numret. Under dragningen dras en boll som inneh\u00e5ller ett 5-siffrigt nummer fr\u00e5n en pool av andra med varje vinnande nummer som har sitt pris associerat med det.<\/p><p>Det spanska jullotteriet \u00e4r nu mer en tradition f\u00f6r det spanska folket eftersom varje julperiod, lotteriet tenderar att ge lycka till de spanska befolkningarna eftersom de alla f\u00f6rv\u00e4ntar sig att bli vinnare i den ber\u00f6mda Loteria de Navidad. Chansen att vinna El Gordo \u00e4r faktiskt h\u00f6g j\u00e4mf\u00f6rt med andra lotterier eftersom det ligger p\u00e5 1 p\u00e5 bara 100 000.<\/p>","protected":false},"excerpt":{"rendered":"<p>Det spanska jullotteriet, eller Loteria de Navidad, som det v\u00e4l kallas, \u00e4r ett av de \u00e4ldsta lotterierna i v\u00e4rlden eftersom det har funnits sedan 1812 och har organiserats varje \u00e5r fram till datum. Loteria de Navidad \u00e4r det n\u00e4st l\u00e4ngsta l\u00f6pande lotteriet i v\u00e4rlden eftersom det har utst\u00e5tt \u00e4ven under inb\u00f6rdeskrigets tid i Spanien.<\/p>\n","protected":false},"author":1,"featured_media":0,"parent":5094,"menu_order":6,"comment_status":"closed","ping_status":"closed","template":"el-gordo-info.php","meta":{"_et_pb_use_builder":"","_et_pb_old_content":"","_et_gb_content_width":"","exclude_from_search":false,"footnotes":""},"class_list":["post-5533","page","type-page","status-publish","hentry"],"yoast_head":"<!-- This site is optimized with the Yoast SEO plugin v23.8 - https:\/\/yoast.com\/wordpress\/plugins\/seo\/ -->\n<title>Hur man k\u00f6per lotter till spanska jullotto El Gordo online<\/title>\n<meta name=\"description\" content=\"Kolla denna information om El Gordo Loteria de Navidad, det spanska jullotteriet\" \/>\n<meta name=\"robots\" content=\"index, follow, max-snippet:-1, max-image-preview:large, max-video-preview:-1\" \/>\n<link rel=\"canonical\" href=\"https:\/\/redfoxlotto.com\/sv\/lotteri\/el-gordo-primitiva\/\" \/>\n<meta property=\"og:locale\" content=\"sv_SE\" \/>\n<meta property=\"og:type\" content=\"article\" \/>\n<meta property=\"og:title\" content=\"Hur man k\u00f6per lotter till spanska jullotto El Gordo online\" \/>\n<meta property=\"og:description\" content=\"Kolla denna information om El Gordo Loteria de Navidad, det spanska jullotteriet\" \/>\n<meta property=\"og:url\" content=\"https:\/\/redfoxlotto.com\/sv\/lotteri\/el-gordo-primitiva\/\" \/>\n<meta property=\"og:site_name\" content=\"Get Tickets for the World\u2019s largest jackpots\" \/>\n<meta property=\"article:modified_time\" content=\"2019-11-19T12:07:42+00:00\" \/>\n<meta property=\"og:image\" content=\"https:\/\/content.redfoxlotto.com\/uploads\/sites\/9\/1_buy_ticket_lotto_online.jpg\" \/>\n<meta name=\"twitter:card\" content=\"summary_large_image\" \/>\n<meta name=\"twitter:label1\" content=\"Ber\u00e4knad l\u00e4stid\" \/>\n\t<meta name=\"twitter:data1\" content=\"3 minuter\" \/>\n<script type=\"application\/ld+json\" class=\"yoast-schema-graph\">{\"@context\":\"https:\/\/schema.org\",\"@graph\":[{\"@type\":\"WebPage\",\"@id\":\"https:\/\/redfoxlotto.com\/sv\/lotteri\/el-gordo-primitiva\/\",\"url\":\"https:\/\/redfoxlotto.com\/sv\/lotteri\/el-gordo-primitiva\/\",\"name\":\"Hur man k\u00f6per lotter till spanska jullotto El Gordo online\",\"isPartOf\":{\"@id\":\"https:\/\/redfoxlotto.com\/sv\/#website\"},\"primaryImageOfPage\":{\"@id\":\"https:\/\/redfoxlotto.com\/sv\/lotteri\/el-gordo-primitiva\/#primaryimage\"},\"image\":{\"@id\":\"https:\/\/redfoxlotto.com\/sv\/lotteri\/el-gordo-primitiva\/#primaryimage\"},\"thumbnailUrl\":\"https:\/\/content.redfoxlotto.com\/uploads\/sites\/9\/1_buy_ticket_lotto_online.jpg\",\"datePublished\":\"2018-11-18T08:54:25+00:00\",\"dateModified\":\"2019-11-19T12:07:42+00:00\",\"description\":\"Kolla denna information om El Gordo Loteria de Navidad, det spanska jullotteriet\",\"breadcrumb\":{\"@id\":\"https:\/\/redfoxlotto.com\/sv\/lotteri\/el-gordo-primitiva\/#breadcrumb\"},\"inLanguage\":\"sv-SE\",\"potentialAction\":[{\"@type\":\"ReadAction\",\"target\":[\"https:\/\/redfoxlotto.com\/sv\/lotteri\/el-gordo-primitiva\/\"]}]},{\"@type\":\"ImageObject\",\"inLanguage\":\"sv-SE\",\"@id\":\"https:\/\/redfoxlotto.com\/sv\/lotteri\/el-gordo-primitiva\/#primaryimage\",\"url\":\"https:\/\/content.redfoxlotto.com\/uploads\/sites\/9\/1_buy_ticket_lotto_online.jpg\",\"contentUrl\":\"https:\/\/content.redfoxlotto.com\/uploads\/sites\/9\/1_buy_ticket_lotto_online.jpg\"},{\"@type\":\"BreadcrumbList\",\"@id\":\"https:\/\/redfoxlotto.com\/sv\/lotteri\/el-gordo-primitiva\/#breadcrumb\",\"itemListElement\":[{\"@type\":\"ListItem\",\"position\":1,\"name\":\"Home\",\"item\":\"https:\/\/redfoxlotto.com\/sv\/\"},{\"@type\":\"ListItem\",\"position\":2,\"name\":\"Hur man k\u00f6per lotter online &#8211; k\u00f6pprocessen\",\"item\":\"https:\/\/redfoxlotto.com\/sv\/lotteri\/\"},{\"@type\":\"ListItem\",\"position\":3,\"name\":\"Information om El Gordo\"}]},{\"@type\":\"WebSite\",\"@id\":\"https:\/\/redfoxlotto.com\/sv\/#website\",\"url\":\"https:\/\/redfoxlotto.com\/sv\/\",\"name\":\"Get Tickets for the World\u2019s largest jackpots\",\"description\":\"Participate in worldwide lottery jackpots from any country\",\"publisher\":{\"@id\":\"https:\/\/redfoxlotto.com\/sv\/#organization\"},\"potentialAction\":[{\"@type\":\"SearchAction\",\"target\":{\"@type\":\"EntryPoint\",\"urlTemplate\":\"https:\/\/redfoxlotto.com\/sv\/?s={search_term_string}\"},\"query-input\":{\"@type\":\"PropertyValueSpecification\",\"valueRequired\":true,\"valueName\":\"search_term_string\"}}],\"inLanguage\":\"sv-SE\"},{\"@type\":\"Organization\",\"@id\":\"https:\/\/redfoxlotto.com\/sv\/#organization\",\"name\":\"Get Tickets for the World\u2019s largest jackpots\",\"url\":\"https:\/\/redfoxlotto.com\/sv\/\",\"logo\":{\"@type\":\"ImageObject\",\"inLanguage\":\"sv-SE\",\"@id\":\"https:\/\/redfoxlotto.com\/sv\/#\/schema\/logo\/image\/\",\"url\":\"https:\/\/redfoxlotto.com\/wp-content\/uploads\/2023\/04\/logo.png\",\"contentUrl\":\"https:\/\/redfoxlotto.com\/wp-content\/uploads\/2023\/04\/logo.png\",\"width\":269,\"height\":53,\"caption\":\"Get Tickets for the World\u2019s largest jackpots\"},\"image\":{\"@id\":\"https:\/\/redfoxlotto.com\/sv\/#\/schema\/logo\/image\/\"}}]}<\/script>\n<!-- \/ Yoast SEO plugin. -->","yoast_head_json":{"title":"Hur man k\u00f6per lotter till spanska jullotto El Gordo online","description":"Kolla denna information om El Gordo Loteria de Navidad, det spanska jullotteriet","robots":{"index":"index","follow":"follow","max-snippet":"max-snippet:-1","max-image-preview":"max-image-preview:large","max-video-preview":"max-video-preview:-1"},"canonical":"https:\/\/redfoxlotto.com\/sv\/lotteri\/el-gordo-primitiva\/","og_locale":"sv_SE","og_type":"article","og_title":"Hur man k\u00f6per lotter till spanska jullotto El Gordo online","og_description":"Kolla denna information om El Gordo Loteria de Navidad, det spanska jullotteriet","og_url":"https:\/\/redfoxlotto.com\/sv\/lotteri\/el-gordo-primitiva\/","og_site_name":"Get Tickets for the World\u2019s largest jackpots","article_modified_time":"2019-11-19T12:07:42+00:00","og_image":[{"url":"https:\/\/content.redfoxlotto.com\/uploads\/sites\/9\/1_buy_ticket_lotto_online.jpg"}],"twitter_card":"summary_large_image","twitter_misc":{"Ber\u00e4knad l\u00e4stid":"3 minuter"},"schema":{"@context":"https:\/\/schema.org","@graph":[{"@type":"WebPage","@id":"https:\/\/redfoxlotto.com\/sv\/lotteri\/el-gordo-primitiva\/","url":"https:\/\/redfoxlotto.com\/sv\/lotteri\/el-gordo-primitiva\/","name":"Hur man k\u00f6per lotter till spanska jullotto El Gordo online","isPartOf":{"@id":"https:\/\/redfoxlotto.com\/sv\/#website"},"primaryImageOfPage":{"@id":"https:\/\/redfoxlotto.com\/sv\/lotteri\/el-gordo-primitiva\/#primaryimage"},"image":{"@id":"https:\/\/redfoxlotto.com\/sv\/lotteri\/el-gordo-primitiva\/#primaryimage"},"thumbnailUrl":"https:\/\/content.redfoxlotto.com\/uploads\/sites\/9\/1_buy_ticket_lotto_online.jpg","datePublished":"2018-11-18T08:54:25+00:00","dateModified":"2019-11-19T12:07:42+00:00","description":"Kolla denna information om El Gordo Loteria de Navidad, det spanska jullotteriet","breadcrumb":{"@id":"https:\/\/redfoxlotto.com\/sv\/lotteri\/el-gordo-primitiva\/#breadcrumb"},"inLanguage":"sv-SE","potentialAction":[{"@type":"ReadAction","target":["https:\/\/redfoxlotto.com\/sv\/lotteri\/el-gordo-primitiva\/"]}]},{"@type":"ImageObject","inLanguage":"sv-SE","@id":"https:\/\/redfoxlotto.com\/sv\/lotteri\/el-gordo-primitiva\/#primaryimage","url":"https:\/\/content.redfoxlotto.com\/uploads\/sites\/9\/1_buy_ticket_lotto_online.jpg","contentUrl":"https:\/\/content.redfoxlotto.com\/uploads\/sites\/9\/1_buy_ticket_lotto_online.jpg"},{"@type":"BreadcrumbList","@id":"https:\/\/redfoxlotto.com\/sv\/lotteri\/el-gordo-primitiva\/#breadcrumb","itemListElement":[{"@type":"ListItem","position":1,"name":"Home","item":"https:\/\/redfoxlotto.com\/sv\/"},{"@type":"ListItem","position":2,"name":"Hur man k\u00f6per lotter online &#8211; k\u00f6pprocessen","item":"https:\/\/redfoxlotto.com\/sv\/lotteri\/"},{"@type":"ListItem","position":3,"name":"Information om El Gordo"}]},{"@type":"WebSite","@id":"https:\/\/redfoxlotto.com\/sv\/#website","url":"https:\/\/redfoxlotto.com\/sv\/","name":"Get Tickets for the World\u2019s largest jackpots","description":"Participate in worldwide lottery jackpots from any country","publisher":{"@id":"https:\/\/redfoxlotto.com\/sv\/#organization"},"potentialAction":[{"@type":"SearchAction","target":{"@type":"EntryPoint","urlTemplate":"https:\/\/redfoxlotto.com\/sv\/?s={search_term_string}"},"query-input":{"@type":"PropertyValueSpecification","valueRequired":true,"valueName":"search_term_string"}}],"inLanguage":"sv-SE"},{"@type":"Organization","@id":"https:\/\/redfoxlotto.com\/sv\/#organization","name":"Get Tickets for the World\u2019s largest jackpots","url":"https:\/\/redfoxlotto.com\/sv\/","logo":{"@type":"ImageObject","inLanguage":"sv-SE","@id":"https:\/\/redfoxlotto.com\/sv\/#\/schema\/logo\/image\/","url":"https:\/\/redfoxlotto.com\/wp-content\/uploads\/2023\/04\/logo.png","contentUrl":"https:\/\/redfoxlotto.com\/wp-content\/uploads\/2023\/04\/logo.png","width":269,"height":53,"caption":"Get Tickets for the World\u2019s largest jackpots"},"image":{"@id":"https:\/\/redfoxlotto.com\/sv\/#\/schema\/logo\/image\/"}}]}},"_links":{"self":[{"href":"https:\/\/redfoxlotto.com\/sv\/wp-json\/wp\/v2\/pages\/5533","targetHints":{"allow":["GET"]}}],"collection":[{"href":"https:\/\/redfoxlotto.com\/sv\/wp-json\/wp\/v2\/pages"}],"about":[{"href":"https:\/\/redfoxlotto.com\/sv\/wp-json\/wp\/v2\/types\/page"}],"author":[{"embeddable":true,"href":"https:\/\/redfoxlotto.com\/sv\/wp-json\/wp\/v2\/users\/1"}],"replies":[{"embeddable":true,"href":"https:\/\/redfoxlotto.com\/sv\/wp-json\/wp\/v2\/comments?post=5533"}],"version-history":[{"count":0,"href":"https:\/\/redfoxlotto.com\/sv\/wp-json\/wp\/v2\/pages\/5533\/revisions"}],"up":[{"embeddable":true,"href":"https:\/\/redfoxlotto.com\/sv\/wp-json\/wp\/v2\/pages\/5094"}],"wp:attachment":[{"href":"https:\/\/redfoxlotto.com\/sv\/wp-json\/wp\/v2\/media?parent=5533"}],"curies":[{"name":"wp","href":"https:\/\/api.w.org\/{rel}","templated":true}]}}