{"id":5117,"date":"2023-04-24T17:35:03","date_gmt":"2023-04-24T17:35:03","guid":{"rendered":"https:\/\/redfoxlotto.com\/?page_id=1780"},"modified":"2025-12-15T21:50:29","modified_gmt":"2025-12-15T21:50:29","slug":"powerball","status":"publish","type":"page","link":"https:\/\/redfoxlotto.com\/sv\/spela\/powerball\/","title":{"rendered":"Spela Powerball USA"},"content":{"rendered":"<p><script type=\"application\/ld+json\">\n{\n  \"@context\": \"https:\/\/schema.org\",\n  \"@type\": \"Service\",\n  \"name\": \"Spela Powerball online\",\n  \"url\": \"https:\/\/redfoxlotto.com\/sv\/spela\/powerball\/\",\n  \"description\": \"Spela Powerball-lotteri online fr\u00e5n vilket land som helst. Bes\u00f6k RedFoxLotto, v\u00e4lj dina nummer och f\u00e5 dina biljetter.\",\n  \"serviceType\": \"Online-lotteribilsleveranstj\u00e4nst\",\n  \"provider\": {\n    \"@type\": \"Organization\",\n    \"name\": \"RedFoxLotto\",\n    \"url\": \"https:\/\/redfoxlotto.com\/sv\/spela\/powerball\/\",\n    \"image\": \"https:\/\/redfoxlotto.com\/wp-content\/uploads\/2025\/12\/ticket_scans.jpg\",\n    \"sameAs\": []\n  },\n  \"areaServed\": \"Worldwide\",\n  \"termsOfService\": \"https:\/\/redfoxlotto.com\/terms-and-conditions\",\n  \"additionalProperty\": {\n    \"@type\": \"PropertyValue\",\n    \"name\": \"FAQ\",\n    \"value\": \"https:\/\/redfoxlotto.com\/sv\/faq\/\"\n  },\n  \"hasOfferCatalog\": {\n    \"@type\": \"OfferCatalog\",\n    \"name\": \"Powerball-lotteribiljetter\",\n    \"itemListElement\": [\n      {\n        \"@type\": \"Offer\",\n        \"name\": \"Powerball-biljetter\",\n        \"url\": \"https:\/\/redfoxlotto.com\/sv\/spela\/powerball\/\",\n        \"description\": \"Klicka h\u00e4r f\u00f6r att v\u00e4lja dina nummer till n\u00e4sta Powerball-dragning \u2013 best\u00e4ll dina biljetter online.\",\n        \"price\": \"5.90\",\n        \"priceCurrency\": \"EUR\",\n        \"availability\": \"https:\/\/schema.org\/InStock\",\n        \"itemOffered\": {\n          \"@type\": \"Service\",\n          \"name\": \"Powerball-lotteribiljetter\",\n          \"description\": \"Spela i n\u00e4sta Powerball-dragning via RedFoxLotto.\"\n        }\n      }\n    ]\n  },\n  \"mainEntityOfPage\": {\n    \"@type\": \"WebPage\",\n    \"@id\": \"https:\/\/redfoxlotto.com\/sv\/spela\/powerball\/\"\n  }\n}\n<\/script><\/p>\n<p>Detta \u00e4r ett lotteri som g\u00f6r rubrikerna regelbundet p\u00e5 grund av dess enorma jackpots. Och nu kan du <a href=\"https:\/\/redfoxlotto.com\/sv\/lotteri\/euromillions\/\">spela Powerball USA fr\u00e5n Sverige<\/a> ocks\u00e5, eller fr\u00e5n n\u00e5got annat land f\u00f6r den delen.<!--more--><\/p>\n<h2>Att spela Powerball online \u00e4r enkelt<\/h2>\n<p>V\u00e4lj dina nummer, betala online s\u00e5 kommer v\u00e5ra agenter att k\u00f6pa en lott \u00e5t dig. Detta \u00e4r v\u00e5r tj\u00e4nst. Du beh\u00f6ver inte oroa dig f\u00f6r att f\u00e5 betalt om du vinner. Vi tar ocks\u00e5 hand om din utbetalning f\u00f6r dig.<\/p>\n<h2>Varf\u00f6r \u00e4r Powerball-jackpotten s\u00e5 h\u00f6g s\u00e5 ofta?<\/h2>\n<p><img decoding=\"async\" class=\" wp-image alignright\" src=\"https:\/\/content.redfoxlotto.com\/uploads\/sites\/9\/2_ticket_powerball2.jpg\" alt=\"powerball online fr\u00e5n sverige\" width=\"250&quot;\" height=\"125\" \/><\/p>\n<p>Tja, f\u00f6rst med att det aldrig kan vara l\u00e4gre \u00e4n 40 miljoner dollar. N\u00e4r jackpotten har vunnit startar topppriset p\u00e5 40 miljoner dollar. N\u00e4r det h\u00e4nder b\u00f6rjar Powerball-jackpotten \u00f6ka med $ 10 till $ 20 miljoner per dragning. Det finns tv\u00e5 dragningar per vecka. S\u00e5 det tar bara tv\u00e5 veckor tills jackpotten bryter $ 100 miljoner barri\u00e4ren (s\u00e5vida ingen vinner topppriset, naturligtvis). N\u00e4r detta har h\u00e4nt \u00f6kar det vanligtvis med 10-15% efter varje dragning.<\/p>\n<p>Men det h\u00e4nder regelbundet att jackpotten inte vinns under en period av \u00e5tta till nio veckor. D\u00e5 kommer den ha n\u00e5tt 500 miljoner dollar eller mer. <strong>D\u00e5 b\u00f6rjar bokstavligen alla i USA att k\u00f6pa lotter.<\/strong> Bollen rullar verkligen vid den punkten. Det tar bara en dragning f\u00f6r att g\u00e5 fr\u00e5n 500 miljoner dollar till 1 miljard dollar eller mer.<\/p>\n<p>Uppenbarligen f\u00e5r de h\u00f6gre jackpotterna v\u00e4rlden \u00f6ver uppm\u00e4rksamhet i media. Det inkluderar Sverige, och lotto fans fr\u00e5n hela v\u00e4rlden vill k\u00f6pa sina lotter online. Detta \u00e4r tj\u00e4nsten som vi tillhandah\u00e5ller. Inte bara f\u00f6r kunder i Sverige utan f\u00f6r alla personer i laglig \u00e5lder som vill ha sin chans att vinna Powerball USA-jackpotten.<\/p>\n<h2>Hur fungerar US Powerball?<\/h2>\n<p><img loading=\"lazy\" decoding=\"async\" class=\" wp-image alignright\" src=\"https:\/\/content.redfoxlotto.com\/uploads\/sites\/9\/1_play_powerball_usa.jpg\" alt=\"spela usa lotteri\" width=\"189\" height=\"135\" \/><\/p>\n<p>Spelare m\u00e5ste v\u00e4lja fem siffror fr\u00e5n 1 till 69 (de vita bollarna), plus ett nummer fr\u00e5n 1 till 26 (r\u00f6da bollar). F\u00f6r att vinna jackpotten m\u00e5ste du ha alla 6 numren p\u00e5 din lott.<\/p>\n<h2>\u00c4r det lagligt att spela Powerball fr\u00e5n Sverige?<\/h2>\n<p>Ja det \u00e4r det! F\u00f6rest\u00e4ll dig att du \u00e4r i USA &#8211; <strong>du kan enkelt k\u00f6pa en lott d\u00e4r.<\/strong> Om du vinner, har du ett lagligt krav p\u00e5 att f\u00e5 ditt pris. <a href=\"https:\/\/redfoxlotto.com\/sv\/\">Lotteriet<\/a> \u00e4r inte begr\u00e4nsat till lagliga inv\u00e5nare i USA. S\u00e5 om du \u00e4r bosatt i Storbritannien och n\u00e5gon annan k\u00f6per lotten p\u00e5 plats f\u00f6r dig \u00e4r ditt krav s\u00e4kert. Det \u00e4r din lott, och det \u00e4r allt som betyder.<\/p>\n<p>S\u00e5 nu finns det ingen anledning f\u00f6r dig att inte f\u00f6rs\u00f6ka vinna Powerball-jackpotten &#8211; <strong>f\u00e5 din online-lott nu!<\/strong><\/p>\n<h2>F\u00f6r- och nackdelar med Powerball<\/h2>\n<p>Om du vill spela Powerball b\u00f6r du veta vilka f\u00f6r- och nackdelar det finns. S\u00e4rskilt eftersom du n\u00e4r du spelar online har m\u00e5nga lotterier att v\u00e4lja mellan och det blir viktigt att k\u00e4nna till egenskaperna hos Powerball och de andra lotterierna.<\/p>\n<h3>Powerballs f\u00f6rdelar<\/h3>\n<ul>\n<li>Mycket h\u00f6g l\u00e4gsta Powerball-jackpot p\u00e5 40 miljoner dollar, vilket \u00e4r mer \u00e4n vad de flesta lotterier kan erbjuda \u00e4ven efter veckor d\u00e5 ingen har vunnit deras h\u00f6gsta vinst.<\/li>\n<li>Starka \u00f6kningar vecka efter vecka n\u00e4r Powerball-jackpotten har passerat 200 miljoner dollar.<\/li>\n<li>En mycket h\u00f6g Powerball-vinst p\u00e5 1 miljon dollar i den andra niv\u00e5n och en vinst p\u00e5 50 000 dollar i den tredje niv\u00e5n, tillsammans med acceptabla odds f\u00f6r de l\u00e4gre Powerball-niv\u00e5erna, g\u00f6r Powerball attraktivt att spela.<\/li>\n<li>Stora jackpottar f\u00f6r Powerball brukar ge rubriker \u00f6ver hela v\u00e4rlden, s\u00e5 du vet n\u00e4r du ska h\u00e4mta dina biljetter och spela.<\/li>\n<li>Du kan spela i tre Powerball-utdragningar varje vecka.<\/li>\n<li>Dragningarna kan f\u00f6ljas online via Powerballs webbplats eller via Youtube.<\/li>\n<li>Gratis bonusbiljett f\u00f6r Powerball f\u00f6r alla v\u00e5ra nya kunder.<\/li>\n<li>Ytterligare en gratis bonusbiljett f\u00f6r Powerball om du h\u00e4nvisar en v\u00e4n till v\u00e5r webbplats efter att din v\u00e4n har spenderat minst 10,00 euro p\u00e5 biljetter till n\u00e5got av v\u00e5ra lotterier.<\/li>\n<\/ul>\n<h3>Nackdelar med Powerball<\/h3>\n<ul>\n<li>L\u00e5g sannolikhet att vinna Powerball-jackpotten (\u00e4ven om jackpotten alltid kn\u00e4cks s\u00e5 sm\u00e5ningom).<\/li>\n<li>F\u00f6r europeiska eller asiatiska spelare \u00e4r dragningstiderna f\u00f6r Powerball obekv\u00e4ma om de vill se dragningarna online.<\/li>\n<\/ul>\n<h2>N\u00e4r \u00e4ger dragningarna i Powerball rum?<\/h2>\n<p>Powerball-dragningarna \u00e4ger rum kl. 10.59 \u00f6stkusttid (eller 22.59), dvs. kl. 3.59 f\u00f6ljande dag Greenwich Mean Time, eller kl. 4.59 f\u00f6ljande dag i Centraleuropa.<\/p>\n<h2>Powerball-lotteriets och jackpottens historia<\/h2>\n<p>N\u00e4r Powerball startade \u00e5r 1992 var den l\u00e4gsta jackpotten endast 2 miljoner dollar. P\u00e5 den tiden var man f\u00f6r att spela Powerball tvungen att v\u00e4lja 5 nummer av 45 huvudnummer och ett Powerball-nummer av den andra upps\u00e4ttningen p\u00e5 45 nummer.<\/p>\n<p>\u00c5r 1997 \u00e4ndrades reglerna f\u00f6r Powerball. F\u00f6r att spela var man tvungen att v\u00e4lja 5 av 49 nummer, och Powerball-numret var 1 av 42 nummer. Den l\u00e4gsta Powerball-jackpotten fastst\u00e4lldes till 10 miljoner dollar.<\/p>\n<p>En annan f\u00f6r\u00e4ndring i Powerball-uppl\u00e4gget skedde 2002 d\u00e5 antalet bollar i huvuddragningen \u00f6kade till 53 &#8211; spelarna var fortfarande tvungna att spela 5 nummer plus ett Powerball-nummer av 42.<\/p>\n<p>\u00c5r 2005 fastst\u00e4lldes den l\u00e4gsta Powerball-jackpotten till 15 miljoner dollar, vilket inneb\u00e4r att n\u00e4r en jackpot har vunnits kan man i n\u00e4sta Powerball-utdragning spela om 15 miljoner dollar som h\u00f6gsta Powerball-vinst.<\/p>\n<p>Denna Powerball-inst\u00e4llning g\u00e4llde fram till januari 2009, d\u00e5 det skedde ytterligare en f\u00f6r\u00e4ndring av hur Powerball spelades. F\u00f6r det f\u00f6rsta h\u00f6jdes jackpotten till minst 20 miljoner dollar, medan spelarna var tvungna att v\u00e4lja 5 nummer fr\u00e5n 59 bollar, samt spela ett Powerball-nummer fr\u00e5n en serie p\u00e5 39 nummer.<\/p>\n<p>\u00c5r 2012 f\u00f6rdubblades den garanterade jackpotten i Powerball, vilket innebar att miniminiv\u00e5n sattes till 40 miljoner dollar.<\/p>\n<p>2015 \u00f6kades huvudnummerserien f\u00f6r Powerballdragningen igen, fr\u00e5n 59 till 69. Samtidigt s\u00e4nktes intervallet f\u00f6r det extra Powerballnumret till 26. Denna nya regel gjorde det mer sannolikt att spela och vinna de l\u00e4gre vinsterna, medan oddsen f\u00f6r Powerball-jackpotten gjorde det mindre sannolikt f\u00f6r spelarna att vinna. Sj\u00e4lvklart skulle jackpotten vara oanm\u00e4ld under l\u00e4ngre perioder, vilket resulterade i st\u00f6rre jackpottar.<\/p>\n<p>En annan betydande f\u00f6r\u00e4ndring i s\u00e4ttet att spela Powerball skedde 2021 d\u00e5 en tredje dragningsdag inf\u00f6rdes, och sedan dess har dragningarna skett p\u00e5 m\u00e5ndagar, onsdagar och l\u00f6rdagar.<\/p>\n<p>Under \u00e5rens lopp har m\u00e5nga amerikanska delstater beslutat att ansluta sig till Powerball-spelet. Fr\u00e5n b\u00f6rjan kunde endast inv\u00e5narna i 15 stater spela Powerball, men f\u00f6r n\u00e4rvarande kan du f\u00e5 biljetter i 44 stater. Samtidigt \u00e4r det m\u00f6jligt att f\u00e5 biljetter till Powerball via v\u00e5r lagliga onlinetj\u00e4nst. Genom oss spelar du med en riktig Powerball-biljett, och hela proceduren fr\u00e5n att v\u00e4lja nummer, betala f\u00f6r din biljett samt f\u00e5 betalt kan g\u00f6ras online<\/p>\n<h2>Hur snabbt stiger jackpotten efter varje dragning?<\/h2>\n<p>Om du vill spela Powerball b\u00f6r du naturligtvis alltid kontrollera storleken p\u00e5 jackpotten. I allm\u00e4nhet rekommenderar vi att spelarna oftast ska v\u00e4lja det lotteri med den jackpot som f\u00f6r n\u00e4rvarande \u00e4r h\u00f6gst. \u00c5 andra sidan har vissa lotterier mycket l\u00e5ga sannolikheter f\u00f6r h\u00f6gsta vinsten. Superenalotto, Powerball och Mega Millions h\u00f6r till dessa lotterier.<\/p>\n<p>Med det sagt b\u00f6r du observera jackpottarnas utveckling, och ofta nog \u00e4r det klokt att k\u00f6pa lotter f\u00f6r flera p\u00e5 varandra f\u00f6ljande dragningar direkt. Genom att g\u00f6ra det ser du till att du inte missar att spela f\u00f6r en jackpot som kan \u00f6ka snabbt. H\u00e4r \u00e4r n\u00e5gra siffror om den stegvisa \u00f6kningen av Powerball-jackpotten. Naturligtvis \u00e4r detta vad som h\u00e4nder endast om ingen vinner Powerball-jackpotten.<\/p>\n<p>N\u00e4r Powerball-jackpotten \u00e4r som l\u00e4gst (40 miljoner dollar som minimum) \u00f6kar den vanligtvis i en takt p\u00e5 cirka 8-10 miljoner dollar per dragning. Med tre dragningar per vecka skulle \u00f6kningen per vecka vara cirka 25-30 miljoner dollar.<\/p>\n<p>N\u00e4r Powerball-jackpotten \u00e4r h\u00f6gre \u00e4n 100 miljoner dollar skulle \u00f6kningen per vecka vara n\u00e4ra 35 miljoner dollar. Detta beror naturligtvis p\u00e5 att fler m\u00e4nniskor spelar Powerball och k\u00f6per lotter n\u00e4r Powerball-jackpotten \u00e4r h\u00f6gre.<\/p>\n<p>N\u00e4r Powerball-jackpotten \u00f6verskrider 200 miljoner dollar, och fler och fler spelare k\u00f6per fler lotter, sker en acceleration i den stegvisa \u00f6kningen av jackpotten. Vid den tidpunkten b\u00f6rjar bland annat lottospelare fr\u00e5n hela v\u00e4rlden att uppm\u00e4rksamma detta och vill spela med lotter som k\u00f6pts online. Den veckovisa \u00f6kningen kommer n\u00e4rmare 50 miljoner dollar.<\/p>\n<p>Vid en s\u00e5dan tidpunkt n\u00e4r jackpotten f\u00f6r Powerball har n\u00e5tt 400 miljoner dollar kan du f\u00f6rv\u00e4nta dig att jackpotten \u00f6kar med 25 miljoner dollar efter varje dragning. Det \u00e4r en \u00f6kning p\u00e5 75 miljoner dollar per vecka.<\/p>\n<p>Om ingen vinner Powerball-jackpotten \u00e4ven n\u00e4r den ligger \u00f6ver 500 miljoner dollar brukar \u00f6kad v\u00e4rldsomsp\u00e4nnande mediabevakning resultera i betydande lokala och online-k\u00f6p av Powerball-biljetter. Som en f\u00f6ljd av detta kan Powerball-jackpotten l\u00e4tt g\u00e5 fr\u00e5n 500 miljoner dollar till att vara n\u00e4ra 1 miljard dollar inom tv\u00e5 veckor. Allt detta f\u00f6rst\u00e5s om ingen vinner jackpotten, och den b\u00f6rjar om med jackpotten p\u00e5 40 miljoner dollar vid n\u00e4sta dragning av Powerball.<\/p>\n<p>Allt som allt tar det ungef\u00e4r tre veckor f\u00f6r Powerball-jackpotten att v\u00e4xa \u00f6ver beloppet 200 miljoner dollar, och totalt ungef\u00e4r 9 veckor f\u00f6r att g\u00e5 fr\u00e5n minimum till 400 miljoner dollar.<\/p>\n<h2>H\u00f6gsta Powerball-jackpotten genom tiderna<\/h2>\n<p>Powerball har v\u00e4rldsrekord jackpotten p\u00e5 $ 2 miljard, 40 Miljoner. Den vanns den 22 november, 2022 av en enda vinnare. I januari 2016 delade tre lyckliga vinnare fr\u00e5n delstaterna Tennessee, Florida och Kalifornien rekordpriset f\u00f6r Powerball, p\u00e5 inte mindre \u00e4n totalt 1,5 miljarder dollar.<\/p>\n","protected":false},"excerpt":{"rendered":"<p>Detta \u00e4r ett lotteri som g\u00f6r rubrikerna regelbundet p\u00e5 grund av dess enorma jackpots. Och nu kan du spela Powerball USA fr\u00e5n Sverige ocks\u00e5, eller fr\u00e5n n\u00e5got annat land f\u00f6r den delen.<\/p>\n","protected":false},"author":1,"featured_media":0,"parent":5112,"menu_order":1,"comment_status":"closed","ping_status":"closed","template":"powerball-usa.php","meta":{"_et_pb_use_builder":"","_et_pb_old_content":"","_et_gb_content_width":"","exclude_from_search":false,"footnotes":""},"class_list":["post-5117","page","type-page","status-publish","hentry"],"yoast_head":"<!-- This site is optimized with the Yoast SEO plugin v23.8 - https:\/\/yoast.com\/wordpress\/plugins\/seo\/ -->\n<title>Spela Powerball Online fr\u00e5n Sverige<\/title>\n<meta name=\"description\" content=\"V\u00e5r tj\u00e4nst l\u00e5ter dig spela Powerball fr\u00e5n alla andra l\u00e4nder, inklusive Sverige - k\u00f6p din lott nu!\" \/>\n<meta name=\"robots\" content=\"index, follow, max-snippet:-1, max-image-preview:large, max-video-preview:-1\" \/>\n<link rel=\"canonical\" href=\"https:\/\/redfoxlotto.com\/sv\/spela\/powerball\/\" \/>\n<meta property=\"og:locale\" content=\"sv_SE\" \/>\n<meta property=\"og:type\" content=\"article\" \/>\n<meta property=\"og:title\" content=\"Spela Powerball Online fr\u00e5n Sverige\" \/>\n<meta property=\"og:description\" content=\"V\u00e5r tj\u00e4nst l\u00e5ter dig spela Powerball fr\u00e5n alla andra l\u00e4nder, inklusive Sverige - k\u00f6p din lott nu!\" \/>\n<meta property=\"og:url\" content=\"https:\/\/redfoxlotto.com\/sv\/spela\/powerball\/\" \/>\n<meta property=\"og:site_name\" content=\"Get Tickets for the World\u2019s largest jackpots\" \/>\n<meta property=\"article:modified_time\" content=\"2025-12-15T21:50:29+00:00\" \/>\n<meta property=\"og:image\" content=\"https:\/\/content.redfoxlotto.com\/uploads\/sites\/9\/2_ticket_powerball2.jpg\" \/>\n<meta name=\"twitter:card\" content=\"summary_large_image\" \/>\n<meta name=\"twitter:label1\" content=\"Ber\u00e4knad l\u00e4stid\" \/>\n\t<meta name=\"twitter:data1\" content=\"7 minuter\" \/>\n<script type=\"application\/ld+json\" class=\"yoast-schema-graph\">{\"@context\":\"https:\/\/schema.org\",\"@graph\":[{\"@type\":\"WebPage\",\"@id\":\"https:\/\/redfoxlotto.com\/sv\/spela\/powerball\/\",\"url\":\"https:\/\/redfoxlotto.com\/sv\/spela\/powerball\/\",\"name\":\"Spela Powerball Online fr\u00e5n Sverige\",\"isPartOf\":{\"@id\":\"https:\/\/redfoxlotto.com\/sv\/#website\"},\"primaryImageOfPage\":{\"@id\":\"https:\/\/redfoxlotto.com\/sv\/spela\/powerball\/#primaryimage\"},\"image\":{\"@id\":\"https:\/\/redfoxlotto.com\/sv\/spela\/powerball\/#primaryimage\"},\"thumbnailUrl\":\"https:\/\/content.redfoxlotto.com\/uploads\/sites\/9\/2_ticket_powerball2.jpg\",\"datePublished\":\"2023-04-24T17:35:03+00:00\",\"dateModified\":\"2025-12-15T21:50:29+00:00\",\"description\":\"V\u00e5r tj\u00e4nst l\u00e5ter dig spela Powerball fr\u00e5n alla andra l\u00e4nder, inklusive Sverige - k\u00f6p din lott nu!\",\"breadcrumb\":{\"@id\":\"https:\/\/redfoxlotto.com\/sv\/spela\/powerball\/#breadcrumb\"},\"inLanguage\":\"sv-SE\",\"potentialAction\":[{\"@type\":\"ReadAction\",\"target\":[\"https:\/\/redfoxlotto.com\/sv\/spela\/powerball\/\"]}]},{\"@type\":\"ImageObject\",\"inLanguage\":\"sv-SE\",\"@id\":\"https:\/\/redfoxlotto.com\/sv\/spela\/powerball\/#primaryimage\",\"url\":\"https:\/\/content.redfoxlotto.com\/uploads\/sites\/9\/2_ticket_powerball2.jpg\",\"contentUrl\":\"https:\/\/content.redfoxlotto.com\/uploads\/sites\/9\/2_ticket_powerball2.jpg\"},{\"@type\":\"BreadcrumbList\",\"@id\":\"https:\/\/redfoxlotto.com\/sv\/spela\/powerball\/#breadcrumb\",\"itemListElement\":[{\"@type\":\"ListItem\",\"position\":1,\"name\":\"Home\",\"item\":\"https:\/\/redfoxlotto.com\/sv\/\"},{\"@type\":\"ListItem\",\"position\":2,\"name\":\"Hur man spelar lotterier i andra l\u00e4nder\",\"item\":\"https:\/\/redfoxlotto.com\/sv\/spela\/\"},{\"@type\":\"ListItem\",\"position\":3,\"name\":\"Spela Powerball USA\"}]},{\"@type\":\"WebSite\",\"@id\":\"https:\/\/redfoxlotto.com\/sv\/#website\",\"url\":\"https:\/\/redfoxlotto.com\/sv\/\",\"name\":\"Get Tickets for the World\u2019s largest jackpots\",\"description\":\"Participate in worldwide lottery jackpots from any country\",\"publisher\":{\"@id\":\"https:\/\/redfoxlotto.com\/sv\/#organization\"},\"potentialAction\":[{\"@type\":\"SearchAction\",\"target\":{\"@type\":\"EntryPoint\",\"urlTemplate\":\"https:\/\/redfoxlotto.com\/sv\/?s={search_term_string}\"},\"query-input\":{\"@type\":\"PropertyValueSpecification\",\"valueRequired\":true,\"valueName\":\"search_term_string\"}}],\"inLanguage\":\"sv-SE\"},{\"@type\":\"Organization\",\"@id\":\"https:\/\/redfoxlotto.com\/sv\/#organization\",\"name\":\"Get Tickets for the World\u2019s largest jackpots\",\"url\":\"https:\/\/redfoxlotto.com\/sv\/\",\"logo\":{\"@type\":\"ImageObject\",\"inLanguage\":\"sv-SE\",\"@id\":\"https:\/\/redfoxlotto.com\/sv\/#\/schema\/logo\/image\/\",\"url\":\"https:\/\/redfoxlotto.com\/wp-content\/uploads\/2023\/04\/logo.png\",\"contentUrl\":\"https:\/\/redfoxlotto.com\/wp-content\/uploads\/2023\/04\/logo.png\",\"width\":269,\"height\":53,\"caption\":\"Get Tickets for the World\u2019s largest jackpots\"},\"image\":{\"@id\":\"https:\/\/redfoxlotto.com\/sv\/#\/schema\/logo\/image\/\"}}]}<\/script>\n<!-- \/ Yoast SEO plugin. -->","yoast_head_json":{"title":"Spela Powerball Online fr\u00e5n Sverige","description":"V\u00e5r tj\u00e4nst l\u00e5ter dig spela Powerball fr\u00e5n alla andra l\u00e4nder, inklusive Sverige - k\u00f6p din lott nu!","robots":{"index":"index","follow":"follow","max-snippet":"max-snippet:-1","max-image-preview":"max-image-preview:large","max-video-preview":"max-video-preview:-1"},"canonical":"https:\/\/redfoxlotto.com\/sv\/spela\/powerball\/","og_locale":"sv_SE","og_type":"article","og_title":"Spela Powerball Online fr\u00e5n Sverige","og_description":"V\u00e5r tj\u00e4nst l\u00e5ter dig spela Powerball fr\u00e5n alla andra l\u00e4nder, inklusive Sverige - k\u00f6p din lott nu!","og_url":"https:\/\/redfoxlotto.com\/sv\/spela\/powerball\/","og_site_name":"Get Tickets for the World\u2019s largest jackpots","article_modified_time":"2025-12-15T21:50:29+00:00","og_image":[{"url":"https:\/\/content.redfoxlotto.com\/uploads\/sites\/9\/2_ticket_powerball2.jpg"}],"twitter_card":"summary_large_image","twitter_misc":{"Ber\u00e4knad l\u00e4stid":"7 minuter"},"schema":{"@context":"https:\/\/schema.org","@graph":[{"@type":"WebPage","@id":"https:\/\/redfoxlotto.com\/sv\/spela\/powerball\/","url":"https:\/\/redfoxlotto.com\/sv\/spela\/powerball\/","name":"Spela Powerball Online fr\u00e5n Sverige","isPartOf":{"@id":"https:\/\/redfoxlotto.com\/sv\/#website"},"primaryImageOfPage":{"@id":"https:\/\/redfoxlotto.com\/sv\/spela\/powerball\/#primaryimage"},"image":{"@id":"https:\/\/redfoxlotto.com\/sv\/spela\/powerball\/#primaryimage"},"thumbnailUrl":"https:\/\/content.redfoxlotto.com\/uploads\/sites\/9\/2_ticket_powerball2.jpg","datePublished":"2023-04-24T17:35:03+00:00","dateModified":"2025-12-15T21:50:29+00:00","description":"V\u00e5r tj\u00e4nst l\u00e5ter dig spela Powerball fr\u00e5n alla andra l\u00e4nder, inklusive Sverige - k\u00f6p din lott nu!","breadcrumb":{"@id":"https:\/\/redfoxlotto.com\/sv\/spela\/powerball\/#breadcrumb"},"inLanguage":"sv-SE","potentialAction":[{"@type":"ReadAction","target":["https:\/\/redfoxlotto.com\/sv\/spela\/powerball\/"]}]},{"@type":"ImageObject","inLanguage":"sv-SE","@id":"https:\/\/redfoxlotto.com\/sv\/spela\/powerball\/#primaryimage","url":"https:\/\/content.redfoxlotto.com\/uploads\/sites\/9\/2_ticket_powerball2.jpg","contentUrl":"https:\/\/content.redfoxlotto.com\/uploads\/sites\/9\/2_ticket_powerball2.jpg"},{"@type":"BreadcrumbList","@id":"https:\/\/redfoxlotto.com\/sv\/spela\/powerball\/#breadcrumb","itemListElement":[{"@type":"ListItem","position":1,"name":"Home","item":"https:\/\/redfoxlotto.com\/sv\/"},{"@type":"ListItem","position":2,"name":"Hur man spelar lotterier i andra l\u00e4nder","item":"https:\/\/redfoxlotto.com\/sv\/spela\/"},{"@type":"ListItem","position":3,"name":"Spela Powerball USA"}]},{"@type":"WebSite","@id":"https:\/\/redfoxlotto.com\/sv\/#website","url":"https:\/\/redfoxlotto.com\/sv\/","name":"Get Tickets for the World\u2019s largest jackpots","description":"Participate in worldwide lottery jackpots from any country","publisher":{"@id":"https:\/\/redfoxlotto.com\/sv\/#organization"},"potentialAction":[{"@type":"SearchAction","target":{"@type":"EntryPoint","urlTemplate":"https:\/\/redfoxlotto.com\/sv\/?s={search_term_string}"},"query-input":{"@type":"PropertyValueSpecification","valueRequired":true,"valueName":"search_term_string"}}],"inLanguage":"sv-SE"},{"@type":"Organization","@id":"https:\/\/redfoxlotto.com\/sv\/#organization","name":"Get Tickets for the World\u2019s largest jackpots","url":"https:\/\/redfoxlotto.com\/sv\/","logo":{"@type":"ImageObject","inLanguage":"sv-SE","@id":"https:\/\/redfoxlotto.com\/sv\/#\/schema\/logo\/image\/","url":"https:\/\/redfoxlotto.com\/wp-content\/uploads\/2023\/04\/logo.png","contentUrl":"https:\/\/redfoxlotto.com\/wp-content\/uploads\/2023\/04\/logo.png","width":269,"height":53,"caption":"Get Tickets for the World\u2019s largest jackpots"},"image":{"@id":"https:\/\/redfoxlotto.com\/sv\/#\/schema\/logo\/image\/"}}]}},"_links":{"self":[{"href":"https:\/\/redfoxlotto.com\/sv\/wp-json\/wp\/v2\/pages\/5117","targetHints":{"allow":["GET"]}}],"collection":[{"href":"https:\/\/redfoxlotto.com\/sv\/wp-json\/wp\/v2\/pages"}],"about":[{"href":"https:\/\/redfoxlotto.com\/sv\/wp-json\/wp\/v2\/types\/page"}],"author":[{"embeddable":true,"href":"https:\/\/redfoxlotto.com\/sv\/wp-json\/wp\/v2\/users\/1"}],"replies":[{"embeddable":true,"href":"https:\/\/redfoxlotto.com\/sv\/wp-json\/wp\/v2\/comments?post=5117"}],"version-history":[{"count":0,"href":"https:\/\/redfoxlotto.com\/sv\/wp-json\/wp\/v2\/pages\/5117\/revisions"}],"up":[{"embeddable":true,"href":"https:\/\/redfoxlotto.com\/sv\/wp-json\/wp\/v2\/pages\/5112"}],"wp:attachment":[{"href":"https:\/\/redfoxlotto.com\/sv\/wp-json\/wp\/v2\/media?parent=5117"}],"curies":[{"name":"wp","href":"https:\/\/api.w.org\/{rel}","templated":true}]}}