{"id":5115,"date":"2023-04-24T17:37:44","date_gmt":"2023-04-24T17:37:44","guid":{"rendered":"https:\/\/redfoxlotto.com\/?page_id=1769"},"modified":"2025-12-17T11:22:48","modified_gmt":"2025-12-17T11:22:48","slug":"mega-millions","status":"publish","type":"page","link":"https:\/\/redfoxlotto.com\/sv\/spela\/mega-millions\/","title":{"rendered":"Spela Mega Millions fr\u00e5n Sverige"},"content":{"rendered":"<p><script type=\"application\/ld+json\">\n{\n  \"@context\": \"https:\/\/schema.org\",\n  \"@type\": \"Service\",\n  \"name\": \"Spela Mega Millions online\",\n  \"url\": \"https:\/\/redfoxlotto.com\/sv\/spela\/mega-millions\/\",\n  \"description\": \"Spela Mega Millions-lotteriet online fr\u00e5n vilket land som helst. Bes\u00f6k RedFoxLotto, v\u00e4lj dina nummer och f\u00e5 dina lotter.\",\n  \"serviceType\": \"Onlinef\u00f6rmedling av lotter\",\n  \"provider\": {\n    \"@type\": \"Organization\",\n    \"name\": \"RedFoxLotto\",\n    \"url\": \"https:\/\/redfoxlotto.com\/sv\/spela\/mega-millions\/\",\n    \"image\": \"https:\/\/redfoxlotto.com\/wp-content\/uploads\/2025\/12\/ticket_scans.jpg\",\n    \"sameAs\": []\n  },\n  \"areaServed\": \"Worldwide\",\n  \"termsOfService\": \"https:\/\/redfoxlotto.com\/terms-and-conditions\",\n  \"additionalProperty\": {\n    \"@type\": \"PropertyValue\",\n    \"name\": \"FAQ\",\n    \"value\": \"https:\/\/redfoxlotto.com\/sv\/faq\/\"\n  },\n  \"hasOfferCatalog\": {\n    \"@type\": \"OfferCatalog\",\n    \"name\": \"Mega Millions-lotter\",\n    \"itemListElement\": [\n      {\n        \"@type\": \"Offer\",\n        \"name\": \"Mega Millions-lotter\",\n        \"url\": \"https:\/\/redfoxlotto.com\/sv\/spela\/mega-millions\/\",\n        \"description\": \"V\u00e4lj dina nummer f\u00f6r n\u00e4sta Mega Millions-dragning och best\u00e4ll lotter online.\",\n        \"price\": \"13.00\",\n        \"priceCurrency\": \"EUR\",\n        \"availability\": \"https:\/\/schema.org\/InStock\",\n        \"itemOffered\": {\n          \"@type\": \"Service\",\n          \"name\": \"Mega Millions-lotter\",\n          \"description\": \"Delta i n\u00e4sta Mega Millions-dragning via RedFoxLotto.\"\n        }\n      }\n    ]\n  },\n  \"mainEntityOfPage\": {\n    \"@type\": \"WebPage\",\n    \"@id\": \"https:\/\/redfoxlotto.com\/sv\/spela\/mega-millions\/\"\n  }\n}\n<\/script><\/p>\n<p><!--more--><\/p>\n<p>U beh\u00f6ver inte resa till USA f\u00f6r att spela det amerikanska lotteriet Mega Millions. <strong>Du kan ocks\u00e5 spela Mega Millions fr\u00e5n Sverige.<\/strong> Vi kommer att f\u00f6rse dig med dina lotter genom v\u00e5r tj\u00e4nst. Du kan best\u00e4lla dem p\u00e5 v\u00e5r webbplats. En av v\u00e5ra agenter i USA kommer att k\u00f6pa lotterna (med de nummer du har valt). D\u00e4refter f\u00e5r du ett e-postmeddelande fr\u00e5n oss som bekr\u00e4ftar ditt k\u00f6p. Vi hanterar ocks\u00e5 utbetalningen av dina vinster. Se v\u00e5rt FAQ-avsnitt f\u00f6r mer information om v\u00e5r tj\u00e4nst.<\/p>\n<h2>Regler f\u00f6r Mega Million Lottery<\/h2>\n<p>Spelaren v\u00e4ljer fem siffror mellan 1 och 70, s\u00e5v\u00e4l som ett ytterligare nummer fr\u00e5n 1 till 25. F\u00f6r att vinna jackpotten m\u00e5ste alla sex nummer ha valts korrekt. F\u00f6r fem korrekta huvudnummer \u00e4r priset $ 1 miljon.<\/p>\n<h2>Mega Millions Jackpot<\/h2>\n<p><img loading=\"lazy\" decoding=\"async\" class=\" wp-image alignright\" src=\"https:\/\/content.redfoxlotto.com\/uploads\/sites\/9\/1_play_mega_millions_jackpot.jpg\" alt=\"mega miljoner online  \" width=\"244\" height=\"244\" \/><br \/>\n<a href=\"https:\/\/redfoxlotto.com\/sv\/lotteri\/megamillions\/\">Mega Millions Lotto<\/a> \u00e4r k\u00e4nd f\u00f6r sina snabbt \u00f6kande jackpots. Det beror p\u00e5 att \u00e5 ena sidan hundratals miljoner lotter s\u00e4ljs vecka efter vecka i USA. Men jackpoten \u00e4r ofta inte kn\u00e4ckt p\u00e5 flera veckor \u00e5t g\u00e5ngen. Jackpoten startar alltid p\u00e5 minst 40 miljoner dollar. Det b\u00f6rjar vanligtvis l\u00e5ngsammare, som 10-15 miljoner dollar per dragning (det finns tv\u00e5 dragningar i veckan).<\/p>\n<p>N\u00e4r ingen vinner topplistan, uppn\u00e5s snabbt 100 miljoner. N\u00e4r denna tr\u00f6skel har passerat s\u00e4ljs fler lotter \u00e4n vanligt. Jackpoten b\u00f6rjar &#8221;explodera&#8221;. \u00d6kningar fr\u00e5n 200 miljoner till 500 miljoner inom en vecka \u00e4r ganska normalt. Och om jackpotten inte har vunnits under tio veckor, kommer den till och med att \u00f6verstiga beloppet p\u00e5 1 miljard dollar, som senast h\u00e4nde den 19\/10\/2018. Jackpotten vann slutligen av en enda vinnare den 23-23\/2018, d\u00e5 dess storlek var 1,6 miljarder.<\/p>\n<p>N\u00e4r storleken p\u00e5 <a href=\"https:\/\/redfoxlotto.com\/sv\/nuvarande-summa-av-powerball-och-mega-millions-jackpott-idag\/\">jackpotten<\/a> \u00e4r betydande, skulle du vara klok att t\u00e4nka p\u00e5 att best\u00e4lla din lott p\u00e5 ett s\u00e4tt som den skulle delta i flera drag i f\u00f6ljd. P\u00e5 s\u00e5 s\u00e4tt ser du till att du \u00e4r med i spelet f\u00f6r n\u00e4sta, \u00e4nnu h\u00f6gre jackpotter ocks\u00e5.<\/p>\n<p>Det \u00e4r viktigt att n\u00e4mna att jackpotvinnaren kan v\u00e4lja mellan tv\u00e5 alternativ. Antingen v\u00e4ljer han att f\u00e5 hela beloppet i 30 \u00e5rliga utbetalningar (med en \u00e5rlig \u00f6kning p\u00e5 5% f\u00f6r att justera f\u00f6r inflation), eller s\u00e5 beslutar han att f\u00e5 en omedelbar eng\u00e5ngsbetalning. Denna utbetalning skulle vara l\u00e4gre \u00e4n hela jackpotten.<\/p>\n<h2>\u00c4r den h\u00e4r tj\u00e4nsten laglig f\u00f6r spelare fr\u00e5n Sverige?<\/h2>\n<p><img loading=\"lazy\" decoding=\"async\" class=\" wp-image alignright\" src=\"https:\/\/content.redfoxlotto.com\/uploads\/sites\/9\/2_ticket_mega_millions.jpg\" alt=\"spela fr\u00e5n Storbritannien  \" width=\"220\" height=\"238\" \/><br \/>\n<strong>Detta \u00e4r 100% lagligt f\u00f6r spelare fr\u00e5n alla l\u00e4nder, inklusive Sverige<\/strong>. I princip \u00e4r det som att du k\u00f6pt en lott f\u00f6r Mega Millions under en vistelse i USA. Eftersom lotter i USA kan s\u00e4ljas till alla \u00f6ver 18, kan utl\u00e4nningar lagligt vinna. I slut\u00e4ndan \u00e4r det viktiga att du har din lott. Dessutom kommer vi att se till att du f\u00e5r betalt det du har vunnit. F\u00f6r st\u00f6rre vinster (mer \u00e4n \u20ac 2500) f\u00e5r du vanligtvis en check eller en bank\u00f6verf\u00f6ring.<\/p>\n<p>\u00c4ven om du skulle vinna jackpoten m\u00e5ste du resa till USA d\u00e4r din check kommer att \u00f6verl\u00e4mnas till dig personligen. Visst skulle du bli glad och upphetsad att \u00e5ka p\u00e5 den resan!<\/p>\n<p>\u00c4r n\u00e4sta Mega Millions jackpot reserverad f\u00f6r dig? <strong>Prova din lycka nu &#8211; du kan inte vinna om du inte <a href=\"https:\/\/redfoxlotto.com\/sv\/lotteri\/\">k\u00f6per en lott!<\/a><\/strong><\/p>\n","protected":false},"excerpt":{"rendered":"","protected":false},"author":1,"featured_media":0,"parent":5112,"menu_order":2,"comment_status":"closed","ping_status":"closed","template":"megamillion.php","meta":{"_et_pb_use_builder":"","_et_pb_old_content":"","_et_gb_content_width":"","exclude_from_search":false,"footnotes":""},"class_list":["post-5115","page","type-page","status-publish","hentry"],"yoast_head":"<!-- This site is optimized with the Yoast SEO plugin v23.8 - https:\/\/yoast.com\/wordpress\/plugins\/seo\/ -->\n<title>Spela Mega Millions Online fr\u00e5n Sverige<\/title>\n<meta name=\"description\" content=\"Best\u00e4ll din Mega Millions lott h\u00e4r - fr\u00e5n Sverigeeller n\u00e5got annat land!\" \/>\n<meta name=\"robots\" content=\"index, follow, max-snippet:-1, max-image-preview:large, max-video-preview:-1\" \/>\n<link rel=\"canonical\" href=\"https:\/\/redfoxlotto.com\/sv\/spela\/mega-millions\/\" \/>\n<meta property=\"og:locale\" content=\"sv_SE\" \/>\n<meta property=\"og:type\" content=\"article\" \/>\n<meta property=\"og:title\" content=\"Spela Mega Millions Online fr\u00e5n Sverige\" \/>\n<meta property=\"og:description\" content=\"Best\u00e4ll din Mega Millions lott h\u00e4r - fr\u00e5n Sverigeeller n\u00e5got annat land!\" \/>\n<meta property=\"og:url\" content=\"https:\/\/redfoxlotto.com\/sv\/spela\/mega-millions\/\" \/>\n<meta property=\"og:site_name\" content=\"Get Tickets for the World\u2019s largest jackpots\" \/>\n<meta property=\"article:modified_time\" content=\"2025-12-17T11:22:48+00:00\" \/>\n<meta property=\"og:image\" content=\"https:\/\/content.redfoxlotto.com\/uploads\/sites\/9\/1_play_mega_millions_jackpot.jpg\" \/>\n<meta name=\"twitter:card\" content=\"summary_large_image\" \/>\n<meta name=\"twitter:label1\" content=\"Ber\u00e4knad l\u00e4stid\" \/>\n\t<meta name=\"twitter:data1\" content=\"3 minuter\" \/>\n<script type=\"application\/ld+json\" class=\"yoast-schema-graph\">{\"@context\":\"https:\/\/schema.org\",\"@graph\":[{\"@type\":\"WebPage\",\"@id\":\"https:\/\/redfoxlotto.com\/sv\/spela\/mega-millions\/\",\"url\":\"https:\/\/redfoxlotto.com\/sv\/spela\/mega-millions\/\",\"name\":\"Spela Mega Millions Online fr\u00e5n Sverige\",\"isPartOf\":{\"@id\":\"https:\/\/redfoxlotto.com\/sv\/#website\"},\"primaryImageOfPage\":{\"@id\":\"https:\/\/redfoxlotto.com\/sv\/spela\/mega-millions\/#primaryimage\"},\"image\":{\"@id\":\"https:\/\/redfoxlotto.com\/sv\/spela\/mega-millions\/#primaryimage\"},\"thumbnailUrl\":\"https:\/\/content.redfoxlotto.com\/uploads\/sites\/9\/1_play_mega_millions_jackpot.jpg\",\"datePublished\":\"2023-04-24T17:37:44+00:00\",\"dateModified\":\"2025-12-17T11:22:48+00:00\",\"description\":\"Best\u00e4ll din Mega Millions lott h\u00e4r - fr\u00e5n Sverigeeller n\u00e5got annat land!\",\"breadcrumb\":{\"@id\":\"https:\/\/redfoxlotto.com\/sv\/spela\/mega-millions\/#breadcrumb\"},\"inLanguage\":\"sv-SE\",\"potentialAction\":[{\"@type\":\"ReadAction\",\"target\":[\"https:\/\/redfoxlotto.com\/sv\/spela\/mega-millions\/\"]}]},{\"@type\":\"ImageObject\",\"inLanguage\":\"sv-SE\",\"@id\":\"https:\/\/redfoxlotto.com\/sv\/spela\/mega-millions\/#primaryimage\",\"url\":\"https:\/\/content.redfoxlotto.com\/uploads\/sites\/9\/1_play_mega_millions_jackpot.jpg\",\"contentUrl\":\"https:\/\/content.redfoxlotto.com\/uploads\/sites\/9\/1_play_mega_millions_jackpot.jpg\"},{\"@type\":\"BreadcrumbList\",\"@id\":\"https:\/\/redfoxlotto.com\/sv\/spela\/mega-millions\/#breadcrumb\",\"itemListElement\":[{\"@type\":\"ListItem\",\"position\":1,\"name\":\"Home\",\"item\":\"https:\/\/redfoxlotto.com\/sv\/\"},{\"@type\":\"ListItem\",\"position\":2,\"name\":\"Hur man spelar lotterier i andra l\u00e4nder\",\"item\":\"https:\/\/redfoxlotto.com\/sv\/spela\/\"},{\"@type\":\"ListItem\",\"position\":3,\"name\":\"Spela Mega Millions fr\u00e5n Sverige\"}]},{\"@type\":\"WebSite\",\"@id\":\"https:\/\/redfoxlotto.com\/sv\/#website\",\"url\":\"https:\/\/redfoxlotto.com\/sv\/\",\"name\":\"Get Tickets for the World\u2019s largest jackpots\",\"description\":\"Participate in worldwide lottery jackpots from any country\",\"publisher\":{\"@id\":\"https:\/\/redfoxlotto.com\/sv\/#organization\"},\"potentialAction\":[{\"@type\":\"SearchAction\",\"target\":{\"@type\":\"EntryPoint\",\"urlTemplate\":\"https:\/\/redfoxlotto.com\/sv\/?s={search_term_string}\"},\"query-input\":{\"@type\":\"PropertyValueSpecification\",\"valueRequired\":true,\"valueName\":\"search_term_string\"}}],\"inLanguage\":\"sv-SE\"},{\"@type\":\"Organization\",\"@id\":\"https:\/\/redfoxlotto.com\/sv\/#organization\",\"name\":\"Get Tickets for the World\u2019s largest jackpots\",\"url\":\"https:\/\/redfoxlotto.com\/sv\/\",\"logo\":{\"@type\":\"ImageObject\",\"inLanguage\":\"sv-SE\",\"@id\":\"https:\/\/redfoxlotto.com\/sv\/#\/schema\/logo\/image\/\",\"url\":\"https:\/\/redfoxlotto.com\/wp-content\/uploads\/2023\/04\/logo.png\",\"contentUrl\":\"https:\/\/redfoxlotto.com\/wp-content\/uploads\/2023\/04\/logo.png\",\"width\":269,\"height\":53,\"caption\":\"Get Tickets for the World\u2019s largest jackpots\"},\"image\":{\"@id\":\"https:\/\/redfoxlotto.com\/sv\/#\/schema\/logo\/image\/\"}}]}<\/script>\n<!-- \/ Yoast SEO plugin. -->","yoast_head_json":{"title":"Spela Mega Millions Online fr\u00e5n Sverige","description":"Best\u00e4ll din Mega Millions lott h\u00e4r - fr\u00e5n Sverigeeller n\u00e5got annat land!","robots":{"index":"index","follow":"follow","max-snippet":"max-snippet:-1","max-image-preview":"max-image-preview:large","max-video-preview":"max-video-preview:-1"},"canonical":"https:\/\/redfoxlotto.com\/sv\/spela\/mega-millions\/","og_locale":"sv_SE","og_type":"article","og_title":"Spela Mega Millions Online fr\u00e5n Sverige","og_description":"Best\u00e4ll din Mega Millions lott h\u00e4r - fr\u00e5n Sverigeeller n\u00e5got annat land!","og_url":"https:\/\/redfoxlotto.com\/sv\/spela\/mega-millions\/","og_site_name":"Get Tickets for the World\u2019s largest jackpots","article_modified_time":"2025-12-17T11:22:48+00:00","og_image":[{"url":"https:\/\/content.redfoxlotto.com\/uploads\/sites\/9\/1_play_mega_millions_jackpot.jpg"}],"twitter_card":"summary_large_image","twitter_misc":{"Ber\u00e4knad l\u00e4stid":"3 minuter"},"schema":{"@context":"https:\/\/schema.org","@graph":[{"@type":"WebPage","@id":"https:\/\/redfoxlotto.com\/sv\/spela\/mega-millions\/","url":"https:\/\/redfoxlotto.com\/sv\/spela\/mega-millions\/","name":"Spela Mega Millions Online fr\u00e5n Sverige","isPartOf":{"@id":"https:\/\/redfoxlotto.com\/sv\/#website"},"primaryImageOfPage":{"@id":"https:\/\/redfoxlotto.com\/sv\/spela\/mega-millions\/#primaryimage"},"image":{"@id":"https:\/\/redfoxlotto.com\/sv\/spela\/mega-millions\/#primaryimage"},"thumbnailUrl":"https:\/\/content.redfoxlotto.com\/uploads\/sites\/9\/1_play_mega_millions_jackpot.jpg","datePublished":"2023-04-24T17:37:44+00:00","dateModified":"2025-12-17T11:22:48+00:00","description":"Best\u00e4ll din Mega Millions lott h\u00e4r - fr\u00e5n Sverigeeller n\u00e5got annat land!","breadcrumb":{"@id":"https:\/\/redfoxlotto.com\/sv\/spela\/mega-millions\/#breadcrumb"},"inLanguage":"sv-SE","potentialAction":[{"@type":"ReadAction","target":["https:\/\/redfoxlotto.com\/sv\/spela\/mega-millions\/"]}]},{"@type":"ImageObject","inLanguage":"sv-SE","@id":"https:\/\/redfoxlotto.com\/sv\/spela\/mega-millions\/#primaryimage","url":"https:\/\/content.redfoxlotto.com\/uploads\/sites\/9\/1_play_mega_millions_jackpot.jpg","contentUrl":"https:\/\/content.redfoxlotto.com\/uploads\/sites\/9\/1_play_mega_millions_jackpot.jpg"},{"@type":"BreadcrumbList","@id":"https:\/\/redfoxlotto.com\/sv\/spela\/mega-millions\/#breadcrumb","itemListElement":[{"@type":"ListItem","position":1,"name":"Home","item":"https:\/\/redfoxlotto.com\/sv\/"},{"@type":"ListItem","position":2,"name":"Hur man spelar lotterier i andra l\u00e4nder","item":"https:\/\/redfoxlotto.com\/sv\/spela\/"},{"@type":"ListItem","position":3,"name":"Spela Mega Millions fr\u00e5n Sverige"}]},{"@type":"WebSite","@id":"https:\/\/redfoxlotto.com\/sv\/#website","url":"https:\/\/redfoxlotto.com\/sv\/","name":"Get Tickets for the World\u2019s largest jackpots","description":"Participate in worldwide lottery jackpots from any country","publisher":{"@id":"https:\/\/redfoxlotto.com\/sv\/#organization"},"potentialAction":[{"@type":"SearchAction","target":{"@type":"EntryPoint","urlTemplate":"https:\/\/redfoxlotto.com\/sv\/?s={search_term_string}"},"query-input":{"@type":"PropertyValueSpecification","valueRequired":true,"valueName":"search_term_string"}}],"inLanguage":"sv-SE"},{"@type":"Organization","@id":"https:\/\/redfoxlotto.com\/sv\/#organization","name":"Get Tickets for the World\u2019s largest jackpots","url":"https:\/\/redfoxlotto.com\/sv\/","logo":{"@type":"ImageObject","inLanguage":"sv-SE","@id":"https:\/\/redfoxlotto.com\/sv\/#\/schema\/logo\/image\/","url":"https:\/\/redfoxlotto.com\/wp-content\/uploads\/2023\/04\/logo.png","contentUrl":"https:\/\/redfoxlotto.com\/wp-content\/uploads\/2023\/04\/logo.png","width":269,"height":53,"caption":"Get Tickets for the World\u2019s largest jackpots"},"image":{"@id":"https:\/\/redfoxlotto.com\/sv\/#\/schema\/logo\/image\/"}}]}},"_links":{"self":[{"href":"https:\/\/redfoxlotto.com\/sv\/wp-json\/wp\/v2\/pages\/5115","targetHints":{"allow":["GET"]}}],"collection":[{"href":"https:\/\/redfoxlotto.com\/sv\/wp-json\/wp\/v2\/pages"}],"about":[{"href":"https:\/\/redfoxlotto.com\/sv\/wp-json\/wp\/v2\/types\/page"}],"author":[{"embeddable":true,"href":"https:\/\/redfoxlotto.com\/sv\/wp-json\/wp\/v2\/users\/1"}],"replies":[{"embeddable":true,"href":"https:\/\/redfoxlotto.com\/sv\/wp-json\/wp\/v2\/comments?post=5115"}],"version-history":[{"count":0,"href":"https:\/\/redfoxlotto.com\/sv\/wp-json\/wp\/v2\/pages\/5115\/revisions"}],"up":[{"embeddable":true,"href":"https:\/\/redfoxlotto.com\/sv\/wp-json\/wp\/v2\/pages\/5112"}],"wp:attachment":[{"href":"https:\/\/redfoxlotto.com\/sv\/wp-json\/wp\/v2\/media?parent=5115"}],"curies":[{"name":"wp","href":"https:\/\/api.w.org\/{rel}","templated":true}]}}