{"id":5114,"date":"2022-10-26T09:30:02","date_gmt":"2022-10-26T09:30:02","guid":{"rendered":"https:\/\/redfoxlotto.com\/?page_id=1767"},"modified":"2025-12-17T08:17:41","modified_gmt":"2025-12-17T08:17:41","slug":"euromillions","status":"publish","type":"page","link":"https:\/\/redfoxlotto.com\/sv\/spela\/euromillions\/","title":{"rendered":"Hur man spelar Euromillions fr\u00e5n Sverige"},"content":{"rendered":"<p><script type=\"application\/ld+json\">\n{\n  \"@context\": \"https:\/\/schema.org\",\n  \"@type\": \"Service\",\n  \"name\": \"Spela Euromillions Online\",\n  \"url\": \"https:\/\/redfoxlotto.com\/sv\/spela\/euromillions\/\",\n  \"description\": \"Spela Euromillions-lotteriet online fr\u00e5n vilket land som helst. Bes\u00f6k RedFoxLotto, v\u00e4lj dina nummer och skaffa dina biljetter.\",\n  \"serviceType\": \"Online lottery ticket messenger service\",\n  \"provider\": {\n    \"@type\": \"Organization\",\n    \"name\": \"RedFoxLotto\",\n    \"url\": \"https:\/\/redfoxlotto.com\/sv\/\",\n    \"image\": \"https:\/\/redfoxlotto.com\/wp-content\/uploads\/2025\/12\/ticket_scans.jpg\",\n    \"sameAs\": []\n  },\n  \"areaServed\": \"Worldwide\",\n  \"termsOfService\": \"https:\/\/redfoxlotto.com\/terms-and-conditions\",\n  \"additionalProperty\": {\n    \"@type\": \"PropertyValue\",\n    \"name\": \"FAQ\",\n    \"value\": \"https:\/\/redfoxlotto.com\/sv\/faq\/\"\n  },\n  \"hasOfferCatalog\": {\n    \"@type\": \"OfferCatalog\",\n    \"name\": \"Euromillions Lottobiljetter\",\n    \"itemListElement\": [\n      {\n        \"@type\": \"Offer\",\n        \"name\": \"Euromillions Biljetter\",\n        \"url\": \"https:\/\/redfoxlotto.com\/sv\/spela\/euromillions\/\",\n        \"description\": \"Klicka h\u00e4r f\u00f6r att v\u00e4lja dina nummer till n\u00e4sta Euromillions-lottodragning \u2013 best\u00e4ll dina biljetter online.\",\n        \"price\": \"7.00\",\n        \"priceCurrency\": \"EUR\",\n        \"availability\": \"https:\/\/schema.org\/InStock\",\n        \"itemOffered\": {\n          \"@type\": \"Service\",\n          \"name\": \"Euromillions Lottobiljetter\",\n          \"description\": \"Spela i n\u00e4sta Euromillions-dragning via RedFoxLotto.\"\n        }\n      }\n    ]\n  },\n  \"mainEntityOfPage\": {\n    \"@type\": \"WebPage\",\n    \"@id\": \"https:\/\/redfoxlotto.com\/sv\/spela\/euromillions\/\"\n  }\n}\n<\/script><\/p>\n<p>Har du n\u00e5gonsin h\u00f6rt talas om EuroMillions? Om du bor i ett europeiskt land har du definitivt gjort det. Men om du bor i Sverige kanske du inte har det. S\u00e5 l\u00e5t oss ta en lite n\u00e4rmare titt p\u00e5 hur man spelar EuroMillions online, ska vi?<\/p>\n<p>EuroMillions \u00e4r ett internationellt lotteri som kan spelas i nio europeiska l\u00e4nder. Det betyder att du kanske redan bor i ett land som du kan k\u00f6pa en lott fr\u00e5n. Biljetter till EuroMillions-lotteriet kan dock inte k\u00f6pas i butiker i andra l\u00e4nder, och det inkluderar Sverige.<\/p>\n<p>Nu kommer du definitivt att vilja g\u00f6ra n\u00e5got \u00e5t det eftersom EuroMillions, f\u00f6rutom Eurojackpot, \u00e4r det st\u00f6rsta lotteriet i Europa. Lotteriet grundades 2004 och hittills ligger rekordjackpotten p\u00e5 190 miljoner euro. Den vanns av en enda, ok\u00e4nd spelare i oktober 2014. Det \u00e4r definitivt n\u00e5got som du \u00e5tminstone vill ha en chans p\u00e5, eller hur?<\/p>\n<p>Vill du kunna s\u00e4ga att du n\u00e4stan vann EuroMillions? Tja, det \u00e4r d\u00e4rf\u00f6r du kommer att beh\u00f6va veta mer om deras biljetter.<img loading=\"lazy\" decoding=\"async\" class=\"wp-image-4203 alignright\" src=\"https:\/\/content.redfoxlotto.com\/uploads\/sites\/9\/2_ticket_euromillions.jpg\" alt=\"euromillions online\" width=\"156\" height=\"416\" \/><\/p>\n<p>EuroMillions lottodragningar \u00e4ger rum i Paris p\u00e5 tisdagar och fredagar. F\u00f6r att vinna jackpotten m\u00e5ste en lott korrekt visa 5 nummer fr\u00e5n 1 till 50, samt &#8221;lyckostj\u00e4rnan&#8221;, ett nummer mellan 1 och 12. Naturligtvis finns det andra vinnande niv\u00e5er. F\u00f6r den minsta vinsten m\u00e5ste du ha kryssat f\u00f6r 2 av de 5 huvudnumren korrekt.<\/p>\n<p>Allt detta inneb\u00e4r att du kommer att ha en riktigt bra chans att vinna n\u00e5got eftersom du bara beh\u00f6ver matcha 2 nummer f\u00f6r att vinna ett pris. Och n\u00e4r du vinner till och med ett mindre pris kommer du att ha de pengar du beh\u00f6ver f\u00f6r att k\u00f6pa en ny biljett och f\u00f6rs\u00f6ka igen f\u00f6r n\u00e4sta ritning.<\/p>\n<h2>Hur fungerar onlinek\u00f6p av biljetter fr\u00e5n Sverige?<\/h2>\n<p>F\u00f6r att k\u00f6pa dina biljetter och spela EuroMillions online fr\u00e5n Sverige, allt du beh\u00f6ver g\u00f6ra \u00e4r att klicka p\u00e5 EuroMillions p\u00e5 v\u00e5r webbplats. D\u00e4rifr\u00e5n kommer du att ledas r\u00e4tt genom stegen f\u00f6r vad du beh\u00f6ver g\u00f6ra f\u00f6r att f\u00e5 den biljetten. Du v\u00e4ljer dina nummer, vilka nummer du vill (s\u00e5 l\u00e4nge de passar reglerna). Det finns ocks\u00e5 en &#8221;Quick Pick&#8221;-funktion tillg\u00e4nglig.<\/p>\n<p>Med ett musklick kan du l\u00e5ta en slumptalsgenerator best\u00e4mma dina nummer. Du kan fortfarande \u00e4ndra de valda numren manuellt om du vill s\u00e5 att du f\u00e5r en kombination av dina egna valda nummer och nummer som slumpm\u00e4ssigt har valts \u00e5t dig. L\u00e4gg sedan till s\u00e5 m\u00e5nga biljetter som du vill i din kundvagn s\u00e5 att du \u00e4r redo f\u00f6r k\u00f6p.<\/p>\n<p>Om du vill kan du l\u00e4gga till fler biljetter i din best\u00e4llning. Din best\u00e4llning kan \u00e4ven inneh\u00e5lla lotter till andra lotterier. M\u00e5nga av v\u00e5ra kunder spelar p\u00e5 flera internationella lotterier samtidigt. De flesta v\u00e4ljer sina lotterier baserat p\u00e5 aktuell jackpottstorlek och det \u00e4r d\u00e4r du f\u00f6rmodligen kommer att hitta EuroMillions ocks\u00e5. Jackpotten brukar definitivt g\u00e5 riktigt bra och det \u00e4r en som du kommer att vilja se sj\u00e4lv (och komma in p\u00e5).<\/p>\n<p>F\u00f6lj sedan instruktionerna p\u00e5 v\u00e5r webbplats f\u00f6r att slutf\u00f6ra k\u00f6pet och betala online. Du kan f\u00e5 din biljett p\u00e5 bara n\u00e5gra minuter, \u00e4ven om du inte redan har ett konto hos oss. Vi g\u00f6r det verkligen s\u00e5 enkelt att komma ig\u00e5ng.<\/p>\n<h2>F\u00f6rdelar med att spela internationella lotterier som Euromillions online<\/h2>\n<p>Bekv\u00e4mlighet \u00e5sido \u00e4r en av de st\u00f6rsta f\u00f6rdelarna med att spela internationella lotterijackpottar. Du kan anv\u00e4nda dina lotteripengar mer l\u00f6nsamt genom att bara k\u00f6pa lotter till de lotterier vars jackpottar f\u00f6r n\u00e4rvarande \u00e4r tillr\u00e4ckligt h\u00f6ga. Du beh\u00f6ver inte v\u00e4nta i veckor p\u00e5 att den nationella lotterijackpotten ska bli tillr\u00e4ckligt h\u00f6g i ditt land. Du kan v\u00e4lja en mycket st\u00f6rre jackpot online i princip n\u00e4r som helst. Faktum \u00e4r att de flesta l\u00e4nder i v\u00e4rlden har lotterier som aldrig n\u00e5r jackpottar som ens har en br\u00e5kdel av vad de st\u00f6rsta v\u00e4rldsomsp\u00e4nnande lotterierna har.<\/p>\n<p>F\u00f6r dem som verkligen vill ha en chans p\u00e5 n\u00e5gra av de st\u00f6rsta priserna som \u00e4r definitivt den b\u00e4sta delen av allt. Du vill ha en chans p\u00e5 miljonerna snarare \u00e4n bara n\u00e5gra av de sm\u00e5 belopp som m\u00e5nga lotterier i Sverige b\u00f6rjar p\u00e5. Visst, det \u00e4r trevligt att vinna. Men det kommer att vara \u00e4nnu trevligare att vinna om du f\u00e5r n\u00e5got som verkligen kommer att f\u00f6r\u00e4ndra ditt liv ist\u00e4llet f\u00f6r att vinna n\u00e5got som bara kommer att k\u00f6pa dig n\u00e4sta biljett som du vill ha.<\/p>\n<p>P\u00e5 grund av det faktum att det finns tv\u00e5 veckodragningar \u00f6kar EuroMillions jackpott ganska snabbt. Av den anledningen kanske du vill \u00f6verv\u00e4ga att aktivera alternativet att l\u00e5ta dina biljetter delta i flera p\u00e5 varandra f\u00f6ljande dragningar. Detta kan g\u00f6ras under processen f\u00f6r ditt onlinek\u00f6p.<img loading=\"lazy\" decoding=\"async\" class=\"alignright size-full wp-image-4215\" src=\"https:\/\/content.redfoxlotto.com\/uploads\/sites\/9\/1_play_onlinelottery4.jpg\" alt=\"Spela online\" width=\"231\" height=\"130\" \/><\/p>\n<p>Alternativet \u00e4r tillg\u00e4ngligt f\u00f6r dig innan best\u00e4llningen \u00e4r klar. S\u00e5 du \u00e4r alltid med i spelet om den n\u00e4st h\u00f6gsta jackpotten i f\u00f6ljande dragning. N\u00e4sta dragning kanske inte har en vinnare av huvudpriset men kanske den efter det kommer att vara ditt lyckliga skott.<\/p>\n<p>Om du k\u00f6per ytterligare dragningar f\u00f6r en enda lott betyder det ocks\u00e5 att du inte beh\u00f6ver oroa dig f\u00f6r att f\u00e5 fler lotter under en lite l\u00e4ngre tid. Du kan bara v\u00e4nta och se vad din nuvarande lott g\u00f6r och se hur den kommer att g\u00f6ra en stor vinst f\u00f6r dig. Det \u00e4r superenkelt och det kommer att g\u00f6ra dig mer \u00e4n glad n\u00e4r du ser den m\u00f6jliga utbetalningen.<\/p>\n<p>Spelare betalar lite mer f\u00f6r att EuroMillions-biljetter k\u00f6ps i Storbritannien. Detta beror p\u00e5 att brittiska biljetter kommer med en automatisk intr\u00e4de i Millionaire Maker-dragningen, vilket ger en extra m\u00f6jlighet att vinna en bel\u00f6ning p\u00e5 1 miljon pund.<\/p>\n<p>Millionaire Maker fungerar genom att generera en unik kod f\u00f6r varje k\u00f6pt biljett. Koden best\u00e5r av fyra bokst\u00e4ver f\u00f6ljt av fem siffror (t.ex. ABCD12345). I varje dragning, en eller flera av dessa koder v\u00e4ljs slumpm\u00e4ssigt, och biljettinnehavaren med den matchande koden vinner omedelbart 1 miljon \u00a3, oavsett de viktigaste EuroMillions-numren som dras.<\/p>\n<p>Denna funktion g\u00f6r det s\u00e4rskilt attraktivt att spela EuroMillions i Storbritannien, eftersom det ger en extra m\u00f6jlighet att vinna ett betydande pris ut\u00f6ver standardjackpotten och bel\u00f6ningar p\u00e5 l\u00e4gre niv\u00e5.<\/p>\n<p>S\u00e5 om jackpotten i ditt lokala lotteri i Sverige inte \u00e4r s\u00e5 attraktiv just nu, varf\u00f6r inte prova lyckan och spela EuroMillions online? Du vet aldrig vad du kan vara med och t\u00e4vla om eller vad du kan vinna. Och hela processen \u00e4r superenkel att komma ig\u00e5ng med. Vad har du att f\u00f6rlora p\u00e5 att testa ett helt nytt spel med jackpottar p\u00e5 \u00f6ver 100 miljoner kronor? Absolut ingenting! Och du kan vinna n\u00e5got enormt i n\u00e4sta dragning.<\/p>\n<section class=\"layout\" style=\"border: solid 1px; width: 100%;\">\n<div class=\"img-div\" style=\"margin-top: 5px;\"><img decoding=\"async\" class=\"wp-image-17212 alignleft\" style=\"height: 45px; margin: 8px 8px 0px;\" src=\"https:\/\/redfoxlotto.com\/wp-content\/uploads\/sites\/9\/read1.jpg\" alt=\"k\u00f6p lotteri online\" width=\"\" height=\"\" \/><\/div>\n<div style=\"padding-left: 5px;\">\n<div style=\"font-size: 1.1em;\">\n<p><strong>St\u00f6rsta lotterijackpottar som gjort historia<\/strong><\/p>\n<p style=\"font-size: 0.8em; margin-top: -1.5em;\">L\u00e4s om n\u00e5gra av de st\u00f6rsta lotterijackpottvinsterna i historien som f\u00f6r\u00e4ndrade livet f\u00f6r vinnarna \u00f6ver en natt. <a href=\"https:\/\/redfoxlotto.com\/sv\/largest-lottery-jackpots\/\">L\u00e4s mer<\/a><\/p>\n<\/div>\n<\/div>\n<\/section>\n","protected":false},"excerpt":{"rendered":"<p>Har du n\u00e5gonsin h\u00f6rt talas om EuroMillions? Om du bor i ett europeiskt land har du definitivt gjort det. Men om du bor i Sverige kanske du inte har det. S\u00e5 l\u00e5t oss ta en lite n\u00e4rmare titt p\u00e5 hur man spelar EuroMillions online, ska vi? EuroMillions \u00e4r ett internationellt lotteri som kan spelas i [&hellip;]<\/p>\n","protected":false},"author":1,"featured_media":0,"parent":5112,"menu_order":3,"comment_status":"closed","ping_status":"closed","template":"euromillions.php","meta":{"_et_pb_use_builder":"","_et_pb_old_content":"","_et_gb_content_width":"","exclude_from_search":false,"footnotes":""},"class_list":["post-5114","page","type-page","status-publish","hentry"],"yoast_head":"<!-- This site is optimized with the Yoast SEO plugin v23.8 - https:\/\/yoast.com\/wordpress\/plugins\/seo\/ -->\n<title>Spela Euromillions online fr\u00e5n Sverige | Europas st\u00f6rsta lotteri<\/title>\n<meta name=\"description\" content=\"Lotto fans fr\u00e5n Sverige kan spela Euromillions online nu - kolla v\u00e5r tj\u00e4nst f\u00f6r Euromillions biljett\" \/>\n<meta name=\"robots\" content=\"index, follow, max-snippet:-1, max-image-preview:large, max-video-preview:-1\" \/>\n<link rel=\"canonical\" href=\"https:\/\/redfoxlotto.com\/sv\/spela\/euromillions\/\" \/>\n<meta property=\"og:locale\" content=\"sv_SE\" \/>\n<meta property=\"og:type\" content=\"article\" \/>\n<meta property=\"og:title\" content=\"Spela Euromillions online fr\u00e5n Sverige | Europas st\u00f6rsta lotteri\" \/>\n<meta property=\"og:description\" content=\"Lotto fans fr\u00e5n Sverige kan spela Euromillions online nu - kolla v\u00e5r tj\u00e4nst f\u00f6r Euromillions biljett\" \/>\n<meta property=\"og:url\" content=\"https:\/\/redfoxlotto.com\/sv\/spela\/euromillions\/\" \/>\n<meta property=\"og:site_name\" content=\"Get Tickets for the World\u2019s largest jackpots\" \/>\n<meta property=\"article:modified_time\" content=\"2025-12-17T08:17:41+00:00\" \/>\n<meta property=\"og:image\" content=\"https:\/\/content.redfoxlotto.com\/uploads\/sites\/9\/2_ticket_euromillions.jpg\" \/>\n<meta name=\"twitter:card\" content=\"summary_large_image\" \/>\n<meta name=\"twitter:label1\" content=\"Ber\u00e4knad l\u00e4stid\" \/>\n\t<meta name=\"twitter:data1\" content=\"6 minuter\" \/>\n<script type=\"application\/ld+json\" class=\"yoast-schema-graph\">{\"@context\":\"https:\/\/schema.org\",\"@graph\":[{\"@type\":\"WebPage\",\"@id\":\"https:\/\/redfoxlotto.com\/sv\/spela\/euromillions\/\",\"url\":\"https:\/\/redfoxlotto.com\/sv\/spela\/euromillions\/\",\"name\":\"Spela Euromillions online fr\u00e5n Sverige | Europas st\u00f6rsta lotteri\",\"isPartOf\":{\"@id\":\"https:\/\/redfoxlotto.com\/sv\/#website\"},\"primaryImageOfPage\":{\"@id\":\"https:\/\/redfoxlotto.com\/sv\/spela\/euromillions\/#primaryimage\"},\"image\":{\"@id\":\"https:\/\/redfoxlotto.com\/sv\/spela\/euromillions\/#primaryimage\"},\"thumbnailUrl\":\"https:\/\/content.redfoxlotto.com\/uploads\/sites\/9\/2_ticket_euromillions.jpg\",\"datePublished\":\"2022-10-26T09:30:02+00:00\",\"dateModified\":\"2025-12-17T08:17:41+00:00\",\"description\":\"Lotto fans fr\u00e5n Sverige kan spela Euromillions online nu - kolla v\u00e5r tj\u00e4nst f\u00f6r Euromillions biljett\",\"breadcrumb\":{\"@id\":\"https:\/\/redfoxlotto.com\/sv\/spela\/euromillions\/#breadcrumb\"},\"inLanguage\":\"sv-SE\",\"potentialAction\":[{\"@type\":\"ReadAction\",\"target\":[\"https:\/\/redfoxlotto.com\/sv\/spela\/euromillions\/\"]}]},{\"@type\":\"ImageObject\",\"inLanguage\":\"sv-SE\",\"@id\":\"https:\/\/redfoxlotto.com\/sv\/spela\/euromillions\/#primaryimage\",\"url\":\"https:\/\/content.redfoxlotto.com\/uploads\/sites\/9\/2_ticket_euromillions.jpg\",\"contentUrl\":\"https:\/\/content.redfoxlotto.com\/uploads\/sites\/9\/2_ticket_euromillions.jpg\"},{\"@type\":\"BreadcrumbList\",\"@id\":\"https:\/\/redfoxlotto.com\/sv\/spela\/euromillions\/#breadcrumb\",\"itemListElement\":[{\"@type\":\"ListItem\",\"position\":1,\"name\":\"Home\",\"item\":\"https:\/\/redfoxlotto.com\/sv\/\"},{\"@type\":\"ListItem\",\"position\":2,\"name\":\"Hur man spelar lotterier i andra l\u00e4nder\",\"item\":\"https:\/\/redfoxlotto.com\/sv\/spela\/\"},{\"@type\":\"ListItem\",\"position\":3,\"name\":\"Hur man spelar Euromillions fr\u00e5n Sverige\"}]},{\"@type\":\"WebSite\",\"@id\":\"https:\/\/redfoxlotto.com\/sv\/#website\",\"url\":\"https:\/\/redfoxlotto.com\/sv\/\",\"name\":\"Get Tickets for the World\u2019s largest jackpots\",\"description\":\"Participate in worldwide lottery jackpots from any country\",\"publisher\":{\"@id\":\"https:\/\/redfoxlotto.com\/sv\/#organization\"},\"potentialAction\":[{\"@type\":\"SearchAction\",\"target\":{\"@type\":\"EntryPoint\",\"urlTemplate\":\"https:\/\/redfoxlotto.com\/sv\/?s={search_term_string}\"},\"query-input\":{\"@type\":\"PropertyValueSpecification\",\"valueRequired\":true,\"valueName\":\"search_term_string\"}}],\"inLanguage\":\"sv-SE\"},{\"@type\":\"Organization\",\"@id\":\"https:\/\/redfoxlotto.com\/sv\/#organization\",\"name\":\"Get Tickets for the World\u2019s largest jackpots\",\"url\":\"https:\/\/redfoxlotto.com\/sv\/\",\"logo\":{\"@type\":\"ImageObject\",\"inLanguage\":\"sv-SE\",\"@id\":\"https:\/\/redfoxlotto.com\/sv\/#\/schema\/logo\/image\/\",\"url\":\"https:\/\/redfoxlotto.com\/wp-content\/uploads\/2023\/04\/logo.png\",\"contentUrl\":\"https:\/\/redfoxlotto.com\/wp-content\/uploads\/2023\/04\/logo.png\",\"width\":269,\"height\":53,\"caption\":\"Get Tickets for the World\u2019s largest jackpots\"},\"image\":{\"@id\":\"https:\/\/redfoxlotto.com\/sv\/#\/schema\/logo\/image\/\"}}]}<\/script>\n<!-- \/ Yoast SEO plugin. -->","yoast_head_json":{"title":"Spela Euromillions online fr\u00e5n Sverige | Europas st\u00f6rsta lotteri","description":"Lotto fans fr\u00e5n Sverige kan spela Euromillions online nu - kolla v\u00e5r tj\u00e4nst f\u00f6r Euromillions biljett","robots":{"index":"index","follow":"follow","max-snippet":"max-snippet:-1","max-image-preview":"max-image-preview:large","max-video-preview":"max-video-preview:-1"},"canonical":"https:\/\/redfoxlotto.com\/sv\/spela\/euromillions\/","og_locale":"sv_SE","og_type":"article","og_title":"Spela Euromillions online fr\u00e5n Sverige | Europas st\u00f6rsta lotteri","og_description":"Lotto fans fr\u00e5n Sverige kan spela Euromillions online nu - kolla v\u00e5r tj\u00e4nst f\u00f6r Euromillions biljett","og_url":"https:\/\/redfoxlotto.com\/sv\/spela\/euromillions\/","og_site_name":"Get Tickets for the World\u2019s largest jackpots","article_modified_time":"2025-12-17T08:17:41+00:00","og_image":[{"url":"https:\/\/content.redfoxlotto.com\/uploads\/sites\/9\/2_ticket_euromillions.jpg"}],"twitter_card":"summary_large_image","twitter_misc":{"Ber\u00e4knad l\u00e4stid":"6 minuter"},"schema":{"@context":"https:\/\/schema.org","@graph":[{"@type":"WebPage","@id":"https:\/\/redfoxlotto.com\/sv\/spela\/euromillions\/","url":"https:\/\/redfoxlotto.com\/sv\/spela\/euromillions\/","name":"Spela Euromillions online fr\u00e5n Sverige | Europas st\u00f6rsta lotteri","isPartOf":{"@id":"https:\/\/redfoxlotto.com\/sv\/#website"},"primaryImageOfPage":{"@id":"https:\/\/redfoxlotto.com\/sv\/spela\/euromillions\/#primaryimage"},"image":{"@id":"https:\/\/redfoxlotto.com\/sv\/spela\/euromillions\/#primaryimage"},"thumbnailUrl":"https:\/\/content.redfoxlotto.com\/uploads\/sites\/9\/2_ticket_euromillions.jpg","datePublished":"2022-10-26T09:30:02+00:00","dateModified":"2025-12-17T08:17:41+00:00","description":"Lotto fans fr\u00e5n Sverige kan spela Euromillions online nu - kolla v\u00e5r tj\u00e4nst f\u00f6r Euromillions biljett","breadcrumb":{"@id":"https:\/\/redfoxlotto.com\/sv\/spela\/euromillions\/#breadcrumb"},"inLanguage":"sv-SE","potentialAction":[{"@type":"ReadAction","target":["https:\/\/redfoxlotto.com\/sv\/spela\/euromillions\/"]}]},{"@type":"ImageObject","inLanguage":"sv-SE","@id":"https:\/\/redfoxlotto.com\/sv\/spela\/euromillions\/#primaryimage","url":"https:\/\/content.redfoxlotto.com\/uploads\/sites\/9\/2_ticket_euromillions.jpg","contentUrl":"https:\/\/content.redfoxlotto.com\/uploads\/sites\/9\/2_ticket_euromillions.jpg"},{"@type":"BreadcrumbList","@id":"https:\/\/redfoxlotto.com\/sv\/spela\/euromillions\/#breadcrumb","itemListElement":[{"@type":"ListItem","position":1,"name":"Home","item":"https:\/\/redfoxlotto.com\/sv\/"},{"@type":"ListItem","position":2,"name":"Hur man spelar lotterier i andra l\u00e4nder","item":"https:\/\/redfoxlotto.com\/sv\/spela\/"},{"@type":"ListItem","position":3,"name":"Hur man spelar Euromillions fr\u00e5n Sverige"}]},{"@type":"WebSite","@id":"https:\/\/redfoxlotto.com\/sv\/#website","url":"https:\/\/redfoxlotto.com\/sv\/","name":"Get Tickets for the World\u2019s largest jackpots","description":"Participate in worldwide lottery jackpots from any country","publisher":{"@id":"https:\/\/redfoxlotto.com\/sv\/#organization"},"potentialAction":[{"@type":"SearchAction","target":{"@type":"EntryPoint","urlTemplate":"https:\/\/redfoxlotto.com\/sv\/?s={search_term_string}"},"query-input":{"@type":"PropertyValueSpecification","valueRequired":true,"valueName":"search_term_string"}}],"inLanguage":"sv-SE"},{"@type":"Organization","@id":"https:\/\/redfoxlotto.com\/sv\/#organization","name":"Get Tickets for the World\u2019s largest jackpots","url":"https:\/\/redfoxlotto.com\/sv\/","logo":{"@type":"ImageObject","inLanguage":"sv-SE","@id":"https:\/\/redfoxlotto.com\/sv\/#\/schema\/logo\/image\/","url":"https:\/\/redfoxlotto.com\/wp-content\/uploads\/2023\/04\/logo.png","contentUrl":"https:\/\/redfoxlotto.com\/wp-content\/uploads\/2023\/04\/logo.png","width":269,"height":53,"caption":"Get Tickets for the World\u2019s largest jackpots"},"image":{"@id":"https:\/\/redfoxlotto.com\/sv\/#\/schema\/logo\/image\/"}}]}},"_links":{"self":[{"href":"https:\/\/redfoxlotto.com\/sv\/wp-json\/wp\/v2\/pages\/5114","targetHints":{"allow":["GET"]}}],"collection":[{"href":"https:\/\/redfoxlotto.com\/sv\/wp-json\/wp\/v2\/pages"}],"about":[{"href":"https:\/\/redfoxlotto.com\/sv\/wp-json\/wp\/v2\/types\/page"}],"author":[{"embeddable":true,"href":"https:\/\/redfoxlotto.com\/sv\/wp-json\/wp\/v2\/users\/1"}],"replies":[{"embeddable":true,"href":"https:\/\/redfoxlotto.com\/sv\/wp-json\/wp\/v2\/comments?post=5114"}],"version-history":[{"count":0,"href":"https:\/\/redfoxlotto.com\/sv\/wp-json\/wp\/v2\/pages\/5114\/revisions"}],"up":[{"embeddable":true,"href":"https:\/\/redfoxlotto.com\/sv\/wp-json\/wp\/v2\/pages\/5112"}],"wp:attachment":[{"href":"https:\/\/redfoxlotto.com\/sv\/wp-json\/wp\/v2\/media?parent=5114"}],"curies":[{"name":"wp","href":"https:\/\/api.w.org\/{rel}","templated":true}]}}