{"id":5113,"date":"2023-04-24T17:44:36","date_gmt":"2023-04-24T17:44:36","guid":{"rendered":"https:\/\/redfoxlotto.com\/?page_id=1765"},"modified":"2025-12-16T14:48:05","modified_gmt":"2025-12-16T14:48:05","slug":"eurojackpot","status":"publish","type":"page","link":"https:\/\/redfoxlotto.com\/sv\/spela\/eurojackpot\/","title":{"rendered":"Spela Eurojackpot"},"content":{"rendered":"<p><script type=\"application\/ld+json\">\n{\n  \"@context\": \"https:\/\/schema.org\",\n  \"@type\": \"Service\",\n  \"name\": \"Spela Eurojackpot online\",\n  \"url\": \"https:\/\/redfoxlotto.com\/sv\/spela\/eurojackpot\/\",\n  \"description\": \"Spela Eurojackpot online fr\u00e5n vilket land som helst. Bes\u00f6k RedFoxLotto, v\u00e4lj dina nummer och f\u00e5 dina lotter.\",\n  \"serviceType\": \"Onlinef\u00f6rmedling av lotteritj\u00e4nster\",\n  \"provider\": {\n    \"@type\": \"Organization\",\n    \"name\": \"RedFoxLotto\",\n    \"url\": \"https:\/\/redfoxlotto.com\/sv\/\",\n    \"image\": \"https:\/\/redfoxlotto.com\/wp-content\/uploads\/2025\/12\/ticket_scans.jpg\",\n    \"sameAs\": []\n  },\n  \"areaServed\": \"Worldwide\",\n  \"termsOfService\": \"https:\/\/redfoxlotto.com\/terms-and-conditions\",\n  \"additionalProperty\": {\n    \"@type\": \"PropertyValue\",\n    \"name\": \"FAQ\",\n    \"value\": \"https:\/\/redfoxlotto.com\/sv\/faq\/\"\n  },\n  \"hasOfferCatalog\": {\n    \"@type\": \"OfferCatalog\",\n    \"name\": \"Eurojackpot-lotter\",\n    \"itemListElement\": [\n      {\n        \"@type\": \"Offer\",\n        \"name\": \"Eurojackpot-lotter\",\n        \"url\": \"https:\/\/redfoxlotto.com\/sv\/spela\/eurojackpot\/\",\n        \"description\": \"Klicka h\u00e4r f\u00f6r att v\u00e4lja dina nummer till n\u00e4sta Eurojackpot-dragning och best\u00e4ll lotter online.\",\n        \"price\": 6.00,\n        \"priceCurrency\": \"EUR\",\n        \"availability\": \"https:\/\/schema.org\/InStock\",\n        \"itemOffered\": {\n          \"@type\": \"Service\",\n          \"name\": \"Eurojackpot-lotter\",\n          \"description\": \"Delta i n\u00e4sta Eurojackpot-dragning via RedFoxLotto.\"\n        }\n      }\n    ]\n  },\n  \"mainEntityOfPage\": {\n    \"@type\": \"WebPage\",\n    \"@id\": \"https:\/\/redfoxlotto.com\/sv\/spela\/eurojackpot\/\"\n  }\n}\n<\/script><\/p>\n<p>Du kanske har h\u00f6rt talas om Eurojackpot Lotto, oavsett om du f\u00f6r n\u00e4rvarande bor i ett av de europeiska l\u00e4nder d\u00e4r det spelas eller inte. Det \u00e4r ett lotteri som b\u00f6rjade 2012 med 19 europeiska l\u00e4nder som deltog. Men om du bor i Sverige eller i n\u00e5got annat land som inte \u00e4r med p\u00e5 listan \u00f6ver deltagare, s\u00e5 finns det inget s\u00e4tt f\u00f6r dig att f\u00e5 en lott till Eurojackpot p\u00e5 traditionellt s\u00e4tt.<\/p>\n<p>Det inneb\u00e4r att du bara f\u00f6r en kort tid sedan inte skulle ha kunnat spela, och det kommer definitivt inte att f\u00e5 dig tillg\u00e5ng till denna nya jackpot, eller hur? <strong>Nu kan du spela <a href=\"https:\/\/redfoxlotto.com\/sv\/lotteri\/eurojackpot\/\">Eurojackpot online<\/a>.<\/strong><\/p>\n<h2>Internet till unds\u00e4ttning<\/h2>\n<p><img decoding=\"async\" class=\"size-full wp-image alignright\" src=\"https:\/\/content.redfoxlotto.com\/uploads\/sites\/9\/2_ticket_eurojackpot1.jpg\" alt=\"eurojackpot spela online\" \/><\/p>\n<p>L\u00f6sningen f\u00f6r lotto-fans fr\u00e5n Sverige och n\u00e5gon annanstans tillhandah\u00e5lls f\u00f6r dig av v\u00e5r webbplats. Tillsammans med Eurojackpot ger vi dig tillg\u00e5ng till ett antal internationella lotterier. Vad vi erbjuder \u00e4r en budtj\u00e4nst f\u00f6r lottolotter f\u00f6r lotterierna med de st\u00f6rsta jackpotterna fr\u00e5n hela v\u00e4rlden. De flesta, om inte alla dessa lotterier skulle annars inte vara tillg\u00e4ngliga f\u00f6r dig, men vi har du t\u00e4ckt!<\/p>\n<h2>Varf\u00f6r spela Eurojackpot?<\/h2>\n<p>N\u00e4r allt kommer omkring vet vi att m\u00e4nniskor runt om i v\u00e4rlden verkligen vill ha en chans att spela och vinna dessa stora jackpotter snarare \u00e4n att fastna med <strong>bara jackpots f\u00f6r sina egna nationella lotterispel.<\/strong><\/p>\n<p>Allt som kr\u00e4vs f\u00f6r dig \u00e4r att g\u00f6ra ett val fr\u00e5n v\u00e5r lista med lotterier. Vi har n\u00e5gra av de mest popul\u00e4ra fr\u00e5n \u00f6verallt i v\u00e4rlden tillg\u00e4ngliga. P\u00e5 s\u00e5 s\u00e4tt kan du ta en titt, se vad var och en har att erbjuda och best\u00e4mma vilka du \u00e4r mest intresserad av.<\/p>\n<p>V\u00e4lj sedan dina nummer manuellt eller l\u00e5t v\u00e5r slumpm\u00e4ssiggenerator g\u00f6ra det \u00e5t dig (&#8221;Quick Pick&#8221; -funktion). Du kan till och med kombinera de tv\u00e5, v\u00e4lja n\u00e5gra siffror och sedan slumpm\u00e4ssigt l\u00e4gga till alla andra nummer du beh\u00f6ver f\u00f6r att fylla i dina lotter. P\u00e5 s\u00e5 s\u00e4tt kan du f\u00e5 n\u00e5gra av de nummer du vet att du vill och du kan fortfarande fylla ett kort om du inte vet alla de nummer du vill ha.<\/p>\n<p>L\u00e4gg till fler lotter om du vill, bland olika lotterier. Det kommer att hj\u00e4lpa dig att \u00f6ka dina odds eftersom du spelar ett antal olika spel samtidigt. Du kan till och med g\u00f6ra det som \u00e4r mycket popul\u00e4rt bland v\u00e5ra kunder, och det \u00e4r att spela samma antal upps\u00e4ttningar i flera lotterier.<\/p>\n<p>F\u00f6r vissa k\u00e4nns detta som ett bra s\u00e4tt att \u00f6ka sina odds eftersom dessa siffror bara m\u00e5ste dra n\u00e5gon g\u00e5ng, eller hur? Det m\u00e5ste finnas ett s\u00e4tt att f\u00e5 dessa siffror att vinna?<\/p>\n<p>N\u00e4r du har alla de lotter du vill kan du anv\u00e4nda n\u00e5gon av v\u00e5ra flera s\u00e4kra betalningsalternativ f\u00f6r att k\u00f6pa dina lotter. Det finns m\u00e5nga olika s\u00e4tt du kan v\u00e4lja mellan, s\u00e5 att du kan hitta n\u00e5got som du k\u00e4nner dig bekv\u00e4m att l\u00e4gga in pengar och ta ut pengar genom. Vi anv\u00e4nder n\u00e4stan alla de mest popul\u00e4ra plattformarna.<\/p>\n<p>Gl\u00f6m inte att best\u00e4mma hur m\u00e5nga drag du vill delta i. Det \u00e4r viktigt, s\u00e4rskilt eftersom den aktuella jackpotten kanske inte vinner i n\u00e4sta dragning. Du skulle inte vilja missa din chans att vinna \u00e4nnu st\u00f6rre i f\u00f6ljande dragning, eller hur?<\/p>\n<h2>Vad h\u00e4nder d\u00e5?<\/h2>\n<p>Det \u00e4r faktiskt ganska enkelt n\u00e4r du spelar Eurojackpot online. Vi har ett n\u00e4tverk av agenter som kommer att k\u00f6pa lotter med de specifikationer du valt. P\u00e5 ditt klientkonto p\u00e5 RedFoxLotto.com ser du bekr\u00e4ftelse p\u00e5 ditt k\u00f6p. Naturligtvis kommer du ocks\u00e5 att f\u00e5 bekr\u00e4ftelse via e-post. Det betyder att du kan k\u00e4nna dig s\u00e4ker p\u00e5 att allt g\u00e5r precis som du planerat och att dina lotter \u00e4r redo och v\u00e4ntar p\u00e5 att spelet ska dra.<\/p>\n<p>Du beh\u00f6ver inte oroa dig f\u00f6r n\u00e5gonting d\u00e4rifr\u00e5n, f\u00f6r vi kommer att h\u00e5lla dig uppdaterad ocks\u00e5 p\u00e5 <a href=\"https:\/\/redfoxlotto.com\/sv\/resultaten\/\">Dragningarna<\/a>, bara om du r\u00e5kar gl\u00f6mma vilka dagar det \u00e4r.<\/p>\n<p>Och du f\u00e5r ytterligare ett e-postmeddelande om en av dina lotter har vunnit. S\u00e5 l\u00e4nge dina vinster inte \u00e4r h\u00f6gre \u00e4n 2500 \u20ac kommer de att krediteras ditt kundkonto omedelbart. Du kan antingen f\u00e5 dem utbetalda via vilket konto du har valt eller s\u00e5 kan du anv\u00e4nda medlen f\u00f6r att k\u00f6pa fler lotter. Det kommer att g\u00f6ra det superl\u00e4tt f\u00f6r dig att g\u00f6ra ditt eget val, eller hur? F\u00f6r h\u00f6gre vinst kommer v\u00e5rt st\u00f6d att kontakta dig och hantera en direkt utbetalning till dig.<\/p>\n<h2>Specifikationer f\u00f6r att spela Eurojackpot<\/h2>\n<p><img decoding=\"async\" class=\"size-full wp-image alignright\" src=\"https:\/\/content.redfoxlotto.com\/uploads\/sites\/9\/1_play_eurojackpot.jpg\" alt=\"win Eurojackpot\" \/><\/p>\n<p>Nu, om du ska spela Eurojackpot m\u00e5ste du veta hur du ska g\u00f6ra det. Det \u00e4r verkligen ganska enkelt. P\u00e5 din lott m\u00e5ste du v\u00e4lja fem siffror mellan 1 och 50, plus tv\u00e5 nummer mellan 1 och 12. Jackpotterna b\u00f6rjar p\u00e5 minst 10 miljoner \u20ac. Det finns en aspekt d\u00e4r detta lotteri skiljer sig fr\u00e5n de flesta andra. N\u00e4r jackpotten n\u00e5r 120 miljoner \u20ac, \u00e4r den avslutad.<\/p>\n<p>Det betyder att alla pengar som normalt skulle l\u00e4ggas till jackpotten l\u00e4ggs till den andra niv\u00e5niv\u00e5n. F\u00f6r att vinna det priset beh\u00f6ver du bara 5 plus 1 nummer f\u00f6r att vara p\u00e5 din lott. Dina chanser att vinna det priset \u00e4r uppenbarligen b\u00e4ttre med faktorn 12 j\u00e4mf\u00f6rt med dina chanser att vinna jackpotten med 5 plus 2 nummer!<\/p>\n<p>Det betyder att om jackpotten kommer till det maximala beloppet, har du faktiskt ett andra skott p\u00e5 att vinna en stor jackpot. Den andra niv\u00e5n \u00e4r l\u00e4ttare att vinna och siffrorna kommer att b\u00f6rja g\u00e5 upp p\u00e5 den. Det Kommer definitivt att \u00f6ka dina odds p\u00e5 det enorma priset, eller hur?<\/p>\n<p>Och det betyder att \u00e4ven om jackpotten kommer att bli lite mindre \u00e4ven om den g\u00e5r ut, kommer du fortfarande att h\u00e4mta en av dessa lotter eftersom du kommer att ha en stor chans att verkligen komma n\u00e5gonstans med det p\u00e5 l\u00e5ng sikt n\u00e4r du k\u00f6per Eurojackpot online.<\/p>\n<p><strong>Kom ig\u00e5ng nu med att spela internationellt lotteri &#8211; k\u00f6p Eurojackpot-lotter idag!<\/strong><\/p>\n","protected":false},"excerpt":{"rendered":"<p>Du kanske har h\u00f6rt talas om Eurojackpot Lotto, oavsett om du f\u00f6r n\u00e4rvarande bor i ett av de europeiska l\u00e4nder d\u00e4r det spelas eller inte. Det \u00e4r ett lotteri som b\u00f6rjade 2012 med 19 europeiska l\u00e4nder som deltog. Men om du bor i Sverige eller i n\u00e5got annat land som inte \u00e4r med p\u00e5 listan [&hellip;]<\/p>\n","protected":false},"author":1,"featured_media":0,"parent":5112,"menu_order":4,"comment_status":"closed","ping_status":"closed","template":"eurojackpot.php","meta":{"_et_pb_use_builder":"","_et_pb_old_content":"","_et_gb_content_width":"","exclude_from_search":false,"footnotes":""},"class_list":["post-5113","page","type-page","status-publish","hentry"],"yoast_head":"<!-- This site is optimized with the Yoast SEO plugin v23.8 - https:\/\/yoast.com\/wordpress\/plugins\/seo\/ -->\n<title>Eurojackpot Lotteri online - spela fr\u00e5n Sverige<\/title>\n<meta name=\"description\" content=\"F\u00e5 tillg\u00e5ng till Eurojackpot nu - oavsett vilket land du \u00e4r fr\u00e5n, spela internationellt lotteri online\" \/>\n<meta name=\"robots\" content=\"index, follow, max-snippet:-1, max-image-preview:large, max-video-preview:-1\" \/>\n<link rel=\"canonical\" href=\"https:\/\/redfoxlotto.com\/sv\/spela\/eurojackpot\/\" \/>\n<meta property=\"og:locale\" content=\"sv_SE\" \/>\n<meta property=\"og:type\" content=\"article\" \/>\n<meta property=\"og:title\" content=\"Eurojackpot Lotteri online - spela fr\u00e5n Sverige\" \/>\n<meta property=\"og:description\" content=\"F\u00e5 tillg\u00e5ng till Eurojackpot nu - oavsett vilket land du \u00e4r fr\u00e5n, spela internationellt lotteri online\" \/>\n<meta property=\"og:url\" content=\"https:\/\/redfoxlotto.com\/sv\/spela\/eurojackpot\/\" \/>\n<meta property=\"og:site_name\" content=\"Get Tickets for the World\u2019s largest jackpots\" \/>\n<meta property=\"article:modified_time\" content=\"2025-12-16T14:48:05+00:00\" \/>\n<meta property=\"og:image\" content=\"https:\/\/content.redfoxlotto.com\/uploads\/sites\/9\/2_ticket_eurojackpot1.jpg\" \/>\n<meta name=\"twitter:card\" content=\"summary_large_image\" \/>\n<meta name=\"twitter:label1\" content=\"Ber\u00e4knad l\u00e4stid\" \/>\n\t<meta name=\"twitter:data1\" content=\"5 minuter\" \/>\n<script type=\"application\/ld+json\" class=\"yoast-schema-graph\">{\"@context\":\"https:\/\/schema.org\",\"@graph\":[{\"@type\":\"WebPage\",\"@id\":\"https:\/\/redfoxlotto.com\/sv\/spela\/eurojackpot\/\",\"url\":\"https:\/\/redfoxlotto.com\/sv\/spela\/eurojackpot\/\",\"name\":\"Eurojackpot Lotteri online - spela fr\u00e5n Sverige\",\"isPartOf\":{\"@id\":\"https:\/\/redfoxlotto.com\/sv\/#website\"},\"primaryImageOfPage\":{\"@id\":\"https:\/\/redfoxlotto.com\/sv\/spela\/eurojackpot\/#primaryimage\"},\"image\":{\"@id\":\"https:\/\/redfoxlotto.com\/sv\/spela\/eurojackpot\/#primaryimage\"},\"thumbnailUrl\":\"https:\/\/content.redfoxlotto.com\/uploads\/sites\/9\/2_ticket_eurojackpot1.jpg\",\"datePublished\":\"2023-04-24T17:44:36+00:00\",\"dateModified\":\"2025-12-16T14:48:05+00:00\",\"description\":\"F\u00e5 tillg\u00e5ng till Eurojackpot nu - oavsett vilket land du \u00e4r fr\u00e5n, spela internationellt lotteri online\",\"breadcrumb\":{\"@id\":\"https:\/\/redfoxlotto.com\/sv\/spela\/eurojackpot\/#breadcrumb\"},\"inLanguage\":\"sv-SE\",\"potentialAction\":[{\"@type\":\"ReadAction\",\"target\":[\"https:\/\/redfoxlotto.com\/sv\/spela\/eurojackpot\/\"]}]},{\"@type\":\"ImageObject\",\"inLanguage\":\"sv-SE\",\"@id\":\"https:\/\/redfoxlotto.com\/sv\/spela\/eurojackpot\/#primaryimage\",\"url\":\"https:\/\/content.redfoxlotto.com\/uploads\/sites\/9\/2_ticket_eurojackpot1.jpg\",\"contentUrl\":\"https:\/\/content.redfoxlotto.com\/uploads\/sites\/9\/2_ticket_eurojackpot1.jpg\"},{\"@type\":\"BreadcrumbList\",\"@id\":\"https:\/\/redfoxlotto.com\/sv\/spela\/eurojackpot\/#breadcrumb\",\"itemListElement\":[{\"@type\":\"ListItem\",\"position\":1,\"name\":\"Home\",\"item\":\"https:\/\/redfoxlotto.com\/sv\/\"},{\"@type\":\"ListItem\",\"position\":2,\"name\":\"Hur man spelar lotterier i andra l\u00e4nder\",\"item\":\"https:\/\/redfoxlotto.com\/sv\/spela\/\"},{\"@type\":\"ListItem\",\"position\":3,\"name\":\"Spela Eurojackpot\"}]},{\"@type\":\"WebSite\",\"@id\":\"https:\/\/redfoxlotto.com\/sv\/#website\",\"url\":\"https:\/\/redfoxlotto.com\/sv\/\",\"name\":\"Get Tickets for the World\u2019s largest jackpots\",\"description\":\"Participate in worldwide lottery jackpots from any country\",\"publisher\":{\"@id\":\"https:\/\/redfoxlotto.com\/sv\/#organization\"},\"potentialAction\":[{\"@type\":\"SearchAction\",\"target\":{\"@type\":\"EntryPoint\",\"urlTemplate\":\"https:\/\/redfoxlotto.com\/sv\/?s={search_term_string}\"},\"query-input\":{\"@type\":\"PropertyValueSpecification\",\"valueRequired\":true,\"valueName\":\"search_term_string\"}}],\"inLanguage\":\"sv-SE\"},{\"@type\":\"Organization\",\"@id\":\"https:\/\/redfoxlotto.com\/sv\/#organization\",\"name\":\"Get Tickets for the World\u2019s largest jackpots\",\"url\":\"https:\/\/redfoxlotto.com\/sv\/\",\"logo\":{\"@type\":\"ImageObject\",\"inLanguage\":\"sv-SE\",\"@id\":\"https:\/\/redfoxlotto.com\/sv\/#\/schema\/logo\/image\/\",\"url\":\"https:\/\/redfoxlotto.com\/wp-content\/uploads\/2023\/04\/logo.png\",\"contentUrl\":\"https:\/\/redfoxlotto.com\/wp-content\/uploads\/2023\/04\/logo.png\",\"width\":269,\"height\":53,\"caption\":\"Get Tickets for the World\u2019s largest jackpots\"},\"image\":{\"@id\":\"https:\/\/redfoxlotto.com\/sv\/#\/schema\/logo\/image\/\"}}]}<\/script>\n<!-- \/ Yoast SEO plugin. -->","yoast_head_json":{"title":"Eurojackpot Lotteri online - spela fr\u00e5n Sverige","description":"F\u00e5 tillg\u00e5ng till Eurojackpot nu - oavsett vilket land du \u00e4r fr\u00e5n, spela internationellt lotteri online","robots":{"index":"index","follow":"follow","max-snippet":"max-snippet:-1","max-image-preview":"max-image-preview:large","max-video-preview":"max-video-preview:-1"},"canonical":"https:\/\/redfoxlotto.com\/sv\/spela\/eurojackpot\/","og_locale":"sv_SE","og_type":"article","og_title":"Eurojackpot Lotteri online - spela fr\u00e5n Sverige","og_description":"F\u00e5 tillg\u00e5ng till Eurojackpot nu - oavsett vilket land du \u00e4r fr\u00e5n, spela internationellt lotteri online","og_url":"https:\/\/redfoxlotto.com\/sv\/spela\/eurojackpot\/","og_site_name":"Get Tickets for the World\u2019s largest jackpots","article_modified_time":"2025-12-16T14:48:05+00:00","og_image":[{"url":"https:\/\/content.redfoxlotto.com\/uploads\/sites\/9\/2_ticket_eurojackpot1.jpg"}],"twitter_card":"summary_large_image","twitter_misc":{"Ber\u00e4knad l\u00e4stid":"5 minuter"},"schema":{"@context":"https:\/\/schema.org","@graph":[{"@type":"WebPage","@id":"https:\/\/redfoxlotto.com\/sv\/spela\/eurojackpot\/","url":"https:\/\/redfoxlotto.com\/sv\/spela\/eurojackpot\/","name":"Eurojackpot Lotteri online - spela fr\u00e5n Sverige","isPartOf":{"@id":"https:\/\/redfoxlotto.com\/sv\/#website"},"primaryImageOfPage":{"@id":"https:\/\/redfoxlotto.com\/sv\/spela\/eurojackpot\/#primaryimage"},"image":{"@id":"https:\/\/redfoxlotto.com\/sv\/spela\/eurojackpot\/#primaryimage"},"thumbnailUrl":"https:\/\/content.redfoxlotto.com\/uploads\/sites\/9\/2_ticket_eurojackpot1.jpg","datePublished":"2023-04-24T17:44:36+00:00","dateModified":"2025-12-16T14:48:05+00:00","description":"F\u00e5 tillg\u00e5ng till Eurojackpot nu - oavsett vilket land du \u00e4r fr\u00e5n, spela internationellt lotteri online","breadcrumb":{"@id":"https:\/\/redfoxlotto.com\/sv\/spela\/eurojackpot\/#breadcrumb"},"inLanguage":"sv-SE","potentialAction":[{"@type":"ReadAction","target":["https:\/\/redfoxlotto.com\/sv\/spela\/eurojackpot\/"]}]},{"@type":"ImageObject","inLanguage":"sv-SE","@id":"https:\/\/redfoxlotto.com\/sv\/spela\/eurojackpot\/#primaryimage","url":"https:\/\/content.redfoxlotto.com\/uploads\/sites\/9\/2_ticket_eurojackpot1.jpg","contentUrl":"https:\/\/content.redfoxlotto.com\/uploads\/sites\/9\/2_ticket_eurojackpot1.jpg"},{"@type":"BreadcrumbList","@id":"https:\/\/redfoxlotto.com\/sv\/spela\/eurojackpot\/#breadcrumb","itemListElement":[{"@type":"ListItem","position":1,"name":"Home","item":"https:\/\/redfoxlotto.com\/sv\/"},{"@type":"ListItem","position":2,"name":"Hur man spelar lotterier i andra l\u00e4nder","item":"https:\/\/redfoxlotto.com\/sv\/spela\/"},{"@type":"ListItem","position":3,"name":"Spela Eurojackpot"}]},{"@type":"WebSite","@id":"https:\/\/redfoxlotto.com\/sv\/#website","url":"https:\/\/redfoxlotto.com\/sv\/","name":"Get Tickets for the World\u2019s largest jackpots","description":"Participate in worldwide lottery jackpots from any country","publisher":{"@id":"https:\/\/redfoxlotto.com\/sv\/#organization"},"potentialAction":[{"@type":"SearchAction","target":{"@type":"EntryPoint","urlTemplate":"https:\/\/redfoxlotto.com\/sv\/?s={search_term_string}"},"query-input":{"@type":"PropertyValueSpecification","valueRequired":true,"valueName":"search_term_string"}}],"inLanguage":"sv-SE"},{"@type":"Organization","@id":"https:\/\/redfoxlotto.com\/sv\/#organization","name":"Get Tickets for the World\u2019s largest jackpots","url":"https:\/\/redfoxlotto.com\/sv\/","logo":{"@type":"ImageObject","inLanguage":"sv-SE","@id":"https:\/\/redfoxlotto.com\/sv\/#\/schema\/logo\/image\/","url":"https:\/\/redfoxlotto.com\/wp-content\/uploads\/2023\/04\/logo.png","contentUrl":"https:\/\/redfoxlotto.com\/wp-content\/uploads\/2023\/04\/logo.png","width":269,"height":53,"caption":"Get Tickets for the World\u2019s largest jackpots"},"image":{"@id":"https:\/\/redfoxlotto.com\/sv\/#\/schema\/logo\/image\/"}}]}},"_links":{"self":[{"href":"https:\/\/redfoxlotto.com\/sv\/wp-json\/wp\/v2\/pages\/5113","targetHints":{"allow":["GET"]}}],"collection":[{"href":"https:\/\/redfoxlotto.com\/sv\/wp-json\/wp\/v2\/pages"}],"about":[{"href":"https:\/\/redfoxlotto.com\/sv\/wp-json\/wp\/v2\/types\/page"}],"author":[{"embeddable":true,"href":"https:\/\/redfoxlotto.com\/sv\/wp-json\/wp\/v2\/users\/1"}],"replies":[{"embeddable":true,"href":"https:\/\/redfoxlotto.com\/sv\/wp-json\/wp\/v2\/comments?post=5113"}],"version-history":[{"count":0,"href":"https:\/\/redfoxlotto.com\/sv\/wp-json\/wp\/v2\/pages\/5113\/revisions"}],"up":[{"embeddable":true,"href":"https:\/\/redfoxlotto.com\/sv\/wp-json\/wp\/v2\/pages\/5112"}],"wp:attachment":[{"href":"https:\/\/redfoxlotto.com\/sv\/wp-json\/wp\/v2\/media?parent=5113"}],"curies":[{"name":"wp","href":"https:\/\/api.w.org\/{rel}","templated":true}]}}