{"id":5112,"date":"2023-04-24T14:10:57","date_gmt":"2023-04-24T14:10:57","guid":{"rendered":"https:\/\/redfoxlotto.com\/?page_id=1763"},"modified":"2025-12-15T20:08:08","modified_gmt":"2025-12-15T20:08:08","slug":"spela","status":"publish","type":"page","link":"https:\/\/redfoxlotto.com\/sv\/spela\/","title":{"rendered":"Hur man spelar lotterier i andra l\u00e4nder"},"content":{"rendered":"<p><script type=\"application\/ld+json\">\n{\n  \"@context\": \"https:\/\/schema.org\",\n  \"@type\": \"Service\",\n  \"name\": \"Spela internationella lotterier online\",\n  \"url\": \"https:\/\/redfoxlotto.com\/sv\/spela\/\",\n  \"description\": \"Spela lotteri online och vinn internationella lottjackpottar.\",\n  \"serviceType\": \"Onlinef\u00f6rmedling av lotterikuponger\",\n  \"provider\": {\n    \"@type\": \"Organization\",\n    \"name\": \"RedFoxLotto\",\n    \"url\": \"https:\/\/redfoxlotto.com\/sv\/spela\/\",\n    \"image\": \"https:\/\/redfoxlotto.com\/wp-content\/uploads\/2025\/12\/ticket_scans.jpg\"\n  },\n  \"areaServed\": \"\u00d6ver hela v\u00e4rlden\",\n  \"termsOfService\": \"https:\/\/redfoxlotto.com\/terms-and-conditions\",\n  \"additionalProperty\": {\n    \"@type\": \"PropertyValue\",\n    \"name\": \"Vanliga fr\u00e5gor\",\n    \"value\": \"https:\/\/redfoxlotto.com\/faq\/\"\n  },\n  \"hasOfferCatalog\": {\n    \"@type\": \"OfferCatalog\",\n    \"name\": \"Internationella lotterikuponger\",\n    \"itemListElement\": [\n      {\n        \"@type\": \"Offer\",\n        \"name\": \"Internationella lotterikuponger\",\n        \"url\": \"https:\/\/redfoxlotto.com\/sv\/spela\/\",\n        \"description\": \"Spela internationella lotterier online. Jackpottar som Powerball, Mega Millions och Euromillions \u2014 vinn var som helst.\",\n        \"availability\": \"https:\/\/schema.org\/InStock\",\n        \"itemOffered\": {\n          \"@type\": \"Service\",\n          \"name\": \"Internationella lotterikuponger\",\n          \"description\": \"Att spela internationella lotterier online ger fler valm\u00f6jligheter och b\u00e4ttre vinstchanser.\"\n        }\n      }\n    ]\n  },\n  \"mainEntityOfPage\": {\n    \"@type\": \"WebPage\",\n    \"@id\": \"https:\/\/redfoxlotto.com\/sv\/spela\/\"\n  }\n}\n<\/script><\/p>\n<h2>Fler lotterier och jackpots f\u00f6r alla att spela!<\/h2>\n<p>Bra nyheter f\u00f6r alla Lotto fans \u00f6ver hela v\u00e4rlden! Du \u00e4r inte l\u00e4ngre begr\u00e4nsad till ditt nationella lotteri! Kommer du ih\u00e5g n\u00e4r lotteriet f\u00f6rst b\u00f6rjade v\u00e4xa i popularitet? Det har verkligen inte varit s\u00e5 l\u00e4nge sedan alla b\u00f6rjade spela sina lokala och nationella lotterier. Men det var allt du fick g\u00f6ra. Allt du ens kunde se p\u00e5 var dina nationella alternativ.<\/p>\n<p>Tidigare nekades du <a href=\"https:\/\/redfoxlotto.com\/sv\/\">tillg\u00e5ng till internationella lotterier<\/a>. Du kunde inte k\u00f6pa lotter till dessa lotteridockor i ditt land. Men internet har l\u00f6st problemet. <strong>H\u00e4r p\u00e5 RedFoxLotto.com kan du nu spela ett antal internationella lotterier online<\/strong>. Men hur spelar du lotteri online?<\/p>\n<h2>K\u00f6pa dina Lotto-lotter<\/h2>\n<p><img loading=\"lazy\" decoding=\"async\" class=\"size-full alignright\" src=\"https:\/\/content.redfoxlotto.com\/uploads\/sites\/9\/1_playing_lottery_online.jpg\" alt=\"spela och vinna online\" width=\"212\" height=\"142\">RedFoxLotto.com \u00e4r din budtj\u00e4nst f\u00f6r lotter, oavsett var du vill f\u00e5 dem ifr\u00e5n. Vi har faktiskt agenter i m\u00e5nga olika l\u00e4nder d\u00e4r de stora lotterierna h\u00e5lls och de tar hand om att k\u00f6pa de lotter du kanske vill, helt lokalt.<\/p>\n<p>D\u00e4rifr\u00e5n kan du som kund best\u00e4lla dina lotter fr\u00e5n oss online. Du g\u00e5r bara till webbplatsen s\u00e5 ger vi dig alla alternativ som du k\u00f6pte dessa lotter direkt sj\u00e4lv.<\/p>\n<p>Naturligtvis kan du v\u00e4lja dina egna nummer. Du best\u00e4mmer ocks\u00e5 hur m\u00e5nga kombinationer av nummer du vill spela och f\u00f6r hur m\u00e5nga drag som din lott ska vara giltig f\u00f6r. Betalning sker online, till exempel med kreditkort. S\u00e5 om du \u00e4r redo att helt v\u00e4lja dina egna nummer klickar du bara p\u00e5 rutorna f\u00f6r att v\u00e4lja dem. Om du vill att vi ska v\u00e4lja siffrorna v\u00e4ljer du bara alternativet &#8217;Snabbval&#8217; s\u00e5 ger vi dig slumpm\u00e4ssiga nummer.<\/p>\n<h2>Vilka spel att spela<\/h2>\n<p>Naturligtvis kan du ocks\u00e5 delta i mer \u00e4n ett internationellt lotteri samtidigt om du spelar lotteri online. S\u00e5 om du bl\u00e4ddrar bland alternativen som vi har tillg\u00e4ngliga och hittar flera som du \u00e4r intresserad av \u00e4r det fantastiskt. Vi rekommenderar att du v\u00e4ljer den st\u00f6rsta jackpotten vid en viss tidpunkt, eller de tv\u00e5 st\u00f6rsta, eller \u00e4nnu mer.<\/p>\n<p>Till exempel, ganska ofta har b\u00e5de <a href=\"https:\/\/redfoxlotto.com\/sv\/spela\/powerball\/\">Powerball USA<\/a> och <a href=\"https:\/\/redfoxlotto.com\/sv\/spela\/mega-millions\/\">Mega Millions US<\/a> gigantiska jackpots p\u00e5 samma g\u00e5ng. Jackpots n\u00e5r regelbundet 500 miljoner dollar i USA. Det har till och med varit jackpottar p\u00e5 \u00f6ver 1,5 miljarder tidigare.<\/p>\n<p>I sj\u00e4lva verket \u00e4r dessa tv\u00e5 lotterier bland de st\u00f6rsta i v\u00e4rlden. S\u00e5 varf\u00f6r skulle du inte vilja prova dem och se om du kan ha tur och vinna stort? N\u00e5got annat att t\u00e4nka p\u00e5: ett mycket popul\u00e4rt alternativ \u00e4r att spela samma nummer i flera lotterier samma vecka.<\/p>\n<p>Om du inte vinner p\u00e5 ett lotteri, kanske dina nummer har tur i det andra? Detta \u00e4r ett smart s\u00e4tt att \u00f6ka oddsen f\u00f6r att dina favoritnummer vinner. Den h\u00e4r metoden g\u00f6r att spela lotto \u00e4nnu mer sp\u00e4nnande!<\/p>\n<h2>Varf\u00f6r spela Lotto internationellt?<\/h2>\n<p><strong>Den som spelar internationell lotto anv\u00e4nder sina medel p\u00e5 ett smartare s\u00e4tt.<\/strong> Vissa lotterispelare <a href=\"https:\/\/redfoxlotto.com\/sv\/lotteri\/\">k\u00f6per lotter<\/a> till det nationella lotteriet vecka efter vecka, oavsett hur l\u00e5g jackpotten \u00e4r. Matematik och logik s\u00e4ger att det \u00e4r b\u00e4ttre att k\u00f6pa en lott till ett lotteri med en jackpot p\u00e5 200 miljoner \u00e4n f\u00f6r en med en 2 miljoner pris. Detta g\u00e4ller \u00e4ven om priset p\u00e5 onlinelotten \u00e4r h\u00f6gre \u00e4n lottpriset f\u00f6r ditt lokala lotteri.<\/p>\n<p>Du kommer att ha liknande odds f\u00f6r att vinna, men om du vinner kommer du att ha m\u00f6jlighet till n\u00e5got som \u00e4r mycket st\u00f6rre. Och kom ih\u00e5g de v\u00e4xelkurser som du kommer att ha n\u00e4r du spelar ett internationellt lotteri. Du vill ha n\u00e5got som faktiskt kommer att \u00f6vers\u00e4tta till ett stort belopp i din egen valuta f\u00f6r n\u00e4r du drar tillbaka dina vinster kommer du att dra dem ut i din valuta.<\/p>\n<p>Nu m\u00e5ste vi klarg\u00f6ra vad v\u00e5ra standarder kommer att bli och hur kostnaden f\u00f6r dina lotter kommer att ber\u00e4knas. Naturligtvis m\u00e5ste vi ta ut ett h\u00f6gre pris f\u00f6r v\u00e5r tj\u00e4nst eftersom vi har utgifter. Vi vill ocks\u00e5 tj\u00e4na lite pengar. Men l\u00e5t oss anta att lotteriet online kommer till ett pris av 4,50 &#8211; 5,00 \u20ac och en jackpot p\u00e5 200 miljoner. F\u00f6r den nationella lotto betalar du \u20ac 2,00 och har en jackpot p\u00e5 10 miljoner. Vilket \u00e4r b\u00e4ttre och \u00e4r mer vettigt? Tja, svaret p\u00e5 denna fr\u00e5ga \u00e4r f\u00f6rmodligen uppenbart.<\/p>\n<h2>Hur du f\u00e5r betalt<\/h2>\n<p><img loading=\"lazy\" decoding=\"async\" class=\"size-full alignright\" src=\"https:\/\/content.redfoxlotto.com\/uploads\/sites\/9\/1_mega_lotto_jackpot.jpg\" alt=\"utbetalning online lotteri\" width=\"162\" height=\"186\">RedFoxLotto.com ser ocks\u00e5 till att du <a href=\"https:\/\/redfoxlotto.com\/sv\/resultaten\/\">f\u00e5r dina vinster<\/a>. Vi kommer inte att debitera en provision f\u00f6rresten, f\u00f6rutom en liten avgift som debiteras vid bank\u00f6verf\u00f6ring. Det betyder att du inte beh\u00f6ver oroa dig f\u00f6r att vi tar ut en nedsk\u00e4rning av de pengar du vinner.<\/p>\n<p>N\u00e4r du betalar f\u00f6r lotten \u00e4r allt du vann din egen. Det enda s\u00e4ttet vi tar ut n\u00e5got av det \u00e4r om du best\u00e4mmer dig f\u00f6r att \u00f6verf\u00f6ra pengarna till din bank. Vid den tidpunkten debiterar vi dig en liten fast avgift f\u00f6r kostnaden f\u00f6r bank\u00f6verf\u00f6ringen. Du kommer att f\u00e5 resten av dina pengar direkt till dig.<\/p>\n<p>M\u00e5nga av v\u00e5ra kunder har redan vunnit priser genom oss. N\u00e5gra av dem har f\u00e5tt sitt liv f\u00f6r\u00e4ndrat med det belopp de vann! Vi vet att du kommer att ha en stor chans att vinna ett stort pris eller \u00e5tminstone f\u00e5 en vinst som du inte skulle ha f\u00e5tt om du bara h\u00e5ller dig till de lotterispel som du kan spela i ditt hemland.<\/p>\n<p>Det h\u00e4r \u00e4r orsakerna till att det blir allt popul\u00e4rare att spela lotteri online. Och nu \u00e4r det din tur att kn\u00e4cka en av mega-jackpotterna &#8211; vad v\u00e4ntar du p\u00e5? Du kan bli en stor vinnare p\u00e5 nolltid, och det \u00e4r bara b\u00f6rjan.<\/p>\n","protected":false},"excerpt":{"rendered":"<p>Fler lotterier och jackpots f\u00f6r alla att spela! Bra nyheter f\u00f6r alla Lotto fans \u00f6ver hela v\u00e4rlden! Du \u00e4r inte l\u00e4ngre begr\u00e4nsad till ditt nationella lotteri! Kommer du ih\u00e5g n\u00e4r lotteriet f\u00f6rst b\u00f6rjade v\u00e4xa i popularitet? Det har verkligen inte varit s\u00e5 l\u00e4nge sedan alla b\u00f6rjade spela sina lokala och nationella lotterier. Men det var [&hellip;]<\/p>\n","protected":false},"author":1,"featured_media":0,"parent":0,"menu_order":2,"comment_status":"closed","ping_status":"closed","template":"Play-all.php","meta":{"_et_pb_use_builder":"","_et_pb_old_content":"","_et_gb_content_width":"","exclude_from_search":false,"footnotes":""},"class_list":["post-5112","page","type-page","status-publish","hentry"],"yoast_head":"<!-- This site is optimized with the Yoast SEO plugin v23.8 - https:\/\/yoast.com\/wordpress\/plugins\/seo\/ -->\n<title>Spela lotteri online | internationella jackpots<\/title>\n<meta name=\"description\" content=\"Att spela internationella lotterier online ger dig fler alternativ och b\u00e4ttre chanser - ta reda p\u00e5 varf\u00f6r!\" \/>\n<meta name=\"robots\" content=\"index, follow, max-snippet:-1, max-image-preview:large, max-video-preview:-1\" \/>\n<link rel=\"canonical\" href=\"https:\/\/redfoxlotto.com\/sv\/spela\/\" \/>\n<meta property=\"og:locale\" content=\"sv_SE\" \/>\n<meta property=\"og:type\" content=\"article\" \/>\n<meta property=\"og:title\" content=\"Spela lotteri online | internationella jackpots\" \/>\n<meta property=\"og:description\" content=\"Att spela internationella lotterier online ger dig fler alternativ och b\u00e4ttre chanser - ta reda p\u00e5 varf\u00f6r!\" \/>\n<meta property=\"og:url\" content=\"https:\/\/redfoxlotto.com\/sv\/spela\/\" \/>\n<meta property=\"og:site_name\" content=\"Get Tickets for the World\u2019s largest jackpots\" \/>\n<meta property=\"article:modified_time\" content=\"2025-12-15T20:08:08+00:00\" \/>\n<meta property=\"og:image\" content=\"https:\/\/content.redfoxlotto.com\/uploads\/sites\/9\/1_playing_lottery_online.jpg\" \/>\n<meta name=\"twitter:card\" content=\"summary_large_image\" \/>\n<meta name=\"twitter:label1\" content=\"Ber\u00e4knad l\u00e4stid\" \/>\n\t<meta name=\"twitter:data1\" content=\"5 minuter\" \/>\n<script type=\"application\/ld+json\" class=\"yoast-schema-graph\">{\"@context\":\"https:\/\/schema.org\",\"@graph\":[{\"@type\":\"WebPage\",\"@id\":\"https:\/\/redfoxlotto.com\/sv\/spela\/\",\"url\":\"https:\/\/redfoxlotto.com\/sv\/spela\/\",\"name\":\"Spela lotteri online | internationella jackpots\",\"isPartOf\":{\"@id\":\"https:\/\/redfoxlotto.com\/sv\/#website\"},\"primaryImageOfPage\":{\"@id\":\"https:\/\/redfoxlotto.com\/sv\/spela\/#primaryimage\"},\"image\":{\"@id\":\"https:\/\/redfoxlotto.com\/sv\/spela\/#primaryimage\"},\"thumbnailUrl\":\"https:\/\/content.redfoxlotto.com\/uploads\/sites\/9\/1_playing_lottery_online.jpg\",\"datePublished\":\"2023-04-24T14:10:57+00:00\",\"dateModified\":\"2025-12-15T20:08:08+00:00\",\"description\":\"Att spela internationella lotterier online ger dig fler alternativ och b\u00e4ttre chanser - ta reda p\u00e5 varf\u00f6r!\",\"breadcrumb\":{\"@id\":\"https:\/\/redfoxlotto.com\/sv\/spela\/#breadcrumb\"},\"inLanguage\":\"sv-SE\",\"potentialAction\":[{\"@type\":\"ReadAction\",\"target\":[\"https:\/\/redfoxlotto.com\/sv\/spela\/\"]}]},{\"@type\":\"ImageObject\",\"inLanguage\":\"sv-SE\",\"@id\":\"https:\/\/redfoxlotto.com\/sv\/spela\/#primaryimage\",\"url\":\"https:\/\/content.redfoxlotto.com\/uploads\/sites\/9\/1_playing_lottery_online.jpg\",\"contentUrl\":\"https:\/\/content.redfoxlotto.com\/uploads\/sites\/9\/1_playing_lottery_online.jpg\"},{\"@type\":\"BreadcrumbList\",\"@id\":\"https:\/\/redfoxlotto.com\/sv\/spela\/#breadcrumb\",\"itemListElement\":[{\"@type\":\"ListItem\",\"position\":1,\"name\":\"Home\",\"item\":\"https:\/\/redfoxlotto.com\/sv\/\"},{\"@type\":\"ListItem\",\"position\":2,\"name\":\"Hur man spelar lotterier i andra l\u00e4nder\"}]},{\"@type\":\"WebSite\",\"@id\":\"https:\/\/redfoxlotto.com\/sv\/#website\",\"url\":\"https:\/\/redfoxlotto.com\/sv\/\",\"name\":\"Get Tickets for the World\u2019s largest jackpots\",\"description\":\"Participate in worldwide lottery jackpots from any country\",\"publisher\":{\"@id\":\"https:\/\/redfoxlotto.com\/sv\/#organization\"},\"potentialAction\":[{\"@type\":\"SearchAction\",\"target\":{\"@type\":\"EntryPoint\",\"urlTemplate\":\"https:\/\/redfoxlotto.com\/sv\/?s={search_term_string}\"},\"query-input\":{\"@type\":\"PropertyValueSpecification\",\"valueRequired\":true,\"valueName\":\"search_term_string\"}}],\"inLanguage\":\"sv-SE\"},{\"@type\":\"Organization\",\"@id\":\"https:\/\/redfoxlotto.com\/sv\/#organization\",\"name\":\"Get Tickets for the World\u2019s largest jackpots\",\"url\":\"https:\/\/redfoxlotto.com\/sv\/\",\"logo\":{\"@type\":\"ImageObject\",\"inLanguage\":\"sv-SE\",\"@id\":\"https:\/\/redfoxlotto.com\/sv\/#\/schema\/logo\/image\/\",\"url\":\"https:\/\/redfoxlotto.com\/wp-content\/uploads\/2023\/04\/logo.png\",\"contentUrl\":\"https:\/\/redfoxlotto.com\/wp-content\/uploads\/2023\/04\/logo.png\",\"width\":269,\"height\":53,\"caption\":\"Get Tickets for the World\u2019s largest jackpots\"},\"image\":{\"@id\":\"https:\/\/redfoxlotto.com\/sv\/#\/schema\/logo\/image\/\"}}]}<\/script>\n<!-- \/ Yoast SEO plugin. -->","yoast_head_json":{"title":"Spela lotteri online | internationella jackpots","description":"Att spela internationella lotterier online ger dig fler alternativ och b\u00e4ttre chanser - ta reda p\u00e5 varf\u00f6r!","robots":{"index":"index","follow":"follow","max-snippet":"max-snippet:-1","max-image-preview":"max-image-preview:large","max-video-preview":"max-video-preview:-1"},"canonical":"https:\/\/redfoxlotto.com\/sv\/spela\/","og_locale":"sv_SE","og_type":"article","og_title":"Spela lotteri online | internationella jackpots","og_description":"Att spela internationella lotterier online ger dig fler alternativ och b\u00e4ttre chanser - ta reda p\u00e5 varf\u00f6r!","og_url":"https:\/\/redfoxlotto.com\/sv\/spela\/","og_site_name":"Get Tickets for the World\u2019s largest jackpots","article_modified_time":"2025-12-15T20:08:08+00:00","og_image":[{"url":"https:\/\/content.redfoxlotto.com\/uploads\/sites\/9\/1_playing_lottery_online.jpg"}],"twitter_card":"summary_large_image","twitter_misc":{"Ber\u00e4knad l\u00e4stid":"5 minuter"},"schema":{"@context":"https:\/\/schema.org","@graph":[{"@type":"WebPage","@id":"https:\/\/redfoxlotto.com\/sv\/spela\/","url":"https:\/\/redfoxlotto.com\/sv\/spela\/","name":"Spela lotteri online | internationella jackpots","isPartOf":{"@id":"https:\/\/redfoxlotto.com\/sv\/#website"},"primaryImageOfPage":{"@id":"https:\/\/redfoxlotto.com\/sv\/spela\/#primaryimage"},"image":{"@id":"https:\/\/redfoxlotto.com\/sv\/spela\/#primaryimage"},"thumbnailUrl":"https:\/\/content.redfoxlotto.com\/uploads\/sites\/9\/1_playing_lottery_online.jpg","datePublished":"2023-04-24T14:10:57+00:00","dateModified":"2025-12-15T20:08:08+00:00","description":"Att spela internationella lotterier online ger dig fler alternativ och b\u00e4ttre chanser - ta reda p\u00e5 varf\u00f6r!","breadcrumb":{"@id":"https:\/\/redfoxlotto.com\/sv\/spela\/#breadcrumb"},"inLanguage":"sv-SE","potentialAction":[{"@type":"ReadAction","target":["https:\/\/redfoxlotto.com\/sv\/spela\/"]}]},{"@type":"ImageObject","inLanguage":"sv-SE","@id":"https:\/\/redfoxlotto.com\/sv\/spela\/#primaryimage","url":"https:\/\/content.redfoxlotto.com\/uploads\/sites\/9\/1_playing_lottery_online.jpg","contentUrl":"https:\/\/content.redfoxlotto.com\/uploads\/sites\/9\/1_playing_lottery_online.jpg"},{"@type":"BreadcrumbList","@id":"https:\/\/redfoxlotto.com\/sv\/spela\/#breadcrumb","itemListElement":[{"@type":"ListItem","position":1,"name":"Home","item":"https:\/\/redfoxlotto.com\/sv\/"},{"@type":"ListItem","position":2,"name":"Hur man spelar lotterier i andra l\u00e4nder"}]},{"@type":"WebSite","@id":"https:\/\/redfoxlotto.com\/sv\/#website","url":"https:\/\/redfoxlotto.com\/sv\/","name":"Get Tickets for the World\u2019s largest jackpots","description":"Participate in worldwide lottery jackpots from any country","publisher":{"@id":"https:\/\/redfoxlotto.com\/sv\/#organization"},"potentialAction":[{"@type":"SearchAction","target":{"@type":"EntryPoint","urlTemplate":"https:\/\/redfoxlotto.com\/sv\/?s={search_term_string}"},"query-input":{"@type":"PropertyValueSpecification","valueRequired":true,"valueName":"search_term_string"}}],"inLanguage":"sv-SE"},{"@type":"Organization","@id":"https:\/\/redfoxlotto.com\/sv\/#organization","name":"Get Tickets for the World\u2019s largest jackpots","url":"https:\/\/redfoxlotto.com\/sv\/","logo":{"@type":"ImageObject","inLanguage":"sv-SE","@id":"https:\/\/redfoxlotto.com\/sv\/#\/schema\/logo\/image\/","url":"https:\/\/redfoxlotto.com\/wp-content\/uploads\/2023\/04\/logo.png","contentUrl":"https:\/\/redfoxlotto.com\/wp-content\/uploads\/2023\/04\/logo.png","width":269,"height":53,"caption":"Get Tickets for the World\u2019s largest jackpots"},"image":{"@id":"https:\/\/redfoxlotto.com\/sv\/#\/schema\/logo\/image\/"}}]}},"_links":{"self":[{"href":"https:\/\/redfoxlotto.com\/sv\/wp-json\/wp\/v2\/pages\/5112","targetHints":{"allow":["GET"]}}],"collection":[{"href":"https:\/\/redfoxlotto.com\/sv\/wp-json\/wp\/v2\/pages"}],"about":[{"href":"https:\/\/redfoxlotto.com\/sv\/wp-json\/wp\/v2\/types\/page"}],"author":[{"embeddable":true,"href":"https:\/\/redfoxlotto.com\/sv\/wp-json\/wp\/v2\/users\/1"}],"replies":[{"embeddable":true,"href":"https:\/\/redfoxlotto.com\/sv\/wp-json\/wp\/v2\/comments?post=5112"}],"version-history":[{"count":0,"href":"https:\/\/redfoxlotto.com\/sv\/wp-json\/wp\/v2\/pages\/5112\/revisions"}],"wp:attachment":[{"href":"https:\/\/redfoxlotto.com\/sv\/wp-json\/wp\/v2\/media?parent=5112"}],"curies":[{"name":"wp","href":"https:\/\/api.w.org\/{rel}","templated":true}]}}