{"id":5107,"date":"2018-11-18T08:54:25","date_gmt":"2018-11-18T08:54:25","guid":{"rendered":"https:\/\/redfoxlotto.com\/?page_id=1752"},"modified":"2026-01-11T10:21:50","modified_gmt":"2026-01-11T10:21:50","slug":"superenalotto","status":"publish","type":"page","link":"https:\/\/redfoxlotto.com\/sv\/resultaten\/superenalotto\/","title":{"rendered":"SuperEnaLotto-resultat"},"content":{"rendered":"<p>SuperEnalotto \u00e4r k\u00e4nt f\u00f6r att <a href=\"https:\/\/redfoxlotto.com\/sv\/\">jackpotten<\/a> ofta inte vinns p\u00e5 l\u00e4nge. S\u00e5 huvudpriset, vars minimibelopp \u00e4r 1 300 000, stiger snabbt. Och det finns ingen gr\u00e4ns f\u00f6r dess h\u00f6jd. Den h\u00f6gsta vinsten hittills p\u00e5 Superenalotto var 177 800 000 \u20ac!<br \/>\n<img loading=\"lazy\" decoding=\"async\" class=\"wp-image alignright\" src=\"https:\/\/content.redfoxlotto.com\/uploads\/sites\/9\/1_results_check_lottery.jpg\" alt=\"results lotto\" width=\"254\" height=\"254\" \/><\/p>\n<p>Har du tittat p\u00e5 n\u00e5gra olika spel som du skulle kunna spela? Kanske har du alltid t\u00e4nkt att du m\u00e5ste spela lotto i ditt eget omr\u00e5de eller \u00e5tminstone i ditt eget land. Tja, det \u00e4r definitivt inte fallet l\u00e4ngre n\u00e4r det g\u00e4ller onlinelotteri. Det finns massor av nya m\u00f6jligheter d\u00e4r ute f\u00f6r dig och allt du beh\u00f6ver g\u00f6ra \u00e4r att ta en titt p\u00e5 n\u00e5gra av webbplatserna som finns d\u00e4r ute. Du kommer att se en hel massa spel som du kanske aldrig har sett f\u00f6rut.<\/p>\n<p><a href=\"https:\/\/redfoxlotto.com\/sv\/spela\/superenalotto\/\">SuperEnalotto<\/a> \u00e4r ett av de mest popul\u00e4ra spelen i Italien och det \u00e4r ett som du absolut kan vara med i sj\u00e4lv. Du kan faktiskt k\u00f6pa dina lotter direkt online, oavsett var du bor. Det kommer att g\u00f6ra det \u00e4nnu roligare f\u00f6r dig eftersom du spelar ett spel som du kanske aldrig har sett eller ens h\u00f6rt talas om f\u00f6rut. Vad \u00e4r mer sp\u00e4nnande \u00e4n att ha en helt ny m\u00f6jlighet och en helt annan chans att vinna \u00e4n de spel du \u00e4r s\u00e5 van vid att spela?<\/p>\n<p>N\u00e4r du v\u00e4ljer att spela det h\u00e4r spelet beh\u00f6ver du bara veta var du <a href=\"https:\/\/redfoxlotto.com\/sv\/lotteri\/\">f\u00e5r din lott<\/a> ifr\u00e5n. RedFoxLotto.com kan hj\u00e4lpa dig att v\u00e4lja dina nummer och best\u00e4lla din lott s\u00e5 att den \u00e4r redo n\u00e4sta g\u00e5ng det \u00e4r en dragning. Det \u00e4r helt online och du har fortfarande samma funktioner som n\u00e5gon som k\u00f6pte sin lott genom att g\u00e5 in i en butik. Det g\u00f6r det bekv\u00e4mt \u00e4ven f\u00f6r de som bor i omr\u00e5det d\u00e4r spelet spelas. Du kan helt enkelt k\u00f6pa en lott online utan att n\u00e5gonsin beh\u00f6va l\u00e4mna ditt eget hem.<\/p>\n<h2>Varf\u00f6r SuperEnalotto?<\/h2>\n<p><img loading=\"lazy\" decoding=\"async\" class=\"wp-image alignright\" src=\"https:\/\/content.redfoxlotto.com\/uploads\/sites\/9\/1_lottery_winning_numbers.jpg\" alt=\"Superenalotto\" width=\"289\" height=\"137\" \/><\/p>\n<p>Varf\u00f6r skulle du spela det h\u00e4r spelet? En av anledningarna \u00e4r att du har m\u00f6jlighet att vinna miljontals euro genom att spela. Det kan vara j\u00e4ttekul. Faktum \u00e4r att det h\u00e4r spelet \u00e4r k\u00e4nt f\u00f6r att ha n\u00e5gra av de st\u00f6rsta jackpottarna som finns, och det \u00e4r definitivt en anledning till att du vill titta n\u00e4rmare p\u00e5 det och eventuellt best\u00e4mma dig f\u00f6r att spela det \u00e5tminstone n\u00e5gra g\u00e5nger sj\u00e4lv. Vem skulle inte vilja ha chansen att vinna miljontals euro? Och allt till det l\u00e5ga priset f\u00f6r en enda lott (eller n\u00e5gra lotter om du vill \u00f6ka dina vinstchanser lite).<\/p>\n<p>Det h\u00e4r spelet har ocks\u00e5 en dragning tre olika kv\u00e4llar i veckan, s\u00e5 du f\u00e5r m\u00f6jlighet att spela \u00e4nnu oftare. De som \u00e4lskar spelen med mer frekventa dragningar kommer att \u00e4lska att det h\u00e4r \u00e4r tillg\u00e4ngligt p\u00e5 tisdagar, torsdagar och l\u00f6rdagar, alla klockan 20:00. Det h\u00e4r spelet har egentligen inte funnits s\u00e5 l\u00e4nge n\u00e4r man tittar p\u00e5 det stora hela, eftersom det bara startade 1997, men det betyder inte att det inte kommer att vara roligt eller att folk inte st\u00e4ller sig upp f\u00f6r att k\u00f6pa en lott (vilket du inte beh\u00f6ver g\u00f6ra eftersom du spelar helt online).<\/p>\n<p>Nackdelen med det h\u00e4r spelet \u00e4r att det kan ha l\u00e5ga odds. Faktum \u00e4r att oddsen f\u00f6r att du vinner jackpotten \u00e4r n\u00e5gra av de l\u00e4gsta i hela v\u00e4rlden. Det betyder att du har en b\u00e4ttre chans att vinna n\u00e4stan vilket annat lotterispel du \u00e4n spelar, \u00e4n det h\u00e4r. Men du beh\u00f6ver inte k\u00e4nna dig alltf\u00f6r avskr\u00e4ckt. Du kan fortfarande ha roligt n\u00e4r du spelar och du kommer fortfarande att ha en chans att vinna n\u00e5gra av de mindre priserna. Dessutom, vem vet, n\u00e5gon m\u00e5ste vinna den d\u00e4r jackpotten, eller hur? Varf\u00f6r skulle det inte kunna vara du?<\/p>\n<h2>SuperEnalotto-resultat<\/h2>\n<p>S\u00e5, hur ska du kontrollera <a href=\"https:\/\/redfoxlotto.com\/sv\/lotteri\/superenalotto\/\">SuperEnaLotto<\/a>-resultaten om du best\u00e4mmer dig f\u00f6r att spela det h\u00e4r spelet? Du har faktiskt flera olika alternativ. N\u00e5gra av de mest popul\u00e4ra \u00e4r att helt enkelt kolla lokaltidningarna dagen efter dragningen eller att titta p\u00e5 dragningen live om den \u00e4r tillg\u00e4nglig p\u00e5 din TV. Du kan ocks\u00e5 kolla in en av flera olika webbplatser (som RedFoxLotto.com) som visar dig resultaten antingen direkt efter dragningen eller inom ett par timmar efter dragningen. P\u00e5 s\u00e5 s\u00e4tt beh\u00f6ver du inte sl\u00f6sa tid p\u00e5 att ta reda p\u00e5 om du har vunnit.<\/p>\n<p>Att ha kul n\u00e4r du spelar lotto \u00e4r det f\u00f6rsta steget i hela processen, men d\u00e4rifr\u00e5n vill du se till att du vinner n\u00e5got. Med SuperEnalotto kan du ha l\u00e4gre odds, men du kommer att ha roligt och du kommer att f\u00e5 m\u00f6jlighet att uppleva en helt annan typ av spel. Om du har <a href=\"https:\/\/redfoxlotto.com\/sv\/spela\/\">spelat lotto online<\/a> ett tag \u00e4r detta definitivt en annan&#8230;<\/p>\n","protected":false},"excerpt":{"rendered":"<p>SuperEnalotto \u00e4r k\u00e4nt f\u00f6r att jackpotten ofta inte vinns p\u00e5 l\u00e4nge. S\u00e5 huvudpriset, vars minimibelopp \u00e4r 1 300 000, stiger snabbt. Och det finns ingen gr\u00e4ns f\u00f6r dess h\u00f6jd. Den h\u00f6gsta vinsten hittills p\u00e5 Superenalotto var 177 800 000 \u20ac! Har du tittat p\u00e5 n\u00e5gra olika spel som du skulle kunna spela? Kanske har du [&hellip;]<\/p>\n","protected":false},"author":1,"featured_media":0,"parent":5102,"menu_order":5,"comment_status":"closed","ping_status":"closed","template":"superenalotto-results.php","meta":{"_et_pb_use_builder":"","_et_pb_old_content":"","_et_gb_content_width":"","exclude_from_search":false,"footnotes":""},"class_list":["post-5107","page","type-page","status-publish","hentry"],"yoast_head":"<!-- This site is optimized with the Yoast SEO plugin v23.8 - https:\/\/yoast.com\/wordpress\/plugins\/seo\/ -->\n<title>SuperEnalotto senaste vinnande nummer<\/title>\n<meta name=\"description\" content=\"Hitta de senaste resultaten och vinnande numren f\u00f6r Superenalotto h\u00e4r p\u00e5 RedFoxLotto, d\u00e4r du ocks\u00e5 kan f\u00e5 dina lotter\" \/>\n<meta name=\"robots\" content=\"index, follow, max-snippet:-1, max-image-preview:large, max-video-preview:-1\" \/>\n<link rel=\"canonical\" href=\"https:\/\/redfoxlotto.com\/sv\/resultaten\/superenalotto\/\" \/>\n<meta property=\"og:locale\" content=\"sv_SE\" \/>\n<meta property=\"og:type\" content=\"article\" \/>\n<meta property=\"og:title\" content=\"SuperEnalotto senaste vinnande nummer\" \/>\n<meta property=\"og:description\" content=\"Hitta de senaste resultaten och vinnande numren f\u00f6r Superenalotto h\u00e4r p\u00e5 RedFoxLotto, d\u00e4r du ocks\u00e5 kan f\u00e5 dina lotter\" \/>\n<meta property=\"og:url\" content=\"https:\/\/redfoxlotto.com\/sv\/resultaten\/superenalotto\/\" \/>\n<meta property=\"og:site_name\" content=\"Get Tickets for the World\u2019s largest jackpots\" \/>\n<meta property=\"article:modified_time\" content=\"2026-01-11T10:21:50+00:00\" \/>\n<meta property=\"og:image\" content=\"https:\/\/content.redfoxlotto.com\/uploads\/sites\/9\/1_results_check_lottery.jpg\" \/>\n<meta name=\"twitter:card\" content=\"summary_large_image\" \/>\n<meta name=\"twitter:label1\" content=\"Ber\u00e4knad l\u00e4stid\" \/>\n\t<meta name=\"twitter:data1\" content=\"1 minut\" \/>\n<script type=\"application\/ld+json\" class=\"yoast-schema-graph\">{\"@context\":\"https:\/\/schema.org\",\"@graph\":[{\"@type\":\"WebPage\",\"@id\":\"https:\/\/redfoxlotto.com\/sv\/resultaten\/superenalotto\/\",\"url\":\"https:\/\/redfoxlotto.com\/sv\/resultaten\/superenalotto\/\",\"name\":\"SuperEnalotto senaste vinnande nummer\",\"isPartOf\":{\"@id\":\"https:\/\/redfoxlotto.com\/sv\/#website\"},\"primaryImageOfPage\":{\"@id\":\"https:\/\/redfoxlotto.com\/sv\/resultaten\/superenalotto\/#primaryimage\"},\"image\":{\"@id\":\"https:\/\/redfoxlotto.com\/sv\/resultaten\/superenalotto\/#primaryimage\"},\"thumbnailUrl\":\"https:\/\/content.redfoxlotto.com\/uploads\/sites\/9\/1_results_check_lottery.jpg\",\"datePublished\":\"2018-11-18T08:54:25+00:00\",\"dateModified\":\"2026-01-11T10:21:50+00:00\",\"description\":\"Hitta de senaste resultaten och vinnande numren f\u00f6r Superenalotto h\u00e4r p\u00e5 RedFoxLotto, d\u00e4r du ocks\u00e5 kan f\u00e5 dina lotter\",\"breadcrumb\":{\"@id\":\"https:\/\/redfoxlotto.com\/sv\/resultaten\/superenalotto\/#breadcrumb\"},\"inLanguage\":\"sv-SE\",\"potentialAction\":[{\"@type\":\"ReadAction\",\"target\":[\"https:\/\/redfoxlotto.com\/sv\/resultaten\/superenalotto\/\"]}]},{\"@type\":\"ImageObject\",\"inLanguage\":\"sv-SE\",\"@id\":\"https:\/\/redfoxlotto.com\/sv\/resultaten\/superenalotto\/#primaryimage\",\"url\":\"https:\/\/content.redfoxlotto.com\/uploads\/sites\/9\/1_results_check_lottery.jpg\",\"contentUrl\":\"https:\/\/content.redfoxlotto.com\/uploads\/sites\/9\/1_results_check_lottery.jpg\"},{\"@type\":\"BreadcrumbList\",\"@id\":\"https:\/\/redfoxlotto.com\/sv\/resultaten\/superenalotto\/#breadcrumb\",\"itemListElement\":[{\"@type\":\"ListItem\",\"position\":1,\"name\":\"Home\",\"item\":\"https:\/\/redfoxlotto.com\/sv\/\"},{\"@type\":\"ListItem\",\"position\":2,\"name\":\"Internationellt lotteri Resultat\",\"item\":\"https:\/\/redfoxlotto.com\/sv\/resultaten\/\"},{\"@type\":\"ListItem\",\"position\":3,\"name\":\"SuperEnaLotto-resultat\"}]},{\"@type\":\"WebSite\",\"@id\":\"https:\/\/redfoxlotto.com\/sv\/#website\",\"url\":\"https:\/\/redfoxlotto.com\/sv\/\",\"name\":\"Get Tickets for the World\u2019s largest jackpots\",\"description\":\"Participate in worldwide lottery jackpots from any country\",\"publisher\":{\"@id\":\"https:\/\/redfoxlotto.com\/sv\/#organization\"},\"potentialAction\":[{\"@type\":\"SearchAction\",\"target\":{\"@type\":\"EntryPoint\",\"urlTemplate\":\"https:\/\/redfoxlotto.com\/sv\/?s={search_term_string}\"},\"query-input\":{\"@type\":\"PropertyValueSpecification\",\"valueRequired\":true,\"valueName\":\"search_term_string\"}}],\"inLanguage\":\"sv-SE\"},{\"@type\":\"Organization\",\"@id\":\"https:\/\/redfoxlotto.com\/sv\/#organization\",\"name\":\"Get Tickets for the World\u2019s largest jackpots\",\"url\":\"https:\/\/redfoxlotto.com\/sv\/\",\"logo\":{\"@type\":\"ImageObject\",\"inLanguage\":\"sv-SE\",\"@id\":\"https:\/\/redfoxlotto.com\/sv\/#\/schema\/logo\/image\/\",\"url\":\"https:\/\/redfoxlotto.com\/wp-content\/uploads\/2023\/04\/logo.png\",\"contentUrl\":\"https:\/\/redfoxlotto.com\/wp-content\/uploads\/2023\/04\/logo.png\",\"width\":269,\"height\":53,\"caption\":\"Get Tickets for the World\u2019s largest jackpots\"},\"image\":{\"@id\":\"https:\/\/redfoxlotto.com\/sv\/#\/schema\/logo\/image\/\"}}]}<\/script>\n<!-- \/ Yoast SEO plugin. -->","yoast_head_json":{"title":"SuperEnalotto senaste vinnande nummer","description":"Hitta de senaste resultaten och vinnande numren f\u00f6r Superenalotto h\u00e4r p\u00e5 RedFoxLotto, d\u00e4r du ocks\u00e5 kan f\u00e5 dina lotter","robots":{"index":"index","follow":"follow","max-snippet":"max-snippet:-1","max-image-preview":"max-image-preview:large","max-video-preview":"max-video-preview:-1"},"canonical":"https:\/\/redfoxlotto.com\/sv\/resultaten\/superenalotto\/","og_locale":"sv_SE","og_type":"article","og_title":"SuperEnalotto senaste vinnande nummer","og_description":"Hitta de senaste resultaten och vinnande numren f\u00f6r Superenalotto h\u00e4r p\u00e5 RedFoxLotto, d\u00e4r du ocks\u00e5 kan f\u00e5 dina lotter","og_url":"https:\/\/redfoxlotto.com\/sv\/resultaten\/superenalotto\/","og_site_name":"Get Tickets for the World\u2019s largest jackpots","article_modified_time":"2026-01-11T10:21:50+00:00","og_image":[{"url":"https:\/\/content.redfoxlotto.com\/uploads\/sites\/9\/1_results_check_lottery.jpg"}],"twitter_card":"summary_large_image","twitter_misc":{"Ber\u00e4knad l\u00e4stid":"1 minut"},"schema":{"@context":"https:\/\/schema.org","@graph":[{"@type":"WebPage","@id":"https:\/\/redfoxlotto.com\/sv\/resultaten\/superenalotto\/","url":"https:\/\/redfoxlotto.com\/sv\/resultaten\/superenalotto\/","name":"SuperEnalotto senaste vinnande nummer","isPartOf":{"@id":"https:\/\/redfoxlotto.com\/sv\/#website"},"primaryImageOfPage":{"@id":"https:\/\/redfoxlotto.com\/sv\/resultaten\/superenalotto\/#primaryimage"},"image":{"@id":"https:\/\/redfoxlotto.com\/sv\/resultaten\/superenalotto\/#primaryimage"},"thumbnailUrl":"https:\/\/content.redfoxlotto.com\/uploads\/sites\/9\/1_results_check_lottery.jpg","datePublished":"2018-11-18T08:54:25+00:00","dateModified":"2026-01-11T10:21:50+00:00","description":"Hitta de senaste resultaten och vinnande numren f\u00f6r Superenalotto h\u00e4r p\u00e5 RedFoxLotto, d\u00e4r du ocks\u00e5 kan f\u00e5 dina lotter","breadcrumb":{"@id":"https:\/\/redfoxlotto.com\/sv\/resultaten\/superenalotto\/#breadcrumb"},"inLanguage":"sv-SE","potentialAction":[{"@type":"ReadAction","target":["https:\/\/redfoxlotto.com\/sv\/resultaten\/superenalotto\/"]}]},{"@type":"ImageObject","inLanguage":"sv-SE","@id":"https:\/\/redfoxlotto.com\/sv\/resultaten\/superenalotto\/#primaryimage","url":"https:\/\/content.redfoxlotto.com\/uploads\/sites\/9\/1_results_check_lottery.jpg","contentUrl":"https:\/\/content.redfoxlotto.com\/uploads\/sites\/9\/1_results_check_lottery.jpg"},{"@type":"BreadcrumbList","@id":"https:\/\/redfoxlotto.com\/sv\/resultaten\/superenalotto\/#breadcrumb","itemListElement":[{"@type":"ListItem","position":1,"name":"Home","item":"https:\/\/redfoxlotto.com\/sv\/"},{"@type":"ListItem","position":2,"name":"Internationellt lotteri Resultat","item":"https:\/\/redfoxlotto.com\/sv\/resultaten\/"},{"@type":"ListItem","position":3,"name":"SuperEnaLotto-resultat"}]},{"@type":"WebSite","@id":"https:\/\/redfoxlotto.com\/sv\/#website","url":"https:\/\/redfoxlotto.com\/sv\/","name":"Get Tickets for the World\u2019s largest jackpots","description":"Participate in worldwide lottery jackpots from any country","publisher":{"@id":"https:\/\/redfoxlotto.com\/sv\/#organization"},"potentialAction":[{"@type":"SearchAction","target":{"@type":"EntryPoint","urlTemplate":"https:\/\/redfoxlotto.com\/sv\/?s={search_term_string}"},"query-input":{"@type":"PropertyValueSpecification","valueRequired":true,"valueName":"search_term_string"}}],"inLanguage":"sv-SE"},{"@type":"Organization","@id":"https:\/\/redfoxlotto.com\/sv\/#organization","name":"Get Tickets for the World\u2019s largest jackpots","url":"https:\/\/redfoxlotto.com\/sv\/","logo":{"@type":"ImageObject","inLanguage":"sv-SE","@id":"https:\/\/redfoxlotto.com\/sv\/#\/schema\/logo\/image\/","url":"https:\/\/redfoxlotto.com\/wp-content\/uploads\/2023\/04\/logo.png","contentUrl":"https:\/\/redfoxlotto.com\/wp-content\/uploads\/2023\/04\/logo.png","width":269,"height":53,"caption":"Get Tickets for the World\u2019s largest jackpots"},"image":{"@id":"https:\/\/redfoxlotto.com\/sv\/#\/schema\/logo\/image\/"}}]}},"_links":{"self":[{"href":"https:\/\/redfoxlotto.com\/sv\/wp-json\/wp\/v2\/pages\/5107","targetHints":{"allow":["GET"]}}],"collection":[{"href":"https:\/\/redfoxlotto.com\/sv\/wp-json\/wp\/v2\/pages"}],"about":[{"href":"https:\/\/redfoxlotto.com\/sv\/wp-json\/wp\/v2\/types\/page"}],"author":[{"embeddable":true,"href":"https:\/\/redfoxlotto.com\/sv\/wp-json\/wp\/v2\/users\/1"}],"replies":[{"embeddable":true,"href":"https:\/\/redfoxlotto.com\/sv\/wp-json\/wp\/v2\/comments?post=5107"}],"version-history":[{"count":0,"href":"https:\/\/redfoxlotto.com\/sv\/wp-json\/wp\/v2\/pages\/5107\/revisions"}],"up":[{"embeddable":true,"href":"https:\/\/redfoxlotto.com\/sv\/wp-json\/wp\/v2\/pages\/5102"}],"wp:attachment":[{"href":"https:\/\/redfoxlotto.com\/sv\/wp-json\/wp\/v2\/media?parent=5107"}],"curies":[{"name":"wp","href":"https:\/\/api.w.org\/{rel}","templated":true}]}}