{"id":5105,"date":"2018-11-18T08:54:25","date_gmt":"2018-11-18T08:54:25","guid":{"rendered":"https:\/\/redfoxlotto.com\/?page_id=1748"},"modified":"2025-12-18T07:07:09","modified_gmt":"2025-12-18T07:07:09","slug":"mega-millions","status":"publish","type":"page","link":"https:\/\/redfoxlotto.com\/sv\/resultaten\/mega-millions\/","title":{"rendered":"Mega Millions-resultat"},"content":{"rendered":"<p><script type=\"application\/ld+json\">\n{\n  \"@context\": \"https:\/\/schema.org\",\n  \"@type\": \"Service\",\n  \"name\": \"Kontrollera Mega Millions-resultat online\",\n  \"url\": \"https:\/\/redfoxlotto.com\/sv\/resultaten\/mega-millions\/\",\n  \"description\": \"Bes\u00f6k RedFoxLotto f\u00f6r att kontrollera de senaste Mega Millions-resultaten och v\u00e5rt lotteriresultatarkiv.\",\n  \"serviceType\": \"V\u00e4rldsomsp\u00e4nnande arkiv f\u00f6r lotteriresultat\",<\/p>\n<p>  \"provider\": {\n    \"@type\": \"Organization\",\n    \"name\": \"RedFoxLotto\",\n    \"url\": \"https:\/\/redfoxlotto.com\/sv\/\",\n    \"image\": \"https:\/\/redfoxlotto.com\/wp-content\/uploads\/2025\/12\/ticket_scans.jpg\",\n    \"sameAs\": []\n  },<\/p>\n<p>  \"areaServed\": \"Worldwide\",\n  \"termsOfService\": \"https:\/\/redfoxlotto.com\/sv\/terms-and-conditions\/\",\n  \"additionalProperty\": {\n    \"@type\": \"PropertyValue\",\n    \"name\": \"FAQ\",\n    \"value\": \"https:\/\/redfoxlotto.com\/sv\/faq\/\"\n  },<\/p>\n<p>  \"hasOfferCatalog\": {\n    \"@type\": \"OfferCatalog\",\n    \"name\": \"Mega Millions-resultat\",\n    \"itemListElement\": [\n      {\n        \"@type\": \"Offer\",\n        \"name\": \"Mega Millions-resultat\",\n        \"url\": \"https:\/\/redfoxlotto.com\/sv\/resultaten\/mega-millions\/\",\n        \"description\": \"Hitta de senaste och historiska Mega Millions-resultaten h\u00e4r.\",\n        \"price\": \"13.00\",\n        \"priceCurrency\": \"EUR\",\n        \"availability\": \"https:\/\/schema.org\/InStock\",\n        \"itemOffered\": {\n          \"@type\": \"Service\",\n          \"name\": \"Mega Millions-resultat\",\n          \"description\": \"Mega Millions dragna nummer online, senaste och \u00e4ldre resultat.\"\n        }\n      }\n    ]\n  },<\/p>\n<p>  \"mainEntityOfPage\": {\n    \"@type\": \"WebPage\",\n    \"@id\": \"https:\/\/redfoxlotto.com\/sv\/resultaten\/mega-millions\/\"\n  }\n}\n<\/script><br \/>\nLetar du efter de sista dragresultaten fr\u00e5n Mega Millions USA? H\u00e4r kan du hitta dem, liksom ett arkiv med numren p\u00e5 de tidigare Dragningarna.<\/p>\n<p>Att vinna <a href=\"https:\/\/redfoxlotto.com\/sv\/lotteri\/megamillions\/\">Mega Millions Jackpot<\/a> \u00e4r dr\u00f6mmen f\u00f6r varje lotterispelare, och bel\u00f6ningen kan ofta vara hundratals miljoner dollar!<\/p>\n<p><!--more--><\/p>\n<h2>Mega Millions Jackpot<\/h2>\n<p><img loading=\"lazy\" decoding=\"async\" class=\" wp-image alignright\" src=\"https:\/\/content.redfoxlotto.com\/uploads\/sites\/9\/1_results_mega_millions.jpg\" alt=\"lotteriresultat\" width=\"222\" height=\"222\" \/><\/p>\n<p>Minsta jackpotten i Mega Millions-lotteriet \u00e4r $ 40 miljoner. Jackpotten \u00e4r inte begr\u00e4nsad i storlek. Stora summor kan ackumuleras h\u00e4r p\u00e5 kort tid. Den h\u00f6gsta jackpotten Mega Millions har n\u00e5gonsin n\u00e5tt uppg\u00e5r till \u00f6ver 1,5 miljarder!<\/p>\n<p><strong><a href=\"https:\/\/redfoxlotto.com\/sv\/spela\/mega-millions\/\">Spela Mega Millions online<\/a>!<\/strong><\/p>\n<h2>Mega Millions prisniv\u00e5er<\/h2>\n<p>Fr\u00e5n v\u00e5rt bord kan du ocks\u00e5 se de tillg\u00e4ngliga prisniv\u00e5erna och vinstbeloppet.<\/p>\n<h2>De flesta och minst dragna siffrorna<\/h2>\n<p><img decoding=\"async\" class=\"size-full wp-image alignright\" src=\"https:\/\/content.redfoxlotto.com\/uploads\/sites\/9\/1_lottery_winner_is2.jpg\" alt=\"Mega Millions jackpot\" \/><br \/>\nV\u00e5rt arkiv kan ocks\u00e5 vara till hj\u00e4lp om du vill hitta nummer med b\u00e4ttre chanser. H\u00e4r \u00e4r de &#8221;heta&#8221; siffrorna f\u00f6r Mega Millions Lotto:<br \/>\nNummer 29, 4, 48 och 36 \u00e4r de nummer som oftast dras vid Mega Millions. Antalet 48 har dragits mer \u00e4n 80 g\u00e5nger sedan 2005. De mest popul\u00e4ra MegaBall-numren var 35, 9, 36 och 7.<\/p>\n","protected":false},"excerpt":{"rendered":"<p>Letar du efter de sista dragresultaten fr\u00e5n Mega Millions USA? H\u00e4r kan du hitta dem, liksom ett arkiv med numren p\u00e5 de tidigare Dragningarna. Att vinna Mega Millions Jackpot \u00e4r dr\u00f6mmen f\u00f6r varje lotterispelare, och bel\u00f6ningen kan ofta vara hundratals miljoner dollar!<\/p>\n","protected":false},"author":1,"featured_media":0,"parent":5102,"menu_order":2,"comment_status":"closed","ping_status":"closed","template":"megamillion-results.php","meta":{"_et_pb_use_builder":"","_et_pb_old_content":"","_et_gb_content_width":"","exclude_from_search":false,"footnotes":""},"class_list":["post-5105","page","type-page","status-publish","hentry"],"yoast_head":"<!-- This site is optimized with the Yoast SEO plugin v23.8 - https:\/\/yoast.com\/wordpress\/plugins\/seo\/ -->\n<title>Mega Millions Vinnande nummer och resultat<\/title>\n<meta name=\"description\" content=\"Kolla de vinnande siffrorna p\u00e5 v\u00e5r Mega Millions resultatsida med v\u00e5rt arkiv av tidigare dragningar\" \/>\n<meta name=\"robots\" content=\"index, follow, max-snippet:-1, max-image-preview:large, max-video-preview:-1\" \/>\n<link rel=\"canonical\" href=\"https:\/\/redfoxlotto.com\/sv\/results\/mega-millions\/\" \/>\n<meta property=\"og:locale\" content=\"sv_SE\" \/>\n<meta property=\"og:type\" content=\"article\" \/>\n<meta property=\"og:title\" content=\"Mega Millions Vinnande nummer och resultat\" \/>\n<meta property=\"og:description\" content=\"Kolla de vinnande siffrorna p\u00e5 v\u00e5r Mega Millions resultatsida med v\u00e5rt arkiv av tidigare dragningar\" \/>\n<meta property=\"og:url\" content=\"https:\/\/redfoxlotto.com\/results\/mega-millions\/\" \/>\n<meta property=\"og:site_name\" content=\"Get Tickets for the World\u2019s largest jackpots\" \/>\n<meta property=\"article:modified_time\" content=\"2025-12-18T07:07:09+00:00\" \/>\n<meta property=\"og:image\" content=\"https:\/\/content.redfoxlotto.com\/uploads\/sites\/9\/1_results_mega_millions.jpg\" \/>\n<meta name=\"twitter:card\" content=\"summary_large_image\" \/>\n<meta name=\"twitter:label1\" content=\"Ber\u00e4knad l\u00e4stid\" \/>\n\t<meta name=\"twitter:data1\" content=\"2 minuter\" \/>\n<script type=\"application\/ld+json\" class=\"yoast-schema-graph\">{\"@context\":\"https:\/\/schema.org\",\"@graph\":[{\"@type\":\"WebPage\",\"@id\":\"https:\/\/redfoxlotto.com\/sv\/resultaten\/mega-millions\/\",\"url\":\"https:\/\/redfoxlotto.com\/results\/mega-millions\/\",\"name\":\"Mega Millions Vinnande nummer och resultat\",\"isPartOf\":{\"@id\":\"https:\/\/redfoxlotto.com\/sv\/#website\"},\"primaryImageOfPage\":{\"@id\":\"https:\/\/redfoxlotto.com\/results\/mega-millions\/#primaryimage\"},\"image\":{\"@id\":\"https:\/\/redfoxlotto.com\/results\/mega-millions\/#primaryimage\"},\"thumbnailUrl\":\"https:\/\/content.redfoxlotto.com\/uploads\/sites\/9\/1_results_mega_millions.jpg\",\"datePublished\":\"2018-11-18T08:54:25+00:00\",\"dateModified\":\"2025-12-18T07:07:09+00:00\",\"description\":\"Kolla de vinnande siffrorna p\u00e5 v\u00e5r Mega Millions resultatsida med v\u00e5rt arkiv av tidigare dragningar\",\"breadcrumb\":{\"@id\":\"https:\/\/redfoxlotto.com\/results\/mega-millions\/#breadcrumb\"},\"inLanguage\":\"sv-SE\",\"potentialAction\":[{\"@type\":\"ReadAction\",\"target\":[\"https:\/\/redfoxlotto.com\/results\/mega-millions\/\"]}]},{\"@type\":\"ImageObject\",\"inLanguage\":\"sv-SE\",\"@id\":\"https:\/\/redfoxlotto.com\/results\/mega-millions\/#primaryimage\",\"url\":\"https:\/\/content.redfoxlotto.com\/uploads\/sites\/9\/1_results_mega_millions.jpg\",\"contentUrl\":\"https:\/\/content.redfoxlotto.com\/uploads\/sites\/9\/1_results_mega_millions.jpg\"},{\"@type\":\"BreadcrumbList\",\"@id\":\"https:\/\/redfoxlotto.com\/results\/mega-millions\/#breadcrumb\",\"itemListElement\":[{\"@type\":\"ListItem\",\"position\":1,\"name\":\"Home\",\"item\":\"https:\/\/redfoxlotto.com\/sv\/\"},{\"@type\":\"ListItem\",\"position\":2,\"name\":\"Internationellt lotteri Resultat\",\"item\":\"https:\/\/redfoxlotto.com\/sv\/resultaten\/\"},{\"@type\":\"ListItem\",\"position\":3,\"name\":\"Mega Millions-resultat\"}]},{\"@type\":\"WebSite\",\"@id\":\"https:\/\/redfoxlotto.com\/sv\/#website\",\"url\":\"https:\/\/redfoxlotto.com\/sv\/\",\"name\":\"Get Tickets for the World\u2019s largest jackpots\",\"description\":\"Participate in worldwide lottery jackpots from any country\",\"publisher\":{\"@id\":\"https:\/\/redfoxlotto.com\/sv\/#organization\"},\"potentialAction\":[{\"@type\":\"SearchAction\",\"target\":{\"@type\":\"EntryPoint\",\"urlTemplate\":\"https:\/\/redfoxlotto.com\/sv\/?s={search_term_string}\"},\"query-input\":{\"@type\":\"PropertyValueSpecification\",\"valueRequired\":true,\"valueName\":\"search_term_string\"}}],\"inLanguage\":\"sv-SE\"},{\"@type\":\"Organization\",\"@id\":\"https:\/\/redfoxlotto.com\/sv\/#organization\",\"name\":\"Get Tickets for the World\u2019s largest jackpots\",\"url\":\"https:\/\/redfoxlotto.com\/sv\/\",\"logo\":{\"@type\":\"ImageObject\",\"inLanguage\":\"sv-SE\",\"@id\":\"https:\/\/redfoxlotto.com\/sv\/#\/schema\/logo\/image\/\",\"url\":\"https:\/\/redfoxlotto.com\/wp-content\/uploads\/2023\/04\/logo.png\",\"contentUrl\":\"https:\/\/redfoxlotto.com\/wp-content\/uploads\/2023\/04\/logo.png\",\"width\":269,\"height\":53,\"caption\":\"Get Tickets for the World\u2019s largest jackpots\"},\"image\":{\"@id\":\"https:\/\/redfoxlotto.com\/sv\/#\/schema\/logo\/image\/\"}}]}<\/script>\n<!-- \/ Yoast SEO plugin. -->","yoast_head_json":{"title":"Mega Millions Vinnande nummer och resultat","description":"Kolla de vinnande siffrorna p\u00e5 v\u00e5r Mega Millions resultatsida med v\u00e5rt arkiv av tidigare dragningar","robots":{"index":"index","follow":"follow","max-snippet":"max-snippet:-1","max-image-preview":"max-image-preview:large","max-video-preview":"max-video-preview:-1"},"canonical":"https:\/\/redfoxlotto.com\/sv\/results\/mega-millions\/","og_locale":"sv_SE","og_type":"article","og_title":"Mega Millions Vinnande nummer och resultat","og_description":"Kolla de vinnande siffrorna p\u00e5 v\u00e5r Mega Millions resultatsida med v\u00e5rt arkiv av tidigare dragningar","og_url":"https:\/\/redfoxlotto.com\/results\/mega-millions\/","og_site_name":"Get Tickets for the World\u2019s largest jackpots","article_modified_time":"2025-12-18T07:07:09+00:00","og_image":[{"url":"https:\/\/content.redfoxlotto.com\/uploads\/sites\/9\/1_results_mega_millions.jpg"}],"twitter_card":"summary_large_image","twitter_misc":{"Ber\u00e4knad l\u00e4stid":"2 minuter"},"schema":{"@context":"https:\/\/schema.org","@graph":[{"@type":"WebPage","@id":"https:\/\/redfoxlotto.com\/sv\/resultaten\/mega-millions\/","url":"https:\/\/redfoxlotto.com\/results\/mega-millions\/","name":"Mega Millions Vinnande nummer och resultat","isPartOf":{"@id":"https:\/\/redfoxlotto.com\/sv\/#website"},"primaryImageOfPage":{"@id":"https:\/\/redfoxlotto.com\/results\/mega-millions\/#primaryimage"},"image":{"@id":"https:\/\/redfoxlotto.com\/results\/mega-millions\/#primaryimage"},"thumbnailUrl":"https:\/\/content.redfoxlotto.com\/uploads\/sites\/9\/1_results_mega_millions.jpg","datePublished":"2018-11-18T08:54:25+00:00","dateModified":"2025-12-18T07:07:09+00:00","description":"Kolla de vinnande siffrorna p\u00e5 v\u00e5r Mega Millions resultatsida med v\u00e5rt arkiv av tidigare dragningar","breadcrumb":{"@id":"https:\/\/redfoxlotto.com\/results\/mega-millions\/#breadcrumb"},"inLanguage":"sv-SE","potentialAction":[{"@type":"ReadAction","target":["https:\/\/redfoxlotto.com\/results\/mega-millions\/"]}]},{"@type":"ImageObject","inLanguage":"sv-SE","@id":"https:\/\/redfoxlotto.com\/results\/mega-millions\/#primaryimage","url":"https:\/\/content.redfoxlotto.com\/uploads\/sites\/9\/1_results_mega_millions.jpg","contentUrl":"https:\/\/content.redfoxlotto.com\/uploads\/sites\/9\/1_results_mega_millions.jpg"},{"@type":"BreadcrumbList","@id":"https:\/\/redfoxlotto.com\/results\/mega-millions\/#breadcrumb","itemListElement":[{"@type":"ListItem","position":1,"name":"Home","item":"https:\/\/redfoxlotto.com\/sv\/"},{"@type":"ListItem","position":2,"name":"Internationellt lotteri Resultat","item":"https:\/\/redfoxlotto.com\/sv\/resultaten\/"},{"@type":"ListItem","position":3,"name":"Mega Millions-resultat"}]},{"@type":"WebSite","@id":"https:\/\/redfoxlotto.com\/sv\/#website","url":"https:\/\/redfoxlotto.com\/sv\/","name":"Get Tickets for the World\u2019s largest jackpots","description":"Participate in worldwide lottery jackpots from any country","publisher":{"@id":"https:\/\/redfoxlotto.com\/sv\/#organization"},"potentialAction":[{"@type":"SearchAction","target":{"@type":"EntryPoint","urlTemplate":"https:\/\/redfoxlotto.com\/sv\/?s={search_term_string}"},"query-input":{"@type":"PropertyValueSpecification","valueRequired":true,"valueName":"search_term_string"}}],"inLanguage":"sv-SE"},{"@type":"Organization","@id":"https:\/\/redfoxlotto.com\/sv\/#organization","name":"Get Tickets for the World\u2019s largest jackpots","url":"https:\/\/redfoxlotto.com\/sv\/","logo":{"@type":"ImageObject","inLanguage":"sv-SE","@id":"https:\/\/redfoxlotto.com\/sv\/#\/schema\/logo\/image\/","url":"https:\/\/redfoxlotto.com\/wp-content\/uploads\/2023\/04\/logo.png","contentUrl":"https:\/\/redfoxlotto.com\/wp-content\/uploads\/2023\/04\/logo.png","width":269,"height":53,"caption":"Get Tickets for the World\u2019s largest jackpots"},"image":{"@id":"https:\/\/redfoxlotto.com\/sv\/#\/schema\/logo\/image\/"}}]}},"_links":{"self":[{"href":"https:\/\/redfoxlotto.com\/sv\/wp-json\/wp\/v2\/pages\/5105","targetHints":{"allow":["GET"]}}],"collection":[{"href":"https:\/\/redfoxlotto.com\/sv\/wp-json\/wp\/v2\/pages"}],"about":[{"href":"https:\/\/redfoxlotto.com\/sv\/wp-json\/wp\/v2\/types\/page"}],"author":[{"embeddable":true,"href":"https:\/\/redfoxlotto.com\/sv\/wp-json\/wp\/v2\/users\/1"}],"replies":[{"embeddable":true,"href":"https:\/\/redfoxlotto.com\/sv\/wp-json\/wp\/v2\/comments?post=5105"}],"version-history":[{"count":0,"href":"https:\/\/redfoxlotto.com\/sv\/wp-json\/wp\/v2\/pages\/5105\/revisions"}],"up":[{"embeddable":true,"href":"https:\/\/redfoxlotto.com\/sv\/wp-json\/wp\/v2\/pages\/5102"}],"wp:attachment":[{"href":"https:\/\/redfoxlotto.com\/sv\/wp-json\/wp\/v2\/media?parent=5105"}],"curies":[{"name":"wp","href":"https:\/\/api.w.org\/{rel}","templated":true}]}}