{"id":5102,"date":"2023-04-24T14:13:24","date_gmt":"2023-04-24T14:13:24","guid":{"rendered":"https:\/\/redfoxlotto.com\/?page_id=1741"},"modified":"2025-12-18T09:02:07","modified_gmt":"2025-12-18T09:02:07","slug":"resultaten","status":"publish","type":"page","link":"https:\/\/redfoxlotto.com\/sv\/resultaten\/","title":{"rendered":"Internationellt lotteri Resultat"},"content":{"rendered":"<p><script type=\"application\/ld+json\">\n{\n  \"@context\": \"https:\/\/schema.org\",\n  \"@type\": \"Service\",\n  \"name\": \"Kontrollera internationella lotteridragningar online\",\n  \"url\": \"https:\/\/redfoxlotto.com\/sv\/resultaten\/powerball\",\n  \"description\": \"Bes\u00f6k RedFoxLotto f\u00f6r att kontrollera de senaste resultaten fr\u00e5n v\u00e4rldens st\u00f6rsta lotterier.\",\n  \"serviceType\": \"V\u00e4rldsomfattande arkiv \u00f6ver lotteriresultat\",<\/p>\n<p>  \"provider\": {\n    \"@type\": \"Organization\",\n    \"name\": \"RedFoxLotto\",\n    \"url\": \"https:\/\/redfoxlotto.com\/sv\/\",\n    \"image\": \"https:\/\/redfoxlotto.com\/wp-content\/uploads\/2025\/12\/ticket_scans.jpg\",\n    \"sameAs\": []\n  },<\/p>\n<p>  \"areaServed\": \"Worldwide\",\n  \"termsOfService\": \"https:\/\/redfoxlotto.com\/terms-and-conditions\",<\/p>\n<p>  \"additionalProperty\": {\n    \"@type\": \"PropertyValue\",\n    \"name\": \"Vanliga fr\u00e5gor\",\n    \"value\": \"https:\/\/redfoxlotto.com\/sv\/faq\/\"\n  },<\/p>\n<p>  \"hasOfferCatalog\": {\n    \"@type\": \"OfferCatalog\",\n    \"name\": \"V\u00e4rldsomfattande lotteriresultat\",\n    \"itemListElement\": [\n      {\n        \"@type\": \"Offer\",\n        \"name\": \"Powerball-lott\",\n        \"url\": \"https:\/\/redfoxlotto.com\/sv\/resultaten\/\",\n        \"description\": \"Hitta de senaste och historiska resultaten f\u00f6r v\u00e4rldens st\u00f6rsta lotterier h\u00e4r\",\n        \"itemOffered\": {\n          \"@type\": \"Service\",\n          \"name\": \"Internationella lotteriresultat\",\n          \"description\": \"Dragna nummer online f\u00f6r de st\u00f6rsta lotterierna, senaste och \u00e4ldre resultat.\"\n        }\n      }\n    ]\n  },<\/p>\n<p>  \"mainEntityOfPage\": {\n    \"@type\": \"WebPage\",\n    \"@id\": \"https:\/\/redfoxlotto.com\/sv\/resultaten\/\"\n  }\n}\n<\/script><\/p>\n<p>H\u00e4r, vecka f\u00f6r vecka, publicerar vi de senaste vinnande numren fr\u00e5n alla internationella lotterier f\u00f6r vilka du kan k\u00f6pa lotter fr\u00e5n oss.<!--more--><\/p>\n<p><strong>Siffrorna och resultat kommer fr\u00e5n de officiella lotterioperat\u00f6rerna.<\/strong> De kommer att publiceras h\u00e4r omedelbart efter dragningen. P\u00e5 s\u00e5 s\u00e4tt kan du snabbt j\u00e4mf\u00f6ra dina lotter med de vinnande siffrorna och se om du har vunnit. Du kan ocks\u00e5 se m\u00e4ngden vinster som motsvarar respektive prisniv\u00e5 genom att klicka p\u00e5 lotteriets namn.<\/p>\n<p><img loading=\"lazy\" decoding=\"async\" class=\" wp-image alignright\" src=\"https:\/\/content.redfoxlotto.com\/uploads\/sites\/9\/1_winning_lottery_numbers.jpg\" alt=\"vinnande nummer internationella lotterier\" width=\"254\" height=\"254\" \/><\/p>\n<p>Detta kommer ocks\u00e5 att s\u00e4ga dig om den senaste jackpotten vann eller inte. Vi visar \u00e4ven dragnumren f\u00f6r de senaste veckorna.<\/p>\n<p>Naturligtvis, om du vill, kan du anv\u00e4nda den h\u00e4r informationen om de internationella lotterierna f\u00f6r att v\u00e4lja siffrorna f\u00f6r dina n\u00e4sta lotteri.<\/p>\n<h2>Varma och kalla siffror<\/h2>\n<p>En \u00f6versikt med siffrorna &#8221;heta&#8221; (oftast ritade under de senaste veckorna) och &#8221;kalla&#8221; (minst tecknade de senaste veckorna) \u00e4r de senaste veckorna tillg\u00e4ngliga f\u00f6r dig. M\u00e5nga spelare anv\u00e4nder denna information f\u00f6r att v\u00e4lja sina vinnande nummer. Detta \u00e4r en strategi som lovar att bli framg\u00e5ngsrik.<br \/>\n<img loading=\"lazy\" decoding=\"async\" class=\" wp-image alignright\" src=\"https:\/\/content.redfoxlotto.com\/uploads\/sites\/9\/1_lotto_draw_results.jpg\" alt=\"resultatlotteri\" width=\"288\" height=\"193\" \/><br \/>\n<strong>P\u00e5 samma s\u00e4tt kan du anv\u00e4nda vinnande nummer fr\u00e5n den senaste veckan eller veckorna f\u00f6r att skapa nya kombinationer f\u00f6r din n\u00e4sta lott<\/strong>. Ett exempel skulle vara att anv\u00e4nda det f\u00f6rsta numret i det senaste <a href=\"https:\/\/redfoxlotto.com\/sv\/resultaten\/mega-millions\/\">Mega Millions-draget<\/a>, det andra numret fr\u00e5n <a href=\"https:\/\/redfoxlotto.com\/sv\/resultaten\/euromillions\/\">resultaten fr\u00e5n Euromillions<\/a> och det tredje numret av Eurojackpot och s\u00e5 vidare.<\/p>\n","protected":false},"excerpt":{"rendered":"<p>H\u00e4r, vecka f\u00f6r vecka, publicerar vi de senaste vinnande numren fr\u00e5n alla internationella lotterier f\u00f6r vilka du kan k\u00f6pa lotter fr\u00e5n oss.<\/p>\n","protected":false},"author":1,"featured_media":0,"parent":0,"menu_order":4,"comment_status":"closed","ping_status":"closed","template":"Results.php","meta":{"_et_pb_use_builder":"","_et_pb_old_content":"","_et_gb_content_width":"","exclude_from_search":false,"footnotes":""},"class_list":["post-5102","page","type-page","status-publish","hentry"],"yoast_head":"<!-- This site is optimized with the Yoast SEO plugin v27.3 - https:\/\/yoast.com\/product\/yoast-seo-wordpress\/ -->\n<title>Vinnande nummer och resultat av internationella lotterier<\/title>\n<meta name=\"description\" content=\"Vann din lott? Hitta resultat och vinnande nummer f\u00f6r internationella lotterier h\u00e4r\" \/>\n<meta name=\"robots\" content=\"index, follow, max-snippet:-1, max-image-preview:large, max-video-preview:-1\" \/>\n<link rel=\"canonical\" href=\"https:\/\/redfoxlotto.com\/sv\/resultaten\/\" \/>\n<meta property=\"og:locale\" content=\"sv_SE\" \/>\n<meta property=\"og:type\" content=\"article\" \/>\n<meta property=\"og:title\" content=\"Vinnande nummer och resultat av internationella lotterier\" \/>\n<meta property=\"og:description\" content=\"Vann din lott? Hitta resultat och vinnande nummer f\u00f6r internationella lotterier h\u00e4r\" \/>\n<meta property=\"og:url\" content=\"https:\/\/redfoxlotto.com\/sv\/resultaten\/\" \/>\n<meta property=\"og:site_name\" content=\"Get Tickets for the World\u2019s largest jackpots\" \/>\n<meta property=\"article:modified_time\" content=\"2025-12-18T09:02:07+00:00\" \/>\n<meta property=\"og:image\" content=\"https:\/\/content.redfoxlotto.com\/uploads\/sites\/9\/1_winning_lottery_numbers.jpg\" \/>\n<meta name=\"twitter:card\" content=\"summary_large_image\" \/>\n<meta name=\"twitter:label1\" content=\"Ber\u00e4knad l\u00e4stid\" \/>\n\t<meta name=\"twitter:data1\" content=\"2 minuter\" \/>\n<script type=\"application\/ld+json\" class=\"yoast-schema-graph\">{\"@context\":\"https:\\\/\\\/schema.org\",\"@graph\":[{\"@type\":\"WebPage\",\"@id\":\"https:\\\/\\\/redfoxlotto.com\\\/sv\\\/resultaten\\\/\",\"url\":\"https:\\\/\\\/redfoxlotto.com\\\/sv\\\/resultaten\\\/\",\"name\":\"Vinnande nummer och resultat av internationella lotterier\",\"isPartOf\":{\"@id\":\"https:\\\/\\\/redfoxlotto.com\\\/sv\\\/#website\"},\"primaryImageOfPage\":{\"@id\":\"https:\\\/\\\/redfoxlotto.com\\\/sv\\\/resultaten\\\/#primaryimage\"},\"image\":{\"@id\":\"https:\\\/\\\/redfoxlotto.com\\\/sv\\\/resultaten\\\/#primaryimage\"},\"thumbnailUrl\":\"https:\\\/\\\/content.redfoxlotto.com\\\/uploads\\\/sites\\\/9\\\/1_winning_lottery_numbers.jpg\",\"datePublished\":\"2023-04-24T14:13:24+00:00\",\"dateModified\":\"2025-12-18T09:02:07+00:00\",\"description\":\"Vann din lott? Hitta resultat och vinnande nummer f\u00f6r internationella lotterier h\u00e4r\",\"breadcrumb\":{\"@id\":\"https:\\\/\\\/redfoxlotto.com\\\/sv\\\/resultaten\\\/#breadcrumb\"},\"inLanguage\":\"sv-SE\",\"potentialAction\":[{\"@type\":\"ReadAction\",\"target\":[\"https:\\\/\\\/redfoxlotto.com\\\/sv\\\/resultaten\\\/\"]}]},{\"@type\":\"ImageObject\",\"inLanguage\":\"sv-SE\",\"@id\":\"https:\\\/\\\/redfoxlotto.com\\\/sv\\\/resultaten\\\/#primaryimage\",\"url\":\"https:\\\/\\\/content.redfoxlotto.com\\\/uploads\\\/sites\\\/9\\\/1_winning_lottery_numbers.jpg\",\"contentUrl\":\"https:\\\/\\\/content.redfoxlotto.com\\\/uploads\\\/sites\\\/9\\\/1_winning_lottery_numbers.jpg\"},{\"@type\":\"BreadcrumbList\",\"@id\":\"https:\\\/\\\/redfoxlotto.com\\\/sv\\\/resultaten\\\/#breadcrumb\",\"itemListElement\":[{\"@type\":\"ListItem\",\"position\":1,\"name\":\"Home\",\"item\":\"https:\\\/\\\/redfoxlotto.com\\\/sv\\\/\"},{\"@type\":\"ListItem\",\"position\":2,\"name\":\"Internationellt lotteri Resultat\"}]},{\"@type\":\"WebSite\",\"@id\":\"https:\\\/\\\/redfoxlotto.com\\\/sv\\\/#website\",\"url\":\"https:\\\/\\\/redfoxlotto.com\\\/sv\\\/\",\"name\":\"Get Tickets for the World\u2019s largest jackpots\",\"description\":\"Participate in worldwide lottery jackpots from any country\",\"publisher\":{\"@id\":\"https:\\\/\\\/redfoxlotto.com\\\/sv\\\/#organization\"},\"potentialAction\":[{\"@type\":\"SearchAction\",\"target\":{\"@type\":\"EntryPoint\",\"urlTemplate\":\"https:\\\/\\\/redfoxlotto.com\\\/sv\\\/?s={search_term_string}\"},\"query-input\":{\"@type\":\"PropertyValueSpecification\",\"valueRequired\":true,\"valueName\":\"search_term_string\"}}],\"inLanguage\":\"sv-SE\"},{\"@type\":\"Organization\",\"@id\":\"https:\\\/\\\/redfoxlotto.com\\\/sv\\\/#organization\",\"name\":\"Get Tickets for the World\u2019s largest jackpots\",\"url\":\"https:\\\/\\\/redfoxlotto.com\\\/sv\\\/\",\"logo\":{\"@type\":\"ImageObject\",\"inLanguage\":\"sv-SE\",\"@id\":\"https:\\\/\\\/redfoxlotto.com\\\/sv\\\/#\\\/schema\\\/logo\\\/image\\\/\",\"url\":\"https:\\\/\\\/redfoxlotto.com\\\/wp-content\\\/uploads\\\/2023\\\/04\\\/logo.png\",\"contentUrl\":\"https:\\\/\\\/redfoxlotto.com\\\/wp-content\\\/uploads\\\/2023\\\/04\\\/logo.png\",\"width\":269,\"height\":53,\"caption\":\"Get Tickets for the World\u2019s largest jackpots\"},\"image\":{\"@id\":\"https:\\\/\\\/redfoxlotto.com\\\/sv\\\/#\\\/schema\\\/logo\\\/image\\\/\"}}]}<\/script>\n<!-- \/ Yoast SEO plugin. -->","yoast_head_json":{"title":"Vinnande nummer och resultat av internationella lotterier","description":"Vann din lott? Hitta resultat och vinnande nummer f\u00f6r internationella lotterier h\u00e4r","robots":{"index":"index","follow":"follow","max-snippet":"max-snippet:-1","max-image-preview":"max-image-preview:large","max-video-preview":"max-video-preview:-1"},"canonical":"https:\/\/redfoxlotto.com\/sv\/resultaten\/","og_locale":"sv_SE","og_type":"article","og_title":"Vinnande nummer och resultat av internationella lotterier","og_description":"Vann din lott? Hitta resultat och vinnande nummer f\u00f6r internationella lotterier h\u00e4r","og_url":"https:\/\/redfoxlotto.com\/sv\/resultaten\/","og_site_name":"Get Tickets for the World\u2019s largest jackpots","article_modified_time":"2025-12-18T09:02:07+00:00","og_image":[{"url":"https:\/\/content.redfoxlotto.com\/uploads\/sites\/9\/1_winning_lottery_numbers.jpg","type":"","width":"","height":""}],"twitter_card":"summary_large_image","twitter_misc":{"Ber\u00e4knad l\u00e4stid":"2 minuter"},"schema":{"@context":"https:\/\/schema.org","@graph":[{"@type":"WebPage","@id":"https:\/\/redfoxlotto.com\/sv\/resultaten\/","url":"https:\/\/redfoxlotto.com\/sv\/resultaten\/","name":"Vinnande nummer och resultat av internationella lotterier","isPartOf":{"@id":"https:\/\/redfoxlotto.com\/sv\/#website"},"primaryImageOfPage":{"@id":"https:\/\/redfoxlotto.com\/sv\/resultaten\/#primaryimage"},"image":{"@id":"https:\/\/redfoxlotto.com\/sv\/resultaten\/#primaryimage"},"thumbnailUrl":"https:\/\/content.redfoxlotto.com\/uploads\/sites\/9\/1_winning_lottery_numbers.jpg","datePublished":"2023-04-24T14:13:24+00:00","dateModified":"2025-12-18T09:02:07+00:00","description":"Vann din lott? Hitta resultat och vinnande nummer f\u00f6r internationella lotterier h\u00e4r","breadcrumb":{"@id":"https:\/\/redfoxlotto.com\/sv\/resultaten\/#breadcrumb"},"inLanguage":"sv-SE","potentialAction":[{"@type":"ReadAction","target":["https:\/\/redfoxlotto.com\/sv\/resultaten\/"]}]},{"@type":"ImageObject","inLanguage":"sv-SE","@id":"https:\/\/redfoxlotto.com\/sv\/resultaten\/#primaryimage","url":"https:\/\/content.redfoxlotto.com\/uploads\/sites\/9\/1_winning_lottery_numbers.jpg","contentUrl":"https:\/\/content.redfoxlotto.com\/uploads\/sites\/9\/1_winning_lottery_numbers.jpg"},{"@type":"BreadcrumbList","@id":"https:\/\/redfoxlotto.com\/sv\/resultaten\/#breadcrumb","itemListElement":[{"@type":"ListItem","position":1,"name":"Home","item":"https:\/\/redfoxlotto.com\/sv\/"},{"@type":"ListItem","position":2,"name":"Internationellt lotteri Resultat"}]},{"@type":"WebSite","@id":"https:\/\/redfoxlotto.com\/sv\/#website","url":"https:\/\/redfoxlotto.com\/sv\/","name":"Get Tickets for the World\u2019s largest jackpots","description":"Participate in worldwide lottery jackpots from any country","publisher":{"@id":"https:\/\/redfoxlotto.com\/sv\/#organization"},"potentialAction":[{"@type":"SearchAction","target":{"@type":"EntryPoint","urlTemplate":"https:\/\/redfoxlotto.com\/sv\/?s={search_term_string}"},"query-input":{"@type":"PropertyValueSpecification","valueRequired":true,"valueName":"search_term_string"}}],"inLanguage":"sv-SE"},{"@type":"Organization","@id":"https:\/\/redfoxlotto.com\/sv\/#organization","name":"Get Tickets for the World\u2019s largest jackpots","url":"https:\/\/redfoxlotto.com\/sv\/","logo":{"@type":"ImageObject","inLanguage":"sv-SE","@id":"https:\/\/redfoxlotto.com\/sv\/#\/schema\/logo\/image\/","url":"https:\/\/redfoxlotto.com\/wp-content\/uploads\/2023\/04\/logo.png","contentUrl":"https:\/\/redfoxlotto.com\/wp-content\/uploads\/2023\/04\/logo.png","width":269,"height":53,"caption":"Get Tickets for the World\u2019s largest jackpots"},"image":{"@id":"https:\/\/redfoxlotto.com\/sv\/#\/schema\/logo\/image\/"}}]}},"_links":{"self":[{"href":"https:\/\/redfoxlotto.com\/sv\/wp-json\/wp\/v2\/pages\/5102","targetHints":{"allow":["GET"]}}],"collection":[{"href":"https:\/\/redfoxlotto.com\/sv\/wp-json\/wp\/v2\/pages"}],"about":[{"href":"https:\/\/redfoxlotto.com\/sv\/wp-json\/wp\/v2\/types\/page"}],"author":[{"embeddable":true,"href":"https:\/\/redfoxlotto.com\/sv\/wp-json\/wp\/v2\/users\/1"}],"replies":[{"embeddable":true,"href":"https:\/\/redfoxlotto.com\/sv\/wp-json\/wp\/v2\/comments?post=5102"}],"version-history":[{"count":0,"href":"https:\/\/redfoxlotto.com\/sv\/wp-json\/wp\/v2\/pages\/5102\/revisions"}],"wp:attachment":[{"href":"https:\/\/redfoxlotto.com\/sv\/wp-json\/wp\/v2\/media?parent=5102"}],"curies":[{"name":"wp","href":"https:\/\/api.w.org\/{rel}","templated":true}]}}