{"id":5101,"date":"2018-11-18T08:54:25","date_gmt":"2018-11-18T08:54:25","guid":{"rendered":"https:\/\/redfoxlotto.com\/?page_id=1739"},"modified":"2019-11-14T14:46:55","modified_gmt":"2019-11-14T14:46:55","slug":"lotto-uk","status":"publish","type":"page","link":"https:\/\/redfoxlotto.com\/sv\/lotteri\/lotto-uk\/","title":{"rendered":"Om Storbritanniens lotteri"},"content":{"rendered":"<p>UK Lottery startades 1994. Detta brittiska lotteri erbjuder minimum-jackpot p\u00e5 \u00a32.500.000. Dragningar sker p\u00e5 onsdagar och s\u00f6ndagar.<!--more--><br \/>\n<img loading=\"lazy\" decoding=\"async\" class=\" wp-image alignright\" src=\"https:\/\/content.redfoxlotto.com\/uploads\/sites\/9\/2_ticket_uk_lottery2.jpg\" alt=\"lotter i Storbritannien\" width=\"177\" height=\"280\" \/><\/p>\n<p>Sverige Lotteri \u00e4r det st\u00f6rsta nationella lotteriet i Sverige utan att r\u00e4kna med paneuropeiska <a href=\"https:\/\/redfoxlotto.com\/sv\/\">lotterier<\/a> som Euromillions och Eurojackpot.<\/p>\n<p>Numera kan lottospelare f<strong>r\u00e5n utanf\u00f6r Storbritannien ta ett skott i detta popul\u00e4ra lotteri<\/strong>. Oddsen \u00e4r b\u00e4ttre \u00e4n i de flesta andra europeiska lotterier.<\/p>\n<p>Det brittiska lotteriet precis som namnet antyder \u00e4r Storbritanniens officiella lotteri. 1994 n\u00e4r spelet b\u00f6rjade, var det k\u00e4nt som National lotteri men \u00e4ndrades till lotto \u00e5r 2002. Det brittiska lotteriet franchiseras av Storbritannien regering och licensen att driva lotteriet gavs till en grupp k\u00e4nd som Camelot-gruppen medan lotteriet reglerar verksamheten av spelkommissionen.<\/p>\n<p>Endast personer som \u00e4r minst 16 \u00e5r f\u00e5r delta i det brittiska lotteriet. \u00c4ven om <a href=\"https:\/\/redfoxlotto.com\/sv\/lotteri\/\">lotter kan k\u00f6pas online<\/a> fr\u00e5n National lotterys webbplats \u00e4r de endast tillg\u00e4ngliga f\u00f6r personer som uppfyller ovanst\u00e5ende kriterier.<br \/>\n<img decoding=\"async\" class=\"size-full wp-image alignright\" src=\"https:\/\/content.redfoxlotto.com\/uploads\/sites\/9\/1_win_lottery_online3.jpg\" alt=\"k\u00f6p biljett UK Lottery\" \/><br \/>\nF\u00f6r att delta i den brittiska lotto m\u00e5ste spelare k\u00f6pa en lottlott och f\u00e5r v\u00e4lja 6 nummer fr\u00e5n ett val av 59 och ges ocks\u00e5 m\u00f6jlighet att v\u00e4lja ett lyckligt dopp d\u00e4r siffrorna \u00e4r slumpm\u00e4ssigt valda f\u00f6r dig. Dragningar g\u00f6rs tv\u00e5 g\u00e5nger i veckan d\u00e4r 6 nummer v\u00e4ljs slumpm\u00e4ssigt och ett bonusnummer v\u00e4ljs ocks\u00e5 fr\u00e5n de \u00e5terst\u00e5ende 53. Om siffrorna p\u00e5 din lott \u00e4r en exakt matchning med de 6 huvudsakliga siffrorna har du vunnit jackpotten. \u00c4ven om din lott inte st\u00e4mmer \u00f6verens med hela 6 siffrorna, har du fortfarande en chans att vinna n\u00e5got eftersom det finns priser f\u00f6r att matcha 2, 3, 4 eller 5 av de dragna siffrorna utan bonusnumret.<\/p>\n<p>Den st\u00f6rsta jackpot som hittills vunnit i Storbritannien lotto \u00e4r vinsten 161,6 miljoner pund den 12 juli 2011 av Collins Weir och hans fru. Sannolikheten f\u00f6r att sl\u00e5 jackpoten i det brittiska lotteriet \u00e4r 1:45 miljoner.<\/p>\n<p><strong>Skaffa din onlinelott nu till Storbritanniens Lotteri!<\/strong><\/p>\n","protected":false},"excerpt":{"rendered":"<p>UK Lottery startades 1994. Detta brittiska lotteri erbjuder minimum-jackpot p\u00e5 \u00a32.500.000. Dragningar sker p\u00e5 onsdagar och s\u00f6ndagar.<\/p>\n","protected":false},"author":1,"featured_media":0,"parent":5094,"menu_order":9,"comment_status":"closed","ping_status":"closed","template":"lotto-uk-info.php","meta":{"_et_pb_use_builder":"","_et_pb_old_content":"","_et_gb_content_width":"","exclude_from_search":false,"footnotes":""},"class_list":["post-5101","page","type-page","status-publish","hentry"],"yoast_head":"<!-- This site is optimized with the Yoast SEO plugin v27.3 - https:\/\/yoast.com\/product\/yoast-seo-wordpress\/ -->\n<title>Information du beh\u00f6ver om det brittiska lotteriet.<\/title>\n<meta name=\"description\" content=\"Du har en b\u00e4ttre chans med det brittiska lotteriet bara genom att veta denna information om dem.\" \/>\n<meta name=\"robots\" content=\"index, follow, max-snippet:-1, max-image-preview:large, max-video-preview:-1\" \/>\n<link rel=\"canonical\" href=\"https:\/\/redfoxlotto.com\/sv\/lotteri\/lotto-uk\/\" \/>\n<meta property=\"og:locale\" content=\"sv_SE\" \/>\n<meta property=\"og:type\" content=\"article\" \/>\n<meta property=\"og:title\" content=\"Information du beh\u00f6ver om det brittiska lotteriet.\" \/>\n<meta property=\"og:description\" content=\"Du har en b\u00e4ttre chans med det brittiska lotteriet bara genom att veta denna information om dem.\" \/>\n<meta property=\"og:url\" content=\"https:\/\/redfoxlotto.com\/sv\/lotteri\/lotto-uk\/\" \/>\n<meta property=\"og:site_name\" content=\"Get Tickets for the World\u2019s largest jackpots\" \/>\n<meta property=\"article:modified_time\" content=\"2019-11-14T14:46:55+00:00\" \/>\n<meta property=\"og:image\" content=\"https:\/\/content.redfoxlotto.com\/uploads\/sites\/9\/2_ticket_uk_lottery2.jpg\" \/>\n<meta name=\"twitter:card\" content=\"summary_large_image\" \/>\n<meta name=\"twitter:label1\" content=\"Ber\u00e4knad l\u00e4stid\" \/>\n\t<meta name=\"twitter:data1\" content=\"2 minuter\" \/>\n<script type=\"application\/ld+json\" class=\"yoast-schema-graph\">{\"@context\":\"https:\\\/\\\/schema.org\",\"@graph\":[{\"@type\":\"WebPage\",\"@id\":\"https:\\\/\\\/redfoxlotto.com\\\/sv\\\/lotteri\\\/lotto-uk\\\/\",\"url\":\"https:\\\/\\\/redfoxlotto.com\\\/sv\\\/lotteri\\\/lotto-uk\\\/\",\"name\":\"Information du beh\u00f6ver om det brittiska lotteriet.\",\"isPartOf\":{\"@id\":\"https:\\\/\\\/redfoxlotto.com\\\/sv\\\/#website\"},\"primaryImageOfPage\":{\"@id\":\"https:\\\/\\\/redfoxlotto.com\\\/sv\\\/lotteri\\\/lotto-uk\\\/#primaryimage\"},\"image\":{\"@id\":\"https:\\\/\\\/redfoxlotto.com\\\/sv\\\/lotteri\\\/lotto-uk\\\/#primaryimage\"},\"thumbnailUrl\":\"https:\\\/\\\/content.redfoxlotto.com\\\/uploads\\\/sites\\\/9\\\/2_ticket_uk_lottery2.jpg\",\"datePublished\":\"2018-11-18T08:54:25+00:00\",\"dateModified\":\"2019-11-14T14:46:55+00:00\",\"description\":\"Du har en b\u00e4ttre chans med det brittiska lotteriet bara genom att veta denna information om dem.\",\"breadcrumb\":{\"@id\":\"https:\\\/\\\/redfoxlotto.com\\\/sv\\\/lotteri\\\/lotto-uk\\\/#breadcrumb\"},\"inLanguage\":\"sv-SE\",\"potentialAction\":[{\"@type\":\"ReadAction\",\"target\":[\"https:\\\/\\\/redfoxlotto.com\\\/sv\\\/lotteri\\\/lotto-uk\\\/\"]}]},{\"@type\":\"ImageObject\",\"inLanguage\":\"sv-SE\",\"@id\":\"https:\\\/\\\/redfoxlotto.com\\\/sv\\\/lotteri\\\/lotto-uk\\\/#primaryimage\",\"url\":\"https:\\\/\\\/content.redfoxlotto.com\\\/uploads\\\/sites\\\/9\\\/2_ticket_uk_lottery2.jpg\",\"contentUrl\":\"https:\\\/\\\/content.redfoxlotto.com\\\/uploads\\\/sites\\\/9\\\/2_ticket_uk_lottery2.jpg\"},{\"@type\":\"BreadcrumbList\",\"@id\":\"https:\\\/\\\/redfoxlotto.com\\\/sv\\\/lotteri\\\/lotto-uk\\\/#breadcrumb\",\"itemListElement\":[{\"@type\":\"ListItem\",\"position\":1,\"name\":\"Home\",\"item\":\"https:\\\/\\\/redfoxlotto.com\\\/sv\\\/\"},{\"@type\":\"ListItem\",\"position\":2,\"name\":\"Hur man k\u00f6per lotter online &#8211; k\u00f6pprocessen\",\"item\":\"https:\\\/\\\/redfoxlotto.com\\\/sv\\\/lotteri\\\/\"},{\"@type\":\"ListItem\",\"position\":3,\"name\":\"Om Storbritanniens lotteri\"}]},{\"@type\":\"WebSite\",\"@id\":\"https:\\\/\\\/redfoxlotto.com\\\/sv\\\/#website\",\"url\":\"https:\\\/\\\/redfoxlotto.com\\\/sv\\\/\",\"name\":\"Get Tickets for the World\u2019s largest jackpots\",\"description\":\"Participate in worldwide lottery jackpots from any country\",\"publisher\":{\"@id\":\"https:\\\/\\\/redfoxlotto.com\\\/sv\\\/#organization\"},\"potentialAction\":[{\"@type\":\"SearchAction\",\"target\":{\"@type\":\"EntryPoint\",\"urlTemplate\":\"https:\\\/\\\/redfoxlotto.com\\\/sv\\\/?s={search_term_string}\"},\"query-input\":{\"@type\":\"PropertyValueSpecification\",\"valueRequired\":true,\"valueName\":\"search_term_string\"}}],\"inLanguage\":\"sv-SE\"},{\"@type\":\"Organization\",\"@id\":\"https:\\\/\\\/redfoxlotto.com\\\/sv\\\/#organization\",\"name\":\"Get Tickets for the World\u2019s largest jackpots\",\"url\":\"https:\\\/\\\/redfoxlotto.com\\\/sv\\\/\",\"logo\":{\"@type\":\"ImageObject\",\"inLanguage\":\"sv-SE\",\"@id\":\"https:\\\/\\\/redfoxlotto.com\\\/sv\\\/#\\\/schema\\\/logo\\\/image\\\/\",\"url\":\"https:\\\/\\\/redfoxlotto.com\\\/wp-content\\\/uploads\\\/2023\\\/04\\\/logo.png\",\"contentUrl\":\"https:\\\/\\\/redfoxlotto.com\\\/wp-content\\\/uploads\\\/2023\\\/04\\\/logo.png\",\"width\":269,\"height\":53,\"caption\":\"Get Tickets for the World\u2019s largest jackpots\"},\"image\":{\"@id\":\"https:\\\/\\\/redfoxlotto.com\\\/sv\\\/#\\\/schema\\\/logo\\\/image\\\/\"}}]}<\/script>\n<!-- \/ Yoast SEO plugin. -->","yoast_head_json":{"title":"Information du beh\u00f6ver om det brittiska lotteriet.","description":"Du har en b\u00e4ttre chans med det brittiska lotteriet bara genom att veta denna information om dem.","robots":{"index":"index","follow":"follow","max-snippet":"max-snippet:-1","max-image-preview":"max-image-preview:large","max-video-preview":"max-video-preview:-1"},"canonical":"https:\/\/redfoxlotto.com\/sv\/lotteri\/lotto-uk\/","og_locale":"sv_SE","og_type":"article","og_title":"Information du beh\u00f6ver om det brittiska lotteriet.","og_description":"Du har en b\u00e4ttre chans med det brittiska lotteriet bara genom att veta denna information om dem.","og_url":"https:\/\/redfoxlotto.com\/sv\/lotteri\/lotto-uk\/","og_site_name":"Get Tickets for the World\u2019s largest jackpots","article_modified_time":"2019-11-14T14:46:55+00:00","og_image":[{"url":"https:\/\/content.redfoxlotto.com\/uploads\/sites\/9\/2_ticket_uk_lottery2.jpg","type":"","width":"","height":""}],"twitter_card":"summary_large_image","twitter_misc":{"Ber\u00e4knad l\u00e4stid":"2 minuter"},"schema":{"@context":"https:\/\/schema.org","@graph":[{"@type":"WebPage","@id":"https:\/\/redfoxlotto.com\/sv\/lotteri\/lotto-uk\/","url":"https:\/\/redfoxlotto.com\/sv\/lotteri\/lotto-uk\/","name":"Information du beh\u00f6ver om det brittiska lotteriet.","isPartOf":{"@id":"https:\/\/redfoxlotto.com\/sv\/#website"},"primaryImageOfPage":{"@id":"https:\/\/redfoxlotto.com\/sv\/lotteri\/lotto-uk\/#primaryimage"},"image":{"@id":"https:\/\/redfoxlotto.com\/sv\/lotteri\/lotto-uk\/#primaryimage"},"thumbnailUrl":"https:\/\/content.redfoxlotto.com\/uploads\/sites\/9\/2_ticket_uk_lottery2.jpg","datePublished":"2018-11-18T08:54:25+00:00","dateModified":"2019-11-14T14:46:55+00:00","description":"Du har en b\u00e4ttre chans med det brittiska lotteriet bara genom att veta denna information om dem.","breadcrumb":{"@id":"https:\/\/redfoxlotto.com\/sv\/lotteri\/lotto-uk\/#breadcrumb"},"inLanguage":"sv-SE","potentialAction":[{"@type":"ReadAction","target":["https:\/\/redfoxlotto.com\/sv\/lotteri\/lotto-uk\/"]}]},{"@type":"ImageObject","inLanguage":"sv-SE","@id":"https:\/\/redfoxlotto.com\/sv\/lotteri\/lotto-uk\/#primaryimage","url":"https:\/\/content.redfoxlotto.com\/uploads\/sites\/9\/2_ticket_uk_lottery2.jpg","contentUrl":"https:\/\/content.redfoxlotto.com\/uploads\/sites\/9\/2_ticket_uk_lottery2.jpg"},{"@type":"BreadcrumbList","@id":"https:\/\/redfoxlotto.com\/sv\/lotteri\/lotto-uk\/#breadcrumb","itemListElement":[{"@type":"ListItem","position":1,"name":"Home","item":"https:\/\/redfoxlotto.com\/sv\/"},{"@type":"ListItem","position":2,"name":"Hur man k\u00f6per lotter online &#8211; k\u00f6pprocessen","item":"https:\/\/redfoxlotto.com\/sv\/lotteri\/"},{"@type":"ListItem","position":3,"name":"Om Storbritanniens lotteri"}]},{"@type":"WebSite","@id":"https:\/\/redfoxlotto.com\/sv\/#website","url":"https:\/\/redfoxlotto.com\/sv\/","name":"Get Tickets for the World\u2019s largest jackpots","description":"Participate in worldwide lottery jackpots from any country","publisher":{"@id":"https:\/\/redfoxlotto.com\/sv\/#organization"},"potentialAction":[{"@type":"SearchAction","target":{"@type":"EntryPoint","urlTemplate":"https:\/\/redfoxlotto.com\/sv\/?s={search_term_string}"},"query-input":{"@type":"PropertyValueSpecification","valueRequired":true,"valueName":"search_term_string"}}],"inLanguage":"sv-SE"},{"@type":"Organization","@id":"https:\/\/redfoxlotto.com\/sv\/#organization","name":"Get Tickets for the World\u2019s largest jackpots","url":"https:\/\/redfoxlotto.com\/sv\/","logo":{"@type":"ImageObject","inLanguage":"sv-SE","@id":"https:\/\/redfoxlotto.com\/sv\/#\/schema\/logo\/image\/","url":"https:\/\/redfoxlotto.com\/wp-content\/uploads\/2023\/04\/logo.png","contentUrl":"https:\/\/redfoxlotto.com\/wp-content\/uploads\/2023\/04\/logo.png","width":269,"height":53,"caption":"Get Tickets for the World\u2019s largest jackpots"},"image":{"@id":"https:\/\/redfoxlotto.com\/sv\/#\/schema\/logo\/image\/"}}]}},"_links":{"self":[{"href":"https:\/\/redfoxlotto.com\/sv\/wp-json\/wp\/v2\/pages\/5101","targetHints":{"allow":["GET"]}}],"collection":[{"href":"https:\/\/redfoxlotto.com\/sv\/wp-json\/wp\/v2\/pages"}],"about":[{"href":"https:\/\/redfoxlotto.com\/sv\/wp-json\/wp\/v2\/types\/page"}],"author":[{"embeddable":true,"href":"https:\/\/redfoxlotto.com\/sv\/wp-json\/wp\/v2\/users\/1"}],"replies":[{"embeddable":true,"href":"https:\/\/redfoxlotto.com\/sv\/wp-json\/wp\/v2\/comments?post=5101"}],"version-history":[{"count":0,"href":"https:\/\/redfoxlotto.com\/sv\/wp-json\/wp\/v2\/pages\/5101\/revisions"}],"up":[{"embeddable":true,"href":"https:\/\/redfoxlotto.com\/sv\/wp-json\/wp\/v2\/pages\/5094"}],"wp:attachment":[{"href":"https:\/\/redfoxlotto.com\/sv\/wp-json\/wp\/v2\/media?parent=5101"}],"curies":[{"name":"wp","href":"https:\/\/api.w.org\/{rel}","templated":true}]}}