{"id":5100,"date":"2018-11-18T08:54:25","date_gmt":"2018-11-18T08:54:25","guid":{"rendered":"https:\/\/redfoxlotto.com\/?page_id=1737"},"modified":"2019-11-14T14:46:55","modified_gmt":"2019-11-14T14:46:55","slug":"superenalotto","status":"publish","type":"page","link":"https:\/\/redfoxlotto.com\/sv\/lotteri\/superenalotto\/","title":{"rendered":"Om SuperEnalotto"},"content":{"rendered":"<p>Denna lotto fr\u00e5n Italien introducerades som &#8221;EnaLotto&#8221; p\u00e5 50-talet och d\u00f6ptades senare till SuperEnaLotto. Den h\u00f6gsta registrerade vinsten i Superenalotto var 177 729 043,16 \u20ac.<\/p>\n<p><!--more--><br \/>\n<img decoding=\"async\" class=\"size-full wp-image alignright\" src=\"https:\/\/content.redfoxlotto.com\/uploads\/sites\/9\/2_ticket_superenalotto4.jpg\" alt=\"Superenalotto spela online\" \/><\/p>\n<p>Detta lotteri har tre dragningar per vecka &#8211; varje tisdag, torsdag och l\u00f6rdag.<\/p>\n<h2>Hur du k\u00f6per din Superenalotto-biljett online<\/h2>\n<p>Processen att k\u00f6pa din Superenalotto-biljett online \u00e4r mycket enkel. V\u00e5r webbplats leder dig genom k\u00f6p av biljett och betalning.<\/p>\n<p>N\u00e4r du \u00e4r redo att k\u00f6pa din biljett online kan du g\u00f6ra det p\u00e5 tv\u00e5 olika s\u00e4tt:<\/p>\n<ul>\n<li>B\u00f6rja med att registrera ett konto p\u00e5 RedFoxLotto (gl\u00f6m inte att klicka p\u00e5 l\u00e4nken i verifieringsmeddelandet vi skickar dig!) Och s\u00e4tt sedan in lite pengar p\u00e5 ditt konto f\u00f6rst. Nu n\u00e4r du har pengar p\u00e5 ditt konto kan du v\u00e4lja ett lotteri, v\u00e4lja dina nummer och betala med ditt kontosaldo. Den h\u00e4r metoden \u00e4r idealisk om du vill k\u00f6pa n\u00e5gra biljetter online idag och komma tillbaka f\u00f6r att k\u00f6pa fler biljetter senare.<\/li>\n<\/ul>\n<p>Eller:<\/p>\n<ul>\n<li>V\u00e4lj f\u00f6rst ett lotteri och v\u00e4lj sedan dina nummer. L\u00e4gg till fler lotterier och fler biljetter om du vill. Klicka sedan p\u00e5 &#8221;betala nu&#8221; -knappen. D\u00e4refter ser du inloggningssk\u00e4rmen. Eftersom du inte har ett konto \u00e4nnu m\u00e5ste du skapa ett genom att klicka p\u00e5 knappen &#8221;Registrera dig&#8221;. N\u00e4r du har registrerat och verifierat ditt nya konto, leta efter kundvagnssymbolen och klicka p\u00e5 det. Sedan betalar du online med hj\u00e4lp av vilken metod som \u00e4r l\u00e4mplig f\u00f6r dig.<\/li>\n<\/ul>\n<p>Se till att du genomf\u00f6r alla n\u00f6dv\u00e4ndiga steg f\u00f6r betalningen. N\u00e4r du v\u00e4l har k\u00f6pt dina biljetter f\u00e5r du en bekr\u00e4ftelse via e-post. Efter det, allt du beh\u00f6ver g\u00f6ra \u00e4r att v\u00e4nta p\u00e5 oavgjort f\u00f6r att se om du har vunnit!<\/p>\n<h2>SuperEnalotto \u00f6ver hela v\u00e4rlden<\/h2>\n<p>Fram till <a href=\"https:\/\/redfoxlotto.com\/sv\/spela\/eurojackpot\/\">Eurojackpots<\/a> introduktion var <a href=\"https:\/\/redfoxlotto.com\/sv\/spela\/superenalotto\/\">Superenalotto-lotteriet<\/a> drottningen av europeiska lotterier. Numera spelas det inte bara i Italien utan ocks\u00e5 online av spelare fr\u00e5n andra l\u00e4nder.<\/p>\n<h2>Reglerna f\u00f6r SuperEnalotto<\/h2>\n<p><img loading=\"lazy\" decoding=\"async\" class=\" wp-image alignright\" src=\"https:\/\/content.redfoxlotto.com\/uploads\/sites\/9\/1_buy_ticket_jackpot.jpg\" alt=\"win Superenalotto\" width=\"279\" height=\"185\" \/><br \/>\nSuperEnaLotto \u00e4r ett 6 av 90 spel utan extra nummer. Genom att sl\u00e5 6 <a href=\"https:\/\/redfoxlotto.com\/sv\/resultaten\/superenalotto\/\">nummer vinner du jackpotten<\/a>. Om du har minst tre nummer korrekt \u00e4r du kvalificerad till ett av de l\u00e4gre priserna.<\/p>\n","protected":false},"excerpt":{"rendered":"<p>Denna lotto fr\u00e5n Italien introducerades som &#8221;EnaLotto&#8221; p\u00e5 50-talet och d\u00f6ptades senare till SuperEnaLotto. Den h\u00f6gsta registrerade vinsten i Superenalotto var 177 729 043,16 \u20ac.<\/p>\n","protected":false},"author":1,"featured_media":0,"parent":5094,"menu_order":5,"comment_status":"closed","ping_status":"closed","template":"superenalotto-info.php","meta":{"_et_pb_use_builder":"","_et_pb_old_content":"","_et_gb_content_width":"","exclude_from_search":false,"footnotes":""},"class_list":["post-5100","page","type-page","status-publish","hentry"],"yoast_head":"<!-- This site is optimized with the Yoast SEO plugin v23.8 - https:\/\/yoast.com\/wordpress\/plugins\/seo\/ -->\n<title>K\u00f6p lotter f\u00f6r Superenalotto online<\/title>\n<meta name=\"description\" content=\"\u00c4ven om du inte bor i Italien kan lotter f\u00f6r Superenalotto k\u00f6pas online nu!\" \/>\n<meta name=\"robots\" content=\"index, follow, max-snippet:-1, max-image-preview:large, max-video-preview:-1\" \/>\n<link rel=\"canonical\" href=\"https:\/\/redfoxlotto.com\/sv\/lotteri\/superenalotto\/\" \/>\n<meta property=\"og:locale\" content=\"sv_SE\" \/>\n<meta property=\"og:type\" content=\"article\" \/>\n<meta property=\"og:title\" content=\"K\u00f6p lotter f\u00f6r Superenalotto online\" \/>\n<meta property=\"og:description\" content=\"\u00c4ven om du inte bor i Italien kan lotter f\u00f6r Superenalotto k\u00f6pas online nu!\" \/>\n<meta property=\"og:url\" content=\"https:\/\/redfoxlotto.com\/sv\/lotteri\/superenalotto\/\" \/>\n<meta property=\"og:site_name\" content=\"Get Tickets for the World\u2019s largest jackpots\" \/>\n<meta property=\"article:modified_time\" content=\"2019-11-14T14:46:55+00:00\" \/>\n<meta property=\"og:image\" content=\"https:\/\/content.redfoxlotto.com\/uploads\/sites\/9\/2_ticket_superenalotto4.jpg\" \/>\n<meta name=\"twitter:card\" content=\"summary_large_image\" \/>\n<meta name=\"twitter:label1\" content=\"Ber\u00e4knad l\u00e4stid\" \/>\n\t<meta name=\"twitter:data1\" content=\"2 minuter\" \/>\n<script type=\"application\/ld+json\" class=\"yoast-schema-graph\">{\"@context\":\"https:\/\/schema.org\",\"@graph\":[{\"@type\":\"WebPage\",\"@id\":\"https:\/\/redfoxlotto.com\/sv\/lotteri\/superenalotto\/\",\"url\":\"https:\/\/redfoxlotto.com\/sv\/lotteri\/superenalotto\/\",\"name\":\"K\u00f6p lotter f\u00f6r Superenalotto online\",\"isPartOf\":{\"@id\":\"https:\/\/redfoxlotto.com\/sv\/#website\"},\"primaryImageOfPage\":{\"@id\":\"https:\/\/redfoxlotto.com\/sv\/lotteri\/superenalotto\/#primaryimage\"},\"image\":{\"@id\":\"https:\/\/redfoxlotto.com\/sv\/lotteri\/superenalotto\/#primaryimage\"},\"thumbnailUrl\":\"https:\/\/content.redfoxlotto.com\/uploads\/sites\/9\/2_ticket_superenalotto4.jpg\",\"datePublished\":\"2018-11-18T08:54:25+00:00\",\"dateModified\":\"2019-11-14T14:46:55+00:00\",\"description\":\"\u00c4ven om du inte bor i Italien kan lotter f\u00f6r Superenalotto k\u00f6pas online nu!\",\"breadcrumb\":{\"@id\":\"https:\/\/redfoxlotto.com\/sv\/lotteri\/superenalotto\/#breadcrumb\"},\"inLanguage\":\"sv-SE\",\"potentialAction\":[{\"@type\":\"ReadAction\",\"target\":[\"https:\/\/redfoxlotto.com\/sv\/lotteri\/superenalotto\/\"]}]},{\"@type\":\"ImageObject\",\"inLanguage\":\"sv-SE\",\"@id\":\"https:\/\/redfoxlotto.com\/sv\/lotteri\/superenalotto\/#primaryimage\",\"url\":\"https:\/\/content.redfoxlotto.com\/uploads\/sites\/9\/2_ticket_superenalotto4.jpg\",\"contentUrl\":\"https:\/\/content.redfoxlotto.com\/uploads\/sites\/9\/2_ticket_superenalotto4.jpg\"},{\"@type\":\"BreadcrumbList\",\"@id\":\"https:\/\/redfoxlotto.com\/sv\/lotteri\/superenalotto\/#breadcrumb\",\"itemListElement\":[{\"@type\":\"ListItem\",\"position\":1,\"name\":\"Home\",\"item\":\"https:\/\/redfoxlotto.com\/sv\/\"},{\"@type\":\"ListItem\",\"position\":2,\"name\":\"Hur man k\u00f6per lotter online &#8211; k\u00f6pprocessen\",\"item\":\"https:\/\/redfoxlotto.com\/sv\/lotteri\/\"},{\"@type\":\"ListItem\",\"position\":3,\"name\":\"Om SuperEnalotto\"}]},{\"@type\":\"WebSite\",\"@id\":\"https:\/\/redfoxlotto.com\/sv\/#website\",\"url\":\"https:\/\/redfoxlotto.com\/sv\/\",\"name\":\"Get Tickets for the World\u2019s largest jackpots\",\"description\":\"Participate in worldwide lottery jackpots from any country\",\"publisher\":{\"@id\":\"https:\/\/redfoxlotto.com\/sv\/#organization\"},\"potentialAction\":[{\"@type\":\"SearchAction\",\"target\":{\"@type\":\"EntryPoint\",\"urlTemplate\":\"https:\/\/redfoxlotto.com\/sv\/?s={search_term_string}\"},\"query-input\":{\"@type\":\"PropertyValueSpecification\",\"valueRequired\":true,\"valueName\":\"search_term_string\"}}],\"inLanguage\":\"sv-SE\"},{\"@type\":\"Organization\",\"@id\":\"https:\/\/redfoxlotto.com\/sv\/#organization\",\"name\":\"Get Tickets for the World\u2019s largest jackpots\",\"url\":\"https:\/\/redfoxlotto.com\/sv\/\",\"logo\":{\"@type\":\"ImageObject\",\"inLanguage\":\"sv-SE\",\"@id\":\"https:\/\/redfoxlotto.com\/sv\/#\/schema\/logo\/image\/\",\"url\":\"https:\/\/redfoxlotto.com\/wp-content\/uploads\/2023\/04\/logo.png\",\"contentUrl\":\"https:\/\/redfoxlotto.com\/wp-content\/uploads\/2023\/04\/logo.png\",\"width\":269,\"height\":53,\"caption\":\"Get Tickets for the World\u2019s largest jackpots\"},\"image\":{\"@id\":\"https:\/\/redfoxlotto.com\/sv\/#\/schema\/logo\/image\/\"}}]}<\/script>\n<!-- \/ Yoast SEO plugin. -->","yoast_head_json":{"title":"K\u00f6p lotter f\u00f6r Superenalotto online","description":"\u00c4ven om du inte bor i Italien kan lotter f\u00f6r Superenalotto k\u00f6pas online nu!","robots":{"index":"index","follow":"follow","max-snippet":"max-snippet:-1","max-image-preview":"max-image-preview:large","max-video-preview":"max-video-preview:-1"},"canonical":"https:\/\/redfoxlotto.com\/sv\/lotteri\/superenalotto\/","og_locale":"sv_SE","og_type":"article","og_title":"K\u00f6p lotter f\u00f6r Superenalotto online","og_description":"\u00c4ven om du inte bor i Italien kan lotter f\u00f6r Superenalotto k\u00f6pas online nu!","og_url":"https:\/\/redfoxlotto.com\/sv\/lotteri\/superenalotto\/","og_site_name":"Get Tickets for the World\u2019s largest jackpots","article_modified_time":"2019-11-14T14:46:55+00:00","og_image":[{"url":"https:\/\/content.redfoxlotto.com\/uploads\/sites\/9\/2_ticket_superenalotto4.jpg"}],"twitter_card":"summary_large_image","twitter_misc":{"Ber\u00e4knad l\u00e4stid":"2 minuter"},"schema":{"@context":"https:\/\/schema.org","@graph":[{"@type":"WebPage","@id":"https:\/\/redfoxlotto.com\/sv\/lotteri\/superenalotto\/","url":"https:\/\/redfoxlotto.com\/sv\/lotteri\/superenalotto\/","name":"K\u00f6p lotter f\u00f6r Superenalotto online","isPartOf":{"@id":"https:\/\/redfoxlotto.com\/sv\/#website"},"primaryImageOfPage":{"@id":"https:\/\/redfoxlotto.com\/sv\/lotteri\/superenalotto\/#primaryimage"},"image":{"@id":"https:\/\/redfoxlotto.com\/sv\/lotteri\/superenalotto\/#primaryimage"},"thumbnailUrl":"https:\/\/content.redfoxlotto.com\/uploads\/sites\/9\/2_ticket_superenalotto4.jpg","datePublished":"2018-11-18T08:54:25+00:00","dateModified":"2019-11-14T14:46:55+00:00","description":"\u00c4ven om du inte bor i Italien kan lotter f\u00f6r Superenalotto k\u00f6pas online nu!","breadcrumb":{"@id":"https:\/\/redfoxlotto.com\/sv\/lotteri\/superenalotto\/#breadcrumb"},"inLanguage":"sv-SE","potentialAction":[{"@type":"ReadAction","target":["https:\/\/redfoxlotto.com\/sv\/lotteri\/superenalotto\/"]}]},{"@type":"ImageObject","inLanguage":"sv-SE","@id":"https:\/\/redfoxlotto.com\/sv\/lotteri\/superenalotto\/#primaryimage","url":"https:\/\/content.redfoxlotto.com\/uploads\/sites\/9\/2_ticket_superenalotto4.jpg","contentUrl":"https:\/\/content.redfoxlotto.com\/uploads\/sites\/9\/2_ticket_superenalotto4.jpg"},{"@type":"BreadcrumbList","@id":"https:\/\/redfoxlotto.com\/sv\/lotteri\/superenalotto\/#breadcrumb","itemListElement":[{"@type":"ListItem","position":1,"name":"Home","item":"https:\/\/redfoxlotto.com\/sv\/"},{"@type":"ListItem","position":2,"name":"Hur man k\u00f6per lotter online &#8211; k\u00f6pprocessen","item":"https:\/\/redfoxlotto.com\/sv\/lotteri\/"},{"@type":"ListItem","position":3,"name":"Om SuperEnalotto"}]},{"@type":"WebSite","@id":"https:\/\/redfoxlotto.com\/sv\/#website","url":"https:\/\/redfoxlotto.com\/sv\/","name":"Get Tickets for the World\u2019s largest jackpots","description":"Participate in worldwide lottery jackpots from any country","publisher":{"@id":"https:\/\/redfoxlotto.com\/sv\/#organization"},"potentialAction":[{"@type":"SearchAction","target":{"@type":"EntryPoint","urlTemplate":"https:\/\/redfoxlotto.com\/sv\/?s={search_term_string}"},"query-input":{"@type":"PropertyValueSpecification","valueRequired":true,"valueName":"search_term_string"}}],"inLanguage":"sv-SE"},{"@type":"Organization","@id":"https:\/\/redfoxlotto.com\/sv\/#organization","name":"Get Tickets for the World\u2019s largest jackpots","url":"https:\/\/redfoxlotto.com\/sv\/","logo":{"@type":"ImageObject","inLanguage":"sv-SE","@id":"https:\/\/redfoxlotto.com\/sv\/#\/schema\/logo\/image\/","url":"https:\/\/redfoxlotto.com\/wp-content\/uploads\/2023\/04\/logo.png","contentUrl":"https:\/\/redfoxlotto.com\/wp-content\/uploads\/2023\/04\/logo.png","width":269,"height":53,"caption":"Get Tickets for the World\u2019s largest jackpots"},"image":{"@id":"https:\/\/redfoxlotto.com\/sv\/#\/schema\/logo\/image\/"}}]}},"_links":{"self":[{"href":"https:\/\/redfoxlotto.com\/sv\/wp-json\/wp\/v2\/pages\/5100","targetHints":{"allow":["GET"]}}],"collection":[{"href":"https:\/\/redfoxlotto.com\/sv\/wp-json\/wp\/v2\/pages"}],"about":[{"href":"https:\/\/redfoxlotto.com\/sv\/wp-json\/wp\/v2\/types\/page"}],"author":[{"embeddable":true,"href":"https:\/\/redfoxlotto.com\/sv\/wp-json\/wp\/v2\/users\/1"}],"replies":[{"embeddable":true,"href":"https:\/\/redfoxlotto.com\/sv\/wp-json\/wp\/v2\/comments?post=5100"}],"version-history":[{"count":0,"href":"https:\/\/redfoxlotto.com\/sv\/wp-json\/wp\/v2\/pages\/5100\/revisions"}],"up":[{"embeddable":true,"href":"https:\/\/redfoxlotto.com\/sv\/wp-json\/wp\/v2\/pages\/5094"}],"wp:attachment":[{"href":"https:\/\/redfoxlotto.com\/sv\/wp-json\/wp\/v2\/media?parent=5100"}],"curies":[{"name":"wp","href":"https:\/\/api.w.org\/{rel}","templated":true}]}}