{"id":5099,"date":"2018-11-18T08:54:25","date_gmt":"2018-11-18T08:54:25","guid":{"rendered":"https:\/\/redfoxlotto.com\/?page_id=1735"},"modified":"2025-12-18T15:21:21","modified_gmt":"2025-12-18T15:21:21","slug":"powerball","status":"publish","type":"page","link":"https:\/\/redfoxlotto.com\/sv\/lotteri\/powerball\/","title":{"rendered":"Om Powerball"},"content":{"rendered":"<p><script type=\"application\/ld+json\">\n{\n  \"@context\": \"https:\/\/schema.org\",\n  \"@type\": \"Service\",\n  \"name\": \"Spela Powerball online\",\n  \"url\": \"https:\/\/redfoxlotto.com\/sv\/lotteries\/powerball\",\n  \"description\": \"K\u00f6p officiella Powerball-lotter online fr\u00e5n vilket land som helst. Bes\u00f6k RedFoxLotto, v\u00e4lj dina nummer och delta i n\u00e4sta dragning.\",\n  \"serviceType\": \"Online-lotteribiljettf\u00f6rmedlingstj\u00e4nst\",\n  \"provider\": {\n    \"@type\": \"Organization\",\n    \"name\": \"RedFoxLotto\",\n    \"url\": \"https:\/\/redfoxlotto.com\/sv\",\n    \"image\": \"https:\/\/redfoxlotto.com\/sv\/wp-content\/uploads\/2025\/12\/ticket_scans.jpg\",\n    \"sameAs\": []\n  },\n  \"areaServed\": \"Worldwide\",\n  \"termsOfService\": \"https:\/\/redfoxlotto.com\/terms-and-conditions\",\n  \"additionalProperty\": {\n    \"@type\": \"PropertyValue\",\n    \"name\": \"FAQ\",\n    \"value\": \"https:\/\/redfoxlotto.com\/sv\/faq\/\"\n  },\n  \"hasOfferCatalog\": {\n    \"@type\": \"OfferCatalog\",\n    \"name\": \"Powerball-lotter\",\n    \"itemListElement\": [\n      {\n        \"@type\": \"Offer\",\n        \"name\": \"Powerball-lotter\",\n        \"url\": \"https:\/\/redfoxlotto.com\/sv\/lotteries\/powerball\",\n        \"description\": \"K\u00f6p riktiga lotter online f\u00f6r n\u00e4sta Powerball-dragning via RedFoxLotto.\",\n        \"price\": \"5.90\",\n        \"priceCurrency\": \"\u20ac\",\n        \"availability\": \"https:\/\/schema.org\/InStock\",\n        \"itemOffered\": {\n          \"@type\": \"Service\",\n          \"name\": \"Powerball-lotter\",\n          \"description\": \"Delta i n\u00e4sta Powerball-dragning \u2013 k\u00f6p dina lotter online via RedFoxLotto.\"\n        }\n      }\n    ]\n  },\n  \"mainEntityOfPage\": {\n    \"@type\": \"WebPage\",\n    \"@id\": \"https:\/\/redfoxlotto.com\/sv\/lotteries\/powerball\"\n  }\n}\n<\/script><\/p>\n<p>Powerball \u00e4r f\u00f6rmodligen det mest k\u00e4nda lotteriet i v\u00e4rlden och det finns n\u00e5gra riktigt bra sk\u00e4l till det.<\/p>\n<p>Miljontals spelare fr\u00e5n hela v\u00e4rlden spelar spelet. Inte bara i USA, utan \u00e4ven online fr\u00e5n andra l\u00e4nder som Sverige, d\u00e4r du kan v\u00e4lja att k\u00f6pa Powerball-biljetter online.<\/p>\n<p>Dragningarna \u00e4ger rum varje l\u00f6rdag och onsdag, vilket inneb\u00e4r att du kommer att ha dubbelt s\u00e5 m\u00e5nga m\u00f6jligheter att engagera dig och k\u00f6pa en lott. Vad som \u00e4r riktigt sp\u00e4nnande \u00e4r att den st\u00f6rsta jackpotten som n\u00e5gonsin uppn\u00e5tts i Powerball var $ 1 586 400 000!<img decoding=\"async\" class=\"wp-image alignright\" src=\"https:\/\/redfoxlotto.com\/wp-content\/uploads\/sites\/9\/ticket_powerball3.jpg\" alt=\"powerball lotteri\" \/><\/p>\n<h2>Powerball Lotto i hela v\u00e4rlden<\/h2>\n<p>Med hj\u00e4lp av v\u00e5r webbplats kan du nu bli Powerball-multimiljon\u00e4r. Vi ger dig m\u00f6jlighet att k\u00f6pa Powerball-biljetter online. Och allt du beh\u00f6ver g\u00f6ra \u00e4r att ta en titt p\u00e5 vad v\u00e5rt system inneb\u00e4r. Du kommer att se att du kan g\u00e5 fr\u00e5n att bara kolla in v\u00e5r webbplats till att ha din f\u00f6rsta lott som v\u00e4ntar p\u00e5 dig p\u00e5 ditt konto i bara n\u00e5gra enkla steg. S\u00e5 l\u00e5t oss ta en n\u00e4rmare titt p\u00e5 vad du beh\u00f6ver g\u00f6ra.<\/p>\n<h2>Hur du k\u00f6per din Powerball-biljett online fr\u00e5n Sverige<\/h2>\n<p>Det f\u00f6rsta steget \u00e4r helt enkelt att kolla in de olika lotterispelen som vi har tillg\u00e4ngliga. Lyckligtvis f\u00f6r dig finns det ett antal fantastiska lotter och spel tillg\u00e4ngliga eftersom vi vill se till att du kan vara med i alla de st\u00f6rsta jackpottarna. S\u00e5 alla de st\u00f6rsta spelen runt om i v\u00e4rlden finns tillg\u00e4ngliga fr\u00e5n Sverige, via v\u00e5r webbplats. Du tar bara en titt p\u00e5 de tillg\u00e4ngliga spelen och best\u00e4mmer sedan vilket du vill spela.<\/p>\n<p>N\u00e4r du har best\u00e4mt dig f\u00f6r ett spel (i det h\u00e4r fallet Powerball) klickar du bara p\u00e5 l\u00e4nken och g\u00e5r in p\u00e5 sidan. Du kommer att se mer information om spelet och du kommer att se information om hur du skaffar din egen lott. Allt som kr\u00e4vs \u00e4r att du v\u00e4ljer ut de nummer som du vill ha. Naturligtvis kan du ocks\u00e5 v\u00e4lja ett snabbt val om du inte vet vilka nummer du vill ha.<\/p>\n<p>Med v\u00e5r webbplats, n\u00e4r du b\u00f6rjar v\u00e4lja dina nummer, l\u00e5ter vi dig veta exakt hur m\u00e5nga du beh\u00f6ver och kommer att se till att du inte har f\u00f6r m\u00e5nga eller f\u00f6r f\u00e5 f\u00f6r att f\u00e5 en giltig biljett. Du har ocks\u00e5 m\u00f6jlighet att v\u00e4lja en kombination av slumpm\u00e4ssigt utvalda och personligt utvalda nummer som du vill. Du kan ocks\u00e5 v\u00e4lja flera biljetter till spelet.<\/p>\n<p>D\u00e4rifr\u00e5n kommer du att kunna l\u00e4gga till biljetterna i din kundvagn och sedan kan du v\u00e4lja ytterligare biljetter fr\u00e5n Powerball eller fr\u00e5n andra spel som du vill spela. Sedan m\u00e5ste du bara skapa ditt eget konto. N\u00e4r du g\u00f6r det kommer vi att fr\u00e5ga dig om n\u00e5gra personuppgifter som kommer att g\u00f6ra dig s\u00e4krare n\u00e4r du vill k\u00f6pa lotter och n\u00e4r du vill ta ut pengar fr\u00e5n ditt konto. Du kommer ocks\u00e5 att kunna st\u00e4lla in alla konton du vill ha.<\/p>\n<h2>Reglerna f\u00f6r Powerball-biljetter online<\/h2>\n<p>N\u00e4r det g\u00e4ller att st\u00e4lla in din Powerball-biljett vill du veta allt om de regler som du m\u00e5ste f\u00f6lja och hur du ska v\u00e4lja ut biljetten. S\u00e5, vad beh\u00f6ver du g\u00f6ra?<\/p>\n<p>Du m\u00e5ste v\u00e4lja 5 nummer mellan 1 och 69, plus ett Powerball-nummer fr\u00e5n 1 till 26. Alla sex nummer m\u00e5ste matchas p\u00e5 din lott. D\u00e5 har du vunnit jackpotten. Om du bara har de f\u00f6rsta 5 siffrorna korrekt, vinner din biljett det andra priset. Det g\u00f6r dig fortfarande 1 miljon dollar rikare. Powerball-jackpottvinster kan betalas ut som en eng\u00e5ngsbetalning, eller i 30 \u00e5rliga avbetalningar.<\/p>\n<h2>K\u00f6p en Powerball-biljett online och vinn!<\/h2>\n<p>S\u00e5, vad kommer att h\u00e4nda om du faktiskt vinner Powerball-jackpotten? Det kommer att bli en hel del kul och du kommer definitivt att bli superupphetsad. Du kommer ocks\u00e5 att beh\u00f6va planera en resa till USA eftersom de \u00e4lskar att g\u00f6ra en stor grej av de m\u00e4nniskor som vinner.<\/p>\n<p>Det betyder att de kommer att ta bilder, ge dig en stor check och mycket mer, och vi kommer att se till att du \u00e4r beredd p\u00e5 det med biljetten och informationen du beh\u00f6ver f\u00f6r att g\u00f6ra anspr\u00e5k p\u00e5 ditt pris.<\/p>\n<p>Om du vinner ett l\u00e4gre pris kan vi s\u00e4tta in pengarna direkt p\u00e5 ditt konto s\u00e5 att du kan ta ut dem till ditt konto eller s\u00e5 kan du anv\u00e4nda dem f\u00f6r att k\u00f6pa ytterligare biljetter. F\u00f6r dem som vinner st\u00f6rre priser men inte jackpotten kommer du att kunna f\u00e5 en direkt\u00f6verf\u00f6ring till ditt konto och vi kommer att kontakta dig f\u00f6r att ber\u00e4tta vad du beh\u00f6ver g\u00f6ra och hur du kan st\u00e4lla in allt detta. Men hur ska du veta det?<\/p>\n<p>Om du forts\u00e4tter att kolla in ditt konto kommer du att kunna se uppdateringar p\u00e5 din biljett och du kommer att se alla nummer som matchar. Du f\u00e5r ocks\u00e5 pengarna f\u00f6r mindre belopp omedelbart \u00f6verf\u00f6rda till ditt konto. Alla belopp som du vinner kommer dock att dyka upp i din e-post. Det betyder att du bara kan kolla din e-post och se att du har en vinst s\u00e5 att du kan g\u00e5 \u00f6ver till ditt konto omedelbart.<\/p>\n<h2>Spela nya spel<\/h2>\n<p>Om du \u00e4r redo att b\u00f6rja spela och vill k\u00f6pa Powerball-biljetter online kommer du definitivt att vilja kolla in n\u00e5gra av de andra alternativen vi har ocks\u00e5. Faktum \u00e4r att vi har de hetaste lotterispelen som p\u00e5g\u00e5r var som helst i v\u00e4rlden och allt du beh\u00f6ver g\u00f6ra \u00e4r att best\u00e4mma vilket som kommer att bli din favorit och vilket du vill prova h\u00e4rn\u00e4st.<br \/>\n<img decoding=\"async\" class=\"size-full wp-image alignright\" src=\"https:\/\/content.redfoxlotto.com\/uploads\/sites\/9\/1_buy_lottery_online.jpg\" alt=\"K\u00f6p biljetter online\" \/><\/p>\n<p>S\u00e5 ta en snabb titt p\u00e5 vad som finns tillg\u00e4ngligt och hur du kan plocka upp alla biljetter du vill ha. Och se till att du ocks\u00e5 tittar p\u00e5 all information som du kan hitta om vart och ett av spelen, n\u00e4r de kommer att dras, hur mycket du kan vinna och en hel del mer.<\/p>\n<p>Vill du spela och f\u00e5 Powerball-biljetter online? Kom ig\u00e5ng just nu, precis h\u00e4r.<\/p>\n","protected":false},"excerpt":{"rendered":"<p>Powerball \u00e4r f\u00f6rmodligen det mest k\u00e4nda lotteriet i v\u00e4rlden och det finns n\u00e5gra riktigt bra sk\u00e4l till det. Miljontals spelare fr\u00e5n hela v\u00e4rlden spelar spelet. Inte bara i USA, utan \u00e4ven online fr\u00e5n andra l\u00e4nder som Sverige, d\u00e4r du kan v\u00e4lja att k\u00f6pa Powerball-biljetter online. Dragningarna \u00e4ger rum varje l\u00f6rdag och onsdag, vilket inneb\u00e4r att [&hellip;]<\/p>\n","protected":false},"author":1,"featured_media":0,"parent":5094,"menu_order":1,"comment_status":"closed","ping_status":"closed","template":"powerball-usa-info.php","meta":{"_et_pb_use_builder":"","_et_pb_old_content":"","_et_gb_content_width":"","exclude_from_search":false,"footnotes":""},"class_list":["post-5099","page","type-page","status-publish","hentry"],"yoast_head":"<!-- This site is optimized with the Yoast SEO plugin v23.8 - https:\/\/yoast.com\/wordpress\/plugins\/seo\/ -->\n<title>K\u00f6p Powerball-biljetter online fr\u00e5n Sverige | Vinn Powerball h\u00e4r<\/title>\n<meta name=\"description\" content=\"Hur k\u00f6per jag en lott online f\u00f6r Powerball Lotto USA? V\u00e5r tj\u00e4nst \u00e4r att l\u00e5ta dig delta i Powerball USA fr\u00e5n Sverige\" \/>\n<meta name=\"robots\" content=\"index, follow, max-snippet:-1, max-image-preview:large, max-video-preview:-1\" \/>\n<link rel=\"canonical\" href=\"https:\/\/redfoxlotto.com\/sv\/lotteri\/powerball\/\" \/>\n<meta property=\"og:locale\" content=\"sv_SE\" \/>\n<meta property=\"og:type\" content=\"article\" \/>\n<meta property=\"og:title\" content=\"K\u00f6p Powerball-biljetter online fr\u00e5n Sverige | Vinn Powerball h\u00e4r\" \/>\n<meta property=\"og:description\" content=\"Hur k\u00f6per jag en lott online f\u00f6r Powerball Lotto USA? V\u00e5r tj\u00e4nst \u00e4r att l\u00e5ta dig delta i Powerball USA fr\u00e5n Sverige\" \/>\n<meta property=\"og:url\" content=\"https:\/\/redfoxlotto.com\/sv\/lotteri\/powerball\/\" \/>\n<meta property=\"og:site_name\" content=\"Get Tickets for the World\u2019s largest jackpots\" \/>\n<meta property=\"article:modified_time\" content=\"2025-12-18T15:21:21+00:00\" \/>\n<meta property=\"og:image\" content=\"https:\/\/redfoxlotto.com\/wp-content\/uploads\/sites\/9\/ticket_powerball3.jpg\" \/>\n<meta name=\"twitter:card\" content=\"summary_large_image\" \/>\n<meta name=\"twitter:label1\" content=\"Ber\u00e4knad l\u00e4stid\" \/>\n\t<meta name=\"twitter:data1\" content=\"5 minuter\" \/>\n<script type=\"application\/ld+json\" class=\"yoast-schema-graph\">{\"@context\":\"https:\/\/schema.org\",\"@graph\":[{\"@type\":\"WebPage\",\"@id\":\"https:\/\/redfoxlotto.com\/sv\/lotteri\/powerball\/\",\"url\":\"https:\/\/redfoxlotto.com\/sv\/lotteri\/powerball\/\",\"name\":\"K\u00f6p Powerball-biljetter online fr\u00e5n Sverige | Vinn Powerball h\u00e4r\",\"isPartOf\":{\"@id\":\"https:\/\/redfoxlotto.com\/sv\/#website\"},\"primaryImageOfPage\":{\"@id\":\"https:\/\/redfoxlotto.com\/sv\/lotteri\/powerball\/#primaryimage\"},\"image\":{\"@id\":\"https:\/\/redfoxlotto.com\/sv\/lotteri\/powerball\/#primaryimage\"},\"thumbnailUrl\":\"https:\/\/redfoxlotto.com\/wp-content\/uploads\/sites\/9\/ticket_powerball3.jpg\",\"datePublished\":\"2018-11-18T08:54:25+00:00\",\"dateModified\":\"2025-12-18T15:21:21+00:00\",\"description\":\"Hur k\u00f6per jag en lott online f\u00f6r Powerball Lotto USA? V\u00e5r tj\u00e4nst \u00e4r att l\u00e5ta dig delta i Powerball USA fr\u00e5n Sverige\",\"breadcrumb\":{\"@id\":\"https:\/\/redfoxlotto.com\/sv\/lotteri\/powerball\/#breadcrumb\"},\"inLanguage\":\"sv-SE\",\"potentialAction\":[{\"@type\":\"ReadAction\",\"target\":[\"https:\/\/redfoxlotto.com\/sv\/lotteri\/powerball\/\"]}]},{\"@type\":\"ImageObject\",\"inLanguage\":\"sv-SE\",\"@id\":\"https:\/\/redfoxlotto.com\/sv\/lotteri\/powerball\/#primaryimage\",\"url\":\"https:\/\/redfoxlotto.com\/wp-content\/uploads\/sites\/9\/ticket_powerball3.jpg\",\"contentUrl\":\"https:\/\/redfoxlotto.com\/wp-content\/uploads\/sites\/9\/ticket_powerball3.jpg\"},{\"@type\":\"BreadcrumbList\",\"@id\":\"https:\/\/redfoxlotto.com\/sv\/lotteri\/powerball\/#breadcrumb\",\"itemListElement\":[{\"@type\":\"ListItem\",\"position\":1,\"name\":\"Home\",\"item\":\"https:\/\/redfoxlotto.com\/sv\/\"},{\"@type\":\"ListItem\",\"position\":2,\"name\":\"Hur man k\u00f6per lotter online &#8211; k\u00f6pprocessen\",\"item\":\"https:\/\/redfoxlotto.com\/sv\/lotteri\/\"},{\"@type\":\"ListItem\",\"position\":3,\"name\":\"Om Powerball\"}]},{\"@type\":\"WebSite\",\"@id\":\"https:\/\/redfoxlotto.com\/sv\/#website\",\"url\":\"https:\/\/redfoxlotto.com\/sv\/\",\"name\":\"Get Tickets for the World\u2019s largest jackpots\",\"description\":\"Participate in worldwide lottery jackpots from any country\",\"publisher\":{\"@id\":\"https:\/\/redfoxlotto.com\/sv\/#organization\"},\"potentialAction\":[{\"@type\":\"SearchAction\",\"target\":{\"@type\":\"EntryPoint\",\"urlTemplate\":\"https:\/\/redfoxlotto.com\/sv\/?s={search_term_string}\"},\"query-input\":{\"@type\":\"PropertyValueSpecification\",\"valueRequired\":true,\"valueName\":\"search_term_string\"}}],\"inLanguage\":\"sv-SE\"},{\"@type\":\"Organization\",\"@id\":\"https:\/\/redfoxlotto.com\/sv\/#organization\",\"name\":\"Get Tickets for the World\u2019s largest jackpots\",\"url\":\"https:\/\/redfoxlotto.com\/sv\/\",\"logo\":{\"@type\":\"ImageObject\",\"inLanguage\":\"sv-SE\",\"@id\":\"https:\/\/redfoxlotto.com\/sv\/#\/schema\/logo\/image\/\",\"url\":\"https:\/\/redfoxlotto.com\/wp-content\/uploads\/2023\/04\/logo.png\",\"contentUrl\":\"https:\/\/redfoxlotto.com\/wp-content\/uploads\/2023\/04\/logo.png\",\"width\":269,\"height\":53,\"caption\":\"Get Tickets for the World\u2019s largest jackpots\"},\"image\":{\"@id\":\"https:\/\/redfoxlotto.com\/sv\/#\/schema\/logo\/image\/\"}}]}<\/script>\n<!-- \/ Yoast SEO plugin. -->","yoast_head_json":{"title":"K\u00f6p Powerball-biljetter online fr\u00e5n Sverige | Vinn Powerball h\u00e4r","description":"Hur k\u00f6per jag en lott online f\u00f6r Powerball Lotto USA? V\u00e5r tj\u00e4nst \u00e4r att l\u00e5ta dig delta i Powerball USA fr\u00e5n Sverige","robots":{"index":"index","follow":"follow","max-snippet":"max-snippet:-1","max-image-preview":"max-image-preview:large","max-video-preview":"max-video-preview:-1"},"canonical":"https:\/\/redfoxlotto.com\/sv\/lotteri\/powerball\/","og_locale":"sv_SE","og_type":"article","og_title":"K\u00f6p Powerball-biljetter online fr\u00e5n Sverige | Vinn Powerball h\u00e4r","og_description":"Hur k\u00f6per jag en lott online f\u00f6r Powerball Lotto USA? V\u00e5r tj\u00e4nst \u00e4r att l\u00e5ta dig delta i Powerball USA fr\u00e5n Sverige","og_url":"https:\/\/redfoxlotto.com\/sv\/lotteri\/powerball\/","og_site_name":"Get Tickets for the World\u2019s largest jackpots","article_modified_time":"2025-12-18T15:21:21+00:00","og_image":[{"url":"https:\/\/redfoxlotto.com\/wp-content\/uploads\/sites\/9\/ticket_powerball3.jpg"}],"twitter_card":"summary_large_image","twitter_misc":{"Ber\u00e4knad l\u00e4stid":"5 minuter"},"schema":{"@context":"https:\/\/schema.org","@graph":[{"@type":"WebPage","@id":"https:\/\/redfoxlotto.com\/sv\/lotteri\/powerball\/","url":"https:\/\/redfoxlotto.com\/sv\/lotteri\/powerball\/","name":"K\u00f6p Powerball-biljetter online fr\u00e5n Sverige | Vinn Powerball h\u00e4r","isPartOf":{"@id":"https:\/\/redfoxlotto.com\/sv\/#website"},"primaryImageOfPage":{"@id":"https:\/\/redfoxlotto.com\/sv\/lotteri\/powerball\/#primaryimage"},"image":{"@id":"https:\/\/redfoxlotto.com\/sv\/lotteri\/powerball\/#primaryimage"},"thumbnailUrl":"https:\/\/redfoxlotto.com\/wp-content\/uploads\/sites\/9\/ticket_powerball3.jpg","datePublished":"2018-11-18T08:54:25+00:00","dateModified":"2025-12-18T15:21:21+00:00","description":"Hur k\u00f6per jag en lott online f\u00f6r Powerball Lotto USA? V\u00e5r tj\u00e4nst \u00e4r att l\u00e5ta dig delta i Powerball USA fr\u00e5n Sverige","breadcrumb":{"@id":"https:\/\/redfoxlotto.com\/sv\/lotteri\/powerball\/#breadcrumb"},"inLanguage":"sv-SE","potentialAction":[{"@type":"ReadAction","target":["https:\/\/redfoxlotto.com\/sv\/lotteri\/powerball\/"]}]},{"@type":"ImageObject","inLanguage":"sv-SE","@id":"https:\/\/redfoxlotto.com\/sv\/lotteri\/powerball\/#primaryimage","url":"https:\/\/redfoxlotto.com\/wp-content\/uploads\/sites\/9\/ticket_powerball3.jpg","contentUrl":"https:\/\/redfoxlotto.com\/wp-content\/uploads\/sites\/9\/ticket_powerball3.jpg"},{"@type":"BreadcrumbList","@id":"https:\/\/redfoxlotto.com\/sv\/lotteri\/powerball\/#breadcrumb","itemListElement":[{"@type":"ListItem","position":1,"name":"Home","item":"https:\/\/redfoxlotto.com\/sv\/"},{"@type":"ListItem","position":2,"name":"Hur man k\u00f6per lotter online &#8211; k\u00f6pprocessen","item":"https:\/\/redfoxlotto.com\/sv\/lotteri\/"},{"@type":"ListItem","position":3,"name":"Om Powerball"}]},{"@type":"WebSite","@id":"https:\/\/redfoxlotto.com\/sv\/#website","url":"https:\/\/redfoxlotto.com\/sv\/","name":"Get Tickets for the World\u2019s largest jackpots","description":"Participate in worldwide lottery jackpots from any country","publisher":{"@id":"https:\/\/redfoxlotto.com\/sv\/#organization"},"potentialAction":[{"@type":"SearchAction","target":{"@type":"EntryPoint","urlTemplate":"https:\/\/redfoxlotto.com\/sv\/?s={search_term_string}"},"query-input":{"@type":"PropertyValueSpecification","valueRequired":true,"valueName":"search_term_string"}}],"inLanguage":"sv-SE"},{"@type":"Organization","@id":"https:\/\/redfoxlotto.com\/sv\/#organization","name":"Get Tickets for the World\u2019s largest jackpots","url":"https:\/\/redfoxlotto.com\/sv\/","logo":{"@type":"ImageObject","inLanguage":"sv-SE","@id":"https:\/\/redfoxlotto.com\/sv\/#\/schema\/logo\/image\/","url":"https:\/\/redfoxlotto.com\/wp-content\/uploads\/2023\/04\/logo.png","contentUrl":"https:\/\/redfoxlotto.com\/wp-content\/uploads\/2023\/04\/logo.png","width":269,"height":53,"caption":"Get Tickets for the World\u2019s largest jackpots"},"image":{"@id":"https:\/\/redfoxlotto.com\/sv\/#\/schema\/logo\/image\/"}}]}},"_links":{"self":[{"href":"https:\/\/redfoxlotto.com\/sv\/wp-json\/wp\/v2\/pages\/5099","targetHints":{"allow":["GET"]}}],"collection":[{"href":"https:\/\/redfoxlotto.com\/sv\/wp-json\/wp\/v2\/pages"}],"about":[{"href":"https:\/\/redfoxlotto.com\/sv\/wp-json\/wp\/v2\/types\/page"}],"author":[{"embeddable":true,"href":"https:\/\/redfoxlotto.com\/sv\/wp-json\/wp\/v2\/users\/1"}],"replies":[{"embeddable":true,"href":"https:\/\/redfoxlotto.com\/sv\/wp-json\/wp\/v2\/comments?post=5099"}],"version-history":[{"count":0,"href":"https:\/\/redfoxlotto.com\/sv\/wp-json\/wp\/v2\/pages\/5099\/revisions"}],"up":[{"embeddable":true,"href":"https:\/\/redfoxlotto.com\/sv\/wp-json\/wp\/v2\/pages\/5094"}],"wp:attachment":[{"href":"https:\/\/redfoxlotto.com\/sv\/wp-json\/wp\/v2\/media?parent=5099"}],"curies":[{"name":"wp","href":"https:\/\/api.w.org\/{rel}","templated":true}]}}