{"id":5097,"date":"2018-11-18T08:54:25","date_gmt":"2018-11-18T08:54:25","guid":{"rendered":"https:\/\/redfoxlotto.com\/?page_id=1731"},"modified":"2025-12-18T13:29:12","modified_gmt":"2025-12-18T13:29:12","slug":"mega-millions","status":"publish","type":"page","link":"https:\/\/redfoxlotto.com\/sv\/lotteri\/mega-millions\/","title":{"rendered":"Om Mega Millions"},"content":{"rendered":"<p><script type=\"application\/ld+json\">\n{\n  \"@context\": \"https:\/\/schema.org\",\n  \"@type\": \"Service\",\n  \"name\": \"Spela Mega Millions online\",\n  \"url\": \"https:\/\/redfoxlotto.com\/sv\/lotteries\/mega-millions\",\n  \"description\": \"K\u00f6p officiella Mega Millions-lotter online fr\u00e5n vilket land som helst. Bes\u00f6k RedFoxLotto, v\u00e4lj dina nummer och delta i n\u00e4sta dragning.\",\n  \"serviceType\": \"Onlinef\u00f6rmedling av lotter\",<\/p>\n<p>  \"provider\": {\n    \"@type\": \"Organization\",\n    \"name\": \"RedFoxLotto\",\n    \"url\": \"https:\/\/redfoxlotto.com\/sv\",\n    \"image\": \"https:\/\/redfoxlotto.com\/sv\/wp-content\/uploads\/2025\/12\/ticket_scans.jpg\",\n    \"sameAs\": []\n  },<\/p>\n<p>  \"areaServed\": \"Worldwide\",\n  \"termsOfService\": \"https:\/\/redfoxlotto.com\/terms-and-conditions\",<\/p>\n<p>  \"additionalProperty\": {\n    \"@type\": \"PropertyValue\",\n    \"name\": \"FAQ\",\n    \"value\": \"https:\/\/redfoxlotto.com\/sv\/faq\/\"\n  },<\/p>\n<p>  \"hasOfferCatalog\": {\n    \"@type\": \"OfferCatalog\",\n    \"name\": \"Mega Millions-lotter\",\n    \"itemListElement\": [\n      {\n        \"@type\": \"Offer\",\n        \"name\": \"Mega Millions-lotter\",\n        \"url\": \"https:\/\/redfoxlotto.com\/sv\/lotteries\/powerball\",\n        \"description\": \"K\u00f6p \u00e4kta lotter online f\u00f6r n\u00e4sta Mega Millions-dragning hos RedFoxLotto.\",\n        \"price\": \"13.00\",\n        \"priceCurrency\": \"\u20ac\",\n        \"availability\": \"https:\/\/schema.org\/InStock\",<\/p>\n<p>        \"itemOffered\": {\n          \"@type\": \"Service\",\n          \"name\": \"Mega Millions-lotteritj\u00e4nst\",\n          \"description\": \"Delta i n\u00e4sta Mega Millions-dragning \u2013 k\u00f6p lotter online via RedFoxLotto.\"\n        }\n      }\n    ]\n  },<\/p>\n<p>  \"mainEntityOfPage\": {\n    \"@type\": \"WebPage\",\n    \"@id\": \"https:\/\/redfoxlotto.com\/sv\/lotteries\/mega-millions\"\n  }\n}\n<\/script><\/p>\n<p>Detta lotteri i 44 amerikanska delstater var k\u00e4nt som &#8221;The Big Game&#8221; fram till 2002 och \u00e4r nu k\u00e4nt \u00f6ver hela v\u00e4rlden som Mega Millions. Tv\u00e5 dragningar i veckan (varje tisdag och fredag) h\u00e5lls f\u00f6r detta \u00e4ndam\u00e5l. Om du inte har h\u00f6rt talas om detta spel eller om du inte riktigt har uppm\u00e4rksammat det fram till nu kommer du definitivt att vilja ta en n\u00e4rmare titt och se vad du kan g\u00f6ra av detta.<\/p>\n<p>Det kommer definitivt att vara ett pris du vill vinna och det \u00e4r ett superl\u00e4tt spel f\u00f6r dig att spela ocks\u00e5. Det g\u00f6r det till en win-win f\u00f6r dig att k\u00f6pa Mega Millions-biljetter online fr\u00e5n Sverige.<\/p>\n<h2>Mega Millions Jackpot<\/h2>\n<p>Mega Millions \u00e4r k\u00e4nt f\u00f6r sina stora jackpottar. \u00c5r 2018 vanns en rekordjackpott p\u00e5 \u00f6ver 1,5 miljarder dollar av en enda lycklig kille. Det \u00e4r definitivt den typ av jackpott som du vill vinna, eller hur? Och oddsen \u00e4r definitivt inte s\u00e5 d\u00e5liga som de \u00e4r f\u00f6r vissa jackpottvinster.<\/p>\n<p>Vad som \u00e4r \u00e4nnu b\u00e4ttre med Mega Millions \u00e4r att jackpottarna alltid kommer att vara h\u00f6ga. Faktum \u00e4r att jackpotten b\u00f6rjar p\u00e5 40 miljoner dollar. S\u00e5 \u00e4ven om du vinner basjackpotten innan den b\u00f6rjar \u00f6ka (vilket s\u00e4llan h\u00e4nder) kommer du fortfarande att f\u00e5 en bra utbetalning.<br \/>\n<img loading=\"lazy\" decoding=\"async\" class=\"alignright wp-image\" src=\"https:\/\/content.redfoxlotto.com\/uploads\/sites\/9\/1_buy_mega_millions_lottery_tickets.jpg\" alt=\"buy tickets online\" width=\"287\" height=\"202\" \/><br \/>\nOm du vinner jackpotten senare, n\u00e4r den b\u00f6rjar \u00f6ka, kan du vinna mycket mer. \u00c4nnu b\u00e4ttre \u00e4r att dessa jackpottar \u00f6kar ganska snabbt. S\u00e5 vad som b\u00f6rjar p\u00e5 40 miljoner dollar idag kan l\u00e4tt bli \u00f6ver 100 miljoner dollar p\u00e5 bara en vecka eller mindre. D\u00e4rifr\u00e5n kan det g\u00e5 upp till flera hundra miljoner och du kanske bara kommer in p\u00e5 en annan miljarddollarsdragning. Det skulle definitivt vara v\u00e4rt investeringen p\u00e5 n\u00e5gra dollar f\u00f6r biljetter, eller hur?<\/p>\n<p>P\u00e5 v\u00e5r webbplats har du chansen att k\u00f6pa Mega Millions-biljetter online, \u00e4ven om du bor i Sverige. V\u00e4lj bara dina nummer, k\u00f6p din lott och v\u00e4nta p\u00e5 resultatet av dragningen! Vi kommer att g\u00e5 igenom n\u00e5gra av de \u00f6vergripande stegen och vad som kr\u00e4vs f\u00f6r att komma ig\u00e5ng om en minut, men l\u00e5t oss fokusera p\u00e5 Mega Millions sj\u00e4lv f\u00f6rst, ska vi?<\/p>\n<h2>Reglerna f\u00f6r Mega Millions<\/h2>\n<p>Reglerna f\u00f6r Mega Millions \u00e4r enkla. Du m\u00e5ste v\u00e4lja 5 nummer mellan 1 och 70, plus ett extra MegaBall-nummer. Alla nummer m\u00e5ste matchas f\u00f6r att vinna jackpotten. Det betyder inte att du inte kan vinna n\u00e5got om du inte f\u00e5r jackpotten. Det finns faktiskt ett antal olika priser som du kan vinna. P\u00e5 Mega Millions kan du vinna i nio prisintervall.<\/p>\n<p>Det som \u00e4r riktigt bra \u00e4r att du faktiskt kan vinna baserat p\u00e5 att du bara matchar ett enda nummer, s\u00e5 l\u00e4nge det numret \u00e4r MegaBall. Om du matchar det numret kommer du att vinna ett automatiskt pris och det \u00e4r bara b\u00f6rjan p\u00e5 det hela. Du kan vinna riktigt sm\u00e5 priser som bara ger dig tillbaka de pengar du spenderade f\u00f6r att k\u00f6pa lotten eller s\u00e5 kan du vinna stora priser som fortfarande \u00e4r mindre \u00e4n den faktiska jackpotten.<br \/>\nDessutom vinns varje pris under jackpotten individuellt. Det betyder att du inte beh\u00f6ver dela pengarna om n\u00e5gon annan vinner det priset ocks\u00e5.<\/p>\n<h2>K\u00f6pa en Mega Millions-lott online i Sverige<\/h2>\n<p>\u00c4r du redo att k\u00f6pa din f\u00f6rsta Mega Millions-biljett online? Om du \u00e4r det kommer du definitivt att vilja ta en titt p\u00e5 de steg som ing\u00e5r i processen. Vi g\u00f6r det s\u00e5 enkelt som m\u00f6jligt eftersom vi vet att du verkligen vill k\u00f6pa din lott, vara med p\u00e5 dragningen och sedan forts\u00e4tta med de andra sakerna som h\u00e4nder i ditt liv. S\u00e5 vi g\u00f6r det bara n\u00e5gra f\u00e5 steg.<\/p>\n<p>Det f\u00f6rsta steget \u00e4r att best\u00e4mma vad du ska k\u00f6pa. Om du vill k\u00f6pa Mega Millions-biljetter online kommer det att bli enkelt. Du hittar bara spelet och g\u00e5r in p\u00e5 sidan specifikt f\u00f6r det.<\/p>\n<p>Om du vill k\u00f6pa biljetter till andra spel kommer du att kunna se var och en av dem samt deras nuvarande jackpottar tillg\u00e4ngliga direkt p\u00e5 samma sk\u00e4rm och du kan g\u00e5 in p\u00e5 var och en av dessa individuellt ocks\u00e5. Det g\u00f6r det v\u00e4ldigt enkelt f\u00f6r dig att best\u00e4mma vad du ska g\u00f6ra och att plocka ut de biljetter du vill ha.<img loading=\"lazy\" decoding=\"async\" class=\"alignright wp-image\" src=\"https:\/\/content.redfoxlotto.com\/uploads\/sites\/9\/2_ticket_mega_millions2.jpg\" alt=\"k\u00f6p lotter online\" width=\"200\" height=\"207\" \/><\/p>\n<p>N\u00e4r du \u00e4r p\u00e5 sidan kan du ta reda p\u00e5 mer om Mega Millions och sedan kan du v\u00e4lja de nummer som du vill spela. Om du har specifika nummer som du vill ha kan du v\u00e4lja dem direkt p\u00e5 sk\u00e4rmen. Om du bara har n\u00e5gra f\u00e5 nummer och vill att resten ska tilldelas slumpm\u00e4ssigt \u00e4r det ocks\u00e5 ett alternativ. Eller s\u00e5 kan du v\u00e4lja att f\u00e5 en helt slumpm\u00e4ssig biljett. Det kommer att vara helt upp till dig. Hur som helst kommer du att veta om du har tillr\u00e4ckligt med nummer, f\u00f6r f\u00e5 eller f\u00f6r m\u00e5nga eftersom vi kommer att se till att din biljett \u00e4r giltig innan du ens kommer till n\u00e4sta sida.<\/p>\n<h2>Betalningsprocessen<\/h2>\n<p>N\u00e4r du har valt ut de Mega Millions-biljetter du vill ha kan du l\u00e4gga dem i din kundvagn och v\u00e4lja ytterligare biljetter om du vill, eller s\u00e5 kan du g\u00e5 vidare till kassan. N\u00e4r du checkar ut kommer du att beh\u00f6va ett konto hos oss, men vi g\u00f6r det superl\u00e4tt att st\u00e4lla in ocks\u00e5.<\/p>\n<p>Du fyller bara i lite grundl\u00e4ggande information om dig sj\u00e4lv s\u00e5 att du kan g\u00f6ra anspr\u00e5k p\u00e5 priserna om du beh\u00f6ver.<\/p>\n<p>Det \u00e4r allt som kr\u00e4vs. Du bekr\u00e4ftar ditt k\u00f6p, vi h\u00e4mtar biljetterna \u00e5t dig och de dyker upp direkt p\u00e5 ditt konto s\u00e5 att du kan titta och se om du har vunnit. Vi skickar till och med ett e-postmeddelande om din biljett vinner och visar dig direkt p\u00e5 ditt konto vilka nummer som har matchats fr\u00e5n ritningen. Du kommer inte att ha n\u00e5gra problem med att f\u00e5 en bra upplevelse med Mega Millions och du kommer att vilja forts\u00e4tta spela varje spel.<\/p>\n","protected":false},"excerpt":{"rendered":"<p>Detta lotteri i 44 amerikanska delstater var k\u00e4nt som &#8221;The Big Game&#8221; fram till 2002 och \u00e4r nu k\u00e4nt \u00f6ver hela v\u00e4rlden som Mega Millions. Tv\u00e5 dragningar i veckan (varje tisdag och fredag) h\u00e5lls f\u00f6r detta \u00e4ndam\u00e5l. Om du inte har h\u00f6rt talas om detta spel eller om du inte riktigt har uppm\u00e4rksammat det fram [&hellip;]<\/p>\n","protected":false},"author":1,"featured_media":0,"parent":5094,"menu_order":2,"comment_status":"closed","ping_status":"closed","template":"megamillion-info.php","meta":{"_et_pb_use_builder":"","_et_pb_old_content":"","_et_gb_content_width":"","exclude_from_search":false,"footnotes":""},"class_list":["post-5097","page","type-page","status-publish","hentry"],"yoast_head":"<!-- This site is optimized with the Yoast SEO plugin v27.4 - https:\/\/yoast.com\/product\/yoast-seo-wordpress\/ -->\n<title>K\u00f6p Mega Millions-biljetter online | Mega Millions \u00e4r nu tillg\u00e4ngligt fr\u00e5n Sverige<\/title>\n<meta name=\"description\" content=\"Ta reda p\u00e5 mer om Mega Millions Lotto USA och hur du kan k\u00f6pa Mega Millions-biljetter online, fr\u00e5n Sverige eller fr\u00e5n vilket land som helst i v\u00e4rlden\" \/>\n<meta name=\"robots\" content=\"index, follow, max-snippet:-1, max-image-preview:large, max-video-preview:-1\" \/>\n<link rel=\"canonical\" href=\"https:\/\/redfoxlotto.com\/sv\/lotteri\/mega-millions\/\" \/>\n<meta property=\"og:locale\" content=\"sv_SE\" \/>\n<meta property=\"og:type\" content=\"article\" \/>\n<meta property=\"og:title\" content=\"K\u00f6p Mega Millions-biljetter online | Mega Millions \u00e4r nu tillg\u00e4ngligt fr\u00e5n Sverige\" \/>\n<meta property=\"og:description\" content=\"Ta reda p\u00e5 mer om Mega Millions Lotto USA och hur du kan k\u00f6pa Mega Millions-biljetter online, fr\u00e5n Sverige eller fr\u00e5n vilket land som helst i v\u00e4rlden\" \/>\n<meta property=\"og:url\" content=\"https:\/\/redfoxlotto.com\/sv\/lotteri\/mega-millions\/\" \/>\n<meta property=\"og:site_name\" content=\"Get Tickets for the World\u2019s largest jackpots\" \/>\n<meta property=\"article:modified_time\" content=\"2025-12-18T13:29:12+00:00\" \/>\n<meta property=\"og:image\" content=\"https:\/\/content.redfoxlotto.com\/uploads\/sites\/9\/1_buy_mega_millions_lottery_tickets.jpg\" \/>\n<meta name=\"twitter:card\" content=\"summary_large_image\" \/>\n<meta name=\"twitter:label1\" content=\"Ber\u00e4knad l\u00e4stid\" \/>\n\t<meta name=\"twitter:data1\" content=\"5 minuter\" \/>\n<script type=\"application\/ld+json\" class=\"yoast-schema-graph\">{\"@context\":\"https:\\\/\\\/schema.org\",\"@graph\":[{\"@type\":\"WebPage\",\"@id\":\"https:\\\/\\\/redfoxlotto.com\\\/sv\\\/lotteri\\\/mega-millions\\\/\",\"url\":\"https:\\\/\\\/redfoxlotto.com\\\/sv\\\/lotteri\\\/mega-millions\\\/\",\"name\":\"K\u00f6p Mega Millions-biljetter online | Mega Millions \u00e4r nu tillg\u00e4ngligt fr\u00e5n Sverige\",\"isPartOf\":{\"@id\":\"https:\\\/\\\/redfoxlotto.com\\\/sv\\\/#website\"},\"primaryImageOfPage\":{\"@id\":\"https:\\\/\\\/redfoxlotto.com\\\/sv\\\/lotteri\\\/mega-millions\\\/#primaryimage\"},\"image\":{\"@id\":\"https:\\\/\\\/redfoxlotto.com\\\/sv\\\/lotteri\\\/mega-millions\\\/#primaryimage\"},\"thumbnailUrl\":\"https:\\\/\\\/content.redfoxlotto.com\\\/uploads\\\/sites\\\/9\\\/1_buy_mega_millions_lottery_tickets.jpg\",\"datePublished\":\"2018-11-18T08:54:25+00:00\",\"dateModified\":\"2025-12-18T13:29:12+00:00\",\"description\":\"Ta reda p\u00e5 mer om Mega Millions Lotto USA och hur du kan k\u00f6pa Mega Millions-biljetter online, fr\u00e5n Sverige eller fr\u00e5n vilket land som helst i v\u00e4rlden\",\"breadcrumb\":{\"@id\":\"https:\\\/\\\/redfoxlotto.com\\\/sv\\\/lotteri\\\/mega-millions\\\/#breadcrumb\"},\"inLanguage\":\"sv-SE\",\"potentialAction\":[{\"@type\":\"ReadAction\",\"target\":[\"https:\\\/\\\/redfoxlotto.com\\\/sv\\\/lotteri\\\/mega-millions\\\/\"]}]},{\"@type\":\"ImageObject\",\"inLanguage\":\"sv-SE\",\"@id\":\"https:\\\/\\\/redfoxlotto.com\\\/sv\\\/lotteri\\\/mega-millions\\\/#primaryimage\",\"url\":\"https:\\\/\\\/content.redfoxlotto.com\\\/uploads\\\/sites\\\/9\\\/1_buy_mega_millions_lottery_tickets.jpg\",\"contentUrl\":\"https:\\\/\\\/content.redfoxlotto.com\\\/uploads\\\/sites\\\/9\\\/1_buy_mega_millions_lottery_tickets.jpg\"},{\"@type\":\"BreadcrumbList\",\"@id\":\"https:\\\/\\\/redfoxlotto.com\\\/sv\\\/lotteri\\\/mega-millions\\\/#breadcrumb\",\"itemListElement\":[{\"@type\":\"ListItem\",\"position\":1,\"name\":\"Home\",\"item\":\"https:\\\/\\\/redfoxlotto.com\\\/sv\\\/\"},{\"@type\":\"ListItem\",\"position\":2,\"name\":\"Hur man k\u00f6per lotter online &#8211; k\u00f6pprocessen\",\"item\":\"https:\\\/\\\/redfoxlotto.com\\\/sv\\\/lotteri\\\/\"},{\"@type\":\"ListItem\",\"position\":3,\"name\":\"Om Mega Millions\"}]},{\"@type\":\"WebSite\",\"@id\":\"https:\\\/\\\/redfoxlotto.com\\\/sv\\\/#website\",\"url\":\"https:\\\/\\\/redfoxlotto.com\\\/sv\\\/\",\"name\":\"Get Tickets for the World\u2019s largest jackpots\",\"description\":\"Participate in worldwide lottery jackpots from any country\",\"publisher\":{\"@id\":\"https:\\\/\\\/redfoxlotto.com\\\/sv\\\/#organization\"},\"potentialAction\":[{\"@type\":\"SearchAction\",\"target\":{\"@type\":\"EntryPoint\",\"urlTemplate\":\"https:\\\/\\\/redfoxlotto.com\\\/sv\\\/?s={search_term_string}\"},\"query-input\":{\"@type\":\"PropertyValueSpecification\",\"valueRequired\":true,\"valueName\":\"search_term_string\"}}],\"inLanguage\":\"sv-SE\"},{\"@type\":\"Organization\",\"@id\":\"https:\\\/\\\/redfoxlotto.com\\\/sv\\\/#organization\",\"name\":\"Get Tickets for the World\u2019s largest jackpots\",\"url\":\"https:\\\/\\\/redfoxlotto.com\\\/sv\\\/\",\"logo\":{\"@type\":\"ImageObject\",\"inLanguage\":\"sv-SE\",\"@id\":\"https:\\\/\\\/redfoxlotto.com\\\/sv\\\/#\\\/schema\\\/logo\\\/image\\\/\",\"url\":\"https:\\\/\\\/redfoxlotto.com\\\/wp-content\\\/uploads\\\/2023\\\/04\\\/logo.png\",\"contentUrl\":\"https:\\\/\\\/redfoxlotto.com\\\/wp-content\\\/uploads\\\/2023\\\/04\\\/logo.png\",\"width\":269,\"height\":53,\"caption\":\"Get Tickets for the World\u2019s largest jackpots\"},\"image\":{\"@id\":\"https:\\\/\\\/redfoxlotto.com\\\/sv\\\/#\\\/schema\\\/logo\\\/image\\\/\"}}]}<\/script>\n<!-- \/ Yoast SEO plugin. -->","yoast_head_json":{"title":"K\u00f6p Mega Millions-biljetter online | Mega Millions \u00e4r nu tillg\u00e4ngligt fr\u00e5n Sverige","description":"Ta reda p\u00e5 mer om Mega Millions Lotto USA och hur du kan k\u00f6pa Mega Millions-biljetter online, fr\u00e5n Sverige eller fr\u00e5n vilket land som helst i v\u00e4rlden","robots":{"index":"index","follow":"follow","max-snippet":"max-snippet:-1","max-image-preview":"max-image-preview:large","max-video-preview":"max-video-preview:-1"},"canonical":"https:\/\/redfoxlotto.com\/sv\/lotteri\/mega-millions\/","og_locale":"sv_SE","og_type":"article","og_title":"K\u00f6p Mega Millions-biljetter online | Mega Millions \u00e4r nu tillg\u00e4ngligt fr\u00e5n Sverige","og_description":"Ta reda p\u00e5 mer om Mega Millions Lotto USA och hur du kan k\u00f6pa Mega Millions-biljetter online, fr\u00e5n Sverige eller fr\u00e5n vilket land som helst i v\u00e4rlden","og_url":"https:\/\/redfoxlotto.com\/sv\/lotteri\/mega-millions\/","og_site_name":"Get Tickets for the World\u2019s largest jackpots","article_modified_time":"2025-12-18T13:29:12+00:00","og_image":[{"url":"https:\/\/content.redfoxlotto.com\/uploads\/sites\/9\/1_buy_mega_millions_lottery_tickets.jpg","type":"","width":"","height":""}],"twitter_card":"summary_large_image","twitter_misc":{"Ber\u00e4knad l\u00e4stid":"5 minuter"},"schema":{"@context":"https:\/\/schema.org","@graph":[{"@type":"WebPage","@id":"https:\/\/redfoxlotto.com\/sv\/lotteri\/mega-millions\/","url":"https:\/\/redfoxlotto.com\/sv\/lotteri\/mega-millions\/","name":"K\u00f6p Mega Millions-biljetter online | Mega Millions \u00e4r nu tillg\u00e4ngligt fr\u00e5n Sverige","isPartOf":{"@id":"https:\/\/redfoxlotto.com\/sv\/#website"},"primaryImageOfPage":{"@id":"https:\/\/redfoxlotto.com\/sv\/lotteri\/mega-millions\/#primaryimage"},"image":{"@id":"https:\/\/redfoxlotto.com\/sv\/lotteri\/mega-millions\/#primaryimage"},"thumbnailUrl":"https:\/\/content.redfoxlotto.com\/uploads\/sites\/9\/1_buy_mega_millions_lottery_tickets.jpg","datePublished":"2018-11-18T08:54:25+00:00","dateModified":"2025-12-18T13:29:12+00:00","description":"Ta reda p\u00e5 mer om Mega Millions Lotto USA och hur du kan k\u00f6pa Mega Millions-biljetter online, fr\u00e5n Sverige eller fr\u00e5n vilket land som helst i v\u00e4rlden","breadcrumb":{"@id":"https:\/\/redfoxlotto.com\/sv\/lotteri\/mega-millions\/#breadcrumb"},"inLanguage":"sv-SE","potentialAction":[{"@type":"ReadAction","target":["https:\/\/redfoxlotto.com\/sv\/lotteri\/mega-millions\/"]}]},{"@type":"ImageObject","inLanguage":"sv-SE","@id":"https:\/\/redfoxlotto.com\/sv\/lotteri\/mega-millions\/#primaryimage","url":"https:\/\/content.redfoxlotto.com\/uploads\/sites\/9\/1_buy_mega_millions_lottery_tickets.jpg","contentUrl":"https:\/\/content.redfoxlotto.com\/uploads\/sites\/9\/1_buy_mega_millions_lottery_tickets.jpg"},{"@type":"BreadcrumbList","@id":"https:\/\/redfoxlotto.com\/sv\/lotteri\/mega-millions\/#breadcrumb","itemListElement":[{"@type":"ListItem","position":1,"name":"Home","item":"https:\/\/redfoxlotto.com\/sv\/"},{"@type":"ListItem","position":2,"name":"Hur man k\u00f6per lotter online &#8211; k\u00f6pprocessen","item":"https:\/\/redfoxlotto.com\/sv\/lotteri\/"},{"@type":"ListItem","position":3,"name":"Om Mega Millions"}]},{"@type":"WebSite","@id":"https:\/\/redfoxlotto.com\/sv\/#website","url":"https:\/\/redfoxlotto.com\/sv\/","name":"Get Tickets for the World\u2019s largest jackpots","description":"Participate in worldwide lottery jackpots from any country","publisher":{"@id":"https:\/\/redfoxlotto.com\/sv\/#organization"},"potentialAction":[{"@type":"SearchAction","target":{"@type":"EntryPoint","urlTemplate":"https:\/\/redfoxlotto.com\/sv\/?s={search_term_string}"},"query-input":{"@type":"PropertyValueSpecification","valueRequired":true,"valueName":"search_term_string"}}],"inLanguage":"sv-SE"},{"@type":"Organization","@id":"https:\/\/redfoxlotto.com\/sv\/#organization","name":"Get Tickets for the World\u2019s largest jackpots","url":"https:\/\/redfoxlotto.com\/sv\/","logo":{"@type":"ImageObject","inLanguage":"sv-SE","@id":"https:\/\/redfoxlotto.com\/sv\/#\/schema\/logo\/image\/","url":"https:\/\/redfoxlotto.com\/wp-content\/uploads\/2023\/04\/logo.png","contentUrl":"https:\/\/redfoxlotto.com\/wp-content\/uploads\/2023\/04\/logo.png","width":269,"height":53,"caption":"Get Tickets for the World\u2019s largest jackpots"},"image":{"@id":"https:\/\/redfoxlotto.com\/sv\/#\/schema\/logo\/image\/"}}]}},"_links":{"self":[{"href":"https:\/\/redfoxlotto.com\/sv\/wp-json\/wp\/v2\/pages\/5097","targetHints":{"allow":["GET"]}}],"collection":[{"href":"https:\/\/redfoxlotto.com\/sv\/wp-json\/wp\/v2\/pages"}],"about":[{"href":"https:\/\/redfoxlotto.com\/sv\/wp-json\/wp\/v2\/types\/page"}],"author":[{"embeddable":true,"href":"https:\/\/redfoxlotto.com\/sv\/wp-json\/wp\/v2\/users\/1"}],"replies":[{"embeddable":true,"href":"https:\/\/redfoxlotto.com\/sv\/wp-json\/wp\/v2\/comments?post=5097"}],"version-history":[{"count":0,"href":"https:\/\/redfoxlotto.com\/sv\/wp-json\/wp\/v2\/pages\/5097\/revisions"}],"up":[{"embeddable":true,"href":"https:\/\/redfoxlotto.com\/sv\/wp-json\/wp\/v2\/pages\/5094"}],"wp:attachment":[{"href":"https:\/\/redfoxlotto.com\/sv\/wp-json\/wp\/v2\/media?parent=5097"}],"curies":[{"name":"wp","href":"https:\/\/api.w.org\/{rel}","templated":true}]}}