{"id":5096,"date":"2018-11-18T08:54:25","date_gmt":"2018-11-18T08:54:25","guid":{"rendered":"https:\/\/redfoxlotto.com\/?page_id=1729"},"modified":"2025-12-18T15:02:00","modified_gmt":"2025-12-18T15:02:00","slug":"euromillions","status":"publish","type":"page","link":"https:\/\/redfoxlotto.com\/sv\/lotteri\/euromillions\/","title":{"rendered":"Om EuroMillions"},"content":{"rendered":"<p><script type=\"application\/ld+json\">\n{\n  \"@context\": \"https:\/\/schema.org\",\n  \"@type\": \"Service\",\n  \"name\": \"Spela Euromillions online\",\n  \"url\": \"https:\/\/redfoxlotto.com\/sv\/lotteries\/euromillions\/\",\n  \"description\": \"K\u00f6p officiella Euromillions-lotter online fr\u00e5n vilket land som helst. Bes\u00f6k RedFoxLotto, v\u00e4lj dina nummer och delta i n\u00e4sta dragning.\",\n  \"serviceType\": \"Online-lotteribiljettf\u00f6rmedlingstj\u00e4nst\",\n  \"provider\": {\n    \"@type\": \"Organization\",\n    \"name\": \"RedFoxLotto\",\n    \"url\": \"https:\/\/redfoxlotto.com\/sv\",\n    \"image\": \"https:\/\/redfoxlotto.com\/sv\/wp-content\/uploads\/2025\/12\/ticket_scans.jpg\",\n    \"sameAs\": []\n  },\n  \"areaServed\": \"Worldwide\",\n  \"termsOfService\": \"https:\/\/redfoxlotto.com\/terms-and-conditions\",\n  \"additionalProperty\": {\n    \"@type\": \"PropertyValue\",\n    \"name\": \"FAQ\",\n    \"value\": \"https:\/\/redfoxlotto.com\/sv\/faq\/\"\n  },\n  \"hasOfferCatalog\": {\n    \"@type\": \"OfferCatalog\",\n    \"name\": \"Euromillions-lotter\",\n    \"itemListElement\": [\n      {\n        \"@type\": \"Offer\",\n        \"name\": \"Euromillions-lotter\",\n        \"url\": \"https:\/\/redfoxlotto.com\/sv\/lotteries\/euromillions\",\n        \"description\": \"K\u00f6p riktiga lotter online f\u00f6r n\u00e4sta Euromillions-dragning via RedFoxLotto.\",\n        \"price\": \"7.00\",\n        \"priceCurrency\": \"\u20ac\",\n        \"availability\": \"https:\/\/schema.org\/InStock\",\n        \"itemOffered\": {\n          \"@type\": \"Service\",\n          \"name\": \"Euromillions-lotter\",\n          \"description\": \"Delta i n\u00e4sta Euromillions-dragning \u2013 k\u00f6p dina lotter online via RedFoxLotto.\"\n        }\n      }\n    ]\n  },\n  \"mainEntityOfPage\": {\n    \"@type\": \"WebPage\",\n    \"@id\": \"https:\/\/redfoxlotto.com\/sv\/lotteries\/euromillions\"\n  }\n}\n<\/script><\/p>\n<p>Euro Millions \u00e4r Europas st\u00f6rsta lotteri. Det lanserades 2004 och lotter kan k\u00f6pas i nio europeiska l\u00e4nder &#8211; eller, om du \u00e4r fr\u00e5n Sverige, kan du k\u00f6pa dina lotter online h\u00e4r.<\/p>\n<h2>K\u00f6p din EuroMillions-biljett fr\u00e5n Sverige<\/h2>\n<p>\u00c4r du redo att komma ig\u00e5ng och k\u00f6pa EuroMillions-biljetter online? Om du \u00e4r det kommer du att vilja veta n\u00e5gra saker om spelet innan du hoppar in, eller hur? Du vill se till att du \u00e4r beredd och att du vet allt du kan om spelet. Tja, det f\u00f6rsta du b\u00f6r veta \u00e4r n\u00e4r dragningarna kommer att \u00e4ga rum eftersom du vill vara s\u00e4ker p\u00e5 att du f\u00e5r din lotteri f\u00f6re n\u00e4sta dragning. Dragningarna f\u00f6r EuroMillions \u00e4ger rum varje tisdag och fredag i Paris.<\/p>\n<p>Vi ska prata mer om de nummer som du kan v\u00e4lja mellan och hur du ska f\u00e5 den lott som du vill ha om en minut, men f\u00f6r nu, l\u00e5t oss ta en n\u00e4rmare titt p\u00e5 den jackpot som du kan vinna. N\u00e4r allt kommer omkring \u00e4r det en av anledningarna till att du vill spela EuroMillions.<img loading=\"lazy\" decoding=\"async\" class=\"alignright wp-image\" src=\"https:\/\/content.redfoxlotto.com\/uploads\/sites\/9\/1_buy_euromillions_online.jpg\" alt=\"euromillions jackpott\" width=\"284\" height=\"190\" \/><\/p>\n<h2>EuroMillions jackpott<\/h2>\n<p>Som det st\u00f6rsta lotteriet i Europa har EuroMillions ocks\u00e5 enorma jackpottar. Faktum \u00e4r att jackpottarna ofta ligger p\u00e5 miljontals dollar och de st\u00f6rsta kommer definitivt att ligga i den h\u00f6ga \u00e4nden av det ocks\u00e5. Den h\u00f6gsta jackpotten hittills i detta lotteri var \u20ac 190,000,000. Den vanns av en anonym spelare den 24 oktober 2014.<\/p>\n<p>Det d\u00e4r \u00e4r en tillr\u00e4ckligt bra anledning f\u00f6r dig att ta en n\u00e4rmare titt p\u00e5 det h\u00e4r spelet och fundera p\u00e5 att k\u00f6pa en lott till dig sj\u00e4lv, eller hur? Tja, du kommer att \u00e4lska tanken p\u00e5 att vinna dessa pengar och du kan faktiskt fortfarande vinna en bra summa pengar \u00e4ven om du inte kommer upp till den jackpotten. Det beror p\u00e5 att startbeloppet till och med \u00e4r ett bra pris och de som \u00e4r hela v\u00e4gen i mitten mellan de l\u00e4gsta niv\u00e5erna och de h\u00f6gsta kommer ocks\u00e5 att vara bra.<\/p>\n<h2>Reglerna f\u00f6r EuroMillions<\/h2>\n<p>\u00c4r du redo att k\u00f6pa EuroMillions-biljetter online men du \u00e4r inte riktigt s\u00e4ker p\u00e5 var du ska g\u00f6ra eller hur &#8211; kanske f\u00f6r att du bor i Sverige? Tja, vi kommer att g\u00e5 igenom exakt vad du beh\u00f6ver g\u00f6ra och hur du ska v\u00e4lja ut de nummer som du vill se till att du har b\u00e4sta m\u00f6jliga chans att faktiskt vinna spelet.<\/p>\n<h2>S\u00e5, vad beh\u00f6ver du g\u00f6ra?<\/h2>\n<p>H\u00e4r v\u00e4ljer du 5 huvudnummer fr\u00e5n mellan 1 och 50 och tv\u00e5 ytterligare nummer, kallad Lucky Star, mellan 1 och 12. F\u00f6r att vinna i det l\u00e4gsta prisintervallet m\u00e5ste bara tv\u00e5 huvudnummer vara en matchning. Det betyder att du kommer att ha m\u00e5nga chanser d\u00e4r du kan vinna, \u00e4ven om du inte kommer att vinna mycket pengar om du bara matchar n\u00e5gra f\u00e5 nummer.<\/p>\n<p>Om du matchar flera nummer och s\u00e4rskilt om du matchar lyckliga stj\u00e4rnnummer kommer du att ha ett b\u00e4ttre pris tillg\u00e4ngligt. Det kommer definitivt att vara en bra f\u00f6rdel, eller hur? Du kan faktiskt f\u00f6rb\u00e4ttra dina odds f\u00f6r att f\u00e5 n\u00e5got och du kan definitivt njuta av att spela spelet.<\/p>\n<h2>V\u00e4lj ut din biljett<\/h2>\n<p>\u00c4r du redo att v\u00e4lja ut en biljett? Du kommer definitivt att vilja kolla in v\u00e5r process eftersom vi kommer att g\u00f6ra det riktigt enkelt f\u00f6r dig. Vi vet att du inte har s\u00e5 mycket tid och du vill se till att du g\u00f6r det mesta av den tiden. Men du vill fortfarande ha kul att spela EuroMillions och det betyder att du m\u00e5ste k\u00f6pa EuroMillions-biljetter online.<\/p>\n<p>Det f\u00f6rsta steget i v\u00e5r process \u00e4r att du best\u00e4mmer vilken biljett du ska f\u00e5. Om du redan har best\u00e4mt dig f\u00f6r EuroMillions s\u00e5 \u00e4r du redo. Men om du inte \u00e4r helt s\u00e4ker \u00e4nnu kommer du definitivt att vilja kolla in huvudsidan, d\u00e4r vi kommer att visa dig alla de b\u00e4sta jackpottarna och vilka spel du kanske vill titta p\u00e5. Det h\u00e4r \u00e4r de spel som vi erbjuder biljetter till.<\/p>\n<p>N\u00e4r du har best\u00e4mt dig f\u00f6r vilken lott du vill ha g\u00e5r du in p\u00e5 sidan och b\u00f6rjar v\u00e4lja ut numren f\u00f6r din lott. Du kan v\u00e4lja absolut alla nummer om du vill, s\u00e5 att du f\u00e5r en skr\u00e4ddarsydd biljett som passar det du gillar b\u00e4st.<\/p>\n<p>Du kan ocks\u00e5 v\u00e4lja att k\u00f6pa biljetter som slumpm\u00e4ssigt v\u00e4ljs ut \u00e5t dig. Det g\u00f6r det v\u00e4ldigt enkelt f\u00f6r dig att f\u00e5 en lott utan att beh\u00f6va spendera mycket tid p\u00e5 det. Och du f\u00e5r best\u00e4mma precis hur m\u00e5nga biljetter du vill k\u00f6pa ocks\u00e5, s\u00e5 att du har allt du beh\u00f6ver f\u00f6r att potentiellt vinna en stor jackpot.<\/p>\n<h2>K\u00f6pprocessen f\u00f6r EuroMillions<\/h2>\n<p>N\u00e4r du g\u00e5r igenom och plockar ut dina biljetter \u00e4r det sista du beh\u00f6ver g\u00f6ra att se till att du fyller i din kontoinformation. Vi kommer att g\u00e5 igenom processen f\u00f6r hur du skapar det kontot direkt, s\u00e5 att du kan se till att du f\u00e5r de biljetter du vill ha precis n\u00e4r du vill ha dem. Du kan \u00e4ven st\u00e4lla in de betalkonton du vill anv\u00e4nda h\u00e4r.<\/p>\n<p>N\u00e4r du har konfigurerat allt kommer du bara att beh\u00f6va l\u00e4gga de biljetter du vill ha i din kundvagn och sedan kan du k\u00f6pa dem alla samtidigt. Du kan till och med l\u00e4gga till biljetter fr\u00e5n olika spel i din kundvagn tillsammans och du kommer att kunna k\u00f6pa allt du beh\u00f6ver.<br \/>\n<img loading=\"lazy\" decoding=\"async\" class=\"alignright wp-image\" src=\"https:\/\/content.redfoxlotto.com\/uploads\/sites\/9\/1_buy_lottery_ticket.jpg\" alt=\"K\u00f6p biljetter online\" width=\"312\" height=\"107\" \/><br \/>\nN\u00e4r du v\u00e4l har best\u00e4mt dig f\u00f6r biljetterna kommer du att vara klar och du kommer att kunna v\u00e4nta och se vad som h\u00e4nder med dina biljetter. De du k\u00f6per kommer att dyka upp p\u00e5 ditt konto direkt och sedan kan du kolla in och se om du har vunnit senare.<\/p>\n<p>Vi skickar ett e-postmeddelande om du vinner och du kommer att kunna titta p\u00e5 ditt konto f\u00f6r att se vilka nummer du har som matchar de nummer som dras. Och det kommer att g\u00f6ra det l\u00e4ttare f\u00f6r dig att veta n\u00e4r du beh\u00f6ver l\u00f6sa in en biljett.<\/p>\n<h2>EuroMillions och den brittiska miljon\u00e4rmakaren<\/h2>\n<p>Spelare betalar lite mer f\u00f6r att EuroMillions-biljetter k\u00f6ps i Storbritannien. Detta beror p\u00e5 att brittiska biljetter kommer med en automatisk intr\u00e4de i Millionaire Maker-dragningen, vilket ger en extra m\u00f6jlighet att vinna en bel\u00f6ning p\u00e5 1 miljon pund.<\/p>\n<p>Millionaire Maker fungerar genom att generera en unik kod f\u00f6r varje k\u00f6pt biljett. Koden best\u00e5r av fyra bokst\u00e4ver f\u00f6ljt av fem siffror (t.ex. ABCD12345). I varje dragning, en eller flera av dessa koder v\u00e4ljs slumpm\u00e4ssigt, och biljettinnehavaren med den matchande koden vinner omedelbart 1 miljon \u00a3, oavsett de viktigaste EuroMillions-numren som dras.<\/p>\n<p>Denna funktion g\u00f6r det s\u00e4rskilt attraktivt att spela EuroMillions i Storbritannien, eftersom det ger en extra m\u00f6jlighet att vinna ett betydande pris ut\u00f6ver standardjackpotten och bel\u00f6ningar p\u00e5 l\u00e4gre niv\u00e5.<\/p>\n","protected":false},"excerpt":{"rendered":"<p>Euro Millions \u00e4r Europas st\u00f6rsta lotteri. Det lanserades 2004 och lotter kan k\u00f6pas i nio europeiska l\u00e4nder &#8211; eller, om du \u00e4r fr\u00e5n Sverige, kan du k\u00f6pa dina lotter online h\u00e4r. K\u00f6p din EuroMillions-biljett fr\u00e5n Sverige \u00c4r du redo att komma ig\u00e5ng och k\u00f6pa EuroMillions-biljetter online? Om du \u00e4r det kommer du att vilja veta [&hellip;]<\/p>\n","protected":false},"author":1,"featured_media":0,"parent":5094,"menu_order":3,"comment_status":"closed","ping_status":"closed","template":"euromillions-info.php","meta":{"_et_pb_use_builder":"","_et_pb_old_content":"","_et_gb_content_width":"","exclude_from_search":false,"footnotes":""},"class_list":["post-5096","page","type-page","status-publish","hentry"],"yoast_head":"<!-- This site is optimized with the Yoast SEO plugin v23.8 - https:\/\/yoast.com\/wordpress\/plugins\/seo\/ -->\n<title>K\u00f6p EuroMillions-biljetter online fr\u00e5n Sverige<\/title>\n<meta name=\"description\" content=\"Information om hur inv\u00e5nare i Sverige kan k\u00f6pa Euromillions-lotter online. Euromillions-lotteriet har Europas st\u00f6rsta jackpot\" \/>\n<meta name=\"robots\" content=\"index, follow, max-snippet:-1, max-image-preview:large, max-video-preview:-1\" \/>\n<link rel=\"canonical\" href=\"https:\/\/redfoxlotto.com\/sv\/lotteri\/euromillions\/\" \/>\n<meta property=\"og:locale\" content=\"sv_SE\" \/>\n<meta property=\"og:type\" content=\"article\" \/>\n<meta property=\"og:title\" content=\"K\u00f6p EuroMillions-biljetter online fr\u00e5n Sverige\" \/>\n<meta property=\"og:description\" content=\"Information om hur inv\u00e5nare i Sverige kan k\u00f6pa Euromillions-lotter online. Euromillions-lotteriet har Europas st\u00f6rsta jackpot\" \/>\n<meta property=\"og:url\" content=\"https:\/\/redfoxlotto.com\/sv\/lotteri\/euromillions\/\" \/>\n<meta property=\"og:site_name\" content=\"Get Tickets for the World\u2019s largest jackpots\" \/>\n<meta property=\"article:modified_time\" content=\"2025-12-18T15:02:00+00:00\" \/>\n<meta property=\"og:image\" content=\"https:\/\/content.redfoxlotto.com\/uploads\/sites\/9\/1_buy_euromillions_online.jpg\" \/>\n<meta name=\"twitter:card\" content=\"summary_large_image\" \/>\n<meta name=\"twitter:label1\" content=\"Ber\u00e4knad l\u00e4stid\" \/>\n\t<meta name=\"twitter:data1\" content=\"6 minuter\" \/>\n<script type=\"application\/ld+json\" class=\"yoast-schema-graph\">{\"@context\":\"https:\/\/schema.org\",\"@graph\":[{\"@type\":\"WebPage\",\"@id\":\"https:\/\/redfoxlotto.com\/sv\/lotteri\/euromillions\/\",\"url\":\"https:\/\/redfoxlotto.com\/sv\/lotteri\/euromillions\/\",\"name\":\"K\u00f6p EuroMillions-biljetter online fr\u00e5n Sverige\",\"isPartOf\":{\"@id\":\"https:\/\/redfoxlotto.com\/sv\/#website\"},\"primaryImageOfPage\":{\"@id\":\"https:\/\/redfoxlotto.com\/sv\/lotteri\/euromillions\/#primaryimage\"},\"image\":{\"@id\":\"https:\/\/redfoxlotto.com\/sv\/lotteri\/euromillions\/#primaryimage\"},\"thumbnailUrl\":\"https:\/\/content.redfoxlotto.com\/uploads\/sites\/9\/1_buy_euromillions_online.jpg\",\"datePublished\":\"2018-11-18T08:54:25+00:00\",\"dateModified\":\"2025-12-18T15:02:00+00:00\",\"description\":\"Information om hur inv\u00e5nare i Sverige kan k\u00f6pa Euromillions-lotter online. Euromillions-lotteriet har Europas st\u00f6rsta jackpot\",\"breadcrumb\":{\"@id\":\"https:\/\/redfoxlotto.com\/sv\/lotteri\/euromillions\/#breadcrumb\"},\"inLanguage\":\"sv-SE\",\"potentialAction\":[{\"@type\":\"ReadAction\",\"target\":[\"https:\/\/redfoxlotto.com\/sv\/lotteri\/euromillions\/\"]}]},{\"@type\":\"ImageObject\",\"inLanguage\":\"sv-SE\",\"@id\":\"https:\/\/redfoxlotto.com\/sv\/lotteri\/euromillions\/#primaryimage\",\"url\":\"https:\/\/content.redfoxlotto.com\/uploads\/sites\/9\/1_buy_euromillions_online.jpg\",\"contentUrl\":\"https:\/\/content.redfoxlotto.com\/uploads\/sites\/9\/1_buy_euromillions_online.jpg\"},{\"@type\":\"BreadcrumbList\",\"@id\":\"https:\/\/redfoxlotto.com\/sv\/lotteri\/euromillions\/#breadcrumb\",\"itemListElement\":[{\"@type\":\"ListItem\",\"position\":1,\"name\":\"Home\",\"item\":\"https:\/\/redfoxlotto.com\/sv\/\"},{\"@type\":\"ListItem\",\"position\":2,\"name\":\"Hur man k\u00f6per lotter online &#8211; k\u00f6pprocessen\",\"item\":\"https:\/\/redfoxlotto.com\/sv\/lotteri\/\"},{\"@type\":\"ListItem\",\"position\":3,\"name\":\"Om EuroMillions\"}]},{\"@type\":\"WebSite\",\"@id\":\"https:\/\/redfoxlotto.com\/sv\/#website\",\"url\":\"https:\/\/redfoxlotto.com\/sv\/\",\"name\":\"Get Tickets for the World\u2019s largest jackpots\",\"description\":\"Participate in worldwide lottery jackpots from any country\",\"publisher\":{\"@id\":\"https:\/\/redfoxlotto.com\/sv\/#organization\"},\"potentialAction\":[{\"@type\":\"SearchAction\",\"target\":{\"@type\":\"EntryPoint\",\"urlTemplate\":\"https:\/\/redfoxlotto.com\/sv\/?s={search_term_string}\"},\"query-input\":{\"@type\":\"PropertyValueSpecification\",\"valueRequired\":true,\"valueName\":\"search_term_string\"}}],\"inLanguage\":\"sv-SE\"},{\"@type\":\"Organization\",\"@id\":\"https:\/\/redfoxlotto.com\/sv\/#organization\",\"name\":\"Get Tickets for the World\u2019s largest jackpots\",\"url\":\"https:\/\/redfoxlotto.com\/sv\/\",\"logo\":{\"@type\":\"ImageObject\",\"inLanguage\":\"sv-SE\",\"@id\":\"https:\/\/redfoxlotto.com\/sv\/#\/schema\/logo\/image\/\",\"url\":\"https:\/\/redfoxlotto.com\/wp-content\/uploads\/2023\/04\/logo.png\",\"contentUrl\":\"https:\/\/redfoxlotto.com\/wp-content\/uploads\/2023\/04\/logo.png\",\"width\":269,\"height\":53,\"caption\":\"Get Tickets for the World\u2019s largest jackpots\"},\"image\":{\"@id\":\"https:\/\/redfoxlotto.com\/sv\/#\/schema\/logo\/image\/\"}}]}<\/script>\n<!-- \/ Yoast SEO plugin. -->","yoast_head_json":{"title":"K\u00f6p EuroMillions-biljetter online fr\u00e5n Sverige","description":"Information om hur inv\u00e5nare i Sverige kan k\u00f6pa Euromillions-lotter online. Euromillions-lotteriet har Europas st\u00f6rsta jackpot","robots":{"index":"index","follow":"follow","max-snippet":"max-snippet:-1","max-image-preview":"max-image-preview:large","max-video-preview":"max-video-preview:-1"},"canonical":"https:\/\/redfoxlotto.com\/sv\/lotteri\/euromillions\/","og_locale":"sv_SE","og_type":"article","og_title":"K\u00f6p EuroMillions-biljetter online fr\u00e5n Sverige","og_description":"Information om hur inv\u00e5nare i Sverige kan k\u00f6pa Euromillions-lotter online. Euromillions-lotteriet har Europas st\u00f6rsta jackpot","og_url":"https:\/\/redfoxlotto.com\/sv\/lotteri\/euromillions\/","og_site_name":"Get Tickets for the World\u2019s largest jackpots","article_modified_time":"2025-12-18T15:02:00+00:00","og_image":[{"url":"https:\/\/content.redfoxlotto.com\/uploads\/sites\/9\/1_buy_euromillions_online.jpg"}],"twitter_card":"summary_large_image","twitter_misc":{"Ber\u00e4knad l\u00e4stid":"6 minuter"},"schema":{"@context":"https:\/\/schema.org","@graph":[{"@type":"WebPage","@id":"https:\/\/redfoxlotto.com\/sv\/lotteri\/euromillions\/","url":"https:\/\/redfoxlotto.com\/sv\/lotteri\/euromillions\/","name":"K\u00f6p EuroMillions-biljetter online fr\u00e5n Sverige","isPartOf":{"@id":"https:\/\/redfoxlotto.com\/sv\/#website"},"primaryImageOfPage":{"@id":"https:\/\/redfoxlotto.com\/sv\/lotteri\/euromillions\/#primaryimage"},"image":{"@id":"https:\/\/redfoxlotto.com\/sv\/lotteri\/euromillions\/#primaryimage"},"thumbnailUrl":"https:\/\/content.redfoxlotto.com\/uploads\/sites\/9\/1_buy_euromillions_online.jpg","datePublished":"2018-11-18T08:54:25+00:00","dateModified":"2025-12-18T15:02:00+00:00","description":"Information om hur inv\u00e5nare i Sverige kan k\u00f6pa Euromillions-lotter online. Euromillions-lotteriet har Europas st\u00f6rsta jackpot","breadcrumb":{"@id":"https:\/\/redfoxlotto.com\/sv\/lotteri\/euromillions\/#breadcrumb"},"inLanguage":"sv-SE","potentialAction":[{"@type":"ReadAction","target":["https:\/\/redfoxlotto.com\/sv\/lotteri\/euromillions\/"]}]},{"@type":"ImageObject","inLanguage":"sv-SE","@id":"https:\/\/redfoxlotto.com\/sv\/lotteri\/euromillions\/#primaryimage","url":"https:\/\/content.redfoxlotto.com\/uploads\/sites\/9\/1_buy_euromillions_online.jpg","contentUrl":"https:\/\/content.redfoxlotto.com\/uploads\/sites\/9\/1_buy_euromillions_online.jpg"},{"@type":"BreadcrumbList","@id":"https:\/\/redfoxlotto.com\/sv\/lotteri\/euromillions\/#breadcrumb","itemListElement":[{"@type":"ListItem","position":1,"name":"Home","item":"https:\/\/redfoxlotto.com\/sv\/"},{"@type":"ListItem","position":2,"name":"Hur man k\u00f6per lotter online &#8211; k\u00f6pprocessen","item":"https:\/\/redfoxlotto.com\/sv\/lotteri\/"},{"@type":"ListItem","position":3,"name":"Om EuroMillions"}]},{"@type":"WebSite","@id":"https:\/\/redfoxlotto.com\/sv\/#website","url":"https:\/\/redfoxlotto.com\/sv\/","name":"Get Tickets for the World\u2019s largest jackpots","description":"Participate in worldwide lottery jackpots from any country","publisher":{"@id":"https:\/\/redfoxlotto.com\/sv\/#organization"},"potentialAction":[{"@type":"SearchAction","target":{"@type":"EntryPoint","urlTemplate":"https:\/\/redfoxlotto.com\/sv\/?s={search_term_string}"},"query-input":{"@type":"PropertyValueSpecification","valueRequired":true,"valueName":"search_term_string"}}],"inLanguage":"sv-SE"},{"@type":"Organization","@id":"https:\/\/redfoxlotto.com\/sv\/#organization","name":"Get Tickets for the World\u2019s largest jackpots","url":"https:\/\/redfoxlotto.com\/sv\/","logo":{"@type":"ImageObject","inLanguage":"sv-SE","@id":"https:\/\/redfoxlotto.com\/sv\/#\/schema\/logo\/image\/","url":"https:\/\/redfoxlotto.com\/wp-content\/uploads\/2023\/04\/logo.png","contentUrl":"https:\/\/redfoxlotto.com\/wp-content\/uploads\/2023\/04\/logo.png","width":269,"height":53,"caption":"Get Tickets for the World\u2019s largest jackpots"},"image":{"@id":"https:\/\/redfoxlotto.com\/sv\/#\/schema\/logo\/image\/"}}]}},"_links":{"self":[{"href":"https:\/\/redfoxlotto.com\/sv\/wp-json\/wp\/v2\/pages\/5096","targetHints":{"allow":["GET"]}}],"collection":[{"href":"https:\/\/redfoxlotto.com\/sv\/wp-json\/wp\/v2\/pages"}],"about":[{"href":"https:\/\/redfoxlotto.com\/sv\/wp-json\/wp\/v2\/types\/page"}],"author":[{"embeddable":true,"href":"https:\/\/redfoxlotto.com\/sv\/wp-json\/wp\/v2\/users\/1"}],"replies":[{"embeddable":true,"href":"https:\/\/redfoxlotto.com\/sv\/wp-json\/wp\/v2\/comments?post=5096"}],"version-history":[{"count":0,"href":"https:\/\/redfoxlotto.com\/sv\/wp-json\/wp\/v2\/pages\/5096\/revisions"}],"up":[{"embeddable":true,"href":"https:\/\/redfoxlotto.com\/sv\/wp-json\/wp\/v2\/pages\/5094"}],"wp:attachment":[{"href":"https:\/\/redfoxlotto.com\/sv\/wp-json\/wp\/v2\/media?parent=5096"}],"curies":[{"name":"wp","href":"https:\/\/api.w.org\/{rel}","templated":true}]}}