{"id":5095,"date":"2018-11-18T08:54:25","date_gmt":"2018-11-18T08:54:25","guid":{"rendered":"https:\/\/redfoxlotto.com\/?page_id=1727"},"modified":"2025-12-18T14:12:47","modified_gmt":"2025-12-18T14:12:47","slug":"eurojackpot","status":"publish","type":"page","link":"https:\/\/redfoxlotto.com\/sv\/lotteri\/eurojackpot\/","title":{"rendered":"Om Eurojackpot"},"content":{"rendered":"<p><script type=\"application\/ld+json\">\n{\n  \"@context\": \"https:\/\/schema.org\",\n  \"@type\": \"Service\",\n  \"name\": \"Spela Eurojackpot online\",\n  \"url\": \"https:\/\/redfoxlotto.com\/sv\/lotteries\/eurojackpot\/\",\n  \"description\": \"K\u00f6p officiella Eurojackpot-lotter online fr\u00e5n vilket land som helst. Bes\u00f6k RedFoxLotto, v\u00e4lj dina nummer och delta i n\u00e4sta dragning.\",\n  \"serviceType\": \"Onlinelotteri-biljettf\u00f6rmedlingstj\u00e4nst\",<\/p>\n<p>  \"provider\": {\n    \"@type\": \"Organization\",\n    \"name\": \"RedFoxLotto\",\n    \"url\": \"https:\/\/redfoxlotto.com\/sv\",\n    \"image\": \"https:\/\/redfoxlotto.com\/sv\/wp-content\/uploads\/2025\/12\/ticket_scans.jpg\",\n    \"sameAs\": []\n  },<\/p>\n<p>  \"areaServed\": \"Worldwide\",\n  \"termsOfService\": \"https:\/\/redfoxlotto.com\/terms-and-conditions\",<\/p>\n<p>  \"additionalProperty\": {\n    \"@type\": \"PropertyValue\",\n    \"name\": \"FAQ\",\n    \"value\": \"https:\/\/redfoxlotto.com\/sv\/faq\/\"\n  },<\/p>\n<p>  \"hasOfferCatalog\": {\n    \"@type\": \"OfferCatalog\",\n    \"name\": \"Eurojackpot-lotteribiljetter\",\n    \"itemListElement\": [\n      {\n        \"@type\": \"Offer\",\n        \"name\": \"Eurojackpot-lotteribiljetter\",\n        \"url\": \"https:\/\/redfoxlotto.com\/sv\/lotteries\/eurojackpot\",\n        \"description\": \"K\u00f6p riktiga biljetter online f\u00f6r n\u00e4sta Eurojackpot-dragning via RedFoxLotto.\",\n        \"price\": \"6.00\",\n        \"priceCurrency\": \"\u20ac\",\n        \"availability\": \"https:\/\/schema.org\/InStock\",<\/p>\n<p>        \"itemOffered\": {\n          \"@type\": \"Service\",\n          \"name\": \"Eurojackpot-lotteribiljetter\",\n          \"description\": \"Delta i n\u00e4sta Eurojackpot-dragning \u2013 k\u00f6p biljetter online via RedFoxLotto.\"\n        }\n      }\n    ]\n  },<\/p>\n<p>  \"mainEntityOfPage\": {\n    \"@type\": \"WebPage\",\n    \"@id\": \"https:\/\/redfoxlotto.com\/sv\/lotteries\/eurojackpot\/\"\n  }\n}\n<\/script><\/p>\n<p>Eurojackpot har funnits sedan 2012 och den fortsatte bara att \u00f6ka i popularitet sedan dess. En av orsakerna till detta \u00e4r att det definitivt b\u00f6rjar vinna lite n\u00e4r det g\u00e4ller jackpots och du kan faktiskt vinna en anst\u00e4ndig summa pengar (vi kommer att prata mer om den senare tanken). lotter kan k\u00f6pas i 17 deltagande europeiska l\u00e4nder, vilket g\u00f6r det riktigt bra f\u00f6r de l\u00e4nder som redan finns inom den regionen.<\/p>\n<p><!--more--><\/p>\n<p>Men hur \u00e4r det med m\u00e4nniskor som bor i Sverige &#8211; de kan inte bara g\u00e5 till en butik f\u00f6r att k\u00f6pa Eurojackpot-biljetter?<\/p>\n<p><strong>Om du bor i Sverige \u00e4r online-k\u00f6p v\u00e4gen att g\u00e5<\/strong>. Du kan ocks\u00e5 k\u00f6pa dina biljetter online fr\u00e5n oss om du inte bor i ett av de europeiska l\u00e4nderna.<\/p>\n<h2>Jackpotten<\/h2>\n<p><img decoding=\"async\" class=\"size-full wp-image alignright\" src=\"https:\/\/content.redfoxlotto.com\/uploads\/sites\/9\/1_ticket_eurojackpot2.jpg\" alt=\"eurojackpot\" \/><\/p>\n<p><a href=\"https:\/\/redfoxlotto.com\/sv\/spela\/eurojackpot\/\">Eurojackpot-lotteriet<\/a> har ett minimumbelopp p\u00e5 10 000 000 \u20ac. Det kommer definitivt att bli en enorm f\u00f6rdel f\u00f6r dig och en stor skillnad i ditt liv, eller hur? Du kommer definitivt inte att ha n\u00e5gra problem med att f\u00e5 riktigt coola saker med de pengarna eller betala av skulder eller n\u00e5got annat. Men det \u00e4r bara det minsta. Beloppet kan bli mycket st\u00f6rre. Faktum \u00e4r att den maximala utbetalningen kan uppg\u00e5 till 120 000 000 euro. Det kommer verkligen att bli en enorm m\u00e4ngd och en stor skillnad i ditt liv, men vad h\u00e4nder om ingen vinner? Alla belopp ut\u00f6ver det beloppet \u00f6verf\u00f6rs till den andra prisklassen.<\/p>\n<p>Vad det betyder \u00e4r att du kommer att ha f\u00f6rm\u00e5gan att vinna den j\u00e4tte jackpotten tills den n\u00e5r den gr\u00e4nsen. D\u00e4rifr\u00e5n kommer du att se det n\u00e4st h\u00f6gsta beloppet b\u00f6rja g\u00e5 upp och upp. Det betyder att du kan hamna med en enorm jackpot genom att matcha f\u00e4rre nummer, eftersom det andra niv\u00e5priset kommer att bli en riktigt bra bonus och en andra chans att vinna stort.<\/p>\n<h2>Reglerna f\u00f6r Eurojackpot<\/h2>\n<p>Om du vill spela Eurojackpot vill du se till att du har r\u00e4tt process f\u00f6r att g\u00f6ra det. Du vill se till att du spelar spelet r\u00e4tt och att din lott v\u00e4ljs p\u00e5 r\u00e4tt s\u00e4tt. Tja, du har tur eftersom dessa lotter \u00e4r superenkla att v\u00e4lja ut och du har inga problem att v\u00e4lja exakt vad du vill.<\/p>\n<p>Du v\u00e4ljer 5 huvudnummer mellan 1 och 50 och sedan tv\u00e5 ytterligare nummer mellan 1 och 12. S\u00e5 de fem huvudnumren kommer fortfarande att f\u00e5 ett pris \u00e4ven om du inte matchar de extra siffrorna eller stj\u00e4rnnumren. Det finns 12 prisniv\u00e5er.<\/p>\n<p>Detta inneb\u00e4r att det finns ett antal olika kombinationer av matchande nummer som du kan ha och att du f\u00e5r n\u00e5gon typ av pris. Du kan vinna bara tillr\u00e4ckligt f\u00f6r att t\u00e4cka kostnaden f\u00f6r din lott eller s\u00e5 kan du fortfarande vinna miljoner utan att beh\u00f6va matcha allt.<\/p>\n<p>F\u00f6r att vinna huvudpriset m\u00e5ste du naturligtvis ha alla fem huvudnummer och de tv\u00e5 ytterligare siffrorna r\u00e4tt. Detta kommer att bli komplicerat och det kommer att bli en riktigt s\u00e4llsynt sak, men det \u00e4r definitivt m\u00f6jligt. N\u00e4r allt kommer omkring kommer n\u00e5gon att vinna det, eller hur? Varf\u00f6r kan inte n\u00e5gon vara du? Vi tror att det absolut kan vara och allt du beh\u00f6ver g\u00f6ra \u00e4r att titta p\u00e5 processen att plocka ut din lott och sedan redo att k\u00f6pa.<\/p>\n<h2>K\u00f6p din Eurojackpot-lott<\/h2>\n<p><img decoding=\"async\" class=\"size-full wp-image alignright\" src=\"https:\/\/content.redfoxlotto.com\/uploads\/sites\/9\/1_eurojackpot_buy_ticket.jpg\" alt=\"k\u00f6p biljett till eurojackpot\" \/><\/p>\n<p><strong>Om du \u00e4r redo att k\u00f6pa Eurojackpot-lotter online<\/strong> \u00e4r du redo att titta p\u00e5 v\u00e5rt system och v\u00e5r webbplats. Allt du beh\u00f6ver g\u00f6ra \u00e4r att g\u00e5 online och titta, men du \u00e4r redan d\u00e4r. S\u00e5 vad ska du g\u00f6ra nu? Du vill titta p\u00e5 de olika lotterna vi har tillg\u00e4ngliga.<\/p>\n<p>Vi erbjuder de b\u00e4sta lotterna och spelen som \u00e4r de mest popul\u00e4ra, vilket ger dig de st\u00f6rsta jackpotterna. N\u00e4r du tittar kan du best\u00e4mma att du vill k\u00f6pa Eurojackpot-lotter och ta dig till en separat sida.<\/p>\n<p>P\u00e5 den h\u00e4r sidan kommer du att f\u00e5 mer information om Eurojackpot och du kommer att kunna plocka ut de lotter du vill ha. Du kan v\u00e4lja mellan vilket antal lotter du vill ha och du kan v\u00e4lja de nummer du vill ha p\u00e5 din lott. S\u00e5 l\u00e4nge dina nummer st\u00e4mmer \u00f6verens med de regler som vi har talat om ovan f\u00e5r du v\u00e4lja vilken kombination av nummer som helst p\u00e5 dina lotter.<\/p>\n<p>Naturligtvis, om du inte vet vilka nummer du faktiskt vill g\u00e5 med kan du absolut v\u00e4lja en snabbplocklott ist\u00e4llet.<\/p>\n<p>Med ett snabbt val kommer du att f\u00e5 en slumpm\u00e4ssig tilldelning av nummer som passar kraven. Detta l\u00e5ter dig f\u00e5 en lott men du beh\u00f6ver inte oroa dig f\u00f6r n\u00e5got annat. Om du vill v\u00e4lja n\u00e5gra alternativ men du inte vill v\u00e4lja ut alla siffror kan du faktiskt g\u00f6ra en kombination av de tv\u00e5, vilket definitivt kommer att g\u00f6ra det enkelt f\u00f6r dig att komma till det lottk\u00f6p.<\/p>\n<h2>Skapa ditt konto<\/h2>\n<p>N\u00e4r du har f\u00e5tt reda p\u00e5 alla siffror g\u00e5r du bara igenom processen att skapa ett konto. N\u00e4r du b\u00f6rjar skapa ditt konto \u00e4r det faktiskt superenkelt och allt du beh\u00f6ver g\u00f6ra \u00e4r att fylla i lite personlig information. Denna information kommer att g\u00f6ra det superl\u00e4tt f\u00f6r dig att l\u00e4gga pengar p\u00e5 ditt konto som du kan anv\u00e4nda f\u00f6r att betala f\u00f6r dina lotter och det kommer ocks\u00e5 att g\u00f6ra det riktigt enkelt f\u00f6r dig att ta ut pengar fr\u00e5n ditt konto n\u00e4r du vinner. Det \u00e4r superenkelt och enkelt ocks\u00e5.<\/p>\n<p>N\u00e4r du \u00e4r redo att plocka ut dina lotter loggar du bara tillbaka till ditt konto och du kan h\u00e4mta de lotter du vill ha. Om du vill ha snabba val \u00e4r det \u00e4nnu enklare och du kan till och med st\u00e4lla in f\u00f6r att g\u00f6ra dina lotter redo f\u00f6r flera Dragningar. <strong>Det betyder att du inte beh\u00f6ver oroa dig f\u00f6r att k\u00f6pa ytterligare lotter till n\u00e4sta teckning.<\/strong> Du beh\u00e5ller bara samma lott och du \u00e4r redo att g\u00e5.<\/p>\n","protected":false},"excerpt":{"rendered":"<p>Eurojackpot har funnits sedan 2012 och den fortsatte bara att \u00f6ka i popularitet sedan dess. En av orsakerna till detta \u00e4r att det definitivt b\u00f6rjar vinna lite n\u00e4r det g\u00e4ller jackpots och du kan faktiskt vinna en anst\u00e4ndig summa pengar (vi kommer att prata mer om den senare tanken). lotter kan k\u00f6pas i 17 deltagande [&hellip;]<\/p>\n","protected":false},"author":1,"featured_media":0,"parent":5094,"menu_order":4,"comment_status":"closed","ping_status":"closed","template":"eurojackpot-info.php","meta":{"_et_pb_use_builder":"","_et_pb_old_content":"","_et_gb_content_width":"","exclude_from_search":false,"footnotes":""},"class_list":["post-5095","page","type-page","status-publish","hentry"],"yoast_head":"<!-- This site is optimized with the Yoast SEO plugin v23.8 - https:\/\/yoast.com\/wordpress\/plugins\/seo\/ -->\n<title>Hur man k\u00f6per lotter fr\u00e5n Eurojackpot online fr\u00e5n Sverige<\/title>\n<meta name=\"description\" content=\"K\u00f6p Eurojackpot-biljetter online om du bor i Sverige. Anv\u00e4nd v\u00e5r tj\u00e4nst f\u00f6r att f\u00e5 din chans att vinna, med en officiell Eurojackpot-lott.\" \/>\n<meta name=\"robots\" content=\"index, follow, max-snippet:-1, max-image-preview:large, max-video-preview:-1\" \/>\n<link rel=\"canonical\" href=\"https:\/\/redfoxlotto.com\/sv\/lotteri\/eurojackpot\/\" \/>\n<meta property=\"og:locale\" content=\"sv_SE\" \/>\n<meta property=\"og:type\" content=\"article\" \/>\n<meta property=\"og:title\" content=\"Hur man k\u00f6per lotter fr\u00e5n Eurojackpot online fr\u00e5n Sverige\" \/>\n<meta property=\"og:description\" content=\"K\u00f6p Eurojackpot-biljetter online om du bor i Sverige. Anv\u00e4nd v\u00e5r tj\u00e4nst f\u00f6r att f\u00e5 din chans att vinna, med en officiell Eurojackpot-lott.\" \/>\n<meta property=\"og:url\" content=\"https:\/\/redfoxlotto.com\/sv\/lotteri\/eurojackpot\/\" \/>\n<meta property=\"og:site_name\" content=\"Get Tickets for the World\u2019s largest jackpots\" \/>\n<meta property=\"article:modified_time\" content=\"2025-12-18T14:12:47+00:00\" \/>\n<meta property=\"og:image\" content=\"https:\/\/content.redfoxlotto.com\/uploads\/sites\/9\/1_ticket_eurojackpot2.jpg\" \/>\n<meta name=\"twitter:card\" content=\"summary_large_image\" \/>\n<meta name=\"twitter:label1\" content=\"Ber\u00e4knad l\u00e4stid\" \/>\n\t<meta name=\"twitter:data1\" content=\"5 minuter\" \/>\n<script type=\"application\/ld+json\" class=\"yoast-schema-graph\">{\"@context\":\"https:\/\/schema.org\",\"@graph\":[{\"@type\":\"WebPage\",\"@id\":\"https:\/\/redfoxlotto.com\/sv\/lotteri\/eurojackpot\/\",\"url\":\"https:\/\/redfoxlotto.com\/sv\/lotteri\/eurojackpot\/\",\"name\":\"Hur man k\u00f6per lotter fr\u00e5n Eurojackpot online fr\u00e5n Sverige\",\"isPartOf\":{\"@id\":\"https:\/\/redfoxlotto.com\/sv\/#website\"},\"primaryImageOfPage\":{\"@id\":\"https:\/\/redfoxlotto.com\/sv\/lotteri\/eurojackpot\/#primaryimage\"},\"image\":{\"@id\":\"https:\/\/redfoxlotto.com\/sv\/lotteri\/eurojackpot\/#primaryimage\"},\"thumbnailUrl\":\"https:\/\/content.redfoxlotto.com\/uploads\/sites\/9\/1_ticket_eurojackpot2.jpg\",\"datePublished\":\"2018-11-18T08:54:25+00:00\",\"dateModified\":\"2025-12-18T14:12:47+00:00\",\"description\":\"K\u00f6p Eurojackpot-biljetter online om du bor i Sverige. Anv\u00e4nd v\u00e5r tj\u00e4nst f\u00f6r att f\u00e5 din chans att vinna, med en officiell Eurojackpot-lott.\",\"breadcrumb\":{\"@id\":\"https:\/\/redfoxlotto.com\/sv\/lotteri\/eurojackpot\/#breadcrumb\"},\"inLanguage\":\"sv-SE\",\"potentialAction\":[{\"@type\":\"ReadAction\",\"target\":[\"https:\/\/redfoxlotto.com\/sv\/lotteri\/eurojackpot\/\"]}]},{\"@type\":\"ImageObject\",\"inLanguage\":\"sv-SE\",\"@id\":\"https:\/\/redfoxlotto.com\/sv\/lotteri\/eurojackpot\/#primaryimage\",\"url\":\"https:\/\/content.redfoxlotto.com\/uploads\/sites\/9\/1_ticket_eurojackpot2.jpg\",\"contentUrl\":\"https:\/\/content.redfoxlotto.com\/uploads\/sites\/9\/1_ticket_eurojackpot2.jpg\"},{\"@type\":\"BreadcrumbList\",\"@id\":\"https:\/\/redfoxlotto.com\/sv\/lotteri\/eurojackpot\/#breadcrumb\",\"itemListElement\":[{\"@type\":\"ListItem\",\"position\":1,\"name\":\"Home\",\"item\":\"https:\/\/redfoxlotto.com\/sv\/\"},{\"@type\":\"ListItem\",\"position\":2,\"name\":\"Hur man k\u00f6per lotter online &#8211; k\u00f6pprocessen\",\"item\":\"https:\/\/redfoxlotto.com\/sv\/lotteri\/\"},{\"@type\":\"ListItem\",\"position\":3,\"name\":\"Om Eurojackpot\"}]},{\"@type\":\"WebSite\",\"@id\":\"https:\/\/redfoxlotto.com\/sv\/#website\",\"url\":\"https:\/\/redfoxlotto.com\/sv\/\",\"name\":\"Get Tickets for the World\u2019s largest jackpots\",\"description\":\"Participate in worldwide lottery jackpots from any country\",\"publisher\":{\"@id\":\"https:\/\/redfoxlotto.com\/sv\/#organization\"},\"potentialAction\":[{\"@type\":\"SearchAction\",\"target\":{\"@type\":\"EntryPoint\",\"urlTemplate\":\"https:\/\/redfoxlotto.com\/sv\/?s={search_term_string}\"},\"query-input\":{\"@type\":\"PropertyValueSpecification\",\"valueRequired\":true,\"valueName\":\"search_term_string\"}}],\"inLanguage\":\"sv-SE\"},{\"@type\":\"Organization\",\"@id\":\"https:\/\/redfoxlotto.com\/sv\/#organization\",\"name\":\"Get Tickets for the World\u2019s largest jackpots\",\"url\":\"https:\/\/redfoxlotto.com\/sv\/\",\"logo\":{\"@type\":\"ImageObject\",\"inLanguage\":\"sv-SE\",\"@id\":\"https:\/\/redfoxlotto.com\/sv\/#\/schema\/logo\/image\/\",\"url\":\"https:\/\/redfoxlotto.com\/wp-content\/uploads\/2023\/04\/logo.png\",\"contentUrl\":\"https:\/\/redfoxlotto.com\/wp-content\/uploads\/2023\/04\/logo.png\",\"width\":269,\"height\":53,\"caption\":\"Get Tickets for the World\u2019s largest jackpots\"},\"image\":{\"@id\":\"https:\/\/redfoxlotto.com\/sv\/#\/schema\/logo\/image\/\"}}]}<\/script>\n<!-- \/ Yoast SEO plugin. -->","yoast_head_json":{"title":"Hur man k\u00f6per lotter fr\u00e5n Eurojackpot online fr\u00e5n Sverige","description":"K\u00f6p Eurojackpot-biljetter online om du bor i Sverige. Anv\u00e4nd v\u00e5r tj\u00e4nst f\u00f6r att f\u00e5 din chans att vinna, med en officiell Eurojackpot-lott.","robots":{"index":"index","follow":"follow","max-snippet":"max-snippet:-1","max-image-preview":"max-image-preview:large","max-video-preview":"max-video-preview:-1"},"canonical":"https:\/\/redfoxlotto.com\/sv\/lotteri\/eurojackpot\/","og_locale":"sv_SE","og_type":"article","og_title":"Hur man k\u00f6per lotter fr\u00e5n Eurojackpot online fr\u00e5n Sverige","og_description":"K\u00f6p Eurojackpot-biljetter online om du bor i Sverige. Anv\u00e4nd v\u00e5r tj\u00e4nst f\u00f6r att f\u00e5 din chans att vinna, med en officiell Eurojackpot-lott.","og_url":"https:\/\/redfoxlotto.com\/sv\/lotteri\/eurojackpot\/","og_site_name":"Get Tickets for the World\u2019s largest jackpots","article_modified_time":"2025-12-18T14:12:47+00:00","og_image":[{"url":"https:\/\/content.redfoxlotto.com\/uploads\/sites\/9\/1_ticket_eurojackpot2.jpg"}],"twitter_card":"summary_large_image","twitter_misc":{"Ber\u00e4knad l\u00e4stid":"5 minuter"},"schema":{"@context":"https:\/\/schema.org","@graph":[{"@type":"WebPage","@id":"https:\/\/redfoxlotto.com\/sv\/lotteri\/eurojackpot\/","url":"https:\/\/redfoxlotto.com\/sv\/lotteri\/eurojackpot\/","name":"Hur man k\u00f6per lotter fr\u00e5n Eurojackpot online fr\u00e5n Sverige","isPartOf":{"@id":"https:\/\/redfoxlotto.com\/sv\/#website"},"primaryImageOfPage":{"@id":"https:\/\/redfoxlotto.com\/sv\/lotteri\/eurojackpot\/#primaryimage"},"image":{"@id":"https:\/\/redfoxlotto.com\/sv\/lotteri\/eurojackpot\/#primaryimage"},"thumbnailUrl":"https:\/\/content.redfoxlotto.com\/uploads\/sites\/9\/1_ticket_eurojackpot2.jpg","datePublished":"2018-11-18T08:54:25+00:00","dateModified":"2025-12-18T14:12:47+00:00","description":"K\u00f6p Eurojackpot-biljetter online om du bor i Sverige. Anv\u00e4nd v\u00e5r tj\u00e4nst f\u00f6r att f\u00e5 din chans att vinna, med en officiell Eurojackpot-lott.","breadcrumb":{"@id":"https:\/\/redfoxlotto.com\/sv\/lotteri\/eurojackpot\/#breadcrumb"},"inLanguage":"sv-SE","potentialAction":[{"@type":"ReadAction","target":["https:\/\/redfoxlotto.com\/sv\/lotteri\/eurojackpot\/"]}]},{"@type":"ImageObject","inLanguage":"sv-SE","@id":"https:\/\/redfoxlotto.com\/sv\/lotteri\/eurojackpot\/#primaryimage","url":"https:\/\/content.redfoxlotto.com\/uploads\/sites\/9\/1_ticket_eurojackpot2.jpg","contentUrl":"https:\/\/content.redfoxlotto.com\/uploads\/sites\/9\/1_ticket_eurojackpot2.jpg"},{"@type":"BreadcrumbList","@id":"https:\/\/redfoxlotto.com\/sv\/lotteri\/eurojackpot\/#breadcrumb","itemListElement":[{"@type":"ListItem","position":1,"name":"Home","item":"https:\/\/redfoxlotto.com\/sv\/"},{"@type":"ListItem","position":2,"name":"Hur man k\u00f6per lotter online &#8211; k\u00f6pprocessen","item":"https:\/\/redfoxlotto.com\/sv\/lotteri\/"},{"@type":"ListItem","position":3,"name":"Om Eurojackpot"}]},{"@type":"WebSite","@id":"https:\/\/redfoxlotto.com\/sv\/#website","url":"https:\/\/redfoxlotto.com\/sv\/","name":"Get Tickets for the World\u2019s largest jackpots","description":"Participate in worldwide lottery jackpots from any country","publisher":{"@id":"https:\/\/redfoxlotto.com\/sv\/#organization"},"potentialAction":[{"@type":"SearchAction","target":{"@type":"EntryPoint","urlTemplate":"https:\/\/redfoxlotto.com\/sv\/?s={search_term_string}"},"query-input":{"@type":"PropertyValueSpecification","valueRequired":true,"valueName":"search_term_string"}}],"inLanguage":"sv-SE"},{"@type":"Organization","@id":"https:\/\/redfoxlotto.com\/sv\/#organization","name":"Get Tickets for the World\u2019s largest jackpots","url":"https:\/\/redfoxlotto.com\/sv\/","logo":{"@type":"ImageObject","inLanguage":"sv-SE","@id":"https:\/\/redfoxlotto.com\/sv\/#\/schema\/logo\/image\/","url":"https:\/\/redfoxlotto.com\/wp-content\/uploads\/2023\/04\/logo.png","contentUrl":"https:\/\/redfoxlotto.com\/wp-content\/uploads\/2023\/04\/logo.png","width":269,"height":53,"caption":"Get Tickets for the World\u2019s largest jackpots"},"image":{"@id":"https:\/\/redfoxlotto.com\/sv\/#\/schema\/logo\/image\/"}}]}},"_links":{"self":[{"href":"https:\/\/redfoxlotto.com\/sv\/wp-json\/wp\/v2\/pages\/5095","targetHints":{"allow":["GET"]}}],"collection":[{"href":"https:\/\/redfoxlotto.com\/sv\/wp-json\/wp\/v2\/pages"}],"about":[{"href":"https:\/\/redfoxlotto.com\/sv\/wp-json\/wp\/v2\/types\/page"}],"author":[{"embeddable":true,"href":"https:\/\/redfoxlotto.com\/sv\/wp-json\/wp\/v2\/users\/1"}],"replies":[{"embeddable":true,"href":"https:\/\/redfoxlotto.com\/sv\/wp-json\/wp\/v2\/comments?post=5095"}],"version-history":[{"count":0,"href":"https:\/\/redfoxlotto.com\/sv\/wp-json\/wp\/v2\/pages\/5095\/revisions"}],"up":[{"embeddable":true,"href":"https:\/\/redfoxlotto.com\/sv\/wp-json\/wp\/v2\/pages\/5094"}],"wp:attachment":[{"href":"https:\/\/redfoxlotto.com\/sv\/wp-json\/wp\/v2\/media?parent=5095"}],"curies":[{"name":"wp","href":"https:\/\/api.w.org\/{rel}","templated":true}]}}