{"id":5094,"date":"2023-04-24T14:12:24","date_gmt":"2023-04-24T14:12:24","guid":{"rendered":"https:\/\/redfoxlotto.com\/?page_id=1725"},"modified":"2025-12-18T10:19:51","modified_gmt":"2025-12-18T10:19:51","slug":"lotteri","status":"publish","type":"page","link":"https:\/\/redfoxlotto.com\/sv\/lotteri\/","title":{"rendered":"Hur man k\u00f6per lotter online &#8211; k\u00f6pprocessen"},"content":{"rendered":"<p><script type=\"application\/ld+json\">\n{\n  \"@context\": \"https:\/\/schema.org\",\n  \"@type\": \"Service\",\n  \"name\": \"K\u00f6p lotter online\",\n  \"url\": \"https:\/\/redfoxlotto.com\/sv\/lotteries\/\",\n  \"description\": \"K\u00f6p lotter online \u2013 v\u00e4rldens b\u00e4sta lotterier finns tillg\u00e4ngliga h\u00e4r.\",\n  \"serviceType\": \"Online-lotteritj\u00e4nst\",<\/p>\n<p>  \"provider\": {\n    \"@type\": \"Organization\",\n    \"name\": \"RedFoxLotto\",\n    \"url\": \"https:\/\/redfoxlotto.com\/sv\/\",\n    \"image\": \"https:\/\/redfoxlotto.com\/wp-content\/uploads\/2025\/12\/ticket_scans.jpg\"\n  },<\/p>\n<p>  \"areaServed\": \"Worldwide\",\n  \"termsOfService\": \"https:\/\/redfoxlotto.com\/terms-and-conditions\",<\/p>\n<p>  \"additionalProperty\": {\n    \"@type\": \"PropertyValue\",\n    \"name\": \"FAQ\",\n    \"value\": \"https:\/\/redfoxlotto.com\/sv\/faq\/\"\n  },<\/p>\n<p>  \"hasOfferCatalog\": {\n    \"@type\": \"OfferCatalog\",\n    \"name\": \"Lotteribiljetter v\u00e4rlden \u00f6ver\",\n    \"itemListElement\": [\n      {\n        \"@type\": \"Offer\",\n        \"name\": \"Lotteribiljetter\",\n        \"url\": \"https:\/\/redfoxlotto.com\/sv\/lotteries\/\",\n        \"description\": \"Att k\u00f6pa lotter online \u00e4r s\u00e4kert och enkelt \u2013 s\u00e5 h\u00e4r fungerar det.\",\n        \"availability\": \"https:\/\/schema.org\/InStock\",<\/p>\n<p>        \"itemOffered\": {\n          \"@type\": \"Service\",\n          \"name\": \"Online-lotteribiljetter\",\n          \"description\": \"Delta i v\u00e4rldens st\u00f6rsta jackpottar \u2013 k\u00f6p dina lotter online via RedFoxLotto.\"\n        }\n      }\n    ]\n  },<\/p>\n<p>  \"mainEntityOfPage\": {\n    \"@type\": \"WebPage\",\n    \"@id\": \"https:\/\/redfoxlotto.com\/sv\/lotteries\/\"\n  }\n}\n<\/script><\/p>\n<p>\u00c4r du redo att k\u00f6pa lotter fr\u00e5n n\u00e5gonstans i v\u00e4rlden? Eller kanske \u00e4r du inte riktigt s\u00e4ker \u00e4nnu om du \u00e4r redo. Kanske \u00e4r du inte riktigt s\u00e4ker p\u00e5 att det verkligen kommer att bli kul f\u00f6r dig. Eller kanske du inte vet hur processen kommer att bli.<!--more--><\/p>\n<p><img decoding=\"async\" class=\"size-full wp-image alignright\" src=\"https:\/\/content.redfoxlotto.com\/uploads\/sites\/9\/1_lottery_ticket.jpg\" alt=\"hur man k\u00f6per lotter online\" \/><\/p>\n<p><strong>P\u00e5 v\u00e5r webbplats kan du k\u00f6pa lotto-lotter online f\u00f6r de st\u00f6rsta lotterierna i v\u00e4rlden<\/strong>. Och n\u00e4r vi s\u00e4ger v\u00e4rlden, pratar vi om den verkliga v\u00e4rlden, inte bara de lotter som du brukade k\u00f6pa i din hemstad. F\u00f6r oss inkluderar det <a href=\"https:\/\/redfoxlotto.com\/sv\/lotteri\/megamillions\/\">Mega Millions<\/a> och <a href=\"https:\/\/redfoxlotto.com\/sv\/lotteri\/powerball\/\">Powerball<\/a> fr\u00e5n USA, <a href=\"https:\/\/redfoxlotto.com\/sv\/lotteri\/euromillions\/\">EuroMillions<\/a>, <a href=\"https:\/\/redfoxlotto.com\/sv\/lotteri\/eurojackpot\/\">Eurojackpot<\/a>, El Gordo och La Primitiva fr\u00e5n Spanien, SuperEna fr\u00e5n Italien och m\u00e5nga fler.<\/p>\n<p>Det som \u00e4r \u00e4nnu b\u00e4ttre med att k\u00f6pa dessa lotter fr\u00e5n v\u00e5rt onlinesystem \u00e4r att du kan ha dina lotter i bara fyra enkla steg. Du beh\u00f6ver inte oroa dig f\u00f6r att g\u00e5 igenom en hel del h\u00e5rt arbete bara f\u00f6r att f\u00e5 en lott fr\u00e5n ett helt annat land. Att komma online kommer att g\u00f6ra allt detta till ett \u00f6gonblick f\u00f6r dig.<\/p>\n<h2>S\u00e5 h\u00e4r fungerar det att k\u00f6pa lotter online p\u00e5 fyra enkla steg:<\/h2>\n<h2>Steg 1 &#8211; Att v\u00e4lja ett lotteri<\/h2>\n<p>P\u00e5 RedFoxLotto.com v\u00e4ljer du ett lotteri du vill k\u00f6pa lotter till. P\u00e5 v\u00e5r hemsida kan du se lotterierna sorterade efter m\u00e4ngden av den aktuella jackpotten. P\u00e5 s\u00e5 s\u00e4tt kan du best\u00e4mma vilken som verkligen \u00e4r v\u00e4rd att k\u00f6pa \u00e5t dig och du kan till och med kolla in de olika lotterierna f\u00f6r att f\u00e5 mer information om dem.<br \/>\nOm du g\u00e5r in p\u00e5 var och en av sidorna kan du se n\u00e4r de ritar, hur mycket de \u00e4r och vilken typ av process det \u00e4r att v\u00e4lja siffrorna. S\u00e5 du kommer aldrig att g\u00e5 i blind.<\/p>\n<h3>Steg 2 &#8211; V\u00e4lj dina nummer<\/h3>\n<p>Anv\u00e4nd musen f\u00f6r att v\u00e4lja de siffror du vill ha. Rutorna anger hur m\u00e5nga nummer du beh\u00f6ver och kommer ocks\u00e5 att ber\u00e4tta om du beh\u00f6ver n\u00e5gra speciella nummer (som Powerball eller Mega-nummer f\u00f6r de lotterier du \u00e4r van vid). Om du inte vill v\u00e4lja dina egna nummer kan du ocks\u00e5 anv\u00e4nda funktionen &#8221;Snabbval&#8221; f\u00f6r att v\u00e4lja slumpnummer.<\/p>\n<p>N\u00e4r du v\u00e4ljer de slumpm\u00e4ssiga siffrorna f\u00e5r du fortfarande sista ordet. S\u00e5 om du har tv\u00e5 siffror som du inte gillar kan du byta ut dem f\u00f6r n\u00e5got annat. Du kan ocks\u00e5 ange n\u00e5gra av dina egna nummer f\u00f6rst och sedan v\u00e4lja de andra slumpm\u00e4ssigt.<\/p>\n<p>Du beh\u00f6ver inte oroa dig f\u00f6r att du inte har valt tillr\u00e4ckligt eller f\u00f6r m\u00e5nga nummer. I ett s\u00e5dant fall kommer systemet att varna dig och uppmana dig att l\u00e4gga till eller ta bort nummer innan du k\u00f6per lotterna. Det \u00e4r verkligen s\u00e5 enkelt som det.<\/p>\n<p>Du kan sedan k\u00f6pa fler lotter till andra lotterier och l\u00e4gga till dem i din best\u00e4llning. N\u00e4r du \u00e4r klar med alla lotter klickar du p\u00e5 &#8221;Betala nu&#8221;. Du kan k\u00f6pa flera lotter fr\u00e5n ett lotteri eller lotter fr\u00e5n alla kombinationer av lotterier i din kundvagn i slutet av denna process och betala f\u00f6r alla dem samtidigt och med en best\u00e4llning.<\/p>\n<h3>Steg 3 &#8211; Registrera eller logga in<\/h3>\n<p>Nu m\u00e5ste du registrera ett kundkonto hos oss f\u00f6r att k\u00f6pa <a href=\"https:\/\/redfoxlotto.com\/sv\/\">lotto-lotter online.<\/a> F\u00f6r detta beh\u00f6ver vi lite information fr\u00e5n dig. Detta \u00e4r f\u00f6r din egen s\u00e4kerhet eftersom du vill bli meddelad om du vinner. Om du redan \u00e4r registrerad hos oss beh\u00f6ver du bara logga in med dina inloggningsuppgifter. Om du har gl\u00f6mt ditt l\u00f6senord, anv\u00e4nd funktionen &#8221;Gl\u00f6mt l\u00f6senord&#8221;.<\/p>\n<h3>Steg 4 &#8211; Betala<\/h3>\n<p>V\u00e4lj ditt betalningss\u00e4tt p\u00e5 ditt kundkonto. De tillg\u00e4ngliga alternativen kan variera beroende p\u00e5 ditt hemland. Mastercard, Visa, omedelbar bank\u00f6verf\u00f6ring, Bitcoin, Neteller, Skrill och Paysafecard \u00e4r bara n\u00e5gra av betalningsalternativen. V\u00e4lj bara den du vill och klicka sedan p\u00e5 k\u00f6pknappen.<\/p>\n<p>Efter betalningen f\u00e5r du ett e-postmeddelande som bekr\u00e4ftar ditt k\u00f6p till din registrerade e-postadress. Det \u00e4r s\u00e5 att du kan se till att din best\u00e4llning har lagts och att du \u00e4r redo f\u00f6r dragningen.<\/p>\n<p>N\u00e4r du \u00e4r registrerad kan du ocks\u00e5 s\u00e4tta in pengar p\u00e5 ditt konto f\u00f6r att k\u00f6pa de lotter du vill ha senare. Det \u00e4r en superenkel process eftersom vi vill se till att du kan f\u00e5 de lotter du vill ha p\u00e5 nolltid alls. Naturligtvis kan du ocks\u00e5 bara l\u00e4gga till n\u00e5gra lotter i din kundvagn och sedan betala f\u00f6r dessa lotter f\u00f6r att slutf\u00f6ra din best\u00e4llning.<\/p>\n<p>Fyra steg och bara n\u00e5gra minuter s\u00e5 ska du vara redo och v\u00e4nta p\u00e5 dragningen. Och du beh\u00f6ver inte oroa dig f\u00f6r att du saknar n\u00e5gonting eftersom vi meddelar dig direkt om du vinner n\u00e5got fr\u00e5n ritningen.<\/p>\n<p><img decoding=\"async\" class=\"size-full wp-image alignright\" src=\"https:\/\/content.redfoxlotto.com\/uploads\/sites\/9\/1_buy_lottery_online.jpg\" alt=\"betala biljett online\" \/>Naturligtvis, om du vill checka in sj\u00e4lv kan du alltid g\u00e5 till ditt konto n\u00e4r du vill och du kan se de lotter du har k\u00f6pt och f\u00f6r vilka spel.<\/p>\n<h2>N\u00e4r du har k\u00f6pt dina biljetter online<\/h2>\n<p>Om du har vunnit n\u00e5got eller matchat n\u00e5gra siffror efter en ritning visar vi dig matchande nummer och ber\u00e4ttar direkt p\u00e5 din kontosida om du har vunnit. Vi l\u00e5ter dig ocks\u00e5 veta vad du beh\u00f6ver g\u00f6ra f\u00f6r att g\u00f6ra anspr\u00e5k p\u00e5 dina vinster s\u00e5 att du inte beh\u00f6ver oroa dig f\u00f6r att du saknar n\u00e5gonting.<\/p>\n<p>Att spela lotto med oss \u200b\u200b\u00e4r bara s\u00e5 enkelt, och det kommer att bli mycket roligare \u00e4n n\u00e5gonting du n\u00e5gonsin har spelat f\u00f6r, eftersom du kommer att ha en hel del fler alternativ. <strong>Det kommer definitivt att f\u00e5 dig till m\u00f6jligheten att k\u00f6pa lotto lotter online.<\/strong><\/p>\n","protected":false},"excerpt":{"rendered":"<p>\u00c4r du redo att k\u00f6pa lotter fr\u00e5n n\u00e5gonstans i v\u00e4rlden? Eller kanske \u00e4r du inte riktigt s\u00e4ker \u00e4nnu om du \u00e4r redo. Kanske \u00e4r du inte riktigt s\u00e4ker p\u00e5 att det verkligen kommer att bli kul f\u00f6r dig. Eller kanske du inte vet hur processen kommer att bli.<\/p>\n","protected":false},"author":1,"featured_media":0,"parent":0,"menu_order":3,"comment_status":"closed","ping_status":"closed","template":"Information.php","meta":{"_et_pb_use_builder":"","_et_pb_old_content":"","_et_gb_content_width":"","exclude_from_search":false,"footnotes":""},"class_list":["post-5094","page","type-page","status-publish","hentry"],"yoast_head":"<!-- This site is optimized with the Yoast SEO plugin v23.8 - https:\/\/yoast.com\/wordpress\/plugins\/seo\/ -->\n<title>K\u00f6p lotto biljetter online<\/title>\n<meta name=\"description\" content=\"Att k\u00f6pa v\u00e4rldomsp\u00e4nnande lotter \u00e4r s\u00e4kert och enkelt - s\u00e5 h\u00e4r fungerar det!\" \/>\n<meta name=\"robots\" content=\"index, follow, max-snippet:-1, max-image-preview:large, max-video-preview:-1\" \/>\n<link rel=\"canonical\" href=\"https:\/\/redfoxlotto.com\/sv\/lotteri\/\" \/>\n<meta property=\"og:locale\" content=\"sv_SE\" \/>\n<meta property=\"og:type\" content=\"article\" \/>\n<meta property=\"og:title\" content=\"K\u00f6p lotto biljetter online\" \/>\n<meta property=\"og:description\" content=\"Att k\u00f6pa v\u00e4rldomsp\u00e4nnande lotter \u00e4r s\u00e4kert och enkelt - s\u00e5 h\u00e4r fungerar det!\" \/>\n<meta property=\"og:url\" content=\"https:\/\/redfoxlotto.com\/sv\/lotteri\/\" \/>\n<meta property=\"og:site_name\" content=\"Get Tickets for the World\u2019s largest jackpots\" \/>\n<meta property=\"article:modified_time\" content=\"2025-12-18T10:19:51+00:00\" \/>\n<meta property=\"og:image\" content=\"https:\/\/content.redfoxlotto.com\/uploads\/sites\/9\/1_lottery_ticket.jpg\" \/>\n<meta name=\"twitter:card\" content=\"summary_large_image\" \/>\n<meta name=\"twitter:label1\" content=\"Ber\u00e4knad l\u00e4stid\" \/>\n\t<meta name=\"twitter:data1\" content=\"5 minuter\" \/>\n<script type=\"application\/ld+json\" class=\"yoast-schema-graph\">{\"@context\":\"https:\/\/schema.org\",\"@graph\":[{\"@type\":\"WebPage\",\"@id\":\"https:\/\/redfoxlotto.com\/sv\/lotteri\/\",\"url\":\"https:\/\/redfoxlotto.com\/sv\/lotteri\/\",\"name\":\"K\u00f6p lotto biljetter online\",\"isPartOf\":{\"@id\":\"https:\/\/redfoxlotto.com\/sv\/#website\"},\"primaryImageOfPage\":{\"@id\":\"https:\/\/redfoxlotto.com\/sv\/lotteri\/#primaryimage\"},\"image\":{\"@id\":\"https:\/\/redfoxlotto.com\/sv\/lotteri\/#primaryimage\"},\"thumbnailUrl\":\"https:\/\/content.redfoxlotto.com\/uploads\/sites\/9\/1_lottery_ticket.jpg\",\"datePublished\":\"2023-04-24T14:12:24+00:00\",\"dateModified\":\"2025-12-18T10:19:51+00:00\",\"description\":\"Att k\u00f6pa v\u00e4rldomsp\u00e4nnande lotter \u00e4r s\u00e4kert och enkelt - s\u00e5 h\u00e4r fungerar det!\",\"breadcrumb\":{\"@id\":\"https:\/\/redfoxlotto.com\/sv\/lotteri\/#breadcrumb\"},\"inLanguage\":\"sv-SE\",\"potentialAction\":[{\"@type\":\"ReadAction\",\"target\":[\"https:\/\/redfoxlotto.com\/sv\/lotteri\/\"]}]},{\"@type\":\"ImageObject\",\"inLanguage\":\"sv-SE\",\"@id\":\"https:\/\/redfoxlotto.com\/sv\/lotteri\/#primaryimage\",\"url\":\"https:\/\/content.redfoxlotto.com\/uploads\/sites\/9\/1_lottery_ticket.jpg\",\"contentUrl\":\"https:\/\/content.redfoxlotto.com\/uploads\/sites\/9\/1_lottery_ticket.jpg\"},{\"@type\":\"BreadcrumbList\",\"@id\":\"https:\/\/redfoxlotto.com\/sv\/lotteri\/#breadcrumb\",\"itemListElement\":[{\"@type\":\"ListItem\",\"position\":1,\"name\":\"Home\",\"item\":\"https:\/\/redfoxlotto.com\/sv\/\"},{\"@type\":\"ListItem\",\"position\":2,\"name\":\"Hur man k\u00f6per lotter online &#8211; k\u00f6pprocessen\"}]},{\"@type\":\"WebSite\",\"@id\":\"https:\/\/redfoxlotto.com\/sv\/#website\",\"url\":\"https:\/\/redfoxlotto.com\/sv\/\",\"name\":\"Get Tickets for the World\u2019s largest jackpots\",\"description\":\"Participate in worldwide lottery jackpots from any country\",\"publisher\":{\"@id\":\"https:\/\/redfoxlotto.com\/sv\/#organization\"},\"potentialAction\":[{\"@type\":\"SearchAction\",\"target\":{\"@type\":\"EntryPoint\",\"urlTemplate\":\"https:\/\/redfoxlotto.com\/sv\/?s={search_term_string}\"},\"query-input\":{\"@type\":\"PropertyValueSpecification\",\"valueRequired\":true,\"valueName\":\"search_term_string\"}}],\"inLanguage\":\"sv-SE\"},{\"@type\":\"Organization\",\"@id\":\"https:\/\/redfoxlotto.com\/sv\/#organization\",\"name\":\"Get Tickets for the World\u2019s largest jackpots\",\"url\":\"https:\/\/redfoxlotto.com\/sv\/\",\"logo\":{\"@type\":\"ImageObject\",\"inLanguage\":\"sv-SE\",\"@id\":\"https:\/\/redfoxlotto.com\/sv\/#\/schema\/logo\/image\/\",\"url\":\"https:\/\/redfoxlotto.com\/wp-content\/uploads\/2023\/04\/logo.png\",\"contentUrl\":\"https:\/\/redfoxlotto.com\/wp-content\/uploads\/2023\/04\/logo.png\",\"width\":269,\"height\":53,\"caption\":\"Get Tickets for the World\u2019s largest jackpots\"},\"image\":{\"@id\":\"https:\/\/redfoxlotto.com\/sv\/#\/schema\/logo\/image\/\"}}]}<\/script>\n<!-- \/ Yoast SEO plugin. -->","yoast_head_json":{"title":"K\u00f6p lotto biljetter online","description":"Att k\u00f6pa v\u00e4rldomsp\u00e4nnande lotter \u00e4r s\u00e4kert och enkelt - s\u00e5 h\u00e4r fungerar det!","robots":{"index":"index","follow":"follow","max-snippet":"max-snippet:-1","max-image-preview":"max-image-preview:large","max-video-preview":"max-video-preview:-1"},"canonical":"https:\/\/redfoxlotto.com\/sv\/lotteri\/","og_locale":"sv_SE","og_type":"article","og_title":"K\u00f6p lotto biljetter online","og_description":"Att k\u00f6pa v\u00e4rldomsp\u00e4nnande lotter \u00e4r s\u00e4kert och enkelt - s\u00e5 h\u00e4r fungerar det!","og_url":"https:\/\/redfoxlotto.com\/sv\/lotteri\/","og_site_name":"Get Tickets for the World\u2019s largest jackpots","article_modified_time":"2025-12-18T10:19:51+00:00","og_image":[{"url":"https:\/\/content.redfoxlotto.com\/uploads\/sites\/9\/1_lottery_ticket.jpg"}],"twitter_card":"summary_large_image","twitter_misc":{"Ber\u00e4knad l\u00e4stid":"5 minuter"},"schema":{"@context":"https:\/\/schema.org","@graph":[{"@type":"WebPage","@id":"https:\/\/redfoxlotto.com\/sv\/lotteri\/","url":"https:\/\/redfoxlotto.com\/sv\/lotteri\/","name":"K\u00f6p lotto biljetter online","isPartOf":{"@id":"https:\/\/redfoxlotto.com\/sv\/#website"},"primaryImageOfPage":{"@id":"https:\/\/redfoxlotto.com\/sv\/lotteri\/#primaryimage"},"image":{"@id":"https:\/\/redfoxlotto.com\/sv\/lotteri\/#primaryimage"},"thumbnailUrl":"https:\/\/content.redfoxlotto.com\/uploads\/sites\/9\/1_lottery_ticket.jpg","datePublished":"2023-04-24T14:12:24+00:00","dateModified":"2025-12-18T10:19:51+00:00","description":"Att k\u00f6pa v\u00e4rldomsp\u00e4nnande lotter \u00e4r s\u00e4kert och enkelt - s\u00e5 h\u00e4r fungerar det!","breadcrumb":{"@id":"https:\/\/redfoxlotto.com\/sv\/lotteri\/#breadcrumb"},"inLanguage":"sv-SE","potentialAction":[{"@type":"ReadAction","target":["https:\/\/redfoxlotto.com\/sv\/lotteri\/"]}]},{"@type":"ImageObject","inLanguage":"sv-SE","@id":"https:\/\/redfoxlotto.com\/sv\/lotteri\/#primaryimage","url":"https:\/\/content.redfoxlotto.com\/uploads\/sites\/9\/1_lottery_ticket.jpg","contentUrl":"https:\/\/content.redfoxlotto.com\/uploads\/sites\/9\/1_lottery_ticket.jpg"},{"@type":"BreadcrumbList","@id":"https:\/\/redfoxlotto.com\/sv\/lotteri\/#breadcrumb","itemListElement":[{"@type":"ListItem","position":1,"name":"Home","item":"https:\/\/redfoxlotto.com\/sv\/"},{"@type":"ListItem","position":2,"name":"Hur man k\u00f6per lotter online &#8211; k\u00f6pprocessen"}]},{"@type":"WebSite","@id":"https:\/\/redfoxlotto.com\/sv\/#website","url":"https:\/\/redfoxlotto.com\/sv\/","name":"Get Tickets for the World\u2019s largest jackpots","description":"Participate in worldwide lottery jackpots from any country","publisher":{"@id":"https:\/\/redfoxlotto.com\/sv\/#organization"},"potentialAction":[{"@type":"SearchAction","target":{"@type":"EntryPoint","urlTemplate":"https:\/\/redfoxlotto.com\/sv\/?s={search_term_string}"},"query-input":{"@type":"PropertyValueSpecification","valueRequired":true,"valueName":"search_term_string"}}],"inLanguage":"sv-SE"},{"@type":"Organization","@id":"https:\/\/redfoxlotto.com\/sv\/#organization","name":"Get Tickets for the World\u2019s largest jackpots","url":"https:\/\/redfoxlotto.com\/sv\/","logo":{"@type":"ImageObject","inLanguage":"sv-SE","@id":"https:\/\/redfoxlotto.com\/sv\/#\/schema\/logo\/image\/","url":"https:\/\/redfoxlotto.com\/wp-content\/uploads\/2023\/04\/logo.png","contentUrl":"https:\/\/redfoxlotto.com\/wp-content\/uploads\/2023\/04\/logo.png","width":269,"height":53,"caption":"Get Tickets for the World\u2019s largest jackpots"},"image":{"@id":"https:\/\/redfoxlotto.com\/sv\/#\/schema\/logo\/image\/"}}]}},"_links":{"self":[{"href":"https:\/\/redfoxlotto.com\/sv\/wp-json\/wp\/v2\/pages\/5094","targetHints":{"allow":["GET"]}}],"collection":[{"href":"https:\/\/redfoxlotto.com\/sv\/wp-json\/wp\/v2\/pages"}],"about":[{"href":"https:\/\/redfoxlotto.com\/sv\/wp-json\/wp\/v2\/types\/page"}],"author":[{"embeddable":true,"href":"https:\/\/redfoxlotto.com\/sv\/wp-json\/wp\/v2\/users\/1"}],"replies":[{"embeddable":true,"href":"https:\/\/redfoxlotto.com\/sv\/wp-json\/wp\/v2\/comments?post=5094"}],"version-history":[{"count":0,"href":"https:\/\/redfoxlotto.com\/sv\/wp-json\/wp\/v2\/pages\/5094\/revisions"}],"wp:attachment":[{"href":"https:\/\/redfoxlotto.com\/sv\/wp-json\/wp\/v2\/media?parent=5094"}],"curies":[{"name":"wp","href":"https:\/\/api.w.org\/{rel}","templated":true}]}}