{"id":49885,"date":"2023-04-13T18:01:41","date_gmt":"2023-04-13T18:01:41","guid":{"rendered":"https:\/\/redfoxlotto.eu\/?page_id=49885"},"modified":"2026-01-06T09:13:05","modified_gmt":"2026-01-06T09:13:05","slug":"home","status":"publish","type":"page","link":"https:\/\/redfoxlotto.com\/sv\/","title":{"rendered":"Ditt hemland spelar ingen roll, spela de st\u00f6rsta lotterierna i v\u00e4rlden."},"content":{"rendered":"<p><script type=\"application\/ld+json\">\n{\n  \"@context\": \"https:\/\/schema.org\",\n  \"@type\": \"Service\",\n  \"name\": \"Spela Powerball online\",\n  \"url\": \"https:\/\/redfoxlotto.com\/sv\/\",\n  \"description\": \"V\u00e4rldens st\u00f6rsta lotterijackpottar tillg\u00e4ngliga var som helst \u2013 k\u00f6p dina lotter online nu!\",\n  \"serviceType\": \"Onlinef\u00f6rmedlingstj\u00e4nst f\u00f6r lotter\",\n  \"provider\": {\n    \"@type\": \"Organization\",\n    \"name\": \"RedFoxLotto\",\n    \"url\": \"https:\/\/redfoxlotto.com\/sv\/\",\n    \"image\": \"https:\/\/redfoxlotto.com\/wp-content\/uploads\/2025\/12\/ticket_scans.jpg\"\n  },\n  \"areaServed\": \"\u00d6ver hela v\u00e4rlden\",\n  \"termsOfService\": \"https:\/\/redfoxlotto.com\/terms-and-conditions\",\n  \"additionalProperty\": {\n    \"@type\": \"PropertyValue\",\n    \"name\": \"Vanliga fr\u00e5gor\",\n    \"value\": \"https:\/\/redfoxlotto.com\/sv\/faq\/\"\n  },\n  \"hasOfferCatalog\": {\n    \"@type\": \"OfferCatalog\",\n    \"name\": \"Lotter f\u00f6r internationella lotterier\",\n    \"itemListElement\": [\n      {\n        \"@type\": \"Offer\",\n        \"name\": \"Lotter f\u00f6r Powerball, Mega Millions, Euromillions och fler\",\n        \"url\": \"https:\/\/redfoxlotto.com\/sv\/\",\n        \"description\": \"K\u00f6p lotter till v\u00e4rldens st\u00f6rsta lotterijackpottar.\",\n        \"availability\": \"https:\/\/schema.org\/InStock\",\n        \"itemOffered\": {\n          \"@type\": \"Service\",\n          \"name\": \"Internationella lotter\",\n          \"description\": \"Delta i internationella lotterier via RedFoxLotto.\"\n        }\n      }\n    ]\n  },\n  \"mainEntityOfPage\": {\n    \"@type\": \"WebPage\",\n    \"@id\": \"https:\/\/redfoxlotto.com\/sv\/\"\n  }\n}\n<\/script><\/p>\n<h2>Din bos\u00e4ttningsland spelar ingen roll \u2013 spela de st\u00f6rsta lotterierna i v\u00e4rlden<\/h2>\n<p><img loading=\"lazy\" decoding=\"async\" class=\"size-full wp-image-4467 alignright\" src=\"https:\/\/redfoxlotto.com\/wp-content\/uploads\/2024\/03\/Balls_2.png\" alt=\"online lotteribiljett\" width=\"212\" height=\"250\" \/>Hur m\u00e5nga g\u00e5nger har du h\u00f6rt talas om lotterivinnare runt om i v\u00e4rlden som har vunnit enorma summor pengar? Tyv\u00e4rr uppn\u00e5ddes dessa enorma vinster fr\u00e4mst i andra l\u00e4nder. Sj\u00e4lvklart dyker stora jackpottar upp i ditt eget land ibland, men det tar ofta ganska l\u00e5ng tid innan en jackpot blir tillr\u00e4ckligt stor. Om du v\u00e4ntar p\u00e5 en stor jackpot kan du beh\u00f6va v\u00e4nta ett tag.<\/p>\n<p>Nu kan du k\u00f6pa lotteribiljetter online f\u00f6r v\u00e4rldens st\u00f6rsta jackpottar. Det betyder att du kan delta i lotterier utanf\u00f6r ditt land. Detta \u00e4r helt lagligt och mycket bekv\u00e4mt. Du kan best\u00e4lla din biljett online med n\u00e5gra f\u00e5 klick och betala, till exempel med kreditkort via en helt s\u00e4ker process. Alternativt kan du anv\u00e4nda n\u00e5gon av v\u00e5ra andra betalningsmetoder. Du kommer snart att f\u00e5 ett bekr\u00e4ftelsemail. Ingen lottobiljett kan g\u00e5 f\u00f6rlorad, och vi meddelar automatiskt varje vinst. P\u00e5 s\u00e5 s\u00e4tt missar du ingen vinst bara f\u00f6r att du gl\u00f6mde kontrollera dina nummer med lotteriets resultat.<\/p>\n<h2>Den st\u00f6rsta f\u00f6rdelen med att k\u00f6pa en lotteribiljett online<\/h2>\n<p>Den st\u00f6rsta f\u00f6rdelen \u00e4r att du alltid kan k\u00f6pa biljetter till lotterier som f\u00f6r n\u00e4rvarande har de h\u00f6gsta jackpottarna. Det spelar ingen roll hur mycket pengar du spenderar p\u00e5 biljetter. Det \u00e4r definitivt mer ekonomiskt att investera i en jackpot p\u00e5 150 miljoner \u00e4n i en utdelning p\u00e5 tv\u00e5 miljoner. Med fler lotterier tillg\u00e4ngliga online hittar du minst en enorm jackpot varje vecka, vilket ger ett b\u00e4ttre kostnads-till-potentiell-vinst-f\u00f6rh\u00e5llande \u00e4n ditt lokala lotteri. Ibland kan dessa jackpottar n\u00e5 hisnande niv\u00e5er.<\/p>\n<p>V\u00e4rldsrekordet f\u00f6r jackpot \u00e4r 2 040 000 000 $ (juli 2023). Den vann den 22 november 2022 i den amerikanska Powerball-lotteriet. Den 13 januari 2016 fanns en annan jackpot p\u00e5 1,586 miljarder dollar, \u00e4ven den vann i amerikanska Powerball. Den tredje h\u00f6gsta jackpotten n\u00e5gonsin vann i Mega Millions-lotteriet den 23 oktober 2018, n\u00e4r en lycklig vinnare fick 1,537 miljarder dollar.<\/p>\n<p>M\u00e5nga av de tidigare st\u00f6rre vinsterna i dessa lotterier har uppn\u00e5tts genom att k\u00f6pa biljetter online.<\/p>\n<h2>Vad h\u00e4nder efter att jag best\u00e4llt min biljett online?<\/h2>\n<p><img loading=\"lazy\" decoding=\"async\" class=\"size-medium wp-image-39298 alignright\" src=\"https:\/\/redfoxlotto.com\/wp-content\/uploads\/2023\/04\/1_play_online_lotto.jpg\" alt=\"spela lotto online\" width=\"300\" height=\"300\" \/>Tj\u00e4nsten som tillhandah\u00e5lls av RedFoxLotto.com inneb\u00e4r att vi har anst\u00e4llda i l\u00e4nderna f\u00f6r de olika lotterierna som k\u00f6per de biljetter du best\u00e4llt. Dessa \u00e4r riktiga, officiella lotteribiljetter med de nummer du valt. Efter k\u00f6pet f\u00e5r du ett bekr\u00e4ftelsemail. I ditt kundomr\u00e5de kan du se din best\u00e4llning och kontrollera dina nummer. Kort efter best\u00e4llningen laddas en skanning av den k\u00f6pta biljetten upp till ditt konto.<\/p>\n<h2>Och om jag vinner?<\/h2>\n<p>Alla vinster under 2 500 \u20ac krediteras omedelbart till ditt RedFoxLotto-konto. F\u00f6r vinster \u00f6ver 2 500 \u20ac kontaktar v\u00e5r kundtj\u00e4nst dig f\u00f6r att arrangera utbetalningen och kontaktar den relevanta lotterikommissionen \u00e5t dig. En s\u00e5dan utbetalning sker vanligtvis direkt till ditt bankkonto eller via en check.<\/p>\n<p>Vi behandlar dina vinster gratis, f\u00f6rutom en liten avgift f\u00f6r bank\u00f6verf\u00f6ringar till vissa banker.<\/p>\n<p>F\u00f6r mer information, se v\u00e5ra FAQ eller kontakta supportteamet. Det finns ingen anledning att n\u00f6ja sig med mindre jackpottar \u2013 v\u00e4lj en st\u00f6rre jackpot och bli n\u00e4sta lotteri-miljon\u00e4r!<\/p>\n","protected":false},"excerpt":{"rendered":"<p>Din bos\u00e4ttningsland spelar ingen roll \u2013 spela de st\u00f6rsta lotterierna i v\u00e4rlden Hur m\u00e5nga g\u00e5nger har du h\u00f6rt talas om lotterivinnare runt om i v\u00e4rlden som har vunnit enorma summor pengar? Tyv\u00e4rr uppn\u00e5ddes dessa enorma vinster fr\u00e4mst i andra l\u00e4nder. Sj\u00e4lvklart dyker stora jackpottar upp i ditt eget land ibland, men det tar ofta ganska [&hellip;]<\/p>\n","protected":false},"author":1,"featured_media":0,"parent":0,"menu_order":1,"comment_status":"closed","ping_status":"closed","template":"lotto.php","meta":{"_et_pb_use_builder":"","_et_pb_old_content":"","_et_gb_content_width":"","exclude_from_search":false,"footnotes":""},"class_list":["post-49885","page","type-page","status-publish","hentry"],"yoast_head":"<!-- This site is optimized with the Yoast SEO plugin v23.8 - https:\/\/yoast.com\/wordpress\/plugins\/seo\/ -->\n<title>Lotteri online | K\u00f6p lotter till v\u00e4rldens st\u00f6rsta lotto jackpots<\/title>\n<meta name=\"description\" content=\"V\u00e4rldens st\u00f6rsta lotto-jackpotter tillg\u00e4ngliga var som helst - k\u00f6p dina lotter online nu!\" \/>\n<meta name=\"robots\" content=\"index, follow, max-snippet:-1, max-image-preview:large, max-video-preview:-1\" \/>\n<link rel=\"canonical\" href=\"https:\/\/redfoxlotto.com\/sv\/\" \/>\n<meta property=\"og:locale\" content=\"sv_SE\" \/>\n<meta property=\"og:type\" content=\"article\" \/>\n<meta property=\"og:title\" content=\"Lotteri online | K\u00f6p lotter till v\u00e4rldens st\u00f6rsta lotto jackpots\" \/>\n<meta property=\"og:description\" content=\"V\u00e4rldens st\u00f6rsta lotto-jackpotter tillg\u00e4ngliga var som helst - k\u00f6p dina lotter online nu!\" \/>\n<meta property=\"og:url\" content=\"https:\/\/redfoxlotto.com\/sv\/\" \/>\n<meta property=\"og:site_name\" content=\"Get Tickets for the World\u2019s largest jackpots\" \/>\n<meta property=\"article:modified_time\" content=\"2026-01-06T09:13:05+00:00\" \/>\n<meta property=\"og:image\" content=\"https:\/\/redfoxlotto.com\/wp-content\/uploads\/2024\/03\/Balls_2.png\" \/>\n<meta name=\"twitter:card\" content=\"summary_large_image\" \/>\n<meta name=\"twitter:label1\" content=\"Ber\u00e4knad l\u00e4stid\" \/>\n\t<meta name=\"twitter:data1\" content=\"4 minuter\" \/>\n<script type=\"application\/ld+json\" class=\"yoast-schema-graph\">{\"@context\":\"https:\/\/schema.org\",\"@graph\":[{\"@type\":\"WebPage\",\"@id\":\"https:\/\/redfoxlotto.com\/sv\/\",\"url\":\"https:\/\/redfoxlotto.com\/sv\/\",\"name\":\"Lotteri online | K\u00f6p lotter till v\u00e4rldens st\u00f6rsta lotto jackpots\",\"isPartOf\":{\"@id\":\"https:\/\/redfoxlotto.com\/sv\/#website\"},\"primaryImageOfPage\":{\"@id\":\"https:\/\/redfoxlotto.com\/sv\/#primaryimage\"},\"image\":{\"@id\":\"https:\/\/redfoxlotto.com\/sv\/#primaryimage\"},\"thumbnailUrl\":\"https:\/\/redfoxlotto.com\/wp-content\/uploads\/2024\/03\/Balls_2.png\",\"datePublished\":\"2023-04-13T18:01:41+00:00\",\"dateModified\":\"2026-01-06T09:13:05+00:00\",\"description\":\"V\u00e4rldens st\u00f6rsta lotto-jackpotter tillg\u00e4ngliga var som helst - k\u00f6p dina lotter online nu!\",\"breadcrumb\":{\"@id\":\"https:\/\/redfoxlotto.com\/sv\/#breadcrumb\"},\"inLanguage\":\"sv-SE\",\"potentialAction\":[{\"@type\":\"ReadAction\",\"target\":[\"https:\/\/redfoxlotto.com\/sv\/\"]}]},{\"@type\":\"ImageObject\",\"inLanguage\":\"sv-SE\",\"@id\":\"https:\/\/redfoxlotto.com\/sv\/#primaryimage\",\"url\":\"https:\/\/redfoxlotto.com\/wp-content\/uploads\/2024\/03\/Balls_2.png\",\"contentUrl\":\"https:\/\/redfoxlotto.com\/wp-content\/uploads\/2024\/03\/Balls_2.png\"},{\"@type\":\"BreadcrumbList\",\"@id\":\"https:\/\/redfoxlotto.com\/sv\/#breadcrumb\",\"itemListElement\":[{\"@type\":\"ListItem\",\"position\":1,\"name\":\"Home\",\"item\":\"https:\/\/redfoxlotto.com\/sv\/\"},{\"@type\":\"ListItem\",\"position\":2,\"name\":\"Ditt hemland spelar ingen roll, spela de st\u00f6rsta lotterierna i v\u00e4rlden.\"}]},{\"@type\":\"WebSite\",\"@id\":\"https:\/\/redfoxlotto.com\/sv\/#website\",\"url\":\"https:\/\/redfoxlotto.com\/sv\/\",\"name\":\"Get Tickets for the World\u2019s largest jackpots\",\"description\":\"Participate in worldwide lottery jackpots from any country\",\"publisher\":{\"@id\":\"https:\/\/redfoxlotto.com\/sv\/#organization\"},\"potentialAction\":[{\"@type\":\"SearchAction\",\"target\":{\"@type\":\"EntryPoint\",\"urlTemplate\":\"https:\/\/redfoxlotto.com\/sv\/?s={search_term_string}\"},\"query-input\":{\"@type\":\"PropertyValueSpecification\",\"valueRequired\":true,\"valueName\":\"search_term_string\"}}],\"inLanguage\":\"sv-SE\"},{\"@type\":\"Organization\",\"@id\":\"https:\/\/redfoxlotto.com\/sv\/#organization\",\"name\":\"Get Tickets for the World\u2019s largest jackpots\",\"url\":\"https:\/\/redfoxlotto.com\/sv\/\",\"logo\":{\"@type\":\"ImageObject\",\"inLanguage\":\"sv-SE\",\"@id\":\"https:\/\/redfoxlotto.com\/sv\/#\/schema\/logo\/image\/\",\"url\":\"https:\/\/redfoxlotto.com\/wp-content\/uploads\/2023\/04\/logo.png\",\"contentUrl\":\"https:\/\/redfoxlotto.com\/wp-content\/uploads\/2023\/04\/logo.png\",\"width\":269,\"height\":53,\"caption\":\"Get Tickets for the World\u2019s largest jackpots\"},\"image\":{\"@id\":\"https:\/\/redfoxlotto.com\/sv\/#\/schema\/logo\/image\/\"}}]}<\/script>\n<!-- \/ Yoast SEO plugin. -->","yoast_head_json":{"title":"Lotteri online | K\u00f6p lotter till v\u00e4rldens st\u00f6rsta lotto jackpots","description":"V\u00e4rldens st\u00f6rsta lotto-jackpotter tillg\u00e4ngliga var som helst - k\u00f6p dina lotter online nu!","robots":{"index":"index","follow":"follow","max-snippet":"max-snippet:-1","max-image-preview":"max-image-preview:large","max-video-preview":"max-video-preview:-1"},"canonical":"https:\/\/redfoxlotto.com\/sv\/","og_locale":"sv_SE","og_type":"article","og_title":"Lotteri online | K\u00f6p lotter till v\u00e4rldens st\u00f6rsta lotto jackpots","og_description":"V\u00e4rldens st\u00f6rsta lotto-jackpotter tillg\u00e4ngliga var som helst - k\u00f6p dina lotter online nu!","og_url":"https:\/\/redfoxlotto.com\/sv\/","og_site_name":"Get Tickets for the World\u2019s largest jackpots","article_modified_time":"2026-01-06T09:13:05+00:00","og_image":[{"url":"https:\/\/redfoxlotto.com\/wp-content\/uploads\/2024\/03\/Balls_2.png"}],"twitter_card":"summary_large_image","twitter_misc":{"Ber\u00e4knad l\u00e4stid":"4 minuter"},"schema":{"@context":"https:\/\/schema.org","@graph":[{"@type":"WebPage","@id":"https:\/\/redfoxlotto.com\/sv\/","url":"https:\/\/redfoxlotto.com\/sv\/","name":"Lotteri online | K\u00f6p lotter till v\u00e4rldens st\u00f6rsta lotto jackpots","isPartOf":{"@id":"https:\/\/redfoxlotto.com\/sv\/#website"},"primaryImageOfPage":{"@id":"https:\/\/redfoxlotto.com\/sv\/#primaryimage"},"image":{"@id":"https:\/\/redfoxlotto.com\/sv\/#primaryimage"},"thumbnailUrl":"https:\/\/redfoxlotto.com\/wp-content\/uploads\/2024\/03\/Balls_2.png","datePublished":"2023-04-13T18:01:41+00:00","dateModified":"2026-01-06T09:13:05+00:00","description":"V\u00e4rldens st\u00f6rsta lotto-jackpotter tillg\u00e4ngliga var som helst - k\u00f6p dina lotter online nu!","breadcrumb":{"@id":"https:\/\/redfoxlotto.com\/sv\/#breadcrumb"},"inLanguage":"sv-SE","potentialAction":[{"@type":"ReadAction","target":["https:\/\/redfoxlotto.com\/sv\/"]}]},{"@type":"ImageObject","inLanguage":"sv-SE","@id":"https:\/\/redfoxlotto.com\/sv\/#primaryimage","url":"https:\/\/redfoxlotto.com\/wp-content\/uploads\/2024\/03\/Balls_2.png","contentUrl":"https:\/\/redfoxlotto.com\/wp-content\/uploads\/2024\/03\/Balls_2.png"},{"@type":"BreadcrumbList","@id":"https:\/\/redfoxlotto.com\/sv\/#breadcrumb","itemListElement":[{"@type":"ListItem","position":1,"name":"Home","item":"https:\/\/redfoxlotto.com\/sv\/"},{"@type":"ListItem","position":2,"name":"Ditt hemland spelar ingen roll, spela de st\u00f6rsta lotterierna i v\u00e4rlden."}]},{"@type":"WebSite","@id":"https:\/\/redfoxlotto.com\/sv\/#website","url":"https:\/\/redfoxlotto.com\/sv\/","name":"Get Tickets for the World\u2019s largest jackpots","description":"Participate in worldwide lottery jackpots from any country","publisher":{"@id":"https:\/\/redfoxlotto.com\/sv\/#organization"},"potentialAction":[{"@type":"SearchAction","target":{"@type":"EntryPoint","urlTemplate":"https:\/\/redfoxlotto.com\/sv\/?s={search_term_string}"},"query-input":{"@type":"PropertyValueSpecification","valueRequired":true,"valueName":"search_term_string"}}],"inLanguage":"sv-SE"},{"@type":"Organization","@id":"https:\/\/redfoxlotto.com\/sv\/#organization","name":"Get Tickets for the World\u2019s largest jackpots","url":"https:\/\/redfoxlotto.com\/sv\/","logo":{"@type":"ImageObject","inLanguage":"sv-SE","@id":"https:\/\/redfoxlotto.com\/sv\/#\/schema\/logo\/image\/","url":"https:\/\/redfoxlotto.com\/wp-content\/uploads\/2023\/04\/logo.png","contentUrl":"https:\/\/redfoxlotto.com\/wp-content\/uploads\/2023\/04\/logo.png","width":269,"height":53,"caption":"Get Tickets for the World\u2019s largest jackpots"},"image":{"@id":"https:\/\/redfoxlotto.com\/sv\/#\/schema\/logo\/image\/"}}]}},"_links":{"self":[{"href":"https:\/\/redfoxlotto.com\/sv\/wp-json\/wp\/v2\/pages\/49885","targetHints":{"allow":["GET"]}}],"collection":[{"href":"https:\/\/redfoxlotto.com\/sv\/wp-json\/wp\/v2\/pages"}],"about":[{"href":"https:\/\/redfoxlotto.com\/sv\/wp-json\/wp\/v2\/types\/page"}],"author":[{"embeddable":true,"href":"https:\/\/redfoxlotto.com\/sv\/wp-json\/wp\/v2\/users\/1"}],"replies":[{"embeddable":true,"href":"https:\/\/redfoxlotto.com\/sv\/wp-json\/wp\/v2\/comments?post=49885"}],"version-history":[{"count":0,"href":"https:\/\/redfoxlotto.com\/sv\/wp-json\/wp\/v2\/pages\/49885\/revisions"}],"wp:attachment":[{"href":"https:\/\/redfoxlotto.com\/sv\/wp-json\/wp\/v2\/media?parent=49885"}],"curies":[{"name":"wp","href":"https:\/\/api.w.org\/{rel}","templated":true}]}}