{"id":14479,"date":"2020-08-18T09:19:26","date_gmt":"2020-08-18T09:19:26","guid":{"rendered":"https:\/\/redfoxlotto.com\/?page_id=14479"},"modified":"2023-05-24T17:53:17","modified_gmt":"2023-05-24T17:53:17","slug":"lotto-6aus49","status":"publish","type":"page","link":"https:\/\/redfoxlotto.com\/sv\/lotteri\/lotto-6aus49\/","title":{"rendered":"Om tyska Lotto 6 aus 49"},"content":{"rendered":"<p>N\u00e4r du v\u00e4l har best\u00e4mt att du vill spela den tyska Lotto \u00e4r det dags att faktiskt k\u00f6pa dina biljetter. Men hur k\u00f6per du biljetter till tyska lotto 6aus49 online? Det \u00e4r faktiskt l\u00e4ttare \u00e4n du kanske tror. Allt du beh\u00f6ver g\u00f6ra \u00e4r att bes\u00f6ka RedFoxLotto.com f\u00f6r att komma ig\u00e5ng.<\/p><!--more--><h2 class=\"wp-block-heading\">V\u00e4lj dina nummer<\/h2><p><img decoding=\"async\" class=\"size-full wp-image alignright\" src=\"https:\/\/content.redfoxlotto.com\/uploads\/sites\/9\/1_buy_lottery_online.jpg\" alt=\"tyska lottobiljetter\"><\/p><p>N\u00e4r du \u00e4r redo att spela v\u00e4ljer du bara 6 nummer mellan 1 och 49 och 1 mellan 0 och 9. Det \u00e4r allt som kr\u00e4vs. Om du sedan matchar minst tre nummer kommer du att vinna n\u00e5got genom spelet. Matcha \u00e4nnu mer s\u00e5 vinner du \u00e4nnu mer.<\/p><h2 class=\"wp-block-heading\">K\u00f6pa dina biljetter<\/h2><p><img loading=\"lazy\" decoding=\"async\" class=\" wp-image alignright\" src=\"https:\/\/content.redfoxlotto.com\/uploads\/sites\/9\/1_lottery_draw_balls.jpg\" alt=\"vinn lotteri online\" width=\"242\" height=\"242\" \/><\/p><p>Nu vet du redan hur du ska v\u00e4lja dina nummer men hur ska du k\u00f6pa biljetter? Det \u00e4r enkelt. Logga in p\u00e5 RedFoxLotto.com och v\u00e4lj de siffror du vill ha f\u00f6r det spel du vill ha. Det kan vara detta eller n\u00e5got annat spel. V\u00e4lj sedan hur m\u00e5nga ritningar du vill att dina biljetter ska vara bra f\u00f6r och ange \u00f6nskad betalningsmetod.<\/p><p>N\u00e4r du har lagt in din betalningsinformation och slutf\u00f6rt k\u00f6pet \u00e4r allt du beh\u00f6ver g\u00f6ra att v\u00e4nta med att ta reda p\u00e5 om du har vunnit n\u00e5got.<\/p><h2 class=\"wp-block-heading\">Vann du<\/h2><p>Om du k\u00f6per biljetter till German Lotto 6aus49 online vill du ocks\u00e5 ta reda p\u00e5 om du har vunnit online, och det \u00e4r l\u00e4ttare \u00e4n du kanske tror. Allt du beh\u00f6ver g\u00f6ra \u00e4r att logga in p\u00e5 ditt konto och kolla in biljettavsnittet f\u00f6r att se vinnande nummer och hur dina nummer j\u00e4mf\u00f6rs.<\/p>","protected":false},"excerpt":{"rendered":"<p>N\u00e4r du v\u00e4l har best\u00e4mt att du vill spela den tyska Lotto \u00e4r det dags att faktiskt k\u00f6pa dina biljetter. Men hur k\u00f6per du biljetter till tyska lotto 6aus49 online? Det \u00e4r faktiskt l\u00e4ttare \u00e4n du kanske tror. Allt du beh\u00f6ver g\u00f6ra \u00e4r att bes\u00f6ka RedFoxLotto.com f\u00f6r att komma ig\u00e5ng.<\/p>\n","protected":false},"author":1,"featured_media":0,"parent":5094,"menu_order":15,"comment_status":"closed","ping_status":"closed","template":"lotto-german-info.php","meta":{"_et_pb_use_builder":"","_et_pb_old_content":"","_et_gb_content_width":"","exclude_from_search":false,"footnotes":""},"class_list":["post-14479","page","type-page","status-publish","hentry"],"yoast_head":"<!-- This site is optimized with the Yoast SEO plugin v23.8 - https:\/\/yoast.com\/wordpress\/plugins\/seo\/ -->\n<title>Skaffa biljetter till Tysk Lotto online<\/title>\n<meta name=\"description\" content=\"Lotto-fans fr\u00e5n utanf\u00f6r Tyskland kan nu f\u00e5 biljetter till &quot;6 aus 49&quot; online\" \/>\n<meta name=\"robots\" content=\"index, follow, max-snippet:-1, max-image-preview:large, max-video-preview:-1\" \/>\n<link rel=\"canonical\" href=\"https:\/\/redfoxlotto.com\/sv\/lotteri\/lotto-6aus49\/\" \/>\n<meta property=\"og:locale\" content=\"sv_SE\" \/>\n<meta property=\"og:type\" content=\"article\" \/>\n<meta property=\"og:title\" content=\"Skaffa biljetter till Tysk Lotto online\" \/>\n<meta property=\"og:description\" content=\"Lotto-fans fr\u00e5n utanf\u00f6r Tyskland kan nu f\u00e5 biljetter till &quot;6 aus 49&quot; online\" \/>\n<meta property=\"og:url\" content=\"https:\/\/redfoxlotto.com\/sv\/lotteri\/lotto-6aus49\/\" \/>\n<meta property=\"og:site_name\" content=\"Get Tickets for the World\u2019s largest jackpots\" \/>\n<meta property=\"article:modified_time\" content=\"2023-05-24T17:53:17+00:00\" \/>\n<meta property=\"og:image\" content=\"https:\/\/content.redfoxlotto.com\/uploads\/sites\/9\/1_buy_lottery_online.jpg\" \/>\n<meta name=\"twitter:card\" content=\"summary_large_image\" \/>\n<meta name=\"twitter:label1\" content=\"Ber\u00e4knad l\u00e4stid\" \/>\n\t<meta name=\"twitter:data1\" content=\"2 minuter\" \/>\n<script type=\"application\/ld+json\" class=\"yoast-schema-graph\">{\"@context\":\"https:\/\/schema.org\",\"@graph\":[{\"@type\":\"WebPage\",\"@id\":\"https:\/\/redfoxlotto.com\/sv\/lotteri\/lotto-6aus49\/\",\"url\":\"https:\/\/redfoxlotto.com\/sv\/lotteri\/lotto-6aus49\/\",\"name\":\"Skaffa biljetter till Tysk Lotto online\",\"isPartOf\":{\"@id\":\"https:\/\/redfoxlotto.com\/sv\/#website\"},\"primaryImageOfPage\":{\"@id\":\"https:\/\/redfoxlotto.com\/sv\/lotteri\/lotto-6aus49\/#primaryimage\"},\"image\":{\"@id\":\"https:\/\/redfoxlotto.com\/sv\/lotteri\/lotto-6aus49\/#primaryimage\"},\"thumbnailUrl\":\"https:\/\/content.redfoxlotto.com\/uploads\/sites\/9\/1_buy_lottery_online.jpg\",\"datePublished\":\"2020-08-18T09:19:26+00:00\",\"dateModified\":\"2023-05-24T17:53:17+00:00\",\"description\":\"Lotto-fans fr\u00e5n utanf\u00f6r Tyskland kan nu f\u00e5 biljetter till \\\"6 aus 49\\\" online\",\"breadcrumb\":{\"@id\":\"https:\/\/redfoxlotto.com\/sv\/lotteri\/lotto-6aus49\/#breadcrumb\"},\"inLanguage\":\"sv-SE\",\"potentialAction\":[{\"@type\":\"ReadAction\",\"target\":[\"https:\/\/redfoxlotto.com\/sv\/lotteri\/lotto-6aus49\/\"]}]},{\"@type\":\"ImageObject\",\"inLanguage\":\"sv-SE\",\"@id\":\"https:\/\/redfoxlotto.com\/sv\/lotteri\/lotto-6aus49\/#primaryimage\",\"url\":\"https:\/\/content.redfoxlotto.com\/uploads\/sites\/9\/1_buy_lottery_online.jpg\",\"contentUrl\":\"https:\/\/content.redfoxlotto.com\/uploads\/sites\/9\/1_buy_lottery_online.jpg\"},{\"@type\":\"BreadcrumbList\",\"@id\":\"https:\/\/redfoxlotto.com\/sv\/lotteri\/lotto-6aus49\/#breadcrumb\",\"itemListElement\":[{\"@type\":\"ListItem\",\"position\":1,\"name\":\"Home\",\"item\":\"https:\/\/redfoxlotto.com\/sv\/\"},{\"@type\":\"ListItem\",\"position\":2,\"name\":\"Hur man k\u00f6per lotter online &#8211; k\u00f6pprocessen\",\"item\":\"https:\/\/redfoxlotto.com\/sv\/lotteri\/\"},{\"@type\":\"ListItem\",\"position\":3,\"name\":\"Om tyska Lotto 6 aus 49\"}]},{\"@type\":\"WebSite\",\"@id\":\"https:\/\/redfoxlotto.com\/sv\/#website\",\"url\":\"https:\/\/redfoxlotto.com\/sv\/\",\"name\":\"Get Tickets for the World\u2019s largest jackpots\",\"description\":\"Participate in worldwide lottery jackpots from any country\",\"publisher\":{\"@id\":\"https:\/\/redfoxlotto.com\/sv\/#organization\"},\"potentialAction\":[{\"@type\":\"SearchAction\",\"target\":{\"@type\":\"EntryPoint\",\"urlTemplate\":\"https:\/\/redfoxlotto.com\/sv\/?s={search_term_string}\"},\"query-input\":{\"@type\":\"PropertyValueSpecification\",\"valueRequired\":true,\"valueName\":\"search_term_string\"}}],\"inLanguage\":\"sv-SE\"},{\"@type\":\"Organization\",\"@id\":\"https:\/\/redfoxlotto.com\/sv\/#organization\",\"name\":\"Get Tickets for the World\u2019s largest jackpots\",\"url\":\"https:\/\/redfoxlotto.com\/sv\/\",\"logo\":{\"@type\":\"ImageObject\",\"inLanguage\":\"sv-SE\",\"@id\":\"https:\/\/redfoxlotto.com\/sv\/#\/schema\/logo\/image\/\",\"url\":\"https:\/\/redfoxlotto.com\/wp-content\/uploads\/2023\/04\/logo.png\",\"contentUrl\":\"https:\/\/redfoxlotto.com\/wp-content\/uploads\/2023\/04\/logo.png\",\"width\":269,\"height\":53,\"caption\":\"Get Tickets for the World\u2019s largest jackpots\"},\"image\":{\"@id\":\"https:\/\/redfoxlotto.com\/sv\/#\/schema\/logo\/image\/\"}}]}<\/script>\n<!-- \/ Yoast SEO plugin. -->","yoast_head_json":{"title":"Skaffa biljetter till Tysk Lotto online","description":"Lotto-fans fr\u00e5n utanf\u00f6r Tyskland kan nu f\u00e5 biljetter till \"6 aus 49\" online","robots":{"index":"index","follow":"follow","max-snippet":"max-snippet:-1","max-image-preview":"max-image-preview:large","max-video-preview":"max-video-preview:-1"},"canonical":"https:\/\/redfoxlotto.com\/sv\/lotteri\/lotto-6aus49\/","og_locale":"sv_SE","og_type":"article","og_title":"Skaffa biljetter till Tysk Lotto online","og_description":"Lotto-fans fr\u00e5n utanf\u00f6r Tyskland kan nu f\u00e5 biljetter till \"6 aus 49\" online","og_url":"https:\/\/redfoxlotto.com\/sv\/lotteri\/lotto-6aus49\/","og_site_name":"Get Tickets for the World\u2019s largest jackpots","article_modified_time":"2023-05-24T17:53:17+00:00","og_image":[{"url":"https:\/\/content.redfoxlotto.com\/uploads\/sites\/9\/1_buy_lottery_online.jpg"}],"twitter_card":"summary_large_image","twitter_misc":{"Ber\u00e4knad l\u00e4stid":"2 minuter"},"schema":{"@context":"https:\/\/schema.org","@graph":[{"@type":"WebPage","@id":"https:\/\/redfoxlotto.com\/sv\/lotteri\/lotto-6aus49\/","url":"https:\/\/redfoxlotto.com\/sv\/lotteri\/lotto-6aus49\/","name":"Skaffa biljetter till Tysk Lotto online","isPartOf":{"@id":"https:\/\/redfoxlotto.com\/sv\/#website"},"primaryImageOfPage":{"@id":"https:\/\/redfoxlotto.com\/sv\/lotteri\/lotto-6aus49\/#primaryimage"},"image":{"@id":"https:\/\/redfoxlotto.com\/sv\/lotteri\/lotto-6aus49\/#primaryimage"},"thumbnailUrl":"https:\/\/content.redfoxlotto.com\/uploads\/sites\/9\/1_buy_lottery_online.jpg","datePublished":"2020-08-18T09:19:26+00:00","dateModified":"2023-05-24T17:53:17+00:00","description":"Lotto-fans fr\u00e5n utanf\u00f6r Tyskland kan nu f\u00e5 biljetter till \"6 aus 49\" online","breadcrumb":{"@id":"https:\/\/redfoxlotto.com\/sv\/lotteri\/lotto-6aus49\/#breadcrumb"},"inLanguage":"sv-SE","potentialAction":[{"@type":"ReadAction","target":["https:\/\/redfoxlotto.com\/sv\/lotteri\/lotto-6aus49\/"]}]},{"@type":"ImageObject","inLanguage":"sv-SE","@id":"https:\/\/redfoxlotto.com\/sv\/lotteri\/lotto-6aus49\/#primaryimage","url":"https:\/\/content.redfoxlotto.com\/uploads\/sites\/9\/1_buy_lottery_online.jpg","contentUrl":"https:\/\/content.redfoxlotto.com\/uploads\/sites\/9\/1_buy_lottery_online.jpg"},{"@type":"BreadcrumbList","@id":"https:\/\/redfoxlotto.com\/sv\/lotteri\/lotto-6aus49\/#breadcrumb","itemListElement":[{"@type":"ListItem","position":1,"name":"Home","item":"https:\/\/redfoxlotto.com\/sv\/"},{"@type":"ListItem","position":2,"name":"Hur man k\u00f6per lotter online &#8211; k\u00f6pprocessen","item":"https:\/\/redfoxlotto.com\/sv\/lotteri\/"},{"@type":"ListItem","position":3,"name":"Om tyska Lotto 6 aus 49"}]},{"@type":"WebSite","@id":"https:\/\/redfoxlotto.com\/sv\/#website","url":"https:\/\/redfoxlotto.com\/sv\/","name":"Get Tickets for the World\u2019s largest jackpots","description":"Participate in worldwide lottery jackpots from any country","publisher":{"@id":"https:\/\/redfoxlotto.com\/sv\/#organization"},"potentialAction":[{"@type":"SearchAction","target":{"@type":"EntryPoint","urlTemplate":"https:\/\/redfoxlotto.com\/sv\/?s={search_term_string}"},"query-input":{"@type":"PropertyValueSpecification","valueRequired":true,"valueName":"search_term_string"}}],"inLanguage":"sv-SE"},{"@type":"Organization","@id":"https:\/\/redfoxlotto.com\/sv\/#organization","name":"Get Tickets for the World\u2019s largest jackpots","url":"https:\/\/redfoxlotto.com\/sv\/","logo":{"@type":"ImageObject","inLanguage":"sv-SE","@id":"https:\/\/redfoxlotto.com\/sv\/#\/schema\/logo\/image\/","url":"https:\/\/redfoxlotto.com\/wp-content\/uploads\/2023\/04\/logo.png","contentUrl":"https:\/\/redfoxlotto.com\/wp-content\/uploads\/2023\/04\/logo.png","width":269,"height":53,"caption":"Get Tickets for the World\u2019s largest jackpots"},"image":{"@id":"https:\/\/redfoxlotto.com\/sv\/#\/schema\/logo\/image\/"}}]}},"_links":{"self":[{"href":"https:\/\/redfoxlotto.com\/sv\/wp-json\/wp\/v2\/pages\/14479","targetHints":{"allow":["GET"]}}],"collection":[{"href":"https:\/\/redfoxlotto.com\/sv\/wp-json\/wp\/v2\/pages"}],"about":[{"href":"https:\/\/redfoxlotto.com\/sv\/wp-json\/wp\/v2\/types\/page"}],"author":[{"embeddable":true,"href":"https:\/\/redfoxlotto.com\/sv\/wp-json\/wp\/v2\/users\/1"}],"replies":[{"embeddable":true,"href":"https:\/\/redfoxlotto.com\/sv\/wp-json\/wp\/v2\/comments?post=14479"}],"version-history":[{"count":0,"href":"https:\/\/redfoxlotto.com\/sv\/wp-json\/wp\/v2\/pages\/14479\/revisions"}],"up":[{"embeddable":true,"href":"https:\/\/redfoxlotto.com\/sv\/wp-json\/wp\/v2\/pages\/5094"}],"wp:attachment":[{"href":"https:\/\/redfoxlotto.com\/sv\/wp-json\/wp\/v2\/media?parent=14479"}],"curies":[{"name":"wp","href":"https:\/\/api.w.org\/{rel}","templated":true}]}}