{"id":14442,"date":"2020-08-18T09:13:31","date_gmt":"2020-08-18T09:13:31","guid":{"rendered":"https:\/\/redfoxlotto.com\/?page_id=14442"},"modified":"2023-05-24T17:53:11","modified_gmt":"2023-05-24T17:53:11","slug":"lotto-at","status":"publish","type":"page","link":"https:\/\/redfoxlotto.com\/sv\/lotteri\/lotto-at\/","title":{"rendered":"Om den \u00f6sterrikiska Lotto"},"content":{"rendered":"<p><img loading=\"lazy\" decoding=\"async\" class=\" wp-image alignright\" src=\"https:\/\/content.redfoxlotto.com\/uploads\/sites\/9\/1_buy_lotto_to_win.jpg\" alt=\"Lotto \u00d6sterrike biljetter online\" width=\"238\" height=\"151\" \/><\/p>\n<p>N\u00e4r det \u00e4r dags att k\u00f6pa biljetter till Austrian Lotto online m\u00e5ste du veta hur man ska g\u00f6ra det r\u00e4tt? Men f\u00f6rst vill du veta varf\u00f6r du kommer att bry dig. Det \u00e4r faktiskt en enkel fr\u00e5ga att svara p\u00e5 eftersom det h\u00e4r spelet definitivt \u00e4r kul.<\/p><!--more--><p>Du f\u00e5r v\u00e4lja 6 nummer som du m\u00e5ste matcha f\u00f6r att f\u00e5 jackpotten. Men du kan vinna n\u00e5got om du matchar minst tv\u00e5 nummer p\u00e5 ritningen. Att matcha \u00e4nnu fler nummer ger dig ett \u00e4nnu h\u00f6gre pris, med b\u00e4ttre priser tillg\u00e4ngliga vid de h\u00f6gsta matcherna.<\/p><h2 class=\"wp-block-heading\">Hur man k\u00f6per biljetter till Austrian Lotto Online<\/h2><p>Om du \u00e4r redo att k\u00f6pa dina biljetter \u00e4r det f\u00f6rsta du beh\u00f6ver g\u00f6ra att hitta en webbplats d\u00e4r de erbjuds. Lyckligtvis \u00e4r RedFoxLotto.com det b\u00e4sta st\u00e4llet att k\u00f6pa dina biljetter och g\u00f6r det enkelt f\u00f6r dig att snabbt v\u00e4lja ut det du letar efter.<\/p><p>Du f\u00e5r v\u00e4lja dina nummer, eller s\u00e5 kan du v\u00e4lja en enkel pick-biljett d\u00e4r numren kommer att v\u00e4ljas \u00e5t dig. Sedan g\u00f6r du betalningen med din favorit betalningsmetod. Det kommer att bli ett \u00f6gonblick att g\u00f6ra betalningen och bekr\u00e4fta din best\u00e4llning. D\u00e5 v\u00e4ntar du bara p\u00e5 vinnande nummer.<\/p><h2 class=\"wp-block-heading\">Vad \u00e4r de vinnande numren<\/h2><p>N\u00e4r du k\u00f6per biljetter till Austrian Lotto online och dragningen \u00e4r klar kan du kolla in din biljettavdelning s\u00e5 kan du se alla siffror som du har matchat med vinnande nummer och vad du kan ha vunnit.<\/p>","protected":false},"excerpt":{"rendered":"<p>N\u00e4r det \u00e4r dags att k\u00f6pa biljetter till Austrian Lotto online m\u00e5ste du veta hur man ska g\u00f6ra det r\u00e4tt? Men f\u00f6rst vill du veta varf\u00f6r du kommer att bry dig. Det \u00e4r faktiskt en enkel fr\u00e5ga att svara p\u00e5 eftersom det h\u00e4r spelet definitivt \u00e4r kul.<\/p>\n","protected":false},"author":1,"featured_media":0,"parent":5094,"menu_order":16,"comment_status":"closed","ping_status":"closed","template":"","meta":{"_et_pb_use_builder":"","_et_pb_old_content":"","_et_gb_content_width":"","exclude_from_search":false,"footnotes":""},"class_list":["post-14442","page","type-page","status-publish","hentry"],"yoast_head":"<!-- This site is optimized with the Yoast SEO plugin v27.4 - https:\/\/yoast.com\/product\/yoast-seo-wordpress\/ -->\n<title>F\u00e5 din biljett till den \u00f6sterrikiska Lotto online<\/title>\n<meta name=\"description\" content=\"Har du n\u00e5gonsin h\u00f6rt talas om Lotto \u00d6sterrike? Du kan f\u00e5 biljetter online h\u00e4r!\" \/>\n<meta name=\"robots\" content=\"index, follow, max-snippet:-1, max-image-preview:large, max-video-preview:-1\" \/>\n<link rel=\"canonical\" href=\"https:\/\/redfoxlotto.com\/sv\/lotteri\/lotto-at\/\" \/>\n<meta property=\"og:locale\" content=\"sv_SE\" \/>\n<meta property=\"og:type\" content=\"article\" \/>\n<meta property=\"og:title\" content=\"F\u00e5 din biljett till den \u00f6sterrikiska Lotto online\" \/>\n<meta property=\"og:description\" content=\"Har du n\u00e5gonsin h\u00f6rt talas om Lotto \u00d6sterrike? Du kan f\u00e5 biljetter online h\u00e4r!\" \/>\n<meta property=\"og:url\" content=\"https:\/\/redfoxlotto.com\/sv\/lotteri\/lotto-at\/\" \/>\n<meta property=\"og:site_name\" content=\"Get Tickets for the World\u2019s largest jackpots\" \/>\n<meta property=\"article:modified_time\" content=\"2023-05-24T17:53:11+00:00\" \/>\n<meta property=\"og:image\" content=\"https:\/\/content.redfoxlotto.com\/uploads\/sites\/9\/1_buy_lotto_to_win.jpg\" \/>\n<meta name=\"twitter:card\" content=\"summary_large_image\" \/>\n<meta name=\"twitter:label1\" content=\"Ber\u00e4knad l\u00e4stid\" \/>\n\t<meta name=\"twitter:data1\" content=\"2 minuter\" \/>\n<script type=\"application\/ld+json\" class=\"yoast-schema-graph\">{\"@context\":\"https:\\\/\\\/schema.org\",\"@graph\":[{\"@type\":\"WebPage\",\"@id\":\"https:\\\/\\\/redfoxlotto.com\\\/sv\\\/lotteri\\\/lotto-at\\\/\",\"url\":\"https:\\\/\\\/redfoxlotto.com\\\/sv\\\/lotteri\\\/lotto-at\\\/\",\"name\":\"F\u00e5 din biljett till den \u00f6sterrikiska Lotto online\",\"isPartOf\":{\"@id\":\"https:\\\/\\\/redfoxlotto.com\\\/sv\\\/#website\"},\"primaryImageOfPage\":{\"@id\":\"https:\\\/\\\/redfoxlotto.com\\\/sv\\\/lotteri\\\/lotto-at\\\/#primaryimage\"},\"image\":{\"@id\":\"https:\\\/\\\/redfoxlotto.com\\\/sv\\\/lotteri\\\/lotto-at\\\/#primaryimage\"},\"thumbnailUrl\":\"https:\\\/\\\/content.redfoxlotto.com\\\/uploads\\\/sites\\\/9\\\/1_buy_lotto_to_win.jpg\",\"datePublished\":\"2020-08-18T09:13:31+00:00\",\"dateModified\":\"2023-05-24T17:53:11+00:00\",\"description\":\"Har du n\u00e5gonsin h\u00f6rt talas om Lotto \u00d6sterrike? Du kan f\u00e5 biljetter online h\u00e4r!\",\"breadcrumb\":{\"@id\":\"https:\\\/\\\/redfoxlotto.com\\\/sv\\\/lotteri\\\/lotto-at\\\/#breadcrumb\"},\"inLanguage\":\"sv-SE\",\"potentialAction\":[{\"@type\":\"ReadAction\",\"target\":[\"https:\\\/\\\/redfoxlotto.com\\\/sv\\\/lotteri\\\/lotto-at\\\/\"]}]},{\"@type\":\"ImageObject\",\"inLanguage\":\"sv-SE\",\"@id\":\"https:\\\/\\\/redfoxlotto.com\\\/sv\\\/lotteri\\\/lotto-at\\\/#primaryimage\",\"url\":\"https:\\\/\\\/content.redfoxlotto.com\\\/uploads\\\/sites\\\/9\\\/1_buy_lotto_to_win.jpg\",\"contentUrl\":\"https:\\\/\\\/content.redfoxlotto.com\\\/uploads\\\/sites\\\/9\\\/1_buy_lotto_to_win.jpg\"},{\"@type\":\"BreadcrumbList\",\"@id\":\"https:\\\/\\\/redfoxlotto.com\\\/sv\\\/lotteri\\\/lotto-at\\\/#breadcrumb\",\"itemListElement\":[{\"@type\":\"ListItem\",\"position\":1,\"name\":\"Home\",\"item\":\"https:\\\/\\\/redfoxlotto.com\\\/sv\\\/\"},{\"@type\":\"ListItem\",\"position\":2,\"name\":\"Hur man k\u00f6per lotter online &#8211; k\u00f6pprocessen\",\"item\":\"https:\\\/\\\/redfoxlotto.com\\\/sv\\\/lotteri\\\/\"},{\"@type\":\"ListItem\",\"position\":3,\"name\":\"Om den \u00f6sterrikiska Lotto\"}]},{\"@type\":\"WebSite\",\"@id\":\"https:\\\/\\\/redfoxlotto.com\\\/sv\\\/#website\",\"url\":\"https:\\\/\\\/redfoxlotto.com\\\/sv\\\/\",\"name\":\"Get Tickets for the World\u2019s largest jackpots\",\"description\":\"Participate in worldwide lottery jackpots from any country\",\"publisher\":{\"@id\":\"https:\\\/\\\/redfoxlotto.com\\\/sv\\\/#organization\"},\"potentialAction\":[{\"@type\":\"SearchAction\",\"target\":{\"@type\":\"EntryPoint\",\"urlTemplate\":\"https:\\\/\\\/redfoxlotto.com\\\/sv\\\/?s={search_term_string}\"},\"query-input\":{\"@type\":\"PropertyValueSpecification\",\"valueRequired\":true,\"valueName\":\"search_term_string\"}}],\"inLanguage\":\"sv-SE\"},{\"@type\":\"Organization\",\"@id\":\"https:\\\/\\\/redfoxlotto.com\\\/sv\\\/#organization\",\"name\":\"Get Tickets for the World\u2019s largest jackpots\",\"url\":\"https:\\\/\\\/redfoxlotto.com\\\/sv\\\/\",\"logo\":{\"@type\":\"ImageObject\",\"inLanguage\":\"sv-SE\",\"@id\":\"https:\\\/\\\/redfoxlotto.com\\\/sv\\\/#\\\/schema\\\/logo\\\/image\\\/\",\"url\":\"https:\\\/\\\/redfoxlotto.com\\\/wp-content\\\/uploads\\\/2023\\\/04\\\/logo.png\",\"contentUrl\":\"https:\\\/\\\/redfoxlotto.com\\\/wp-content\\\/uploads\\\/2023\\\/04\\\/logo.png\",\"width\":269,\"height\":53,\"caption\":\"Get Tickets for the World\u2019s largest jackpots\"},\"image\":{\"@id\":\"https:\\\/\\\/redfoxlotto.com\\\/sv\\\/#\\\/schema\\\/logo\\\/image\\\/\"}}]}<\/script>\n<!-- \/ Yoast SEO plugin. -->","yoast_head_json":{"title":"F\u00e5 din biljett till den \u00f6sterrikiska Lotto online","description":"Har du n\u00e5gonsin h\u00f6rt talas om Lotto \u00d6sterrike? Du kan f\u00e5 biljetter online h\u00e4r!","robots":{"index":"index","follow":"follow","max-snippet":"max-snippet:-1","max-image-preview":"max-image-preview:large","max-video-preview":"max-video-preview:-1"},"canonical":"https:\/\/redfoxlotto.com\/sv\/lotteri\/lotto-at\/","og_locale":"sv_SE","og_type":"article","og_title":"F\u00e5 din biljett till den \u00f6sterrikiska Lotto online","og_description":"Har du n\u00e5gonsin h\u00f6rt talas om Lotto \u00d6sterrike? Du kan f\u00e5 biljetter online h\u00e4r!","og_url":"https:\/\/redfoxlotto.com\/sv\/lotteri\/lotto-at\/","og_site_name":"Get Tickets for the World\u2019s largest jackpots","article_modified_time":"2023-05-24T17:53:11+00:00","og_image":[{"url":"https:\/\/content.redfoxlotto.com\/uploads\/sites\/9\/1_buy_lotto_to_win.jpg","type":"","width":"","height":""}],"twitter_card":"summary_large_image","twitter_misc":{"Ber\u00e4knad l\u00e4stid":"2 minuter"},"schema":{"@context":"https:\/\/schema.org","@graph":[{"@type":"WebPage","@id":"https:\/\/redfoxlotto.com\/sv\/lotteri\/lotto-at\/","url":"https:\/\/redfoxlotto.com\/sv\/lotteri\/lotto-at\/","name":"F\u00e5 din biljett till den \u00f6sterrikiska Lotto online","isPartOf":{"@id":"https:\/\/redfoxlotto.com\/sv\/#website"},"primaryImageOfPage":{"@id":"https:\/\/redfoxlotto.com\/sv\/lotteri\/lotto-at\/#primaryimage"},"image":{"@id":"https:\/\/redfoxlotto.com\/sv\/lotteri\/lotto-at\/#primaryimage"},"thumbnailUrl":"https:\/\/content.redfoxlotto.com\/uploads\/sites\/9\/1_buy_lotto_to_win.jpg","datePublished":"2020-08-18T09:13:31+00:00","dateModified":"2023-05-24T17:53:11+00:00","description":"Har du n\u00e5gonsin h\u00f6rt talas om Lotto \u00d6sterrike? Du kan f\u00e5 biljetter online h\u00e4r!","breadcrumb":{"@id":"https:\/\/redfoxlotto.com\/sv\/lotteri\/lotto-at\/#breadcrumb"},"inLanguage":"sv-SE","potentialAction":[{"@type":"ReadAction","target":["https:\/\/redfoxlotto.com\/sv\/lotteri\/lotto-at\/"]}]},{"@type":"ImageObject","inLanguage":"sv-SE","@id":"https:\/\/redfoxlotto.com\/sv\/lotteri\/lotto-at\/#primaryimage","url":"https:\/\/content.redfoxlotto.com\/uploads\/sites\/9\/1_buy_lotto_to_win.jpg","contentUrl":"https:\/\/content.redfoxlotto.com\/uploads\/sites\/9\/1_buy_lotto_to_win.jpg"},{"@type":"BreadcrumbList","@id":"https:\/\/redfoxlotto.com\/sv\/lotteri\/lotto-at\/#breadcrumb","itemListElement":[{"@type":"ListItem","position":1,"name":"Home","item":"https:\/\/redfoxlotto.com\/sv\/"},{"@type":"ListItem","position":2,"name":"Hur man k\u00f6per lotter online &#8211; k\u00f6pprocessen","item":"https:\/\/redfoxlotto.com\/sv\/lotteri\/"},{"@type":"ListItem","position":3,"name":"Om den \u00f6sterrikiska Lotto"}]},{"@type":"WebSite","@id":"https:\/\/redfoxlotto.com\/sv\/#website","url":"https:\/\/redfoxlotto.com\/sv\/","name":"Get Tickets for the World\u2019s largest jackpots","description":"Participate in worldwide lottery jackpots from any country","publisher":{"@id":"https:\/\/redfoxlotto.com\/sv\/#organization"},"potentialAction":[{"@type":"SearchAction","target":{"@type":"EntryPoint","urlTemplate":"https:\/\/redfoxlotto.com\/sv\/?s={search_term_string}"},"query-input":{"@type":"PropertyValueSpecification","valueRequired":true,"valueName":"search_term_string"}}],"inLanguage":"sv-SE"},{"@type":"Organization","@id":"https:\/\/redfoxlotto.com\/sv\/#organization","name":"Get Tickets for the World\u2019s largest jackpots","url":"https:\/\/redfoxlotto.com\/sv\/","logo":{"@type":"ImageObject","inLanguage":"sv-SE","@id":"https:\/\/redfoxlotto.com\/sv\/#\/schema\/logo\/image\/","url":"https:\/\/redfoxlotto.com\/wp-content\/uploads\/2023\/04\/logo.png","contentUrl":"https:\/\/redfoxlotto.com\/wp-content\/uploads\/2023\/04\/logo.png","width":269,"height":53,"caption":"Get Tickets for the World\u2019s largest jackpots"},"image":{"@id":"https:\/\/redfoxlotto.com\/sv\/#\/schema\/logo\/image\/"}}]}},"_links":{"self":[{"href":"https:\/\/redfoxlotto.com\/sv\/wp-json\/wp\/v2\/pages\/14442","targetHints":{"allow":["GET"]}}],"collection":[{"href":"https:\/\/redfoxlotto.com\/sv\/wp-json\/wp\/v2\/pages"}],"about":[{"href":"https:\/\/redfoxlotto.com\/sv\/wp-json\/wp\/v2\/types\/page"}],"author":[{"embeddable":true,"href":"https:\/\/redfoxlotto.com\/sv\/wp-json\/wp\/v2\/users\/1"}],"replies":[{"embeddable":true,"href":"https:\/\/redfoxlotto.com\/sv\/wp-json\/wp\/v2\/comments?post=14442"}],"version-history":[{"count":0,"href":"https:\/\/redfoxlotto.com\/sv\/wp-json\/wp\/v2\/pages\/14442\/revisions"}],"up":[{"embeddable":true,"href":"https:\/\/redfoxlotto.com\/sv\/wp-json\/wp\/v2\/pages\/5094"}],"wp:attachment":[{"href":"https:\/\/redfoxlotto.com\/sv\/wp-json\/wp\/v2\/media?parent=14442"}],"curies":[{"name":"wp","href":"https:\/\/api.w.org\/{rel}","templated":true}]}}